{"id":41508,"date":"2021-06-20T19:06:00","date_gmt":"2021-06-20T17:06:00","guid":{"rendered":"http:\/\/topa.be\/welkom\/"},"modified":"2025-03-12T14:43:17","modified_gmt":"2025-03-12T13:43:17","slug":"welkom","status":"publish","type":"page","link":"https:\/\/topa.be\/sv\/welkom\/","title":{"rendered":"V\u00c4LKOMMEN !"},"content":{"rendered":"\t\t<div data-elementor-type=\"wp-page\" data-elementor-id=\"41508\" class=\"elementor elementor-41508 elementor-36700\" data-elementor-post-type=\"page\">\n\t\t\t\t\t\t<section class=\"elementor-section elementor-top-section elementor-element elementor-element-65b950e elementor-section-boxed elementor-section-height-default elementor-section-height-default\" data-id=\"65b950e\" data-element_type=\"section\" data-e-type=\"section\">\n\t\t\t\t\t\t<div class=\"elementor-container elementor-column-gap-default\">\n\t\t\t\t\t<div class=\"elementor-column elementor-col-100 elementor-top-column elementor-element elementor-element-b350f80\" data-id=\"b350f80\" data-element_type=\"column\" data-e-type=\"column\">\n\t\t\t<div class=\"elementor-widget-wrap elementor-element-populated\">\n\t\t\t\t\t\t<div class=\"elementor-element elementor-element-97c1968 elementor-widget elementor-widget-heading\" data-id=\"97c1968\" data-element_type=\"widget\" data-e-type=\"widget\" data-widget_type=\"heading.default\">\n\t\t\t\t<div class=\"elementor-widget-container\">\n\t\t\t\t\t<h1 class=\"elementor-heading-title elementor-size-default\">V\u00c4LKOMMEN!<\/h1>\t\t\t\t<\/div>\n\t\t\t\t<\/div>\n\t\t\t\t\t<\/div>\n\t\t<\/div>\n\t\t\t\t\t<\/div>\n\t\t<\/section>\n\t\t\t\t<section class=\"elementor-section elementor-top-section elementor-element elementor-element-6c77aa9 elementor-section-boxed elementor-section-height-default elementor-section-height-default\" data-id=\"6c77aa9\" data-element_type=\"section\" data-e-type=\"section\">\n\t\t\t\t\t\t<div class=\"elementor-container elementor-column-gap-default\">\n\t\t\t\t\t<div class=\"elementor-column elementor-col-66 elementor-top-column elementor-element elementor-element-6b81432\" data-id=\"6b81432\" data-element_type=\"column\" data-e-type=\"column\">\n\t\t\t<div class=\"elementor-widget-wrap elementor-element-populated\">\n\t\t\t\t\t\t<div class=\"elementor-element elementor-element-4bd0947 elementor-widget elementor-widget-image\" data-id=\"4bd0947\" data-element_type=\"widget\" data-e-type=\"widget\" data-widget_type=\"image.default\">\n\t\t\t\t<div class=\"elementor-widget-container\">\n\t\t\t\t\t\t\t\t\t\t\t\t<figure class=\"wp-caption\">\n\t\t\t\t\t\t\t\t\t\t<img fetchpriority=\"high\" decoding=\"async\" width=\"800\" height=\"240\" src=\"https:\/\/topa.be\/wp-content\/uploads\/Rede-Antwerpen-in-Oostenrijkse-tijd-1.jpg\" class=\"attachment-large size-large wp-image-27732\" alt=\"\" srcset=\"https:\/\/topa.be\/wp-content\/uploads\/Rede-Antwerpen-in-Oostenrijkse-tijd-1.jpg 832w, https:\/\/topa.be\/wp-content\/uploads\/Rede-Antwerpen-in-Oostenrijkse-tijd-1-300x90.jpg 300w, https:\/\/topa.be\/wp-content\/uploads\/Rede-Antwerpen-in-Oostenrijkse-tijd-1-200x60.jpg 200w, https:\/\/topa.be\/wp-content\/uploads\/Rede-Antwerpen-in-Oostenrijkse-tijd-1-768x231.jpg 768w\" sizes=\"(max-width: 800px) 100vw, 800px\" \/>\t\t\t\t\t\t\t\t\t\t\t<figcaption class=\"widget-image-caption wp-caption-text\">Hamnen i Antwerpen under \u00f6sterrikisk tid<\/figcaption>\n\t\t\t\t\t\t\t\t\t\t<\/figure>\n\t\t\t\t\t\t\t\t\t<\/div>\n\t\t\t\t<\/div>\n\t\t\t\t<div class=\"elementor-element elementor-element-f4b01e9 elementor-widget elementor-widget-text-editor\" data-id=\"f4b01e9\" data-element_type=\"widget\" data-e-type=\"widget\" data-widget_type=\"text-editor.default\">\n\t\t\t\t<div class=\"elementor-widget-container\">\n\t\t\t\t\t\t\t\t\t<p style=\"text-align: justify;\"><strong>K\u00e4ra bes\u00f6kare<\/strong>, v\u00e4lkommen till Antwerpen och till en av de m\u00e5nga vackra kyrkorna i v\u00e5r stad. Du kommer att bli f\u00f6rv\u00e5nad \u00f6ver dess h\u00e4ndelserika historia och s\u00e5 mycket underbar kreativitet. De talrika kyrktornen inbjuder dig p\u00e5 avst\u00e5nd f\u00f6r att komma och njuta av frid och tidl\u00f6s sk\u00f6nhet. H\u00e4r hittar du all information du beh\u00f6ver f\u00f6r ditt turistbes\u00f6k:<\/p>\n<p style=\"text-align: justify;\">Och du, <strong>k\u00e4ra bes\u00f6kare fr\u00e5n Sverige<\/strong>, ska k\u00e4nna sig hemma i v\u00e5r stad f\u00f6r att du kommer bli f\u00f6rv\u00e5nad \u00f6ver hur \u2019svenska \u2019Antwerpen \u00e4r. V\u00e5r stad \u00e4r faktiskt ocks\u00e5 din stad. Du hittar allt om v\u00e5ra \u00f6msesidiga relationer i <strong>g\u00e4stb\u00f6ckerna <a href=\"https:\/\/topa.be\/sv\/startpagina\/beste-buren\/\"><em>K\u00e4ra v\u00e4nner fr\u00e5n Sverige, v\u00e4lkomna till Antwerpen !<\/em><\/a><\/strong><\/p>\n\t\t\t\t\t\t\t\t<\/div>\n\t\t\t\t<\/div>\n\t\t\t\t<div class=\"elementor-element elementor-element-19d716a elementor-widget elementor-widget-text-editor\" data-id=\"19d716a\" data-element_type=\"widget\" data-e-type=\"widget\" data-widget_type=\"text-editor.default\">\n\t\t\t\t<div class=\"elementor-widget-container\">\n\t\t\t\t\t\t\t\t\t<div class=\"wpb_text_column wpb_content_element \">\n<div class=\"wpb_wrapper\">\n<h3 style=\"text-align: justify;\"><strong>Vad \u00e4r du ute efter? <em>\u00a0(l\u00e4nkar \u00e4r till sidor p\u00e5 engelska)<\/em><\/strong><\/h3>\n<\/div>\n<\/div>\n<div class=\"wpb_text_column wpb_content_element \" style=\"text-align: justify;\">\n<div class=\"wpb_wrapper\">\n<ul>\n<li>Vill du l\u00e4tt ta reda p\u00e5 vilka kyrkor du kan bes\u00f6ka? Var hittar man dem? N\u00e4r du kan bes\u00f6ka dem? G\u00e5 till <a href=\"https:\/\/topa.be\/sv\/praktisch-2\/\"><strong>praktisk information<\/strong><\/a>.<\/li>\n<\/ul>\n<p>&nbsp;<\/p>\n<\/div>\n<\/div>\n<div class=\"wpb_text_column wpb_content_element \" style=\"text-align: justify;\">\n<div class=\"wpb_wrapper\">\n<ul>\n<li>Kom och ta en titt och l\u00e5t v\u00e5ra hj\u00e4rtliga guider leda dig runt. De hj\u00e4lper dig g\u00e4rna att avsl\u00f6ja de ok\u00e4nda historierna och den dolda symboliken. Det finns flera m\u00f6jligheter.\n<ul>\n<li><strong>Vill du ha en <\/strong><a href=\"https:\/\/topa.be\/sv\/individueel\/\"><strong>individuell rundtur<\/strong><\/a> i en av de fem turistkyrkorna? <em>(Dessa \u00e4r kostnadsfria och utan f\u00f6rhandsregistrering. Konsultera ocks\u00e5 kyrkans valvas p\u00e5 plats eller fr\u00e5ga vid disken).<\/em><\/li>\n<li><strong>Vill du ha en <\/strong><strong><a href=\"https:\/\/topa.be\/sv\/groepen\/\">grupptur<\/a><\/strong> i de fem turistkyrkorna? <em>(Dessa \u00e4r naturligtvis avgiftspliktiga)<\/em><\/li>\n<\/ul>\n<\/li>\n<\/ul>\n<p>&nbsp;<\/p>\n<\/div>\n<\/div>\n<div class=\"wpb_text_column wpb_content_element \">\n<div class=\"wpb_wrapper\">\n<ul>\n<li style=\"text-align: justify;\">Vill du delta i en <a href=\"https:\/\/topa.be\/sv\/erediensten\/\"><strong>gudstj\u00e4nst<\/strong><\/a>? G\u00f6r sedan ditt val h\u00e4r f\u00f6r din egen f\u00f6rsamling gemenskap: romersk-katolska, ortodoxa, anglikanska, protestantiska (s\u00e5 l\u00e5ngt som anslutna till ekumeniska Antwerpen kyrkor\u00e5det kyrkor). Du hittar ocks\u00e5 fr\u00e4mmande spr\u00e5k gudstj\u00e4nster h\u00e4r.<\/li>\n<\/ul>\n<\/div>\n<\/div>\n\t\t\t\t\t\t\t\t<\/div>\n\t\t\t\t<\/div>\n\t\t\t\t<div class=\"elementor-element elementor-element-f8f61a3 elementor-widget elementor-widget-text-editor\" data-id=\"f8f61a3\" data-element_type=\"widget\" data-e-type=\"widget\" data-widget_type=\"text-editor.default\">\n\t\t\t\t<div class=\"elementor-widget-container\">\n\t\t\t\t\t\t\t\t\t<div class=\"wpb_text_column wpb_content_element \">\n<div class=\"wpb_wrapper\">\n<h3 style=\"text-align: justify;\"><strong>P\u00e5 denna webbplats kan du redan l\u00e4ra k\u00e4nna kyrkorna i stor utstr\u00e4ckning.<\/strong> <strong><em>(l\u00e4nkar \u00e4r till sidor p\u00e5 engelska)<\/em><\/strong><\/h3>\n<\/div>\n<\/div>\n<div class=\"wpb_text_column wpb_content_element \" style=\"text-align: justify;\">\n<div class=\"wpb_wrapper\">\n<ul>\n<li>Vill du bekanta dig med den visuella konsten p\u00e5 inte mindre \u00e4n ca. 30 <strong><a href=\"https:\/\/topa.be\/sv\/monumentale-kerken\/\">monumentala kyrkor i Greater Antwerpen<\/a><\/strong> med de fem turistattraktionerna h\u00f6gst upp:\n<ul>\n<li><a href=\"http:\/\/topa.be\/en\/olv-kathedraal\/\"><strong>V\u00e5r Frus katedral<\/strong><\/a><\/li>\n<li><a href=\"http:\/\/topa.be\/en\/st-andries\/\"><strong>Sankt Andreas kyrka<\/strong><\/a><\/li>\n<li><a href=\"http:\/\/topa.be\/en\/sint-carolus-borromeus\/\"><strong>Sankt Carolus Borromeos kyrka<\/strong><\/a><\/li>\n<li><a href=\"http:\/\/topa.be\/en\/sint-jacob\/\"><strong>Sankt James\u2019 kyrka<\/strong><\/a><\/li>\n<li><a href=\"http:\/\/topa.be\/en\/sint-pauluskerk\/\"><strong>Sankt Paulus kyrka<\/strong><\/a><\/li>\n<\/ul>\n<\/li>\n<\/ul>\n<p>&nbsp;<\/p>\n<\/div>\n<\/div>\n<div class=\"wpb_text_column wpb_content_element \" style=\"text-align: justify;\">\n<div class=\"wpb_wrapper\">\n<ul>\n<li>P\u00e5 denna webbplats hittar du b\u00e5de en kort introduktion eller en detaljerad beskrivning, samt kulturell och vetenskaplig information. G\u00f6r ditt eget val:\n<ul>\n<li><strong>Vill du g\u00f6ra en kort bekantskap? En smakmakare <\/strong>hj\u00e4lper dig att komma ig\u00e5ng. F\u00f6r de fem turistkyrkorna finns dessa beskrivningar p\u00e5 flera spr\u00e5k. <em>Se TOPA:s webbplats p\u00e5 det aktuella spr\u00e5ket.<\/em><\/li>\n<li><strong>V\u00e4ljer du att njuta mer intensivt av konstskatterna i v\u00e5ra kyrkor? <\/strong>D\u00e5 kommer du s\u00e4kert att hitta det du s\u00f6ker i den detaljerade <strong>beskrivningen.<\/strong>\u00a0 Du kommer att bli f\u00f6rv\u00e5nad \u00f6ver det ber\u00e4ttande bildspr\u00e5ket och den dolda symboliken, men ocks\u00e5 av deras h\u00e4ndelserika historia och hur konstverket sammanv\u00e4vs med det samtida sociokulturella livet.<\/li>\n<li>Den tredje niv\u00e5n \u00e4r det dynamiska <strong>vetenskapliga forumet<\/strong>, d\u00e4r experter kanhitta fotnoter och de viktigaste punkterna f\u00f6r diskussion per konstverk. <em>(fortfarande under utveckling)<\/em>.<\/li>\n<\/ul>\n<\/li>\n<\/ul>\n<p>&nbsp;<\/p>\n<\/div>\n<\/div>\n<div class=\"wpb_text_column wpb_content_element \" style=\"text-align: justify;\">\n<div class=\"wpb_wrapper\">\n<ul>\n<li>\u00c4r l\u00e4sning kartor bekv\u00e4mare f\u00f6r dig? Detta \u00e4r ocks\u00e5 m\u00f6jligt via denna <a href=\"https:\/\/www.google.com\/maps\/d\/edit?mid=1iZG2PyUpfgUaDqLc-C_n5kGoHu2os6Ku&amp;usp=sharing\"><strong>interaktiva karta<\/strong><\/a> \u00f6ver de monumentala kyrkorna i stiftet i Antwerpen.<\/li>\n<\/ul>\n<\/div>\n<\/div>\n<div class=\"wpb_text_column wpb_content_element \">\n<div class=\"wpb_wrapper\">\n<ul>\n<li style=\"text-align: justify;\">\u00c4r du p\u00e5 v\u00e4g ut i <strong>provinsen Antwerpen<\/strong>? Talrika kyrkor som \u00e4r sev\u00e4rda, lokaliseras i Kempenen p\u00e5 din rutt. Konsultera kyrkornas egna hemsidor och den av TOPA: <a href=\"https:\/\/www.topa-kempen.be\/\"><strong>\u00a0www.topa-kempen.be<\/strong><\/a><strong>.<\/strong><\/li>\n<\/ul>\n<\/div>\n<\/div>\n\t\t\t\t\t\t\t\t<\/div>\n\t\t\t\t<\/div>\n\t\t\t\t<div class=\"elementor-element elementor-element-c8dbdcf elementor-widget elementor-widget-text-editor\" data-id=\"c8dbdcf\" data-element_type=\"widget\" data-e-type=\"widget\" data-widget_type=\"text-editor.default\">\n\t\t\t\t<div class=\"elementor-widget-container\">\n\t\t\t\t\t\t\t\t\t<div class=\"wpb_text_column wpb_content_element \">\n<div class=\"wpb_wrapper\">\n<h3 style=\"text-align: justify;\"><strong>Och vad uppt\u00e4cker du i v\u00e5r stad, g\u00e5 fr\u00e5n kyrka till kyrka? <em>\u00a0(l\u00e4nkar \u00e4r till sidor p\u00e5 engelska)<\/em><\/strong><\/h3>\n<\/div>\n<\/div>\n<div class=\"wpb_text_column wpb_content_element \" style=\"text-align: justify;\">\n<div class=\"wpb_wrapper\">\n<ul>\n<li>Inte bara inne i kyrkorna, men ocks\u00e5 utanf\u00f6r p\u00e5 gatan, \u00e4r den \u201dgoda nyheten\u201d portr\u00e4tteras. Dessa <a href=\"https:\/\/topa.be\/sv\/gevelbeelden\/\"><strong>religi\u00f6sa gatuscener<\/strong><\/a> \u00e4r mycket typiska f\u00f6r Antwerpen, s\u00e4rskilt de graci\u00f6sa Marian statyerna h\u00e4lsning dig vid gath\u00f6rnen.<\/li>\n<\/ul>\n<\/div>\n<p>&nbsp;<\/p>\n<\/div>\n<div class=\"wpb_text_column wpb_content_element \" style=\"text-align: justify;\">\n<div class=\"wpb_wrapper\">\n<ul>\n<li><strong>V\u00e5ra temapromenader <\/strong>hj\u00e4lper dig att uppt\u00e4cka staden och dess kyrkor b\u00e4ttre. Du kommer att inspireras av det \u00e5rliga temat f\u00f6r<strong><a href=\"https:\/\/topa.be\/sv\/nacht-van-de-kerken\/\"> Kyrkornas Natt<\/a>.<\/strong><\/li>\n<\/ul>\n<\/div>\n<p>&nbsp;<\/p>\n<\/div>\n<div class=\"wpb_text_column wpb_content_element \" style=\"text-align: justify;\">\n<div class=\"wpb_wrapper\">\n<ul>\n<li>Om du vill uppleva konsten av s\u00e5 mycket sk\u00f6nhet tyst och intensivt, kan du lita p\u00e5 <a href=\"https:\/\/topa.be\/sv\/publicaties-2\/\"><strong>v\u00e5ra publikationer<\/strong><\/a> <em>(vanligtvis finns i n\u00e5gon turist kyrka)<\/em>.\n<ul>\n<li>F\u00f6r att f\u00f6rbereda ditt bes\u00f6k grundligt eller f\u00f6r att njuta av det under en l\u00e4ngre tid, f\u00f6rdjupa dig i en av <strong>konstb\u00f6ckerna<\/strong> p\u00e5 var och en av de fem turistkyrkorna.<\/li>\n<li>En <strong>rad internationella g\u00e4stb\u00f6cker belyser var och<\/strong> en de m\u00e5nga relationerna mellan ett visst land och Antwerpen. Det finns ocks\u00e5 <a href=\"https:\/\/topa.be\/sv\/startpagina\/beste-buren\/\"><strong><em>K\u00e4ra v\u00e4nner fr\u00e5n Sverige, v\u00e4lkomna till Antwerpen !<\/em><\/strong><\/a><\/li>\n<\/ul>\n<\/li>\n<\/ul>\n<\/div>\n<\/div>\n<div class=\"wpb_text_column wpb_content_element \" style=\"text-align: justify;\">\n<div class=\"wpb_wrapper\">\n<ul>\n<li>Vidare kan du h\u00e5lla dig uppdaterad om de <a href=\"https:\/\/topa.be\/sv\/tentoonstelling\/\"><strong>utst\u00e4llningar som<\/strong><\/a> TOPA sj\u00e4lv organiserar, st\u00f6djer eller bidrar till.<\/li>\n<\/ul>\n<p>&nbsp;<\/p>\n<\/div>\n<\/div>\n<div class=\"wpb_text_column wpb_content_element \" style=\"text-align: justify;\">\n<div class=\"wpb_wrapper\">\n<ul>\n<li>Skulle du vilja <a href=\"https:\/\/topa.be\/sv\/bezinning\/\"><strong>reflektera p\u00e5 semester och resor<\/strong><\/a>, hittar du en rad texter h\u00e4r som kaninspirera dig. Bland annat finns det en internationell b\u00f6n f\u00f6r turister, eftersom det har rungat i flera \u00e5r under valven i Antwerpens katedral som en viloplats p\u00e5 livets v\u00e4g. <em>(de flesta sidorna p\u00e5 engelska, vissa p\u00e5 danska)<\/em><\/li>\n<\/ul>\n<p>&nbsp;<\/p>\n<\/div>\n<\/div>\n<div class=\"wpb_text_column wpb_content_element \">\n<div class=\"wpb_wrapper\">\n<p style=\"text-align: justify;\">V\u00e5rt uppdrag p\u00e5 <strong>To<\/strong>erisme<strong>P<\/strong>astoraal <strong>A<\/strong>ntwerpen <em>(Turism Pastoral Antwerpen)<\/em> (TOPA vzw) \u00e4r: att tj\u00e4na m\u00e4nniskor i deras resa mot mer sociala, kulturella och andliga djup. Fokuserat p\u00e5 konstturism, \u00e4r v\u00e5rt motto i kyrkorna: \u201d <strong>attg\u00f6ra stenar talar<\/strong>\u201d. Vi delar g\u00e4rna med oss av v\u00e5ra erfarenheter till alla som har som m\u00e5l att g\u00f6ra det. Vill du veta mer om v\u00e5r f\u00f6rening: \u00a0<a href=\"https:\/\/topa.be\/sv\/wie-zijn-we\/\">Vilka \u00e4r vi<\/a>? (p\u00e5 engelska)<\/p>\n<\/div>\n<\/div>\n\t\t\t\t\t\t\t\t<\/div>\n\t\t\t\t<\/div>\n\t\t\t\t\t<\/div>\n\t\t<\/div>\n\t\t\t\t<div class=\"elementor-column elementor-col-33 elementor-top-column elementor-element elementor-element-5993c2b\" data-id=\"5993c2b\" data-element_type=\"column\" data-e-type=\"column\">\n\t\t\t<div class=\"elementor-widget-wrap elementor-element-populated\">\n\t\t\t\t\t\t<div class=\"elementor-element elementor-element-261daa2 elementor-widget elementor-widget-image\" data-id=\"261daa2\" data-element_type=\"widget\" data-e-type=\"widget\" data-widget_type=\"image.default\">\n\t\t\t\t<div class=\"elementor-widget-container\">\n\t\t\t\t\t\t\t\t\t\t\t\t\t\t\t<img decoding=\"async\" width=\"635\" height=\"635\" src=\"https:\/\/topa.be\/wp-content\/uploads\/Tegel-Welkom.png\" class=\"attachment-large size-large wp-image-37013\" alt=\"\" srcset=\"https:\/\/topa.be\/wp-content\/uploads\/Tegel-Welkom.png 635w, https:\/\/topa.be\/wp-content\/uploads\/Tegel-Welkom-300x300.png 300w, https:\/\/topa.be\/wp-content\/uploads\/Tegel-Welkom-200x200.png 200w\" sizes=\"(max-width: 635px) 100vw, 635px\" \/>\t\t\t\t\t\t\t\t\t\t\t\t\t\t\t<\/div>\n\t\t\t\t<\/div>\n\t\t\t\t\t<\/div>\n\t\t<\/div>\n\t\t\t\t\t<\/div>\n\t\t<\/section>\n\t\t\t\t<\/div>\n\t\t","protected":false},"excerpt":{"rendered":"<p>V\u00c4LKOMMEN! Hamnen i Antwerpen under \u00f6sterrikisk tid K\u00e4ra bes\u00f6kare, v\u00e4lkommen till Antwerpen och till en av de m\u00e5nga vackra kyrkorna i v\u00e5r stad. Du kommer att bli f\u00f6rv\u00e5nad \u00f6ver dess h\u00e4ndelserika historia och s\u00e5 mycket underbar kreativitet. De talrika kyrktornen inbjuder dig p\u00e5 avst\u00e5nd f\u00f6r att komma och njuta av frid och tidl\u00f6s sk\u00f6nhet. H\u00e4r [&hellip;]<\/p>\n","protected":false},"author":16,"featured_media":0,"parent":0,"menu_order":10,"comment_status":"closed","ping_status":"closed","template":"","meta":{"footnotes":""},"class_list":["post-41508","page","type-page","status-publish","hentry"],"aioseo_notices":[],"_links":{"self":[{"href":"https:\/\/topa.be\/sv\/wp-json\/wp\/v2\/pages\/41508","targetHints":{"allow":["GET"]}}],"collection":[{"href":"https:\/\/topa.be\/sv\/wp-json\/wp\/v2\/pages"}],"about":[{"href":"https:\/\/topa.be\/sv\/wp-json\/wp\/v2\/types\/page"}],"author":[{"embeddable":true,"href":"https:\/\/topa.be\/sv\/wp-json\/wp\/v2\/users\/16"}],"replies":[{"embeddable":true,"href":"https:\/\/topa.be\/sv\/wp-json\/wp\/v2\/comments?post=41508"}],"version-history":[{"count":3,"href":"https:\/\/topa.be\/sv\/wp-json\/wp\/v2\/pages\/41508\/revisions"}],"predecessor-version":[{"id":71293,"href":"https:\/\/topa.be\/sv\/wp-json\/wp\/v2\/pages\/41508\/revisions\/71293"}],"wp:attachment":[{"href":"https:\/\/topa.be\/sv\/wp-json\/wp\/v2\/media?parent=41508"}],"curies":[{"name":"wp","href":"https:\/\/api.w.org\/{rel}","templated":true}]}}