{"id":46966,"date":"2021-05-25T12:47:13","date_gmt":"2021-05-25T10:47:13","guid":{"rendered":"http:\/\/topa.be\/nacht-van-de-kerken\/"},"modified":"2021-11-11T14:08:09","modified_gmt":"2021-11-11T13:08:09","slug":"nacht-van-de-kerken","status":"publish","type":"page","link":"https:\/\/topa.be\/pt-pt\/nacht-van-de-kerken\/","title":{"rendered":"NOITE DAS IGREJAS"},"content":{"rendered":"\t\t<div data-elementor-type=\"wp-page\" data-elementor-id=\"46966\" class=\"elementor elementor-46966 elementor-11787\" data-elementor-post-type=\"page\">\n\t\t\t\t\t\t<section class=\"elementor-section elementor-top-section elementor-element elementor-element-e0eb6ec elementor-section-boxed elementor-section-height-default elementor-section-height-default\" data-id=\"e0eb6ec\" data-element_type=\"section\" data-e-type=\"section\">\n\t\t\t\t\t\t<div class=\"elementor-container elementor-column-gap-default\">\n\t\t\t\t\t<div class=\"elementor-column elementor-col-100 elementor-top-column elementor-element elementor-element-1462d30\" data-id=\"1462d30\" data-element_type=\"column\" data-e-type=\"column\">\n\t\t\t<div class=\"elementor-widget-wrap elementor-element-populated\">\n\t\t\t\t\t\t<div class=\"elementor-element elementor-element-222b2fa elementor-widget elementor-widget-heading\" data-id=\"222b2fa\" data-element_type=\"widget\" data-e-type=\"widget\" data-widget_type=\"heading.default\">\n\t\t\t\t<div class=\"elementor-widget-container\">\n\t\t\t\t\t<h1 class=\"elementor-heading-title elementor-size-default\">NOITE DAS IGREJAS<\/h1>\t\t\t\t<\/div>\n\t\t\t\t<\/div>\n\t\t\t\t\t<\/div>\n\t\t<\/div>\n\t\t\t\t\t<\/div>\n\t\t<\/section>\n\t\t\t\t<section class=\"elementor-section elementor-top-section elementor-element elementor-element-410310f elementor-section-boxed elementor-section-height-default elementor-section-height-default\" data-id=\"410310f\" data-element_type=\"section\" data-e-type=\"section\">\n\t\t\t\t\t\t<div class=\"elementor-container elementor-column-gap-default\">\n\t\t\t\t\t<div class=\"elementor-column elementor-col-100 elementor-top-column elementor-element elementor-element-940d04e\" data-id=\"940d04e\" data-element_type=\"column\" data-e-type=\"column\">\n\t\t\t<div class=\"elementor-widget-wrap elementor-element-populated\">\n\t\t\t\t\t\t<div class=\"elementor-element elementor-element-9289d28 elementor-widget elementor-widget-image\" data-id=\"9289d28\" data-element_type=\"widget\" data-e-type=\"widget\" data-widget_type=\"image.default\">\n\t\t\t\t<div class=\"elementor-widget-container\">\n\t\t\t\t\t\t\t\t\t\t\t\t\t\t\t\t<a href=\"http:\/\/topa.be\/wp-content\/uploads\/Panorama-Rochus.jpg\" data-elementor-open-lightbox=\"yes\" data-elementor-lightbox-title=\"Panorama-Rochus\" data-e-action-hash=\"#elementor-action%3Aaction%3Dlightbox%26settings%3DeyJpZCI6Mjc3MDUsInVybCI6Imh0dHBzOlwvXC90b3BhLmJlXC93cC1jb250ZW50XC91cGxvYWRzXC9QYW5vcmFtYS1Sb2NodXMuanBnIn0%3D\">\n\t\t\t\t\t\t\t<img fetchpriority=\"high\" decoding=\"async\" width=\"2045\" height=\"301\" src=\"https:\/\/topa.be\/wp-content\/uploads\/Panorama-Rochus.jpg\" class=\"attachment-full size-full wp-image-27705\" alt=\"\" srcset=\"https:\/\/topa.be\/wp-content\/uploads\/Panorama-Rochus.jpg 2045w, https:\/\/topa.be\/wp-content\/uploads\/Panorama-Rochus-300x44.jpg 300w, https:\/\/topa.be\/wp-content\/uploads\/Panorama-Rochus-1024x151.jpg 1024w, https:\/\/topa.be\/wp-content\/uploads\/Panorama-Rochus-200x29.jpg 200w, https:\/\/topa.be\/wp-content\/uploads\/Panorama-Rochus-768x113.jpg 768w, https:\/\/topa.be\/wp-content\/uploads\/Panorama-Rochus-1536x226.jpg 1536w\" sizes=\"(max-width: 2045px) 100vw, 2045px\" \/>\t\t\t\t\t\t\t\t<\/a>\n\t\t\t\t\t\t\t\t\t\t\t\t\t\t\t<\/div>\n\t\t\t\t<\/div>\n\t\t\t\t\t<\/div>\n\t\t<\/div>\n\t\t\t\t\t<\/div>\n\t\t<\/section>\n\t\t\t\t<section class=\"elementor-section elementor-top-section elementor-element elementor-element-df24fdd elementor-section-boxed elementor-section-height-default elementor-section-height-default\" data-id=\"df24fdd\" data-element_type=\"section\" data-e-type=\"section\">\n\t\t\t\t\t\t<div class=\"elementor-container elementor-column-gap-default\">\n\t\t\t\t\t<div class=\"elementor-column elementor-col-100 elementor-top-column elementor-element elementor-element-8c2a72e\" data-id=\"8c2a72e\" data-element_type=\"column\" data-e-type=\"column\">\n\t\t\t<div class=\"elementor-widget-wrap elementor-element-populated\">\n\t\t\t\t\t\t<div class=\"elementor-element elementor-element-9528c98 elementor-widget elementor-widget-text-editor\" data-id=\"9528c98\" data-element_type=\"widget\" data-e-type=\"widget\" data-widget_type=\"text-editor.default\">\n\t\t\t\t<div class=\"elementor-widget-container\">\n\t\t\t\t\t\t\t\t\t<h2 style=\"text-align: center;\">\n<span style=\"color: #3366ff;\">Uma vez por ano, as igrejas de Antu\u00e9rpia<\/span><br \/>\n<span style=\"color: #3366ff;\">abrem as suas portas \u00e0 noite.<\/span><\/h2>\n\t\t\t\t\t\t\t\t<\/div>\n\t\t\t\t<\/div>\n\t\t\t\t\t<\/div>\n\t\t<\/div>\n\t\t\t\t\t<\/div>\n\t\t<\/section>\n\t\t\t\t<section class=\"elementor-section elementor-top-section elementor-element elementor-element-99a11e2 elementor-section-boxed elementor-section-height-default elementor-section-height-default\" data-id=\"99a11e2\" data-element_type=\"section\" data-e-type=\"section\">\n\t\t\t\t\t\t<div class=\"elementor-container elementor-column-gap-default\">\n\t\t\t\t\t<div class=\"elementor-column elementor-col-100 elementor-top-column elementor-element elementor-element-7c001ef\" data-id=\"7c001ef\" data-element_type=\"column\" data-e-type=\"column\">\n\t\t\t<div class=\"elementor-widget-wrap elementor-element-populated\">\n\t\t\t\t\t\t<div class=\"elementor-element elementor-element-8ae018d elementor-widget elementor-widget-text-editor\" data-id=\"8ae018d\" data-element_type=\"widget\" data-e-type=\"widget\" data-widget_type=\"text-editor.default\">\n\t\t\t\t<div class=\"elementor-widget-container\">\n\t\t\t\t\t\t\t\t\t<h3 style=\"text-align: justify;\">Uma vis\u00e3o geral do que est\u00e1 para vir&#8230; e do que tem estado <a href=\"https:\/\/topa.be\/pt-pt\/nacht-van-de-kerken\/\">nesta p\u00e1gina em ingl\u00eas<\/a>.<\/h3>\n\t\t\t\t\t\t\t\t<\/div>\n\t\t\t\t<\/div>\n\t\t\t\t<section class=\"elementor-section elementor-inner-section elementor-element elementor-element-d8035f9 elementor-section-boxed elementor-section-height-default elementor-section-height-default\" data-id=\"d8035f9\" data-element_type=\"section\" data-e-type=\"section\">\n\t\t\t\t\t\t<div class=\"elementor-container elementor-column-gap-default\">\n\t\t\t\t\t<div class=\"elementor-column elementor-col-50 elementor-inner-column elementor-element elementor-element-5b498c5\" data-id=\"5b498c5\" data-element_type=\"column\" data-e-type=\"column\">\n\t\t\t<div class=\"elementor-widget-wrap elementor-element-populated\">\n\t\t\t\t\t\t<div class=\"elementor-element elementor-element-c08a6b6 elementor-widget elementor-widget-wp-widget-nav_menu\" data-id=\"c08a6b6\" data-element_type=\"widget\" data-e-type=\"widget\" data-widget_type=\"wp-widget-nav_menu.default\">\n\t\t\t\t<div class=\"elementor-widget-container\">\n\t\t\t\t\t<nav class=\"menu-nachten-container\" aria-label=\"Menu\"><ul id=\"menu-nachten\" class=\"menu\"><li id=\"menu-item-34726\" class=\"menu-item menu-item-type-post_type menu-item-object-page menu-item-34726\"><a href=\"https:\/\/topa.be\/nacht-van-de-kerken\/\">NOITE DAS IGREJAS<\/a><\/li>\n<\/ul><\/nav>\t\t\t\t<\/div>\n\t\t\t\t<\/div>\n\t\t\t\t\t<\/div>\n\t\t<\/div>\n\t\t\t\t<div class=\"elementor-column elementor-col-50 elementor-inner-column elementor-element elementor-element-1fec693\" data-id=\"1fec693\" data-element_type=\"column\" data-e-type=\"column\">\n\t\t\t<div class=\"elementor-widget-wrap elementor-element-populated\">\n\t\t\t\t\t\t<div class=\"elementor-element elementor-element-047d49b elementor-widget elementor-widget-image\" data-id=\"047d49b\" data-element_type=\"widget\" data-e-type=\"widget\" data-widget_type=\"image.default\">\n\t\t\t\t<div class=\"elementor-widget-container\">\n\t\t\t\t\t\t\t\t\t\t\t\t\t\t\t<img decoding=\"async\" width=\"201\" height=\"300\" src=\"https:\/\/topa.be\/wp-content\/uploads\/Nacht-deuren-open-201x300.jpg\" class=\"attachment-medium size-medium wp-image-58154\" alt=\"\" srcset=\"https:\/\/topa.be\/wp-content\/uploads\/Nacht-deuren-open-201x300.jpg 201w, https:\/\/topa.be\/wp-content\/uploads\/Nacht-deuren-open-134x200.jpg 134w, https:\/\/topa.be\/wp-content\/uploads\/Nacht-deuren-open.jpg 686w\" sizes=\"(max-width: 201px) 100vw, 201px\" \/>\t\t\t\t\t\t\t\t\t\t\t\t\t\t\t<\/div>\n\t\t\t\t<\/div>\n\t\t\t\t\t<\/div>\n\t\t<\/div>\n\t\t\t\t\t<\/div>\n\t\t<\/section>\n\t\t\t\t\t<\/div>\n\t\t<\/div>\n\t\t\t\t\t<\/div>\n\t\t<\/section>\n\t\t\t\t<section class=\"elementor-section elementor-top-section elementor-element elementor-element-c2c72c9 elementor-section-boxed elementor-section-height-default elementor-section-height-default\" data-id=\"c2c72c9\" data-element_type=\"section\" data-e-type=\"section\">\n\t\t\t\t\t\t<div class=\"elementor-container elementor-column-gap-default\">\n\t\t\t\t\t<div class=\"elementor-column elementor-col-100 elementor-top-column elementor-element elementor-element-9365c39\" data-id=\"9365c39\" data-element_type=\"column\" data-e-type=\"column\">\n\t\t\t<div class=\"elementor-widget-wrap\">\n\t\t\t\t\t\t\t<\/div>\n\t\t<\/div>\n\t\t\t\t\t<\/div>\n\t\t<\/section>\n\t\t\t\t<section class=\"elementor-section elementor-top-section elementor-element elementor-element-39a339d elementor-section-boxed elementor-section-height-default elementor-section-height-default\" data-id=\"39a339d\" data-element_type=\"section\" data-e-type=\"section\">\n\t\t\t\t\t\t<div class=\"elementor-container elementor-column-gap-default\">\n\t\t\t\t\t<div class=\"elementor-column elementor-col-100 elementor-top-column elementor-element elementor-element-121b9e8\" data-id=\"121b9e8\" data-element_type=\"column\" data-e-type=\"column\">\n\t\t\t<div class=\"elementor-widget-wrap elementor-element-populated\">\n\t\t\t\t\t\t<div class=\"elementor-element elementor-element-98d3116 elementor-widget elementor-widget-text-editor\" data-id=\"98d3116\" data-element_type=\"widget\" data-e-type=\"widget\" data-widget_type=\"text-editor.default\">\n\t\t\t\t<div class=\"elementor-widget-container\">\n\t\t\t\t\t\t\t\t\t<h2 style=\"text-align: center;\">.<\/h2>\n\t\t\t\t\t\t\t\t<\/div>\n\t\t\t\t<\/div>\n\t\t\t\t\t<\/div>\n\t\t<\/div>\n\t\t\t\t\t<\/div>\n\t\t<\/section>\n\t\t\t\t<\/div>\n\t\t","protected":false},"excerpt":{"rendered":"<p>NOITE DAS IGREJAS Uma vez por ano, as igrejas de Antu\u00e9rpia abrem as suas portas \u00e0 noite. Uma vis\u00e3o geral do que est\u00e1 para vir&#8230; e do que tem estado nesta p\u00e1gina em ingl\u00eas. .<\/p>\n","protected":false},"author":16,"featured_media":0,"parent":0,"menu_order":330,"comment_status":"closed","ping_status":"closed","template":"","meta":{"footnotes":""},"class_list":["post-46966","page","type-page","status-publish","hentry"],"aioseo_notices":[],"_links":{"self":[{"href":"https:\/\/topa.be\/pt-pt\/wp-json\/wp\/v2\/pages\/46966","targetHints":{"allow":["GET"]}}],"collection":[{"href":"https:\/\/topa.be\/pt-pt\/wp-json\/wp\/v2\/pages"}],"about":[{"href":"https:\/\/topa.be\/pt-pt\/wp-json\/wp\/v2\/types\/page"}],"author":[{"embeddable":true,"href":"https:\/\/topa.be\/pt-pt\/wp-json\/wp\/v2\/users\/16"}],"replies":[{"embeddable":true,"href":"https:\/\/topa.be\/pt-pt\/wp-json\/wp\/v2\/comments?post=46966"}],"version-history":[{"count":3,"href":"https:\/\/topa.be\/pt-pt\/wp-json\/wp\/v2\/pages\/46966\/revisions"}],"predecessor-version":[{"id":61554,"href":"https:\/\/topa.be\/pt-pt\/wp-json\/wp\/v2\/pages\/46966\/revisions\/61554"}],"wp:attachment":[{"href":"https:\/\/topa.be\/pt-pt\/wp-json\/wp\/v2\/media?parent=46966"}],"curies":[{"name":"wp","href":"https:\/\/api.w.org\/{rel}","templated":true}]}}