{"id":41504,"date":"2021-06-20T17:34:29","date_gmt":"2021-06-20T15:34:29","guid":{"rendered":"http:\/\/topa.be\/welkom\/"},"modified":"2025-03-12T14:43:16","modified_gmt":"2025-03-12T13:43:16","slug":"welkom","status":"publish","type":"page","link":"https:\/\/topa.be\/pt-pt\/welkom\/","title":{"rendered":"BEM-VINDO !"},"content":{"rendered":"\t\t<div data-elementor-type=\"wp-page\" data-elementor-id=\"41504\" class=\"elementor elementor-41504 elementor-36700\" data-elementor-post-type=\"page\">\n\t\t\t\t\t\t<section class=\"elementor-section elementor-top-section elementor-element elementor-element-65b950e elementor-section-boxed elementor-section-height-default elementor-section-height-default\" data-id=\"65b950e\" data-element_type=\"section\" data-e-type=\"section\">\n\t\t\t\t\t\t<div class=\"elementor-container elementor-column-gap-default\">\n\t\t\t\t\t<div class=\"elementor-column elementor-col-100 elementor-top-column elementor-element elementor-element-b350f80\" data-id=\"b350f80\" data-element_type=\"column\" data-e-type=\"column\">\n\t\t\t<div class=\"elementor-widget-wrap elementor-element-populated\">\n\t\t\t\t\t\t<div class=\"elementor-element elementor-element-97c1968 elementor-widget elementor-widget-heading\" data-id=\"97c1968\" data-element_type=\"widget\" data-e-type=\"widget\" data-widget_type=\"heading.default\">\n\t\t\t\t<div class=\"elementor-widget-container\">\n\t\t\t\t\t<h1 class=\"elementor-heading-title elementor-size-default\">BEM-VINDO!<\/h1>\t\t\t\t<\/div>\n\t\t\t\t<\/div>\n\t\t\t\t\t<\/div>\n\t\t<\/div>\n\t\t\t\t\t<\/div>\n\t\t<\/section>\n\t\t\t\t<section class=\"elementor-section elementor-top-section elementor-element elementor-element-6c77aa9 elementor-section-boxed elementor-section-height-default elementor-section-height-default\" data-id=\"6c77aa9\" data-element_type=\"section\" data-e-type=\"section\">\n\t\t\t\t\t\t<div class=\"elementor-container elementor-column-gap-default\">\n\t\t\t\t\t<div class=\"elementor-column elementor-col-66 elementor-top-column elementor-element elementor-element-6b81432\" data-id=\"6b81432\" data-element_type=\"column\" data-e-type=\"column\">\n\t\t\t<div class=\"elementor-widget-wrap elementor-element-populated\">\n\t\t\t\t\t\t<div class=\"elementor-element elementor-element-4bd0947 elementor-widget elementor-widget-image\" data-id=\"4bd0947\" data-element_type=\"widget\" data-e-type=\"widget\" data-widget_type=\"image.default\">\n\t\t\t\t<div class=\"elementor-widget-container\">\n\t\t\t\t\t\t\t\t\t\t\t\t<figure class=\"wp-caption\">\n\t\t\t\t\t\t\t\t\t\t<img fetchpriority=\"high\" decoding=\"async\" width=\"800\" height=\"240\" src=\"https:\/\/topa.be\/wp-content\/uploads\/Rede-Antwerpen-in-Oostenrijkse-tijd-1.jpg\" class=\"attachment-large size-large wp-image-27729\" alt=\"\" srcset=\"https:\/\/topa.be\/wp-content\/uploads\/Rede-Antwerpen-in-Oostenrijkse-tijd-1.jpg 832w, https:\/\/topa.be\/wp-content\/uploads\/Rede-Antwerpen-in-Oostenrijkse-tijd-1-300x90.jpg 300w, https:\/\/topa.be\/wp-content\/uploads\/Rede-Antwerpen-in-Oostenrijkse-tijd-1-200x60.jpg 200w, https:\/\/topa.be\/wp-content\/uploads\/Rede-Antwerpen-in-Oostenrijkse-tijd-1-768x231.jpg 768w\" sizes=\"(max-width: 800px) 100vw, 800px\" \/>\t\t\t\t\t\t\t\t\t\t\t<figcaption class=\"widget-image-caption wp-caption-text\">O porto de Antu\u00e9rpia no hor\u00e1rio austr\u00edaco<\/figcaption>\n\t\t\t\t\t\t\t\t\t\t<\/figure>\n\t\t\t\t\t\t\t\t\t<\/div>\n\t\t\t\t<\/div>\n\t\t\t\t<div class=\"elementor-element elementor-element-f4b01e9 elementor-widget elementor-widget-text-editor\" data-id=\"f4b01e9\" data-element_type=\"widget\" data-e-type=\"widget\" data-widget_type=\"text-editor.default\">\n\t\t\t\t<div class=\"elementor-widget-container\">\n\t\t\t\t\t\t\t\t\t<p style=\"text-align: justify;\"><strong>Caro visitante<\/strong>, bem-vindo a Antu\u00e9rpia e a uma das muitas belas igrejas da nossa cidade. Ficar\u00e1 supreendido com a sua hist\u00f3ria agitada e tanta criatividade maravilhosa. As numerosas torres da igreja convidam-no de longe para vir desfrutar da paz e da beleza intemporal. Aqui encontrar\u00e1 toda a informa\u00e7\u00e3o necess\u00e1ria para a sua visita tur\u00edstica:<\/p>\n<p style=\"text-align: justify;\">E voc\u00ea, <strong>caro visitante de Portugal<\/strong>, deve sentir-se em casa na nossa cidade porque vai ficar surpreendido com o qu\u00e3o \u2018portugu\u00eas\u2019 \u00e9 Antu\u00e9rpia. Na verdade, a nossa cidade tamb\u00e9m \u00e9 a sua cidade. Encontrar\u00e1 tudo sobre as nossas rela\u00e7\u00f5es m\u00fatuas <strong>nos livros de visitas <a href=\"https:\/\/topa.be\/pt-pt\/startpagina\/beste-buren\/\"><em>Caros amigos de Portugal, cordialmente bemvindos em Antuerpia !<\/em><\/a><\/strong><\/p>\n\t\t\t\t\t\t\t\t<\/div>\n\t\t\t\t<\/div>\n\t\t\t\t<div class=\"elementor-element elementor-element-19d716a elementor-widget elementor-widget-text-editor\" data-id=\"19d716a\" data-element_type=\"widget\" data-e-type=\"widget\" data-widget_type=\"text-editor.default\">\n\t\t\t\t<div class=\"elementor-widget-container\">\n\t\t\t\t\t\t\t\t\t<div class=\"wpb_text_column wpb_content_element \">\n<div class=\"wpb_wrapper\">\n<h3 style=\"text-align: justify;\"><strong>Do que andas \u00e0 procura?<\/strong><\/h3>\n<\/div>\n<\/div>\n<div class=\"wpb_text_column wpb_content_element \" style=\"text-align: justify;\">\n<div class=\"wpb_wrapper\">\n<ul>\n<li>Gostaria de saber facilmente que igrejas pode visitar? Onde encontr\u00e1-los? Quando pode visit\u00e1-los? Aceda a <a href=\"https:\/\/topa.be\/pt-pt\/praktisch-2\/\"><strong>informa\u00e7\u00f5es pr\u00e1ticas<\/strong><\/a>. <em>(em ingl\u00eas)<\/em><\/li>\n<\/ul>\n<p>&nbsp;<\/p>\n<\/div>\n<\/div>\n<div class=\"wpb_text_column wpb_content_element \" style=\"text-align: justify;\">\n<div class=\"wpb_wrapper\">\n<ul>\n<li>Venha dar uma olhada e deixe os nossos guias cordiais lev\u00e1-lo ao redor. Ficar\u00e3o felizes em ajud\u00e1-lo a descobrir as hist\u00f3rias desconhecidas e o simbolismo escondido. H\u00e1 v\u00e1rias possibilidades. <em>(os links est\u00e3o em ingl\u00eas)<\/em>\n<ul>\n<li><strong>Gostaria de um <\/strong><a href=\"https:\/\/topa.be\/pt-pt\/individueel\/\"><strong>passeio individual<\/strong><\/a> por uma das cinco igrejas tur\u00edsticas? <em>(Estes s\u00e3o gratuitos e sem pr\u00e9-inscri\u00e7\u00e3o. Consulte tamb\u00e9m as valvas da igreja no local ou pergunte ao balc\u00e3o.<\/em><\/li>\n<li><strong>Gostaria de um <a href=\"https:\/\/topa.be\/pt-pt\/groepen\/\">passeio em grupo<\/a><\/strong>\u00a0nas cinco igrejas tur\u00edsticas? <em>(Estes s\u00e3o, naturalmente, resm\u00e1veis)<\/em><\/li>\n<\/ul>\n<\/li>\n<\/ul>\n<p>&nbsp;<\/p>\n<\/div>\n<\/div>\n<div class=\"wpb_text_column wpb_content_element \">\n<div class=\"wpb_wrapper\">\n<ul>\n<li style=\"text-align: justify;\">Gostaria de ir a um <a href=\"https:\/\/topa.be\/pt-pt\/erediensten\/\"><strong>servi\u00e7o da igreja?<\/strong><\/a> Ent\u00e3o fa\u00e7a a sua escolha aqui para a sua pr\u00f3pria comunidade da igreja: cat\u00f3lico romano, ortodoxo, anglicano, protestante (no que diz respeito ao Conselho Ecum\u00e9nico de Antu\u00e9rpia das Igrejas). Voc\u00ea tamb\u00e9m vai encontrar servi\u00e7os da igreja em l\u00edngua estrangeira aqui.<\/li>\n<\/ul>\n<\/div>\n<\/div>\n\t\t\t\t\t\t\t\t<\/div>\n\t\t\t\t<\/div>\n\t\t\t\t<div class=\"elementor-element elementor-element-f8f61a3 elementor-widget elementor-widget-text-editor\" data-id=\"f8f61a3\" data-element_type=\"widget\" data-e-type=\"widget\" data-widget_type=\"text-editor.default\">\n\t\t\t\t<div class=\"elementor-widget-container\">\n\t\t\t\t\t\t\t\t\t<div class=\"wpb_text_column wpb_content_element \">\n<div class=\"wpb_wrapper\">\n<h3 style=\"text-align: justify;\"><strong>Neste site j\u00e1 pode conhecer as igrejas extensivamente.<\/strong> <strong><em>(os links s\u00e3o para p\u00e1ginas em ingl\u00eas)<\/em><\/strong><\/h3>\n<\/div>\n<\/div>\n<div class=\"wpb_text_column wpb_content_element \" style=\"text-align: justify;\">\n<div class=\"wpb_wrapper\">\n<ul>\n<li>Gostaria de conhecer a arte visual de nada menos do que 30<strong> <a href=\"https:\/\/topa.be\/pt-pt\/monumentale-kerken\/\">igrejas monumentais da Grande Antu\u00e9rpia<\/a><\/strong> com as cinco atra\u00e7\u00f5es tur\u00edsticas no topo:\n<ul>\n<li><a href=\"http:\/\/topa.be\/en\/olv-kathedraal\/\"><strong>Catedral de Nossa Senhora<\/strong><\/a><\/li>\n<li><a href=\"http:\/\/topa.be\/en\/st-andries\/\"><strong>Igreja de Santo Andr\u00e9<\/strong><\/a><\/li>\n<li><a href=\"http:\/\/topa.be\/en\/sint-carolus-borromeus\/\"><strong>Igreja de S\u00e3o Carolus Borromeo<\/strong><\/a><\/li>\n<li><a href=\"http:\/\/topa.be\/en\/sint-jacob\/\"><strong>Igreja de S\u00e3o Tiago<\/strong><\/a><\/li>\n<li><a href=\"http:\/\/topa.be\/en\/sint-pauluskerk\/\"><strong>Igreja de S\u00e3o Paulo<\/strong><\/a><\/li>\n<\/ul>\n<\/li>\n<\/ul>\n<p>&nbsp;<\/p>\n<\/div>\n<\/div>\n<div class=\"wpb_text_column wpb_content_element \" style=\"text-align: justify;\">\n<div class=\"wpb_wrapper\">\n<ul>\n<li>Neste site encontrar\u00e1 uma breve introdu\u00e7\u00e3o ou uma descri\u00e7\u00e3o detalhada, bem como informa\u00e7\u00f5es culturais e cient\u00edficas. Fa\u00e7a a sua pr\u00f3pria escolha:\n<ul>\n<li><strong>Gostaria de conhecer um pouco? Um fazedor de gostos <\/strong>vai ajud\u00e1-lo a come\u00e7ar. Para as cinco igrejas tur\u00edsticas, estas descri\u00e7\u00f5es est\u00e3o dispon\u00edveis em v\u00e1rias l\u00ednguas. <em>Consulte o site da TOPA no idioma relevante.<\/em><\/li>\n<li><strong>Opta por desfrutar mais intensamente dos tesouros de arte<\/strong> nas nossas igrejas? Ent\u00e3o certamente encontrar\u00e1 o que procura na <strong>descri\u00e7\u00e3o<\/strong> detalhada. Ficar\u00e1 supreendido com o imagin\u00e1rio narrativo e o simbolismo oculto, mas tamb\u00e9m com a sua hist\u00f3ria agitada e como a obra de arte est\u00e1 entrela\u00e7ada com a vida sociocultural contempor\u00e2nea.<\/li>\n<li>O terceiro n\u00edvel \u00e9 o <strong>f\u00f3rum cient\u00edfico<\/strong>din\u00e2mico, onde os especialistas podem encontrar notas de rodap\u00e9 e os pontos mais importantes para discuss\u00e3o por obra de arte. <em>(ainda em desenvolvimento)<\/em>.<\/li>\n<\/ul>\n<\/li>\n<\/ul>\n<p>&nbsp;<\/p>\n<\/div>\n<\/div>\n<div class=\"wpb_text_column wpb_content_element \" style=\"text-align: justify;\">\n<div class=\"wpb_wrapper\">\n<ul>\n<li>Ler mapas \u00e9 mais conveniente para si? Isto tamb\u00e9m \u00e9 poss\u00edvel atrav\u00e9s deste <a href=\"https:\/\/www.google.com\/maps\/d\/edit?mid=1iZG2PyUpfgUaDqLc-C_n5kGoHu2os6Ku&amp;usp=sharing\"><strong>mapa interativo<\/strong><\/a> das igrejas monumentais na diocese de Antu\u00e9rpia.<\/li>\n<\/ul>\n<\/div>\n<\/div>\n<div class=\"wpb_text_column wpb_content_element \">\n<div class=\"wpb_wrapper\">\n<ul>\n<li style=\"text-align: justify;\">Vai para a <strong>prov\u00edncia de Antu\u00e9rpia?<\/strong> Numerosas igrejas que vale a pena ver est\u00e3o localizadas no Kempen na sua rota. Consulte os pr\u00f3prios sites das igrejas e os da TOPA: <a href=\"https:\/\/www.topa-kempen.be\/\"><strong>\u00a0www.topa-kempen.be<\/strong><\/a><strong>.<\/strong><\/li>\n<\/ul>\n<\/div>\n<\/div>\n\t\t\t\t\t\t\t\t<\/div>\n\t\t\t\t<\/div>\n\t\t\t\t<div class=\"elementor-element elementor-element-c8dbdcf elementor-widget elementor-widget-text-editor\" data-id=\"c8dbdcf\" data-element_type=\"widget\" data-e-type=\"widget\" data-widget_type=\"text-editor.default\">\n\t\t\t\t<div class=\"elementor-widget-container\">\n\t\t\t\t\t\t\t\t\t<div class=\"wpb_text_column wpb_content_element \">\n<div class=\"wpb_wrapper\">\n<h3 style=\"text-align: justify;\"><strong>E o que descobre na nossa cidade, andando de igreja em igreja? <em>\u00a0(os links s\u00e3o para p\u00e1ginas em ingl\u00eas)<\/em><\/strong><\/h3>\n<\/div>\n<\/div>\n<div class=\"wpb_text_column wpb_content_element \" style=\"text-align: justify;\">\n<div class=\"wpb_wrapper\">\n<ul>\n<li>N\u00e3o s\u00f3 dentro das igrejas, mas tamb\u00e9m fora, as \u201cboas not\u00edcias\u201d s\u00e3o retratadas. Estas <a href=\"https:\/\/topa.be\/pt-pt\/gevelbeelden\/\"><strong>cenas religiosas<\/strong><\/a> de rua s\u00e3o muito t\u00edpicas de Antu\u00e9rpia, especialmente as graciosas est\u00e1tuas marianas que o cumprimentam nas esquinas da rua.<\/li>\n<\/ul>\n<p>&nbsp;<\/p>\n<\/div>\n<\/div>\n<div class=\"wpb_text_column wpb_content_element \" style=\"text-align: justify;\">\n<div class=\"wpb_wrapper\">\n<ul>\n<li><strong>Os nossos passeios tem\u00e1ticos <\/strong>ajudar\u00e3o-no a descobrir melhor a cidade e as suas igrejas. Voc\u00ea ser\u00e1 inspirado no tema anual da <a href=\"https:\/\/topa.be\/pt-pt\/nacht-van-de-kerken\/\"><strong>Noite das Igrejas<\/strong><\/a><strong>.<\/strong><\/li>\n<\/ul>\n<\/div>\n<\/div>\n<div class=\"wpb_text_column wpb_content_element \" style=\"text-align: justify;\">\n<div class=\"wpb_wrapper\">\n<ul>\n<li>Se quiser experimentar a arte de tanta beleza discreta e intensamente, pode contar com <a href=\"https:\/\/topa.be\/pt-pt\/publicaties-2\/\"><strong>as nossas publica\u00e7\u00f5es<\/strong><\/a> <em>(normalmente dispon\u00edveis em qualquer igreja tur\u00edstica)<\/em>.\n<ul>\n<li>Para preparar a sua visita minuciosamente ou para a desfrutar por um longo per\u00edodo de tempo, mergulhe num dos <strong>livros de arte<\/strong> de cada uma das cinco igrejas tur\u00edsticas.<\/li>\n<li>Uma <strong>s\u00e9rie de livros de h\u00f3spedes internacionais<\/strong> destacam cada um as m\u00faltiplas rela\u00e7\u00f5es entre um determinado pa\u00eds e Antu\u00e9rpia. H\u00e1 tamb\u00e9m <a href=\"https:\/\/topa.be\/pt-pt\/startpagina\/beste-buren\/\"><strong><em>Caros amigos de Portugal, cordialmente bemvindos em Antuerpia !<\/em><\/strong><\/a><\/li>\n<\/ul>\n<\/li>\n<\/ul>\n<p>&nbsp;<\/p>\n<\/div>\n<\/div>\n<div class=\"wpb_text_column wpb_content_element \" style=\"text-align: justify;\">\n<div class=\"wpb_wrapper\">\n<ul>\n<li>Al\u00e9m disso, pode manter-se atualizado sobre as <a href=\"https:\/\/topa.be\/pt-pt\/tentoonstelling\/\"><strong>exposi\u00e7\u00f5es<\/strong><\/a> que a pr\u00f3pria TOPA organiza, apoia ou contribui.<\/li>\n<\/ul>\n<\/div>\n<\/div>\n<div class=\"wpb_text_column wpb_content_element \" style=\"text-align: justify;\">\n<div class=\"wpb_wrapper\">\n<ul>\n<li>Se desejar <a href=\"https:\/\/topa.be\/pt-pt\/bezinning\/\"><strong>refletir<\/strong> <\/a><strong>nas f\u00e9rias e nas viagens, <\/strong>encontrar\u00e1 aqui uma s\u00e9rie detextos que podem inspir\u00e1-lo. Entre outras coisas, h\u00e1 uma ora\u00e7\u00e3o internacional para os turistas, como ressoou durante anos sob as ab\u00f3badas da Catedral de Antu\u00e9rpia como um local de descanso na estrada da vida. <em>(a maioria das p\u00e1ginas em ingl\u00eas, algumas em <\/em>\u00a0<em>portugu\u00eas)<\/em><\/li>\n<\/ul>\n<p>&nbsp;<\/p>\n<\/div>\n<\/div>\n<div class=\"wpb_text_column wpb_content_element \">\n<div class=\"wpb_wrapper\">\n<p style=\"text-align: justify;\">A nossa miss\u00e3o no <strong>Toe<\/strong>risme<strong>P<\/strong>astoraal <strong>A<\/strong>ntwerpen <em>(Pastoral do Turismo de Antu\u00e9rpia)<\/em> (TOPA vzw) \u00e9: servir as pessoas no seu caminho para uma profundidade mais social, cultural e espiritual. Focado no turismo de arte, o nosso lema nas igrejas \u00e9: \u201c<strong>fazer as pedras falarem<\/strong>\u201c. Temos o prazer de partilhar as nossas experi\u00eancias com quem pretende faz\u00ea-lo. Gostaria de saber mais sobre a nossa associa\u00e7\u00e3o: \u00a0<a href=\"https:\/\/topa.be\/pt-pt\/wie-zijn-we\/\">Quem somos n\u00f3s?<\/a>? (em ingl\u00eas)<\/p>\n<\/div>\n<\/div>\n\t\t\t\t\t\t\t\t<\/div>\n\t\t\t\t<\/div>\n\t\t\t\t\t<\/div>\n\t\t<\/div>\n\t\t\t\t<div class=\"elementor-column elementor-col-33 elementor-top-column elementor-element elementor-element-5993c2b\" data-id=\"5993c2b\" data-element_type=\"column\" data-e-type=\"column\">\n\t\t\t<div class=\"elementor-widget-wrap elementor-element-populated\">\n\t\t\t\t\t\t<div class=\"elementor-element elementor-element-261daa2 elementor-widget elementor-widget-image\" data-id=\"261daa2\" data-element_type=\"widget\" data-e-type=\"widget\" data-widget_type=\"image.default\">\n\t\t\t\t<div class=\"elementor-widget-container\">\n\t\t\t\t\t\t\t\t\t\t\t\t\t\t\t<img decoding=\"async\" width=\"635\" height=\"635\" src=\"https:\/\/topa.be\/wp-content\/uploads\/Tegel-Welkom.png\" class=\"attachment-large size-large wp-image-37010\" alt=\"\" srcset=\"https:\/\/topa.be\/wp-content\/uploads\/Tegel-Welkom.png 635w, https:\/\/topa.be\/wp-content\/uploads\/Tegel-Welkom-300x300.png 300w, https:\/\/topa.be\/wp-content\/uploads\/Tegel-Welkom-200x200.png 200w\" sizes=\"(max-width: 635px) 100vw, 635px\" \/>\t\t\t\t\t\t\t\t\t\t\t\t\t\t\t<\/div>\n\t\t\t\t<\/div>\n\t\t\t\t\t<\/div>\n\t\t<\/div>\n\t\t\t\t\t<\/div>\n\t\t<\/section>\n\t\t\t\t<\/div>\n\t\t","protected":false},"excerpt":{"rendered":"<p>BEM-VINDO! O porto de Antu\u00e9rpia no hor\u00e1rio austr\u00edaco Caro visitante, bem-vindo a Antu\u00e9rpia e a uma das muitas belas igrejas da nossa cidade. Ficar\u00e1 supreendido com a sua hist\u00f3ria agitada e tanta criatividade maravilhosa. As numerosas torres da igreja convidam-no de longe para vir desfrutar da paz e da beleza intemporal. Aqui encontrar\u00e1 toda a [&hellip;]<\/p>\n","protected":false},"author":16,"featured_media":0,"parent":0,"menu_order":10,"comment_status":"closed","ping_status":"closed","template":"","meta":{"footnotes":""},"class_list":["post-41504","page","type-page","status-publish","hentry"],"aioseo_notices":[],"_links":{"self":[{"href":"https:\/\/topa.be\/pt-pt\/wp-json\/wp\/v2\/pages\/41504","targetHints":{"allow":["GET"]}}],"collection":[{"href":"https:\/\/topa.be\/pt-pt\/wp-json\/wp\/v2\/pages"}],"about":[{"href":"https:\/\/topa.be\/pt-pt\/wp-json\/wp\/v2\/types\/page"}],"author":[{"embeddable":true,"href":"https:\/\/topa.be\/pt-pt\/wp-json\/wp\/v2\/users\/16"}],"replies":[{"embeddable":true,"href":"https:\/\/topa.be\/pt-pt\/wp-json\/wp\/v2\/comments?post=41504"}],"version-history":[{"count":3,"href":"https:\/\/topa.be\/pt-pt\/wp-json\/wp\/v2\/pages\/41504\/revisions"}],"predecessor-version":[{"id":71291,"href":"https:\/\/topa.be\/pt-pt\/wp-json\/wp\/v2\/pages\/41504\/revisions\/71291"}],"wp:attachment":[{"href":"https:\/\/topa.be\/pt-pt\/wp-json\/wp\/v2\/media?parent=41504"}],"curies":[{"name":"wp","href":"https:\/\/api.w.org\/{rel}","templated":true}]}}