{"id":40755,"date":"2021-06-19T14:00:32","date_gmt":"2021-06-19T12:00:32","guid":{"rendered":"http:\/\/topa.be\/startpagina\/"},"modified":"2025-03-07T17:40:16","modified_gmt":"2025-03-07T16:40:16","slug":"startpagina","status":"publish","type":"page","link":"https:\/\/topa.be\/pt-pt\/","title":{"rendered":"INICIO"},"content":{"rendered":"\t\t<div data-elementor-type=\"wp-page\" data-elementor-id=\"40755\" class=\"elementor elementor-40755 elementor-11753\" data-elementor-post-type=\"page\">\n\t\t\t\t\t\t<section class=\"elementor-section elementor-top-section elementor-element elementor-element-1f1c8a5 elementor-section-boxed elementor-section-height-default elementor-section-height-default\" data-id=\"1f1c8a5\" data-element_type=\"section\" data-e-type=\"section\">\n\t\t\t\t\t\t<div class=\"elementor-container elementor-column-gap-default\">\n\t\t\t\t\t<div class=\"elementor-column elementor-col-66 elementor-top-column elementor-element elementor-element-0795cd3\" data-id=\"0795cd3\" data-element_type=\"column\" data-e-type=\"column\">\n\t\t\t<div class=\"elementor-widget-wrap elementor-element-populated\">\n\t\t\t\t\t\t<div class=\"elementor-element elementor-element-991f9dd elementor-widget elementor-widget-global elementor-global-40791 elementor-global-33054 elementor-widget-heading\" data-id=\"991f9dd\" data-element_type=\"widget\" data-e-type=\"widget\" data-widget_type=\"heading.default\">\n\t\t\t\t<div class=\"elementor-widget-container\">\n\t\t\t\t\t<h2 class=\"elementor-heading-title elementor-size-default\">Antu\u00e9rpia, Igrejas e Turismo<\/h2>\t\t\t\t<\/div>\n\t\t\t\t<\/div>\n\t\t\t\t<div class=\"elementor-element elementor-element-82e5f8c elementor-widget elementor-widget-text-editor\" data-id=\"82e5f8c\" data-element_type=\"widget\" data-e-type=\"widget\" data-widget_type=\"text-editor.default\">\n\t\t\t\t<div class=\"elementor-widget-container\">\n\t\t\t\t\t\t\t\t\t<div class=\"wpb_text_column wpb_content_element \"><div class=\"wpb_wrapper\"><p style=\"text-align: justify;\"><strong>Caro visitante<\/strong>, bem-vindo a Antu\u00e9rpia e a uma das muitas belas igrejas da nossa cidade. Ficar\u00e1 supreendido com a sua hist\u00f3ria agitada e tanta criatividade maravilhosa. As numerosas torres da igreja convidam-no de longe para vir desfrutar da paz e da beleza intemporal. Aqui encontrar\u00e1 toda a informa\u00e7\u00e3o necess\u00e1ria para a sua visita tur\u00edstica.<\/p><p style=\"text-align: justify;\">E voc\u00ea, <strong>caro visitante de Portugal<\/strong>, deve sentir-se em casa na nossa cidade porque vai ficar surpreendido com o qu\u00e3o \u2018portugu\u00eas\u2019 \u00e9 Antu\u00e9rpia. Na verdade, a nossa cidade tamb\u00e9m \u00e9 a sua cidade. Encontrar\u00e1 tudo sobre as nossas rela\u00e7\u00f5es m\u00fatuas nos <strong>livros de visitas <\/strong><a href=\"https:\/\/topa.be\/pt-pt\/startpagina\/beste-buren\/\"><strong><em>Caros amigos de Portugal, cordialmente bemvindos em Antuerpia !<\/em><\/strong><\/a><\/p><p style=\"text-align: justify;\"><strong>Do que andas \u00e0 procura? Pode descobrir por si mesmo diretamente atrav\u00e9s dos azulejos abaixo ou, atrav\u00e9s do primeiro azulejo, no texto de BEM-VINDO.<\/strong><\/p><\/div><\/div>\t\t\t\t\t\t\t\t<\/div>\n\t\t\t\t<\/div>\n\t\t\t\t<section class=\"elementor-section elementor-inner-section elementor-element elementor-element-5838cdd elementor-section-boxed elementor-section-height-default elementor-section-height-default\" data-id=\"5838cdd\" data-element_type=\"section\" data-e-type=\"section\">\n\t\t\t\t\t\t<div class=\"elementor-container elementor-column-gap-default\">\n\t\t\t\t\t<div class=\"elementor-column elementor-col-25 elementor-inner-column elementor-element elementor-element-3b047f0\" data-id=\"3b047f0\" data-element_type=\"column\" data-e-type=\"column\">\n\t\t\t<div class=\"elementor-widget-wrap elementor-element-populated\">\n\t\t\t\t\t\t<div class=\"elementor-element elementor-element-2d1e339 eael-tooltip-align-center elementor-widget elementor-widget-eael-tooltip\" data-id=\"2d1e339\" data-element_type=\"widget\" data-e-type=\"widget\" data-widget_type=\"eael-tooltip.default\">\n\t\t\t\t<div class=\"elementor-widget-container\">\n\t\t\t\t\t\t<div class=\"eael-tooltip\">\n\t\t\t\t\t<span class=\"eael-tooltip-content\" tabindex=\"0\" aria-describedby=\"tooltip-text-2d1e339\"><a href=\"https:\/\/topa.be\/pt-pt\/welkom\/\"><img decoding=\"async\" src=\"https:\/\/topa.be\/wp-content\/uploads\/Tegel-Welkom.png\" alt=\"\"><\/a><\/span>\n  \t\t\t<span id=\"tooltip-text-2d1e339\" class=\"eael-tooltip-text eael-tooltip-right\" role=\"tooltip\"><div class=\"tp-tile-content\">\n<p>Encontre o seu caminho atrav\u00e9s de uma p\u00e1gina de texto em vez de azulejos<\/p>\n<\/div>\n<\/span>\n  \t\t\t<\/div>\n\t\t\t\t\t<\/div>\n\t\t\t\t<\/div>\n\t\t\t\t\t<\/div>\n\t\t<\/div>\n\t\t\t\t<div class=\"elementor-column elementor-col-25 elementor-inner-column elementor-element elementor-element-9b9ef41\" data-id=\"9b9ef41\" data-element_type=\"column\" data-e-type=\"column\">\n\t\t\t<div class=\"elementor-widget-wrap elementor-element-populated\">\n\t\t\t\t\t\t<div class=\"elementor-element elementor-element-b089166 eael-tooltip-align-center elementor-widget elementor-widget-eael-tooltip\" data-id=\"b089166\" data-element_type=\"widget\" data-e-type=\"widget\" data-widget_type=\"eael-tooltip.default\">\n\t\t\t\t<div class=\"elementor-widget-container\">\n\t\t\t\t\t\t<div class=\"eael-tooltip\">\n\t\t\t\t\t<span class=\"eael-tooltip-content\" tabindex=\"0\" aria-describedby=\"tooltip-text-b089166\"><a href=\"https:\/\/topa.be\/pt-pt\/praktisch-2\/\"><img decoding=\"async\" src=\"https:\/\/topa.be\/wp-content\/uploads\/INFO-icon.png\" alt=\"\"><\/a><\/span>\n  \t\t\t<span id=\"tooltip-text-b089166\" class=\"eael-tooltip-text eael-tooltip-right\" role=\"tooltip\"><div class=\"wpb_column vc_column_container vc_col-sm-3\">\n<div class=\"vc_column-inner\">\n<div class=\"wpb_wrapper\">\n<div class=\"tp-tile\">\n<div class=\"tp-tile-content\">\n<p>Practical Information<br \/>\nWhich churches, where, when and how to visit<\/p>\n<\/div>\n<\/div>\n<\/div>\n<\/div>\n<\/div>\n<\/span>\n  \t\t\t<\/div>\n\t\t\t\t\t<\/div>\n\t\t\t\t<\/div>\n\t\t\t\t\t<\/div>\n\t\t<\/div>\n\t\t\t\t<div class=\"elementor-column elementor-col-25 elementor-inner-column elementor-element elementor-element-7c92f69\" data-id=\"7c92f69\" data-element_type=\"column\" data-e-type=\"column\">\n\t\t\t<div class=\"elementor-widget-wrap elementor-element-populated\">\n\t\t\t\t\t\t<div class=\"elementor-element elementor-element-2e65076 eael-tooltip-align-center elementor-widget elementor-widget-eael-tooltip\" data-id=\"2e65076\" data-element_type=\"widget\" data-e-type=\"widget\" data-widget_type=\"eael-tooltip.default\">\n\t\t\t\t<div class=\"elementor-widget-container\">\n\t\t\t\t\t\t<div class=\"eael-tooltip\">\n\t\t\t\t\t<span class=\"eael-tooltip-content\" tabindex=\"0\" aria-describedby=\"tooltip-text-2e65076\"><a href=\"https:\/\/topa.be\/pt-pt\/individueel\/\"><img decoding=\"async\" src=\"https:\/\/topa.be\/wp-content\/uploads\/3100-Rondleidingen.jpg\" alt=\"\"><\/a><\/span>\n  \t\t\t<span id=\"tooltip-text-2e65076\" class=\"eael-tooltip-text eael-tooltip-right\" role=\"tooltip\"><p>Individual tours<\/p>\n<\/span>\n  \t\t\t<\/div>\n\t\t\t\t\t<\/div>\n\t\t\t\t<\/div>\n\t\t\t\t\t<\/div>\n\t\t<\/div>\n\t\t\t\t<div class=\"elementor-column elementor-col-25 elementor-inner-column elementor-element elementor-element-af71f19\" data-id=\"af71f19\" data-element_type=\"column\" data-e-type=\"column\">\n\t\t\t<div class=\"elementor-widget-wrap elementor-element-populated\">\n\t\t\t\t\t\t<div class=\"elementor-element elementor-element-ca1e128 eael-tooltip-align-center elementor-widget elementor-widget-eael-tooltip\" data-id=\"ca1e128\" data-element_type=\"widget\" data-e-type=\"widget\" data-widget_type=\"eael-tooltip.default\">\n\t\t\t\t<div class=\"elementor-widget-container\">\n\t\t\t\t\t\t<div class=\"eael-tooltip\">\n\t\t\t\t\t<span class=\"eael-tooltip-content\" tabindex=\"0\" aria-describedby=\"tooltip-text-ca1e128\"><a href=\"https:\/\/topa.be\/pt-pt\/groepen\/\"><img decoding=\"async\" src=\"https:\/\/topa.be\/wp-content\/uploads\/Tegel-groepen.jpg\" alt=\"\"><\/a><\/span>\n  \t\t\t<span id=\"tooltip-text-ca1e128\" class=\"eael-tooltip-text eael-tooltip-right\" role=\"tooltip\"><div class=\"wpb_column vc_column_container vc_col-sm-3\">\n<div class=\"vc_column-inner\">\n<div class=\"wpb_wrapper\">\n<div class=\"tp-tile\">\n<div class=\"tp-tile-content\">\n<p>Group tours:<br \/>\nGroups are most welcome<\/p>\n<\/div>\n<\/div>\n<\/div>\n<\/div>\n<\/div>\n<\/span>\n  \t\t\t<\/div>\n\t\t\t\t\t<\/div>\n\t\t\t\t<\/div>\n\t\t\t\t\t<\/div>\n\t\t<\/div>\n\t\t\t\t\t<\/div>\n\t\t<\/section>\n\t\t\t\t<section class=\"elementor-section elementor-inner-section elementor-element elementor-element-6f68696 elementor-section-boxed elementor-section-height-default elementor-section-height-default\" data-id=\"6f68696\" data-element_type=\"section\" data-e-type=\"section\">\n\t\t\t\t\t\t<div class=\"elementor-container elementor-column-gap-default\">\n\t\t\t\t\t<div class=\"elementor-column elementor-col-25 elementor-inner-column elementor-element elementor-element-4a86fe9\" data-id=\"4a86fe9\" data-element_type=\"column\" data-e-type=\"column\">\n\t\t\t<div class=\"elementor-widget-wrap elementor-element-populated\">\n\t\t\t\t\t\t<div class=\"elementor-element elementor-element-46d4ad8 eael-tooltip-align-center elementor-widget elementor-widget-eael-tooltip\" data-id=\"46d4ad8\" data-element_type=\"widget\" data-e-type=\"widget\" data-widget_type=\"eael-tooltip.default\">\n\t\t\t\t<div class=\"elementor-widget-container\">\n\t\t\t\t\t\t<div class=\"eael-tooltip\">\n\t\t\t\t\t<span class=\"eael-tooltip-content\" tabindex=\"0\" aria-describedby=\"tooltip-text-46d4ad8\"><a href=\"https:\/\/topa.be\/pt-pt\/erediensten\/\"><img decoding=\"async\" src=\"https:\/\/topa.be\/wp-content\/uploads\/0030-Erediensten.jpg\" alt=\"\"><\/a><\/span>\n  \t\t\t<span id=\"tooltip-text-46d4ad8\" class=\"eael-tooltip-text eael-tooltip-right\" role=\"tooltip\"><div class=\"wpb_column vc_column_container vc_col-sm-3\">\n<div class=\"vc_column-inner\">\n<div class=\"wpb_wrapper\">\n<div class=\"tp-tile\">\n<div class=\"tp-tile-content\">\n<p>Church services<br \/>\nPraying together in Antwerp<\/p>\n<\/div>\n<\/div>\n<\/div>\n<\/div>\n<\/div>\n<\/span>\n  \t\t\t<\/div>\n\t\t\t\t\t<\/div>\n\t\t\t\t<\/div>\n\t\t\t\t\t<\/div>\n\t\t<\/div>\n\t\t\t\t<div class=\"elementor-column elementor-col-25 elementor-inner-column elementor-element elementor-element-dd77a5f\" data-id=\"dd77a5f\" data-element_type=\"column\" data-e-type=\"column\">\n\t\t\t<div class=\"elementor-widget-wrap elementor-element-populated\">\n\t\t\t\t\t\t<div class=\"elementor-element elementor-element-2ef2e3d eael-tooltip-align-center elementor-widget elementor-widget-eael-tooltip\" data-id=\"2ef2e3d\" data-element_type=\"widget\" data-e-type=\"widget\" data-widget_type=\"eael-tooltip.default\">\n\t\t\t\t<div class=\"elementor-widget-container\">\n\t\t\t\t\t\t<div class=\"eael-tooltip\">\n\t\t\t\t\t<span class=\"eael-tooltip-content\" tabindex=\"0\" aria-describedby=\"tooltip-text-2ef2e3d\"><a href=\"https:\/\/topa.be\/pt-pt\/monumentale-kerken\/\"><img decoding=\"async\" src=\"https:\/\/topa.be\/wp-content\/uploads\/Mozaiek.jpg\" alt=\"\"><\/a><\/span>\n  \t\t\t<span id=\"tooltip-text-2ef2e3d\" class=\"eael-tooltip-text eael-tooltip-right\" role=\"tooltip\"><div class=\"wpb_column vc_column_container vc_col-sm-3\">\n<div class=\"vc_column-inner\">\n<div class=\"wpb_wrapper\">\n<div class=\"tp-tile\">\n<div class=\"tp-tile-content\">\n<p>Monumental churches:<br \/>\nHere you find all available information for each church<\/p>\n<\/div>\n<\/div>\n<\/div>\n<\/div>\n<\/div>\n<\/span>\n  \t\t\t<\/div>\n\t\t\t\t\t<\/div>\n\t\t\t\t<\/div>\n\t\t\t\t\t<\/div>\n\t\t<\/div>\n\t\t\t\t<div class=\"elementor-column elementor-col-25 elementor-inner-column elementor-element elementor-element-80d5708\" data-id=\"80d5708\" data-element_type=\"column\" data-e-type=\"column\">\n\t\t\t<div class=\"elementor-widget-wrap elementor-element-populated\">\n\t\t\t\t\t\t<div class=\"elementor-element elementor-element-5b74286 eael-tooltip-align-center elementor-widget elementor-widget-eael-tooltip\" data-id=\"5b74286\" data-element_type=\"widget\" data-e-type=\"widget\" data-widget_type=\"eael-tooltip.default\">\n\t\t\t\t<div class=\"elementor-widget-container\">\n\t\t\t\t\t\t<div class=\"eael-tooltip\">\n\t\t\t\t\t<span class=\"eael-tooltip-content\" tabindex=\"0\" aria-describedby=\"tooltip-text-5b74286\"><a href=\"https:\/\/www.google.com\/maps\/d\/edit?mid=1iZG2PyUpfgUaDqLc-C_n5kGoHu2os6Ku&#038;usp=sharing\" target=\"_blank\"><img decoding=\"async\" src=\"https:\/\/topa.be\/wp-content\/uploads\/Tegel-Kaart.png\" alt=\"\"><\/a><\/span>\n  \t\t\t<span id=\"tooltip-text-5b74286\" class=\"eael-tooltip-text eael-tooltip-right\" role=\"tooltip\"><p>All churches on one map<\/p>\n<\/span>\n  \t\t\t<\/div>\n\t\t\t\t\t<\/div>\n\t\t\t\t<\/div>\n\t\t\t\t\t<\/div>\n\t\t<\/div>\n\t\t\t\t<div class=\"elementor-column elementor-col-25 elementor-inner-column elementor-element elementor-element-4750b1d\" data-id=\"4750b1d\" data-element_type=\"column\" data-e-type=\"column\">\n\t\t\t<div class=\"elementor-widget-wrap elementor-element-populated\">\n\t\t\t\t\t\t<div class=\"elementor-element elementor-element-45e9a2c eael-tooltip-align-center elementor-widget elementor-widget-eael-tooltip\" data-id=\"45e9a2c\" data-element_type=\"widget\" data-e-type=\"widget\" data-widget_type=\"eael-tooltip.default\">\n\t\t\t\t<div class=\"elementor-widget-container\">\n\t\t\t\t\t\t<div class=\"eael-tooltip\">\n\t\t\t\t\t<span class=\"eael-tooltip-content\" tabindex=\"0\" aria-describedby=\"tooltip-text-45e9a2c\"><a href=\"https:\/\/www.topa-kempen.be\/en\/home\/\" target=\"_blank\"><img decoding=\"async\" src=\"https:\/\/topa.be\/wp-content\/uploads\/Tegel-Kempen.png\" alt=\"\"><\/a><\/span>\n  \t\t\t<span id=\"tooltip-text-45e9a2c\" class=\"eael-tooltip-text eael-tooltip-right\" role=\"tooltip\"><div class=\"tp-tile-content\">\n<p>The monumental churches in the Kempen<\/p>\n<\/div>\n<\/span>\n  \t\t\t<\/div>\n\t\t\t\t\t<\/div>\n\t\t\t\t<\/div>\n\t\t\t\t\t<\/div>\n\t\t<\/div>\n\t\t\t\t\t<\/div>\n\t\t<\/section>\n\t\t\t\t<section class=\"elementor-section elementor-inner-section elementor-element elementor-element-4acb7a3 elementor-section-boxed elementor-section-height-default elementor-section-height-default\" data-id=\"4acb7a3\" data-element_type=\"section\" data-e-type=\"section\">\n\t\t\t\t\t\t<div class=\"elementor-container elementor-column-gap-default\">\n\t\t\t\t\t<div class=\"elementor-column elementor-col-25 elementor-inner-column elementor-element elementor-element-6d5fb39\" data-id=\"6d5fb39\" data-element_type=\"column\" data-e-type=\"column\">\n\t\t\t<div class=\"elementor-widget-wrap elementor-element-populated\">\n\t\t\t\t\t\t<div class=\"elementor-element elementor-element-64413fe eael-tooltip-align-center elementor-widget elementor-widget-eael-tooltip\" data-id=\"64413fe\" data-element_type=\"widget\" data-e-type=\"widget\" data-widget_type=\"eael-tooltip.default\">\n\t\t\t\t<div class=\"elementor-widget-container\">\n\t\t\t\t\t\t<div class=\"eael-tooltip\">\n\t\t\t\t\t<span class=\"eael-tooltip-content\" tabindex=\"0\" aria-describedby=\"tooltip-text-64413fe\"><a href=\"https:\/\/topa.be\/pt-pt\/gevelbeelden\/\"><img decoding=\"async\" src=\"https:\/\/topa.be\/wp-content\/uploads\/6-Kruis-Beeld-1.png\" alt=\"\"><\/a><\/span>\n  \t\t\t<span id=\"tooltip-text-64413fe\" class=\"eael-tooltip-text eael-tooltip-right\" role=\"tooltip\"><div class=\"wpb_column vc_column_container vc_col-sm-3\">\n<div class=\"vc_column-inner\">\n<div class=\"wpb_wrapper\">\n<div class=\"tp-tile\">\n<div class=\"tp-tile-content\">\n<p>For Cross and Statue:<br \/>\nMarian and other religious fa\u00e7ades<\/p>\n<\/div>\n<\/div>\n<\/div>\n<\/div>\n<\/div>\n<\/span>\n  \t\t\t<\/div>\n\t\t\t\t\t<\/div>\n\t\t\t\t<\/div>\n\t\t\t\t\t<\/div>\n\t\t<\/div>\n\t\t\t\t<div class=\"elementor-column elementor-col-25 elementor-inner-column elementor-element elementor-element-d55be1f\" data-id=\"d55be1f\" data-element_type=\"column\" data-e-type=\"column\">\n\t\t\t<div class=\"elementor-widget-wrap elementor-element-populated\">\n\t\t\t\t\t\t<div class=\"elementor-element elementor-element-1b69c85 eael-tooltip-align-center elementor-widget elementor-widget-eael-tooltip\" data-id=\"1b69c85\" data-element_type=\"widget\" data-e-type=\"widget\" data-widget_type=\"eael-tooltip.default\">\n\t\t\t\t<div class=\"elementor-widget-container\">\n\t\t\t\t\t\t<div class=\"eael-tooltip\">\n\t\t\t\t\t<span class=\"eael-tooltip-content\" tabindex=\"0\" aria-describedby=\"tooltip-text-1b69c85\"><a href=\"https:\/\/topa.be\/pt-pt\/nacht-van-de-kerken\/\"><img decoding=\"async\" src=\"https:\/\/topa.be\/wp-content\/uploads\/3300-Nacht-der-Kerken.jpg\" alt=\"\"><\/a><\/span>\n  \t\t\t<span id=\"tooltip-text-1b69c85\" class=\"eael-tooltip-text eael-tooltip-right\" role=\"tooltip\"><div class=\"wpb_column vc_column_container vc_col-sm-3\">\n<div class=\"vc_column-inner\">\n<div class=\"wpb_wrapper\">\n<div class=\"tp-tile\">\n<div class=\"tp-tile-content\">\n<p>Night of the Churches:<br \/>\nOnce a year the Antwerp churches open their doors at night...<\/p>\n<\/div>\n<\/div>\n<\/div>\n<\/div>\n<\/div>\n<\/span>\n  \t\t\t<\/div>\n\t\t\t\t\t<\/div>\n\t\t\t\t<\/div>\n\t\t\t\t\t<\/div>\n\t\t<\/div>\n\t\t\t\t<div class=\"elementor-column elementor-col-25 elementor-inner-column elementor-element elementor-element-ed3610b\" data-id=\"ed3610b\" data-element_type=\"column\" data-e-type=\"column\">\n\t\t\t<div class=\"elementor-widget-wrap elementor-element-populated\">\n\t\t\t\t\t\t<div class=\"elementor-element elementor-element-093b4a6 eael-tooltip-align-center elementor-widget elementor-widget-eael-tooltip\" data-id=\"093b4a6\" data-element_type=\"widget\" data-e-type=\"widget\" data-widget_type=\"eael-tooltip.default\">\n\t\t\t\t<div class=\"elementor-widget-container\">\n\t\t\t\t\t\t<div class=\"eael-tooltip\">\n\t\t\t\t\t<span class=\"eael-tooltip-content\" tabindex=\"0\" aria-describedby=\"tooltip-text-093b4a6\"><a href=\"https:\/\/topa.be\/pt-pt\/startpagina\/beste-buren\/\"><img decoding=\"async\" src=\"https:\/\/topa.be\/wp-content\/uploads\/0010-Beste-buren.jpg\" alt=\"Albertus De Grote\"><\/a><\/span>\n  \t\t\t<span id=\"tooltip-text-093b4a6\" class=\"eael-tooltip-text eael-tooltip-right\" role=\"tooltip\"><div class=\"wpb_column vc_column_container vc_col-sm-3\">\n<div class=\"vc_column-inner\">\n<div class=\"wpb_wrapper\">\n<div class=\"tp-tile\">\n<div class=\"tp-tile-content\">\n<p>Caro visitante, Bem-vindo a Antu\u00e9rpia!<\/p>\n<\/div>\n<\/div>\n<\/div>\n<\/div>\n<\/div>\n<\/span>\n  \t\t\t<\/div>\n\t\t\t\t\t<\/div>\n\t\t\t\t<\/div>\n\t\t\t\t\t<\/div>\n\t\t<\/div>\n\t\t\t\t<div class=\"elementor-column elementor-col-25 elementor-inner-column elementor-element elementor-element-57264f2\" data-id=\"57264f2\" data-element_type=\"column\" data-e-type=\"column\">\n\t\t\t<div class=\"elementor-widget-wrap elementor-element-populated\">\n\t\t\t\t\t\t<div class=\"elementor-element elementor-element-4578f90 eael-tooltip-align-center elementor-widget elementor-widget-eael-tooltip\" data-id=\"4578f90\" data-element_type=\"widget\" data-e-type=\"widget\" data-widget_type=\"eael-tooltip.default\">\n\t\t\t\t<div class=\"elementor-widget-container\">\n\t\t\t\t\t\t<div class=\"eael-tooltip\">\n\t\t\t\t\t<span class=\"eael-tooltip-content\" tabindex=\"0\" aria-describedby=\"tooltip-text-4578f90\"><a href=\"https:\/\/topa.be\/pt-pt\/publicaties-2\/\"><img decoding=\"async\" src=\"https:\/\/topa.be\/wp-content\/uploads\/3500-Publicaties.jpg\" alt=\"\"><\/a><\/span>\n  \t\t\t<span id=\"tooltip-text-4578f90\" class=\"eael-tooltip-text eael-tooltip-right\" role=\"tooltip\"><div class=\"wpb_column vc_column_container vc_col-sm-3\">\n<div class=\"vc_column-inner\">\n<div class=\"wpb_wrapper\">\n<div class=\"tp-tile\">\n<div class=\"tp-tile-content\">\n<p>Publications:<br \/>\nPublished by TOPA vzw<\/p>\n<\/div>\n<\/div>\n<\/div>\n<\/div>\n<\/div>\n<\/span>\n  \t\t\t<\/div>\n\t\t\t\t\t<\/div>\n\t\t\t\t<\/div>\n\t\t\t\t\t<\/div>\n\t\t<\/div>\n\t\t\t\t\t<\/div>\n\t\t<\/section>\n\t\t\t\t<section class=\"elementor-section elementor-inner-section elementor-element elementor-element-6d116ec elementor-section-boxed elementor-section-height-default elementor-section-height-default\" data-id=\"6d116ec\" data-element_type=\"section\" data-e-type=\"section\">\n\t\t\t\t\t\t<div class=\"elementor-container elementor-column-gap-default\">\n\t\t\t\t\t<div class=\"elementor-column elementor-col-25 elementor-inner-column elementor-element elementor-element-a4ecd94\" data-id=\"a4ecd94\" data-element_type=\"column\" data-e-type=\"column\">\n\t\t\t<div class=\"elementor-widget-wrap elementor-element-populated\">\n\t\t\t\t\t\t<div class=\"elementor-element elementor-element-ca14b8c eael-tooltip-align-center elementor-widget elementor-widget-eael-tooltip\" data-id=\"ca14b8c\" data-element_type=\"widget\" data-e-type=\"widget\" data-widget_type=\"eael-tooltip.default\">\n\t\t\t\t<div class=\"elementor-widget-container\">\n\t\t\t\t\t\t<div class=\"eael-tooltip\">\n\t\t\t\t\t<span class=\"eael-tooltip-content\" tabindex=\"0\" aria-describedby=\"tooltip-text-ca14b8c\"><a href=\"https:\/\/topa.be\/pt-pt\/tentoonstelling\/\"><img decoding=\"async\" src=\"https:\/\/topa.be\/wp-content\/uploads\/3200-Tentoonstellingen.jpg\" alt=\"\"><\/a><\/span>\n  \t\t\t<span id=\"tooltip-text-ca14b8c\" class=\"eael-tooltip-text eael-tooltip-right\" role=\"tooltip\"><div class=\"wpb_column vc_column_container vc_col-sm-3\">\n<div class=\"vc_column-inner\">\n<div class=\"wpb_wrapper\">\n<div class=\"tp-tile\">\n<div class=\"tp-tile-content\">\n<p>Exhibitions by or with TOPA<\/p>\n<\/div>\n<\/div>\n<\/div>\n<\/div>\n<\/div>\n<\/span>\n  \t\t\t<\/div>\n\t\t\t\t\t<\/div>\n\t\t\t\t<\/div>\n\t\t\t\t\t<\/div>\n\t\t<\/div>\n\t\t\t\t<div class=\"elementor-column elementor-col-25 elementor-inner-column elementor-element elementor-element-8d7bb41\" data-id=\"8d7bb41\" data-element_type=\"column\" data-e-type=\"column\">\n\t\t\t<div class=\"elementor-widget-wrap elementor-element-populated\">\n\t\t\t\t\t\t<div class=\"elementor-element elementor-element-c73f7b5 eael-tooltip-align-center elementor-widget elementor-widget-eael-tooltip\" data-id=\"c73f7b5\" data-element_type=\"widget\" data-e-type=\"widget\" data-widget_type=\"eael-tooltip.default\">\n\t\t\t\t<div class=\"elementor-widget-container\">\n\t\t\t\t\t\t<div class=\"eael-tooltip\">\n\t\t\t\t\t<span class=\"eael-tooltip-content\" tabindex=\"0\" aria-describedby=\"tooltip-text-c73f7b5\"><a href=\"https:\/\/topa.be\/pt-pt\/bezinning\/\"><img decoding=\"async\" src=\"https:\/\/topa.be\/wp-content\/uploads\/Tegel-Bezinning.jpg\" alt=\"\"><\/a><\/span>\n  \t\t\t<span id=\"tooltip-text-c73f7b5\" class=\"eael-tooltip-text eael-tooltip-right\" role=\"tooltip\"><div class=\"wpb_column vc_column_container vc_col-sm-3\">\n<div class=\"vc_column-inner\">\n<div class=\"wpb_wrapper\">\n<div class=\"tp-tile\">\n<div class=\"tp-tile-content\">\n<p>REFLEX\u00c3O<br \/>\nReflex\u00e3o sobre f\u00e9rias, viagens, hospitalidade, ...<\/p>\n<\/div>\n<\/div>\n<\/div>\n<\/div>\n<\/div>\n<\/span>\n  \t\t\t<\/div>\n\t\t\t\t\t<\/div>\n\t\t\t\t<\/div>\n\t\t\t\t\t<\/div>\n\t\t<\/div>\n\t\t\t\t<div class=\"elementor-column elementor-col-25 elementor-inner-column elementor-element elementor-element-cb441b1\" data-id=\"cb441b1\" data-element_type=\"column\" data-e-type=\"column\">\n\t\t\t<div class=\"elementor-widget-wrap elementor-element-populated\">\n\t\t\t\t\t\t<div class=\"elementor-element elementor-element-7fd656f eael-tooltip-align-center elementor-widget elementor-widget-eael-tooltip\" data-id=\"7fd656f\" data-element_type=\"widget\" data-e-type=\"widget\" data-widget_type=\"eael-tooltip.default\">\n\t\t\t\t<div class=\"elementor-widget-container\">\n\t\t\t\t\t\t<div class=\"eael-tooltip\">\n\t\t\t\t\t<span class=\"eael-tooltip-content\" tabindex=\"0\" aria-describedby=\"tooltip-text-7fd656f\"><a href=\"https:\/\/topa.be\/pt-pt\/wie-zijn-we\/\"><img decoding=\"async\" src=\"https:\/\/topa.be\/wp-content\/uploads\/3600-Wie-zijn-Wij.jpg\" alt=\"\"><\/a><\/span>\n  \t\t\t<span id=\"tooltip-text-7fd656f\" class=\"eael-tooltip-text eael-tooltip-right\" role=\"tooltip\"><p>TOPA? Who are we?<\/p>\n<\/span>\n  \t\t\t<\/div>\n\t\t\t\t\t<\/div>\n\t\t\t\t<\/div>\n\t\t\t\t\t<\/div>\n\t\t<\/div>\n\t\t\t\t<div class=\"elementor-column elementor-col-25 elementor-inner-column elementor-element elementor-element-8c96b07\" data-id=\"8c96b07\" data-element_type=\"column\" data-e-type=\"column\">\n\t\t\t<div class=\"elementor-widget-wrap elementor-element-populated\">\n\t\t\t\t\t\t<div class=\"elementor-element elementor-element-f2e40c9 eael-tooltip-align-center elementor-widget elementor-widget-eael-tooltip\" data-id=\"f2e40c9\" data-element_type=\"widget\" data-e-type=\"widget\" data-widget_type=\"eael-tooltip.default\">\n\t\t\t\t<div class=\"elementor-widget-container\">\n\t\t\t\t\t\t<div class=\"eael-tooltip\">\n\t\t\t\t\t<span class=\"eael-tooltip-content\" tabindex=\"0\" aria-describedby=\"tooltip-text-f2e40c9\"><img decoding=\"async\" src=\"https:\/\/topa.be\/wp-content\/uploads\/Tegel-Gigapixel.png\" alt=\"\"><\/span>\n  \t\t\t<span id=\"tooltip-text-f2e40c9\" class=\"eael-tooltip-text eael-tooltip-right\" role=\"tooltip\"><p style=\"text-align: center\">VHR<br \/>Gigapixel<\/p><\/span>\n  \t\t\t<\/div>\n\t\t\t\t\t<\/div>\n\t\t\t\t<\/div>\n\t\t\t\t\t<\/div>\n\t\t<\/div>\n\t\t\t\t\t<\/div>\n\t\t<\/section>\n\t\t\t\t\t<\/div>\n\t\t<\/div>\n\t\t\t\t<div class=\"elementor-column elementor-col-33 elementor-top-column elementor-element elementor-element-659808f\" data-id=\"659808f\" data-element_type=\"column\" data-e-type=\"column\" data-settings=\"{&quot;background_background&quot;:&quot;classic&quot;}\">\n\t\t\t<div class=\"elementor-widget-wrap\">\n\t\t\t\t\t\t\t<\/div>\n\t\t<\/div>\n\t\t\t\t\t<\/div>\n\t\t<\/section>\n\t\t\t\t<\/div>\n\t\t","protected":false},"excerpt":{"rendered":"<p>Antu\u00e9rpia, Igrejas e Turismo Caro visitante, bem-vindo a Antu\u00e9rpia e a uma das muitas belas igrejas da nossa cidade. Ficar\u00e1 supreendido com a sua hist\u00f3ria agitada e tanta criatividade maravilhosa. As numerosas torres da igreja convidam-no de longe para vir desfrutar da paz e da beleza intemporal. Aqui encontrar\u00e1 toda a informa\u00e7\u00e3o necess\u00e1ria para a [&hellip;]<\/p>\n","protected":false},"author":16,"featured_media":0,"parent":0,"menu_order":1,"comment_status":"closed","ping_status":"closed","template":"","meta":{"footnotes":""},"class_list":["post-40755","page","type-page","status-publish","hentry"],"aioseo_notices":[],"_links":{"self":[{"href":"https:\/\/topa.be\/pt-pt\/wp-json\/wp\/v2\/pages\/40755","targetHints":{"allow":["GET"]}}],"collection":[{"href":"https:\/\/topa.be\/pt-pt\/wp-json\/wp\/v2\/pages"}],"about":[{"href":"https:\/\/topa.be\/pt-pt\/wp-json\/wp\/v2\/types\/page"}],"author":[{"embeddable":true,"href":"https:\/\/topa.be\/pt-pt\/wp-json\/wp\/v2\/users\/16"}],"replies":[{"embeddable":true,"href":"https:\/\/topa.be\/pt-pt\/wp-json\/wp\/v2\/comments?post=40755"}],"version-history":[{"count":3,"href":"https:\/\/topa.be\/pt-pt\/wp-json\/wp\/v2\/pages\/40755\/revisions"}],"predecessor-version":[{"id":71092,"href":"https:\/\/topa.be\/pt-pt\/wp-json\/wp\/v2\/pages\/40755\/revisions\/71092"}],"wp:attachment":[{"href":"https:\/\/topa.be\/pt-pt\/wp-json\/wp\/v2\/media?parent=40755"}],"curies":[{"name":"wp","href":"https:\/\/api.w.org\/{rel}","templated":true}]}}