{"id":41502,"date":"2021-06-20T17:23:09","date_gmt":"2021-06-20T15:23:09","guid":{"rendered":"http:\/\/topa.be\/welkom\/"},"modified":"2025-03-12T14:43:15","modified_gmt":"2025-03-12T13:43:15","slug":"welkom","status":"publish","type":"page","link":"https:\/\/topa.be\/no\/welkom\/","title":{"rendered":"VELKOMMEN !"},"content":{"rendered":"\t\t<div data-elementor-type=\"wp-page\" data-elementor-id=\"41502\" class=\"elementor elementor-41502 elementor-36700\" data-elementor-post-type=\"page\">\n\t\t\t\t\t\t<section class=\"elementor-section elementor-top-section elementor-element elementor-element-65b950e elementor-section-boxed elementor-section-height-default elementor-section-height-default\" data-id=\"65b950e\" data-element_type=\"section\" data-e-type=\"section\">\n\t\t\t\t\t\t<div class=\"elementor-container elementor-column-gap-default\">\n\t\t\t\t\t<div class=\"elementor-column elementor-col-100 elementor-top-column elementor-element elementor-element-b350f80\" data-id=\"b350f80\" data-element_type=\"column\" data-e-type=\"column\">\n\t\t\t<div class=\"elementor-widget-wrap elementor-element-populated\">\n\t\t\t\t\t\t<div class=\"elementor-element elementor-element-97c1968 elementor-widget elementor-widget-heading\" data-id=\"97c1968\" data-element_type=\"widget\" data-e-type=\"widget\" data-widget_type=\"heading.default\">\n\t\t\t\t<div class=\"elementor-widget-container\">\n\t\t\t\t\t<h1 class=\"elementor-heading-title elementor-size-default\">VELKOMMEN!<\/h1>\t\t\t\t<\/div>\n\t\t\t\t<\/div>\n\t\t\t\t\t<\/div>\n\t\t<\/div>\n\t\t\t\t\t<\/div>\n\t\t<\/section>\n\t\t\t\t<section class=\"elementor-section elementor-top-section elementor-element elementor-element-6c77aa9 elementor-section-boxed elementor-section-height-default elementor-section-height-default\" data-id=\"6c77aa9\" data-element_type=\"section\" data-e-type=\"section\">\n\t\t\t\t\t\t<div class=\"elementor-container elementor-column-gap-default\">\n\t\t\t\t\t<div class=\"elementor-column elementor-col-66 elementor-top-column elementor-element elementor-element-6b81432\" data-id=\"6b81432\" data-element_type=\"column\" data-e-type=\"column\">\n\t\t\t<div class=\"elementor-widget-wrap elementor-element-populated\">\n\t\t\t\t\t\t<div class=\"elementor-element elementor-element-4bd0947 elementor-widget elementor-widget-image\" data-id=\"4bd0947\" data-element_type=\"widget\" data-e-type=\"widget\" data-widget_type=\"image.default\">\n\t\t\t\t<div class=\"elementor-widget-container\">\n\t\t\t\t\t\t\t\t\t\t\t\t<figure class=\"wp-caption\">\n\t\t\t\t\t\t\t\t\t\t<img fetchpriority=\"high\" decoding=\"async\" width=\"800\" height=\"240\" src=\"https:\/\/topa.be\/wp-content\/uploads\/Rede-Antwerpen-in-Oostenrijkse-tijd-1.jpg\" class=\"attachment-large size-large wp-image-27728\" alt=\"\" srcset=\"https:\/\/topa.be\/wp-content\/uploads\/Rede-Antwerpen-in-Oostenrijkse-tijd-1.jpg 832w, https:\/\/topa.be\/wp-content\/uploads\/Rede-Antwerpen-in-Oostenrijkse-tijd-1-300x90.jpg 300w, https:\/\/topa.be\/wp-content\/uploads\/Rede-Antwerpen-in-Oostenrijkse-tijd-1-200x60.jpg 200w, https:\/\/topa.be\/wp-content\/uploads\/Rede-Antwerpen-in-Oostenrijkse-tijd-1-768x231.jpg 768w\" sizes=\"(max-width: 800px) 100vw, 800px\" \/>\t\t\t\t\t\t\t\t\t\t\t<figcaption class=\"widget-image-caption wp-caption-text\">Havnen i Antwerpen i \u00f8sterriksk tid<\/figcaption>\n\t\t\t\t\t\t\t\t\t\t<\/figure>\n\t\t\t\t\t\t\t\t\t<\/div>\n\t\t\t\t<\/div>\n\t\t\t\t<div class=\"elementor-element elementor-element-f4b01e9 elementor-widget elementor-widget-text-editor\" data-id=\"f4b01e9\" data-element_type=\"widget\" data-e-type=\"widget\" data-widget_type=\"text-editor.default\">\n\t\t\t\t<div class=\"elementor-widget-container\">\n\t\t\t\t\t\t\t\t\t<p style=\"text-align: justify;\"><strong>Kj\u00e6re bes\u00f8kende<\/strong>, velkommen til Antwerpen og til en av de mange vakre kirkene i byen v\u00e5r. Du vil bli overrasket over sin begivenhetsrike historie og s\u00e5 mye fantastisk kreativitet. De mange kirket\u00e5rnene inviterer deg langveisfra og nyter fred og tidl\u00f8s skj\u00f8nnhet. Her finner du all informasjonen du trenger for turistbes\u00f8ket:<\/p>\n<p style=\"text-align: justify;\">Og du, <strong>kj\u00e6re bes\u00f8kende fra Norge,<\/strong>b\u00f8r f\u00f8le deg hjemme i byen v\u00e5r fordi du vil bli overrasket over hvor \u2018Norsk\u2019 Antwerpen er. Faktisk er byen v\u00e5r ogs\u00e5 din by. Du finner alt om v\u00e5re felles relasjoner i <strong>gjesteb\u00f8kene<\/strong> <a href=\"https:\/\/topa.be\/no\/startpagina\/beste-buren\/\"><strong><em>Venner fra Norge, velkommen til Antwerpen!<\/em><\/strong><\/a><\/p>\n\t\t\t\t\t\t\t\t<\/div>\n\t\t\t\t<\/div>\n\t\t\t\t<div class=\"elementor-element elementor-element-19d716a elementor-widget elementor-widget-text-editor\" data-id=\"19d716a\" data-element_type=\"widget\" data-e-type=\"widget\" data-widget_type=\"text-editor.default\">\n\t\t\t\t<div class=\"elementor-widget-container\">\n\t\t\t\t\t\t\t\t\t<div class=\"wpb_text_column wpb_content_element \">\n<div class=\"wpb_wrapper\">\n<h3 style=\"text-align: justify;\"><strong>Hva leter du etter? <em>\u00a0(lenker er til sider p\u00e5 engelsk)<\/em><\/strong><\/h3>\n<\/div>\n<\/div>\n<div class=\"wpb_text_column wpb_content_element \" style=\"text-align: justify;\">\n<div class=\"wpb_wrapper\">\n<ul>\n<li>Vil du enkelt finne ut hvilke kirker du kan bes\u00f8ke? Hvor finner du dem? N\u00e5r kan du bes\u00f8ke dem? G\u00e5 til <a href=\"https:\/\/topa.be\/no\/praktisch-2\/\"><strong>praktisk informasjon<\/strong><\/a>.<\/li>\n<\/ul>\n<p>&nbsp;<\/p>\n<\/div>\n<\/div>\n<div class=\"wpb_text_column wpb_content_element \" style=\"text-align: justify;\">\n<div class=\"wpb_wrapper\">\n<ul>\n<li>Kom og ta en titt og la v\u00e5re hjertelige guider lede deg rundt. De vil gjerne hjelpe deg med \u00e5 avdekke de ukjente historiene og den skjulte symbolikken. Det er flere muligheter.\n<ul>\n<li><strong>Vil du ha en <a href=\"https:\/\/topa.be\/no\/individueel\/\">individuell omvisning<\/a><\/strong> i en av de fem turistkirkene? <em>(Disse er gratis og uten forh\u00e5ndsregistrering. Ta ogs\u00e5 kontakt med kirkens valvas p\u00e5 stedet eller sp\u00f8r ved disken).<\/em><\/li>\n<li><strong>Vil du ha en <\/strong><a href=\"https:\/\/topa.be\/no\/groepen\/\"><strong>gruppetur<\/strong><\/a> i de fem turistkirkene? <em>(Disse er selvf\u00f8lgelig belastbare)<\/em><\/li>\n<\/ul>\n<\/li>\n<\/ul>\n<p>&nbsp;<\/p>\n<\/div>\n<\/div>\n<div class=\"wpb_text_column wpb_content_element \">\n<div class=\"wpb_wrapper\">\n<ul>\n<li style=\"text-align: justify;\">Vil du delta p\u00e5 en <a href=\"https:\/\/topa.be\/no\/erediensten\/\"><strong>gudstjeneste?<\/strong><\/a> S\u00e5 gj\u00f8r ditt valg her for ditt eget kirkesamfunn: Romersk-katolske, ortodokse, anglikanske, protestantiske (s\u00e5 langt som tilknyttet \u00f8kumeniske Antwerpen kirker\u00e5d). Du finner ogs\u00e5 fremmedspr\u00e5klige gudstjenester her.<\/li>\n<\/ul>\n<\/div>\n<\/div>\n\t\t\t\t\t\t\t\t<\/div>\n\t\t\t\t<\/div>\n\t\t\t\t<div class=\"elementor-element elementor-element-f8f61a3 elementor-widget elementor-widget-text-editor\" data-id=\"f8f61a3\" data-element_type=\"widget\" data-e-type=\"widget\" data-widget_type=\"text-editor.default\">\n\t\t\t\t<div class=\"elementor-widget-container\">\n\t\t\t\t\t\t\t\t\t<div class=\"wpb_text_column wpb_content_element \">\n<div class=\"wpb_wrapper\">\n<h3 style=\"text-align: justify;\"><strong>P\u00e5 denne nettsiden kan du allerede bli kjent med kirkene mye.<\/strong> <strong><em>(lenker er til sider p\u00e5 engelsk)<\/em><\/strong><\/h3>\n<\/div>\n<\/div>\n<div class=\"wpb_text_column wpb_content_element \" style=\"text-align: justify;\">\n<div class=\"wpb_wrapper\">\n<ul>\n<li>\u00d8nsker du \u00e5 bli kjent med den visuelle kunsten til ikke mindre enn ca. 30 <strong><a href=\"https:\/\/topa.be\/no\/monumentale-kerken\/\">monumentale kirker i Greater Antwerpen<\/a><\/strong> med de fem turistattraksjonene p\u00e5 toppen:\n<ul>\n<li><a href=\"http:\/\/topa.be\/en\/olv-kathedraal\/\"><strong>V\u00e5r fruedral<\/strong><\/a><\/li>\n<li><a href=\"http:\/\/topa.be\/en\/st-andries\/\"><strong> Andreas kirke<\/strong><\/a><\/li>\n<li><a href=\"http:\/\/topa.be\/en\/sint-carolus-borromeus\/\"><strong> Carolus Borromeos kirke<\/strong><\/a><\/li>\n<li><a href=\"http:\/\/topa.be\/en\/sint-jacob\/\"><strong> Jakobs kirke<\/strong><\/a><\/li>\n<li><a href=\"http:\/\/topa.be\/en\/sint-pauluskerk\/\"><strong> Paulus\u2019 kirke<\/strong><\/a><\/li>\n<\/ul>\n<\/li>\n<\/ul>\n<p>&nbsp;<\/p>\n<\/div>\n<\/div>\n<div class=\"wpb_text_column wpb_content_element \" style=\"text-align: justify;\">\n<div class=\"wpb_wrapper\">\n<ul>\n<li>P\u00e5 denne nettsiden finner du b\u00e5de en kort introduksjon eller en detaljert beskrivelse, samt kulturell og vitenskapelig informasjon. Gj\u00f8r ditt eget valg:\n<ul>\n<li><strong>Vil du bli en kort bekjent? En smaksmaker<\/strong> vil hjelpe deg med \u00e5 komme i gang. For de fem turistkirkene er disse beskrivelsene tilgjengelige p\u00e5 flere spr\u00e5k. <em>Se TOPA-nettstedet p\u00e5 det aktuelle spr\u00e5ket.<\/em><\/li>\n<li><strong>Velger du \u00e5 nyte mer intenst kunstskattene<\/strong> i v\u00e5re kirker? Da vil du sikkert finne det du leter etter i den detaljerte <strong>beskrivelsen.<\/strong> Du vil bli overrasket over de fortellende bildene og den skjulte symbolikken, men ogs\u00e5 av deres begivenhetsrike historie og hvordan kunstverket er sammenvevd med moderne sosiokulturelt liv.<\/li>\n<li>Det tredje niv\u00e5et er det <strong>dynamiske vitenskapelige<\/strong>forumet , hvor eksperter kan finne fotnoter og de viktigste punktene for diskusjon per kunstverk. <em>(fortsatt under utvikling)<\/em>.<\/li>\n<\/ul>\n<\/li>\n<\/ul>\n<p>&nbsp;<\/p>\n<\/div>\n<\/div>\n<div class=\"wpb_text_column wpb_content_element \" style=\"text-align: justify;\">\n<div class=\"wpb_wrapper\">\n<ul>\n<li>Er det mer praktisk \u00e5 lese kart? Dette er ogs\u00e5 mulig via dette <a href=\"https:\/\/www.google.com\/maps\/d\/edit?mid=1iZG2PyUpfgUaDqLc-C_n5kGoHu2os6Ku&amp;usp=sharing\"><strong>interaktive kartet<\/strong><\/a> over de monumentale kirkene i Antwerpen bisped\u00f8mme.<\/li>\n<\/ul>\n<p>&nbsp;<\/p>\n<\/div>\n<\/div>\n<div class=\"wpb_text_column wpb_content_element \">\n<div class=\"wpb_wrapper\">\n<ul>\n<li style=\"text-align: justify;\">Er du p\u00e5 vei ut i <strong>provinsen Antwerpen?<\/strong> Mange kirker verdt \u00e5 se ligger i Kempen p\u00e5 ruten. Ta kontakt med kirkens egne nettsider og topa: <a href=\"https:\/\/www.topa-kempen.be\/\"><strong>topa-kempen.be<\/strong><\/a><strong>.<\/strong><\/li>\n<\/ul>\n<\/div>\n<\/div>\n\t\t\t\t\t\t\t\t<\/div>\n\t\t\t\t<\/div>\n\t\t\t\t<div class=\"elementor-element elementor-element-c8dbdcf elementor-widget elementor-widget-text-editor\" data-id=\"c8dbdcf\" data-element_type=\"widget\" data-e-type=\"widget\" data-widget_type=\"text-editor.default\">\n\t\t\t\t<div class=\"elementor-widget-container\">\n\t\t\t\t\t\t\t\t\t<div class=\"wpb_text_column wpb_content_element \">\n<div class=\"wpb_wrapper\">\n<h3 style=\"text-align: justify;\"><strong>Og hva oppdager du i byen v\u00e5r, som g\u00e5r fra kirke til kirke? <em>\u00a0(lenker er til sider p\u00e5 engelsk)<\/em><\/strong><\/h3>\n<\/div>\n<\/div>\n<div class=\"wpb_text_column wpb_content_element \" style=\"text-align: justify;\">\n<div class=\"wpb_wrapper\">\n<ul>\n<li>Ikke bare inne i kirkene, men ogs\u00e5 ute p\u00e5 gaten, er den \u201cgode nyheten\u201d portrettert. Disse <a href=\"https:\/\/topa.be\/no\/gevelbeelden\/\"><strong>religi\u00f8se gatescenene<\/strong><\/a> er veldig typiske for Antwerpen, spesielt de grasi\u00f8se Marian-statuene som hilser deg p\u00e5 gatehj\u00f8rnene.<\/li>\n<\/ul>\n<p>&nbsp;<\/p>\n<\/div>\n<\/div>\n<div class=\"wpb_text_column wpb_content_element \" style=\"text-align: justify;\">\n<div class=\"wpb_wrapper\">\n<ul>\n<li><strong>V\u00e5re tema turer <\/strong>vil hjelpe deg \u00e5 oppdage byen og dens kirker bedre. Du vil bli inspirert av det \u00e5rlige temaet for <a href=\"https:\/\/topa.be\/no\/nacht-van-de-kerken\/\"><strong>Kirkens natt<\/strong>.<\/a><\/li>\n<\/ul>\n<p>&nbsp;<\/p>\n<\/div>\n<\/div>\n<div class=\"wpb_text_column wpb_content_element \" style=\"text-align: justify;\">\n<div class=\"wpb_wrapper\">\n<ul>\n<li>Hvis du \u00f8nsker \u00e5 oppleve kunsten s\u00e5 mye skj\u00f8nnhet stille og intenst, kan du stole p\u00e5 <a href=\"https:\/\/topa.be\/no\/publicaties-2\/\"><strong>v\u00e5re publikasjoner<\/strong><\/a> <em>(vanligvis tilgjengelig i enhver turistkirke)<\/em>.<\/li>\n<\/ul>\n<p>&nbsp;<\/p>\n<ul>\n<li>For \u00e5 forberede ditt bes\u00f8k grundig eller for \u00e5 nyte det i lengre tid, fordyp deg i en <strong>av kunstb\u00f8kene<\/strong> p\u00e5 hver av de fem turistkirkene.\n<ul>\n<li>En <strong>rekke internasjonale gjesteb\u00f8ker fremhever hvert<\/strong> de mangfoldige relasjonene mellom ett bestemt land og Antwerpen. Det er ogs\u00e5 <a href=\"https:\/\/topa.be\/no\/startpagina\/beste-buren\/\"><strong><em>Venner fra Norge, velkommen til Antwerpen!<\/em><\/strong><\/a><\/li>\n<\/ul>\n<\/li>\n<\/ul>\n<p>&nbsp;<\/p>\n<ul>\n<li>Videre kan du holde deg oppdatert om <a href=\"https:\/\/topa.be\/no\/tentoonstelling\/\"><strong>utstillingene som<\/strong><\/a> \u00a0TOPA selv organiserer, st\u00f8tter eller bidrar til.<\/li>\n<\/ul>\n<p>&nbsp;<\/p>\n<\/div>\n<\/div>\n<div class=\"wpb_text_column wpb_content_element \" style=\"text-align: justify;\">\n<div class=\"wpb_wrapper\"><\/div>\n<\/div>\n<div class=\"wpb_text_column wpb_content_element \" style=\"text-align: justify;\">\n<div class=\"wpb_wrapper\">\n<ul>\n<li>Skulle du \u00f8nske <a href=\"https:\/\/topa.be\/no\/bezinning\/\"><strong>\u00e5<\/strong> \u00a0<\/a><strong><a href=\"https:\/\/topa.be\/no\/bezinning\/\">reflektere<\/a><a href=\"https:\/\/www.topa.be\/no\/bezinning\/\"> dypere p\u00e5 ferie og <\/a>reise,<\/strong>vil du finne en rekke tekster her som kan inspireredeg. Blant annet er det en internasjonal b\u00f8nn for turister, som det har runget i \u00e5revis under hvelvene i Antwerpen domkirke som et hvilested p\u00e5 livets vei. <em>(de fleste sider p\u00e5 engelsk, noen p\u00e5 <\/em>\u00a0<em>norsk)<\/em><\/li>\n<\/ul>\n<p>&nbsp;<\/p>\n<\/div>\n<\/div>\n<div class=\"wpb_text_column wpb_content_element \">\n<div class=\"wpb_wrapper\">\n<p style=\"text-align: justify;\">V\u00e5r misjon p\u00e5<strong> To<\/strong>erisme<strong>P<\/strong>astoraal <strong>A<\/strong>ntwerpen <em>(Tourism Pastoral Antwerp)<\/em> (TOPA vzw) er: \u00e5 tjene folk i sin reise mot mer sosial, kulturell og \u00e5ndelig dybde. Fokusert p\u00e5 kunstturisme, er v\u00e5rt motto i kirkene: \u201d <strong>f\u00e5 steiner til \u00e5 snakke<\/strong>\u201c. Vi er glade for \u00e5 dele v\u00e5re erfaringer med alle som har som m\u00e5l \u00e5 gj\u00f8re det. Vil du vite mer om v\u00e5r forening: \u00a0<a href=\"https:\/\/topa.be\/no\/wie-zijn-we\/\">Hvem er vi?<\/a>? (p\u00e5 engelsk)<\/p>\n<\/div>\n<\/div>\n\t\t\t\t\t\t\t\t<\/div>\n\t\t\t\t<\/div>\n\t\t\t\t\t<\/div>\n\t\t<\/div>\n\t\t\t\t<div class=\"elementor-column elementor-col-33 elementor-top-column elementor-element elementor-element-5993c2b\" data-id=\"5993c2b\" data-element_type=\"column\" data-e-type=\"column\">\n\t\t\t<div class=\"elementor-widget-wrap elementor-element-populated\">\n\t\t\t\t\t\t<div class=\"elementor-element elementor-element-261daa2 elementor-widget elementor-widget-image\" data-id=\"261daa2\" data-element_type=\"widget\" data-e-type=\"widget\" data-widget_type=\"image.default\">\n\t\t\t\t<div class=\"elementor-widget-container\">\n\t\t\t\t\t\t\t\t\t\t\t\t\t\t\t<img decoding=\"async\" width=\"635\" height=\"635\" src=\"https:\/\/topa.be\/wp-content\/uploads\/Tegel-Welkom.png\" class=\"attachment-large size-large wp-image-37009\" alt=\"\" srcset=\"https:\/\/topa.be\/wp-content\/uploads\/Tegel-Welkom.png 635w, https:\/\/topa.be\/wp-content\/uploads\/Tegel-Welkom-300x300.png 300w, https:\/\/topa.be\/wp-content\/uploads\/Tegel-Welkom-200x200.png 200w\" sizes=\"(max-width: 635px) 100vw, 635px\" \/>\t\t\t\t\t\t\t\t\t\t\t\t\t\t\t<\/div>\n\t\t\t\t<\/div>\n\t\t\t\t\t<\/div>\n\t\t<\/div>\n\t\t\t\t\t<\/div>\n\t\t<\/section>\n\t\t\t\t<\/div>\n\t\t","protected":false},"excerpt":{"rendered":"<p>VELKOMMEN! Havnen i Antwerpen i \u00f8sterriksk tid Kj\u00e6re bes\u00f8kende, velkommen til Antwerpen og til en av de mange vakre kirkene i byen v\u00e5r. Du vil bli overrasket over sin begivenhetsrike historie og s\u00e5 mye fantastisk kreativitet. De mange kirket\u00e5rnene inviterer deg langveisfra og nyter fred og tidl\u00f8s skj\u00f8nnhet. Her finner du all informasjonen du trenger [&hellip;]<\/p>\n","protected":false},"author":16,"featured_media":0,"parent":0,"menu_order":10,"comment_status":"closed","ping_status":"closed","template":"","meta":{"footnotes":""},"class_list":["post-41502","page","type-page","status-publish","hentry"],"aioseo_notices":[],"_links":{"self":[{"href":"https:\/\/topa.be\/no\/wp-json\/wp\/v2\/pages\/41502","targetHints":{"allow":["GET"]}}],"collection":[{"href":"https:\/\/topa.be\/no\/wp-json\/wp\/v2\/pages"}],"about":[{"href":"https:\/\/topa.be\/no\/wp-json\/wp\/v2\/types\/page"}],"author":[{"embeddable":true,"href":"https:\/\/topa.be\/no\/wp-json\/wp\/v2\/users\/16"}],"replies":[{"embeddable":true,"href":"https:\/\/topa.be\/no\/wp-json\/wp\/v2\/comments?post=41502"}],"version-history":[{"count":3,"href":"https:\/\/topa.be\/no\/wp-json\/wp\/v2\/pages\/41502\/revisions"}],"predecessor-version":[{"id":71290,"href":"https:\/\/topa.be\/no\/wp-json\/wp\/v2\/pages\/41502\/revisions\/71290"}],"wp:attachment":[{"href":"https:\/\/topa.be\/no\/wp-json\/wp\/v2\/media?parent=41502"}],"curies":[{"name":"wp","href":"https:\/\/api.w.org\/{rel}","templated":true}]}}