{"id":62238,"date":"2021-11-22T16:27:00","date_gmt":"2021-11-22T15:27:00","guid":{"rendered":"http:\/\/topa.be\/monumentale-kerken\/cappella-di-santa-anna\/"},"modified":"2022-03-28T17:27:33","modified_gmt":"2022-03-28T15:27:33","slug":"cappella-di-santa-anna","status":"publish","type":"page","link":"https:\/\/topa.be\/it\/monumentale-kerken\/cappella-di-santa-anna\/","title":{"rendered":"Cappella di Santa Anna"},"content":{"rendered":"\t\t<div data-elementor-type=\"wp-page\" data-elementor-id=\"62238\" class=\"elementor elementor-62238 elementor-34078\" data-elementor-post-type=\"page\">\n\t\t\t\t\t\t<section class=\"elementor-section elementor-top-section elementor-element elementor-element-95b0d73 elementor-section-boxed elementor-section-height-default elementor-section-height-default\" data-id=\"95b0d73\" data-element_type=\"section\" data-e-type=\"section\">\n\t\t\t\t\t\t<div class=\"elementor-container elementor-column-gap-default\">\n\t\t\t\t\t<div class=\"elementor-column elementor-col-100 elementor-top-column elementor-element elementor-element-52da9be\" data-id=\"52da9be\" data-element_type=\"column\" data-e-type=\"column\">\n\t\t\t<div class=\"elementor-widget-wrap elementor-element-populated\">\n\t\t\t\t\t\t<div class=\"elementor-element elementor-element-0ca3259 elementor-widget elementor-widget-heading\" data-id=\"0ca3259\" data-element_type=\"widget\" data-e-type=\"widget\" data-widget_type=\"heading.default\">\n\t\t\t\t<div class=\"elementor-widget-container\">\n\t\t\t\t\t<h1 class=\"elementor-heading-title elementor-size-default\">Cappella di Santa Anna<\/h1>\t\t\t\t<\/div>\n\t\t\t\t<\/div>\n\t\t\t\t\t<\/div>\n\t\t<\/div>\n\t\t\t\t\t<\/div>\n\t\t<\/section>\n\t\t\t\t<section class=\"elementor-section elementor-top-section elementor-element elementor-element-c198893 elementor-section-boxed elementor-section-height-default elementor-section-height-default\" data-id=\"c198893\" data-element_type=\"section\" data-e-type=\"section\">\n\t\t\t\t\t\t<div class=\"elementor-container elementor-column-gap-default\">\n\t\t\t\t\t<div class=\"elementor-column elementor-col-100 elementor-top-column elementor-element elementor-element-aa4408c\" data-id=\"aa4408c\" data-element_type=\"column\" data-e-type=\"column\">\n\t\t\t<div class=\"elementor-widget-wrap elementor-element-populated\">\n\t\t\t\t\t\t<div class=\"elementor-element elementor-element-1ec362e elementor-widget elementor-widget-heading\" data-id=\"1ec362e\" data-element_type=\"widget\" data-e-type=\"widget\" data-widget_type=\"heading.default\">\n\t\t\t\t<div class=\"elementor-widget-container\">\n\t\t\t\t\t<h2 class=\"elementor-heading-title elementor-size-default\">Conosciutoa anche come la \u2018Cappella dell\u2019Imperatore\u2019<\/h2>\t\t\t\t<\/div>\n\t\t\t\t<\/div>\n\t\t\t\t\t<\/div>\n\t\t<\/div>\n\t\t\t\t\t<\/div>\n\t\t<\/section>\n\t\t\t\t<section class=\"elementor-section elementor-top-section elementor-element elementor-element-bd3a501 elementor-section-boxed elementor-section-height-default elementor-section-height-default\" data-id=\"bd3a501\" data-element_type=\"section\" data-e-type=\"section\">\n\t\t\t\t\t\t<div class=\"elementor-container elementor-column-gap-default\">\n\t\t\t\t\t<div class=\"elementor-column elementor-col-50 elementor-top-column elementor-element elementor-element-36f3d52\" data-id=\"36f3d52\" data-element_type=\"column\" data-e-type=\"column\">\n\t\t\t<div class=\"elementor-widget-wrap elementor-element-populated\">\n\t\t\t\t\t\t<div class=\"elementor-element elementor-element-0d27436 elementor-widget elementor-widget-image\" data-id=\"0d27436\" data-element_type=\"widget\" data-e-type=\"widget\" data-widget_type=\"image.default\">\n\t\t\t\t<div class=\"elementor-widget-container\">\n\t\t\t\t\t\t\t\t\t\t\t\t\t\t\t\t<a href=\"https:\/\/topa.be\/wp-content\/uploads\/Antwerpen-Keizerskapel-Buiten.jpg\" data-elementor-open-lightbox=\"yes\" data-elementor-lightbox-title=\"Antwerpen-Keizerskapel-Buiten\" data-e-action-hash=\"#elementor-action%3Aaction%3Dlightbox%26settings%3DeyJpZCI6MTMyMzEsInVybCI6Imh0dHBzOlwvXC90b3BhLmJlXC93cC1jb250ZW50XC91cGxvYWRzXC9BbnR3ZXJwZW4tS2VpemVyc2thcGVsLUJ1aXRlbi5qcGcifQ%3D%3D\">\n\t\t\t\t\t\t\t<img fetchpriority=\"high\" decoding=\"async\" width=\"800\" height=\"450\" src=\"https:\/\/topa.be\/wp-content\/uploads\/Antwerpen-Keizerskapel-Buiten.jpg\" class=\"attachment-large size-large wp-image-13231\" alt=\"\" srcset=\"https:\/\/topa.be\/wp-content\/uploads\/Antwerpen-Keizerskapel-Buiten.jpg 1024w, https:\/\/topa.be\/wp-content\/uploads\/Antwerpen-Keizerskapel-Buiten-300x169.jpg 300w, https:\/\/topa.be\/wp-content\/uploads\/Antwerpen-Keizerskapel-Buiten-200x113.jpg 200w, https:\/\/topa.be\/wp-content\/uploads\/Antwerpen-Keizerskapel-Buiten-768x432.jpg 768w\" sizes=\"(max-width: 800px) 100vw, 800px\" \/>\t\t\t\t\t\t\t\t<\/a>\n\t\t\t\t\t\t\t\t\t\t\t\t\t\t\t<\/div>\n\t\t\t\t<\/div>\n\t\t\t\t\t<\/div>\n\t\t<\/div>\n\t\t\t\t<div class=\"elementor-column elementor-col-50 elementor-top-column elementor-element elementor-element-8e89980\" data-id=\"8e89980\" data-element_type=\"column\" data-e-type=\"column\">\n\t\t\t<div class=\"elementor-widget-wrap elementor-element-populated\">\n\t\t\t\t\t\t<div class=\"elementor-element elementor-element-4838383 elementor-widget elementor-widget-image\" data-id=\"4838383\" data-element_type=\"widget\" data-e-type=\"widget\" data-widget_type=\"image.default\">\n\t\t\t\t<div class=\"elementor-widget-container\">\n\t\t\t\t\t\t\t\t\t\t\t\t\t\t\t\t<a href=\"https:\/\/topa.be\/wp-content\/uploads\/Antwerpen-Keizerskapel-Binnen.jpg\" data-elementor-open-lightbox=\"yes\" data-elementor-lightbox-title=\"Antwerpen-Keizerskapel-Binnen\" data-e-action-hash=\"#elementor-action%3Aaction%3Dlightbox%26settings%3DeyJpZCI6MTMyMTksInVybCI6Imh0dHBzOlwvXC90b3BhLmJlXC93cC1jb250ZW50XC91cGxvYWRzXC9BbnR3ZXJwZW4tS2VpemVyc2thcGVsLUJpbm5lbi5qcGcifQ%3D%3D\">\n\t\t\t\t\t\t\t<img decoding=\"async\" width=\"800\" height=\"450\" src=\"https:\/\/topa.be\/wp-content\/uploads\/Antwerpen-Keizerskapel-Binnen.jpg\" class=\"attachment-large size-large wp-image-13219\" alt=\"\" srcset=\"https:\/\/topa.be\/wp-content\/uploads\/Antwerpen-Keizerskapel-Binnen.jpg 1024w, https:\/\/topa.be\/wp-content\/uploads\/Antwerpen-Keizerskapel-Binnen-300x169.jpg 300w, https:\/\/topa.be\/wp-content\/uploads\/Antwerpen-Keizerskapel-Binnen-200x113.jpg 200w, https:\/\/topa.be\/wp-content\/uploads\/Antwerpen-Keizerskapel-Binnen-768x432.jpg 768w\" sizes=\"(max-width: 800px) 100vw, 800px\" \/>\t\t\t\t\t\t\t\t<\/a>\n\t\t\t\t\t\t\t\t\t\t\t\t\t\t\t<\/div>\n\t\t\t\t<\/div>\n\t\t\t\t\t<\/div>\n\t\t<\/div>\n\t\t\t\t\t<\/div>\n\t\t<\/section>\n\t\t\t\t<section class=\"elementor-section elementor-top-section elementor-element elementor-element-345f5c5 elementor-section-boxed elementor-section-height-default elementor-section-height-default\" data-id=\"345f5c5\" data-element_type=\"section\" data-e-type=\"section\">\n\t\t\t\t\t\t<div class=\"elementor-container elementor-column-gap-default\">\n\t\t\t\t\t<div class=\"elementor-column elementor-col-100 elementor-top-column elementor-element elementor-element-eafd3ce\" data-id=\"eafd3ce\" data-element_type=\"column\" data-e-type=\"column\">\n\t\t\t<div class=\"elementor-widget-wrap elementor-element-populated\">\n\t\t\t\t\t\t<div class=\"elementor-element elementor-element-705bef5 elementor-widget elementor-widget-text-editor\" data-id=\"705bef5\" data-element_type=\"widget\" data-e-type=\"widget\" data-widget_type=\"text-editor.default\">\n\t\t\t\t<div class=\"elementor-widget-container\">\n\t\t\t\t\t\t\t\t\t<div class=\"wpb_text_column wpb_content_element \">\n<div class=\"wpb_wrapper\">\n<p style=\"text-align: justify;\">Una delle pi\u00f9 piccole cappelle storiche di Anversa \u00e8 quella della corporazione dei \u201ctosatori di stoffa\u201d (droogscheerders) del 1512. Si trova nella via dell\u2019imperatore (Keizerstraat) quindi nominata cappella dell\u2019imperatore. Ha raggiunto il suo massimo splendore quando per sicurezza la parrocchia di San Vilibrordo vi ha trovato un rifugio temporaneo. Soprattutto sotto l\u2019amministrazione del parroco Petrus de Louwe conobbe un grande splendore. La cappella gotica \u00e8 impreziosita da alcuni mobili barocchi, come l\u2019altare, il pulpito (Verbrugghen Peter II), i confessionali, il banco di comunione, il portale sud, il pavimento in marmo e il magnifico ostensorio (Corbion, 1653).\u00a0La venerazione di San Liborio la rese ancora pi\u00f9 famosa. Chiusa sotto il dominio francese, questa sar\u00e0 la prima chiesa riaperta al culto cattolico ad Anversa. Entr\u00f2 in possesso privato nel 19\u00b0 secolo e sfugg\u00ec pi\u00f9 di una volta alla demolizione. Al giorno d\u2019oggi serve come cappella del monastero dei padri bianchi che hanno scelto la citt\u00e0 portuale di Anversa come base per le loro missioni africane. Alla fine dell\u2019800 \u00e8 stata dotata di belle vetrate (Pluys L. e E. Steyaert) che raccontano la giovent\u00f9 di Maria. Nel 1994 la cappella riacquist\u00f2 la sua vecchia gloria grazie al mecenate X. Nieberding.<\/p>\n<\/div>\n<\/div>\n\t\t\t\t\t\t\t\t<\/div>\n\t\t\t\t<\/div>\n\t\t\t\t\t<\/div>\n\t\t<\/div>\n\t\t\t\t\t<\/div>\n\t\t<\/section>\n\t\t\t\t<section class=\"elementor-section elementor-top-section elementor-element elementor-element-68741c10 elementor-section-boxed elementor-section-height-default elementor-section-height-default\" data-id=\"68741c10\" data-element_type=\"section\" data-e-type=\"section\">\n\t\t\t\t\t\t<div class=\"elementor-container elementor-column-gap-default\">\n\t\t\t\t\t<div class=\"elementor-column elementor-col-100 elementor-top-column elementor-element elementor-element-5826c612\" data-id=\"5826c612\" data-element_type=\"column\" data-e-type=\"column\">\n\t\t\t<div class=\"elementor-widget-wrap elementor-element-populated\">\n\t\t\t\t\t\t<div class=\"elementor-element elementor-element-58a840db elementor-widget elementor-widget-text-editor\" data-id=\"58a840db\" data-element_type=\"widget\" data-e-type=\"widget\" data-widget_type=\"text-editor.default\">\n\t\t\t\t<div class=\"elementor-widget-container\">\n\t\t\t\t\t\t\t\t\t<p style=\"text-align: justify;\">Tramite <a href=\"https:\/\/goo.gl\/maps\/axmswV6ahnM8EeYBA\"><strong>QUESTA MAPPA<\/strong><\/a> \u00e8 possibile determinare un percorso in funzione del mezzo di trasporto.<br \/>\nSi consiglia di utilizzare VELO-Antwerpen:\u00a0<a href=\"https:\/\/www.velo-antwerpen.be\/en\"><strong>https:\/\/www.velo-antwerpen.be\/en<\/strong><\/a><\/p>\n\t\t\t\t\t\t\t\t<\/div>\n\t\t\t\t<\/div>\n\t\t\t\t\t<\/div>\n\t\t<\/div>\n\t\t\t\t\t<\/div>\n\t\t<\/section>\n\t\t\t\t<section class=\"elementor-section elementor-top-section elementor-element elementor-element-4cfac87 elementor-section-boxed elementor-section-height-default elementor-section-height-default\" data-id=\"4cfac87\" data-element_type=\"section\" data-e-type=\"section\">\n\t\t\t\t\t\t<div class=\"elementor-container elementor-column-gap-default\">\n\t\t\t\t\t<div class=\"elementor-column elementor-col-50 elementor-top-column elementor-element elementor-element-a353bfd\" data-id=\"a353bfd\" data-element_type=\"column\" data-e-type=\"column\">\n\t\t\t<div class=\"elementor-widget-wrap elementor-element-populated\">\n\t\t\t\t\t\t<div class=\"elementor-element elementor-element-708c958 elementor-widget elementor-widget-text-editor\" data-id=\"708c958\" data-element_type=\"widget\" data-e-type=\"widget\" data-widget_type=\"text-editor.default\">\n\t\t\t\t<div class=\"elementor-widget-container\">\n\t\t\t\t\t\t\t\t\t<h2>Informazioni pratiche<\/h2>\n<p><strong>Orario di visita<br \/>\n<\/strong>Sabato, domenica e luned\u00ec dalle 13 alle 18<br \/>\nGruppi su appuntamento<\/p>\n<p><strong>Info<\/strong><strong><br \/>\n<\/strong>Keizerstraat 21 \u2013 B-2000 Antwerpen,<br \/>\n+32 (0)03 226 76 31<br \/>\nContact dr. De Bruyn Jean-Pierre:<br \/>\n+32 (0)9 355 69 60<\/p>\n\t\t\t\t\t\t\t\t<\/div>\n\t\t\t\t<\/div>\n\t\t\t\t\t<\/div>\n\t\t<\/div>\n\t\t\t\t<div class=\"elementor-column elementor-col-50 elementor-top-column elementor-element elementor-element-1650eff\" data-id=\"1650eff\" data-element_type=\"column\" data-e-type=\"column\">\n\t\t\t<div class=\"elementor-widget-wrap\">\n\t\t\t\t\t\t\t<\/div>\n\t\t<\/div>\n\t\t\t\t\t<\/div>\n\t\t<\/section>\n\t\t\t\t<\/div>\n\t\t","protected":false},"excerpt":{"rendered":"<p>Cappella di Santa Anna Conosciutoa anche come la \u2018Cappella dell\u2019Imperatore\u2019 Una delle pi\u00f9 piccole cappelle storiche di Anversa \u00e8 quella della corporazione dei \u201ctosatori di stoffa\u201d (droogscheerders) del 1512. Si trova nella via dell\u2019imperatore (Keizerstraat) quindi nominata cappella dell\u2019imperatore. Ha raggiunto il suo massimo splendore quando per sicurezza la parrocchia di San Vilibrordo vi ha [&hellip;]<\/p>\n","protected":false},"author":16,"featured_media":0,"parent":46807,"menu_order":420,"comment_status":"closed","ping_status":"closed","template":"","meta":{"footnotes":""},"class_list":["post-62238","page","type-page","status-publish","hentry"],"aioseo_notices":[],"_links":{"self":[{"href":"https:\/\/topa.be\/it\/wp-json\/wp\/v2\/pages\/62238","targetHints":{"allow":["GET"]}}],"collection":[{"href":"https:\/\/topa.be\/it\/wp-json\/wp\/v2\/pages"}],"about":[{"href":"https:\/\/topa.be\/it\/wp-json\/wp\/v2\/types\/page"}],"author":[{"embeddable":true,"href":"https:\/\/topa.be\/it\/wp-json\/wp\/v2\/users\/16"}],"replies":[{"embeddable":true,"href":"https:\/\/topa.be\/it\/wp-json\/wp\/v2\/comments?post=62238"}],"version-history":[{"count":3,"href":"https:\/\/topa.be\/it\/wp-json\/wp\/v2\/pages\/62238\/revisions"}],"predecessor-version":[{"id":64481,"href":"https:\/\/topa.be\/it\/wp-json\/wp\/v2\/pages\/62238\/revisions\/64481"}],"up":[{"embeddable":true,"href":"https:\/\/topa.be\/it\/wp-json\/wp\/v2\/pages\/46807"}],"wp:attachment":[{"href":"https:\/\/topa.be\/it\/wp-json\/wp\/v2\/media?parent=62238"}],"curies":[{"name":"wp","href":"https:\/\/api.w.org\/{rel}","templated":true}]}}