{"id":41707,"date":"2021-06-22T13:19:41","date_gmt":"2021-06-22T11:19:41","guid":{"rendered":"http:\/\/topa.be\/groepen\/"},"modified":"2025-03-12T17:20:13","modified_gmt":"2025-03-12T16:20:13","slug":"groepen","status":"publish","type":"page","link":"https:\/\/topa.be\/it\/groepen\/","title":{"rendered":"Visite guidate per gruppi"},"content":{"rendered":"\t\t<div data-elementor-type=\"wp-page\" data-elementor-id=\"41707\" class=\"elementor elementor-41707 elementor-11759\" data-elementor-post-type=\"page\">\n\t\t\t\t\t\t<section class=\"elementor-section elementor-top-section elementor-element elementor-element-59dbca5 elementor-section-boxed elementor-section-height-default elementor-section-height-default\" data-id=\"59dbca5\" data-element_type=\"section\" data-e-type=\"section\">\n\t\t\t\t\t\t<div class=\"elementor-container elementor-column-gap-default\">\n\t\t\t\t\t<div class=\"elementor-column elementor-col-100 elementor-top-column elementor-element elementor-element-6ed7a48\" data-id=\"6ed7a48\" data-element_type=\"column\" data-e-type=\"column\">\n\t\t\t<div class=\"elementor-widget-wrap elementor-element-populated\">\n\t\t\t\t\t\t<div class=\"elementor-element elementor-element-20fe0e2 elementor-widget elementor-widget-heading\" data-id=\"20fe0e2\" data-element_type=\"widget\" data-e-type=\"widget\" data-widget_type=\"heading.default\">\n\t\t\t\t<div class=\"elementor-widget-container\">\n\t\t\t\t\t<h1 class=\"elementor-heading-title elementor-size-default\"> Visite guidate per gruppi<\/h1>\t\t\t\t<\/div>\n\t\t\t\t<\/div>\n\t\t\t\t\t<\/div>\n\t\t<\/div>\n\t\t\t\t\t<\/div>\n\t\t<\/section>\n\t\t\t\t<section class=\"elementor-section elementor-top-section elementor-element elementor-element-77560bd elementor-section-boxed elementor-section-height-default elementor-section-height-default\" data-id=\"77560bd\" data-element_type=\"section\" data-e-type=\"section\">\n\t\t\t\t\t\t<div class=\"elementor-container elementor-column-gap-default\">\n\t\t\t\t\t<div class=\"elementor-column elementor-col-100 elementor-top-column elementor-element elementor-element-df53be5\" data-id=\"df53be5\" data-element_type=\"column\" data-e-type=\"column\">\n\t\t\t<div class=\"elementor-widget-wrap elementor-element-populated\">\n\t\t\t\t\t\t<section class=\"elementor-section elementor-inner-section elementor-element elementor-element-4594b7d elementor-section-boxed elementor-section-height-default elementor-section-height-default\" data-id=\"4594b7d\" data-element_type=\"section\" data-e-type=\"section\">\n\t\t\t\t\t\t<div class=\"elementor-container elementor-column-gap-default\">\n\t\t\t\t\t<div class=\"elementor-column elementor-col-66 elementor-inner-column elementor-element elementor-element-2538717\" data-id=\"2538717\" data-element_type=\"column\" data-e-type=\"column\">\n\t\t\t<div class=\"elementor-widget-wrap elementor-element-populated\">\n\t\t\t\t\t\t<div class=\"elementor-element elementor-element-df9076c elementor-widget elementor-widget-text-editor\" data-id=\"df9076c\" data-element_type=\"widget\" data-e-type=\"widget\" data-widget_type=\"text-editor.default\">\n\t\t\t\t<div class=\"elementor-widget-container\">\n\t\t\t\t\t\t\t\t\t<div class=\"wpb_text_column wpb_content_element \">\n<div class=\"wpb_wrapper\">\n<p style=\"text-align: justify;\">Ci sono molti modi diversi per visitare una chiesa in gruppo:<\/p>\n<ul style=\"text-align: justify;\">\n<li>Se optate per l\u2019avventura, potete esplorare le chiese da soli, o in piccolo gruppo con il volantino a mano o armati di una guida artistica completa (vedi <a href=\"https:\/\/www.topa.be\/it\/publicaties-2\/\"><strong>Pubblicazioni<\/strong><\/a>).<\/li>\n<li>in un gruppo con la propria guida.<\/li>\n<li>Ma se non volete perdere il senso della proporzione e se volete godere pi\u00f9 intensamente la bellezza, potete approfittare della nostra offerta di visite guidate gratuite. Una guida TOPA allora vi porter\u00e0 alla scoperta senza alcun obbligo. Vi stupir\u00e0 di spesso vedere molto di pi\u00f9\u2026 rispetto a quello che avete visto a prima vista.\n<ul style=\"text-align: justify;\">\n<li>Un gruppo \u00e8 normalmente composto da un massimo di 20 visitatori, ma eccezionalmente pu\u00f2 arrivare fino a 25.<\/li>\n<\/ul>\n<\/li>\n<\/ul>\n<p style=\"text-align: justify;\">.<br \/>\nLe possibilit\u00e0 concrete per le cinque chiese turistiche di Anversa-centro storico si trovano qui:<\/p>\n<\/div>\n<\/div>\n\t\t\t\t\t\t\t\t<\/div>\n\t\t\t\t<\/div>\n\t\t\t\t<div class=\"elementor-element elementor-element-1fb5d60 elementor-widget elementor-widget-text-editor\" data-id=\"1fb5d60\" data-element_type=\"widget\" data-e-type=\"widget\" data-widget_type=\"text-editor.default\">\n\t\t\t\t<div class=\"elementor-widget-container\">\n\t\t\t\t\t\t\t\t\t<div class=\"wpb_text_column wpb_content_element \">\n<div class=\"wpb_wrapper\">\n<p style=\"text-align: justify;\"><strong>Le cinque chiese nel cuore di Anversa<\/strong><\/p>\n<p style=\"text-align: justify;\"><a href=\"https:\/\/www.topa.be\/it\/olv-kathedraal\/rondleidingen\/\"><strong>Cattedrale di Nostra Signora<\/strong><\/a><\/p>\n<p style=\"text-align: justify;\"><a href=\"https:\/\/www.topa.be\/it\/st-andries\/rondleidingen\/\"><strong>Chiesa di Sant\u2019Andrea<\/strong><\/a><\/p>\n<p style=\"text-align: justify;\"><a href=\"https:\/\/www.topa.be\/it\/sint-carolus-borromeus\/rondleidingen\/\"><strong>Chiesa di San Carlo Borromeo<\/strong><\/a><\/p>\n<p style=\"text-align: justify;\"><a href=\"https:\/\/www.topa.be\/it\/sint-jacob\/rondleidingen\/\"><strong>Chiesa di San Giacomo<\/strong><\/a><\/p>\n<p style=\"text-align: justify;\"><a href=\"https:\/\/www.topa.be\/it\/sint-pauluskerk\/rondleidingen\/\"><strong>Chiesa di San Paolo<\/strong><\/a><\/p>\n<\/div>\n<\/div>\n\t\t\t\t\t\t\t\t<\/div>\n\t\t\t\t<\/div>\n\t\t\t\t<div class=\"elementor-element elementor-element-dac1be0 elementor-widget elementor-widget-text-editor\" data-id=\"dac1be0\" data-element_type=\"widget\" data-e-type=\"widget\" data-widget_type=\"text-editor.default\">\n\t\t\t\t<div class=\"elementor-widget-container\">\n\t\t\t\t\t\t\t\t\t<div class=\"wpb_text_column wpb_content_element \">\n<div class=\"wpb_wrapper\">\n<p style=\"text-align: justify;\"><strong>Le altre chiese monumentali di Anversa <em>(in inglese)<\/em><\/strong><\/p>\n<p style=\"text-align: justify;\"><strong><a href=\"https:\/\/www.topa.be\/en\/monumentale-kerken\/sint-antonius-van-padua\/\">Chiesa di Sant\u2019Antonio di Padova<\/a><\/strong><\/p>\n<p style=\"text-align: justify;\"><strong><a href=\"https:\/\/www.topa.be\/en\/monumentale-kerken\/sint-catharina-begijnhof\/\">Chiesa di Santa Caterina, chiese del beghinaggio<\/a><\/strong><\/p>\n<p style=\"text-align: justify;\"><strong><a href=\"https:\/\/www.topa.be\/en\/monumentale-kerken\/sint-joris\/\">Chiesa di San Giorgio<\/a><\/strong><\/p>\n<p style=\"text-align: justify;\"><strong><a href=\"https:\/\/www.topa.be\/en\/monumentale-kerken\/sint-laurentius\/\">Chiesa di San Lorenzo<\/a><\/strong><\/p>\n<p style=\"text-align: justify;\"><strong><a href=\"https:\/\/www.topa.be\/en\/monumentale-kerken\/sint-norbertus\/\">Chiesa di San Norbert<\/a><\/strong><\/p>\n<p style=\"text-align: justify;\"><strong><a href=\"https:\/\/www.topa.be\/en\/monumentale-kerken\/sint-willibrordus\/\">Chiesa di San Willibrord<\/a><\/strong><\/p>\n<p style=\"text-align: justify;\"><strong><a href=\"https:\/\/www.topa.be\/en\/monumentale-kerken\/deurne-sint-fredegandus\/\">Deurne, Chiesa di San Fredegand<\/a><\/strong><\/p>\n<\/div>\n<\/div>\n\t\t\t\t\t\t\t\t<\/div>\n\t\t\t\t<\/div>\n\t\t\t\t<div class=\"elementor-element elementor-element-df5fd23 elementor-widget elementor-widget-text-editor\" data-id=\"df5fd23\" data-element_type=\"widget\" data-e-type=\"widget\" data-widget_type=\"text-editor.default\">\n\t\t\t\t<div class=\"elementor-widget-container\">\n\t\t\t\t\t\t\t\t\t<div class=\"wpb_text_column wpb_content_element \">\n<div class=\"wpb_wrapper\">\n<h2 style=\"text-align: justify;\"><strong>\u201cTour tra le Torri\u201d:<br \/>\nPassando da una chiesa all\u2019altra<\/strong><\/h2>\n<p style=\"text-align: justify;\"><em>Questa passeggiata dipende dagli orari di accesso alle chiese, che variano da stagione a stagione, e dai servizi di culto.<\/em><\/p>\n<p>Si applica a tutte queste passeggiate:<br \/>\n<strong>Guida: 9<\/strong>5,00 EUR<br \/>\n<strong>Prenotazione: <\/strong>3 settimane in anticipo tramite\u00a0<a href=\"mailto:info@dekathedraal.be\"><strong>info@dekathedraal.be<\/strong><\/a><strong> \u00a0or +32 (0)3 213 99 51<\/strong><\/p>\n<\/div>\n<\/div>\n\t\t\t\t\t\t\t\t<\/div>\n\t\t\t\t<\/div>\n\t\t\t\t<div class=\"elementor-element elementor-element-c6428ea elementor-widget elementor-widget-text-editor\" data-id=\"c6428ea\" data-element_type=\"widget\" data-e-type=\"widget\" data-widget_type=\"text-editor.default\">\n\t\t\t\t<div class=\"elementor-widget-container\">\n\t\t\t\t\t\t\t\t\t<div class=\"wpb_text_column wpb_content_element \">\n<div class=\"wpb_wrapper\">\n<h3><span style=\"color: #3366ff;\"><strong>Punti salienti della pittura di Anversese<\/strong><\/span>\u00a0<strong><em>(in inglese)<\/em><\/strong><\/h3>\n<p>Grazie al decreto Top Art, la massima pittura barocca di Anversa non lascer\u00e0 mai il nostro territorio. Vieni faccia a faccia con ventidue capolavori protetti in tre chiese monumentali: San Paolo, la Cattedrale e San Giacomo. Scoprite chi, oltre a Rubens, Van Dyck e Jordaens, merita ancora la nostra protezione e la nostra ammirazione.<\/p>\n<p><strong>Tempo: <\/strong>da 1h30 a 2h00<br \/>\n<strong>Prezzo: \u20ac 10.00 &#8211; gli abitanti della provincia di Anversa; gratuitamente<\/strong><\/p>\n<\/div>\n<\/div>\n\t\t\t\t\t\t\t\t<\/div>\n\t\t\t\t<\/div>\n\t\t\t\t<div class=\"elementor-element elementor-element-ab312cb elementor-widget elementor-widget-text-editor\" data-id=\"ab312cb\" data-element_type=\"widget\" data-e-type=\"widget\" data-widget_type=\"text-editor.default\">\n\t\t\t\t<div class=\"elementor-widget-container\">\n\t\t\t\t\t\t\t\t\t<p>&#8230;<\/p>\n\t\t\t\t\t\t\t\t<\/div>\n\t\t\t\t<\/div>\n\t\t\t\t<div class=\"elementor-element elementor-element-c2b7f59 elementor-widget elementor-widget-text-editor\" data-id=\"c2b7f59\" data-element_type=\"widget\" data-e-type=\"widget\" data-widget_type=\"text-editor.default\">\n\t\t\t\t<div class=\"elementor-widget-container\">\n\t\t\t\t\t\t\t\t\t<h2 style=\"text-align: justify;\">Tour disponibili per gruppi in Cattedrale (in inglese o francese)<\/h2>\n\t\t\t\t\t\t\t\t<\/div>\n\t\t\t\t<\/div>\n\t\t\t\t<div class=\"elementor-element elementor-element-a6a928f elementor-widget elementor-widget-text-editor\" data-id=\"a6a928f\" data-element_type=\"widget\" data-e-type=\"widget\" data-widget_type=\"text-editor.default\">\n\t\t\t\t<div class=\"elementor-widget-container\">\n\t\t\t\t\t\t\t\t\t<h3 style=\"text-align: justify;\"><span style=\"color: #3366ff;\"><strong>Discovering the cathedral<\/strong><\/span><\/h3>\n<p style=\"text-align: justify;\">For centuries Our Lady\u2019s Cathedral has been welcoming visitors from all corners of the world. The largest cathedral in the Low Countries is not only a great treasury but also a home for a living church community. We will be pleased to accompany you on your quest past P.P. Rubens and tens of less known artists, who created their masterpieces for people who feel at home in this House of God.<\/p>\n<p style=\"text-align: justify;\">Be surprised by the beauty and the powerful stories that it hides. Many things are not as they seem\u2026<\/p>\n<p style=\"text-align: justify;\"><strong>Duration: 1h30 to 2h00<\/strong><br \/>\n<strong>Price: \u20ac 10.00;\u00a0 inhabitants of the Province of Antwerp: free<\/strong><\/p>\n\t\t\t\t\t\t\t\t<\/div>\n\t\t\t\t<\/div>\n\t\t\t\t<div class=\"elementor-element elementor-element-4f6aefe elementor-widget elementor-widget-text-editor\" data-id=\"4f6aefe\" data-element_type=\"widget\" data-e-type=\"widget\" data-widget_type=\"text-editor.default\">\n\t\t\t\t<div class=\"elementor-widget-container\">\n\t\t\t\t\t\t\t\t\t<h3 style=\"text-align: justify;\"><span style=\"color: #3366ff;\"><strong>From the large garden to the small tower<\/strong><\/span><\/h3>\n<p style=\"text-align: justify;\">A garden 16 ft. above street level and in the heart of Antwerp\u2026 For long this was a well-kept secret. How did it end up there and what is the relation between this garden and the unfinished cathedral tower? From this tower you can see Antwerp the way you never saw the city and the river Scheldt. You will also explore a number of hidden spots \u201cbehind the screens\u201d and admire the age-old craftsmanship of roof carpenters and builders of vaultings and towers.<\/p>\n<p style=\"text-align: justify;\"><strong>Duration: 2h00<\/strong><br \/>\n<strong>Price: \u20ac 15.00<\/strong><\/p>\n<p style=\"text-align: justify;\">.<\/p>\n\t\t\t\t\t\t\t\t<\/div>\n\t\t\t\t<\/div>\n\t\t\t\t<div class=\"elementor-element elementor-element-c02142b elementor-widget elementor-widget-text-editor\" data-id=\"c02142b\" data-element_type=\"widget\" data-e-type=\"widget\" data-widget_type=\"text-editor.default\">\n\t\t\t\t<div class=\"elementor-widget-container\">\n\t\t\t\t\t\t\t\t\t<h3 style=\"text-align: justify;\"><span style=\"color: #3366ff;\"><strong>Beneath and above the vaultings<\/strong><\/span><\/h3>\n<p style=\"text-align: justify;\">For centuries the vaultings of the cathedral have been a stone tent giving shelter to hosts of works of art. We discover a few highlights with you and take you to the attic of the central nave. Beneath age-old beams the vaultings are even more spectacular. We climb the \u201csmall tower\u201d (which is less small than you would think), see an age-old treadwheel crane and enjoy a sensational view over the city and its river.<\/p>\n<p style=\"text-align: justify;\"><strong>Duration: 2h00<\/strong><br \/>\n<strong>Price: \u20ac 15.00<\/strong><\/p>\n\t\t\t\t\t\t\t\t<\/div>\n\t\t\t\t<\/div>\n\t\t\t\t<div class=\"elementor-element elementor-element-6362a4e elementor-widget elementor-widget-text-editor\" data-id=\"6362a4e\" data-element_type=\"widget\" data-e-type=\"widget\" data-widget_type=\"text-editor.default\">\n\t\t\t\t<div class=\"elementor-widget-container\">\n\t\t\t\t\t\t\t\t\t<h3 style=\"text-align: justify;\"><span style=\"color: #3366ff;\"><strong>Stunning 3D statues<\/strong><\/span><\/h3>\n<p style=\"text-align: justify;\">(from\u00a0<em>Mosan Madonna<\/em>\u00a0to Fabre, from\u00a0<em>The Woman who carries the Child<\/em>\u00a0to\u00a0<em>The Man who carries the Cross<\/em>)<\/p>\n<p style=\"text-align: justify;\">Woodcutters, sculptors and bronze casters\u2026 Since the Middle Ages they have been confronting us with three-dimensional works of art: tender, astonishing, confronting, puzzling, never noncommittal. Oak and stone come to life. However cool the marble may be, it will not leave you cold. The polished bronze may even reflect a part of yourself.<\/p>\n<p style=\"text-align: justify;\"><strong>Duration: 1h30 to 2h00<\/strong><br \/>\n<strong>Price: \u20ac 10.00;\u00a0 inhabitants of the Province of Antwerp: free<\/strong><\/p>\n\t\t\t\t\t\t\t\t<\/div>\n\t\t\t\t<\/div>\n\t\t\t\t<div class=\"elementor-element elementor-element-5eef3c3 elementor-widget elementor-widget-text-editor\" data-id=\"5eef3c3\" data-element_type=\"widget\" data-e-type=\"widget\" data-widget_type=\"text-editor.default\">\n\t\t\t\t<div class=\"elementor-widget-container\">\n\t\t\t\t\t\t\t\t\t<p>&#8230;<\/p>\n\t\t\t\t\t\t\t\t<\/div>\n\t\t\t\t<\/div>\n\t\t\t\t<div class=\"elementor-element elementor-element-c8d177a elementor-widget elementor-widget-text-editor\" data-id=\"c8d177a\" data-element_type=\"widget\" data-e-type=\"widget\" data-widget_type=\"text-editor.default\">\n\t\t\t\t<div class=\"elementor-widget-container\">\n\t\t\t\t\t\t\t\t\t<p>&#8230;<\/p>\n\t\t\t\t\t\t\t\t<\/div>\n\t\t\t\t<\/div>\n\t\t\t\t<div class=\"elementor-element elementor-element-bb7aa23 elementor-widget elementor-widget-text-editor\" data-id=\"bb7aa23\" data-element_type=\"widget\" data-e-type=\"widget\" data-widget_type=\"text-editor.default\">\n\t\t\t\t<div class=\"elementor-widget-container\">\n\t\t\t\t\t\t\t\t\t<p>&#8230;<\/p>\n\t\t\t\t\t\t\t\t<\/div>\n\t\t\t\t<\/div>\n\t\t\t\t<div class=\"elementor-element elementor-element-a7b8bc2 elementor-widget-divider--separator-type-pattern elementor-widget-divider--view-line elementor-widget elementor-widget-divider\" data-id=\"a7b8bc2\" data-element_type=\"widget\" data-e-type=\"widget\" data-widget_type=\"divider.default\">\n\t\t\t\t<div class=\"elementor-widget-container\">\n\t\t\t\t\t\t\t<div class=\"elementor-divider\" style=\"--divider-pattern-url: url(&quot;data:image\/svg+xml,%3Csvg xmlns=&#039;http:\/\/www.w3.org\/2000\/svg&#039; preserveAspectRatio=&#039;none&#039; overflow=&#039;visible&#039; height=&#039;100%&#039; viewBox=&#039;0 0 24 24&#039; fill=&#039;none&#039; stroke=&#039;black&#039; stroke-width=&#039;1&#039; stroke-linecap=&#039;square&#039; stroke-miterlimit=&#039;10&#039;%3E%3Cpath d=&#039;M0,21c3.3,0,8.3-0.9,15.7-7.1c6.6-5.4,4.4-9.3,2.4-10.3c-3.4-1.8-7.7,1.3-7.3,8.8C11.2,20,17.1,21,24,21&#039;\/%3E%3C\/svg%3E&quot;);\">\n\t\t\t<span class=\"elementor-divider-separator\">\n\t\t\t\t\t\t<\/span>\n\t\t<\/div>\n\t\t\t\t\t\t<\/div>\n\t\t\t\t<\/div>\n\t\t\t\t<div class=\"elementor-element elementor-element-ac4cfb6 elementor-widget elementor-widget-text-editor\" data-id=\"ac4cfb6\" data-element_type=\"widget\" data-e-type=\"widget\" data-widget_type=\"text-editor.default\">\n\t\t\t\t<div class=\"elementor-widget-container\">\n\t\t\t\t\t\t\t\t\t<p style=\"text-align: justify;\">&#8211;<\/p>\n\t\t\t\t\t\t\t\t<\/div>\n\t\t\t\t<\/div>\n\t\t\t\t\t<\/div>\n\t\t<\/div>\n\t\t\t\t<div class=\"elementor-column elementor-col-33 elementor-inner-column elementor-element elementor-element-801725c\" data-id=\"801725c\" data-element_type=\"column\" data-e-type=\"column\">\n\t\t\t<div class=\"elementor-widget-wrap elementor-element-populated\">\n\t\t\t\t\t\t<div class=\"elementor-element elementor-element-8361e10 elementor-widget elementor-widget-image\" data-id=\"8361e10\" data-element_type=\"widget\" data-e-type=\"widget\" data-widget_type=\"image.default\">\n\t\t\t\t<div class=\"elementor-widget-container\">\n\t\t\t\t\t\t\t\t\t\t\t\t\t\t\t<img fetchpriority=\"high\" decoding=\"async\" width=\"768\" height=\"767\" src=\"https:\/\/topa.be\/wp-content\/uploads\/Tegel-groepen-768x767.jpg\" class=\"attachment-medium_large size-medium_large wp-image-37031\" alt=\"\" srcset=\"https:\/\/topa.be\/wp-content\/uploads\/Tegel-groepen-768x767.jpg 768w, https:\/\/topa.be\/wp-content\/uploads\/Tegel-groepen-300x300.jpg 300w, https:\/\/topa.be\/wp-content\/uploads\/Tegel-groepen-200x200.jpg 200w, https:\/\/topa.be\/wp-content\/uploads\/Tegel-groepen.jpg 1024w\" sizes=\"(max-width: 768px) 100vw, 768px\" \/>\t\t\t\t\t\t\t\t\t\t\t\t\t\t\t<\/div>\n\t\t\t\t<\/div>\n\t\t\t\t<div class=\"elementor-element elementor-element-dcb6cb3 elementor-widget elementor-widget-text-editor\" data-id=\"dcb6cb3\" data-element_type=\"widget\" data-e-type=\"widget\" data-widget_type=\"text-editor.default\">\n\t\t\t\t<div class=\"elementor-widget-container\">\n\t\t\t\t\t\t\t\t\t<h4><strong>Cosa abbiamo da offrirti:<\/strong><\/h4>\n\t\t\t\t\t\t\t\t<\/div>\n\t\t\t\t<\/div>\n\t\t\t\t<div class=\"elementor-element elementor-element-73eb60a elementor-nav-menu--dropdown-tablet elementor-nav-menu__text-align-aside elementor-nav-menu--toggle elementor-nav-menu--burger elementor-widget elementor-widget-nav-menu\" data-id=\"73eb60a\" data-element_type=\"widget\" data-e-type=\"widget\" data-settings=\"{&quot;layout&quot;:&quot;vertical&quot;,&quot;submenu_icon&quot;:{&quot;value&quot;:&quot;&lt;i class=\\&quot;fas fa-caret-down\\&quot; aria-hidden=\\&quot;true\\&quot;&gt;&lt;\\\/i&gt;&quot;,&quot;library&quot;:&quot;fa-solid&quot;},&quot;toggle&quot;:&quot;burger&quot;}\" data-widget_type=\"nav-menu.default\">\n\t\t\t\t<div class=\"elementor-widget-container\">\n\t\t\t\t\t\t\t\t<nav aria-label=\"Menu\" class=\"elementor-nav-menu--main elementor-nav-menu__container elementor-nav-menu--layout-vertical e--pointer-framed e--animation-fade\">\n\t\t\t\t<ul id=\"menu-1-73eb60a\" class=\"elementor-nav-menu sm-vertical\"><li class=\"menu-item menu-item-type-post_type menu-item-object-page menu-item-home menu-item-61193\"><a href=\"https:\/\/topa.be\/it\/\" class=\"elementor-item\">HOMEPAGE<\/a><\/li>\n<li class=\"menu-item menu-item-type-post_type menu-item-object-page menu-item-60067\"><a href=\"https:\/\/topa.be\/it\/welkom\/\" class=\"elementor-item\">BENVENUTO !<\/a><\/li>\n<li class=\"menu-item menu-item-type-post_type menu-item-object-page menu-item-60068\"><a href=\"https:\/\/topa.be\/it\/praktisch-2\/\" class=\"elementor-item\">INFORMAZIONE PRATICHE<\/a><\/li>\n<li class=\"menu-item menu-item-type-post_type menu-item-object-page menu-item-60069\"><a href=\"https:\/\/topa.be\/it\/individueel\/\" class=\"elementor-item\">Visite guidate per singoli<\/a><\/li>\n<li class=\"menu-item menu-item-type-post_type menu-item-object-page menu-item-60070\"><a href=\"https:\/\/topa.be\/it\/groepen\/\" class=\"elementor-item\">Visite guidate per gruppi<\/a><\/li>\n<li class=\"menu-item menu-item-type-post_type menu-item-object-page menu-item-60136\"><a href=\"https:\/\/topa.be\/it\/erediensten\/\" class=\"elementor-item\">WORSHIP<\/a><\/li>\n<li class=\"menu-item menu-item-type-post_type menu-item-object-page menu-item-60137\"><a href=\"https:\/\/topa.be\/it\/monumentale-kerken\/\" class=\"elementor-item\">CHIESE MONUMENTALIS<\/a><\/li>\n<li class=\"menu-item menu-item-type-custom menu-item-object-custom menu-item-60138\"><a href=\"https:\/\/www.google.com\/maps\/d\/edit?mid=1iZG2PyUpfgUaDqLc-C_n5kGoHu2os6Ku&#038;usp=sharing\" class=\"elementor-item\">Mappa alla mano<\/a><\/li>\n<li class=\"menu-item menu-item-type-post_type menu-item-object-page menu-item-60139\"><a href=\"https:\/\/topa.be\/it\/bezinning\/\" class=\"elementor-item\">RIFLESSIONE<\/a><\/li>\n<\/ul>\t\t\t<\/nav>\n\t\t\t\t\t<div class=\"elementor-menu-toggle\" role=\"button\" tabindex=\"0\" aria-label=\"Menu di commutazione\" aria-expanded=\"false\">\n\t\t\t<i aria-hidden=\"true\" role=\"presentation\" class=\"elementor-menu-toggle__icon--open eicon-menu-bar\"><\/i><i aria-hidden=\"true\" role=\"presentation\" class=\"elementor-menu-toggle__icon--close eicon-close\"><\/i>\t\t<\/div>\n\t\t\t\t\t<nav class=\"elementor-nav-menu--dropdown elementor-nav-menu__container\" aria-hidden=\"true\">\n\t\t\t\t<ul id=\"menu-2-73eb60a\" class=\"elementor-nav-menu sm-vertical\"><li class=\"menu-item menu-item-type-post_type menu-item-object-page menu-item-home menu-item-61193\"><a href=\"https:\/\/topa.be\/it\/\" class=\"elementor-item\" tabindex=\"-1\">HOMEPAGE<\/a><\/li>\n<li class=\"menu-item menu-item-type-post_type menu-item-object-page menu-item-60067\"><a href=\"https:\/\/topa.be\/it\/welkom\/\" class=\"elementor-item\" tabindex=\"-1\">BENVENUTO !<\/a><\/li>\n<li class=\"menu-item menu-item-type-post_type menu-item-object-page menu-item-60068\"><a href=\"https:\/\/topa.be\/it\/praktisch-2\/\" class=\"elementor-item\" tabindex=\"-1\">INFORMAZIONE PRATICHE<\/a><\/li>\n<li class=\"menu-item menu-item-type-post_type menu-item-object-page menu-item-60069\"><a href=\"https:\/\/topa.be\/it\/individueel\/\" class=\"elementor-item\" tabindex=\"-1\">Visite guidate per singoli<\/a><\/li>\n<li class=\"menu-item menu-item-type-post_type menu-item-object-page menu-item-60070\"><a href=\"https:\/\/topa.be\/it\/groepen\/\" class=\"elementor-item\" tabindex=\"-1\">Visite guidate per gruppi<\/a><\/li>\n<li class=\"menu-item menu-item-type-post_type menu-item-object-page menu-item-60136\"><a href=\"https:\/\/topa.be\/it\/erediensten\/\" class=\"elementor-item\" tabindex=\"-1\">WORSHIP<\/a><\/li>\n<li class=\"menu-item menu-item-type-post_type menu-item-object-page menu-item-60137\"><a href=\"https:\/\/topa.be\/it\/monumentale-kerken\/\" class=\"elementor-item\" tabindex=\"-1\">CHIESE MONUMENTALIS<\/a><\/li>\n<li class=\"menu-item menu-item-type-custom menu-item-object-custom menu-item-60138\"><a href=\"https:\/\/www.google.com\/maps\/d\/edit?mid=1iZG2PyUpfgUaDqLc-C_n5kGoHu2os6Ku&#038;usp=sharing\" class=\"elementor-item\" tabindex=\"-1\">Mappa alla mano<\/a><\/li>\n<li class=\"menu-item menu-item-type-post_type menu-item-object-page menu-item-60139\"><a href=\"https:\/\/topa.be\/it\/bezinning\/\" class=\"elementor-item\" tabindex=\"-1\">RIFLESSIONE<\/a><\/li>\n<\/ul>\t\t\t<\/nav>\n\t\t\t\t\t\t<\/div>\n\t\t\t\t<\/div>\n\t\t\t\t\t<\/div>\n\t\t<\/div>\n\t\t\t\t\t<\/div>\n\t\t<\/section>\n\t\t\t\t\t<\/div>\n\t\t<\/div>\n\t\t\t\t\t<\/div>\n\t\t<\/section>\n\t\t\t\t<\/div>\n\t\t","protected":false},"excerpt":{"rendered":"<p>Visite guidate per gruppi Ci sono molti modi diversi per visitare una chiesa in gruppo: Se optate per l\u2019avventura, potete esplorare le chiese da soli, o in piccolo gruppo con il volantino a mano o armati di una guida artistica completa (vedi Pubblicazioni). in un gruppo con la propria guida. Ma se non volete perdere [&hellip;]<\/p>\n","protected":false},"author":16,"featured_media":0,"parent":0,"menu_order":40,"comment_status":"closed","ping_status":"closed","template":"","meta":{"footnotes":""},"class_list":["post-41707","page","type-page","status-publish","hentry"],"aioseo_notices":[],"_links":{"self":[{"href":"https:\/\/topa.be\/it\/wp-json\/wp\/v2\/pages\/41707","targetHints":{"allow":["GET"]}}],"collection":[{"href":"https:\/\/topa.be\/it\/wp-json\/wp\/v2\/pages"}],"about":[{"href":"https:\/\/topa.be\/it\/wp-json\/wp\/v2\/types\/page"}],"author":[{"embeddable":true,"href":"https:\/\/topa.be\/it\/wp-json\/wp\/v2\/users\/16"}],"replies":[{"embeddable":true,"href":"https:\/\/topa.be\/it\/wp-json\/wp\/v2\/comments?post=41707"}],"version-history":[{"count":3,"href":"https:\/\/topa.be\/it\/wp-json\/wp\/v2\/pages\/41707\/revisions"}],"predecessor-version":[{"id":71439,"href":"https:\/\/topa.be\/it\/wp-json\/wp\/v2\/pages\/41707\/revisions\/71439"}],"wp:attachment":[{"href":"https:\/\/topa.be\/it\/wp-json\/wp\/v2\/media?parent=41707"}],"curies":[{"name":"wp","href":"https:\/\/api.w.org\/{rel}","templated":true}]}}