{"id":41556,"date":"2021-06-21T13:38:07","date_gmt":"2021-06-21T11:38:07","guid":{"rendered":"http:\/\/topa.be\/individueel\/"},"modified":"2025-03-12T11:36:51","modified_gmt":"2025-03-12T10:36:51","slug":"individueel","status":"publish","type":"page","link":"https:\/\/topa.be\/it\/individueel\/","title":{"rendered":"Visite guidate per singoli"},"content":{"rendered":"\t\t<div data-elementor-type=\"wp-page\" data-elementor-id=\"41556\" class=\"elementor elementor-41556 elementor-11757\" data-elementor-post-type=\"page\">\n\t\t\t\t\t\t<section class=\"elementor-section elementor-top-section elementor-element elementor-element-3472d89 elementor-section-boxed elementor-section-height-default elementor-section-height-default\" data-id=\"3472d89\" data-element_type=\"section\" data-e-type=\"section\">\n\t\t\t\t\t\t<div class=\"elementor-container elementor-column-gap-default\">\n\t\t\t\t\t<div class=\"elementor-column elementor-col-100 elementor-top-column elementor-element elementor-element-c8bf0bb\" data-id=\"c8bf0bb\" data-element_type=\"column\" data-e-type=\"column\">\n\t\t\t<div class=\"elementor-widget-wrap elementor-element-populated\">\n\t\t\t\t\t\t<div class=\"elementor-element elementor-element-7a7b590 elementor-widget elementor-widget-heading\" data-id=\"7a7b590\" data-element_type=\"widget\" data-e-type=\"widget\" data-widget_type=\"heading.default\">\n\t\t\t\t<div class=\"elementor-widget-container\">\n\t\t\t\t\t<h1 class=\"elementor-heading-title elementor-size-default\"> Visite guidate per singoli<\/h1>\t\t\t\t<\/div>\n\t\t\t\t<\/div>\n\t\t\t\t\t<\/div>\n\t\t<\/div>\n\t\t\t\t\t<\/div>\n\t\t<\/section>\n\t\t\t\t<section class=\"elementor-section elementor-top-section elementor-element elementor-element-4a8639f elementor-section-boxed elementor-section-height-default elementor-section-height-default\" data-id=\"4a8639f\" data-element_type=\"section\" data-e-type=\"section\">\n\t\t\t\t\t\t<div class=\"elementor-container elementor-column-gap-default\">\n\t\t\t\t\t<div class=\"elementor-column elementor-col-100 elementor-top-column elementor-element elementor-element-379ac2f\" data-id=\"379ac2f\" data-element_type=\"column\" data-e-type=\"column\">\n\t\t\t<div class=\"elementor-widget-wrap elementor-element-populated\">\n\t\t\t\t\t\t<section class=\"elementor-section elementor-inner-section elementor-element elementor-element-64a91e3 elementor-section-boxed elementor-section-height-default elementor-section-height-default\" data-id=\"64a91e3\" data-element_type=\"section\" data-e-type=\"section\">\n\t\t\t\t\t\t<div class=\"elementor-container elementor-column-gap-default\">\n\t\t\t\t\t<div class=\"elementor-column elementor-col-66 elementor-inner-column elementor-element elementor-element-901d5f8\" data-id=\"901d5f8\" data-element_type=\"column\" data-e-type=\"column\">\n\t\t\t<div class=\"elementor-widget-wrap elementor-element-populated\">\n\t\t\t\t\t\t<div class=\"elementor-element elementor-element-e965471 elementor-widget elementor-widget-text-editor\" data-id=\"e965471\" data-element_type=\"widget\" data-e-type=\"widget\" data-widget_type=\"text-editor.default\">\n\t\t\t\t<div class=\"elementor-widget-container\">\n\t\t\t\t\t\t\t\t\t<div class=\"wpb_text_column wpb_content_element \"><\/p>\n<div class=\"wpb_wrapper\"><\/p>\n<p style=\"text-align: justify;\">Se optate per l\u2019avventura, potete esplorare le chiesa da soli, con il volantino a mano o armati di una guida artistica completa (vedi <a href=\"https:\/\/www.topa.be\/it\/publicaties-2\/\"><strong>Pubblicazioni<\/strong><\/a>).<\/p>\n<p><\/p>\n<p style=\"text-align: justify;\">Ma se non volete perdere il senso della proporzione e se volete godere pi\u00f9 intensamente la bellezza, potete approfittare della nostra offerta di visite guidate gratuite. Una guida TOPA allora vi porter\u00e0 alla scoperta senza alcun obbligo. Vi stupir\u00e0 di spesso vedere molto di pi\u00f9\u2026 rispetto a quello che avete visto a prima vista.<\/p>\n<p><\/p>\n<p style=\"text-align: justify;\">Le possibilit\u00e0 concrete per le cinque chiese turistiche di Anversa-centro storico si trovano qui:<\/p>\n<p><\/p>\n<p style=\"text-align: justify;\"><a href=\"https:\/\/www.topa.be\/it\/olv-kathedraal\/rondleidingen\/\"><strong>Cattedrale di Nostra Signora<\/strong><\/a><\/p>\n<p><\/p>\n<p style=\"text-align: justify;\"><a href=\"https:\/\/www.topa.be\/it\/st-andries\/rondleidingen\/\"><strong>Chiesa di Sant\u2019Andrea<\/strong><\/a><\/p>\n<p><\/p>\n<p style=\"text-align: justify;\"><a href=\"https:\/\/www.topa.be\/it\/sint-carolus-borromeus\/rondleidingen\/\"><strong>Chiesa di San Carlo Borromeo<\/strong><\/a><\/p>\n<p><\/p>\n<p style=\"text-align: justify;\"><a href=\"https:\/\/www.topa.be\/it\/sint-jacob\/rondleidingen\/\"><strong>Chiesa di San Giacomo<\/strong><\/a><\/p>\n<p><\/p>\n<p style=\"text-align: justify;\"><a href=\"https:\/\/www.topa.be\/it\/sint-pauluskerk\/rondleidingen\/\"><strong>Chiesa di San Paolo<\/strong><\/a><\/p>\n<p><\/p>\n<p style=\"text-align: justify;\">L&#8217;organizzazione delle Chiese Monumentali di Anversa ha sviluppato una serie di attivit\u00e0 per accompagnare il festival culturale della citt\u00e0 <strong><em>&#8220;Anversa Barocca 2018: Rubens Ispira&#8221;<\/em><\/strong>, che ha esplorato l&#8217;opera di Peter Paul Rubens (1577-1640) e il patrimonio del barocco. Da allora diverse attivit\u00e0\u00a0tra cui una passeggiate <strong>\u2018Sulle tracce di Rubens\u2019<\/strong> hanno arricchito l&#8217;offerta permanente nelle cinque chiese monumentali. Tutti i dettagli possono essere trovati sul <strong><a href=\"https:\/\/mkantwerpen.be\/en\/activities\/\" target=\"_blank\" rel=\"noopener\">sito web del MKA<\/a><\/strong> <em>(EN)<\/em>.<\/p>\n<\/div>\n<p><\/div>\n\t\t\t\t\t\t\t\t<\/div>\n\t\t\t\t<\/div>\n\t\t\t\t\t<\/div>\n\t\t<\/div>\n\t\t\t\t<div class=\"elementor-column elementor-col-33 elementor-inner-column elementor-element elementor-element-36f9938\" data-id=\"36f9938\" data-element_type=\"column\" data-e-type=\"column\">\n\t\t\t<div class=\"elementor-widget-wrap elementor-element-populated\">\n\t\t\t\t\t\t<div class=\"elementor-element elementor-element-5577b7d elementor-widget elementor-widget-image\" data-id=\"5577b7d\" data-element_type=\"widget\" data-e-type=\"widget\" data-widget_type=\"image.default\">\n\t\t\t\t<div class=\"elementor-widget-container\">\n\t\t\t\t\t\t\t\t\t\t\t\t\t\t\t<img fetchpriority=\"high\" decoding=\"async\" width=\"300\" height=\"300\" src=\"https:\/\/topa.be\/wp-content\/uploads\/3100-Rondleidingen-300x300.jpg\" class=\"attachment-medium size-medium wp-image-12847\" alt=\"\" srcset=\"https:\/\/topa.be\/wp-content\/uploads\/3100-Rondleidingen-300x300.jpg 300w, https:\/\/topa.be\/wp-content\/uploads\/3100-Rondleidingen.jpg 1024w, https:\/\/topa.be\/wp-content\/uploads\/3100-Rondleidingen-200x200.jpg 200w, https:\/\/topa.be\/wp-content\/uploads\/3100-Rondleidingen-768x768.jpg 768w\" sizes=\"(max-width: 300px) 100vw, 300px\" \/>\t\t\t\t\t\t\t\t\t\t\t\t\t\t\t<\/div>\n\t\t\t\t<\/div>\n\t\t\t\t<div class=\"elementor-element elementor-element-2f61c5d elementor-widget elementor-widget-text-editor\" data-id=\"2f61c5d\" data-element_type=\"widget\" data-e-type=\"widget\" data-widget_type=\"text-editor.default\">\n\t\t\t\t<div class=\"elementor-widget-container\">\n\t\t\t\t\t\t\t\t\t<div class=\"wpb_text_column wpb_content_element \"><div class=\"wpb_wrapper\"><h4><strong>Cosa abbiamo da offrirti:<\/strong><\/h4><\/div><\/div>\t\t\t\t\t\t\t\t<\/div>\n\t\t\t\t<\/div>\n\t\t\t\t<div class=\"elementor-element elementor-element-8ab06a0 elementor-nav-menu--dropdown-tablet elementor-nav-menu__text-align-aside elementor-nav-menu--toggle elementor-nav-menu--burger elementor-widget elementor-widget-nav-menu\" data-id=\"8ab06a0\" data-element_type=\"widget\" data-e-type=\"widget\" data-settings=\"{&quot;layout&quot;:&quot;vertical&quot;,&quot;submenu_icon&quot;:{&quot;value&quot;:&quot;&lt;i class=\\&quot;fas fa-caret-down\\&quot; aria-hidden=\\&quot;true\\&quot;&gt;&lt;\\\/i&gt;&quot;,&quot;library&quot;:&quot;fa-solid&quot;},&quot;toggle&quot;:&quot;burger&quot;}\" data-widget_type=\"nav-menu.default\">\n\t\t\t\t<div class=\"elementor-widget-container\">\n\t\t\t\t\t\t\t\t<nav aria-label=\"Menu\" class=\"elementor-nav-menu--main elementor-nav-menu__container elementor-nav-menu--layout-vertical e--pointer-framed e--animation-fade\">\n\t\t\t\t<ul id=\"menu-1-8ab06a0\" class=\"elementor-nav-menu sm-vertical\"><li class=\"menu-item menu-item-type-post_type menu-item-object-page menu-item-home menu-item-61193\"><a href=\"https:\/\/topa.be\/it\/\" class=\"elementor-item\">HOMEPAGE<\/a><\/li>\n<li class=\"menu-item menu-item-type-post_type menu-item-object-page menu-item-60067\"><a href=\"https:\/\/topa.be\/it\/welkom\/\" class=\"elementor-item\">BENVENUTO !<\/a><\/li>\n<li class=\"menu-item menu-item-type-post_type menu-item-object-page menu-item-60068\"><a href=\"https:\/\/topa.be\/it\/praktisch-2\/\" class=\"elementor-item\">INFORMAZIONE PRATICHE<\/a><\/li>\n<li class=\"menu-item menu-item-type-post_type menu-item-object-page menu-item-60069\"><a href=\"https:\/\/topa.be\/it\/individueel\/\" class=\"elementor-item\">Visite guidate per singoli<\/a><\/li>\n<li class=\"menu-item menu-item-type-post_type menu-item-object-page menu-item-60070\"><a href=\"https:\/\/topa.be\/it\/groepen\/\" class=\"elementor-item\">Visite guidate per gruppi<\/a><\/li>\n<li class=\"menu-item menu-item-type-post_type menu-item-object-page menu-item-60136\"><a href=\"https:\/\/topa.be\/it\/erediensten\/\" class=\"elementor-item\">WORSHIP<\/a><\/li>\n<li class=\"menu-item menu-item-type-post_type menu-item-object-page menu-item-60137\"><a href=\"https:\/\/topa.be\/it\/monumentale-kerken\/\" class=\"elementor-item\">CHIESE MONUMENTALIS<\/a><\/li>\n<li class=\"menu-item menu-item-type-custom menu-item-object-custom menu-item-60138\"><a href=\"https:\/\/www.google.com\/maps\/d\/edit?mid=1iZG2PyUpfgUaDqLc-C_n5kGoHu2os6Ku&#038;usp=sharing\" class=\"elementor-item\">Mappa alla mano<\/a><\/li>\n<li class=\"menu-item menu-item-type-post_type menu-item-object-page menu-item-60139\"><a href=\"https:\/\/topa.be\/it\/bezinning\/\" class=\"elementor-item\">RIFLESSIONE<\/a><\/li>\n<\/ul>\t\t\t<\/nav>\n\t\t\t\t\t<div class=\"elementor-menu-toggle\" role=\"button\" tabindex=\"0\" aria-label=\"Menu di commutazione\" aria-expanded=\"false\">\n\t\t\t<i aria-hidden=\"true\" role=\"presentation\" class=\"elementor-menu-toggle__icon--open eicon-menu-bar\"><\/i><i aria-hidden=\"true\" role=\"presentation\" class=\"elementor-menu-toggle__icon--close eicon-close\"><\/i>\t\t<\/div>\n\t\t\t\t\t<nav class=\"elementor-nav-menu--dropdown elementor-nav-menu__container\" aria-hidden=\"true\">\n\t\t\t\t<ul id=\"menu-2-8ab06a0\" class=\"elementor-nav-menu sm-vertical\"><li class=\"menu-item menu-item-type-post_type menu-item-object-page menu-item-home menu-item-61193\"><a href=\"https:\/\/topa.be\/it\/\" class=\"elementor-item\" tabindex=\"-1\">HOMEPAGE<\/a><\/li>\n<li class=\"menu-item menu-item-type-post_type menu-item-object-page menu-item-60067\"><a href=\"https:\/\/topa.be\/it\/welkom\/\" class=\"elementor-item\" tabindex=\"-1\">BENVENUTO !<\/a><\/li>\n<li class=\"menu-item menu-item-type-post_type menu-item-object-page menu-item-60068\"><a href=\"https:\/\/topa.be\/it\/praktisch-2\/\" class=\"elementor-item\" tabindex=\"-1\">INFORMAZIONE PRATICHE<\/a><\/li>\n<li class=\"menu-item menu-item-type-post_type menu-item-object-page menu-item-60069\"><a href=\"https:\/\/topa.be\/it\/individueel\/\" class=\"elementor-item\" tabindex=\"-1\">Visite guidate per singoli<\/a><\/li>\n<li class=\"menu-item menu-item-type-post_type menu-item-object-page menu-item-60070\"><a href=\"https:\/\/topa.be\/it\/groepen\/\" class=\"elementor-item\" tabindex=\"-1\">Visite guidate per gruppi<\/a><\/li>\n<li class=\"menu-item menu-item-type-post_type menu-item-object-page menu-item-60136\"><a href=\"https:\/\/topa.be\/it\/erediensten\/\" class=\"elementor-item\" tabindex=\"-1\">WORSHIP<\/a><\/li>\n<li class=\"menu-item menu-item-type-post_type menu-item-object-page menu-item-60137\"><a href=\"https:\/\/topa.be\/it\/monumentale-kerken\/\" class=\"elementor-item\" tabindex=\"-1\">CHIESE MONUMENTALIS<\/a><\/li>\n<li class=\"menu-item menu-item-type-custom menu-item-object-custom menu-item-60138\"><a href=\"https:\/\/www.google.com\/maps\/d\/edit?mid=1iZG2PyUpfgUaDqLc-C_n5kGoHu2os6Ku&#038;usp=sharing\" class=\"elementor-item\" tabindex=\"-1\">Mappa alla mano<\/a><\/li>\n<li class=\"menu-item menu-item-type-post_type menu-item-object-page menu-item-60139\"><a href=\"https:\/\/topa.be\/it\/bezinning\/\" class=\"elementor-item\" tabindex=\"-1\">RIFLESSIONE<\/a><\/li>\n<\/ul>\t\t\t<\/nav>\n\t\t\t\t\t\t<\/div>\n\t\t\t\t<\/div>\n\t\t\t\t\t<\/div>\n\t\t<\/div>\n\t\t\t\t\t<\/div>\n\t\t<\/section>\n\t\t\t\t\t<\/div>\n\t\t<\/div>\n\t\t\t\t\t<\/div>\n\t\t<\/section>\n\t\t\t\t<\/div>\n\t\t","protected":false},"excerpt":{"rendered":"<p>Visite guidate per singoli Se optate per l\u2019avventura, potete esplorare le chiesa da soli, con il volantino a mano o armati di una guida artistica completa (vedi Pubblicazioni). Ma se non volete perdere il senso della proporzione e se volete godere pi\u00f9 intensamente la bellezza, potete approfittare della nostra offerta di visite guidate gratuite. Una [&hellip;]<\/p>\n","protected":false},"author":16,"featured_media":0,"parent":0,"menu_order":30,"comment_status":"closed","ping_status":"closed","template":"","meta":{"footnotes":""},"class_list":["post-41556","page","type-page","status-publish","hentry"],"aioseo_notices":[],"_links":{"self":[{"href":"https:\/\/topa.be\/it\/wp-json\/wp\/v2\/pages\/41556","targetHints":{"allow":["GET"]}}],"collection":[{"href":"https:\/\/topa.be\/it\/wp-json\/wp\/v2\/pages"}],"about":[{"href":"https:\/\/topa.be\/it\/wp-json\/wp\/v2\/types\/page"}],"author":[{"embeddable":true,"href":"https:\/\/topa.be\/it\/wp-json\/wp\/v2\/users\/16"}],"replies":[{"embeddable":true,"href":"https:\/\/topa.be\/it\/wp-json\/wp\/v2\/comments?post=41556"}],"version-history":[{"count":3,"href":"https:\/\/topa.be\/it\/wp-json\/wp\/v2\/pages\/41556\/revisions"}],"predecessor-version":[{"id":71240,"href":"https:\/\/topa.be\/it\/wp-json\/wp\/v2\/pages\/41556\/revisions\/71240"}],"wp:attachment":[{"href":"https:\/\/topa.be\/it\/wp-json\/wp\/v2\/media?parent=41556"}],"curies":[{"name":"wp","href":"https:\/\/api.w.org\/{rel}","templated":true}]}}