{"id":37420,"date":"2021-05-22T13:37:16","date_gmt":"2021-05-22T11:37:16","guid":{"rendered":"http:\/\/topa.be\/in-breve\/"},"modified":"2021-10-15T12:24:25","modified_gmt":"2021-10-15T10:24:25","slug":"kennismaking","status":"publish","type":"page","link":"https:\/\/topa.be\/it\/sint-pauluskerk\/kennismaking\/","title":{"rendered":"SPK La Chiesa in breve"},"content":{"rendered":"\t\t<div data-elementor-type=\"wp-page\" data-elementor-id=\"37420\" class=\"elementor elementor-37420 elementor-33904\" data-elementor-post-type=\"page\">\n\t\t\t\t\t\t<section class=\"elementor-section elementor-top-section elementor-element elementor-element-3609b7c elementor-section-boxed elementor-section-height-default elementor-section-height-default\" data-id=\"3609b7c\" data-element_type=\"section\" data-e-type=\"section\">\n\t\t\t\t\t\t<div class=\"elementor-container elementor-column-gap-default\">\n\t\t\t\t\t<div class=\"elementor-column elementor-col-100 elementor-top-column elementor-element elementor-element-600ac45\" data-id=\"600ac45\" data-element_type=\"column\" data-e-type=\"column\">\n\t\t\t<div class=\"elementor-widget-wrap elementor-element-populated\">\n\t\t\t\t\t\t<div class=\"elementor-element elementor-element-f72d6d4 elementor-widget elementor-widget-heading\" data-id=\"f72d6d4\" data-element_type=\"widget\" data-e-type=\"widget\" data-widget_type=\"heading.default\">\n\t\t\t\t<div class=\"elementor-widget-container\">\n\t\t\t\t\t<h1 class=\"elementor-heading-title elementor-size-default\">Chiesa di San Paolo<\/h1>\t\t\t\t<\/div>\n\t\t\t\t<\/div>\n\t\t\t\t\t<\/div>\n\t\t<\/div>\n\t\t\t\t\t<\/div>\n\t\t<\/section>\n\t\t\t\t<section class=\"elementor-section elementor-top-section elementor-element elementor-element-c83248d elementor-section-boxed elementor-section-height-default elementor-section-height-default\" data-id=\"c83248d\" data-element_type=\"section\" data-e-type=\"section\">\n\t\t\t\t\t\t<div class=\"elementor-container elementor-column-gap-default\">\n\t\t\t\t\t<div class=\"elementor-column elementor-col-100 elementor-top-column elementor-element elementor-element-2e0090f\" data-id=\"2e0090f\" data-element_type=\"column\" data-e-type=\"column\">\n\t\t\t<div class=\"elementor-widget-wrap elementor-element-populated\">\n\t\t\t\t\t\t<div class=\"elementor-element elementor-element-114133e elementor-widget elementor-widget-heading\" data-id=\"114133e\" data-element_type=\"widget\" data-e-type=\"widget\" data-widget_type=\"heading.default\">\n\t\t\t\t<div class=\"elementor-widget-container\">\n\t\t\t\t\t<h2 class=\"elementor-heading-title elementor-size-default\">In breve<\/h2>\t\t\t\t<\/div>\n\t\t\t\t<\/div>\n\t\t\t\t\t<\/div>\n\t\t<\/div>\n\t\t\t\t\t<\/div>\n\t\t<\/section>\n\t\t\t\t<section class=\"elementor-section elementor-top-section elementor-element elementor-element-8b6b4b6 elementor-section-boxed elementor-section-height-default elementor-section-height-default\" data-id=\"8b6b4b6\" data-element_type=\"section\" data-e-type=\"section\">\n\t\t\t\t\t\t<div class=\"elementor-container elementor-column-gap-default\">\n\t\t\t\t\t<div class=\"elementor-column elementor-col-66 elementor-top-column elementor-element elementor-element-59e29f8\" data-id=\"59e29f8\" data-element_type=\"column\" data-e-type=\"column\">\n\t\t\t<div class=\"elementor-widget-wrap elementor-element-populated\">\n\t\t\t\t\t\t<div class=\"elementor-element elementor-element-c7bb6a6 elementor-widget elementor-widget-text-editor\" data-id=\"c7bb6a6\" data-element_type=\"widget\" data-e-type=\"widget\" data-widget_type=\"text-editor.default\">\n\t\t\t\t<div class=\"elementor-widget-container\">\n\t\t\t\t\t\t\t\t\t<p style=\"text-align: justify;\">La chiesa di S. Paolo \u00e8 una delle pietre angolari di Anversa. Ha un suo fascino tutto particolare. In Anversa \u2018S. Paolo\u2019 \u00e8 un nome familiare grazie alla sua immensa eredit\u00e0 artistica, al silenzioso e pittoresco Calvario, alla storia dell\u2019antico complesso monastico, alla gloria delle messe solenni, ma grazie anche alla sua ubicazione come un faro ben ancorato nel quartiere dei marinai, onorato dal tempo. La sua torre monumentale barocca, con una corona a doppia lanterna spesso le conferisce un aspetto scanzonato nel paesaggio cittadino.<\/p>\n<p style=\"text-align: justify;\">Questa casa dell\u2019ordine domenicano era un centro di studi davvero intellettuale nel Medioevo e ancora di pi\u00f9 all\u2019epoca della Contro-Riforma. Il suo santo patrono, Paolo, protegge i predicatori da qui poich\u00e9 viaggiano attraverso la loro citt\u00e0 ed i dintorni e nel XVII secolo, perfino attraverso il Nord Europa, prevalentemente protestante. Memori del loro motto, come \u00e8 scritto sull\u2019altare maggiore, vanno predicando \u2018nella fede e nella verit\u00e0\u2019.<\/p>\n<p style=\"text-align: justify;\">La prima chiesa sorta in questo sito fu consacrata nel 1276. Nel XVI secolo furono fatti dei progetti per ampliarla innalzando il livello del pavimento per porre fine alle periodiche alluvioni dovute al fiume Schelda (bench\u00e9 all\u2019epoca fosse ancora pulito e puro). Dopo il periodo burrascoso del XVI secolo, la gente pot\u00e9 di nuovo riprendere i lavori di ampliamento in stile gotico. Non per nulla \u2018san Paolo\u2019 \u00e8 detto gioiello barocco in uno scrigno gotico; il mobilio barocco va perfettamente d\u2019accordo con l\u2019architettura gotica.<\/p>\n<p style=\"text-align: justify;\">Dopo l\u2019abolizione del monastero da parte dei francesi, nel 1796, il priore Peltiers riusc\u00ec a riacquistare la chiesa. La chiesa fu comprata dalla citt\u00e0 come una nuova parrocchia. Nel 1968, un incendio disastroso distrusse l\u2019intero complesso. I restauri pi\u00f9 urgenti furono trascurati troppo a lungo. Dopo un ventennio, un nuovo tetto fu finalmente costruito. Tutta quest\u2019agonia sta per giungere a termine adesso. Il restauro \u00e8 quasi ultimato, con sollievo di tutti.<\/p>\n<p style=\"text-align: justify;\">L\u2019et\u00e0 d\u2019oro del barocco \u00e8 celebrata qui.<\/p>\n<p style=\"text-align: justify;\">L\u2019arte della pittura \u00e8 qui rappresentata dai maestri di Anversa come Rubens, Jordaens e van Dyck, non meno nella serie dei quindici quadri che ritraggono i misteri del rosario.<\/p>\n<p style=\"text-align: justify;\">C\u2019\u00e8 una sovrabbondanza di sculture: gli altari, le balaustre, gli stalli del coro e l\u2019organo, gli epitaffi e soprattutto i confessionali con non meno di quaranta figure a dimensione reale e\u2026 -come se tutto questo non fosse abbastanza- c\u2019\u00e8 un enorme giardino scolpito come un teatro dal vivo all\u2019aria aperta.<br \/>\nEccezionale abilit\u00e0 di Kerricx, Verbruggen, Quellin ed altri, con quell\u2019inconfondibile accento di vitalit\u00e0 fiammingo e arte narrativa, che \u00e8 particolarmente evidente nei confessionali dove la lotta interiore fra il bene ed il male \u00e8 illustrata in una maniera sorprendentemente creativa. Se ci sono cani indisciplinati, leoni che ruggiscono, galli che cantano, scimmie lussuriose o un \u2018capro espiatorio\u2019 reale, la loro forza deve essere tenuta a freno ed addomesticata. La creativit\u00e0 che sta dietro questi simboli devozionali \u00e8 inestimabile: uno scheletro che balla ci ricorda della morte; una farfalla, della resurrezione a una nuova e mai sognata vita. I giochi dei bambini come \u2018il cinque\u2019, fare le bolle di sapone e a gatto e topo sono rappresentati a stimolare la virt\u00f9 celeste senza provarci del divertimento\u2026 un messaggio tutt\u2019ora valido.<\/p>\n<p style=\"text-align: justify;\">E c\u2019\u00e8 di pi\u00f9. La pittura de \u2018Le sette opere di carit\u00e0\u2019 rende testimonianza alla condizione sociale dei nostri antenati mentre l\u2019ambientazione dei quadri a soggetto marino \u2018La battaglia navale di Lepanto\u2019 (J. Peeters, 1671) illustra uno spaccato di storia europea. La chiesa di S. Paolo ha anche qualcos\u2019altro da dire intorno all\u2019arte ed in particolare circa i furti di opere d\u2019arte. Diversi lavori sono stati acquistati o presi da visitatori stranieri: il prezzo del successo! Adesso i turisti sono appagati da un\u2019intera serie di pubblicazioni prodotte dagli amici di S. Paolo. E da nessun\u2019altra parte di Anversa trovi cos\u00ec tante maschere. Ciascuna alla sua maniera; esse sorridono sopra di te perfino nei chiostri: un espediente psicologico ideato per aiutare a illuminare il volto con un sorriso giornaliero.<\/p>\n<p style=\"text-align: justify;\">L\u2019imponente organo, che \u00e8 ritenuto uno dei primi dieci organi storici d\u2019Europa, \u00e8 un\u2019altra fonte di gioia. Insieme al coro ed all\u2019orchestra, suscita le emozioni di coloro che vanno alla messa durante le famose celebrazioni nei giorni festivi. Da non perdere.<\/p>\n\t\t\t\t\t\t\t\t<\/div>\n\t\t\t\t<\/div>\n\t\t\t\t\t<\/div>\n\t\t<\/div>\n\t\t\t\t<div class=\"elementor-column elementor-col-33 elementor-top-column elementor-element elementor-element-a99a1cf\" data-id=\"a99a1cf\" data-element_type=\"column\" data-e-type=\"column\">\n\t\t\t<div class=\"elementor-widget-wrap elementor-element-populated\">\n\t\t\t\t\t\t<div class=\"elementor-element elementor-element-28d5328 elementor-widget elementor-widget-image\" data-id=\"28d5328\" data-element_type=\"widget\" data-e-type=\"widget\" data-widget_type=\"image.default\">\n\t\t\t\t<div class=\"elementor-widget-container\">\n\t\t\t\t\t\t\t\t\t\t\t\t\t\t\t\t<a href=\"http:\/\/topa.be\/wp-content\/uploads\/Antwerpen-Sint-Pauluskerk-Torenbekroning.jpg\" data-elementor-open-lightbox=\"yes\" data-elementor-lightbox-title=\"Antwerpen-Sint-Pauluskerk-Torenbekroning\" data-elementor-lightbox-description=\"Chiesa di San Paolo di Anversa - coronamento della torre\" data-e-action-hash=\"#elementor-action%3Aaction%3Dlightbox%26settings%3DeyJpZCI6MTM2MDMsInVybCI6Imh0dHBzOlwvXC90b3BhLmJlXC93cC1jb250ZW50XC91cGxvYWRzXC9BbnR3ZXJwZW4tU2ludC1QYXVsdXNrZXJrLVRvcmVuYmVrcm9uaW5nLmpwZyJ9\">\n\t\t\t\t\t\t\t<img fetchpriority=\"high\" decoding=\"async\" width=\"520\" height=\"1024\" src=\"https:\/\/topa.be\/wp-content\/uploads\/Antwerpen-Sint-Pauluskerk-Torenbekroning-520x1024.jpg\" class=\"attachment-large size-large wp-image-13603\" alt=\"\" srcset=\"https:\/\/topa.be\/wp-content\/uploads\/Antwerpen-Sint-Pauluskerk-Torenbekroning-520x1024.jpg 520w, https:\/\/topa.be\/wp-content\/uploads\/Antwerpen-Sint-Pauluskerk-Torenbekroning-152x300.jpg 152w, https:\/\/topa.be\/wp-content\/uploads\/Antwerpen-Sint-Pauluskerk-Torenbekroning-102x200.jpg 102w, https:\/\/topa.be\/wp-content\/uploads\/Antwerpen-Sint-Pauluskerk-Torenbekroning.jpg 742w\" sizes=\"(max-width: 520px) 100vw, 520px\" \/>\t\t\t\t\t\t\t\t<\/a>\n\t\t\t\t\t\t\t\t\t\t\t\t\t\t\t<\/div>\n\t\t\t\t<\/div>\n\t\t\t\t<div class=\"elementor-element elementor-element-8428563 elementor-widget elementor-widget-image\" data-id=\"8428563\" data-element_type=\"widget\" data-e-type=\"widget\" data-widget_type=\"image.default\">\n\t\t\t\t<div class=\"elementor-widget-container\">\n\t\t\t\t\t\t\t\t\t\t\t\t\t\t\t\t<a href=\"http:\/\/topa.be\/wp-content\/uploads\/Antwerpen-Sint-Pauluskerk-Koorgestoelte.jpg\" data-elementor-open-lightbox=\"yes\" data-elementor-lightbox-title=\"Antwerpen-Sint-Pauluskerk-Koorgestoelte\" data-elementor-lightbox-description=\"Chiesa di San Paolo di Anversa - Platea del coro\" data-e-action-hash=\"#elementor-action%3Aaction%3Dlightbox%26settings%3DeyJpZCI6MTM1NzksInVybCI6Imh0dHBzOlwvXC90b3BhLmJlXC93cC1jb250ZW50XC91cGxvYWRzXC9BbnR3ZXJwZW4tU2ludC1QYXVsdXNrZXJrLUtvb3JnZXN0b2VsdGUuanBnIn0%3D\">\n\t\t\t\t\t\t\t<img decoding=\"async\" width=\"766\" height=\"1024\" src=\"https:\/\/topa.be\/wp-content\/uploads\/Antwerpen-Sint-Pauluskerk-Koorgestoelte.jpg\" class=\"attachment-large size-large wp-image-13579\" alt=\"\" srcset=\"https:\/\/topa.be\/wp-content\/uploads\/Antwerpen-Sint-Pauluskerk-Koorgestoelte.jpg 766w, https:\/\/topa.be\/wp-content\/uploads\/Antwerpen-Sint-Pauluskerk-Koorgestoelte-224x300.jpg 224w, https:\/\/topa.be\/wp-content\/uploads\/Antwerpen-Sint-Pauluskerk-Koorgestoelte-150x200.jpg 150w\" sizes=\"(max-width: 766px) 100vw, 766px\" \/>\t\t\t\t\t\t\t\t<\/a>\n\t\t\t\t\t\t\t\t\t\t\t\t\t\t\t<\/div>\n\t\t\t\t<\/div>\n\t\t\t\t\t<\/div>\n\t\t<\/div>\n\t\t\t\t\t<\/div>\n\t\t<\/section>\n\t\t\t\t<section class=\"elementor-section elementor-top-section elementor-element elementor-element-be292ba elementor-section-boxed elementor-section-height-default elementor-section-height-default\" data-id=\"be292ba\" data-element_type=\"section\" data-e-type=\"section\">\n\t\t\t\t\t\t<div class=\"elementor-container elementor-column-gap-default\">\n\t\t\t\t\t<div class=\"elementor-column elementor-col-100 elementor-top-column elementor-element elementor-element-a7350c4\" data-id=\"a7350c4\" data-element_type=\"column\" data-e-type=\"column\">\n\t\t\t<div class=\"elementor-widget-wrap\">\n\t\t\t\t\t\t\t<\/div>\n\t\t<\/div>\n\t\t\t\t\t<\/div>\n\t\t<\/section>\n\t\t\t\t<section class=\"elementor-section elementor-top-section elementor-element elementor-element-e53b874 elementor-section-boxed elementor-section-height-default elementor-section-height-default\" data-id=\"e53b874\" data-element_type=\"section\" data-e-type=\"section\">\n\t\t\t\t\t\t<div class=\"elementor-container elementor-column-gap-default\">\n\t\t\t\t\t<div class=\"elementor-column elementor-col-66 elementor-top-column elementor-element elementor-element-3580f12\" data-id=\"3580f12\" data-element_type=\"column\" data-e-type=\"column\">\n\t\t\t<div class=\"elementor-widget-wrap elementor-element-populated\">\n\t\t\t\t\t\t<div class=\"elementor-element elementor-element-4ac730e elementor-widget elementor-widget-heading\" data-id=\"4ac730e\" data-element_type=\"widget\" data-e-type=\"widget\" data-widget_type=\"heading.default\">\n\t\t\t\t<div class=\"elementor-widget-container\">\n\t\t\t\t\t<h4 class=\"elementor-heading-title elementor-size-default\">Per saperne di pi\u00f9:<\/h4>\t\t\t\t<\/div>\n\t\t\t\t<\/div>\n\t\t\t\t<div class=\"elementor-element elementor-element-b201132 elementor-nav-menu--dropdown-tablet elementor-nav-menu__text-align-aside elementor-nav-menu--toggle elementor-nav-menu--burger elementor-widget elementor-widget-nav-menu\" data-id=\"b201132\" data-element_type=\"widget\" data-e-type=\"widget\" data-settings=\"{&quot;layout&quot;:&quot;vertical&quot;,&quot;submenu_icon&quot;:{&quot;value&quot;:&quot;&lt;i class=\\&quot;fas fa-caret-down\\&quot; aria-hidden=\\&quot;true\\&quot;&gt;&lt;\\\/i&gt;&quot;,&quot;library&quot;:&quot;fa-solid&quot;},&quot;toggle&quot;:&quot;burger&quot;}\" data-widget_type=\"nav-menu.default\">\n\t\t\t\t<div class=\"elementor-widget-container\">\n\t\t\t\t\t\t\t\t<nav aria-label=\"Menu\" class=\"elementor-nav-menu--main elementor-nav-menu__container elementor-nav-menu--layout-vertical e--pointer-framed e--animation-fade\">\n\t\t\t\t<ul id=\"menu-1-b201132\" class=\"elementor-nav-menu sm-vertical\"><li class=\"menu-item menu-item-type-post_type menu-item-object-page menu-item-60033\"><a href=\"https:\/\/topa.be\/it\/sint-pauluskerk\/praktisch\/\" class=\"elementor-item\">Informazione pratiche<\/a><\/li>\n<li class=\"menu-item menu-item-type-post_type menu-item-object-page menu-item-60034\"><a href=\"https:\/\/topa.be\/it\/sint-pauluskerk\/rondleidingen\/\" class=\"elementor-item\">Visite guidate<\/a><\/li>\n<li class=\"menu-item menu-item-type-post_type menu-item-object-page menu-item-60035\"><a href=\"https:\/\/topa.be\/it\/sint-pauluskerk\/kennismaking\/\" class=\"elementor-item\">La Chiesa in breve<\/a><\/li>\n<li class=\"menu-item menu-item-type-post_type menu-item-object-page menu-item-61186\"><a href=\"https:\/\/topa.be\/it\/sint-pauluskerk\/interactief-grondplan\/\" class=\"elementor-item\">Interactive floor plan<\/a><\/li>\n<li class=\"menu-item menu-item-type-post_type menu-item-object-page menu-item-61497\"><a href=\"https:\/\/topa.be\/it\/sint-pauluskerk\/beschrijving\/\" class=\"elementor-item\">History &#038; Description<\/a><\/li>\n<li class=\"menu-item menu-item-type-custom menu-item-object-custom menu-item-60036\"><a href=\"https:\/\/www.kunstgeschiedenis-kerken-antwerpen.be\/hestia-front\/sint-pauluskerk\/\" class=\"elementor-item\">Foro scientifico<\/a><\/li>\n<\/ul>\t\t\t<\/nav>\n\t\t\t\t\t<div class=\"elementor-menu-toggle\" role=\"button\" tabindex=\"0\" aria-label=\"Menu di commutazione\" aria-expanded=\"false\">\n\t\t\t<i aria-hidden=\"true\" role=\"presentation\" class=\"elementor-menu-toggle__icon--open eicon-menu-bar\"><\/i><i aria-hidden=\"true\" role=\"presentation\" class=\"elementor-menu-toggle__icon--close eicon-close\"><\/i>\t\t<\/div>\n\t\t\t\t\t<nav class=\"elementor-nav-menu--dropdown elementor-nav-menu__container\" aria-hidden=\"true\">\n\t\t\t\t<ul id=\"menu-2-b201132\" class=\"elementor-nav-menu sm-vertical\"><li class=\"menu-item menu-item-type-post_type menu-item-object-page menu-item-60033\"><a href=\"https:\/\/topa.be\/it\/sint-pauluskerk\/praktisch\/\" class=\"elementor-item\" tabindex=\"-1\">Informazione pratiche<\/a><\/li>\n<li class=\"menu-item menu-item-type-post_type menu-item-object-page menu-item-60034\"><a href=\"https:\/\/topa.be\/it\/sint-pauluskerk\/rondleidingen\/\" class=\"elementor-item\" tabindex=\"-1\">Visite guidate<\/a><\/li>\n<li class=\"menu-item menu-item-type-post_type menu-item-object-page menu-item-60035\"><a href=\"https:\/\/topa.be\/it\/sint-pauluskerk\/kennismaking\/\" class=\"elementor-item\" tabindex=\"-1\">La Chiesa in breve<\/a><\/li>\n<li class=\"menu-item menu-item-type-post_type menu-item-object-page menu-item-61186\"><a href=\"https:\/\/topa.be\/it\/sint-pauluskerk\/interactief-grondplan\/\" class=\"elementor-item\" tabindex=\"-1\">Interactive floor plan<\/a><\/li>\n<li class=\"menu-item menu-item-type-post_type menu-item-object-page menu-item-61497\"><a href=\"https:\/\/topa.be\/it\/sint-pauluskerk\/beschrijving\/\" class=\"elementor-item\" tabindex=\"-1\">History &#038; Description<\/a><\/li>\n<li class=\"menu-item menu-item-type-custom menu-item-object-custom menu-item-60036\"><a href=\"https:\/\/www.kunstgeschiedenis-kerken-antwerpen.be\/hestia-front\/sint-pauluskerk\/\" class=\"elementor-item\" tabindex=\"-1\">Foro scientifico<\/a><\/li>\n<\/ul>\t\t\t<\/nav>\n\t\t\t\t\t\t<\/div>\n\t\t\t\t<\/div>\n\t\t\t\t\t<\/div>\n\t\t<\/div>\n\t\t\t\t<div class=\"elementor-column elementor-col-33 elementor-top-column elementor-element elementor-element-5f19e51\" data-id=\"5f19e51\" data-element_type=\"column\" data-e-type=\"column\">\n\t\t\t<div class=\"elementor-widget-wrap elementor-element-populated\">\n\t\t\t\t\t\t<div class=\"elementor-element elementor-element-35c56e2 elementor-widget elementor-widget-image\" data-id=\"35c56e2\" data-element_type=\"widget\" data-e-type=\"widget\" data-widget_type=\"image.default\">\n\t\t\t\t<div class=\"elementor-widget-container\">\n\t\t\t\t\t\t\t\t\t\t\t\t\t\t\t\t<a href=\"http:\/\/topa.be\/wp-content\/uploads\/Antwerpen-Sint-Pauluskerk-Rozenkrans.jpg\" data-elementor-open-lightbox=\"yes\" data-elementor-lightbox-title=\"Antwerpen-Sint-Pauluskerk-Rozenkrans\" data-e-action-hash=\"#elementor-action%3Aaction%3Dlightbox%26settings%3DeyJpZCI6MTM1OTEsInVybCI6Imh0dHBzOlwvXC90b3BhLmJlXC93cC1jb250ZW50XC91cGxvYWRzXC9BbnR3ZXJwZW4tU2ludC1QYXVsdXNrZXJrLVJvemVua3JhbnMuanBnIn0%3D\">\n\t\t\t\t\t\t\t<img decoding=\"async\" width=\"800\" height=\"600\" src=\"https:\/\/topa.be\/wp-content\/uploads\/Antwerpen-Sint-Pauluskerk-Rozenkrans.jpg\" class=\"attachment-large size-large wp-image-13591\" alt=\"\" srcset=\"https:\/\/topa.be\/wp-content\/uploads\/Antwerpen-Sint-Pauluskerk-Rozenkrans.jpg 807w, https:\/\/topa.be\/wp-content\/uploads\/Antwerpen-Sint-Pauluskerk-Rozenkrans-300x225.jpg 300w, https:\/\/topa.be\/wp-content\/uploads\/Antwerpen-Sint-Pauluskerk-Rozenkrans-200x150.jpg 200w, https:\/\/topa.be\/wp-content\/uploads\/Antwerpen-Sint-Pauluskerk-Rozenkrans-768x576.jpg 768w\" sizes=\"(max-width: 800px) 100vw, 800px\" \/>\t\t\t\t\t\t\t\t<\/a>\n\t\t\t\t\t\t\t\t\t\t\t\t\t\t\t<\/div>\n\t\t\t\t<\/div>\n\t\t\t\t\t<\/div>\n\t\t<\/div>\n\t\t\t\t\t<\/div>\n\t\t<\/section>\n\t\t\t\t<\/div>\n\t\t","protected":false},"excerpt":{"rendered":"<p>Chiesa di San Paolo In breve La chiesa di S. Paolo \u00e8 una delle pietre angolari di Anversa. Ha un suo fascino tutto particolare. In Anversa \u2018S. Paolo\u2019 \u00e8 un nome familiare grazie alla sua immensa eredit\u00e0 artistica, al silenzioso e pittoresco Calvario, alla storia dell\u2019antico complesso monastico, alla gloria delle messe solenni, ma grazie [&hellip;]<\/p>\n","protected":false},"author":16,"featured_media":0,"parent":37425,"menu_order":30,"comment_status":"closed","ping_status":"closed","template":"","meta":{"footnotes":""},"class_list":["post-37420","page","type-page","status-publish","hentry"],"aioseo_notices":[],"_links":{"self":[{"href":"https:\/\/topa.be\/it\/wp-json\/wp\/v2\/pages\/37420","targetHints":{"allow":["GET"]}}],"collection":[{"href":"https:\/\/topa.be\/it\/wp-json\/wp\/v2\/pages"}],"about":[{"href":"https:\/\/topa.be\/it\/wp-json\/wp\/v2\/types\/page"}],"author":[{"embeddable":true,"href":"https:\/\/topa.be\/it\/wp-json\/wp\/v2\/users\/16"}],"replies":[{"embeddable":true,"href":"https:\/\/topa.be\/it\/wp-json\/wp\/v2\/comments?post=37420"}],"version-history":[{"count":3,"href":"https:\/\/topa.be\/it\/wp-json\/wp\/v2\/pages\/37420\/revisions"}],"predecessor-version":[{"id":59463,"href":"https:\/\/topa.be\/it\/wp-json\/wp\/v2\/pages\/37420\/revisions\/59463"}],"up":[{"embeddable":true,"href":"https:\/\/topa.be\/it\/wp-json\/wp\/v2\/pages\/37425"}],"wp:attachment":[{"href":"https:\/\/topa.be\/it\/wp-json\/wp\/v2\/media?parent=37420"}],"curies":[{"name":"wp","href":"https:\/\/api.w.org\/{rel}","templated":true}]}}