{"id":37399,"date":"2021-05-22T12:51:10","date_gmt":"2021-05-22T10:51:10","guid":{"rendered":"http:\/\/topa.be\/qr19\/"},"modified":"2021-08-06T19:43:51","modified_gmt":"2021-08-06T17:43:51","slug":"qr19","status":"publish","type":"page","link":"https:\/\/topa.be\/it\/st-andries\/qr-codes\/qr19\/","title":{"rendered":"SAK QR19 \u2013 What is truth?"},"content":{"rendered":"\t\t<div data-elementor-type=\"wp-page\" data-elementor-id=\"37399\" class=\"elementor elementor-37399 elementor-33684\" data-elementor-post-type=\"page\">\n\t\t\t\t\t\t<section class=\"elementor-section elementor-top-section elementor-element elementor-element-d4b446f elementor-section-boxed elementor-section-height-default elementor-section-height-default\" data-id=\"d4b446f\" data-element_type=\"section\" data-e-type=\"section\">\n\t\t\t\t\t\t<div class=\"elementor-container elementor-column-gap-default\">\n\t\t\t\t\t<div class=\"elementor-column elementor-col-66 elementor-top-column elementor-element elementor-element-199a4fe\" data-id=\"199a4fe\" data-element_type=\"column\" data-e-type=\"column\">\n\t\t\t<div class=\"elementor-widget-wrap elementor-element-populated\">\n\t\t\t\t\t\t<div class=\"elementor-element elementor-element-36a2b59 elementor-widget elementor-widget-heading\" data-id=\"36a2b59\" data-element_type=\"widget\" data-e-type=\"widget\" data-widget_type=\"heading.default\">\n\t\t\t\t<div class=\"elementor-widget-container\">\n\t\t\t\t\t<h2 class=\"elementor-heading-title elementor-size-default\">Chiesa di San Andrea di Anversa<\/h2>\t\t\t\t<\/div>\n\t\t\t\t<\/div>\n\t\t\t\t<div class=\"elementor-element elementor-element-472d341 elementor-widget elementor-widget-heading\" data-id=\"472d341\" data-element_type=\"widget\" data-e-type=\"widget\" data-widget_type=\"heading.default\">\n\t\t\t\t<div class=\"elementor-widget-container\">\n\t\t\t\t\t<h2 class=\"elementor-heading-title elementor-size-default\">Cos'\u00e8 la verit\u00e0?<\/h2>\t\t\t\t<\/div>\n\t\t\t\t<\/div>\n\t\t\t\t<div class=\"elementor-element elementor-element-723d8e0 elementor-widget elementor-widget-text-editor\" data-id=\"723d8e0\" data-element_type=\"widget\" data-e-type=\"widget\" data-widget_type=\"text-editor.default\">\n\t\t\t\t<div class=\"elementor-widget-container\">\n\t\t\t\t\t\t\t\t\t<p style=\"text-align: justify;\">Pittura, Alain Senez, 2012<\/p>\n<p style=\"text-align: justify;\">Questo capolavoro, posto sul lato sud del transetto, forma la controparte dell&#8217;altare della Zecca. Il tema centrale di quest&#8217;ultimo mostra il potere del denaro, mentre il primo si concentra sul fenomeno dei media. Questi due poteri dominano, pi\u00f9 di ogni altro, la nostra societ\u00e0 di oggi.<\/p>\n<p style=\"text-align: justify;\">Relegata per pi\u00f9 di 40 anni nelle cantine di Sant&#8217;Andrea, la statua di San Francesco di Sales \u00e8 riemersa e ha trovato un posto adatto nella chiesa. Questa nuova posizione ha dato l&#8217;impulso all&#8217;artista francese Alain Senez, noto per le sue superbe interpretazioni della luce, di creare un&#8217;opera del nostro tempo.<\/p>\n<p style=\"text-align: justify;\">Ogni giorno siamo inondati da una marea di informazioni da diversi canali mediatici. La domanda \u00e8: qual \u00e8 la verit\u00e0, la stessa domanda che si fece Pilato prima di condannare Ges\u00f9. (&#8220;Quid est veritas?&#8221;; Giovanni 18:38). Non appena c&#8217;\u00e8 una pletora di informazioni, la domanda di Pilato diventa sempre pi\u00f9 rilevante. Per mezzo di una riproduzione del Corriere della Sera, l&#8217;artista ci mostra chiaramente che un monopolio pu\u00f2 diventare una fonte di manipolazione; questo vale anche per le autorit\u00e0 pubbliche, come dimostra la Pravda, il quotidiano dell&#8217;Unione Sovietica.<\/p>\n<p style=\"text-align: justify;\">Questo ci ricorda Platone e la sua parabola della caverna: finch\u00e9 rimaniamo in un mondo terreno, siamo limitati dal tempo e dallo spazio. Questa limitazione si applica certamente a tutto ci\u00f2 che riguarda la Conoscenza.<\/p>\n<p style=\"text-align: justify;\">\u00c8 solo nell&#8217;aldil\u00e0 &#8211; nel mondo eterno, ideale e perfetto &#8211; che siamo liberati da tutti i vincoli e possiamo avvicinarci alla verit\u00e0 nella sua totalit\u00e0. Dobbiamo dunque rispondere a Pilato che la verit\u00e0 non esiste? No, soprattutto no: la ricerca della verit\u00e0 deve sempre affascinarci, sfidarci e invitarci a nuovi discernimenti, tenendo presente il desiderio di avvicinarci il pi\u00f9 possibile ad essa e di afferrarne il pi\u00f9 possibile.<\/p>\n<p style=\"text-align: justify;\">La figura importante qui \u00e8 San Francesco di Sales. \u00c8 rappresentato in tre modi: nel nostro mondo da un ritratto idealizzato dipinto sul muro in stile barocco, sullo sfondo il santo, circondato da un&#8217;aureola, cammina nei cieli e infine \u00e8 proiettato su uno schermo che distorce la sua immagine. Tutte e tre le rappresentazioni sono lontane dalla verit\u00e0.<\/p>\n<p style=\"text-align: justify;\">La verit\u00e0 non \u00e8 importante solo per Hercule Poirot o per i filosofi in camera da letto, ma ci riguarda anche personalmente. Notate la telecamera nell&#8217;angolo in alto a destra?<\/p>\n\t\t\t\t\t\t\t\t<\/div>\n\t\t\t\t<\/div>\n\t\t\t\t\t<\/div>\n\t\t<\/div>\n\t\t\t\t<div class=\"elementor-column elementor-col-33 elementor-top-column elementor-element elementor-element-864ca89\" data-id=\"864ca89\" data-element_type=\"column\" data-e-type=\"column\">\n\t\t\t<div class=\"elementor-widget-wrap elementor-element-populated\">\n\t\t\t\t\t\t<div class=\"elementor-element elementor-element-7acc63c elementor-nav-menu--dropdown-tablet elementor-nav-menu__text-align-aside elementor-nav-menu--toggle elementor-nav-menu--burger elementor-widget elementor-widget-nav-menu\" data-id=\"7acc63c\" data-element_type=\"widget\" data-e-type=\"widget\" data-settings=\"{&quot;layout&quot;:&quot;vertical&quot;,&quot;submenu_icon&quot;:{&quot;value&quot;:&quot;&lt;i class=\\&quot;fas fa-caret-down\\&quot; aria-hidden=\\&quot;true\\&quot;&gt;&lt;\\\/i&gt;&quot;,&quot;library&quot;:&quot;fa-solid&quot;},&quot;toggle&quot;:&quot;burger&quot;}\" data-widget_type=\"nav-menu.default\">\n\t\t\t\t<div class=\"elementor-widget-container\">\n\t\t\t\t\t\t\t\t<nav aria-label=\"Menu\" class=\"elementor-nav-menu--main elementor-nav-menu__container elementor-nav-menu--layout-vertical e--pointer-framed e--animation-fade\">\n\t\t\t\t<ul id=\"menu-1-7acc63c\" class=\"elementor-nav-menu sm-vertical\"><li class=\"menu-item menu-item-type-post_type menu-item-object-page menu-item-60169\"><a href=\"https:\/\/topa.be\/it\/st-andries\/qr-codes\/qr01\/\" class=\"elementor-item\">QR01 \u2013 Chiesa di San Andrea \u2013 Introduzione<\/a><\/li>\n<li class=\"menu-item menu-item-type-post_type menu-item-object-page menu-item-60181\"><a href=\"https:\/\/topa.be\/it\/st-andries\/qr-codes\/qr02\/\" class=\"elementor-item\">QR02 \u2013 La storia<\/a><\/li>\n<li class=\"menu-item menu-item-type-post_type menu-item-object-page menu-item-60182\"><a href=\"https:\/\/topa.be\/it\/st-andries\/qr-codes\/qr03\/\" class=\"elementor-item\">QR03 \u2013 La torre<\/a><\/li>\n<li class=\"menu-item menu-item-type-post_type menu-item-object-page menu-item-60183\"><a href=\"https:\/\/topa.be\/it\/st-andries\/qr-codes\/qr04\/\" class=\"elementor-item\">QR04 \u2013 L\u2019interno<\/a><\/li>\n<li class=\"menu-item menu-item-type-post_type menu-item-object-page menu-item-60184\"><a href=\"https:\/\/topa.be\/it\/st-andries\/qr-codes\/qr05\/\" class=\"elementor-item\">QR05 \u2013 Il pulpito<\/a><\/li>\n<li class=\"menu-item menu-item-type-post_type menu-item-object-page menu-item-60185\"><a href=\"https:\/\/topa.be\/it\/st-andries\/qr-codes\/qr06\/\" class=\"elementor-item\">QR06 \u2013 Altari laterali<\/a><\/li>\n<li class=\"menu-item menu-item-type-post_type menu-item-object-page menu-item-60186\"><a href=\"https:\/\/topa.be\/it\/st-andries\/qr-codes\/qr07\/\" class=\"elementor-item\">QR07 \u2013 Il Cammino di Vita<\/a><\/li>\n<li class=\"menu-item menu-item-type-post_type menu-item-object-page menu-item-60187\"><a href=\"https:\/\/topa.be\/it\/st-andries\/qr-codes\/qr08\/\" class=\"elementor-item\">QR08 \u2013 Epitaffio degli Agostiniani<\/a><\/li>\n<li class=\"menu-item menu-item-type-post_type menu-item-object-page menu-item-60188\"><a href=\"https:\/\/topa.be\/it\/st-andries\/qr-codes\/qr09\/\" class=\"elementor-item\">QR09 \u2013 L\u2019altare di Sant\u2019Eligio dei forgiatori di conio<\/a><\/li>\n<li class=\"menu-item menu-item-type-post_type menu-item-object-page menu-item-60189\"><a href=\"https:\/\/topa.be\/it\/st-andries\/qr-codes\/qr10\/\" class=\"elementor-item\">QR10 \u2013 La tesoreria<\/a><\/li>\n<li class=\"menu-item menu-item-type-post_type menu-item-object-page menu-item-60190\"><a href=\"https:\/\/topa.be\/it\/st-andries\/qr-codes\/qr11\/\" class=\"elementor-item\">QR11 \u2013 La capella della Madonna<\/a><\/li>\n<li class=\"menu-item menu-item-type-post_type menu-item-object-page menu-item-60230\"><a href=\"https:\/\/topa.be\/it\/st-andries\/qr-codes\/qr12\/\" class=\"elementor-item\">QR12 \u2013 La fratellanza delle Anime Fedeli<\/a><\/li>\n<li class=\"menu-item menu-item-type-post_type menu-item-object-page menu-item-60231\"><a href=\"https:\/\/topa.be\/it\/st-andries\/qr-codes\/qr13\/\" class=\"elementor-item\">QR13 \u2013 La statua del santo apostolo Pietro<\/a><\/li>\n<li class=\"menu-item menu-item-type-post_type menu-item-object-page menu-item-60232\"><a href=\"https:\/\/topa.be\/it\/st-andries\/qr-codes\/qr14\/\" class=\"elementor-item\">QR14 \u2013 L\u2019altare maggiore<\/a><\/li>\n<li class=\"menu-item menu-item-type-post_type menu-item-object-page menu-item-60233\"><a href=\"https:\/\/topa.be\/it\/st-andries\/qr-codes\/qr15\/\" class=\"elementor-item\">QR15 \u2013 Il martirio di Sant\u2019Andrea<\/a><\/li>\n<li class=\"menu-item menu-item-type-post_type menu-item-object-page menu-item-60234\"><a href=\"https:\/\/topa.be\/it\/st-andries\/qr-codes\/qr16\/\" class=\"elementor-item\">QR16 \u2013 Il coro<\/a><\/li>\n<li class=\"menu-item menu-item-type-post_type menu-item-object-page menu-item-60235\"><a href=\"https:\/\/topa.be\/it\/st-andries\/qr-codes\/qr17\/\" class=\"elementor-item\">QR17 \u2013 La Capella del Santissimo Sacramento<\/a><\/li>\n<li class=\"menu-item menu-item-type-post_type menu-item-object-page menu-item-60236\"><a href=\"https:\/\/topa.be\/it\/st-andries\/qr-codes\/qr18\/\" class=\"elementor-item\">QR18 \u2013 Il monumento alle dame di compagnia di Maria Stuarda<\/a><\/li>\n<li class=\"menu-item menu-item-type-post_type menu-item-object-page menu-item-60237\"><a href=\"https:\/\/topa.be\/it\/st-andries\/qr-codes\/qr19\/\" class=\"elementor-item\">QR19 \u2013 What is truth?<\/a><\/li>\n<li class=\"menu-item menu-item-type-post_type menu-item-object-page menu-item-60238\"><a href=\"https:\/\/topa.be\/it\/st-andries\/qr-codes\/qr20\/\" class=\"elementor-item\">QR20 \u2013 Il sacco di boxe<\/a><\/li>\n<\/ul>\t\t\t<\/nav>\n\t\t\t\t\t<div class=\"elementor-menu-toggle\" role=\"button\" tabindex=\"0\" aria-label=\"Menu di commutazione\" aria-expanded=\"false\">\n\t\t\t<i aria-hidden=\"true\" role=\"presentation\" class=\"elementor-menu-toggle__icon--open eicon-menu-bar\"><\/i><i aria-hidden=\"true\" role=\"presentation\" class=\"elementor-menu-toggle__icon--close eicon-close\"><\/i>\t\t<\/div>\n\t\t\t\t\t<nav class=\"elementor-nav-menu--dropdown elementor-nav-menu__container\" aria-hidden=\"true\">\n\t\t\t\t<ul id=\"menu-2-7acc63c\" class=\"elementor-nav-menu sm-vertical\"><li class=\"menu-item menu-item-type-post_type menu-item-object-page menu-item-60169\"><a href=\"https:\/\/topa.be\/it\/st-andries\/qr-codes\/qr01\/\" class=\"elementor-item\" tabindex=\"-1\">QR01 \u2013 Chiesa di San Andrea \u2013 Introduzione<\/a><\/li>\n<li class=\"menu-item menu-item-type-post_type menu-item-object-page menu-item-60181\"><a href=\"https:\/\/topa.be\/it\/st-andries\/qr-codes\/qr02\/\" class=\"elementor-item\" tabindex=\"-1\">QR02 \u2013 La storia<\/a><\/li>\n<li class=\"menu-item menu-item-type-post_type menu-item-object-page menu-item-60182\"><a href=\"https:\/\/topa.be\/it\/st-andries\/qr-codes\/qr03\/\" class=\"elementor-item\" tabindex=\"-1\">QR03 \u2013 La torre<\/a><\/li>\n<li class=\"menu-item menu-item-type-post_type menu-item-object-page menu-item-60183\"><a href=\"https:\/\/topa.be\/it\/st-andries\/qr-codes\/qr04\/\" class=\"elementor-item\" tabindex=\"-1\">QR04 \u2013 L\u2019interno<\/a><\/li>\n<li class=\"menu-item menu-item-type-post_type menu-item-object-page menu-item-60184\"><a href=\"https:\/\/topa.be\/it\/st-andries\/qr-codes\/qr05\/\" class=\"elementor-item\" tabindex=\"-1\">QR05 \u2013 Il pulpito<\/a><\/li>\n<li class=\"menu-item menu-item-type-post_type menu-item-object-page menu-item-60185\"><a href=\"https:\/\/topa.be\/it\/st-andries\/qr-codes\/qr06\/\" class=\"elementor-item\" tabindex=\"-1\">QR06 \u2013 Altari laterali<\/a><\/li>\n<li class=\"menu-item menu-item-type-post_type menu-item-object-page menu-item-60186\"><a href=\"https:\/\/topa.be\/it\/st-andries\/qr-codes\/qr07\/\" class=\"elementor-item\" tabindex=\"-1\">QR07 \u2013 Il Cammino di Vita<\/a><\/li>\n<li class=\"menu-item menu-item-type-post_type menu-item-object-page menu-item-60187\"><a href=\"https:\/\/topa.be\/it\/st-andries\/qr-codes\/qr08\/\" class=\"elementor-item\" tabindex=\"-1\">QR08 \u2013 Epitaffio degli Agostiniani<\/a><\/li>\n<li class=\"menu-item menu-item-type-post_type menu-item-object-page menu-item-60188\"><a href=\"https:\/\/topa.be\/it\/st-andries\/qr-codes\/qr09\/\" class=\"elementor-item\" tabindex=\"-1\">QR09 \u2013 L\u2019altare di Sant\u2019Eligio dei forgiatori di conio<\/a><\/li>\n<li class=\"menu-item menu-item-type-post_type menu-item-object-page menu-item-60189\"><a href=\"https:\/\/topa.be\/it\/st-andries\/qr-codes\/qr10\/\" class=\"elementor-item\" tabindex=\"-1\">QR10 \u2013 La tesoreria<\/a><\/li>\n<li class=\"menu-item menu-item-type-post_type menu-item-object-page menu-item-60190\"><a href=\"https:\/\/topa.be\/it\/st-andries\/qr-codes\/qr11\/\" class=\"elementor-item\" tabindex=\"-1\">QR11 \u2013 La capella della Madonna<\/a><\/li>\n<li class=\"menu-item menu-item-type-post_type menu-item-object-page menu-item-60230\"><a href=\"https:\/\/topa.be\/it\/st-andries\/qr-codes\/qr12\/\" class=\"elementor-item\" tabindex=\"-1\">QR12 \u2013 La fratellanza delle Anime Fedeli<\/a><\/li>\n<li class=\"menu-item menu-item-type-post_type menu-item-object-page menu-item-60231\"><a href=\"https:\/\/topa.be\/it\/st-andries\/qr-codes\/qr13\/\" class=\"elementor-item\" tabindex=\"-1\">QR13 \u2013 La statua del santo apostolo Pietro<\/a><\/li>\n<li class=\"menu-item menu-item-type-post_type menu-item-object-page menu-item-60232\"><a href=\"https:\/\/topa.be\/it\/st-andries\/qr-codes\/qr14\/\" class=\"elementor-item\" tabindex=\"-1\">QR14 \u2013 L\u2019altare maggiore<\/a><\/li>\n<li class=\"menu-item menu-item-type-post_type menu-item-object-page menu-item-60233\"><a href=\"https:\/\/topa.be\/it\/st-andries\/qr-codes\/qr15\/\" class=\"elementor-item\" tabindex=\"-1\">QR15 \u2013 Il martirio di Sant\u2019Andrea<\/a><\/li>\n<li class=\"menu-item menu-item-type-post_type menu-item-object-page menu-item-60234\"><a href=\"https:\/\/topa.be\/it\/st-andries\/qr-codes\/qr16\/\" class=\"elementor-item\" tabindex=\"-1\">QR16 \u2013 Il coro<\/a><\/li>\n<li class=\"menu-item menu-item-type-post_type menu-item-object-page menu-item-60235\"><a href=\"https:\/\/topa.be\/it\/st-andries\/qr-codes\/qr17\/\" class=\"elementor-item\" tabindex=\"-1\">QR17 \u2013 La Capella del Santissimo Sacramento<\/a><\/li>\n<li class=\"menu-item menu-item-type-post_type menu-item-object-page menu-item-60236\"><a href=\"https:\/\/topa.be\/it\/st-andries\/qr-codes\/qr18\/\" class=\"elementor-item\" tabindex=\"-1\">QR18 \u2013 Il monumento alle dame di compagnia di Maria Stuarda<\/a><\/li>\n<li class=\"menu-item menu-item-type-post_type menu-item-object-page menu-item-60237\"><a href=\"https:\/\/topa.be\/it\/st-andries\/qr-codes\/qr19\/\" class=\"elementor-item\" tabindex=\"-1\">QR19 \u2013 What is truth?<\/a><\/li>\n<li class=\"menu-item menu-item-type-post_type menu-item-object-page menu-item-60238\"><a href=\"https:\/\/topa.be\/it\/st-andries\/qr-codes\/qr20\/\" class=\"elementor-item\" tabindex=\"-1\">QR20 \u2013 Il sacco di boxe<\/a><\/li>\n<\/ul>\t\t\t<\/nav>\n\t\t\t\t\t\t<\/div>\n\t\t\t\t<\/div>\n\t\t\t\t\t<\/div>\n\t\t<\/div>\n\t\t\t\t\t<\/div>\n\t\t<\/section>\n\t\t\t\t<\/div>\n\t\t","protected":false},"excerpt":{"rendered":"<p>Chiesa di San Andrea di Anversa Cos&#8217;\u00e8 la verit\u00e0? Pittura, Alain Senez, 2012 Questo capolavoro, posto sul lato sud del transetto, forma la controparte dell&#8217;altare della Zecca. Il tema centrale di quest&#8217;ultimo mostra il potere del denaro, mentre il primo si concentra sul fenomeno dei media. Questi due poteri dominano, pi\u00f9 di ogni altro, la [&hellip;]<\/p>\n","protected":false},"author":16,"featured_media":0,"parent":37455,"menu_order":190,"comment_status":"closed","ping_status":"closed","template":"","meta":{"footnotes":""},"class_list":["post-37399","page","type-page","status-publish","hentry"],"aioseo_notices":[],"_links":{"self":[{"href":"https:\/\/topa.be\/it\/wp-json\/wp\/v2\/pages\/37399","targetHints":{"allow":["GET"]}}],"collection":[{"href":"https:\/\/topa.be\/it\/wp-json\/wp\/v2\/pages"}],"about":[{"href":"https:\/\/topa.be\/it\/wp-json\/wp\/v2\/types\/page"}],"author":[{"embeddable":true,"href":"https:\/\/topa.be\/it\/wp-json\/wp\/v2\/users\/16"}],"replies":[{"embeddable":true,"href":"https:\/\/topa.be\/it\/wp-json\/wp\/v2\/comments?post=37399"}],"version-history":[{"count":3,"href":"https:\/\/topa.be\/it\/wp-json\/wp\/v2\/pages\/37399\/revisions"}],"predecessor-version":[{"id":45997,"href":"https:\/\/topa.be\/it\/wp-json\/wp\/v2\/pages\/37399\/revisions\/45997"}],"up":[{"embeddable":true,"href":"https:\/\/topa.be\/it\/wp-json\/wp\/v2\/pages\/37455"}],"wp:attachment":[{"href":"https:\/\/topa.be\/it\/wp-json\/wp\/v2\/media?parent=37399"}],"curies":[{"name":"wp","href":"https:\/\/api.w.org\/{rel}","templated":true}]}}