{"id":37395,"date":"2021-05-22T12:22:12","date_gmt":"2021-05-22T10:22:12","guid":{"rendered":"http:\/\/topa.be\/qr15\/"},"modified":"2021-08-07T12:50:44","modified_gmt":"2021-08-07T10:50:44","slug":"qr15","status":"publish","type":"page","link":"https:\/\/topa.be\/it\/st-andries\/qr-codes\/qr15\/","title":{"rendered":"SAK QR15 \u2013 Il martirio di Sant\u2019Andrea"},"content":{"rendered":"\t\t<div data-elementor-type=\"wp-page\" data-elementor-id=\"37395\" class=\"elementor elementor-37395 elementor-33676\" data-elementor-post-type=\"page\">\n\t\t\t\t\t\t<section class=\"elementor-section elementor-top-section elementor-element elementor-element-5015a1c elementor-section-boxed elementor-section-height-default elementor-section-height-default\" data-id=\"5015a1c\" data-element_type=\"section\" data-e-type=\"section\">\n\t\t\t\t\t\t<div class=\"elementor-container elementor-column-gap-default\">\n\t\t\t\t\t<div class=\"elementor-column elementor-col-66 elementor-top-column elementor-element elementor-element-330c8d6\" data-id=\"330c8d6\" data-element_type=\"column\" data-e-type=\"column\">\n\t\t\t<div class=\"elementor-widget-wrap elementor-element-populated\">\n\t\t\t\t\t\t<div class=\"elementor-element elementor-element-5eea462 elementor-widget elementor-widget-heading\" data-id=\"5eea462\" data-element_type=\"widget\" data-e-type=\"widget\" data-widget_type=\"heading.default\">\n\t\t\t\t<div class=\"elementor-widget-container\">\n\t\t\t\t\t<h2 class=\"elementor-heading-title elementor-size-default\">Chiesa di San Andrea di Anversa <\/h2>\t\t\t\t<\/div>\n\t\t\t\t<\/div>\n\t\t\t\t<div class=\"elementor-element elementor-element-7c86922 elementor-widget elementor-widget-heading\" data-id=\"7c86922\" data-element_type=\"widget\" data-e-type=\"widget\" data-widget_type=\"heading.default\">\n\t\t\t\t<div class=\"elementor-widget-container\">\n\t\t\t\t\t<h2 class=\"elementor-heading-title elementor-size-default\">Il martirio di Sant\u2019Andrea<\/h2>\t\t\t\t<\/div>\n\t\t\t\t<\/div>\n\t\t\t\t<div class=\"elementor-element elementor-element-25e3500 elementor-widget elementor-widget-text-editor\" data-id=\"25e3500\" data-element_type=\"widget\" data-e-type=\"widget\" data-widget_type=\"text-editor.default\">\n\t\t\t\t<div class=\"elementor-widget-container\">\n\t\t\t\t\t\t\t\t\t<p style=\"text-align: justify;\">Pittura, Otto Van Veen, 1594-1599; Modello per il tesoro<\/p>\n<p style=\"text-align: justify;\">Il martirio di Sant\u2019Andrea era la pittura dell\u2019altare maggiore.<\/p>\n<p style=\"text-align: justify;\">40 anni pi\u00fa tardi, lo stesso tema, verr\u00e0 reinterpretato dal suo pupillo P.P. Rubens, in un dramma pi\u00f9 dinamico, per una cappella in Madrid.<\/p>\n\t\t\t\t\t\t\t\t<\/div>\n\t\t\t\t<\/div>\n\t\t\t\t<div class=\"elementor-element elementor-element-013f680 elementor-widget elementor-widget-button\" data-id=\"013f680\" data-element_type=\"widget\" data-e-type=\"widget\" data-widget_type=\"button.default\">\n\t\t\t\t<div class=\"elementor-widget-container\">\n\t\t\t\t\t\t\t\t\t<div class=\"elementor-button-wrapper\">\n\t\t\t\t\t<a class=\"elementor-button elementor-button-link elementor-size-sm\" href=\"http:\/\/topa.be\/en\/st-andries\/beschrijving\/oude-hoofdaltaar\/\">\n\t\t\t\t\t\t<span class=\"elementor-button-content-wrapper\">\n\t\t\t\t\t\t<span class=\"elementor-button-icon\">\n\t\t\t\t<i aria-hidden=\"true\" class=\"fas fa-book-reader\"><\/i>\t\t\t<\/span>\n\t\t\t\t\t\t\t\t\t<span class=\"elementor-button-text\">Read more?<\/span>\n\t\t\t\t\t<\/span>\n\t\t\t\t\t<\/a>\n\t\t\t\t<\/div>\n\t\t\t\t\t\t\t\t<\/div>\n\t\t\t\t<\/div>\n\t\t\t\t\t<\/div>\n\t\t<\/div>\n\t\t\t\t<div class=\"elementor-column elementor-col-33 elementor-top-column elementor-element elementor-element-7dc54e3\" data-id=\"7dc54e3\" data-element_type=\"column\" data-e-type=\"column\">\n\t\t\t<div class=\"elementor-widget-wrap elementor-element-populated\">\n\t\t\t\t\t\t<div class=\"elementor-element elementor-element-321e8cf elementor-nav-menu--dropdown-tablet elementor-nav-menu__text-align-aside elementor-nav-menu--toggle elementor-nav-menu--burger elementor-widget elementor-widget-nav-menu\" data-id=\"321e8cf\" data-element_type=\"widget\" data-e-type=\"widget\" data-settings=\"{&quot;layout&quot;:&quot;vertical&quot;,&quot;submenu_icon&quot;:{&quot;value&quot;:&quot;&lt;i class=\\&quot;fas fa-caret-down\\&quot; aria-hidden=\\&quot;true\\&quot;&gt;&lt;\\\/i&gt;&quot;,&quot;library&quot;:&quot;fa-solid&quot;},&quot;toggle&quot;:&quot;burger&quot;}\" data-widget_type=\"nav-menu.default\">\n\t\t\t\t<div class=\"elementor-widget-container\">\n\t\t\t\t\t\t\t\t<nav aria-label=\"Menu\" class=\"elementor-nav-menu--main elementor-nav-menu__container elementor-nav-menu--layout-vertical e--pointer-framed e--animation-fade\">\n\t\t\t\t<ul id=\"menu-1-321e8cf\" class=\"elementor-nav-menu sm-vertical\"><li class=\"menu-item menu-item-type-post_type menu-item-object-page menu-item-60169\"><a href=\"https:\/\/topa.be\/it\/st-andries\/qr-codes\/qr01\/\" class=\"elementor-item\">QR01 \u2013 Chiesa di San Andrea \u2013 Introduzione<\/a><\/li>\n<li class=\"menu-item menu-item-type-post_type menu-item-object-page menu-item-60181\"><a href=\"https:\/\/topa.be\/it\/st-andries\/qr-codes\/qr02\/\" class=\"elementor-item\">QR02 \u2013 La storia<\/a><\/li>\n<li class=\"menu-item menu-item-type-post_type menu-item-object-page menu-item-60182\"><a href=\"https:\/\/topa.be\/it\/st-andries\/qr-codes\/qr03\/\" class=\"elementor-item\">QR03 \u2013 La torre<\/a><\/li>\n<li class=\"menu-item menu-item-type-post_type menu-item-object-page menu-item-60183\"><a href=\"https:\/\/topa.be\/it\/st-andries\/qr-codes\/qr04\/\" class=\"elementor-item\">QR04 \u2013 L\u2019interno<\/a><\/li>\n<li class=\"menu-item menu-item-type-post_type menu-item-object-page menu-item-60184\"><a href=\"https:\/\/topa.be\/it\/st-andries\/qr-codes\/qr05\/\" class=\"elementor-item\">QR05 \u2013 Il pulpito<\/a><\/li>\n<li class=\"menu-item menu-item-type-post_type menu-item-object-page menu-item-60185\"><a href=\"https:\/\/topa.be\/it\/st-andries\/qr-codes\/qr06\/\" class=\"elementor-item\">QR06 \u2013 Altari laterali<\/a><\/li>\n<li class=\"menu-item menu-item-type-post_type menu-item-object-page menu-item-60186\"><a href=\"https:\/\/topa.be\/it\/st-andries\/qr-codes\/qr07\/\" class=\"elementor-item\">QR07 \u2013 Il Cammino di Vita<\/a><\/li>\n<li class=\"menu-item menu-item-type-post_type menu-item-object-page menu-item-60187\"><a href=\"https:\/\/topa.be\/it\/st-andries\/qr-codes\/qr08\/\" class=\"elementor-item\">QR08 \u2013 Epitaffio degli Agostiniani<\/a><\/li>\n<li class=\"menu-item menu-item-type-post_type menu-item-object-page menu-item-60188\"><a href=\"https:\/\/topa.be\/it\/st-andries\/qr-codes\/qr09\/\" class=\"elementor-item\">QR09 \u2013 L\u2019altare di Sant\u2019Eligio dei forgiatori di conio<\/a><\/li>\n<li class=\"menu-item menu-item-type-post_type menu-item-object-page menu-item-60189\"><a href=\"https:\/\/topa.be\/it\/st-andries\/qr-codes\/qr10\/\" class=\"elementor-item\">QR10 \u2013 La tesoreria<\/a><\/li>\n<li class=\"menu-item menu-item-type-post_type menu-item-object-page menu-item-60190\"><a href=\"https:\/\/topa.be\/it\/st-andries\/qr-codes\/qr11\/\" class=\"elementor-item\">QR11 \u2013 La capella della Madonna<\/a><\/li>\n<li class=\"menu-item menu-item-type-post_type menu-item-object-page menu-item-60230\"><a href=\"https:\/\/topa.be\/it\/st-andries\/qr-codes\/qr12\/\" class=\"elementor-item\">QR12 \u2013 La fratellanza delle Anime Fedeli<\/a><\/li>\n<li class=\"menu-item menu-item-type-post_type menu-item-object-page menu-item-60231\"><a href=\"https:\/\/topa.be\/it\/st-andries\/qr-codes\/qr13\/\" class=\"elementor-item\">QR13 \u2013 La statua del santo apostolo Pietro<\/a><\/li>\n<li class=\"menu-item menu-item-type-post_type menu-item-object-page menu-item-60232\"><a href=\"https:\/\/topa.be\/it\/st-andries\/qr-codes\/qr14\/\" class=\"elementor-item\">QR14 \u2013 L\u2019altare maggiore<\/a><\/li>\n<li class=\"menu-item menu-item-type-post_type menu-item-object-page menu-item-60233\"><a href=\"https:\/\/topa.be\/it\/st-andries\/qr-codes\/qr15\/\" class=\"elementor-item\">QR15 \u2013 Il martirio di Sant\u2019Andrea<\/a><\/li>\n<li class=\"menu-item menu-item-type-post_type menu-item-object-page menu-item-60234\"><a href=\"https:\/\/topa.be\/it\/st-andries\/qr-codes\/qr16\/\" class=\"elementor-item\">QR16 \u2013 Il coro<\/a><\/li>\n<li class=\"menu-item menu-item-type-post_type menu-item-object-page menu-item-60235\"><a href=\"https:\/\/topa.be\/it\/st-andries\/qr-codes\/qr17\/\" class=\"elementor-item\">QR17 \u2013 La Capella del Santissimo Sacramento<\/a><\/li>\n<li class=\"menu-item menu-item-type-post_type menu-item-object-page menu-item-60236\"><a href=\"https:\/\/topa.be\/it\/st-andries\/qr-codes\/qr18\/\" class=\"elementor-item\">QR18 \u2013 Il monumento alle dame di compagnia di Maria Stuarda<\/a><\/li>\n<li class=\"menu-item menu-item-type-post_type menu-item-object-page menu-item-60237\"><a href=\"https:\/\/topa.be\/it\/st-andries\/qr-codes\/qr19\/\" class=\"elementor-item\">QR19 \u2013 What is truth?<\/a><\/li>\n<li class=\"menu-item menu-item-type-post_type menu-item-object-page menu-item-60238\"><a href=\"https:\/\/topa.be\/it\/st-andries\/qr-codes\/qr20\/\" class=\"elementor-item\">QR20 \u2013 Il sacco di boxe<\/a><\/li>\n<\/ul>\t\t\t<\/nav>\n\t\t\t\t\t<div class=\"elementor-menu-toggle\" role=\"button\" tabindex=\"0\" aria-label=\"Menu di commutazione\" aria-expanded=\"false\">\n\t\t\t<i aria-hidden=\"true\" role=\"presentation\" class=\"elementor-menu-toggle__icon--open eicon-menu-bar\"><\/i><i aria-hidden=\"true\" role=\"presentation\" class=\"elementor-menu-toggle__icon--close eicon-close\"><\/i>\t\t<\/div>\n\t\t\t\t\t<nav class=\"elementor-nav-menu--dropdown elementor-nav-menu__container\" aria-hidden=\"true\">\n\t\t\t\t<ul id=\"menu-2-321e8cf\" class=\"elementor-nav-menu sm-vertical\"><li class=\"menu-item menu-item-type-post_type menu-item-object-page menu-item-60169\"><a href=\"https:\/\/topa.be\/it\/st-andries\/qr-codes\/qr01\/\" class=\"elementor-item\" tabindex=\"-1\">QR01 \u2013 Chiesa di San Andrea \u2013 Introduzione<\/a><\/li>\n<li class=\"menu-item menu-item-type-post_type menu-item-object-page menu-item-60181\"><a href=\"https:\/\/topa.be\/it\/st-andries\/qr-codes\/qr02\/\" class=\"elementor-item\" tabindex=\"-1\">QR02 \u2013 La storia<\/a><\/li>\n<li class=\"menu-item menu-item-type-post_type menu-item-object-page menu-item-60182\"><a href=\"https:\/\/topa.be\/it\/st-andries\/qr-codes\/qr03\/\" class=\"elementor-item\" tabindex=\"-1\">QR03 \u2013 La torre<\/a><\/li>\n<li class=\"menu-item menu-item-type-post_type menu-item-object-page menu-item-60183\"><a href=\"https:\/\/topa.be\/it\/st-andries\/qr-codes\/qr04\/\" class=\"elementor-item\" tabindex=\"-1\">QR04 \u2013 L\u2019interno<\/a><\/li>\n<li class=\"menu-item menu-item-type-post_type menu-item-object-page menu-item-60184\"><a href=\"https:\/\/topa.be\/it\/st-andries\/qr-codes\/qr05\/\" class=\"elementor-item\" tabindex=\"-1\">QR05 \u2013 Il pulpito<\/a><\/li>\n<li class=\"menu-item menu-item-type-post_type menu-item-object-page menu-item-60185\"><a href=\"https:\/\/topa.be\/it\/st-andries\/qr-codes\/qr06\/\" class=\"elementor-item\" tabindex=\"-1\">QR06 \u2013 Altari laterali<\/a><\/li>\n<li class=\"menu-item menu-item-type-post_type menu-item-object-page menu-item-60186\"><a href=\"https:\/\/topa.be\/it\/st-andries\/qr-codes\/qr07\/\" class=\"elementor-item\" tabindex=\"-1\">QR07 \u2013 Il Cammino di Vita<\/a><\/li>\n<li class=\"menu-item menu-item-type-post_type menu-item-object-page menu-item-60187\"><a href=\"https:\/\/topa.be\/it\/st-andries\/qr-codes\/qr08\/\" class=\"elementor-item\" tabindex=\"-1\">QR08 \u2013 Epitaffio degli Agostiniani<\/a><\/li>\n<li class=\"menu-item menu-item-type-post_type menu-item-object-page menu-item-60188\"><a href=\"https:\/\/topa.be\/it\/st-andries\/qr-codes\/qr09\/\" class=\"elementor-item\" tabindex=\"-1\">QR09 \u2013 L\u2019altare di Sant\u2019Eligio dei forgiatori di conio<\/a><\/li>\n<li class=\"menu-item menu-item-type-post_type menu-item-object-page menu-item-60189\"><a href=\"https:\/\/topa.be\/it\/st-andries\/qr-codes\/qr10\/\" class=\"elementor-item\" tabindex=\"-1\">QR10 \u2013 La tesoreria<\/a><\/li>\n<li class=\"menu-item menu-item-type-post_type menu-item-object-page menu-item-60190\"><a href=\"https:\/\/topa.be\/it\/st-andries\/qr-codes\/qr11\/\" class=\"elementor-item\" tabindex=\"-1\">QR11 \u2013 La capella della Madonna<\/a><\/li>\n<li class=\"menu-item menu-item-type-post_type menu-item-object-page menu-item-60230\"><a href=\"https:\/\/topa.be\/it\/st-andries\/qr-codes\/qr12\/\" class=\"elementor-item\" tabindex=\"-1\">QR12 \u2013 La fratellanza delle Anime Fedeli<\/a><\/li>\n<li class=\"menu-item menu-item-type-post_type menu-item-object-page menu-item-60231\"><a href=\"https:\/\/topa.be\/it\/st-andries\/qr-codes\/qr13\/\" class=\"elementor-item\" tabindex=\"-1\">QR13 \u2013 La statua del santo apostolo Pietro<\/a><\/li>\n<li class=\"menu-item menu-item-type-post_type menu-item-object-page menu-item-60232\"><a href=\"https:\/\/topa.be\/it\/st-andries\/qr-codes\/qr14\/\" class=\"elementor-item\" tabindex=\"-1\">QR14 \u2013 L\u2019altare maggiore<\/a><\/li>\n<li class=\"menu-item menu-item-type-post_type menu-item-object-page menu-item-60233\"><a href=\"https:\/\/topa.be\/it\/st-andries\/qr-codes\/qr15\/\" class=\"elementor-item\" tabindex=\"-1\">QR15 \u2013 Il martirio di Sant\u2019Andrea<\/a><\/li>\n<li class=\"menu-item menu-item-type-post_type menu-item-object-page menu-item-60234\"><a href=\"https:\/\/topa.be\/it\/st-andries\/qr-codes\/qr16\/\" class=\"elementor-item\" tabindex=\"-1\">QR16 \u2013 Il coro<\/a><\/li>\n<li class=\"menu-item menu-item-type-post_type menu-item-object-page menu-item-60235\"><a href=\"https:\/\/topa.be\/it\/st-andries\/qr-codes\/qr17\/\" class=\"elementor-item\" tabindex=\"-1\">QR17 \u2013 La Capella del Santissimo Sacramento<\/a><\/li>\n<li class=\"menu-item menu-item-type-post_type menu-item-object-page menu-item-60236\"><a href=\"https:\/\/topa.be\/it\/st-andries\/qr-codes\/qr18\/\" class=\"elementor-item\" tabindex=\"-1\">QR18 \u2013 Il monumento alle dame di compagnia di Maria Stuarda<\/a><\/li>\n<li class=\"menu-item menu-item-type-post_type menu-item-object-page menu-item-60237\"><a href=\"https:\/\/topa.be\/it\/st-andries\/qr-codes\/qr19\/\" class=\"elementor-item\" tabindex=\"-1\">QR19 \u2013 What is truth?<\/a><\/li>\n<li class=\"menu-item menu-item-type-post_type menu-item-object-page menu-item-60238\"><a href=\"https:\/\/topa.be\/it\/st-andries\/qr-codes\/qr20\/\" class=\"elementor-item\" tabindex=\"-1\">QR20 \u2013 Il sacco di boxe<\/a><\/li>\n<\/ul>\t\t\t<\/nav>\n\t\t\t\t\t\t<\/div>\n\t\t\t\t<\/div>\n\t\t\t\t\t<\/div>\n\t\t<\/div>\n\t\t\t\t\t<\/div>\n\t\t<\/section>\n\t\t\t\t<\/div>\n\t\t","protected":false},"excerpt":{"rendered":"<p>Chiesa di San Andrea di Anversa Il martirio di Sant\u2019Andrea Pittura, Otto Van Veen, 1594-1599; Modello per il tesoro Il martirio di Sant\u2019Andrea era la pittura dell\u2019altare maggiore. 40 anni pi\u00fa tardi, lo stesso tema, verr\u00e0 reinterpretato dal suo pupillo P.P. Rubens, in un dramma pi\u00f9 dinamico, per una cappella in Madrid. Read more?<\/p>\n","protected":false},"author":16,"featured_media":0,"parent":37455,"menu_order":150,"comment_status":"closed","ping_status":"closed","template":"","meta":{"footnotes":""},"class_list":["post-37395","page","type-page","status-publish","hentry"],"aioseo_notices":[],"_links":{"self":[{"href":"https:\/\/topa.be\/it\/wp-json\/wp\/v2\/pages\/37395","targetHints":{"allow":["GET"]}}],"collection":[{"href":"https:\/\/topa.be\/it\/wp-json\/wp\/v2\/pages"}],"about":[{"href":"https:\/\/topa.be\/it\/wp-json\/wp\/v2\/types\/page"}],"author":[{"embeddable":true,"href":"https:\/\/topa.be\/it\/wp-json\/wp\/v2\/users\/16"}],"replies":[{"embeddable":true,"href":"https:\/\/topa.be\/it\/wp-json\/wp\/v2\/comments?post=37395"}],"version-history":[{"count":3,"href":"https:\/\/topa.be\/it\/wp-json\/wp\/v2\/pages\/37395\/revisions"}],"predecessor-version":[{"id":51591,"href":"https:\/\/topa.be\/it\/wp-json\/wp\/v2\/pages\/37395\/revisions\/51591"}],"up":[{"embeddable":true,"href":"https:\/\/topa.be\/it\/wp-json\/wp\/v2\/pages\/37455"}],"wp:attachment":[{"href":"https:\/\/topa.be\/it\/wp-json\/wp\/v2\/media?parent=37395"}],"curies":[{"name":"wp","href":"https:\/\/api.w.org\/{rel}","templated":true}]}}