{"id":37377,"date":"2021-05-22T12:10:23","date_gmt":"2021-05-22T10:10:23","guid":{"rendered":"http:\/\/topa.be\/qr09\/"},"modified":"2021-08-07T12:48:26","modified_gmt":"2021-08-07T10:48:26","slug":"qr09","status":"publish","type":"page","link":"https:\/\/topa.be\/it\/st-andries\/qr-codes\/qr09\/","title":{"rendered":"SAK QR09 \u2013 L\u2019altare di Sant\u2019Eligio dei forgiatori di conio"},"content":{"rendered":"\t\t<div data-elementor-type=\"wp-page\" data-elementor-id=\"37377\" class=\"elementor elementor-37377 elementor-33664\" data-elementor-post-type=\"page\">\n\t\t\t\t\t\t<section class=\"elementor-section elementor-top-section elementor-element elementor-element-08157ca elementor-section-boxed elementor-section-height-default elementor-section-height-default\" data-id=\"08157ca\" data-element_type=\"section\" data-e-type=\"section\">\n\t\t\t\t\t\t<div class=\"elementor-container elementor-column-gap-default\">\n\t\t\t\t\t<div class=\"elementor-column elementor-col-66 elementor-top-column elementor-element elementor-element-80b96cb\" data-id=\"80b96cb\" data-element_type=\"column\" data-e-type=\"column\">\n\t\t\t<div class=\"elementor-widget-wrap elementor-element-populated\">\n\t\t\t\t\t\t<div class=\"elementor-element elementor-element-5a5d34b elementor-widget elementor-widget-heading\" data-id=\"5a5d34b\" data-element_type=\"widget\" data-e-type=\"widget\" data-widget_type=\"heading.default\">\n\t\t\t\t<div class=\"elementor-widget-container\">\n\t\t\t\t\t<h2 class=\"elementor-heading-title elementor-size-default\">Chiesa di San Andrea di Anversa<\/h2>\t\t\t\t<\/div>\n\t\t\t\t<\/div>\n\t\t\t\t<div class=\"elementor-element elementor-element-c399a1d elementor-widget elementor-widget-heading\" data-id=\"c399a1d\" data-element_type=\"widget\" data-e-type=\"widget\" data-widget_type=\"heading.default\">\n\t\t\t\t<div class=\"elementor-widget-container\">\n\t\t\t\t\t<h2 class=\"elementor-heading-title elementor-size-default\">L\u2019altare di Sant\u2019Eligio dei forgiatori di conio<\/h2>\t\t\t\t<\/div>\n\t\t\t\t<\/div>\n\t\t\t\t<div class=\"elementor-element elementor-element-6af76de elementor-widget elementor-widget-text-editor\" data-id=\"6af76de\" data-element_type=\"widget\" data-e-type=\"widget\" data-widget_type=\"text-editor.default\">\n\t\t\t\t<div class=\"elementor-widget-container\">\n\t\t\t\t\t\t\t\t\t<p style=\"text-align: justify;\">Pitturato, Maerten de Vos, 1601<\/p>\n<p style=\"text-align: justify;\">pannello centrale\u00a0<em>La domanda a Ges\u00f9 sul tributo a Cesare<\/em>\u00a0(Mt 22,15-22), una riproduzione temporanea di Agfa-Gevaert;<\/p>\n<p style=\"text-align: justify;\">panelli esterni:\u00a0<em>L\u2019avarizia dell\u2019egoismo<\/em>\u00a0contro\u00a0<em>La generosit\u00e0 della carit\u00e0<\/em>.<\/p>\n<p style=\"text-align: justify;\">A questa virt\u00f9 si riferisce anche la pittura del muro a nord:\u00a0<em>Le opere della misericordia<\/em>, Frans Francken II (ca.1600-\u201820)<\/p>\n\t\t\t\t\t\t\t\t<\/div>\n\t\t\t\t<\/div>\n\t\t\t\t<div class=\"elementor-element elementor-element-b6afe91 elementor-widget elementor-widget-button\" data-id=\"b6afe91\" data-element_type=\"widget\" data-e-type=\"widget\" data-widget_type=\"button.default\">\n\t\t\t\t<div class=\"elementor-widget-container\">\n\t\t\t\t\t\t\t\t\t<div class=\"elementor-button-wrapper\">\n\t\t\t\t\t<a class=\"elementor-button elementor-button-link elementor-size-sm\" href=\"http:\/\/topa.be\/en\/st-andries\/beschrijving\/muntersaltaar\/\">\n\t\t\t\t\t\t<span class=\"elementor-button-content-wrapper\">\n\t\t\t\t\t\t<span class=\"elementor-button-icon\">\n\t\t\t\t<i aria-hidden=\"true\" class=\"fas fa-book-reader\"><\/i>\t\t\t<\/span>\n\t\t\t\t\t\t\t\t\t<span class=\"elementor-button-text\">Read more?<\/span>\n\t\t\t\t\t<\/span>\n\t\t\t\t\t<\/a>\n\t\t\t\t<\/div>\n\t\t\t\t\t\t\t\t<\/div>\n\t\t\t\t<\/div>\n\t\t\t\t\t<\/div>\n\t\t<\/div>\n\t\t\t\t<div class=\"elementor-column elementor-col-33 elementor-top-column elementor-element elementor-element-774419f\" data-id=\"774419f\" data-element_type=\"column\" data-e-type=\"column\">\n\t\t\t<div class=\"elementor-widget-wrap elementor-element-populated\">\n\t\t\t\t\t\t<div class=\"elementor-element elementor-element-7087750 elementor-nav-menu--dropdown-tablet elementor-nav-menu__text-align-aside elementor-nav-menu--toggle elementor-nav-menu--burger elementor-widget elementor-widget-nav-menu\" data-id=\"7087750\" data-element_type=\"widget\" data-e-type=\"widget\" data-settings=\"{&quot;layout&quot;:&quot;vertical&quot;,&quot;submenu_icon&quot;:{&quot;value&quot;:&quot;&lt;i class=\\&quot;fas fa-caret-down\\&quot; aria-hidden=\\&quot;true\\&quot;&gt;&lt;\\\/i&gt;&quot;,&quot;library&quot;:&quot;fa-solid&quot;},&quot;toggle&quot;:&quot;burger&quot;}\" data-widget_type=\"nav-menu.default\">\n\t\t\t\t<div class=\"elementor-widget-container\">\n\t\t\t\t\t\t\t\t<nav aria-label=\"Menu\" class=\"elementor-nav-menu--main elementor-nav-menu__container elementor-nav-menu--layout-vertical e--pointer-framed e--animation-fade\">\n\t\t\t\t<ul id=\"menu-1-7087750\" class=\"elementor-nav-menu sm-vertical\"><li class=\"menu-item menu-item-type-post_type menu-item-object-page menu-item-60169\"><a href=\"https:\/\/topa.be\/it\/st-andries\/qr-codes\/qr01\/\" class=\"elementor-item\">QR01 \u2013 Chiesa di San Andrea \u2013 Introduzione<\/a><\/li>\n<li class=\"menu-item menu-item-type-post_type menu-item-object-page menu-item-60181\"><a href=\"https:\/\/topa.be\/it\/st-andries\/qr-codes\/qr02\/\" class=\"elementor-item\">QR02 \u2013 La storia<\/a><\/li>\n<li class=\"menu-item menu-item-type-post_type menu-item-object-page menu-item-60182\"><a href=\"https:\/\/topa.be\/it\/st-andries\/qr-codes\/qr03\/\" class=\"elementor-item\">QR03 \u2013 La torre<\/a><\/li>\n<li class=\"menu-item menu-item-type-post_type menu-item-object-page menu-item-60183\"><a href=\"https:\/\/topa.be\/it\/st-andries\/qr-codes\/qr04\/\" class=\"elementor-item\">QR04 \u2013 L\u2019interno<\/a><\/li>\n<li class=\"menu-item menu-item-type-post_type menu-item-object-page menu-item-60184\"><a href=\"https:\/\/topa.be\/it\/st-andries\/qr-codes\/qr05\/\" class=\"elementor-item\">QR05 \u2013 Il pulpito<\/a><\/li>\n<li class=\"menu-item menu-item-type-post_type menu-item-object-page menu-item-60185\"><a href=\"https:\/\/topa.be\/it\/st-andries\/qr-codes\/qr06\/\" class=\"elementor-item\">QR06 \u2013 Altari laterali<\/a><\/li>\n<li class=\"menu-item menu-item-type-post_type menu-item-object-page menu-item-60186\"><a href=\"https:\/\/topa.be\/it\/st-andries\/qr-codes\/qr07\/\" class=\"elementor-item\">QR07 \u2013 Il Cammino di Vita<\/a><\/li>\n<li class=\"menu-item menu-item-type-post_type menu-item-object-page menu-item-60187\"><a href=\"https:\/\/topa.be\/it\/st-andries\/qr-codes\/qr08\/\" class=\"elementor-item\">QR08 \u2013 Epitaffio degli Agostiniani<\/a><\/li>\n<li class=\"menu-item menu-item-type-post_type menu-item-object-page menu-item-60188\"><a href=\"https:\/\/topa.be\/it\/st-andries\/qr-codes\/qr09\/\" class=\"elementor-item\">QR09 \u2013 L\u2019altare di Sant\u2019Eligio dei forgiatori di conio<\/a><\/li>\n<li class=\"menu-item menu-item-type-post_type menu-item-object-page menu-item-60189\"><a href=\"https:\/\/topa.be\/it\/st-andries\/qr-codes\/qr10\/\" class=\"elementor-item\">QR10 \u2013 La tesoreria<\/a><\/li>\n<li class=\"menu-item menu-item-type-post_type menu-item-object-page menu-item-60190\"><a href=\"https:\/\/topa.be\/it\/st-andries\/qr-codes\/qr11\/\" class=\"elementor-item\">QR11 \u2013 La capella della Madonna<\/a><\/li>\n<li class=\"menu-item menu-item-type-post_type menu-item-object-page menu-item-60230\"><a href=\"https:\/\/topa.be\/it\/st-andries\/qr-codes\/qr12\/\" class=\"elementor-item\">QR12 \u2013 La fratellanza delle Anime Fedeli<\/a><\/li>\n<li class=\"menu-item menu-item-type-post_type menu-item-object-page menu-item-60231\"><a href=\"https:\/\/topa.be\/it\/st-andries\/qr-codes\/qr13\/\" class=\"elementor-item\">QR13 \u2013 La statua del santo apostolo Pietro<\/a><\/li>\n<li class=\"menu-item menu-item-type-post_type menu-item-object-page menu-item-60232\"><a href=\"https:\/\/topa.be\/it\/st-andries\/qr-codes\/qr14\/\" class=\"elementor-item\">QR14 \u2013 L\u2019altare maggiore<\/a><\/li>\n<li class=\"menu-item menu-item-type-post_type menu-item-object-page menu-item-60233\"><a href=\"https:\/\/topa.be\/it\/st-andries\/qr-codes\/qr15\/\" class=\"elementor-item\">QR15 \u2013 Il martirio di Sant\u2019Andrea<\/a><\/li>\n<li class=\"menu-item menu-item-type-post_type menu-item-object-page menu-item-60234\"><a href=\"https:\/\/topa.be\/it\/st-andries\/qr-codes\/qr16\/\" class=\"elementor-item\">QR16 \u2013 Il coro<\/a><\/li>\n<li class=\"menu-item menu-item-type-post_type menu-item-object-page menu-item-60235\"><a href=\"https:\/\/topa.be\/it\/st-andries\/qr-codes\/qr17\/\" class=\"elementor-item\">QR17 \u2013 La Capella del Santissimo Sacramento<\/a><\/li>\n<li class=\"menu-item menu-item-type-post_type menu-item-object-page menu-item-60236\"><a href=\"https:\/\/topa.be\/it\/st-andries\/qr-codes\/qr18\/\" class=\"elementor-item\">QR18 \u2013 Il monumento alle dame di compagnia di Maria Stuarda<\/a><\/li>\n<li class=\"menu-item menu-item-type-post_type menu-item-object-page menu-item-60237\"><a href=\"https:\/\/topa.be\/it\/st-andries\/qr-codes\/qr19\/\" class=\"elementor-item\">QR19 \u2013 What is truth?<\/a><\/li>\n<li class=\"menu-item menu-item-type-post_type menu-item-object-page menu-item-60238\"><a href=\"https:\/\/topa.be\/it\/st-andries\/qr-codes\/qr20\/\" class=\"elementor-item\">QR20 \u2013 Il sacco di boxe<\/a><\/li>\n<\/ul>\t\t\t<\/nav>\n\t\t\t\t\t<div class=\"elementor-menu-toggle\" role=\"button\" tabindex=\"0\" aria-label=\"Menu di commutazione\" aria-expanded=\"false\">\n\t\t\t<i aria-hidden=\"true\" role=\"presentation\" class=\"elementor-menu-toggle__icon--open eicon-menu-bar\"><\/i><i aria-hidden=\"true\" role=\"presentation\" class=\"elementor-menu-toggle__icon--close eicon-close\"><\/i>\t\t<\/div>\n\t\t\t\t\t<nav class=\"elementor-nav-menu--dropdown elementor-nav-menu__container\" aria-hidden=\"true\">\n\t\t\t\t<ul id=\"menu-2-7087750\" class=\"elementor-nav-menu sm-vertical\"><li class=\"menu-item menu-item-type-post_type menu-item-object-page menu-item-60169\"><a href=\"https:\/\/topa.be\/it\/st-andries\/qr-codes\/qr01\/\" class=\"elementor-item\" tabindex=\"-1\">QR01 \u2013 Chiesa di San Andrea \u2013 Introduzione<\/a><\/li>\n<li class=\"menu-item menu-item-type-post_type menu-item-object-page menu-item-60181\"><a href=\"https:\/\/topa.be\/it\/st-andries\/qr-codes\/qr02\/\" class=\"elementor-item\" tabindex=\"-1\">QR02 \u2013 La storia<\/a><\/li>\n<li class=\"menu-item menu-item-type-post_type menu-item-object-page menu-item-60182\"><a href=\"https:\/\/topa.be\/it\/st-andries\/qr-codes\/qr03\/\" class=\"elementor-item\" tabindex=\"-1\">QR03 \u2013 La torre<\/a><\/li>\n<li class=\"menu-item menu-item-type-post_type menu-item-object-page menu-item-60183\"><a href=\"https:\/\/topa.be\/it\/st-andries\/qr-codes\/qr04\/\" class=\"elementor-item\" tabindex=\"-1\">QR04 \u2013 L\u2019interno<\/a><\/li>\n<li class=\"menu-item menu-item-type-post_type menu-item-object-page menu-item-60184\"><a href=\"https:\/\/topa.be\/it\/st-andries\/qr-codes\/qr05\/\" class=\"elementor-item\" tabindex=\"-1\">QR05 \u2013 Il pulpito<\/a><\/li>\n<li class=\"menu-item menu-item-type-post_type menu-item-object-page menu-item-60185\"><a href=\"https:\/\/topa.be\/it\/st-andries\/qr-codes\/qr06\/\" class=\"elementor-item\" tabindex=\"-1\">QR06 \u2013 Altari laterali<\/a><\/li>\n<li class=\"menu-item menu-item-type-post_type menu-item-object-page menu-item-60186\"><a href=\"https:\/\/topa.be\/it\/st-andries\/qr-codes\/qr07\/\" class=\"elementor-item\" tabindex=\"-1\">QR07 \u2013 Il Cammino di Vita<\/a><\/li>\n<li class=\"menu-item menu-item-type-post_type menu-item-object-page menu-item-60187\"><a href=\"https:\/\/topa.be\/it\/st-andries\/qr-codes\/qr08\/\" class=\"elementor-item\" tabindex=\"-1\">QR08 \u2013 Epitaffio degli Agostiniani<\/a><\/li>\n<li class=\"menu-item menu-item-type-post_type menu-item-object-page menu-item-60188\"><a href=\"https:\/\/topa.be\/it\/st-andries\/qr-codes\/qr09\/\" class=\"elementor-item\" tabindex=\"-1\">QR09 \u2013 L\u2019altare di Sant\u2019Eligio dei forgiatori di conio<\/a><\/li>\n<li class=\"menu-item menu-item-type-post_type menu-item-object-page menu-item-60189\"><a href=\"https:\/\/topa.be\/it\/st-andries\/qr-codes\/qr10\/\" class=\"elementor-item\" tabindex=\"-1\">QR10 \u2013 La tesoreria<\/a><\/li>\n<li class=\"menu-item menu-item-type-post_type menu-item-object-page menu-item-60190\"><a href=\"https:\/\/topa.be\/it\/st-andries\/qr-codes\/qr11\/\" class=\"elementor-item\" tabindex=\"-1\">QR11 \u2013 La capella della Madonna<\/a><\/li>\n<li class=\"menu-item menu-item-type-post_type menu-item-object-page menu-item-60230\"><a href=\"https:\/\/topa.be\/it\/st-andries\/qr-codes\/qr12\/\" class=\"elementor-item\" tabindex=\"-1\">QR12 \u2013 La fratellanza delle Anime Fedeli<\/a><\/li>\n<li class=\"menu-item menu-item-type-post_type menu-item-object-page menu-item-60231\"><a href=\"https:\/\/topa.be\/it\/st-andries\/qr-codes\/qr13\/\" class=\"elementor-item\" tabindex=\"-1\">QR13 \u2013 La statua del santo apostolo Pietro<\/a><\/li>\n<li class=\"menu-item menu-item-type-post_type menu-item-object-page menu-item-60232\"><a href=\"https:\/\/topa.be\/it\/st-andries\/qr-codes\/qr14\/\" class=\"elementor-item\" tabindex=\"-1\">QR14 \u2013 L\u2019altare maggiore<\/a><\/li>\n<li class=\"menu-item menu-item-type-post_type menu-item-object-page menu-item-60233\"><a href=\"https:\/\/topa.be\/it\/st-andries\/qr-codes\/qr15\/\" class=\"elementor-item\" tabindex=\"-1\">QR15 \u2013 Il martirio di Sant\u2019Andrea<\/a><\/li>\n<li class=\"menu-item menu-item-type-post_type menu-item-object-page menu-item-60234\"><a href=\"https:\/\/topa.be\/it\/st-andries\/qr-codes\/qr16\/\" class=\"elementor-item\" tabindex=\"-1\">QR16 \u2013 Il coro<\/a><\/li>\n<li class=\"menu-item menu-item-type-post_type menu-item-object-page menu-item-60235\"><a href=\"https:\/\/topa.be\/it\/st-andries\/qr-codes\/qr17\/\" class=\"elementor-item\" tabindex=\"-1\">QR17 \u2013 La Capella del Santissimo Sacramento<\/a><\/li>\n<li class=\"menu-item menu-item-type-post_type menu-item-object-page menu-item-60236\"><a href=\"https:\/\/topa.be\/it\/st-andries\/qr-codes\/qr18\/\" class=\"elementor-item\" tabindex=\"-1\">QR18 \u2013 Il monumento alle dame di compagnia di Maria Stuarda<\/a><\/li>\n<li class=\"menu-item menu-item-type-post_type menu-item-object-page menu-item-60237\"><a href=\"https:\/\/topa.be\/it\/st-andries\/qr-codes\/qr19\/\" class=\"elementor-item\" tabindex=\"-1\">QR19 \u2013 What is truth?<\/a><\/li>\n<li class=\"menu-item menu-item-type-post_type menu-item-object-page menu-item-60238\"><a href=\"https:\/\/topa.be\/it\/st-andries\/qr-codes\/qr20\/\" class=\"elementor-item\" tabindex=\"-1\">QR20 \u2013 Il sacco di boxe<\/a><\/li>\n<\/ul>\t\t\t<\/nav>\n\t\t\t\t\t\t<\/div>\n\t\t\t\t<\/div>\n\t\t\t\t\t<\/div>\n\t\t<\/div>\n\t\t\t\t\t<\/div>\n\t\t<\/section>\n\t\t\t\t<\/div>\n\t\t","protected":false},"excerpt":{"rendered":"<p>Chiesa di San Andrea di Anversa L\u2019altare di Sant\u2019Eligio dei forgiatori di conio Pitturato, Maerten de Vos, 1601 pannello centrale\u00a0La domanda a Ges\u00f9 sul tributo a Cesare\u00a0(Mt 22,15-22), una riproduzione temporanea di Agfa-Gevaert; panelli esterni:\u00a0L\u2019avarizia dell\u2019egoismo\u00a0contro\u00a0La generosit\u00e0 della carit\u00e0. A questa virt\u00f9 si riferisce anche la pittura del muro a nord:\u00a0Le opere della misericordia, Frans [&hellip;]<\/p>\n","protected":false},"author":16,"featured_media":0,"parent":37455,"menu_order":90,"comment_status":"closed","ping_status":"closed","template":"","meta":{"footnotes":""},"class_list":["post-37377","page","type-page","status-publish","hentry"],"aioseo_notices":[],"_links":{"self":[{"href":"https:\/\/topa.be\/it\/wp-json\/wp\/v2\/pages\/37377","targetHints":{"allow":["GET"]}}],"collection":[{"href":"https:\/\/topa.be\/it\/wp-json\/wp\/v2\/pages"}],"about":[{"href":"https:\/\/topa.be\/it\/wp-json\/wp\/v2\/types\/page"}],"author":[{"embeddable":true,"href":"https:\/\/topa.be\/it\/wp-json\/wp\/v2\/users\/16"}],"replies":[{"embeddable":true,"href":"https:\/\/topa.be\/it\/wp-json\/wp\/v2\/comments?post=37377"}],"version-history":[{"count":3,"href":"https:\/\/topa.be\/it\/wp-json\/wp\/v2\/pages\/37377\/revisions"}],"predecessor-version":[{"id":51576,"href":"https:\/\/topa.be\/it\/wp-json\/wp\/v2\/pages\/37377\/revisions\/51576"}],"up":[{"embeddable":true,"href":"https:\/\/topa.be\/it\/wp-json\/wp\/v2\/pages\/37455"}],"wp:attachment":[{"href":"https:\/\/topa.be\/it\/wp-json\/wp\/v2\/media?parent=37377"}],"curies":[{"name":"wp","href":"https:\/\/api.w.org\/{rel}","templated":true}]}}