{"id":37326,"date":"2021-05-20T14:21:29","date_gmt":"2021-05-20T12:21:29","guid":{"rendered":"http:\/\/topa.be\/olv-kathedraal\/visite-guidate\/"},"modified":"2024-01-25T15:25:55","modified_gmt":"2024-01-25T14:25:55","slug":"rondleidingen","status":"publish","type":"page","link":"https:\/\/topa.be\/it\/olv-kathedraal\/rondleidingen\/","title":{"rendered":"OLV Visite guidate (calendario)"},"content":{"rendered":"\t\t<div data-elementor-type=\"wp-page\" data-elementor-id=\"37326\" class=\"elementor elementor-37326 elementor-33232\" data-elementor-post-type=\"page\">\n\t\t\t\t\t\t<section class=\"elementor-section elementor-top-section elementor-element elementor-element-31bdc53 elementor-section-boxed elementor-section-height-default elementor-section-height-default\" data-id=\"31bdc53\" data-element_type=\"section\" data-e-type=\"section\">\n\t\t\t\t\t\t<div class=\"elementor-container elementor-column-gap-default\">\n\t\t\t\t\t<div class=\"elementor-column elementor-col-100 elementor-top-column elementor-element elementor-element-ebee0b0\" data-id=\"ebee0b0\" data-element_type=\"column\" data-e-type=\"column\">\n\t\t\t<div class=\"elementor-widget-wrap elementor-element-populated\">\n\t\t\t\t\t\t<div class=\"elementor-element elementor-element-5618031 elementor-widget elementor-widget-heading\" data-id=\"5618031\" data-element_type=\"widget\" data-e-type=\"widget\" data-widget_type=\"heading.default\">\n\t\t\t\t<div class=\"elementor-widget-container\">\n\t\t\t\t\t<h1 class=\"elementor-heading-title elementor-size-default\">Cattedrale della Madonna<\/h1>\t\t\t\t<\/div>\n\t\t\t\t<\/div>\n\t\t\t\t\t<\/div>\n\t\t<\/div>\n\t\t\t\t\t<\/div>\n\t\t<\/section>\n\t\t\t\t<section class=\"elementor-section elementor-top-section elementor-element elementor-element-cde690e elementor-section-boxed elementor-section-height-default elementor-section-height-default\" data-id=\"cde690e\" data-element_type=\"section\" data-e-type=\"section\">\n\t\t\t\t\t\t<div class=\"elementor-container elementor-column-gap-default\">\n\t\t\t\t\t<div class=\"elementor-column elementor-col-100 elementor-top-column elementor-element elementor-element-095a272\" data-id=\"095a272\" data-element_type=\"column\" data-e-type=\"column\">\n\t\t\t<div class=\"elementor-widget-wrap elementor-element-populated\">\n\t\t\t\t\t\t<div class=\"elementor-element elementor-element-d179c82 elementor-widget elementor-widget-heading\" data-id=\"d179c82\" data-element_type=\"widget\" data-e-type=\"widget\" data-widget_type=\"heading.default\">\n\t\t\t\t<div class=\"elementor-widget-container\">\n\t\t\t\t\t<h2 class=\"elementor-heading-title elementor-size-default\">Visite guidate<\/h2>\t\t\t\t<\/div>\n\t\t\t\t<\/div>\n\t\t\t\t\t<\/div>\n\t\t<\/div>\n\t\t\t\t\t<\/div>\n\t\t<\/section>\n\t\t\t\t<section class=\"elementor-section elementor-top-section elementor-element elementor-element-f52b145 elementor-section-boxed elementor-section-height-default elementor-section-height-default\" data-id=\"f52b145\" data-element_type=\"section\" data-e-type=\"section\">\n\t\t\t\t\t\t<div class=\"elementor-container elementor-column-gap-default\">\n\t\t\t\t\t<div class=\"elementor-column elementor-col-66 elementor-top-column elementor-element elementor-element-843d7f4\" data-id=\"843d7f4\" data-element_type=\"column\" data-e-type=\"column\">\n\t\t\t<div class=\"elementor-widget-wrap elementor-element-populated\">\n\t\t\t\t\t\t<div class=\"elementor-element elementor-element-f72d243 elementor-widget elementor-widget-text-editor\" data-id=\"f72d243\" data-element_type=\"widget\" data-e-type=\"widget\" data-widget_type=\"text-editor.default\">\n\t\t\t\t<div class=\"elementor-widget-container\">\n\t\t\t\t\t\t\t\t\t<p style=\"text-align: justify;\">Visite guidate con le guide della TOPA\u00a0(PAstorale del TOrismo)\u00a0sotto il motto:<\/p>\n<h2 style=\"text-align: center;\">\u201c<strong>vedere l\u2019arte: pi\u00f9 di \u2018un batter d\u2019occhio<\/strong>\u201c<\/h2>\n\t\t\t\t\t\t\t\t<\/div>\n\t\t\t\t<\/div>\n\t\t\t\t<div class=\"elementor-element elementor-element-33b4151 elementor-widget elementor-widget-text-editor\" data-id=\"33b4151\" data-element_type=\"widget\" data-e-type=\"widget\" data-widget_type=\"text-editor.default\">\n\t\t\t\t<div class=\"elementor-widget-container\">\n\t\t\t\t\t\t\t\t\t<p style=\"text-align: justify;\"><strong>per visitatori individuali, gratuite<\/strong><\/p>\n<p style=\"text-align: justify;\">Guide disponibili in sei lingue: EN FR DE EN EN IT ES.<br \/>\nGiorni e orari a seconda della disponibilit\u00e0 delle guide.<\/p>\n<p><strong>C<\/strong><strong>alendario delle visite guidate:<br \/>\n<span style=\"background-color: #00ff00;\">Verde=SI<\/span>\u00a0\u2013 <span style=\"background-color: #999999;\">Grigio=NO<\/span>\u00a0\u2013 <span style=\"background-color: #ff0000;\">Rosso=Nessuno visita<\/span><\/strong><\/p>\n<p><span style=\"text-decoration: underline; font-size: 14pt;\"><em><strong>ATTENZIONE: il sabato il tour inizia alle 14:00! <\/strong><\/em><\/span><\/p>\n\t\t\t\t\t\t\t\t<\/div>\n\t\t\t\t<\/div>\n\t\t\t\t\t<\/div>\n\t\t<\/div>\n\t\t\t\t<div class=\"elementor-column elementor-col-33 elementor-top-column elementor-element elementor-element-6a64f63\" data-id=\"6a64f63\" data-element_type=\"column\" data-e-type=\"column\">\n\t\t\t<div class=\"elementor-widget-wrap elementor-element-populated\">\n\t\t\t\t\t\t<div class=\"elementor-element elementor-element-04199e7 elementor-widget elementor-widget-text-editor\" data-id=\"04199e7\" data-element_type=\"widget\" data-e-type=\"widget\" data-widget_type=\"text-editor.default\">\n\t\t\t\t<div class=\"elementor-widget-container\">\n\t\t\t\t\t\t\t\t\t<h4 class=\"widgettitle\">Per saperne di pi\u00f9:<\/h4>\n\t\t\t\t\t\t\t\t<\/div>\n\t\t\t\t<\/div>\n\t\t\t\t<div class=\"elementor-element elementor-element-cb80e0a elementor-nav-menu--dropdown-tablet elementor-nav-menu__text-align-aside elementor-nav-menu--toggle elementor-nav-menu--burger elementor-widget elementor-widget-nav-menu\" data-id=\"cb80e0a\" data-element_type=\"widget\" data-e-type=\"widget\" data-settings=\"{&quot;layout&quot;:&quot;vertical&quot;,&quot;submenu_icon&quot;:{&quot;value&quot;:&quot;&lt;i class=\\&quot;fas fa-caret-down\\&quot; aria-hidden=\\&quot;true\\&quot;&gt;&lt;\\\/i&gt;&quot;,&quot;library&quot;:&quot;fa-solid&quot;},&quot;toggle&quot;:&quot;burger&quot;}\" data-widget_type=\"nav-menu.default\">\n\t\t\t\t<div class=\"elementor-widget-container\">\n\t\t\t\t\t\t\t\t<nav aria-label=\"Menu\" class=\"elementor-nav-menu--main elementor-nav-menu__container elementor-nav-menu--layout-vertical e--pointer-framed e--animation-fade\">\n\t\t\t\t<ul id=\"menu-1-cb80e0a\" class=\"elementor-nav-menu sm-vertical\"><li class=\"menu-item menu-item-type-post_type menu-item-object-page menu-item-65008\"><a href=\"https:\/\/topa.be\/it\/olv-kathedraal\/praktisch\/\" class=\"elementor-item\">OLV Informazionni pratiche<\/a><\/li>\n<li class=\"menu-item menu-item-type-post_type menu-item-object-page menu-item-59924\"><a href=\"https:\/\/topa.be\/it\/olv-kathedraal\/rondleidingen\/\" class=\"elementor-item\">Visite guidate (calendario)<\/a><\/li>\n<li class=\"menu-item menu-item-type-post_type menu-item-object-page menu-item-59925\"><a href=\"https:\/\/topa.be\/it\/olv-kathedraal\/kennismaking\/\" class=\"elementor-item\">A cattedrale in breve<\/a><\/li>\n<li class=\"menu-item menu-item-type-post_type menu-item-object-page menu-item-59926\"><a href=\"https:\/\/topa.be\/it\/olv-kathedraal\/interactief-grondplan\/\" class=\"elementor-item\">Interactive floorplan<\/a><\/li>\n<li class=\"menu-item menu-item-type-post_type menu-item-object-page menu-item-59927\"><a href=\"https:\/\/topa.be\/it\/olv-kathedraal\/beschrijving\/\" class=\"elementor-item\">History &#038; Description<\/a><\/li>\n<li class=\"menu-item menu-item-type-post_type menu-item-object-page menu-item-59928\"><a href=\"https:\/\/topa.be\/it\/olv-kathedraal\/publicaties\/\" class=\"elementor-item\">Pubblicazioni<\/a><\/li>\n<\/ul>\t\t\t<\/nav>\n\t\t\t\t\t<div class=\"elementor-menu-toggle\" role=\"button\" tabindex=\"0\" aria-label=\"Menu di commutazione\" aria-expanded=\"false\">\n\t\t\t<i aria-hidden=\"true\" role=\"presentation\" class=\"elementor-menu-toggle__icon--open eicon-menu-bar\"><\/i><i aria-hidden=\"true\" role=\"presentation\" class=\"elementor-menu-toggle__icon--close eicon-close\"><\/i>\t\t<\/div>\n\t\t\t\t\t<nav class=\"elementor-nav-menu--dropdown elementor-nav-menu__container\" aria-hidden=\"true\">\n\t\t\t\t<ul id=\"menu-2-cb80e0a\" class=\"elementor-nav-menu sm-vertical\"><li class=\"menu-item menu-item-type-post_type menu-item-object-page menu-item-65008\"><a href=\"https:\/\/topa.be\/it\/olv-kathedraal\/praktisch\/\" class=\"elementor-item\" tabindex=\"-1\">OLV Informazionni pratiche<\/a><\/li>\n<li class=\"menu-item menu-item-type-post_type menu-item-object-page menu-item-59924\"><a href=\"https:\/\/topa.be\/it\/olv-kathedraal\/rondleidingen\/\" class=\"elementor-item\" tabindex=\"-1\">Visite guidate (calendario)<\/a><\/li>\n<li class=\"menu-item menu-item-type-post_type menu-item-object-page menu-item-59925\"><a href=\"https:\/\/topa.be\/it\/olv-kathedraal\/kennismaking\/\" class=\"elementor-item\" tabindex=\"-1\">A cattedrale in breve<\/a><\/li>\n<li class=\"menu-item menu-item-type-post_type menu-item-object-page menu-item-59926\"><a href=\"https:\/\/topa.be\/it\/olv-kathedraal\/interactief-grondplan\/\" class=\"elementor-item\" tabindex=\"-1\">Interactive floorplan<\/a><\/li>\n<li class=\"menu-item menu-item-type-post_type menu-item-object-page menu-item-59927\"><a href=\"https:\/\/topa.be\/it\/olv-kathedraal\/beschrijving\/\" class=\"elementor-item\" tabindex=\"-1\">History &#038; Description<\/a><\/li>\n<li class=\"menu-item menu-item-type-post_type menu-item-object-page menu-item-59928\"><a href=\"https:\/\/topa.be\/it\/olv-kathedraal\/publicaties\/\" class=\"elementor-item\" tabindex=\"-1\">Pubblicazioni<\/a><\/li>\n<\/ul>\t\t\t<\/nav>\n\t\t\t\t\t\t<\/div>\n\t\t\t\t<\/div>\n\t\t\t\t\t<\/div>\n\t\t<\/div>\n\t\t\t\t\t<\/div>\n\t\t<\/section>\n\t\t\t\t<section class=\"elementor-section elementor-top-section elementor-element elementor-element-e34baaa elementor-section-boxed elementor-section-height-default elementor-section-height-default\" data-id=\"e34baaa\" data-element_type=\"section\" data-e-type=\"section\">\n\t\t\t\t\t\t<div class=\"elementor-container elementor-column-gap-default\">\n\t\t\t\t\t<div class=\"elementor-column elementor-col-100 elementor-top-column elementor-element elementor-element-8b48390\" data-id=\"8b48390\" data-element_type=\"column\" data-e-type=\"column\">\n\t\t\t<div class=\"elementor-widget-wrap elementor-element-populated\">\n\t\t\t\t\t\t<div class=\"elementor-element elementor-element-74f094f elementor-widget elementor-widget-shortcode\" data-id=\"74f094f\" data-element_type=\"widget\" data-e-type=\"widget\" data-widget_type=\"shortcode.default\">\n\t\t\t\t<div class=\"elementor-widget-container\">\n\t\t\t\t\t\t\t<div class=\"elementor-shortcode\"><iframe src=\"https:\/\/onedrive.live.com\/embed?resid=9BB42461408B5CDB%216250&authkey=!AMvglZfGJYpbY9E&em=2&activeCell=A3\" width=\"666\" height=\"500\" frameborder=\"0\" scrolling=\"no\"><\/iframe><\/div>\n\t\t\t\t\t\t<\/div>\n\t\t\t\t<\/div>\n\t\t\t\t<div class=\"elementor-element elementor-element-e14e008 elementor-widget elementor-widget-text-editor\" data-id=\"e14e008\" data-element_type=\"widget\" data-e-type=\"widget\" data-widget_type=\"text-editor.default\">\n\t\t\t\t<div class=\"elementor-widget-container\">\n\t\t\t\t\t\t\t\t\t<p style=\"text-align: justify;\"><strong><a id=\"groep\"><\/a>Per i gruppi<\/strong><br \/>\nLe Guide specializzate TOPA si ispirano \u2013 per quanto possibile \u2013 agli interessi specifici del gruppo. Visite possibili anche dopo l\u2019orario di chiusura. Un gruppo comprende\u00a0un massimo di 20 persone per guida.<\/p>\n<p style=\"text-align: justify;\"><strong>Riservare: con tre settimane di anticipo<br \/>\nPrezzo: vedere ogni offerta &#8211; Guida \u20ac 95,00<\/strong><br \/>\n<strong>Info della cattedrale<\/strong><br \/>\n<strong>+32 (0)3 213 99 51<\/strong><br \/>\n<strong><a href=\"mailto:info@dekathedraal.be\">info@dekathedraal.be<\/a><\/strong><\/p>\n\t\t\t\t\t\t\t\t<\/div>\n\t\t\t\t<\/div>\n\t\t\t\t<div class=\"elementor-element elementor-element-f26b1c4 elementor-widget elementor-widget-text-editor\" data-id=\"f26b1c4\" data-element_type=\"widget\" data-e-type=\"widget\" data-widget_type=\"text-editor.default\">\n\t\t\t\t<div class=\"elementor-widget-container\">\n\t\t\t\t\t\t\t\t\t<p style=\"text-align: justify;\"><span style=\"color: #3366ff;\"><strong>Alla scoperta della cattedrale<\/strong><\/span><\/p>\n<p style=\"text-align: justify;\">La Cattedrale di Notre Dame accoglie da secoli visitatori da tutto il mondo. La pi\u00f9 grande cattedrale dei Paesi Bassi \u00e8 pi\u00f9 di una grandiosa stanza del tesoro. \u00c8 sede di una comunit\u00e0 ecclesiale vivente. Vi accompagniamo volentieri in una scoperta che passa attraverso P.P. Rubens e decine di altri artisti meno conosciuti, che hanno creato i loro capolavori per uomini e donne che si sentono a casa in questa Casa di Dio.<\/p>\n<p style=\"text-align: justify;\">Lasciati sorprendere dalla bellezza e dalle storie potenti che nasconde. Molto non \u00e8 quello che sembra essere&#8230;<\/p>\n<p style=\"text-align: justify;\"><strong>Durata: da 1h30 a 2h00<\/strong><br \/>\n<strong>Prezzo: \u20ac 10,00 &#8211; residenti nella provincia di Anversa: gratuito<\/strong><\/p>\n\t\t\t\t\t\t\t\t<\/div>\n\t\t\t\t<\/div>\n\t\t\t\t<div class=\"elementor-element elementor-element-e70012e elementor-widget elementor-widget-text-editor\" data-id=\"e70012e\" data-element_type=\"widget\" data-e-type=\"widget\" data-widget_type=\"text-editor.default\">\n\t\t\t\t<div class=\"elementor-widget-container\">\n\t\t\t\t\t\t\t\t\t<p>&#8211;<\/p>\n\t\t\t\t\t\t\t\t<\/div>\n\t\t\t\t<\/div>\n\t\t\t\t<div class=\"elementor-element elementor-element-36bb5e0 elementor-widget elementor-widget-text-editor\" data-id=\"36bb5e0\" data-element_type=\"widget\" data-e-type=\"widget\" data-widget_type=\"text-editor.default\">\n\t\t\t\t<div class=\"elementor-widget-container\">\n\t\t\t\t\t\t\t\t\t<p>&#8211;<\/p>\n\t\t\t\t\t\t\t\t<\/div>\n\t\t\t\t<\/div>\n\t\t\t\t<div class=\"elementor-element elementor-element-2363775 elementor-widget elementor-widget-text-editor\" data-id=\"2363775\" data-element_type=\"widget\" data-e-type=\"widget\" data-widget_type=\"text-editor.default\">\n\t\t\t\t<div class=\"elementor-widget-container\">\n\t\t\t\t\t\t\t\t\t<p>&#8211;<\/p>\n\t\t\t\t\t\t\t\t<\/div>\n\t\t\t\t<\/div>\n\t\t\t\t<div class=\"elementor-element elementor-element-8e32bfe elementor-widget elementor-widget-text-editor\" data-id=\"8e32bfe\" data-element_type=\"widget\" data-e-type=\"widget\" data-widget_type=\"text-editor.default\">\n\t\t\t\t<div class=\"elementor-widget-container\">\n\t\t\t\t\t\t\t\t\t<p>&#8211;<\/p>\n\t\t\t\t\t\t\t\t<\/div>\n\t\t\t\t<\/div>\n\t\t\t\t<div class=\"elementor-element elementor-element-ea62260 elementor-widget elementor-widget-text-editor\" data-id=\"ea62260\" data-element_type=\"widget\" data-e-type=\"widget\" data-widget_type=\"text-editor.default\">\n\t\t\t\t<div class=\"elementor-widget-container\">\n\t\t\t\t\t\t\t\t\t<p>&#8211;<\/p>\n\t\t\t\t\t\t\t\t<\/div>\n\t\t\t\t<\/div>\n\t\t\t\t<div class=\"elementor-element elementor-element-a325c2d elementor-widget elementor-widget-text-editor\" data-id=\"a325c2d\" data-element_type=\"widget\" data-e-type=\"widget\" data-widget_type=\"text-editor.default\">\n\t\t\t\t<div class=\"elementor-widget-container\">\n\t\t\t\t\t\t\t\t\t<p>&#8211;<\/p>\n\t\t\t\t\t\t\t\t<\/div>\n\t\t\t\t<\/div>\n\t\t\t\t<div class=\"elementor-element elementor-element-15bf58f elementor-widget elementor-widget-text-editor\" data-id=\"15bf58f\" data-element_type=\"widget\" data-e-type=\"widget\" data-widget_type=\"text-editor.default\">\n\t\t\t\t<div class=\"elementor-widget-container\">\n\t\t\t\t\t\t\t\t\t<p><strong>Nella pagina generale <a href=\"https:\/\/topa.be\/it\/groepen\/\">VISITE GUIDATE<\/a> c&#8217;\u00e8 anche un tour (in inglese) che va a diverse chiese.<\/strong><\/p>\n\t\t\t\t\t\t\t\t<\/div>\n\t\t\t\t<\/div>\n\t\t\t\t\t<\/div>\n\t\t<\/div>\n\t\t\t\t\t<\/div>\n\t\t<\/section>\n\t\t\t\t<\/div>\n\t\t","protected":false},"excerpt":{"rendered":"<p>Cattedrale della Madonna Visite guidate Visite guidate con le guide della TOPA\u00a0(PAstorale del TOrismo)\u00a0sotto il motto: \u201cvedere l\u2019arte: pi\u00f9 di \u2018un batter d\u2019occhio\u201c per visitatori individuali, gratuite Guide disponibili in sei lingue: EN FR DE EN EN IT ES. Giorni e orari a seconda della disponibilit\u00e0 delle guide. Calendario delle visite guidate: Verde=SI\u00a0\u2013 Grigio=NO\u00a0\u2013 Rosso=Nessuno [&hellip;]<\/p>\n","protected":false},"author":16,"featured_media":0,"parent":37320,"menu_order":20,"comment_status":"closed","ping_status":"closed","template":"","meta":{"footnotes":""},"class_list":["post-37326","page","type-page","status-publish","hentry"],"aioseo_notices":[],"_links":{"self":[{"href":"https:\/\/topa.be\/it\/wp-json\/wp\/v2\/pages\/37326","targetHints":{"allow":["GET"]}}],"collection":[{"href":"https:\/\/topa.be\/it\/wp-json\/wp\/v2\/pages"}],"about":[{"href":"https:\/\/topa.be\/it\/wp-json\/wp\/v2\/types\/page"}],"author":[{"embeddable":true,"href":"https:\/\/topa.be\/it\/wp-json\/wp\/v2\/users\/16"}],"replies":[{"embeddable":true,"href":"https:\/\/topa.be\/it\/wp-json\/wp\/v2\/comments?post=37326"}],"version-history":[{"count":3,"href":"https:\/\/topa.be\/it\/wp-json\/wp\/v2\/pages\/37326\/revisions"}],"predecessor-version":[{"id":70170,"href":"https:\/\/topa.be\/it\/wp-json\/wp\/v2\/pages\/37326\/revisions\/70170"}],"up":[{"embeddable":true,"href":"https:\/\/topa.be\/it\/wp-json\/wp\/v2\/pages\/37320"}],"wp:attachment":[{"href":"https:\/\/topa.be\/it\/wp-json\/wp\/v2\/media?parent=37326"}],"curies":[{"name":"wp","href":"https:\/\/api.w.org\/{rel}","templated":true}]}}