{"id":62423,"date":"2021-11-23T12:13:55","date_gmt":"2021-11-23T11:13:55","guid":{"rendered":"http:\/\/topa.be\/offre-aux-ecoles\/"},"modified":"2025-03-13T14:46:18","modified_gmt":"2025-03-13T13:46:18","slug":"offre-aux-ecoles","status":"publish","type":"page","link":"https:\/\/topa.be\/fr\/offre-aux-ecoles\/","title":{"rendered":"Offre aux \u00e9coles"},"content":{"rendered":"\t\t<div data-elementor-type=\"wp-page\" data-elementor-id=\"62423\" class=\"elementor elementor-62423 elementor-11761\" data-elementor-post-type=\"page\">\n\t\t\t\t\t\t<section class=\"elementor-section elementor-top-section elementor-element elementor-element-81dcc40 elementor-section-boxed elementor-section-height-default elementor-section-height-default\" data-id=\"81dcc40\" data-element_type=\"section\" data-e-type=\"section\">\n\t\t\t\t\t\t<div class=\"elementor-container elementor-column-gap-default\">\n\t\t\t\t\t<div class=\"elementor-column elementor-col-100 elementor-top-column elementor-element elementor-element-4528a7d\" data-id=\"4528a7d\" data-element_type=\"column\" data-e-type=\"column\">\n\t\t\t<div class=\"elementor-widget-wrap elementor-element-populated\">\n\t\t\t\t\t\t<div class=\"elementor-element elementor-element-a075d2c elementor-widget elementor-widget-heading\" data-id=\"a075d2c\" data-element_type=\"widget\" data-e-type=\"widget\" data-widget_type=\"heading.default\">\n\t\t\t\t<div class=\"elementor-widget-container\">\n\t\t\t\t\t<h2 class=\"elementor-heading-title elementor-size-default\">Notre OFFRE aux \u00c9COLES<\/h2>\t\t\t\t<\/div>\n\t\t\t\t<\/div>\n\t\t\t\t\t<\/div>\n\t\t<\/div>\n\t\t\t\t\t<\/div>\n\t\t<\/section>\n\t\t\t\t<section class=\"elementor-section elementor-top-section elementor-element elementor-element-3bf8d0d elementor-section-boxed elementor-section-height-default elementor-section-height-default\" data-id=\"3bf8d0d\" data-element_type=\"section\" data-e-type=\"section\">\n\t\t\t\t\t\t<div class=\"elementor-container elementor-column-gap-default\">\n\t\t\t\t\t<div class=\"elementor-column elementor-col-100 elementor-top-column elementor-element elementor-element-e1a1ea4\" data-id=\"e1a1ea4\" data-element_type=\"column\" data-e-type=\"column\">\n\t\t\t<div class=\"elementor-widget-wrap elementor-element-populated\">\n\t\t\t\t\t\t<section class=\"elementor-section elementor-inner-section elementor-element elementor-element-7f87a34 elementor-section-boxed elementor-section-height-default elementor-section-height-default\" data-id=\"7f87a34\" data-element_type=\"section\" data-e-type=\"section\">\n\t\t\t\t\t\t<div class=\"elementor-container elementor-column-gap-default\">\n\t\t\t\t\t<div class=\"elementor-column elementor-col-66 elementor-inner-column elementor-element elementor-element-82cde63\" data-id=\"82cde63\" data-element_type=\"column\" data-e-type=\"column\">\n\t\t\t<div class=\"elementor-widget-wrap elementor-element-populated\">\n\t\t\t\t\t\t<div class=\"elementor-element elementor-element-d488082 elementor-widget elementor-widget-text-editor\" data-id=\"d488082\" data-element_type=\"widget\" data-e-type=\"widget\" data-widget_type=\"text-editor.default\">\n\t\t\t\t<div class=\"elementor-widget-container\">\n\t\t\t\t\t\t\t\t\t<p style=\"text-align: justify;\">Pour beaucoup de jeunes, l\u2019aspect religieux <strong>d\u2019une \u00e9glise<\/strong> est un monde parfaitement inexplor\u00e9. Nous aimerions beaucoup le leur faire d\u00e9couvrir car une visite guid\u00e9e dans une superbe \u00e9glise ancienne n\u2019est pas forc\u00e9ment ennuyeuse. Pour faciliter leur compr\u00e9hension, la visite peut se faire d\u2019une mani\u00e8re ludique tout en \u00e9voquant leur v\u00e9cu. En l\u2019actualisant nous voulons leur faire ressentir l\u2019\u00e9motion de ceux qui sont \u00e0 l\u2019origine de <strong>tant de <em>splendeurs <\/em>que contiennent les<\/strong> <strong>\u00e9glises.<\/strong><\/p>\n<p style=\"text-align: justify;\"><strong>Il ne s\u2019agit pas de l\u2019art en soi<\/strong> mais bien d\u2019\u00e9voquer le cheminement d\u2019hommes qui cherchent le sens de la vie et ils le d\u00e9couvrent dans la foi chr\u00e9tienne.\u00a0 Les r\u00e9cits vivaces de la Bible y trouvent leur place et sont parfois repr\u00e9sent\u00e9s par des artistes renomm\u00e9s.\u00a0 La foi chr\u00e9tienne r\u00e9v\u00e8le aussi les diff\u00e9rentes facettes de la vie\u00a0: la naissance, l\u2019\u00e9ducation, les relations et la profession. Dans une communaut\u00e9 on prend soin les uns des autres, \u2018dans les bons comme dans les moins bons jours, qu\u2019on soit pauvre ou, malade ou en bonne sant\u00e9.\u2019\u00a0 Cette panoplie d\u2019aides sociales laisse des traces dans une \u00e9glise.<\/p>\n<p style=\"text-align: justify;\">Et sans doute, serez-vous fort \u00e9tonn\u00e9 par le<strong> large \u00e9ventail de visites guid\u00e9es possibles \u00a0dans une \u00e9glise. <\/strong>Selon l\u2019anciennet\u00e9 de l\u2019\u00e9glise, diff\u00e9rents styles pourront \u00eatre identifi\u00e9s. Parfois l\u2019histoire d\u2019une commune ou d\u2019un pays y est mentionn\u00e9e ainsi que celle de membres de familles c\u00e9l\u00e8bres. Vous apprendrez \u00e0 conna\u00eetre la personne de J\u00e9sus. \u00c0 l\u2019occasion de l\u2019Avent et de la No\u00ebl, la visite mentionne l\u2019histoire de sa naissance, celle de la Semaine Sainte et du temps pascal relate la mort de J\u00e9sus et sa r\u00e9surrection.\u00a0 Plus \u00e9tonnant est la vie <strong>de saints<\/strong> qui va parfois jusqu\u2019au martyre. La signification de lettres R.I.P. qui se rapporte \u00e0 des personnes d\u00e9c\u00e9d\u00e9es vous sera expliqu\u00e9e. Plus romantique est la visite de la saint Valentin sur l\u2019amour et ses diff\u00e9rents aspects. Le guide vous parlera aussi des expressions qui se rapportent \u00e0 un passage de la Bible comme \u2018\u00eatre riche comme Cr\u00e9sus\u2019. Et si vous aimez les animaux vous d\u00e9couvrirez la raison de leur pr\u00e9sence dans cette \u00e9glise. Bref, les sujets ne manquent pas et il est \u00e0 parier que vous serez compl\u00e8tement rassasi\u00e9s.<\/p>\n<p style=\"text-align: justify;\">Dans quelques \u00e9glises Topa offre des visites guid\u00e9es sp\u00e9cifiques pour les \u00e9coles. Ces visites sont tout \u00e0 fait compatibles avec le plan d\u2019\u00e9tude de la religion catholique romaine des ann\u00e9es primaires en Flandre. Y participent la cath\u00e9drale Notre-Dame et l\u2019\u00e9glise Saint-Andr\u00e9 d\u2019Anvers. \u00c0 Malines il y a une visite de No\u00ebl en l\u2019\u00e9glise Saint-Jean. Pour l\u2019\u00e9glise Saint-Waltrude d\u2019Herentals : voir <a href=\"https:\/\/www.topa-kempen.be\">https:\/\/www.topa-kempen.be<\/a>. Les \u00e9coles peuvent \u00e9videmment participer aux <a href=\"https:\/\/www.topa.be\/fr\/groepen\/\">visites ordinaires<\/a>.\u00a0 L\u2019offre ci-dessous s\u2019adresse sp\u00e9cialement \u00e0 la jeunesse de par l\u2019\u00e9vocation de leur v\u00e9cu et s\u2019int\u00e8gre tout \u00e0 fait dans le plan d\u2019\u00e9tude en Flandre.<\/p>\n\t\t\t\t\t\t\t\t<\/div>\n\t\t\t\t<\/div>\n\t\t\t\t\t<\/div>\n\t\t<\/div>\n\t\t\t\t<div class=\"elementor-column elementor-col-33 elementor-inner-column elementor-element elementor-element-e11dae3\" data-id=\"e11dae3\" data-element_type=\"column\" data-e-type=\"column\">\n\t\t\t<div class=\"elementor-widget-wrap elementor-element-populated\">\n\t\t\t\t\t\t<div class=\"elementor-element elementor-element-f791f40 elementor-widget elementor-widget-image\" data-id=\"f791f40\" data-element_type=\"widget\" data-e-type=\"widget\" data-widget_type=\"image.default\">\n\t\t\t\t<div class=\"elementor-widget-container\">\n\t\t\t\t\t\t\t\t\t\t\t\t\t\t\t<img fetchpriority=\"high\" decoding=\"async\" width=\"645\" height=\"484\" src=\"https:\/\/topa.be\/wp-content\/uploads\/Didactisch_2.jpg\" class=\"attachment-medium_large size-medium_large wp-image-21664\" alt=\"\" srcset=\"https:\/\/topa.be\/wp-content\/uploads\/Didactisch_2.jpg 645w, https:\/\/topa.be\/wp-content\/uploads\/Didactisch_2-300x225.jpg 300w, https:\/\/topa.be\/wp-content\/uploads\/Didactisch_2-200x150.jpg 200w\" sizes=\"(max-width: 645px) 100vw, 645px\" \/>\t\t\t\t\t\t\t\t\t\t\t\t\t\t\t<\/div>\n\t\t\t\t<\/div>\n\t\t\t\t<div class=\"elementor-element elementor-element-fca6dda elementor-widget elementor-widget-image\" data-id=\"fca6dda\" data-element_type=\"widget\" data-e-type=\"widget\" data-widget_type=\"image.default\">\n\t\t\t\t<div class=\"elementor-widget-container\">\n\t\t\t\t\t\t\t\t\t\t\t\t\t\t\t<img decoding=\"async\" width=\"214\" height=\"300\" src=\"https:\/\/topa.be\/wp-content\/uploads\/Didactisch_3-214x300.jpg\" class=\"attachment-medium size-medium wp-image-21676\" alt=\"\" srcset=\"https:\/\/topa.be\/wp-content\/uploads\/Didactisch_3-214x300.jpg 214w, https:\/\/topa.be\/wp-content\/uploads\/Didactisch_3-143x200.jpg 143w, https:\/\/topa.be\/wp-content\/uploads\/Didactisch_3.jpg 346w\" sizes=\"(max-width: 214px) 100vw, 214px\" \/>\t\t\t\t\t\t\t\t\t\t\t\t\t\t\t<\/div>\n\t\t\t\t<\/div>\n\t\t\t\t<div class=\"elementor-element elementor-element-6d171a6 elementor-widget elementor-widget-image\" data-id=\"6d171a6\" data-element_type=\"widget\" data-e-type=\"widget\" data-widget_type=\"image.default\">\n\t\t\t\t<div class=\"elementor-widget-container\">\n\t\t\t\t\t\t\t\t\t\t\t\t\t\t\t<img decoding=\"async\" width=\"645\" height=\"484\" src=\"https:\/\/topa.be\/wp-content\/uploads\/Didactisch_1.jpg\" class=\"attachment-large size-large wp-image-21652\" alt=\"\" srcset=\"https:\/\/topa.be\/wp-content\/uploads\/Didactisch_1.jpg 645w, https:\/\/topa.be\/wp-content\/uploads\/Didactisch_1-300x225.jpg 300w, https:\/\/topa.be\/wp-content\/uploads\/Didactisch_1-200x150.jpg 200w\" sizes=\"(max-width: 645px) 100vw, 645px\" \/>\t\t\t\t\t\t\t\t\t\t\t\t\t\t\t<\/div>\n\t\t\t\t<\/div>\n\t\t\t\t\t<\/div>\n\t\t<\/div>\n\t\t\t\t\t<\/div>\n\t\t<\/section>\n\t\t\t\t<section class=\"elementor-section elementor-inner-section elementor-element elementor-element-0de91da elementor-section-boxed elementor-section-height-default elementor-section-height-default\" data-id=\"0de91da\" data-element_type=\"section\" data-e-type=\"section\">\n\t\t\t\t\t\t<div class=\"elementor-container elementor-column-gap-default\">\n\t\t\t\t\t<div class=\"elementor-column elementor-col-50 elementor-inner-column elementor-element elementor-element-cf7dbf5\" data-id=\"cf7dbf5\" data-element_type=\"column\" data-e-type=\"column\">\n\t\t\t<div class=\"elementor-widget-wrap elementor-element-populated\">\n\t\t\t\t\t\t<div class=\"elementor-element elementor-element-6ab5a9c elementor-widget elementor-widget-text-editor\" data-id=\"6ab5a9c\" data-element_type=\"widget\" data-e-type=\"widget\" data-widget_type=\"text-editor.default\">\n\t\t\t\t<div class=\"elementor-widget-container\">\n\t\t\t\t\t\t\t\t\t<div class=\"wpb_column vc_column_container vc_col-sm-4\">\n<div class=\"vc_column-inner\">\n<div class=\"wpb_wrapper\">\n<div class=\"wpb_text_column wpb_content_element \">\n<div class=\"wpb_wrapper\">\n<h2><strong>Offre pour les primaires<br \/>\n<\/strong><strong>\u00e0 la cath\u00e9drale Notre-Dame<\/strong><\/h2>\n<p><strong>Prix<\/strong><strong>: gratuit<\/strong><br \/>\n<strong>le guide: \u20ac 95,00 (max. 20 \u00e9l\u00e8ves)<\/strong><br \/>\n<strong>r\u00e9servation: \u00a03 semaines \u00e0 l\u2019avance via<\/strong><strong><br \/>\n<\/strong><a href=\"about:blank\"><strong>info@dekathedraal.be<\/strong><\/a><strong><br \/>\nou +32 (0)3 213 99 51<br \/>\n<a href=\"https:\/\/staging2.topa.be\/fr\/olv-kathedraal\/praktische-informatie\/\">Informations pratiques<\/a><\/strong><\/p>\n<p><strong><a href=\"https:\/\/www.topa.be\/wp-content\/uploads\/Offre-ecoles-OLV-BO-3me-et-4me-annee.pdf\">Offre pour les 3<sup>\u00e8me<\/sup> et 4<sup>\u00e8me<\/sup> primaires<\/a><\/strong><\/p>\n<p><a href=\"https:\/\/www.topa.be\/wp-content\/uploads\/Offre-ecoles-OLV-BO-5me-et-6me-annee.pdf\"><strong>Offre pour les 5<sup>\u00e8me<\/sup> et 6<sup>\u00e8me<\/sup> primaires<\/strong><\/a><\/p>\n<\/div>\n<\/div>\n<\/div>\n<\/div>\n<\/div>\n\t\t\t\t\t\t\t\t<\/div>\n\t\t\t\t<\/div>\n\t\t\t\t\t<\/div>\n\t\t<\/div>\n\t\t\t\t<div class=\"elementor-column elementor-col-50 elementor-inner-column elementor-element elementor-element-41a9210\" data-id=\"41a9210\" data-element_type=\"column\" data-e-type=\"column\">\n\t\t\t<div class=\"elementor-widget-wrap elementor-element-populated\">\n\t\t\t\t\t\t<div class=\"elementor-element elementor-element-672a2c9 elementor-widget elementor-widget-text-editor\" data-id=\"672a2c9\" data-element_type=\"widget\" data-e-type=\"widget\" data-widget_type=\"text-editor.default\">\n\t\t\t\t<div class=\"elementor-widget-container\">\n\t\t\t\t\t\t\t\t\t<p>.<\/p>\n\t\t\t\t\t\t\t\t<\/div>\n\t\t\t\t<\/div>\n\t\t\t\t\t<\/div>\n\t\t<\/div>\n\t\t\t\t\t<\/div>\n\t\t<\/section>\n\t\t\t\t<section class=\"elementor-section elementor-inner-section elementor-element elementor-element-462a669 elementor-section-boxed elementor-section-height-default elementor-section-height-default\" data-id=\"462a669\" data-element_type=\"section\" data-e-type=\"section\">\n\t\t\t\t\t\t<div class=\"elementor-container elementor-column-gap-default\">\n\t\t\t\t\t<div class=\"elementor-column elementor-col-66 elementor-inner-column elementor-element elementor-element-baf5e53\" data-id=\"baf5e53\" data-element_type=\"column\" data-e-type=\"column\">\n\t\t\t<div class=\"elementor-widget-wrap elementor-element-populated\">\n\t\t\t\t\t\t<div class=\"elementor-element elementor-element-a90b845 elementor-widget elementor-widget-text-editor\" data-id=\"a90b845\" data-element_type=\"widget\" data-e-type=\"widget\" data-widget_type=\"text-editor.default\">\n\t\t\t\t<div class=\"elementor-widget-container\">\n\t\t\t\t\t\t\t\t\t<h2><strong>Offre pour l\u2019enseignement secondaire<br \/>\n\u00e0 la cath\u00e9drale Notre-Dame<\/strong><\/h2>\n<p><strong>Prix: gratuit jusqu&rsquo;\u00e0 18 ans, \u20ac10 au-del\u00e0.<\/strong><strong><br \/>\nGuide: \u20ac 95,00\u00a0 (max. 20 personnes)<\/strong><br \/>\n<strong>R\u00e9servation: 3 semaines \u00e0 l\u2019avance<br \/>\nvia <\/strong><a href=\"about:blank\"><strong>info@dekathedraal.be<\/strong><\/a><strong> of +32 (0)3 213 99 <\/strong><strong><br \/>\n<a href=\"https:\/\/staging2.topa.be\/fr\/olv-kathedraal\/praktische-informatie\/\">Informations pratiques<\/a><\/strong><\/p>\n<p><strong><a href=\"https:\/\/www.topa.be\/wp-content\/uploads\/Offre-ecoles-OLV-SO-4-6me-annee.pdf\">Offre pour les 4<sup>\u00e8me<\/sup> jusqu&rsquo;\u00e0 la 6<sup>\u00e8me<\/sup><\/a><\/strong><\/p>\n\t\t\t\t\t\t\t\t<\/div>\n\t\t\t\t<\/div>\n\t\t\t\t\t<\/div>\n\t\t<\/div>\n\t\t\t\t<div class=\"elementor-column elementor-col-33 elementor-inner-column elementor-element elementor-element-3b65e38\" data-id=\"3b65e38\" data-element_type=\"column\" data-e-type=\"column\">\n\t\t\t<div class=\"elementor-widget-wrap elementor-element-populated\">\n\t\t\t\t\t\t<div class=\"elementor-element elementor-element-f4c3b2c elementor-widget elementor-widget-text-editor\" data-id=\"f4c3b2c\" data-element_type=\"widget\" data-e-type=\"widget\" data-widget_type=\"text-editor.default\">\n\t\t\t\t<div class=\"elementor-widget-container\">\n\t\t\t\t\t\t\t\t\t<h4>Ce que nous avons \u00e0 vous offrir:<\/h4>\n\t\t\t\t\t\t\t\t<\/div>\n\t\t\t\t<\/div>\n\t\t\t\t<div class=\"elementor-element elementor-element-e934216 elementor-nav-menu--dropdown-tablet elementor-nav-menu__text-align-aside elementor-nav-menu--toggle elementor-nav-menu--burger elementor-widget elementor-widget-nav-menu\" data-id=\"e934216\" data-element_type=\"widget\" data-e-type=\"widget\" data-settings=\"{&quot;layout&quot;:&quot;vertical&quot;,&quot;submenu_icon&quot;:{&quot;value&quot;:&quot;&lt;i class=\\&quot;fas fa-caret-down\\&quot; aria-hidden=\\&quot;true\\&quot;&gt;&lt;\\\/i&gt;&quot;,&quot;library&quot;:&quot;fa-solid&quot;},&quot;toggle&quot;:&quot;burger&quot;}\" data-widget_type=\"nav-menu.default\">\n\t\t\t\t<div class=\"elementor-widget-container\">\n\t\t\t\t\t\t\t\t<nav aria-label=\"Menu\" class=\"elementor-nav-menu--main elementor-nav-menu__container elementor-nav-menu--layout-vertical e--pointer-framed e--animation-fade\">\n\t\t\t\t<ul id=\"menu-1-e934216\" class=\"elementor-nav-menu sm-vertical\"><li class=\"menu-item menu-item-type-post_type menu-item-object-page menu-item-home menu-item-61190\"><a href=\"https:\/\/topa.be\/fr\/\" class=\"elementor-item\">PAGE d\u2019ACCUEIL<\/a><\/li>\n<li class=\"menu-item menu-item-type-post_type menu-item-object-page menu-item-60052\"><a href=\"https:\/\/topa.be\/fr\/welkom\/\" class=\"elementor-item\">BIENVENUE !<\/a><\/li>\n<li class=\"menu-item menu-item-type-post_type menu-item-object-page menu-item-60053\"><a href=\"https:\/\/topa.be\/fr\/praktisch-2\/\" class=\"elementor-item\">INFORMATIONS PRATIQUES<\/a><\/li>\n<li class=\"menu-item menu-item-type-post_type menu-item-object-page menu-item-60054\"><a href=\"https:\/\/topa.be\/fr\/individueel\/\" class=\"elementor-item\">Visites guid\u00e9es individuelles<\/a><\/li>\n<li class=\"menu-item menu-item-type-post_type menu-item-object-page menu-item-60055\"><a href=\"https:\/\/topa.be\/fr\/groepen\/\" class=\"elementor-item\">Visites guid\u00e9es pour groupes<\/a><\/li>\n<li class=\"menu-item menu-item-type-post_type menu-item-object-page menu-item-62463\"><a href=\"https:\/\/topa.be\/fr\/offre-aux-ecoles\/\" class=\"elementor-item\">Offre aux \u00e9coles<\/a><\/li>\n<li class=\"menu-item menu-item-type-post_type menu-item-object-page menu-item-60124\"><a href=\"https:\/\/topa.be\/fr\/erediensten\/\" class=\"elementor-item\">SERVICES RELIGIEUX<\/a><\/li>\n<li class=\"menu-item menu-item-type-post_type menu-item-object-page menu-item-60125\"><a href=\"https:\/\/topa.be\/fr\/monumentale-kerken\/\" class=\"elementor-item\">\u00c9GLISES MONUMENTALES<\/a><\/li>\n<li class=\"menu-item menu-item-type-custom menu-item-object-custom menu-item-60126\"><a href=\"https:\/\/www.google.com\/maps\/d\/edit?mid=1iZG2PyUpfgUaDqLc-C_n5kGoHu2os6Ku&#038;usp=sharing\" class=\"elementor-item\">Carte en main<\/a><\/li>\n<li class=\"menu-item menu-item-type-post_type menu-item-object-page menu-item-60127\"><a href=\"https:\/\/topa.be\/fr\/bezinning\/\" class=\"elementor-item\">R\u00c9FLEXION<\/a><\/li>\n<\/ul>\t\t\t<\/nav>\n\t\t\t\t\t<div class=\"elementor-menu-toggle\" role=\"button\" tabindex=\"0\" aria-label=\"Permuter le menu\" aria-expanded=\"false\">\n\t\t\t<i aria-hidden=\"true\" role=\"presentation\" class=\"elementor-menu-toggle__icon--open eicon-menu-bar\"><\/i><i aria-hidden=\"true\" role=\"presentation\" class=\"elementor-menu-toggle__icon--close eicon-close\"><\/i>\t\t<\/div>\n\t\t\t\t\t<nav class=\"elementor-nav-menu--dropdown elementor-nav-menu__container\" aria-hidden=\"true\">\n\t\t\t\t<ul id=\"menu-2-e934216\" class=\"elementor-nav-menu sm-vertical\"><li class=\"menu-item menu-item-type-post_type menu-item-object-page menu-item-home menu-item-61190\"><a href=\"https:\/\/topa.be\/fr\/\" class=\"elementor-item\" tabindex=\"-1\">PAGE d\u2019ACCUEIL<\/a><\/li>\n<li class=\"menu-item menu-item-type-post_type menu-item-object-page menu-item-60052\"><a href=\"https:\/\/topa.be\/fr\/welkom\/\" class=\"elementor-item\" tabindex=\"-1\">BIENVENUE !<\/a><\/li>\n<li class=\"menu-item menu-item-type-post_type menu-item-object-page menu-item-60053\"><a href=\"https:\/\/topa.be\/fr\/praktisch-2\/\" class=\"elementor-item\" tabindex=\"-1\">INFORMATIONS PRATIQUES<\/a><\/li>\n<li class=\"menu-item menu-item-type-post_type menu-item-object-page menu-item-60054\"><a href=\"https:\/\/topa.be\/fr\/individueel\/\" class=\"elementor-item\" tabindex=\"-1\">Visites guid\u00e9es individuelles<\/a><\/li>\n<li class=\"menu-item menu-item-type-post_type menu-item-object-page menu-item-60055\"><a href=\"https:\/\/topa.be\/fr\/groepen\/\" class=\"elementor-item\" tabindex=\"-1\">Visites guid\u00e9es pour groupes<\/a><\/li>\n<li class=\"menu-item menu-item-type-post_type menu-item-object-page menu-item-62463\"><a href=\"https:\/\/topa.be\/fr\/offre-aux-ecoles\/\" class=\"elementor-item\" tabindex=\"-1\">Offre aux \u00e9coles<\/a><\/li>\n<li class=\"menu-item menu-item-type-post_type menu-item-object-page menu-item-60124\"><a href=\"https:\/\/topa.be\/fr\/erediensten\/\" class=\"elementor-item\" tabindex=\"-1\">SERVICES RELIGIEUX<\/a><\/li>\n<li class=\"menu-item menu-item-type-post_type menu-item-object-page menu-item-60125\"><a href=\"https:\/\/topa.be\/fr\/monumentale-kerken\/\" class=\"elementor-item\" tabindex=\"-1\">\u00c9GLISES MONUMENTALES<\/a><\/li>\n<li class=\"menu-item menu-item-type-custom menu-item-object-custom menu-item-60126\"><a href=\"https:\/\/www.google.com\/maps\/d\/edit?mid=1iZG2PyUpfgUaDqLc-C_n5kGoHu2os6Ku&#038;usp=sharing\" class=\"elementor-item\" tabindex=\"-1\">Carte en main<\/a><\/li>\n<li class=\"menu-item menu-item-type-post_type menu-item-object-page menu-item-60127\"><a href=\"https:\/\/topa.be\/fr\/bezinning\/\" class=\"elementor-item\" tabindex=\"-1\">R\u00c9FLEXION<\/a><\/li>\n<\/ul>\t\t\t<\/nav>\n\t\t\t\t\t\t<\/div>\n\t\t\t\t<\/div>\n\t\t\t\t\t<\/div>\n\t\t<\/div>\n\t\t\t\t\t<\/div>\n\t\t<\/section>\n\t\t\t\t\t<\/div>\n\t\t<\/div>\n\t\t\t\t\t<\/div>\n\t\t<\/section>\n\t\t\t\t<\/div>\n\t\t","protected":false},"excerpt":{"rendered":"<p>Notre OFFRE aux \u00c9COLES Pour beaucoup de jeunes, l\u2019aspect religieux d\u2019une \u00e9glise est un monde parfaitement inexplor\u00e9. Nous aimerions beaucoup le leur faire d\u00e9couvrir car une visite guid\u00e9e dans une superbe \u00e9glise ancienne n\u2019est pas forc\u00e9ment ennuyeuse. Pour faciliter leur compr\u00e9hension, la visite peut se faire d\u2019une mani\u00e8re ludique tout en \u00e9voquant leur v\u00e9cu. En [&hellip;]<\/p>\n","protected":false},"author":16,"featured_media":0,"parent":0,"menu_order":50,"comment_status":"closed","ping_status":"closed","template":"","meta":{"footnotes":""},"class_list":["post-62423","page","type-page","status-publish","hentry"],"aioseo_notices":[],"_links":{"self":[{"href":"https:\/\/topa.be\/fr\/wp-json\/wp\/v2\/pages\/62423","targetHints":{"allow":["GET"]}}],"collection":[{"href":"https:\/\/topa.be\/fr\/wp-json\/wp\/v2\/pages"}],"about":[{"href":"https:\/\/topa.be\/fr\/wp-json\/wp\/v2\/types\/page"}],"author":[{"embeddable":true,"href":"https:\/\/topa.be\/fr\/wp-json\/wp\/v2\/users\/16"}],"replies":[{"embeddable":true,"href":"https:\/\/topa.be\/fr\/wp-json\/wp\/v2\/comments?post=62423"}],"version-history":[{"count":3,"href":"https:\/\/topa.be\/fr\/wp-json\/wp\/v2\/pages\/62423\/revisions"}],"predecessor-version":[{"id":71502,"href":"https:\/\/topa.be\/fr\/wp-json\/wp\/v2\/pages\/62423\/revisions\/71502"}],"wp:attachment":[{"href":"https:\/\/topa.be\/fr\/wp-json\/wp\/v2\/media?parent=62423"}],"curies":[{"name":"wp","href":"https:\/\/api.w.org\/{rel}","templated":true}]}}