{"id":60920,"date":"2021-05-27T13:58:34","date_gmt":"2021-05-27T11:58:34","guid":{"rendered":"http:\/\/topa.be\/sint-pauluskerk\/beschrijving\/"},"modified":"2021-11-07T12:11:19","modified_gmt":"2021-11-07T11:11:19","slug":"beschrijving","status":"publish","type":"page","link":"https:\/\/topa.be\/fr\/sint-pauluskerk\/beschrijving\/","title":{"rendered":"SPK History and description"},"content":{"rendered":"\t\t<div data-elementor-type=\"wp-page\" data-elementor-id=\"60920\" class=\"elementor elementor-60920 elementor-33908\" data-elementor-post-type=\"page\">\n\t\t\t\t\t\t<section class=\"elementor-section elementor-top-section elementor-element elementor-element-cdfdc5f elementor-section-boxed elementor-section-height-default elementor-section-height-default\" data-id=\"cdfdc5f\" data-element_type=\"section\" data-e-type=\"section\">\n\t\t\t\t\t\t<div class=\"elementor-container elementor-column-gap-default\">\n\t\t\t\t\t<div class=\"elementor-column elementor-col-100 elementor-top-column elementor-element elementor-element-b7350ae\" data-id=\"b7350ae\" data-element_type=\"column\" data-e-type=\"column\">\n\t\t\t<div class=\"elementor-widget-wrap elementor-element-populated\">\n\t\t\t\t\t\t<div class=\"elementor-element elementor-element-225626b elementor-widget elementor-widget-heading\" data-id=\"225626b\" data-element_type=\"widget\" data-e-type=\"widget\" data-widget_type=\"heading.default\">\n\t\t\t\t<div class=\"elementor-widget-container\">\n\t\t\t\t\t<h1 class=\"elementor-heading-title elementor-size-default\">Saint Paul\u2019s Church<\/h1>\t\t\t\t<\/div>\n\t\t\t\t<\/div>\n\t\t\t\t\t<\/div>\n\t\t<\/div>\n\t\t\t\t\t<\/div>\n\t\t<\/section>\n\t\t\t\t<section class=\"elementor-section elementor-top-section elementor-element elementor-element-ca7a1ab elementor-section-boxed elementor-section-height-default elementor-section-height-default\" data-id=\"ca7a1ab\" data-element_type=\"section\" data-e-type=\"section\">\n\t\t\t\t\t\t<div class=\"elementor-container elementor-column-gap-default\">\n\t\t\t\t\t<div class=\"elementor-column elementor-col-100 elementor-top-column elementor-element elementor-element-7cf9e92\" data-id=\"7cf9e92\" data-element_type=\"column\" data-e-type=\"column\">\n\t\t\t<div class=\"elementor-widget-wrap elementor-element-populated\">\n\t\t\t\t\t\t<div class=\"elementor-element elementor-element-c15ffae elementor-widget elementor-widget-heading\" data-id=\"c15ffae\" data-element_type=\"widget\" data-e-type=\"widget\" data-widget_type=\"heading.default\">\n\t\t\t\t<div class=\"elementor-widget-container\">\n\t\t\t\t\t<h2 class=\"elementor-heading-title elementor-size-default\">History and description<\/h2>\t\t\t\t<\/div>\n\t\t\t\t<\/div>\n\t\t\t\t\t<\/div>\n\t\t<\/div>\n\t\t\t\t\t<\/div>\n\t\t<\/section>\n\t\t\t\t<section class=\"elementor-section elementor-top-section elementor-element elementor-element-bfd7080 elementor-section-boxed elementor-section-height-default elementor-section-height-default\" data-id=\"bfd7080\" data-element_type=\"section\" data-e-type=\"section\">\n\t\t\t\t\t\t<div class=\"elementor-container elementor-column-gap-default\">\n\t\t\t\t\t<div class=\"elementor-column elementor-col-33 elementor-top-column elementor-element elementor-element-a4225bb\" data-id=\"a4225bb\" data-element_type=\"column\" data-e-type=\"column\">\n\t\t\t<div class=\"elementor-widget-wrap elementor-element-populated\">\n\t\t\t\t\t\t<div class=\"elementor-element elementor-element-3e63d78 elementor-widget elementor-widget-image\" data-id=\"3e63d78\" data-element_type=\"widget\" data-e-type=\"widget\" data-widget_type=\"image.default\">\n\t\t\t\t<div class=\"elementor-widget-container\">\n\t\t\t\t\t\t\t\t\t\t\t\t\t\t\t<img fetchpriority=\"high\" decoding=\"async\" width=\"800\" height=\"800\" src=\"https:\/\/topa.be\/wp-content\/uploads\/Sint-Paulus.jpg\" class=\"attachment-large size-large wp-image-30124\" alt=\"\" srcset=\"https:\/\/topa.be\/wp-content\/uploads\/Sint-Paulus.jpg 1021w, https:\/\/topa.be\/wp-content\/uploads\/Sint-Paulus-300x300.jpg 300w, https:\/\/topa.be\/wp-content\/uploads\/Sint-Paulus-200x200.jpg 200w, https:\/\/topa.be\/wp-content\/uploads\/Sint-Paulus-768x768.jpg 768w\" sizes=\"(max-width: 800px) 100vw, 800px\" \/>\t\t\t\t\t\t\t\t\t\t\t\t\t\t\t<\/div>\n\t\t\t\t<\/div>\n\t\t\t\t\t<\/div>\n\t\t<\/div>\n\t\t\t\t<div class=\"elementor-column elementor-col-66 elementor-top-column elementor-element elementor-element-59a61e8\" data-id=\"59a61e8\" data-element_type=\"column\" data-e-type=\"column\">\n\t\t\t<div class=\"elementor-widget-wrap elementor-element-populated\">\n\t\t\t\t\t\t<div class=\"elementor-element elementor-element-e564f7b elementor-widget elementor-widget-text-editor\" data-id=\"e564f7b\" data-element_type=\"widget\" data-e-type=\"widget\" data-widget_type=\"text-editor.default\">\n\t\t\t\t<div class=\"elementor-widget-container\">\n\t\t\t\t\t\t\t\t\t<div class=\"wpb_text_column wpb_content_element \">\n<div class=\"wpb_wrapper\">\n<h1 style=\"text-align: center;\">Saint Paul\u2019s,<\/h1>\n<h1 style=\"text-align: center;\">the Antwerp Dominican church,<\/h1>\n<h1 style=\"text-align: center;\">a revelation<\/h1>\n<\/div>\n<\/div>\n<div class=\"wpb_text_column wpb_content_element \">\n<div class=\"wpb_wrapper\">\n<h2 style=\"text-align: center;\"><em>Rudi Mannaerts<\/em><\/h2>\n<h2 style=\"text-align: center;\"><em>Toerismepastoraal Antwerpen<\/em><\/h2>\n<\/div>\n<\/div>\n\t\t\t\t\t\t\t\t<\/div>\n\t\t\t\t<\/div>\n\t\t\t\t\t<\/div>\n\t\t<\/div>\n\t\t\t\t\t<\/div>\n\t\t<\/section>\n\t\t\t\t<section class=\"elementor-section elementor-top-section elementor-element elementor-element-8ba9715 elementor-section-boxed elementor-section-height-default elementor-section-height-default\" data-id=\"8ba9715\" data-element_type=\"section\" data-e-type=\"section\">\n\t\t\t\t\t\t<div class=\"elementor-container elementor-column-gap-default\">\n\t\t\t\t\t<div class=\"elementor-column elementor-col-100 elementor-top-column elementor-element elementor-element-a1a5d99\" data-id=\"a1a5d99\" data-element_type=\"column\" data-e-type=\"column\">\n\t\t\t<div class=\"elementor-widget-wrap elementor-element-populated\">\n\t\t\t\t\t\t<div class=\"elementor-element elementor-element-0a71904 elementor-widget elementor-widget-text-editor\" data-id=\"0a71904\" data-element_type=\"widget\" data-e-type=\"widget\" data-widget_type=\"text-editor.default\">\n\t\t\t\t<div class=\"elementor-widget-container\">\n\t\t\t\t\t\t\t\t\t<p><a href=\"http:\/\/topa.be\/en\/sint-pauluskerk\/beschrijving\/inleiding\/\"><strong><em>Th<\/em><em>e<\/em><em> full <\/em><em>description<\/em><em> of the <\/em><em>Saint Paul&rsquo;s Church, starts HERE with the introduction.<\/em><\/strong><\/a><em><br \/><\/em>From there you can continue browsing, or choose another chapter through the menu on the right.<\/p>\t\t\t\t\t\t\t\t<\/div>\n\t\t\t\t<\/div>\n\t\t\t\t\t<\/div>\n\t\t<\/div>\n\t\t\t\t\t<\/div>\n\t\t<\/section>\n\t\t\t\t<section class=\"elementor-section elementor-top-section elementor-element elementor-element-caa49d6 elementor-section-boxed elementor-section-height-default elementor-section-height-default\" data-id=\"caa49d6\" data-element_type=\"section\" data-e-type=\"section\">\n\t\t\t\t\t\t<div class=\"elementor-container elementor-column-gap-default\">\n\t\t\t\t\t<div class=\"elementor-column elementor-col-50 elementor-top-column elementor-element elementor-element-dca7a63\" data-id=\"dca7a63\" data-element_type=\"column\" data-e-type=\"column\">\n\t\t\t<div class=\"elementor-widget-wrap\">\n\t\t\t\t\t\t\t<\/div>\n\t\t<\/div>\n\t\t\t\t<div class=\"elementor-column elementor-col-50 elementor-top-column elementor-element elementor-element-c15be7a\" data-id=\"c15be7a\" data-element_type=\"column\" data-e-type=\"column\">\n\t\t\t<div class=\"elementor-widget-wrap elementor-element-populated\">\n\t\t\t\t\t\t<div class=\"elementor-element elementor-element-0b4e916 elementor-widget elementor-widget-image\" data-id=\"0b4e916\" data-element_type=\"widget\" data-e-type=\"widget\" data-widget_type=\"image.default\">\n\t\t\t\t<div class=\"elementor-widget-container\">\n\t\t\t\t\t\t\t\t\t\t\t\t<figure class=\"wp-caption\">\n\t\t\t\t\t\t\t\t\t\t\t<a href=\"http:\/\/topa.be\/wp-content\/uploads\/SP-Tegel-04-Bouw-huidige-kerk.jpg\" data-elementor-open-lightbox=\"yes\" data-elementor-lightbox-title=\"SP Tegel 04 Bouw huidige kerk\" data-elementor-lightbox-description=\"Anvers vue \u00e0 vol d\u2019oiseau, xylographie de Virgilius Bononiensis, 1565 \u2013 Sur les murs du Nouvel \u0152uvre les trumeaux des fen\u00eatres \u00e0 venir d\u00e9passent encore - Mus\u00e9e Plantin-Moretus\/Prentenkabinet Antwerpen - UNESCO Patrimoine Mondial (Wikimedia)\" data-e-action-hash=\"#elementor-action%3Aaction%3Dlightbox%26settings%3DeyJpZCI6MzUwNDgsInVybCI6Imh0dHBzOlwvXC90b3BhLmJlXC93cC1jb250ZW50XC91cGxvYWRzXC9TUC1UZWdlbC0wNC1Cb3V3LWh1aWRpZ2Uta2Vyay5qcGcifQ%3D%3D\">\n\t\t\t\t\t\t\t<img decoding=\"async\" width=\"800\" height=\"800\" src=\"https:\/\/topa.be\/wp-content\/uploads\/SP-Tegel-04-Bouw-huidige-kerk.jpg\" class=\"attachment-large size-large wp-image-35048\" alt=\"\" srcset=\"https:\/\/topa.be\/wp-content\/uploads\/SP-Tegel-04-Bouw-huidige-kerk.jpg 840w, https:\/\/topa.be\/wp-content\/uploads\/SP-Tegel-04-Bouw-huidige-kerk-300x300.jpg 300w, https:\/\/topa.be\/wp-content\/uploads\/SP-Tegel-04-Bouw-huidige-kerk-200x200.jpg 200w, https:\/\/topa.be\/wp-content\/uploads\/SP-Tegel-04-Bouw-huidige-kerk-768x768.jpg 768w\" sizes=\"(max-width: 800px) 100vw, 800px\" \/>\t\t\t\t\t\t\t\t<\/a>\n\t\t\t\t\t\t\t\t\t\t\t<figcaption class=\"widget-image-caption wp-caption-text\">Anvers vue \u00e0 vol d\u2019oiseau, xylographie de Virgilius Bononiensis, 1565 \u2013 Sur les murs du Nouvel \u0152uvre les trumeaux des fen\u00eatres \u00e0 venir d\u00e9passent encore - Mus\u00e9e Plantin-Moretus\/Prentenkabinet Antwerpen - UNESCO Patrimoine Mondial (Wikimedia)<\/figcaption>\n\t\t\t\t\t\t\t\t\t\t<\/figure>\n\t\t\t\t\t\t\t\t\t<\/div>\n\t\t\t\t<\/div>\n\t\t\t\t\t<\/div>\n\t\t<\/div>\n\t\t\t\t\t<\/div>\n\t\t<\/section>\n\t\t\t\t<section class=\"elementor-section elementor-top-section elementor-element elementor-element-d3079a5 elementor-section-boxed elementor-section-height-default elementor-section-height-default\" data-id=\"d3079a5\" data-element_type=\"section\" data-e-type=\"section\">\n\t\t\t\t\t\t<div class=\"elementor-container elementor-column-gap-default\">\n\t\t\t\t\t<div class=\"elementor-column elementor-col-100 elementor-top-column elementor-element elementor-element-2e0d9ff\" data-id=\"2e0d9ff\" data-element_type=\"column\" data-e-type=\"column\">\n\t\t\t<div class=\"elementor-widget-wrap elementor-element-populated\">\n\t\t\t\t\t\t<div class=\"elementor-element elementor-element-a5b3f4b elementor-widget elementor-widget-text-editor\" data-id=\"a5b3f4b\" data-element_type=\"widget\" data-e-type=\"widget\" data-widget_type=\"text-editor.default\">\n\t\t\t\t<div class=\"elementor-widget-container\">\n\t\t\t\t\t\t\t\t\t<div class=\"vc_row wpb_row vc_row-fluid\">\n<div class=\"wpb_column vc_column_container vc_col-sm-8\">\n<div class=\"vc_column-inner\">\n<div class=\"wpb_wrapper\">\n<div class=\"wpb_text_column wpb_content_element \">\n<div class=\"wpb_wrapper\">\n<h3><span style=\"color: #ff0000;\">Colophon<\/span><\/h3>\n<\/div>\n<\/div>\n<\/div>\n<\/div>\n<\/div>\n<div class=\"wpb_column vc_column_container vc_col-sm-4\">\n<div class=\"vc_column-inner\">\n<div class=\"wpb_wrapper\">The original ducth edition<\/div>\n<\/div>\n<\/div>\n<\/div>\n<div class=\"vc_row wpb_row vc_row-fluid\">\n<div class=\"wpb_column vc_column_container vc_col-sm-8\">\n<div class=\"vc_column-inner\">\n<div class=\"wpb_wrapper\">\n<div class=\"wpb_text_column wpb_content_element \">\n<div class=\"wpb_wrapper\">\n<p>Rudi MANNAERTS,\u00a0<em>Sint-Paulus, de Antwerpse dominicanenkerk, een openbaring<\/em>\u00a0was published by vzw Maria-Elisabeth Belpaire and vzw Toerismepastoraal Antwerpen, with the support of the Willy Hendrickx foundation.<\/p>\n<table cellspacing=\"5\">\n<tbody>\n<tr>\n<td><em>Co\u00f6rdination<\/em><\/td>\n<td>Lisbet Lenaers<\/td>\n<td><\/td>\n<\/tr>\n<tr>\n<td><em>Redaction<\/em><\/td>\n<td>Fred Vanderpoorten<\/td>\n<td><\/td>\n<\/tr>\n<tr>\n<td><em>Layout<\/em><\/td>\n<td>For the book: Frederik Hulstaert, Antwerpen<br \/>\nFor the website: Marc Dehaese<\/td>\n<td><\/td>\n<\/tr>\n<tr>\n<td><em>Fotographs<\/em><\/td>\n<td>For the book: Stefan Dewickere, Edegem, except otherwise mentioned<br \/>\nFor the: Jan Vanes, except otherwise mentioned<\/td>\n<td><\/td>\n<\/tr>\n<tr>\n<td><em>Printed by<\/em><\/td>\n<td>Albe De Coker, Hoboken<\/td>\n<td><\/td>\n<\/tr>\n<tr>\n<td><em>Illustrations<\/em><\/td>\n<td>Katrijn Mannaerts (drawings)<\/td>\n<td><\/td>\n<\/tr>\n<tr>\n<td><\/td>\n<td><\/td>\n<td><\/td>\n<\/tr>\n<tr>\n<td><em>Thanks to<\/em><\/td>\n<td>Gerd Brits, Chris Deen, Piet De Smet, Ines Maes, Raymond Sirjacobs, Peter Stremes,\u00a0Alfons Van Den Wyngaert, Mimi Van der Velden, Raymond Van Wassenhoven o.p.,\u00a0Kerkfabriek Sint-Paulus<\/td>\n<td><\/td>\n<\/tr>\n<tr>\n<td><\/td>\n<td><\/td>\n<td><\/td>\n<\/tr>\n<tr>\n<td>ISBN<\/td>\n<td>9789080645165<\/td>\n<td><\/td>\n<\/tr>\n<tr>\n<td><em>Legal deposit<\/em><\/td>\n<td><em>D\/2014\/9326\/1<\/em><\/td>\n<td><\/td>\n<\/tr>\n<\/tbody>\n<\/table>\n<p><em>No part of this publication may be reproduced without prior written permission of the publisher.<br \/>\n<\/em><em>\u00a9 VZW Toerismepastoraal Antwerpen<br \/>\n<\/em><em>Heilige Geeststraat 21, 2000 Antwerpen<\/em><\/p>\n<\/div>\n<\/div>\n<\/div>\n<\/div>\n<\/div>\n<\/div>\n\t\t\t\t\t\t\t\t<\/div>\n\t\t\t\t<\/div>\n\t\t\t\t\t<\/div>\n\t\t<\/div>\n\t\t\t\t\t<\/div>\n\t\t<\/section>\n\t\t\t\t<\/div>\n\t\t","protected":false},"excerpt":{"rendered":"<p>Saint Paul\u2019s Church History and description Saint Paul\u2019s, the Antwerp Dominican church, a revelation Rudi Mannaerts Toerismepastoraal Antwerpen The full description of the Saint Paul&rsquo;s Church, starts HERE with the introduction.From there you can continue browsing, or choose another chapter through the menu on the right. Anvers vue \u00e0 vol d\u2019oiseau, xylographie de Virgilius Bononiensis, [&hellip;]<\/p>\n","protected":false},"author":16,"featured_media":0,"parent":37541,"menu_order":40,"comment_status":"closed","ping_status":"closed","template":"","meta":{"footnotes":""},"class_list":["post-60920","page","type-page","status-publish","hentry"],"aioseo_notices":[],"_links":{"self":[{"href":"https:\/\/topa.be\/fr\/wp-json\/wp\/v2\/pages\/60920","targetHints":{"allow":["GET"]}}],"collection":[{"href":"https:\/\/topa.be\/fr\/wp-json\/wp\/v2\/pages"}],"about":[{"href":"https:\/\/topa.be\/fr\/wp-json\/wp\/v2\/types\/page"}],"author":[{"embeddable":true,"href":"https:\/\/topa.be\/fr\/wp-json\/wp\/v2\/users\/16"}],"replies":[{"embeddable":true,"href":"https:\/\/topa.be\/fr\/wp-json\/wp\/v2\/comments?post=60920"}],"version-history":[{"count":3,"href":"https:\/\/topa.be\/fr\/wp-json\/wp\/v2\/pages\/60920\/revisions"}],"predecessor-version":[{"id":60931,"href":"https:\/\/topa.be\/fr\/wp-json\/wp\/v2\/pages\/60920\/revisions\/60931"}],"up":[{"embeddable":true,"href":"https:\/\/topa.be\/fr\/wp-json\/wp\/v2\/pages\/37541"}],"wp:attachment":[{"href":"https:\/\/topa.be\/fr\/wp-json\/wp\/v2\/media?parent=60920"}],"curies":[{"name":"wp","href":"https:\/\/api.w.org\/{rel}","templated":true}]}}