{"id":59237,"date":"2021-10-13T13:36:53","date_gmt":"2021-10-13T11:36:53","guid":{"rendered":"http:\/\/topa.be\/confidentialite\/"},"modified":"2021-11-17T13:26:49","modified_gmt":"2021-11-17T12:26:49","slug":"privacybeleid","status":"publish","type":"page","link":"https:\/\/topa.be\/fr\/privacybeleid\/","title":{"rendered":"Confidentialit\u00e9"},"content":{"rendered":"\t\t<div data-elementor-type=\"wp-page\" data-elementor-id=\"59237\" class=\"elementor elementor-59237 elementor-33133\" data-elementor-post-type=\"page\">\n\t\t\t\t\t\t<section class=\"elementor-section elementor-top-section elementor-element elementor-element-fa78f18 elementor-section-boxed elementor-section-height-default elementor-section-height-default\" data-id=\"fa78f18\" data-element_type=\"section\" data-e-type=\"section\">\n\t\t\t\t\t\t<div class=\"elementor-container elementor-column-gap-default\">\n\t\t\t\t\t<div class=\"elementor-column elementor-col-100 elementor-top-column elementor-element elementor-element-107f2a0\" data-id=\"107f2a0\" data-element_type=\"column\" data-e-type=\"column\">\n\t\t\t<div class=\"elementor-widget-wrap elementor-element-populated\">\n\t\t\t\t\t\t<div class=\"elementor-element elementor-element-8748f7e elementor-widget elementor-widget-heading\" data-id=\"8748f7e\" data-element_type=\"widget\" data-e-type=\"widget\" data-widget_type=\"heading.default\">\n\t\t\t\t<div class=\"elementor-widget-container\">\n\t\t\t\t\t<h2 class=\"elementor-heading-title elementor-size-default\">R\u00e8glement g\u00e9n\u00e9ral sur la protection des donn\u00e9es<\/h2>\t\t\t\t<\/div>\n\t\t\t\t<\/div>\n\t\t\t\t<div class=\"elementor-element elementor-element-62507d1 elementor-widget elementor-widget-text-editor\" data-id=\"62507d1\" data-element_type=\"widget\" data-e-type=\"widget\" data-widget_type=\"text-editor.default\">\n\t\t\t\t<div class=\"elementor-widget-container\">\n\t\t\t\t\t\t\t\t\t<div class=\"vc_row wpb_row vc_row-fluid\">\n<div class=\"wpb_column vc_column_container vc_col-sm-8\">\n<div class=\"vc_column-inner\">\n<div class=\"wpb_wrapper\">\n<div class=\"wpb_text_column wpb_content_element \">\n<div class=\"wpb_wrapper\">\n<p style=\"text-align: center;\">Version valable \u00e0 partir du 25 mai 2018<\/p>\n<\/div>\n<\/div>\n<\/div>\n<\/div>\n<\/div>\n<div class=\"wpb_column vc_column_container vc_col-sm-4\" style=\"text-align: justify;\">\n<div class=\"vc_column-inner\">\n<div class=\"wpb_wrapper\"><\/div>\n<\/div>\n<\/div>\n<\/div>\n<div class=\"vc_row wpb_row vc_row-fluid\">\n<div class=\"wpb_column vc_column_container vc_col-sm-8\">\n<div class=\"vc_column-inner\">\n<div class=\"wpb_wrapper\">\n<div class=\"wpb_text_column wpb_content_element \">\n<div class=\"wpb_wrapper\">\n<p style=\"text-align: justify;\">Les donn\u00e9es personnelles que vous fournissez \u00e0 Toerismepastoraal Antwerpen vzw (TOPA) sont trait\u00e9es pour la gestion des membres sur la base de la convention de b\u00e9n\u00e9volat ; pour l&rsquo;organisation de visites guid\u00e9es sur la base des relations contractuelles et de la l\u00e9gislation fiscale (indemnit\u00e9 de b\u00e9n\u00e9volat) ; ou pour la communication sur les activit\u00e9s de TOPA ou d&rsquo;organisations apparent\u00e9es sur la base de votre manifestation d&rsquo;int\u00e9r\u00eat et de votre consentement.<\/p>\n<p style=\"text-align: justify;\">TOPA conservera ces donn\u00e9es jusqu&rsquo;\u00e0 la fin de votre int\u00e9r\u00eat ou jusqu&rsquo;\u00e0 sept ans apr\u00e8s la fin de la relation. TOPA ne transmettra pas ces donn\u00e9es \u00e0 d&rsquo;autres organisations, mais pourra vous fournir des communications en leur nom.<\/p>\n<p style=\"text-align: justify;\">Vous disposez d&rsquo;un droit l\u00e9gal d&rsquo;acc\u00e8s, de rectification, de limitation du traitement et de suppression de vos donn\u00e9es personnelles. Vous pouvez exercer ce droit en le notifiant :<\/p>\n<p style=\"text-align: justify;\">TOPA vzw<br \/>\nHeilige Geeststraat 23 bus 2, 2000 Antwerpen<br \/>\nE:\u00a0<a href=\"mailto:info@topa.be\">info@topa.be<\/a><\/p>\n<p style=\"text-align: justify;\">Les plaintes peuvent \u00eatre d\u00e9pos\u00e9es \u00e0 l&rsquo;adresse suivante<br \/>\nGegevensbeschermingsautoriteit<br \/>\nDrukpersstraat 35, 1000 Brussel<br \/>\nT: 02\u00a0274 48 00<br \/>\nE:\u00a0<a href=\"mailto:commission@privacycommission.be\">commission@privacycommission.be<\/a><\/p>\n<\/div>\n<\/div>\n<\/div>\n<\/div>\n<\/div>\n<\/div>\n\t\t\t\t\t\t\t\t<\/div>\n\t\t\t\t<\/div>\n\t\t\t\t\t<\/div>\n\t\t<\/div>\n\t\t\t\t\t<\/div>\n\t\t<\/section>\n\t\t\t\t<\/div>\n\t\t","protected":false},"excerpt":{"rendered":"<p>R\u00e8glement g\u00e9n\u00e9ral sur la protection des donn\u00e9es Version valable \u00e0 partir du 25 mai 2018 Les donn\u00e9es personnelles que vous fournissez \u00e0 Toerismepastoraal Antwerpen vzw (TOPA) sont trait\u00e9es pour la gestion des membres sur la base de la convention de b\u00e9n\u00e9volat ; pour l&rsquo;organisation de visites guid\u00e9es sur la base des relations contractuelles et de [&hellip;]<\/p>\n","protected":false},"author":16,"featured_media":0,"parent":0,"menu_order":903,"comment_status":"closed","ping_status":"closed","template":"","meta":{"footnotes":""},"class_list":["post-59237","page","type-page","status-publish","hentry"],"aioseo_notices":[],"_links":{"self":[{"href":"https:\/\/topa.be\/fr\/wp-json\/wp\/v2\/pages\/59237","targetHints":{"allow":["GET"]}}],"collection":[{"href":"https:\/\/topa.be\/fr\/wp-json\/wp\/v2\/pages"}],"about":[{"href":"https:\/\/topa.be\/fr\/wp-json\/wp\/v2\/types\/page"}],"author":[{"embeddable":true,"href":"https:\/\/topa.be\/fr\/wp-json\/wp\/v2\/users\/16"}],"replies":[{"embeddable":true,"href":"https:\/\/topa.be\/fr\/wp-json\/wp\/v2\/comments?post=59237"}],"version-history":[{"count":1,"href":"https:\/\/topa.be\/fr\/wp-json\/wp\/v2\/pages\/59237\/revisions"}],"predecessor-version":[{"id":59238,"href":"https:\/\/topa.be\/fr\/wp-json\/wp\/v2\/pages\/59237\/revisions\/59238"}],"wp:attachment":[{"href":"https:\/\/topa.be\/fr\/wp-json\/wp\/v2\/media?parent=59237"}],"curies":[{"name":"wp","href":"https:\/\/api.w.org\/{rel}","templated":true}]}}