{"id":54294,"date":"2021-09-08T19:44:34","date_gmt":"2021-09-08T17:44:34","guid":{"rendered":"http:\/\/topa.be\/expositions\/"},"modified":"2021-11-17T14:07:55","modified_gmt":"2021-11-17T13:07:55","slug":"tentoonstelling","status":"publish","type":"page","link":"https:\/\/topa.be\/fr\/tentoonstelling\/","title":{"rendered":"Expositions"},"content":{"rendered":"\t\t<div data-elementor-type=\"wp-page\" data-elementor-id=\"54294\" class=\"elementor elementor-54294 elementor-11800\" data-elementor-post-type=\"page\">\n\t\t\t\t\t\t<section class=\"elementor-section elementor-top-section elementor-element elementor-element-f2c5e26 elementor-section-boxed elementor-section-height-default elementor-section-height-default\" data-id=\"f2c5e26\" data-element_type=\"section\" data-e-type=\"section\">\n\t\t\t\t\t\t<div class=\"elementor-container elementor-column-gap-default\">\n\t\t\t\t\t<div class=\"elementor-column elementor-col-100 elementor-top-column elementor-element elementor-element-974cd1a\" data-id=\"974cd1a\" data-element_type=\"column\" data-e-type=\"column\">\n\t\t\t<div class=\"elementor-widget-wrap elementor-element-populated\">\n\t\t\t\t\t\t<div class=\"elementor-element elementor-element-60ba8e0 elementor-widget elementor-widget-heading\" data-id=\"60ba8e0\" data-element_type=\"widget\" data-e-type=\"widget\" data-widget_type=\"heading.default\">\n\t\t\t\t<div class=\"elementor-widget-container\">\n\t\t\t\t\t<h1 class=\"elementor-heading-title elementor-size-default\">Expositions par ou avec TOPA<\/h1>\t\t\t\t<\/div>\n\t\t\t\t<\/div>\n\t\t\t\t\t<\/div>\n\t\t<\/div>\n\t\t\t\t\t<\/div>\n\t\t<\/section>\n\t\t\t\t<section class=\"elementor-section elementor-top-section elementor-element elementor-element-e673ac2 elementor-section-boxed elementor-section-height-default elementor-section-height-default\" data-id=\"e673ac2\" data-element_type=\"section\" data-e-type=\"section\">\n\t\t\t\t\t\t<div class=\"elementor-container elementor-column-gap-default\">\n\t\t\t\t\t<div class=\"elementor-column elementor-col-100 elementor-top-column elementor-element elementor-element-d68e4ea\" data-id=\"d68e4ea\" data-element_type=\"column\" data-e-type=\"column\">\n\t\t\t<div class=\"elementor-widget-wrap elementor-element-populated\">\n\t\t\t\t\t\t<div class=\"elementor-element elementor-element-7fd8a69 elementor-widget elementor-widget-text-editor\" data-id=\"7fd8a69\" data-element_type=\"widget\" data-e-type=\"widget\" data-widget_type=\"text-editor.default\">\n\t\t\t\t<div class=\"elementor-widget-container\">\n\t\t\t\t\t\t\t\t\t<p style=\"text-align: justify;\">Outre les visites guid\u00e9es, les publications, les conf\u00e9rences et ce site internet, TOPA s&rsquo;efforce \u00e0 l&rsquo;occasion de participer activement \u00e0 des expositions fascinantes dans l&rsquo;une ou l&rsquo;autre des \u00e9glises \u00ab\u00a0TOPA\u00a0\u00bb.<\/p>\n<p style=\"text-align: justify;\">L&rsquo;offre se r\u00e9partit en plusieurs cat\u00e9gories :<\/p>\n\t\t\t\t\t\t\t\t<\/div>\n\t\t\t\t<\/div>\n\t\t\t\t\t<\/div>\n\t\t<\/div>\n\t\t\t\t\t<\/div>\n\t\t<\/section>\n\t\t\t\t<section class=\"elementor-section elementor-top-section elementor-element elementor-element-093ab94 elementor-section-boxed elementor-section-height-default elementor-section-height-default\" data-id=\"093ab94\" data-element_type=\"section\" data-e-type=\"section\">\n\t\t\t\t\t\t<div class=\"elementor-container elementor-column-gap-default\">\n\t\t\t\t\t<div class=\"elementor-column elementor-col-100 elementor-top-column elementor-element elementor-element-c3d3016\" data-id=\"c3d3016\" data-element_type=\"column\" data-e-type=\"column\">\n\t\t\t<div class=\"elementor-widget-wrap elementor-element-populated\">\n\t\t\t\t\t\t<div class=\"elementor-element elementor-element-b99546e elementor-widget elementor-widget-heading\" data-id=\"b99546e\" data-element_type=\"widget\" data-e-type=\"widget\" data-widget_type=\"heading.default\">\n\t\t\t\t<div class=\"elementor-widget-container\">\n\t\t\t\t\t<h2 class=\"elementor-heading-title elementor-size-default\">Exposition(s) en cours<\/h2>\t\t\t\t<\/div>\n\t\t\t\t<\/div>\n\t\t\t\t\t<\/div>\n\t\t<\/div>\n\t\t\t\t\t<\/div>\n\t\t<\/section>\n\t\t\t\t<section class=\"elementor-section elementor-top-section elementor-element elementor-element-4b5f4c6 elementor-section-boxed elementor-section-height-default elementor-section-height-default\" data-id=\"4b5f4c6\" data-element_type=\"section\" data-e-type=\"section\">\n\t\t\t\t\t\t<div class=\"elementor-container elementor-column-gap-default\">\n\t\t\t\t\t<div class=\"elementor-column elementor-col-50 elementor-top-column elementor-element elementor-element-1c01cbd\" data-id=\"1c01cbd\" data-element_type=\"column\" data-e-type=\"column\">\n\t\t\t<div class=\"elementor-widget-wrap elementor-element-populated\">\n\t\t\t\t\t\t<div class=\"elementor-element elementor-element-53cd7d7 elementor-widget elementor-widget-text-editor\" data-id=\"53cd7d7\" data-element_type=\"widget\" data-e-type=\"widget\" data-widget_type=\"text-editor.default\">\n\t\t\t\t<div class=\"elementor-widget-container\">\n\t\t\t\t\t\t\t\t\t<h3><span style=\"color: #ff0000;\"><a href=\"http:\/\/topa.be\/wp-content\/uploads\/Tegel-Andries.jpg\"><img decoding=\"async\" class=\"size-full wp-image-37204 alignleft\" src=\"http:\/\/topa.be\/wp-content\/uploads\/Tegel-Andries.jpg\" alt=\"\" width=\"200\" height=\"200\" \/><\/a><\/span>\u00c8glise<span style=\"color: #ff0000;\"> S<\/span>aint-<span style=\"color: #ff0000;\">A<\/span>ndr\u00e9, <span style=\"color: #ff0000;\">M<\/span>us\u00e9e<\/h3>\n<p>Un aper\u00e7u du riche pass\u00e9 de la \u00ab\u00a0paroisse de la mis\u00e8re\u00a0\u00bb.<\/p>\n<p><a href=\"https:\/\/topa.be\/fr\/st-andries\/kerkmuseum\/\"><strong><span style=\"color: #3366ff;\">Lire plus&#8230;<\/span><\/strong><\/a><\/p>\n\t\t\t\t\t\t\t\t<\/div>\n\t\t\t\t<\/div>\n\t\t\t\t\t<\/div>\n\t\t<\/div>\n\t\t\t\t<div class=\"elementor-column elementor-col-50 elementor-top-column elementor-element elementor-element-79b35e5\" data-id=\"79b35e5\" data-element_type=\"column\" data-e-type=\"column\">\n\t\t\t<div class=\"elementor-widget-wrap\">\n\t\t\t\t\t\t\t<\/div>\n\t\t<\/div>\n\t\t\t\t\t<\/div>\n\t\t<\/section>\n\t\t\t\t<section class=\"elementor-section elementor-top-section elementor-element elementor-element-6232d90 elementor-section-boxed elementor-section-height-default elementor-section-height-default\" data-id=\"6232d90\" data-element_type=\"section\" data-e-type=\"section\">\n\t\t\t\t\t\t<div class=\"elementor-container elementor-column-gap-default\">\n\t\t\t\t\t<div class=\"elementor-column elementor-col-100 elementor-top-column elementor-element elementor-element-03959af\" data-id=\"03959af\" data-element_type=\"column\" data-e-type=\"column\">\n\t\t\t<div class=\"elementor-widget-wrap elementor-element-populated\">\n\t\t\t\t\t\t<div class=\"elementor-element elementor-element-55fc046 elementor-widget elementor-widget-heading\" data-id=\"55fc046\" data-element_type=\"widget\" data-e-type=\"widget\" data-widget_type=\"heading.default\">\n\t\t\t\t<div class=\"elementor-widget-container\">\n\t\t\t\t\t<h2 class=\"elementor-heading-title elementor-size-default\">Expositions du pass\u00e9 : les archives<\/h2>\t\t\t\t<\/div>\n\t\t\t\t<\/div>\n\t\t\t\t\t<\/div>\n\t\t<\/div>\n\t\t\t\t\t<\/div>\n\t\t<\/section>\n\t\t\t\t<section class=\"elementor-section elementor-top-section elementor-element elementor-element-f5c5c14 elementor-section-boxed elementor-section-height-default elementor-section-height-default\" data-id=\"f5c5c14\" data-element_type=\"section\" data-e-type=\"section\">\n\t\t\t\t\t\t<div class=\"elementor-container elementor-column-gap-default\">\n\t\t\t\t\t<div class=\"elementor-column elementor-col-50 elementor-top-column elementor-element elementor-element-20c66d0\" data-id=\"20c66d0\" data-element_type=\"column\" data-e-type=\"column\">\n\t\t\t<div class=\"elementor-widget-wrap elementor-element-populated\">\n\t\t\t\t\t\t<div class=\"elementor-element elementor-element-191e211 elementor-widget elementor-widget-text-editor\" data-id=\"191e211\" data-element_type=\"widget\" data-e-type=\"widget\" data-widget_type=\"text-editor.default\">\n\t\t\t\t<div class=\"elementor-widget-container\">\n\t\t\t\t\t\t\t\t\t<p><img decoding=\"async\" class=\"alignleft wp-image-53789\" src=\"http:\/\/topa.be\/wp-content\/uploads\/\/Tentoon-1999-Modello-Kruisdraging-van-Dyck-300x300.jpg\" alt=\"\" width=\"214\" height=\"214\" srcset=\"https:\/\/topa.be\/wp-content\/uploads\/Tentoon-1999-Modello-Kruisdraging-van-Dyck-300x300.jpg 300w, https:\/\/topa.be\/wp-content\/uploads\/Tentoon-1999-Modello-Kruisdraging-van-Dyck-200x200.jpg 200w, https:\/\/topa.be\/wp-content\/uploads\/Tentoon-1999-Modello-Kruisdraging-van-Dyck.jpg 766w\" sizes=\"(max-width: 214px) 100vw, 214px\" \/><\/p>\n<h3>1999<br \/>\nAntoine<br \/>\nvan Dyck,<br \/>\nsous un autre jour<\/h3>\n<p><strong><a href=\"https:\/\/topa.be\/fr\/tentoonstelling\/van-dyck\/\">lire plus&#8230;<\/a><\/strong><\/p>\n\t\t\t\t\t\t\t\t<\/div>\n\t\t\t\t<\/div>\n\t\t\t\t\t<\/div>\n\t\t<\/div>\n\t\t\t\t<div class=\"elementor-column elementor-col-50 elementor-top-column elementor-element elementor-element-f4f6344\" data-id=\"f4f6344\" data-element_type=\"column\" data-e-type=\"column\">\n\t\t\t<div class=\"elementor-widget-wrap elementor-element-populated\">\n\t\t\t\t\t\t<div class=\"elementor-element elementor-element-92248f6 elementor-widget elementor-widget-text-editor\" data-id=\"92248f6\" data-element_type=\"widget\" data-e-type=\"widget\" data-widget_type=\"text-editor.default\">\n\t\t\t\t<div class=\"elementor-widget-container\">\n\t\t\t\t\t\t\t\t\t<h3><a href=\"http:\/\/topa.be\/wp-content\/uploads\/Textiel_4-Emmausgangers-2.jpg\"><img decoding=\"async\" class=\"alignleft wp-image-53878 size-full\" src=\"http:\/\/topa.be\/wp-content\/uploads\/Textiel_4-Emmausgangers-2.jpg\" alt=\"\" width=\"214\" height=\"213\" srcset=\"https:\/\/topa.be\/wp-content\/uploads\/Textiel_4-Emmausgangers-2.jpg 214w, https:\/\/topa.be\/wp-content\/uploads\/Textiel_4-Emmausgangers-2-200x200.jpg 200w\" sizes=\"(max-width: 214px) 100vw, 214px\" \/><\/a>2001<br \/>\nAutres habits, autres fa\u00e7ons<\/h3>\n<p><a href=\"https:\/\/topa.be\/fr\/tentoonstelling\/anders-gekleed\/\"><strong>lire plus&#8230;<\/strong><\/a><\/p>\n\t\t\t\t\t\t\t\t<\/div>\n\t\t\t\t<\/div>\n\t\t\t\t\t<\/div>\n\t\t<\/div>\n\t\t\t\t\t<\/div>\n\t\t<\/section>\n\t\t\t\t<section class=\"elementor-section elementor-top-section elementor-element elementor-element-8409e6a elementor-section-boxed elementor-section-height-default elementor-section-height-default\" data-id=\"8409e6a\" data-element_type=\"section\" data-e-type=\"section\">\n\t\t\t\t\t\t<div class=\"elementor-container elementor-column-gap-default\">\n\t\t\t\t\t<div class=\"elementor-column elementor-col-50 elementor-top-column elementor-element elementor-element-4c4c9e7\" data-id=\"4c4c9e7\" data-element_type=\"column\" data-e-type=\"column\">\n\t\t\t<div class=\"elementor-widget-wrap elementor-element-populated\">\n\t\t\t\t\t\t<div class=\"elementor-element elementor-element-8a1e0e1 elementor-widget elementor-widget-text-editor\" data-id=\"8a1e0e1\" data-element_type=\"widget\" data-e-type=\"widget\" data-widget_type=\"text-editor.default\">\n\t\t\t\t<div class=\"elementor-widget-container\">\n\t\t\t\t\t\t\t\t\t<h3><a href=\"http:\/\/topa.be\/wp-content\/uploads\/Tegel-Rubens.jpg\"><img loading=\"lazy\" decoding=\"async\" class=\"alignleft wp-image-53813\" src=\"http:\/\/topa.be\/wp-content\/uploads\/\/Tegel-Rubens-300x300.jpg\" alt=\"\" width=\"214\" height=\"214\" srcset=\"https:\/\/topa.be\/wp-content\/uploads\/Tegel-Rubens-300x300.jpg 300w, https:\/\/topa.be\/wp-content\/uploads\/Tegel-Rubens-200x200.jpg 200w, https:\/\/topa.be\/wp-content\/uploads\/Tegel-Rubens-768x767.jpg 768w, https:\/\/topa.be\/wp-content\/uploads\/Tegel-Rubens.jpg 1024w\" sizes=\"(max-width: 214px) 100vw, 214px\" \/><\/a>2004<br \/>\nRubens,<br \/>\ntout sauf \u00e9tranger<\/h3>\n<p><a href=\"https:\/\/topa.be\/fr\/tentoonstelling\/rubens-wereldvreemd\/\"><strong>lire plus&#8230;<\/strong><\/a><\/p>\n\t\t\t\t\t\t\t\t<\/div>\n\t\t\t\t<\/div>\n\t\t\t\t\t<\/div>\n\t\t<\/div>\n\t\t\t\t<div class=\"elementor-column elementor-col-50 elementor-top-column elementor-element elementor-element-cb30540\" data-id=\"cb30540\" data-element_type=\"column\" data-e-type=\"column\">\n\t\t\t<div class=\"elementor-widget-wrap elementor-element-populated\">\n\t\t\t\t\t\t<div class=\"elementor-element elementor-element-4b37439 elementor-widget elementor-widget-text-editor\" data-id=\"4b37439\" data-element_type=\"widget\" data-e-type=\"widget\" data-widget_type=\"text-editor.default\">\n\t\t\t\t<div class=\"elementor-widget-container\">\n\t\t\t\t\t\t\t\t\t<h3><a href=\"http:\/\/topa.be\/wp-content\/uploads\/Tegel-Reunie.jpg\"><img loading=\"lazy\" decoding=\"async\" class=\"alignleft wp-image-53837\" src=\"http:\/\/topa.be\/wp-content\/uploads\/\/Tegel-Reunie-300x300.jpg\" alt=\"\" width=\"214\" height=\"214\" srcset=\"https:\/\/topa.be\/wp-content\/uploads\/Tegel-Reunie-300x300.jpg 300w, https:\/\/topa.be\/wp-content\/uploads\/Tegel-Reunie.jpg 1024w, https:\/\/topa.be\/wp-content\/uploads\/Tegel-Reunie-200x200.jpg 200w, https:\/\/topa.be\/wp-content\/uploads\/Tegel-Reunie-768x768.jpg 768w\" sizes=\"(max-width: 214px) 100vw, 214px\" \/><\/a>2009-2019<br \/>\nRE.\u00dc.NION<\/h3>\n<p><strong>De Quinten Metsijs<\/strong><br \/>\n<strong>\u00e0<\/strong><br \/>\n<strong>Peter Paul Rubens<\/strong><\/p>\n<p><a href=\"https:\/\/topa.be\/fr\/tentoonstelling\/reunie\/\"><strong>Lire plus&#8230;<\/strong><\/a><\/p>\n\t\t\t\t\t\t\t\t<\/div>\n\t\t\t\t<\/div>\n\t\t\t\t\t<\/div>\n\t\t<\/div>\n\t\t\t\t\t<\/div>\n\t\t<\/section>\n\t\t\t\t<\/div>\n\t\t","protected":false},"excerpt":{"rendered":"<p>Expositions par ou avec TOPA Outre les visites guid\u00e9es, les publications, les conf\u00e9rences et ce site internet, TOPA s&rsquo;efforce \u00e0 l&rsquo;occasion de participer activement \u00e0 des expositions fascinantes dans l&rsquo;une ou l&rsquo;autre des \u00e9glises \u00ab\u00a0TOPA\u00a0\u00bb. L&rsquo;offre se r\u00e9partit en plusieurs cat\u00e9gories : Exposition(s) en cours \u00c8glise Saint-Andr\u00e9, Mus\u00e9e Un aper\u00e7u du riche pass\u00e9 de la [&hellip;]<\/p>\n","protected":false},"author":16,"featured_media":0,"parent":0,"menu_order":530,"comment_status":"closed","ping_status":"closed","template":"","meta":{"footnotes":""},"class_list":["post-54294","page","type-page","status-publish","hentry"],"aioseo_notices":[],"_links":{"self":[{"href":"https:\/\/topa.be\/fr\/wp-json\/wp\/v2\/pages\/54294","targetHints":{"allow":["GET"]}}],"collection":[{"href":"https:\/\/topa.be\/fr\/wp-json\/wp\/v2\/pages"}],"about":[{"href":"https:\/\/topa.be\/fr\/wp-json\/wp\/v2\/types\/page"}],"author":[{"embeddable":true,"href":"https:\/\/topa.be\/fr\/wp-json\/wp\/v2\/users\/16"}],"replies":[{"embeddable":true,"href":"https:\/\/topa.be\/fr\/wp-json\/wp\/v2\/comments?post=54294"}],"version-history":[{"count":3,"href":"https:\/\/topa.be\/fr\/wp-json\/wp\/v2\/pages\/54294\/revisions"}],"predecessor-version":[{"id":61696,"href":"https:\/\/topa.be\/fr\/wp-json\/wp\/v2\/pages\/54294\/revisions\/61696"}],"wp:attachment":[{"href":"https:\/\/topa.be\/fr\/wp-json\/wp\/v2\/media?parent=54294"}],"curies":[{"name":"wp","href":"https:\/\/api.w.org\/{rel}","templated":true}]}}