{"id":53983,"date":"2021-09-07T11:13:02","date_gmt":"2021-09-07T09:13:02","guid":{"rendered":"http:\/\/topa.be\/2004-rubens-tout-sauf-etranger\/"},"modified":"2021-11-17T16:32:23","modified_gmt":"2021-11-17T15:32:23","slug":"rubens-wereldvreemd","status":"publish","type":"page","link":"https:\/\/topa.be\/fr\/tentoonstelling\/rubens-wereldvreemd\/","title":{"rendered":"2004 &#8211; Rubens, tout sauf \u00e9tranger"},"content":{"rendered":"\t\t<div data-elementor-type=\"wp-page\" data-elementor-id=\"53983\" class=\"elementor elementor-53983 elementor-53971\" data-elementor-post-type=\"page\">\n\t\t\t\t\t\t<section class=\"elementor-section elementor-top-section elementor-element elementor-element-587b505 elementor-section-boxed elementor-section-height-default elementor-section-height-default\" data-id=\"587b505\" data-element_type=\"section\" data-e-type=\"section\">\n\t\t\t\t\t\t<div class=\"elementor-container elementor-column-gap-default\">\n\t\t\t\t\t<div class=\"elementor-column elementor-col-100 elementor-top-column elementor-element elementor-element-96299d1\" data-id=\"96299d1\" data-element_type=\"column\" data-e-type=\"column\">\n\t\t\t<div class=\"elementor-widget-wrap elementor-element-populated\">\n\t\t\t\t\t\t<div class=\"elementor-element elementor-element-a1d0bcd elementor-widget elementor-widget-heading\" data-id=\"a1d0bcd\" data-element_type=\"widget\" data-e-type=\"widget\" data-widget_type=\"heading.default\">\n\t\t\t\t<div class=\"elementor-widget-container\">\n\t\t\t\t\t<h2 class=\"elementor-heading-title elementor-size-default\">Expositions - Archives<\/h2>\t\t\t\t<\/div>\n\t\t\t\t<\/div>\n\t\t\t\t\t<\/div>\n\t\t<\/div>\n\t\t\t\t\t<\/div>\n\t\t<\/section>\n\t\t\t\t<section class=\"elementor-section elementor-top-section elementor-element elementor-element-61d958a elementor-section-boxed elementor-section-height-default elementor-section-height-default\" data-id=\"61d958a\" data-element_type=\"section\" data-e-type=\"section\">\n\t\t\t\t\t\t<div class=\"elementor-container elementor-column-gap-default\">\n\t\t\t\t\t<div class=\"elementor-column elementor-col-100 elementor-top-column elementor-element elementor-element-908640a\" data-id=\"908640a\" data-element_type=\"column\" data-e-type=\"column\">\n\t\t\t<div class=\"elementor-widget-wrap elementor-element-populated\">\n\t\t\t\t\t\t<div class=\"elementor-element elementor-element-5f242f5 elementor-widget elementor-widget-heading\" data-id=\"5f242f5\" data-element_type=\"widget\" data-e-type=\"widget\" data-widget_type=\"heading.default\">\n\t\t\t\t<div class=\"elementor-widget-container\">\n\t\t\t\t\t<h1 class=\"elementor-heading-title elementor-size-default\">2004 - Rubens, tout sauf \u00e9tranger<\/h1>\t\t\t\t<\/div>\n\t\t\t\t<\/div>\n\t\t\t\t<div class=\"elementor-element elementor-element-05de437 elementor-widget elementor-widget-heading\" data-id=\"05de437\" data-element_type=\"widget\" data-e-type=\"widget\" data-widget_type=\"heading.default\">\n\t\t\t\t<div class=\"elementor-widget-container\">\n\t\t\t\t\t<h4 class=\"elementor-heading-title elementor-size-default\">6 mars - 12 septembre 2004<\/h4>\t\t\t\t<\/div>\n\t\t\t\t<\/div>\n\t\t\t\t\t<\/div>\n\t\t<\/div>\n\t\t\t\t\t<\/div>\n\t\t<\/section>\n\t\t\t\t<section class=\"elementor-section elementor-top-section elementor-element elementor-element-c914c80 elementor-section-boxed elementor-section-height-default elementor-section-height-default\" data-id=\"c914c80\" data-element_type=\"section\" data-e-type=\"section\">\n\t\t\t\t\t\t<div class=\"elementor-container elementor-column-gap-default\">\n\t\t\t\t\t<div class=\"elementor-column elementor-col-66 elementor-top-column elementor-element elementor-element-ac18a47\" data-id=\"ac18a47\" data-element_type=\"column\" data-e-type=\"column\">\n\t\t\t<div class=\"elementor-widget-wrap elementor-element-populated\">\n\t\t\t\t\t\t<div class=\"elementor-element elementor-element-7da8b54 elementor-widget elementor-widget-text-editor\" data-id=\"7da8b54\" data-element_type=\"widget\" data-e-type=\"widget\" data-widget_type=\"text-editor.default\">\n\t\t\t\t<div class=\"elementor-widget-container\">\n\t\t\t\t\t\t\t\t\t<p style=\"text-align: justify;\">Rubens est omnipr\u00e9sent dans les \u00e9glises monumentales et historiques d&rsquo;Anvers. Pour la premi\u00e8re fois, l&rsquo;\u00e9glise Saint-Charles Borrom\u00e9e, l&rsquo;\u00e9glise Saint-Jacques, l&rsquo;\u00e9glise Saint-Paul et la cath\u00e9drale Notre-Dame se pr\u00e9sentent ensemble au public. Dans ces quatre lieux religieux, Rubens se laisse admirer avec plusieurs de ses \u0153uvres d&rsquo;art les plus c\u00e9l\u00e8bres dans le cadre auquel elles \u00e9taient destin\u00e9es. Dans chaque \u00e9glise, Rubens se pr\u00e9sente avec une facette diff\u00e9rente de sa personnalit\u00e9 sous la devise \u00ab\u00a0Rubens, tout sauf \u00e9tranger\u00a0\u00bb :<\/p>\n<p style=\"text-align: justify;\"><strong>Cath\u00e9drale Notre-Dame : Rubens, ic\u00f4ne d&rsquo;Anvers. <span style=\"color: #ff0000;\">==&gt;<\/span><\/strong>\u00a0<a href=\"https:\/\/topa.be\/fr\/tentoonstelling\/rubens-wereldvreemd\/olv\/\">Les textes des panneaux pr\u00e9sent\u00e9s dans la cath\u00e9drale<\/a>.<\/p>\n<p style=\"text-align: justify;\"><strong>\u00c9glise Saint-Charles Borrom\u00e9e : Rubens, ma\u00eetre d&rsquo;\u0153uvre. <span style=\"color: #ff0000;\">==&gt;<\/span><\/strong>\u00a0<a href=\"https:\/\/topa.be\/fr\/tentoonstelling\/rubens-wereldvreemd\/scb\/\">Les textes des panneaux expos\u00e9s dans l&rsquo;\u00e9glise Saint-Charles Borrom\u00e9e<\/a>.<\/p>\n<p style=\"text-align: justify;\"><strong>L&rsquo;\u00e9glise Saint-Jacques : Rubens, p\u00e8re de famille. <span style=\"color: #ff0000;\">==&gt;<\/span><\/strong> <a href=\"https:\/\/topa.be\/fr\/tentoonstelling\/rubens-wereldvreemd\/sjk\/\">Les textes des panneaux expos\u00e9s dans l&rsquo;\u00e9glise Saint-Jacques<\/a>.<\/p>\n<p style=\"text-align: justify;\"><strong>L&rsquo;\u00e9glise Saint-Paul : Rubens, coll\u00e8gue. <span style=\"color: #ff0000;\">==&gt;<\/span><\/strong>\u00a0<a href=\"https:\/\/topa.be\/fr\/tentoonstelling\/rubens-wereldvreemd\/spk\/\">Les textes des panneaux expos\u00e9s dans l&rsquo;\u00e9glise Saint-Paul<\/a>.<\/p>\n<p style=\"text-align: justify;\">Visitez \u00e9galement le site du <a href=\"https:\/\/www.rubenianum.be\/en\">Rubenianum<\/a>, institut de recherche sur l&rsquo;art flamand des XVI<sup>e<\/sup> et XVII<sup>e<\/sup> si\u00e8cles. <em>(site en anglais)<\/em><\/p>\n\t\t\t\t\t\t\t\t<\/div>\n\t\t\t\t<\/div>\n\t\t\t\t\t<\/div>\n\t\t<\/div>\n\t\t\t\t<div class=\"elementor-column elementor-col-33 elementor-top-column elementor-element elementor-element-d611b76\" data-id=\"d611b76\" data-element_type=\"column\" data-e-type=\"column\">\n\t\t\t<div class=\"elementor-widget-wrap elementor-element-populated\">\n\t\t\t\t\t\t<div class=\"elementor-element elementor-element-ac3ab1a elementor-widget elementor-widget-image\" data-id=\"ac3ab1a\" data-element_type=\"widget\" data-e-type=\"widget\" data-widget_type=\"image.default\">\n\t\t\t\t<div class=\"elementor-widget-container\">\n\t\t\t\t\t\t\t\t\t\t\t\t\t\t\t\t<a href=\"http:\/\/topa.be\/wp-content\/uploads\/Tegel-Rubens.jpg\" data-elementor-open-lightbox=\"yes\" data-elementor-lightbox-title=\"Tegel Rubens\" data-e-action-hash=\"#elementor-action%3Aaction%3Dlightbox%26settings%3DeyJpZCI6NTM4MTMsInVybCI6Imh0dHBzOlwvXC90b3BhLmJlXC93cC1jb250ZW50XC91cGxvYWRzXC9UZWdlbC1SdWJlbnMuanBnIn0%3D\">\n\t\t\t\t\t\t\t<img fetchpriority=\"high\" decoding=\"async\" width=\"800\" height=\"799\" src=\"https:\/\/topa.be\/wp-content\/uploads\/Tegel-Rubens.jpg\" class=\"attachment-large size-large wp-image-53813\" alt=\"\" srcset=\"https:\/\/topa.be\/wp-content\/uploads\/Tegel-Rubens.jpg 1024w, https:\/\/topa.be\/wp-content\/uploads\/Tegel-Rubens-300x300.jpg 300w, https:\/\/topa.be\/wp-content\/uploads\/Tegel-Rubens-200x200.jpg 200w, https:\/\/topa.be\/wp-content\/uploads\/Tegel-Rubens-768x767.jpg 768w\" sizes=\"(max-width: 800px) 100vw, 800px\" \/>\t\t\t\t\t\t\t\t<\/a>\n\t\t\t\t\t\t\t\t\t\t\t\t\t\t\t<\/div>\n\t\t\t\t<\/div>\n\t\t\t\t\t<\/div>\n\t\t<\/div>\n\t\t\t\t\t<\/div>\n\t\t<\/section>\n\t\t\t\t<\/div>\n\t\t","protected":false},"excerpt":{"rendered":"<p>Expositions &#8211; Archives 2004 &#8211; Rubens, tout sauf \u00e9tranger 6 mars &#8211; 12 septembre 2004 Rubens est omnipr\u00e9sent dans les \u00e9glises monumentales et historiques d&rsquo;Anvers. Pour la premi\u00e8re fois, l&rsquo;\u00e9glise Saint-Charles Borrom\u00e9e, l&rsquo;\u00e9glise Saint-Jacques, l&rsquo;\u00e9glise Saint-Paul et la cath\u00e9drale Notre-Dame se pr\u00e9sentent ensemble au public. Dans ces quatre lieux religieux, Rubens se laisse admirer avec [&hellip;]<\/p>\n","protected":false},"author":16,"featured_media":0,"parent":54294,"menu_order":2001,"comment_status":"closed","ping_status":"closed","template":"","meta":{"footnotes":""},"class_list":["post-53983","page","type-page","status-publish","hentry"],"aioseo_notices":[],"_links":{"self":[{"href":"https:\/\/topa.be\/fr\/wp-json\/wp\/v2\/pages\/53983","targetHints":{"allow":["GET"]}}],"collection":[{"href":"https:\/\/topa.be\/fr\/wp-json\/wp\/v2\/pages"}],"about":[{"href":"https:\/\/topa.be\/fr\/wp-json\/wp\/v2\/types\/page"}],"author":[{"embeddable":true,"href":"https:\/\/topa.be\/fr\/wp-json\/wp\/v2\/users\/16"}],"replies":[{"embeddable":true,"href":"https:\/\/topa.be\/fr\/wp-json\/wp\/v2\/comments?post=53983"}],"version-history":[{"count":3,"href":"https:\/\/topa.be\/fr\/wp-json\/wp\/v2\/pages\/53983\/revisions"}],"predecessor-version":[{"id":61698,"href":"https:\/\/topa.be\/fr\/wp-json\/wp\/v2\/pages\/53983\/revisions\/61698"}],"up":[{"embeddable":true,"href":"https:\/\/topa.be\/fr\/wp-json\/wp\/v2\/pages\/54294"}],"wp:attachment":[{"href":"https:\/\/topa.be\/fr\/wp-json\/wp\/v2\/media?parent=53983"}],"curies":[{"name":"wp","href":"https:\/\/api.w.org\/{rel}","templated":true}]}}