{"id":53932,"date":"2021-08-29T13:29:54","date_gmt":"2021-08-29T11:29:54","guid":{"rendered":"http:\/\/topa.be\/2001-autres-habits-autres-facons\/"},"modified":"2021-11-17T13:52:12","modified_gmt":"2021-11-17T12:52:12","slug":"anders-gekleed","status":"publish","type":"page","link":"https:\/\/topa.be\/fr\/tentoonstelling\/anders-gekleed\/","title":{"rendered":"2001 &#8211; Autres habits, autres fa\u00e7ons."},"content":{"rendered":"\t\t<div data-elementor-type=\"wp-page\" data-elementor-id=\"53932\" class=\"elementor elementor-53932 elementor-53924\" data-elementor-post-type=\"page\">\n\t\t\t\t\t\t<section class=\"elementor-section elementor-top-section elementor-element elementor-element-587b505 elementor-section-boxed elementor-section-height-default elementor-section-height-default\" data-id=\"587b505\" data-element_type=\"section\" data-e-type=\"section\">\n\t\t\t\t\t\t<div class=\"elementor-container elementor-column-gap-default\">\n\t\t\t\t\t<div class=\"elementor-column elementor-col-100 elementor-top-column elementor-element elementor-element-96299d1\" data-id=\"96299d1\" data-element_type=\"column\" data-e-type=\"column\">\n\t\t\t<div class=\"elementor-widget-wrap elementor-element-populated\">\n\t\t\t\t\t\t<div class=\"elementor-element elementor-element-a1d0bcd elementor-widget elementor-widget-heading\" data-id=\"a1d0bcd\" data-element_type=\"widget\" data-e-type=\"widget\" data-widget_type=\"heading.default\">\n\t\t\t\t<div class=\"elementor-widget-container\">\n\t\t\t\t\t<h2 class=\"elementor-heading-title elementor-size-default\">Expositions - Archives<\/h2>\t\t\t\t<\/div>\n\t\t\t\t<\/div>\n\t\t\t\t\t<\/div>\n\t\t<\/div>\n\t\t\t\t\t<\/div>\n\t\t<\/section>\n\t\t\t\t<section class=\"elementor-section elementor-top-section elementor-element elementor-element-61d958a elementor-section-boxed elementor-section-height-default elementor-section-height-default\" data-id=\"61d958a\" data-element_type=\"section\" data-e-type=\"section\">\n\t\t\t\t\t\t<div class=\"elementor-container elementor-column-gap-default\">\n\t\t\t\t\t<div class=\"elementor-column elementor-col-100 elementor-top-column elementor-element elementor-element-908640a\" data-id=\"908640a\" data-element_type=\"column\" data-e-type=\"column\">\n\t\t\t<div class=\"elementor-widget-wrap elementor-element-populated\">\n\t\t\t\t\t\t<div class=\"elementor-element elementor-element-5f242f5 elementor-widget elementor-widget-heading\" data-id=\"5f242f5\" data-element_type=\"widget\" data-e-type=\"widget\" data-widget_type=\"heading.default\">\n\t\t\t\t<div class=\"elementor-widget-container\">\n\t\t\t\t\t<h1 class=\"elementor-heading-title elementor-size-default\">2001 - Autres habits, autres fa\u00e7ons.<\/h1>\t\t\t\t<\/div>\n\t\t\t\t<\/div>\n\t\t\t\t<div class=\"elementor-element elementor-element-9a3d558 elementor-widget elementor-widget-text-editor\" data-id=\"9a3d558\" data-element_type=\"widget\" data-e-type=\"widget\" data-widget_type=\"text-editor.default\">\n\t\t\t\t<div class=\"elementor-widget-container\">\n\t\t\t\t\t\t\t\t\t<h4 style=\"text-align: center;\"><strong>Saint-Andr\u00e9 : La garde-robe de Notre-Dame<br \/>\n<\/strong><strong>Saint-Charles Borrom\u00e9e : dentelles, broderies et habits religieux<br \/>\n<\/strong><strong>Saint-Jacques : Chasubles de toutes les couleurs et de tous les styles<\/strong><\/h4>\n\t\t\t\t\t\t\t\t<\/div>\n\t\t\t\t<\/div>\n\t\t\t\t<div class=\"elementor-element elementor-element-05de437 elementor-widget elementor-widget-heading\" data-id=\"05de437\" data-element_type=\"widget\" data-e-type=\"widget\" data-widget_type=\"heading.default\">\n\t\t\t\t<div class=\"elementor-widget-container\">\n\t\t\t\t\t<h4 class=\"elementor-heading-title elementor-size-default\">29 mai \u2013 30 septembre 2001<\/h4>\t\t\t\t<\/div>\n\t\t\t\t<\/div>\n\t\t\t\t\t<\/div>\n\t\t<\/div>\n\t\t\t\t\t<\/div>\n\t\t<\/section>\n\t\t\t\t<section class=\"elementor-section elementor-top-section elementor-element elementor-element-c914c80 elementor-section-boxed elementor-section-height-default elementor-section-height-default\" data-id=\"c914c80\" data-element_type=\"section\" data-e-type=\"section\">\n\t\t\t\t\t\t<div class=\"elementor-container elementor-column-gap-default\">\n\t\t\t\t\t<div class=\"elementor-column elementor-col-66 elementor-top-column elementor-element elementor-element-ac18a47\" data-id=\"ac18a47\" data-element_type=\"column\" data-e-type=\"column\">\n\t\t\t<div class=\"elementor-widget-wrap elementor-element-populated\">\n\t\t\t\t\t\t<div class=\"elementor-element elementor-element-7da8b54 elementor-widget elementor-widget-text-editor\" data-id=\"7da8b54\" data-element_type=\"widget\" data-e-type=\"widget\" data-widget_type=\"text-editor.default\">\n\t\t\t\t<div class=\"elementor-widget-container\">\n\t\t\t\t\t\t\t\t\t<p style=\"text-align: justify;\">La mode n&rsquo;est pas du tout \u00e9trang\u00e8re \u00e0 l&rsquo;\u00c9glise. Pour ses textiles elle a suivi la mode ou cr\u00e9\u00e9e une mode particuli\u00e8re. Mais la mode s&rsquo;y maintient plus longuement. Comme ce textile religieux est conserv\u00e9s dans des armoires de sacristies, et comme actuellement il est moins utilis\u00e9, l&rsquo;ann\u00e9e de la mode 2001 est une occasion unique pour exposer la mode eccl\u00e9siastique. Trois \u00e9glises d\u2019Anvers ouvrent leurs garde-robes : Saint-Andr\u00e9, Saint-Charles Borrom\u00e9e et Saint-Jacques. Plusieurs th\u00e8mes seront abord\u00e9s dans chaque \u00e9glise.<\/p>\n<h4 style=\"text-align: justify;\">Justification du titre<\/h4>\n<p style=\"text-align: justify;\"><strong>\u2018Autres habits, autres fa\u00e7ons\u2019 divise les habits en trois cat\u00e9gories :<\/strong><\/p>\n<ul style=\"text-align: justify;\">\n<li>L&rsquo;habillement fonctionnel utilis\u00e9 pour les offices religieux ne tarde pas \u00e0 \u00eatre transform\u00e9 en habits hi\u00e9ratiques, solennels :<em>autres habits<\/em>. Mais il n&rsquo;est pas donn\u00e9 \u00e0 chaque paroisse ou communaut\u00e9 religieuse de pouvoir s&rsquo;offrir ces habits pr\u00e9cieux. C&rsquo;est pourquoi plus d&rsquo;une a fait usage d&rsquo;habits civils existants. Gr\u00e2ce \u00e0 des donations ces tissus seront recycl\u00e9s pour un nouvel usage, liturgique. De l\u00e0 :\u00a0<em>autres fa\u00e7ons<\/em>.\u00a0<u>Le textile civil devient textile sacerdotal.<\/u><\/li>\n<li>Pour les offices religieux le pr\u00eatre se v\u00eatit autrement que dans la vie courante. En portant d&rsquo;autres habits il est stimul\u00e9 \u00e0 se comporter diff\u00e9remment : il n&rsquo;est pas l\u00e0 par hasard, n&rsquo;agit pas au hasard : il officie face \u00e0 la communaut\u00e9 au nom de J\u00e9sus. La fa\u00e7on de s&rsquo;habiller l&rsquo;aide \u00e0 vivre les gestes de la c\u00e9l\u00e9bration dans un esprit appropri\u00e9. <u>L&rsquo;habillement devient un v\u00eatement.<\/u><\/li>\n<li>Hommes et femmes vivant une vie consacr\u00e9e \u00e0 Dieu s&rsquo;habillent en g\u00e9n\u00e9ral de fa\u00e7on diff\u00e9renci\u00e9e. Pur eux il ne s&rsquo;agit pas de c\u00e9l\u00e9brations sp\u00e9ciales, mais de tout un style de vie concret qui se veut faire r\u00e9f\u00e9rence \u00e0 Dieu. Pour se confirmer dans ce choix de vie et ne pas passer de temps devant la garde-robe ou le miroir, ils ne se conforment pas \u00e0 la mode changeante, mais rev\u00eatent jour apr\u00e8s jour le m\u00eame genre d&rsquo;habillement. Pour signifier et prot\u00e9ger l&rsquo;orientation de leur vie sur Dieu ils s&rsquo;habillent de fa\u00e7on \u00e0 \u00eatre reconnaissable dans ce choix. Et pour \u00e9vincer la tentation de concurrence entre eux dans ce domaine, tout comme pour porter t\u00e9moignage (y compris face au monde ext\u00e9rieur) tant de leur id\u00e9al commun que de leur amour fraternel, il portent tous l&rsquo;habit-uniforme de leur ordre.<u>L&rsquo;habillement est devenu un habit.<\/u><\/li>\n<\/ul>\n<p style=\"text-align: justify;\">L&rsquo;\u00e9glise\u00a0<strong>Saint-Andr\u00e9<\/strong>\u00a0est fi\u00e8re de sa\u00a0<em>garde-robe de Notre-Dame<\/em>. Tout le monde est \u00e9tonn\u00e9 de d\u00e9couvrir une telle vari\u00e9t\u00e9 de couleurs dans la garde-robe d&rsquo;une statue de procession : c&rsquo;est une preuve de la popularit\u00e9 de Notre-Dame. Le recyclage des belles robes de bal au 18<sup>\u00e8me<\/sup> si\u00e8cle est un ph\u00e9nom\u00e8ne particulier.<\/p>\n<p style=\"text-align: justify;\">L&rsquo;\u00e9glise\u00a0<strong>Saint-Charles Borrom\u00e9e<\/strong>\u00a0et son mus\u00e9e de la dentelle, se concentrent sur la dentelle, la broderie et les habits religieux : \u2018hyper- et anti-modieux&rsquo;.<\/p>\n<p style=\"text-align: justify;\"><u>La dentelle comme raffinement dans la liturgie<\/u>. On d\u00e9couvre les parall\u00e8les entre l&rsquo;usage de la dentelle dans les v\u00eatements bourgeois et le linge eccl\u00e9siastique. Au 17<sup>\u00e8me<\/sup> si\u00e8cle on trouve de la dentelle aux cols plats mais aussi aux ourlets des aubes. Au 18<sup>\u00e8me<\/sup> si\u00e8cle frivole on en trouve aux bonnets et manchettes, mais aussi aux corporaux et surplis. Faites la comparaison avec l&rsquo;exposition sur la mode bourgeoise \u00e0 la Maison de Rockox.<\/p>\n<p style=\"text-align: justify;\"><u>La broderie &#8211; les chinoiseries.<\/u>\u00a0L&rsquo;exotisme r\u00e8gne pendant la deuxi\u00e8me moiti\u00e9 du 18<sup>\u00e8me<\/sup> si\u00e8cle comme variante sur le th\u00e8me du rococo. Les chinoiseries dans la mode eccl\u00e9siastique sont dues en grande partie aux missions des j\u00e9suites en Chine.<\/p>\n<p style=\"text-align: justify;\"><u>Les habits religieux.<\/u>\u00a0Ceux qui ne veulent pas suivre la mode, pour quelque raison (spirituelle) que se soit, se cr\u00e9ent une mode particuli\u00e8re. Chaque ordre religieux se reconna\u00eet \u00e0 la coupe de son habit.<\/p>\n<p style=\"text-align: justify;\">L&rsquo;\u00e9glise\u00a0<strong>Saint-Jacques<\/strong>\u00a0poss\u00e8de une des plus grandes collections de parements liturgiques : des chasubles de toutes les couleurs et de tous les styles. Tout au long des vingt chapelles lat\u00e9rales on peut suivre l&rsquo;\u00e9volution des parements liturgiques, depuis les parements de la Passion datant du 16<sup>\u00e8me<\/sup> si\u00e8cle, jusqu&rsquo;aux cr\u00e9ations styl\u00e9es actuelles. Et si vous voulez vous-m\u00eame r\u00e9aliser une chasuble, c&rsquo;\u00e9st possible : lisez les revues f\u00e9minines du d\u00e9but du 20<sup>\u00e8me<\/sup> si\u00e8cle.<\/p>\n<p style=\"text-align: justify;\">Cette exposition \u00e9tait une collaboration entre :<\/p>\n<ul>\n<li style=\"text-align: justify;\">Asbl Pastorale du Tourisme d&rsquo;Anvers, Groupe de travail \u00c9glises Monumentales,<\/li>\n<li style=\"text-align: justify;\">Les fabriques d\u2019\u00e9glise concern\u00e9es<\/li>\n<li style=\"text-align: justify;\">Asbl Sint-Andries 2000<\/li>\n<li style=\"text-align: justify;\">Asbl Jacobus Antverpiae<\/li>\n<\/ul>\n\t\t\t\t\t\t\t\t<\/div>\n\t\t\t\t<\/div>\n\t\t\t\t\t<\/div>\n\t\t<\/div>\n\t\t\t\t<div class=\"elementor-column elementor-col-33 elementor-top-column elementor-element elementor-element-d611b76\" data-id=\"d611b76\" data-element_type=\"column\" data-e-type=\"column\">\n\t\t\t<div class=\"elementor-widget-wrap\">\n\t\t\t\t\t\t\t<\/div>\n\t\t<\/div>\n\t\t\t\t\t<\/div>\n\t\t<\/section>\n\t\t\t\t<\/div>\n\t\t","protected":false},"excerpt":{"rendered":"<p>Expositions &#8211; Archives 2001 &#8211; Autres habits, autres fa\u00e7ons. Saint-Andr\u00e9 : La garde-robe de Notre-Dame Saint-Charles Borrom\u00e9e : dentelles, broderies et habits religieux Saint-Jacques : Chasubles de toutes les couleurs et de tous les styles 29 mai \u2013 30 septembre 2001 La mode n&rsquo;est pas du tout \u00e9trang\u00e8re \u00e0 l&rsquo;\u00c9glise. Pour ses textiles elle a [&hellip;]<\/p>\n","protected":false},"author":16,"featured_media":0,"parent":54294,"menu_order":2001,"comment_status":"closed","ping_status":"closed","template":"","meta":{"footnotes":""},"class_list":["post-53932","page","type-page","status-publish","hentry"],"aioseo_notices":[],"_links":{"self":[{"href":"https:\/\/topa.be\/fr\/wp-json\/wp\/v2\/pages\/53932","targetHints":{"allow":["GET"]}}],"collection":[{"href":"https:\/\/topa.be\/fr\/wp-json\/wp\/v2\/pages"}],"about":[{"href":"https:\/\/topa.be\/fr\/wp-json\/wp\/v2\/types\/page"}],"author":[{"embeddable":true,"href":"https:\/\/topa.be\/fr\/wp-json\/wp\/v2\/users\/16"}],"replies":[{"embeddable":true,"href":"https:\/\/topa.be\/fr\/wp-json\/wp\/v2\/comments?post=53932"}],"version-history":[{"count":3,"href":"https:\/\/topa.be\/fr\/wp-json\/wp\/v2\/pages\/53932\/revisions"}],"predecessor-version":[{"id":59620,"href":"https:\/\/topa.be\/fr\/wp-json\/wp\/v2\/pages\/53932\/revisions\/59620"}],"up":[{"embeddable":true,"href":"https:\/\/topa.be\/fr\/wp-json\/wp\/v2\/pages\/54294"}],"wp:attachment":[{"href":"https:\/\/topa.be\/fr\/wp-json\/wp\/v2\/media?parent=53932"}],"curies":[{"name":"wp","href":"https:\/\/api.w.org\/{rel}","templated":true}]}}