{"id":53922,"date":"2021-08-29T12:39:13","date_gmt":"2021-08-29T10:39:13","guid":{"rendered":"http:\/\/topa.be\/1999-antoine-van-dyck-sous-un-autre-jour\/"},"modified":"2021-11-17T16:06:21","modified_gmt":"2021-11-17T15:06:21","slug":"van-dyck","status":"publish","type":"page","link":"https:\/\/topa.be\/fr\/tentoonstelling\/van-dyck\/","title":{"rendered":"1999 &#8211; Antoine Van Dyck, sous un autre jour"},"content":{"rendered":"\t\t<div data-elementor-type=\"wp-page\" data-elementor-id=\"53922\" class=\"elementor elementor-53922 elementor-53890\" data-elementor-post-type=\"page\">\n\t\t\t\t\t\t<section class=\"elementor-section elementor-top-section elementor-element elementor-element-587b505 elementor-section-boxed elementor-section-height-default elementor-section-height-default\" data-id=\"587b505\" data-element_type=\"section\" data-e-type=\"section\">\n\t\t\t\t\t\t<div class=\"elementor-container elementor-column-gap-default\">\n\t\t\t\t\t<div class=\"elementor-column elementor-col-100 elementor-top-column elementor-element elementor-element-96299d1\" data-id=\"96299d1\" data-element_type=\"column\" data-e-type=\"column\">\n\t\t\t<div class=\"elementor-widget-wrap elementor-element-populated\">\n\t\t\t\t\t\t<div class=\"elementor-element elementor-element-a1d0bcd elementor-widget elementor-widget-heading\" data-id=\"a1d0bcd\" data-element_type=\"widget\" data-e-type=\"widget\" data-widget_type=\"heading.default\">\n\t\t\t\t<div class=\"elementor-widget-container\">\n\t\t\t\t\t<h2 class=\"elementor-heading-title elementor-size-default\">Expositions - Archives<\/h2>\t\t\t\t<\/div>\n\t\t\t\t<\/div>\n\t\t\t\t\t<\/div>\n\t\t<\/div>\n\t\t\t\t\t<\/div>\n\t\t<\/section>\n\t\t\t\t<section class=\"elementor-section elementor-top-section elementor-element elementor-element-61d958a elementor-section-boxed elementor-section-height-default elementor-section-height-default\" data-id=\"61d958a\" data-element_type=\"section\" data-e-type=\"section\">\n\t\t\t\t\t\t<div class=\"elementor-container elementor-column-gap-default\">\n\t\t\t\t\t<div class=\"elementor-column elementor-col-100 elementor-top-column elementor-element elementor-element-908640a\" data-id=\"908640a\" data-element_type=\"column\" data-e-type=\"column\">\n\t\t\t<div class=\"elementor-widget-wrap elementor-element-populated\">\n\t\t\t\t\t\t<div class=\"elementor-element elementor-element-5f242f5 elementor-widget elementor-widget-heading\" data-id=\"5f242f5\" data-element_type=\"widget\" data-e-type=\"widget\" data-widget_type=\"heading.default\">\n\t\t\t\t<div class=\"elementor-widget-container\">\n\t\t\t\t\t<h1 class=\"elementor-heading-title elementor-size-default\">1999 - Antoine Van Dyck, sous un autre jour<\/h1>\t\t\t\t<\/div>\n\t\t\t\t<\/div>\n\t\t\t\t<div class=\"elementor-element elementor-element-05de437 elementor-widget elementor-widget-heading\" data-id=\"05de437\" data-element_type=\"widget\" data-e-type=\"widget\" data-widget_type=\"heading.default\">\n\t\t\t\t<div class=\"elementor-widget-container\">\n\t\t\t\t\t<h4 class=\"elementor-heading-title elementor-size-default\">17 mai \u2013 30 septembre 1999<\/h4>\t\t\t\t<\/div>\n\t\t\t\t<\/div>\n\t\t\t\t\t<\/div>\n\t\t<\/div>\n\t\t\t\t\t<\/div>\n\t\t<\/section>\n\t\t\t\t<section class=\"elementor-section elementor-top-section elementor-element elementor-element-c914c80 elementor-section-boxed elementor-section-height-default elementor-section-height-default\" data-id=\"c914c80\" data-element_type=\"section\" data-e-type=\"section\">\n\t\t\t\t\t\t<div class=\"elementor-container elementor-column-gap-default\">\n\t\t\t\t\t<div class=\"elementor-column elementor-col-66 elementor-top-column elementor-element elementor-element-ac18a47\" data-id=\"ac18a47\" data-element_type=\"column\" data-e-type=\"column\">\n\t\t\t<div class=\"elementor-widget-wrap elementor-element-populated\">\n\t\t\t\t\t\t<div class=\"elementor-element elementor-element-379e153 elementor-widget elementor-widget-text-editor\" data-id=\"379e153\" data-element_type=\"widget\" data-e-type=\"widget\" data-widget_type=\"text-editor.default\">\n\t\t\t\t<div class=\"elementor-widget-container\">\n\t\t\t\t\t\t\t\t\t<h3 style=\"text-align: center;\"><strong>\u00c0 propos de<br \/>\n<\/strong><strong>\u2018registres et tableaux, portraits et copies\u2019<br \/>\ndans les \u00e9glises et couvents d\u2019Anvers<\/strong><\/h3>\n<p style=\"text-align: justify;\">Lorsque l&rsquo;on \u00e9voque Antoine Van Dyck, on pense principalement \u00e0 ses brillantes r\u00e9alisations en tant que portraitiste \u00e0 la cour d&rsquo;Angleterre. Cependant, ses courts s\u00e9jours dans sa ville natale d&rsquo;Anvers ont toujours \u00e9t\u00e9 l&rsquo;occasion de commandes de portraits de nombreuses personnalit\u00e9s. Sa contribution globale en tant que peintre de sc\u00e8nes religieuses est elle aussi m\u00e9connue. Les relations de Van Dyck avec les diff\u00e9rentes \u00e9glises monumentales d&rsquo;Anvers sont plus importantes qu&rsquo;on ne le pense g\u00e9n\u00e9ralement.<\/p>\n<p style=\"text-align: justify;\">Dans le cadre du projet <strong>Van Dyck 1999<\/strong> de l&rsquo;association <strong>Antwerpen Open vzw<\/strong>, TOPA a organis\u00e9 une exposition qui s&rsquo;est tenue du 17 mai au 30 septembre 1999.<\/p>\n<p style=\"text-align: justify;\">L&rsquo;exposition a eu lieu dans les \u00e9glises concern\u00e9es, o\u00f9 tous les \u00e9l\u00e9ments ont \u00e9t\u00e9 illustr\u00e9s, soit par les \u0153uvres d&rsquo;art elles-m\u00eames, soit par des gravures du XVIIe si\u00e8cle ou des reproductions photographiques.<\/p>\n<p style=\"text-align: justify;\">Tout d&rsquo;abord, les archives des \u00e9glises contiennent des donn\u00e9es biographiques importantes sur le Ma\u00eetre : du bapt\u00eame aux dispositions testamentaires. N&rsquo;est-il pas n\u00e9 dans l&rsquo;ombre de la cath\u00e9drale ?<\/p>\n<p style=\"text-align: justify;\">Pour plusieurs de ces \u00e9glises, il a r\u00e9alis\u00e9 une ou plusieurs \u0153uvres religieuses, comme <em>le Portement de croix<\/em> de l&rsquo;\u00e9glise Saint-Paul, ou les tr\u00e8s c\u00e9l\u00e8bres <em>Sainte Rosalie<\/em> et <em>Bienheureux Herman Joseph<\/em> pour les congr\u00e9gations mariales des J\u00e9suites.<\/p>\n<p style=\"text-align: justify;\">En outre, plusieurs portraits de son iconographie repr\u00e9sentent des personnes \u00e9troitement li\u00e9es \u00e0 la vie sociale, culturelle, scientifique et spirituelle autour des \u00e9glises d&rsquo;Anvers : l&rsquo;\u00e9v\u00eaque Malderus, les chanoines Aubertus Miraeus, Antoine de Tassis et Zeger van Hontsum, l&rsquo;organiste Hendrik Liberti, les j\u00e9suites Carolus Scribani, Jean-Charles della Faille de Leverghem et Jean-Baptiste de Bisthoven. Ainsi, le ma\u00eetre a mis en \u00e9vidence (pour toujours) la dynamique particuli\u00e8re de la vie eccl\u00e9siastique anversoise \u00e0 cette \u00e9poque.<\/p>\n<p style=\"text-align: justify;\">En outre, l&rsquo;attention s&rsquo;est \u00e9galement port\u00e9e sur plusieurs copies par et d&rsquo;apr\u00e8s Van Dyck, tant en ce qui concerne les portraits pour \u00e9pitaphes que les pi\u00e8ces religieuses, notamment pour la d\u00e9votion mariale.<\/p>\n<h3 style=\"text-align: center;\">Antoine van Dyck<br \/>\nen les \u00e9glises monumentales d&rsquo;Anvers<\/h3>\n<p>La\u00a0<strong>cath\u00e9drale Notre-Dame<\/strong>\u00a0a jou\u00e9 un r\u00f4le important dans la vie d&rsquo;Antoine Van Dyck. Son p\u00e8re Frans \u00e9tait ma\u00eetre servant dans la Guilde du V\u00e9n\u00e9rable Sacrement et son mariage avec Maria Cuypers s&rsquo;y d\u00e9roula en f\u00e9vrier 1590. Leur fils Antoine y fut baptis\u00e9 le 23 mars 1599 (le registre des bapt\u00eames est conserv\u00e9 aux Archives de la Ville) et son ultime commande pour un tableau religieux \u00e9tait destin\u00e9e \u00e0 l&rsquo;autel de la Guilde des Jeunes Arbal\u00e9triers dans cette \u00e9glise. Vu son d\u00e9c\u00e8s pr\u00e9matur\u00e9, le tableau fut peint par Corneille Schut (Anvers, Mus\u00e9e des Beaux-Arts, inv. 327). Plusieurs personnages importants se firent immortaliser par le ma\u00eetre, notamment l&rsquo;\u00e9v\u00eaque Malderus, les chanoines Aubert Le Mire, Antoine de Tassis et Zeger van Hontsum, ainsi que l&rsquo;organiste Henri Liberti.<\/p>\n<p style=\"text-align: justify;\">Jusqu&rsquo;au 19e si\u00e8cle, l&rsquo;\u00e9glise\u00a0<strong>Saint-Andr\u00e9<\/strong>\u00a0a abrit\u00e9 l&rsquo;\u00e9pitaphe du peintre Jean de Wael et de son \u00e9pouse Gertrude de Jode. L&rsquo;artiste dont l&rsquo;identit\u00e9 reste \u00e0 ce jour inconnue s&rsquo;est inspir\u00e9 tr\u00e8s exactement du portait du couple peint par Van Dyck (Munich). Une des stations du Chemin de Croix datant du 19e si\u00e8cle serait inspir\u00e9e du\u00a0<em>Portement de Croix <\/em>de Van Dyck.<\/p>\n<p style=\"text-align: justify;\">Van Dyck connaissait tr\u00e8s bien les J\u00e9suites d&rsquo;Anvers. En 1621 Rubens peignit pour l&rsquo;actuelle \u00e9glise\u00a0<strong>Saint-Charles Borrom\u00e9e<\/strong>, les 39 tableaux des plafonds des bas-c\u00f4t\u00e9s, maintenant disparus. Il se fit aider par le jeune et prometteur Van Dyck. En 1628 Van Dyck se fit membre d&rsquo;une des Congr\u00e9gations Mariales des J\u00e9suites, et \u00e0 cette occasion il peignit pour cette sodalit\u00e9 une de ses \u0153uvres-ma\u00eetresses,\u00a0<em>Notre-Dame avec sainte Rosalie<\/em>. Suivi peu apr\u00e8s, pour la m\u00eame sodalit\u00e9, <em>le Bienheureux Herman-Joseph<\/em> (tous deux \u00e0 Vienne, Kunsthistorisches Museum). Plusieurs J\u00e9suites de ses amis \u00e9rudits se firent portraiter par lui: Carolus Scribani, Jean-Charles della Faille et Jean-Baptiste de Bisthoven.<\/p>\n<p style=\"text-align: justify;\">L&rsquo;\u00e9glise\u00a0<strong>Saint-Jacques<\/strong>, pourtant une des plus belles de la ville, et renomm\u00e9e parce que Rubens s&rsquo;y fit enterrer, ne passa aucune commande \u00e0 Van Dyck. Mais en 1660 sa fille Justine ainsi que son mari Sir John Stepney se firent rebaptiser et remarier selon le rite Catholique dans cette \u00e9glise.<\/p>\n<p style=\"text-align: justify;\">\u00c0 la suite de l&rsquo;occupation Fran\u00e7aise, seul\u00a0<em>Le portement de Croix<\/em>\u00a0peint pour les Dominicains est encore sur place, dans l&rsquo;\u00e9glise\u00a0<strong>Saint-Paul<\/strong>. C&rsquo;est pourquoi cette \u0153uvre-d&rsquo;art est la pi\u00e8ce-ma\u00eetresse de cette exposition. Le nombre d&rsquo;esquisses conserv\u00e9es pour ce tableau de jeunesse est tout-\u00e0-fait exceptionnel. Les dix esquisses seront repr\u00e9sent\u00e9es en photo, la derni\u00e8re, le modello d\u00e9finitif,\u00a0\u00e9tant conserv\u00e9e au Cabinet des Estampes d&rsquo;Anvers.<\/p>\n<p style=\"text-align: justify;\">Toutes les donn\u00e9es ont \u00e9t\u00e9 publi\u00e9e dans un beau catalogue \u00e9tabli avec le concours d&rsquo;historiens de l&rsquo;art et contenant des reproductions en couleurs.<\/p>\n\t\t\t\t\t\t\t\t<\/div>\n\t\t\t\t<\/div>\n\t\t\t\t\t<\/div>\n\t\t<\/div>\n\t\t\t\t<div class=\"elementor-column elementor-col-33 elementor-top-column elementor-element elementor-element-d611b76\" data-id=\"d611b76\" data-element_type=\"column\" data-e-type=\"column\">\n\t\t\t<div class=\"elementor-widget-wrap elementor-element-populated\">\n\t\t\t\t\t\t<div class=\"elementor-element elementor-element-ac3ab1a elementor-widget elementor-widget-image\" data-id=\"ac3ab1a\" data-element_type=\"widget\" data-e-type=\"widget\" data-widget_type=\"image.default\">\n\t\t\t\t<div class=\"elementor-widget-container\">\n\t\t\t\t\t\t\t\t\t\t\t\t\t\t\t\t<a href=\"http:\/\/topa.be\/wp-content\/uploads\/Tentoon-1999-Anthony-van-Dyck.jpg\" data-elementor-open-lightbox=\"yes\" data-elementor-lightbox-title=\"Tentoon 1999 Anthony van Dyck\" data-e-action-hash=\"#elementor-action%3Aaction%3Dlightbox%26settings%3DeyJpZCI6NTM4OTUsInVybCI6Imh0dHBzOlwvXC90b3BhLmJlXC93cC1jb250ZW50XC91cGxvYWRzXC9UZW50b29uLTE5OTktQW50aG9ueS12YW4tRHljay5qcGcifQ%3D%3D\">\n\t\t\t\t\t\t\t<img fetchpriority=\"high\" decoding=\"async\" width=\"525\" height=\"700\" src=\"https:\/\/topa.be\/wp-content\/uploads\/Tentoon-1999-Anthony-van-Dyck.jpg\" class=\"attachment-large size-large wp-image-53895\" alt=\"\" srcset=\"https:\/\/topa.be\/wp-content\/uploads\/Tentoon-1999-Anthony-van-Dyck.jpg 525w, https:\/\/topa.be\/wp-content\/uploads\/Tentoon-1999-Anthony-van-Dyck-225x300.jpg 225w, https:\/\/topa.be\/wp-content\/uploads\/Tentoon-1999-Anthony-van-Dyck-150x200.jpg 150w\" sizes=\"(max-width: 525px) 100vw, 525px\" \/>\t\t\t\t\t\t\t\t<\/a>\n\t\t\t\t\t\t\t\t\t\t\t\t\t\t\t<\/div>\n\t\t\t\t<\/div>\n\t\t\t\t\t<\/div>\n\t\t<\/div>\n\t\t\t\t\t<\/div>\n\t\t<\/section>\n\t\t\t\t<\/div>\n\t\t","protected":false},"excerpt":{"rendered":"<p>Expositions &#8211; Archives 1999 &#8211; Antoine Van Dyck, sous un autre jour 17 mai \u2013 30 septembre 1999 \u00c0 propos de \u2018registres et tableaux, portraits et copies\u2019 dans les \u00e9glises et couvents d\u2019Anvers Lorsque l&rsquo;on \u00e9voque Antoine Van Dyck, on pense principalement \u00e0 ses brillantes r\u00e9alisations en tant que portraitiste \u00e0 la cour d&rsquo;Angleterre. Cependant, [&hellip;]<\/p>\n","protected":false},"author":16,"featured_media":0,"parent":54294,"menu_order":1999,"comment_status":"closed","ping_status":"closed","template":"","meta":{"footnotes":""},"class_list":["post-53922","page","type-page","status-publish","hentry"],"aioseo_notices":[],"_links":{"self":[{"href":"https:\/\/topa.be\/fr\/wp-json\/wp\/v2\/pages\/53922","targetHints":{"allow":["GET"]}}],"collection":[{"href":"https:\/\/topa.be\/fr\/wp-json\/wp\/v2\/pages"}],"about":[{"href":"https:\/\/topa.be\/fr\/wp-json\/wp\/v2\/types\/page"}],"author":[{"embeddable":true,"href":"https:\/\/topa.be\/fr\/wp-json\/wp\/v2\/users\/16"}],"replies":[{"embeddable":true,"href":"https:\/\/topa.be\/fr\/wp-json\/wp\/v2\/comments?post=53922"}],"version-history":[{"count":2,"href":"https:\/\/topa.be\/fr\/wp-json\/wp\/v2\/pages\/53922\/revisions"}],"predecessor-version":[{"id":59618,"href":"https:\/\/topa.be\/fr\/wp-json\/wp\/v2\/pages\/53922\/revisions\/59618"}],"up":[{"embeddable":true,"href":"https:\/\/topa.be\/fr\/wp-json\/wp\/v2\/pages\/54294"}],"wp:attachment":[{"href":"https:\/\/topa.be\/fr\/wp-json\/wp\/v2\/media?parent=53922"}],"curies":[{"name":"wp","href":"https:\/\/api.w.org\/{rel}","templated":true}]}}