{"id":53236,"date":"2021-08-18T18:28:54","date_gmt":"2021-08-18T16:28:54","guid":{"rendered":"http:\/\/topa.be\/publications\/"},"modified":"2021-11-17T13:30:55","modified_gmt":"2021-11-17T12:30:55","slug":"publicaties-2","status":"publish","type":"page","link":"https:\/\/topa.be\/fr\/publicaties-2\/","title":{"rendered":"Publications"},"content":{"rendered":"\t\t<div data-elementor-type=\"wp-page\" data-elementor-id=\"53236\" class=\"elementor elementor-53236 elementor-34181\" data-elementor-post-type=\"page\">\n\t\t\t\t\t\t<section class=\"elementor-section elementor-top-section elementor-element elementor-element-1fe814f elementor-section-boxed elementor-section-height-default elementor-section-height-default\" data-id=\"1fe814f\" data-element_type=\"section\" data-e-type=\"section\">\n\t\t\t\t\t\t<div class=\"elementor-container elementor-column-gap-default\">\n\t\t\t\t\t<div class=\"elementor-column elementor-col-100 elementor-top-column elementor-element elementor-element-2b707d6\" data-id=\"2b707d6\" data-element_type=\"column\" data-e-type=\"column\">\n\t\t\t<div class=\"elementor-widget-wrap elementor-element-populated\">\n\t\t\t\t\t\t<div class=\"elementor-element elementor-element-02b92a6 elementor-widget elementor-widget-heading\" data-id=\"02b92a6\" data-element_type=\"widget\" data-e-type=\"widget\" data-widget_type=\"heading.default\">\n\t\t\t\t<div class=\"elementor-widget-container\">\n\t\t\t\t\t<h1 class=\"elementor-heading-title elementor-size-default\">Publications<\/h1>\t\t\t\t<\/div>\n\t\t\t\t<\/div>\n\t\t\t\t\t<\/div>\n\t\t<\/div>\n\t\t\t\t\t<\/div>\n\t\t<\/section>\n\t\t\t\t<section class=\"elementor-section elementor-top-section elementor-element elementor-element-a2c5051 elementor-section-boxed elementor-section-height-default elementor-section-height-default\" data-id=\"a2c5051\" data-element_type=\"section\" data-e-type=\"section\">\n\t\t\t\t\t\t<div class=\"elementor-container elementor-column-gap-default\">\n\t\t\t\t\t<div class=\"elementor-column elementor-col-66 elementor-top-column elementor-element elementor-element-7bd29bb\" data-id=\"7bd29bb\" data-element_type=\"column\" data-e-type=\"column\">\n\t\t\t<div class=\"elementor-widget-wrap elementor-element-populated\">\n\t\t\t\t\t\t<div class=\"elementor-element elementor-element-07bd8e4 elementor-widget elementor-widget-text-editor\" data-id=\"07bd8e4\" data-element_type=\"widget\" data-e-type=\"widget\" data-widget_type=\"text-editor.default\">\n\t\t\t\t<div class=\"elementor-widget-container\">\n\t\t\t\t\t\t\t\t\t<p style=\"text-align: justify;\">Au fil des ans, l\u2019asbl TOPA a publi\u00e9 des brochures, des catalogues, des syllabi et des livres.<br \/>\nAbb\u00e9 Rudi Mannaerts, cur\u00e9 de la paroisse Saint-Andr\u00e9, professeur de religion au coll\u00e8ge Saint-Li\u00e9vin et pr\u00e9sident de l\u2019asbl TOPA en est l\u2019auteur.<\/p>\n<p style=\"text-align: justify;\">Toutes les publications sont disponibles sur commande \u00e0 l\u2019adresse suivante :<br \/>\nToerismepastoraal Antwerpen vzw<br \/>\nHeilige Geeststraat 23, 2000 Antwerpen<br \/>\n<a href=\"mailto:info@topa.be\">info@topa.be<\/a><em>\u00a0<\/em><br \/>\n<em>Lors de la commande, le paiement s\u2019effectue \u00e0 l\u2019avance, apr\u00e8s r\u00e9ception de la facture.<br \/>\n<\/em><em>Tous les frais bancaires et de livraison sont \u00e0 la charge du client.<\/em><\/p>\n<h2 style=\"text-align: justify;\">Livres<\/h2>\n<p style=\"text-align: justify;\">Publi\u00e9s par l\u2019asbl Maria-Elisabeth Belpaire et l\u2019asbl Toerismepastoraal Antwerpen, avec le soutien de la fondation Willy Hendrickx. Richement illustr\u00e9s.<\/p>\n<p style=\"text-align: justify;\">Un livre, en n\u00e9erlandais, pour chacune des \u00e9glises d\u2019Anvers suivantes:<\/p>\n<ul style=\"text-align: justify;\">\n<li><em>L\u2019\u00e9glise Saint-Charles Borrom\u00e9e<\/em><\/li>\n<li><em>L\u2019\u00e9glise Saint-Andr\u00e9<\/em><\/li>\n<li><em>L\u2019\u00e9glise Saint-Paul<\/em><\/li>\n<li><em>La cath\u00e9drale Notre-Dame, \u00e9galement disponible en \u00e9dition anglaise.<\/em><\/li>\n<\/ul>\n<p style=\"text-align: justify;\"><em>Ces livres sont \u00e9galement en vente :<\/em><\/p>\n<ul style=\"text-align: justify;\">\n<li><em>Au comptoir de l\u2019\u00e9glise concern\u00e9e<\/em><\/li>\n<li><em>Dans la librairie de la cath\u00e9drale<\/em><\/li>\n<li><em>Dans la librairie de certains mus\u00e9es anversois<\/em><\/li>\n<li><em>Dans ces librairies anversoises : Standard Boekhandel, Erik Toonen<\/em><\/li>\n<\/ul>\n<h2 style=\"text-align: justify;\">Syllabi didactiques<\/h2>\n<p style=\"text-align: justify;\">Publies par l\u2019asbl Toerismepastoraal Antwerpen<\/p>\n<p style=\"text-align: justify;\">Un, en N\u00e9erlandais, pour chacune des cinq \u00e9glises touristiques, plus<\/p>\n<ul style=\"text-align: justify;\">\n<li>Mannaerts R., <em>Une clef pour la r\u00e9v\u00e9lation de la Cath\u00e9drale, <\/em>1996\/2004<\/li>\n<li>Mannaerts R., <em>La clef qui r\u00e9v\u00e8le l\u2019\u00e9glise Saint-Charles Borrom\u00e9e, l\u2019ancienne \u00e9glise Saint-Ignace des J\u00e9suites \u00e0 Anvers, <\/em><\/li>\n<\/ul>\n<p style=\"text-align: justify;\"><em>\u00a0<\/em><em>G\u00e9n\u00e9ralement aussi en vente au comptoir de l\u2019\u00e9glise d\u00e9crite.<\/em><\/p>\n<h2 style=\"text-align: justify;\">Guides \u00c9glises Monumentales<\/h2>\n<ul style=\"text-align: justify;\">\n<li>Guide convivial qui se concentre sur une quinzaine de points d\u2019int\u00e9r\u00eat par \u00e9glise touristique et les explique selon la vision de Toerismepastoraal.<\/li>\n<li>Il est publi\u00e9 par l\u2019asbl MKA, \u00e0 laquelle Rudi Mannaerts collabore en tant qu\u2019auteur au nom de TOPA. L\u2019\u00e9diteur Blond\u00e9 fournit une traduction en FR, DE et EN.<\/li>\n<li>Ces guides sont disponibles dans chacune des cinq \u00e9glises touristiques.<\/li>\n<\/ul>\n<h2 style=\"text-align: justify;\">Livrets vers <em>\u2018Chers voisins\u2019<\/em><\/h2>\n<p style=\"text-align: justify;\">Disponible \u00e0 la fois dans la langue du pays et en n\u00e9erlandais<\/p>\n<p style=\"text-align: justify;\">Disponible en fran\u00e7ais: <strong>France<\/strong><\/p>\n<p style=\"text-align: justify;\">Autres pays disponibles:<\/p>\n<table>\n<tbody>\n<tr>\n<td><strong>Nederland<\/strong><\/td>\n<td><strong>Danmark<\/strong><\/td>\n<td><strong>\u00d6sterreich<\/strong><\/td>\n<\/tr>\n<tr>\n<td><strong>Deutschland<\/strong><\/td>\n<td><strong>Ell\u00e1da<\/strong><\/td>\n<td><strong>Polska<\/strong><\/td>\n<\/tr>\n<tr>\n<td><strong>United Kingdom<\/strong><\/td>\n<td><strong>\u00c9ire<\/strong><\/td>\n<td><strong>Portugal<\/strong><\/td>\n<\/tr>\n<tr>\n<td><strong>Italia<\/strong><\/td>\n<td><strong>Nippon<\/strong><\/td>\n<td><strong>Rossija<\/strong><\/td>\n<\/tr>\n<tr>\n<td><strong>Espa\u00f1a<\/strong><\/td>\n<td><strong>L\u00ebtzebuerg<\/strong><\/td>\n<td><strong>United States of America<\/strong><\/td>\n<\/tr>\n<tr>\n<td><strong>China<\/strong><\/td>\n<td><strong>Norge<\/strong><\/td>\n<td><strong>Sverige<\/strong><\/td>\n<\/tr>\n<\/tbody>\n<\/table>\n<p style=\"text-align: justify;\">\u00c9galement en vente \u00e0 la librairie de la cath\u00e9drale et \u00e0 l\u2019\u00e9glise Saint-Andr\u00e9.<\/p>\n\t\t\t\t\t\t\t\t<\/div>\n\t\t\t\t<\/div>\n\t\t\t\t\t<\/div>\n\t\t<\/div>\n\t\t\t\t<div class=\"elementor-column elementor-col-33 elementor-top-column elementor-element elementor-element-e42a8e7\" data-id=\"e42a8e7\" data-element_type=\"column\" data-e-type=\"column\">\n\t\t\t<div class=\"elementor-widget-wrap elementor-element-populated\">\n\t\t\t\t\t\t<div class=\"elementor-element elementor-element-3690d15 elementor-widget elementor-widget-image\" data-id=\"3690d15\" data-element_type=\"widget\" data-e-type=\"widget\" data-widget_type=\"image.default\">\n\t\t\t\t<div class=\"elementor-widget-container\">\n\t\t\t\t\t\t\t\t\t\t\t\t\t\t\t<img fetchpriority=\"high\" decoding=\"async\" width=\"800\" height=\"800\" src=\"https:\/\/topa.be\/wp-content\/uploads\/3500-Publicaties-1024x1024.jpg\" class=\"attachment-large size-large wp-image-12904\" alt=\"\" srcset=\"https:\/\/topa.be\/wp-content\/uploads\/3500-Publicaties.jpg 1024w, https:\/\/topa.be\/wp-content\/uploads\/3500-Publicaties-300x300.jpg 300w, https:\/\/topa.be\/wp-content\/uploads\/3500-Publicaties-200x200.jpg 200w, https:\/\/topa.be\/wp-content\/uploads\/3500-Publicaties-768x768.jpg 768w\" sizes=\"(max-width: 800px) 100vw, 800px\" \/>\t\t\t\t\t\t\t\t\t\t\t\t\t\t\t<\/div>\n\t\t\t\t<\/div>\n\t\t\t\t\t<\/div>\n\t\t<\/div>\n\t\t\t\t\t<\/div>\n\t\t<\/section>\n\t\t\t\t<\/div>\n\t\t","protected":false},"excerpt":{"rendered":"<p>Publications Au fil des ans, l\u2019asbl TOPA a publi\u00e9 des brochures, des catalogues, des syllabi et des livres. Abb\u00e9 Rudi Mannaerts, cur\u00e9 de la paroisse Saint-Andr\u00e9, professeur de religion au coll\u00e8ge Saint-Li\u00e9vin et pr\u00e9sident de l\u2019asbl TOPA en est l\u2019auteur. Toutes les publications sont disponibles sur commande \u00e0 l\u2019adresse suivante : Toerismepastoraal Antwerpen vzw Heilige [&hellip;]<\/p>\n","protected":false},"author":16,"featured_media":0,"parent":0,"menu_order":500,"comment_status":"closed","ping_status":"closed","template":"","meta":{"footnotes":""},"class_list":["post-53236","page","type-page","status-publish","hentry"],"aioseo_notices":[],"_links":{"self":[{"href":"https:\/\/topa.be\/fr\/wp-json\/wp\/v2\/pages\/53236","targetHints":{"allow":["GET"]}}],"collection":[{"href":"https:\/\/topa.be\/fr\/wp-json\/wp\/v2\/pages"}],"about":[{"href":"https:\/\/topa.be\/fr\/wp-json\/wp\/v2\/types\/page"}],"author":[{"embeddable":true,"href":"https:\/\/topa.be\/fr\/wp-json\/wp\/v2\/users\/16"}],"replies":[{"embeddable":true,"href":"https:\/\/topa.be\/fr\/wp-json\/wp\/v2\/comments?post=53236"}],"version-history":[{"count":2,"href":"https:\/\/topa.be\/fr\/wp-json\/wp\/v2\/pages\/53236\/revisions"}],"predecessor-version":[{"id":57430,"href":"https:\/\/topa.be\/fr\/wp-json\/wp\/v2\/pages\/53236\/revisions\/57430"}],"wp:attachment":[{"href":"https:\/\/topa.be\/fr\/wp-json\/wp\/v2\/media?parent=53236"}],"curies":[{"name":"wp","href":"https:\/\/api.w.org\/{rel}","templated":true}]}}