{"id":47020,"date":"2021-07-24T17:48:59","date_gmt":"2021-07-24T15:48:59","guid":{"rendered":"http:\/\/topa.be\/nuit-des-eglises\/2017-orgues-et-musique\/"},"modified":"2023-09-12T15:17:25","modified_gmt":"2023-09-12T13:17:25","slug":"2017a","status":"publish","type":"page","link":"https:\/\/topa.be\/fr\/nacht-van-de-kerken\/2017a\/","title":{"rendered":"2017 &#8211; Orgues et Musique"},"content":{"rendered":"\t\t<div data-elementor-type=\"wp-page\" data-elementor-id=\"47020\" class=\"elementor elementor-47020 elementor-34693\" data-elementor-post-type=\"page\">\n\t\t\t\t\t\t<section class=\"elementor-section elementor-top-section elementor-element elementor-element-3ed30d8 elementor-section-boxed elementor-section-height-default elementor-section-height-default\" data-id=\"3ed30d8\" data-element_type=\"section\" data-e-type=\"section\">\n\t\t\t\t\t\t<div class=\"elementor-container elementor-column-gap-default\">\n\t\t\t\t\t<div class=\"elementor-column elementor-col-100 elementor-top-column elementor-element elementor-element-7b90d23\" data-id=\"7b90d23\" data-element_type=\"column\" data-e-type=\"column\">\n\t\t\t<div class=\"elementor-widget-wrap elementor-element-populated\">\n\t\t\t\t\t\t<div class=\"elementor-element elementor-element-d7b4a92 elementor-widget elementor-widget-heading\" data-id=\"d7b4a92\" data-element_type=\"widget\" data-e-type=\"widget\" data-widget_type=\"heading.default\">\n\t\t\t\t<div class=\"elementor-widget-container\">\n\t\t\t\t\t<h1 class=\"elementor-heading-title elementor-size-default\">Sixi\u00e8me NUIT DES EGLISES<\/h1>\t\t\t\t<\/div>\n\t\t\t\t<\/div>\n\t\t\t\t\t<\/div>\n\t\t<\/div>\n\t\t\t\t\t<\/div>\n\t\t<\/section>\n\t\t\t\t<section class=\"elementor-section elementor-top-section elementor-element elementor-element-5f2f39e elementor-section-boxed elementor-section-height-default elementor-section-height-default\" data-id=\"5f2f39e\" data-element_type=\"section\" data-e-type=\"section\">\n\t\t\t\t\t\t<div class=\"elementor-container elementor-column-gap-default\">\n\t\t\t\t\t<div class=\"elementor-column elementor-col-100 elementor-top-column elementor-element elementor-element-1ac9152\" data-id=\"1ac9152\" data-element_type=\"column\" data-e-type=\"column\">\n\t\t\t<div class=\"elementor-widget-wrap elementor-element-populated\">\n\t\t\t\t\t\t<div class=\"elementor-element elementor-element-5f21743 elementor-widget elementor-widget-heading\" data-id=\"5f21743\" data-element_type=\"widget\" data-e-type=\"widget\" data-widget_type=\"heading.default\">\n\t\t\t\t<div class=\"elementor-widget-container\">\n\t\t\t\t\t<h2 class=\"elementor-heading-title elementor-size-default\">Samedi 12 ao\u00fbt 2017<\/h2>\t\t\t\t<\/div>\n\t\t\t\t<\/div>\n\t\t\t\t\t<\/div>\n\t\t<\/div>\n\t\t\t\t\t<\/div>\n\t\t<\/section>\n\t\t\t\t<section class=\"elementor-section elementor-top-section elementor-element elementor-element-7871ea7 elementor-section-boxed elementor-section-height-default elementor-section-height-default\" data-id=\"7871ea7\" data-element_type=\"section\" data-e-type=\"section\">\n\t\t\t\t\t\t<div class=\"elementor-container elementor-column-gap-default\">\n\t\t\t\t\t<div class=\"elementor-column elementor-col-100 elementor-top-column elementor-element elementor-element-a5c8dd0\" data-id=\"a5c8dd0\" data-element_type=\"column\" data-e-type=\"column\">\n\t\t\t<div class=\"elementor-widget-wrap elementor-element-populated\">\n\t\t\t\t\t\t<div class=\"elementor-element elementor-element-09b7d9a elementor-widget elementor-widget-heading\" data-id=\"09b7d9a\" data-element_type=\"widget\" data-e-type=\"widget\" data-widget_type=\"heading.default\">\n\t\t\t\t<div class=\"elementor-widget-container\">\n\t\t\t\t\t<h2 class=\"elementor-heading-title elementor-size-default\">ORGUES ET MUSIQUE !<\/h2>\t\t\t\t<\/div>\n\t\t\t\t<\/div>\n\t\t\t\t\t<\/div>\n\t\t<\/div>\n\t\t\t\t\t<\/div>\n\t\t<\/section>\n\t\t\t\t<section class=\"elementor-section elementor-top-section elementor-element elementor-element-0ca21d4 elementor-section-boxed elementor-section-height-default elementor-section-height-default\" data-id=\"0ca21d4\" data-element_type=\"section\" data-e-type=\"section\">\n\t\t\t\t\t\t<div class=\"elementor-container elementor-column-gap-default\">\n\t\t\t\t\t<div class=\"elementor-column elementor-col-100 elementor-top-column elementor-element elementor-element-15f4922\" data-id=\"15f4922\" data-element_type=\"column\" data-e-type=\"column\">\n\t\t\t<div class=\"elementor-widget-wrap elementor-element-populated\">\n\t\t\t\t\t\t<div class=\"elementor-element elementor-element-dc88f98 elementor-widget elementor-widget-text-editor\" data-id=\"dc88f98\" data-element_type=\"widget\" data-e-type=\"widget\" data-widget_type=\"text-editor.default\">\n\t\t\t\t<div class=\"elementor-widget-container\">\n\t\t\t\t\t\t\t\t\t<h2 style=\"text-align: justify;\"><span style=\"color: #3366ff;\"><strong><u>Cette ann\u00e9e, tout tourne autour de la musique et de l&rsquo;orgue<\/u><\/strong><\/span><\/h2>\n<p style=\"text-align: justify;\">Au cours de la semaine des f\u00eates d\u2019Anvers aux alentours du 15 ao\u00fbt, les \u00e9glises d\u2019Anvers brillent une fois de plus dans le soleil couchant lors de l\u2019annuelle \u2018Nuit des \u00e9glises\u2019. Ce sera une soir\u00e9e festive. Ce soir la <strong>musique<\/strong> et la <strong>tradition musicale<\/strong> des \u00e9glises sera le th\u00e8me central. <strong>L\u2019orgue<\/strong>, \u2018roi des instruments\u2019 se fera entendre. Nombre d\u2019organistes et de musiciens y pr\u00eateront leur concours.<\/p>\n<p style=\"text-align: justify;\">Pas moins de\u00a0<strong>21 \u00e9glises<\/strong>\u00a0tant dans le\u00a0<strong>vieux centre d\u2019Anvers<\/strong>\u00a0que dans les districts de\u00a0<strong>Berchem, Deurne et Merksem<\/strong>\u00a0ouvrent leurs portes pour cette nocturne. En plusieurs endroits la\u00a0<strong>tradition musicale<\/strong>\u00a0des paroisses sera \u00e9voqu\u00e9e. Non seulement les soci\u00e9t\u00e9s musicales, les ch\u0153urs et les orchestres, mais aussi les chants eux-m\u00eames et les livres de chants seront \u00e0 l\u2019honneur. Avec une attention sp\u00e9ciale pour les\u00a0<strong>\u0153uvres d\u2019art<\/strong>, vitraux, sculptures ou tableaux ayant la musique pour th\u00e8me. Les compositions musicales en rapport avec ces objets sont parfois tr\u00e8s surprenantes.<\/p>\n<p style=\"text-align: justify;\">Mais dans une \u00e9glise l\u2019instrument musical par excellence est bien entendu\u00a0<strong>l\u2019orgue<\/strong>. Plus d\u2019une \u00e9glise s\u00e9culaire d\u2019Anvers h\u00e9berge un bel instrument\u00a0<strong>historique<\/strong>, alors que dans d\u2019autres r\u00e9sonnent des instruments\u00a0<strong>contemporains<\/strong>. Lors de cette nocturne la plupart de ces orgues se feront entendre. Les organistes donneront des explications, et dans certaines \u00e9glises on pourra voir l\u2019instrument de pr\u00e8s sur le jub\u00e9.<\/p>\n<p style=\"text-align: justify;\">La \u2018Nuit des \u00c9glises d\u2019Anvers\u2019 sera une occasion unique de d\u00e9couvrir la culture musicale religieuse d\u2019Anvers et de s\u2019approcher ainsi des orgues, de la musique et de ses interpr\u00e8tes.<\/p>\n<h3 style=\"text-align: justify;\"><strong><u>Le programme offert est tr\u00e8s diversifi\u00e9 :<\/u><\/strong><\/h3>\n<ul style=\"text-align: justify;\">\n<li><strong>cloches et carillons:\u00a0<\/strong>toutes les \u00e9glises entament la soir\u00e9e en faisant <strong>sonner leurs cloches<\/strong> \u00e0 19h00, imm\u00e9diatement suivi \u00e0 la cath\u00e9drale Notre-Dame par un <strong>concert de carillon;<\/strong><\/li>\n<li>des <strong>visites guid\u00e9es\u00a0<\/strong>sont pr\u00e9vues dans toutes les \u00e9glises par des guides locaux ou par les guides de TOPA;<\/li>\n<li><strong>concerts<\/strong>: presque partout des concerts d\u2019orgue auront lieu, auxquels participeront des organistes connus: Roberto Marini, Emmanuel Van Kerckhoven, Peter Van de Velde, Peter Strauven, Willem Ceuleers, Masako Honda, Anna An, Jan Noordzij, Annelies Focquaert, Steven Moens, Alfons De Meulder, Frans Moors, Joannes Thuy, Nicolas De Troyer, Ludo Van den Bos, Pater Kenny Brack, mais aussi \u2026 de jeunes talents, entre autre les \u00e9l\u00e8ves d\u2019Emmanuel Van Kerckhoven;<\/li>\n<li><strong>programmes musicaux\u00a0<\/strong>avec le Spinetti Consort (au B\u00e9guinage), le ch\u0153ur Saint Fran\u00e7ois (\u00e9glise Saint-Francois \u00e0 Merksem), la Schola Gregoriana Cantabo (\u00e9glise Saint-Laurent), ch\u0153urs Africains (\u00e9glise Saint-Walburge), Stefaan van den Putte sur un piano Steinway (id.), le clarinettiste Marc Van Hoorick (\u00e9glise Sainte-Anne-Trinitaire), le ch\u0153ur de la cath\u00e9drale dirig\u00e9 par Sebastiaan van Steenberge (Cath\u00e9drale);<\/li>\n<li><strong>un programme de chant\u00a0<\/strong>avec le \u2018collectif de chant co-cr\u00e9atif Dr. Song\u2019 avec Jan Bervoets;<\/li>\n<li><strong>un programme de musique vocale du \u2018gr\u00e9gorien au 19<sup>ieme <\/sup>si\u00e8cle\u2019\u00a0<\/strong>et des \u0153uvres inconnues des archives musicales (\u00e9glise Saint-Georges);<\/li>\n<li><strong>nouveaux projets d\u2019orgues:\u00a0<\/strong>un nouvel orgue contemporain pour l\u2019\u00e9glise Saint-Norbert (Orgelmakerij Reil, Heerde, N.) ou une reconstruction r\u00e9cente en l\u2019\u00e9glise Saint-Fran\u00e7ois au Ossenmarkt (orgue Kerckhof, 1910)<\/li>\n<li><strong>expositions<\/strong>: beaucoup d\u2019\u00e9glises exposent des \u0153uvres d\u2019art, livres de chant, drapeaux, ou autres objets religieux, principalement en rapport avec la musique;\u00a0<strong>information en continu <\/strong>sur la tradition musicale dans les \u00e9glises et sur les orgues;<\/li>\n<\/ul>\n<p style=\"text-align: justify;\"><strong>Les \u00e9glises participantes et leurs orgues historiques ou plus r\u00e9cents :<\/strong><\/p>\n<p style=\"text-align: justify;\">Le lien sur chaque orgue renvoie \u00e0 la fiche de cet orgue sur le site <a href=\"http:\/\/www.orgbase.nl\/\" target=\"_blank\" rel=\"noopener\">http:\/\/www.orgbase.nl\/<\/a><\/p>\n<p style=\"text-align: justify;\"><u>Orgue du 17<sup>i\u00e8me<\/sup>\u00a0si\u00e8cle<\/u><\/p>\n<ul style=\"text-align: justify;\">\n<li>L\u2019orgue <a href=\"http:\/\/www.orgbase.nl\/scripts\/ogb.exe?database=ob2&amp;%250=2000631&amp;LGE=FR&amp;LIJST=lang\"><strong>Nicolaes van Haeghen-Forceville<\/strong><\/a> de l\u2019\u00e9glise Saint-Paul (1658)<\/li>\n<\/ul>\n<p style=\"text-align: justify;\"><u>Orgues du 18<sup>i\u00e8me<\/sup>\u00a0si\u00e8cle<\/u><\/p>\n<ul style=\"text-align: justify;\">\n<li>L\u2019orgue <a href=\"http:\/\/www.orgbase.nl\/scripts\/ogb.exe?database=ob2&amp;%250=2007401&amp;LGE=FR&amp;LIJST=lang\"><strong>Dillens-Delhaye<\/strong><\/a> de l\u2019\u00e9glise Saint-Charles Borrom\u00e9e (1722)<\/li>\n<li>L\u2019orgue <a href=\"http:\/\/www.orgbase.nl\/scripts\/ogb.exe?database=ob2&amp;%250=2003909&amp;LGE=FR&amp;LIJST=lang\"><strong>Forceville<\/strong><\/a> de l\u2019\u00e9glise Saint-Jacques (1729)<\/li>\n<li>L\u2019orgue <a href=\"http:\/\/www.orgbase.nl\/scripts\/ogb.exe?database=ob2&amp;%250=2019881&amp;LGE=FR&amp;LIJST=lang\"><strong>Forceville<\/strong><\/a> de l\u2019\u00e9glise Saint-Willibrord (Berchem) (1725)<\/li>\n<li>L\u2019orgue <a href=\"http:\/\/www.orgbase.nl\/scripts\/ogb.exe?database=ob2&amp;%250=2005206&amp;LGE=FR&amp;LIJST=lang\"><strong>Van Peteghem<\/strong><\/a> de l\u2019\u00e9glise Saint-Andr\u00e9 (1791)<\/li>\n<\/ul>\n<p style=\"text-align: justify;\"><u>Orgues du 19<sup>i\u00e8me<\/sup>\u00a0si\u00e8cle<\/u><\/p>\n<ul style=\"text-align: justify;\">\n<li>L\u2019orgue <a href=\"http:\/\/www.orgbase.nl\/scripts\/ogb.exe?database=ob2&amp;%250=2015986&amp;LGE=FR&amp;LIJST=lang\"><strong>Loret-Stevens<\/strong><\/a> de l\u2019\u00e9glise Saint-Norbert (1846)<\/li>\n<li>L\u2019orgue <a href=\"http:\/\/www.orgbase.nl\/scripts\/ogb.exe?database=ob2&amp;%250=2049993&amp;LGE=FR&amp;LIJST=lang\"><strong>Willem Hendrik Mondt-Groenewoud<\/strong><\/a> de la Chapelle Sainte-Anne (1864)<\/li>\n<li>L\u2019orgue <a href=\"http:\/\/www.orgbase.nl\/scripts\/ogb.exe?database=ob2&amp;%250=2003911&amp;LGE=FR&amp;LIJST=lang\"><strong>Merklin-Sch\u00fctze<\/strong><\/a> de l\u2019\u00e9glise Saint-Georges (1867)<\/li>\n<li>L\u2019orgue <a href=\"http:\/\/www.orgbase.nl\/scripts\/ogb.exe?database=ob2&amp;%250=2003746&amp;LGE=FR&amp;LIJST=lang\"><strong>Petrus Stevens<\/strong><\/a> de l\u2019\u00e9glise Saint-Amand (1878)<\/li>\n<li>L\u2019orgue <a href=\"http:\/\/www.orgbase.nl\/scripts\/ogb.exe?database=ob2&amp;%250=2045226&amp;LGE=FR&amp;LIJST=lang\"><strong>Geurts<\/strong><\/a> de l\u2019\u00e9glise Saint-Catherine au B\u00e9guinage (1881)<\/li>\n<li>L\u2019orgue <a href=\"http:\/\/www.orgbase.nl\/scripts\/ogb.exe?database=ob2&amp;%250=2001690&amp;LGE=FR&amp;LIJST=lang\"><strong>Anneessens<\/strong><\/a> de l\u2019\u00e9glise Saint-Jacques (1884)<\/li>\n<li>L\u2019orgue <a href=\"http:\/\/www.orgbase.nl\/scripts\/ogb.exe?database=ob2&amp;%250=2000350&amp;LGE=FR&amp;LIJST=lang\"><strong>Schyven<\/strong><\/a> de la Cath\u00e9drale Notre-Dame (1891)<\/li>\n<\/ul>\n<p style=\"text-align: justify;\"><u>Orgues du 20<sup>i\u00e8me<\/sup>\u00a0si\u00e8cle<\/u><\/p>\n<ul style=\"text-align: justify;\">\n<li>L\u2019orgue <a href=\"http:\/\/www.orgbase.nl\/scripts\/ogb.exe?database=ob2&amp;%250=2003910&amp;LGE=FR&amp;LIJST=lang\"><strong>Walcker<\/strong><\/a> de l\u2019\u00e9glise Braban\u00e7onne du Mont des Oliviers (1905)<\/li>\n<li>L\u2019orgue <a href=\"http:\/\/www.orgbase.nl\/scripts\/ogb.exe?database=ob2&amp;%250=2055130&amp;LGE=FR&amp;LIJST=lang\"><strong>Kerckhof<\/strong><\/a> de l\u2019\u00e9glise Saint-Fran\u00e7ois des Capucins (1910)<\/li>\n<li>L\u2019orgue <a href=\"http:\/\/www.orgbase.nl\/scripts\/ogb.exe?database=ob2&amp;%250=2003912&amp;LGE=FR&amp;LIJST=lang\"><strong>Klais<\/strong><\/a> de l\u2019\u00e9glise du Christ Roi (1930)<\/li>\n<li>L\u2019orgue <a href=\"http:\/\/www.orgbase.nl\/scripts\/ogb.exe?database=ob2&amp;%250=2005204&amp;LGE=FR&amp;LIJST=lang\"><strong>Stevens<\/strong><\/a> de l\u2019\u00e9glise Saints-Michel-et-Pierre (1909)<\/li>\n<li>L\u2019orgue <a href=\"http:\/\/www.orgbase.nl\/scripts\/ogb.exe?database=ob2&amp;%250=2048331&amp;LGE=FR&amp;LIJST=lang\"><strong>Stevens<\/strong><\/a> de l\u2019\u00e9glise Saint-Fran\u00e7ois d\u2019Assise (Merksem) (1934)<\/li>\n<li>L\u2019orgue <a href=\"http:\/\/www.orgbase.nl\/scripts\/ogb.exe?database=ob2&amp;%250=2005205&amp;LGE=FR&amp;LIJST=lang\"><strong>Gerard D\u2019Hondt<\/strong><\/a> de l\u2019\u00e9glise Sainte-Walburge (1940)<\/li>\n<li>L\u2019orgue <a href=\"http:\/\/www.orgbase.nl\/scripts\/ogb.exe?database=ob2&amp;%250=2008460&amp;LGE=FR&amp;LIJST=lang\"><strong>Gerard D\u2019Hondt<\/strong><\/a> de l\u2019\u00e9glise Saint-Bartholom\u00e9 (Merksem) (1940)<\/li>\n<li>L\u2019orgue <a href=\"http:\/\/www.orgbase.nl\/scripts\/ogb.exe?database=ob2&amp;%250=2000739&amp;LGE=FR&amp;LIJST=lang\"><strong>Pels D\u2019Hondt<\/strong><\/a> de l\u2019\u00e9glise Saint-Laurent (1934)<\/li>\n<li>L\u2019orgue <a href=\"http:\/\/www.orgbase.nl\/scripts\/ogb.exe?database=ob2&amp;%250=2002868&amp;LGE=FR&amp;LIJST=lang\"><strong>Pels D\u2019Hondt<\/strong><\/a> de l\u2019\u00e9glise Saint-Romuald (Deurne) (1967)<\/li>\n<li>L\u2019orgue <a href=\"http:\/\/www.orgbase.nl\/scripts\/ogb.exe?database=ob2&amp;%250=2021537&amp;LGE=FR&amp;LIJST=lang\"><strong>Aerts&amp;Castrel<\/strong><\/a> de l\u2019\u00e9glise Sainte-Anne Trinitaire (Rive Gauche) (1970)<\/li>\n<li>L\u2019orgue <a href=\"http:\/\/www.orgbase.nl\/scripts\/ogb.exe?database=ob2&amp;%250=2005718&amp;LGE=FR&amp;LIJST=lang\"><strong>Bert de Vylder<\/strong><\/a> de l\u2019\u00e9glise Saint-Andr\u00e9 (1979)<\/li>\n<li>L\u2019orgue <a href=\"http:\/\/www.orgbase.nl\/scripts\/ogb.exe?database=ob2&amp;%250=2000619&amp;LGE=FR&amp;LIJST=lang\"><strong>Metzler<\/strong><\/a> de la Cath\u00e9drale Notre-Dame (1993)<\/li>\n<li>L\u2019orgue <a href=\"http:\/\/www.orgbase.nl\/scripts\/ogb.exe?database=ob2&amp;%250=2033446&amp;LGE=FR&amp;LIJST=lang\"><strong>Ghislain Potvlieghe-De Maeyer<\/strong><\/a> de l\u2019\u00e9glise Saint-Paul (1998)<\/li>\n<\/ul>\n\t\t\t\t\t\t\t\t<\/div>\n\t\t\t\t<\/div>\n\t\t\t\t\t<\/div>\n\t\t<\/div>\n\t\t\t\t\t<\/div>\n\t\t<\/section>\n\t\t\t\t<\/div>\n\t\t","protected":false},"excerpt":{"rendered":"<p>Sixi\u00e8me NUIT DES EGLISES Samedi 12 ao\u00fbt 2017 ORGUES ET MUSIQUE ! Cette ann\u00e9e, tout tourne autour de la musique et de l&rsquo;orgue Au cours de la semaine des f\u00eates d\u2019Anvers aux alentours du 15 ao\u00fbt, les \u00e9glises d\u2019Anvers brillent une fois de plus dans le soleil couchant lors de l\u2019annuelle \u2018Nuit des \u00e9glises\u2019. Ce [&hellip;]<\/p>\n","protected":false},"author":16,"featured_media":0,"parent":46957,"menu_order":2017,"comment_status":"closed","ping_status":"closed","template":"","meta":{"footnotes":""},"class_list":["post-47020","page","type-page","status-publish","hentry"],"aioseo_notices":[],"_links":{"self":[{"href":"https:\/\/topa.be\/fr\/wp-json\/wp\/v2\/pages\/47020","targetHints":{"allow":["GET"]}}],"collection":[{"href":"https:\/\/topa.be\/fr\/wp-json\/wp\/v2\/pages"}],"about":[{"href":"https:\/\/topa.be\/fr\/wp-json\/wp\/v2\/types\/page"}],"author":[{"embeddable":true,"href":"https:\/\/topa.be\/fr\/wp-json\/wp\/v2\/users\/16"}],"replies":[{"embeddable":true,"href":"https:\/\/topa.be\/fr\/wp-json\/wp\/v2\/comments?post=47020"}],"version-history":[{"count":3,"href":"https:\/\/topa.be\/fr\/wp-json\/wp\/v2\/pages\/47020\/revisions"}],"predecessor-version":[{"id":69772,"href":"https:\/\/topa.be\/fr\/wp-json\/wp\/v2\/pages\/47020\/revisions\/69772"}],"up":[{"embeddable":true,"href":"https:\/\/topa.be\/fr\/wp-json\/wp\/v2\/pages\/46957"}],"wp:attachment":[{"href":"https:\/\/topa.be\/fr\/wp-json\/wp\/v2\/media?parent=47020"}],"curies":[{"name":"wp","href":"https:\/\/api.w.org\/{rel}","templated":true}]}}