{"id":46993,"date":"2021-07-23T14:30:54","date_gmt":"2021-07-23T12:30:54","guid":{"rendered":"http:\/\/topa.be\/nuit-des-eglises\/2015-50-ans-de-restauration-et-de-renouveau\/"},"modified":"2021-09-26T19:42:09","modified_gmt":"2021-09-26T17:42:09","slug":"2015a","status":"publish","type":"page","link":"https:\/\/topa.be\/fr\/nacht-van-de-kerken\/2015a\/","title":{"rendered":"2015 &#8211; 50 ans de restauration et de renouveau."},"content":{"rendered":"\t\t<div data-elementor-type=\"wp-page\" data-elementor-id=\"46993\" class=\"elementor elementor-46993 elementor-34687\" data-elementor-post-type=\"page\">\n\t\t\t\t\t\t<section class=\"elementor-section elementor-top-section elementor-element elementor-element-411e8b0 elementor-section-boxed elementor-section-height-default elementor-section-height-default\" data-id=\"411e8b0\" data-element_type=\"section\" data-e-type=\"section\">\n\t\t\t\t\t\t<div class=\"elementor-container elementor-column-gap-default\">\n\t\t\t\t\t<div class=\"elementor-column elementor-col-100 elementor-top-column elementor-element elementor-element-dd6a038\" data-id=\"dd6a038\" data-element_type=\"column\" data-e-type=\"column\">\n\t\t\t<div class=\"elementor-widget-wrap elementor-element-populated\">\n\t\t\t\t\t\t<div class=\"elementor-element elementor-element-3120015 elementor-widget elementor-widget-heading\" data-id=\"3120015\" data-element_type=\"widget\" data-e-type=\"widget\" data-widget_type=\"heading.default\">\n\t\t\t\t<div class=\"elementor-widget-container\">\n\t\t\t\t\t<h1 class=\"elementor-heading-title elementor-size-default\">Quatri\u00e8me NUIT des \u00c9GLISES<\/h1>\t\t\t\t<\/div>\n\t\t\t\t<\/div>\n\t\t\t\t\t<\/div>\n\t\t<\/div>\n\t\t\t\t\t<\/div>\n\t\t<\/section>\n\t\t\t\t<section class=\"elementor-section elementor-top-section elementor-element elementor-element-a58cd29 elementor-section-boxed elementor-section-height-default elementor-section-height-default\" data-id=\"a58cd29\" data-element_type=\"section\" data-e-type=\"section\">\n\t\t\t\t\t\t<div class=\"elementor-container elementor-column-gap-default\">\n\t\t\t\t\t<div class=\"elementor-column elementor-col-100 elementor-top-column elementor-element elementor-element-7f1a8fd\" data-id=\"7f1a8fd\" data-element_type=\"column\" data-e-type=\"column\">\n\t\t\t<div class=\"elementor-widget-wrap elementor-element-populated\">\n\t\t\t\t\t\t<div class=\"elementor-element elementor-element-2bb195e elementor-widget elementor-widget-heading\" data-id=\"2bb195e\" data-element_type=\"widget\" data-e-type=\"widget\" data-widget_type=\"heading.default\">\n\t\t\t\t<div class=\"elementor-widget-container\">\n\t\t\t\t\t<h2 class=\"elementor-heading-title elementor-size-default\">Samedi, 8 ao\u00fbt 2015<\/h2>\t\t\t\t<\/div>\n\t\t\t\t<\/div>\n\t\t\t\t\t<\/div>\n\t\t<\/div>\n\t\t\t\t\t<\/div>\n\t\t<\/section>\n\t\t\t\t<section class=\"elementor-section elementor-top-section elementor-element elementor-element-bcc96bd elementor-section-boxed elementor-section-height-default elementor-section-height-default\" data-id=\"bcc96bd\" data-element_type=\"section\" data-e-type=\"section\">\n\t\t\t\t\t\t<div class=\"elementor-container elementor-column-gap-default\">\n\t\t\t\t\t<div class=\"elementor-column elementor-col-100 elementor-top-column elementor-element elementor-element-e29a0ee\" data-id=\"e29a0ee\" data-element_type=\"column\" data-e-type=\"column\">\n\t\t\t<div class=\"elementor-widget-wrap elementor-element-populated\">\n\t\t\t\t\t\t<div class=\"elementor-element elementor-element-55507a5 elementor-widget elementor-widget-heading\" data-id=\"55507a5\" data-element_type=\"widget\" data-e-type=\"widget\" data-widget_type=\"heading.default\">\n\t\t\t\t<div class=\"elementor-widget-container\">\n\t\t\t\t\t<h2 class=\"elementor-heading-title elementor-size-default\">50 ans de restauration et de renouveau.<\/h2>\t\t\t\t<\/div>\n\t\t\t\t<\/div>\n\t\t\t\t<div class=\"elementor-element elementor-element-9dfe218 elementor-widget elementor-widget-text-editor\" data-id=\"9dfe218\" data-element_type=\"widget\" data-e-type=\"widget\" data-widget_type=\"text-editor.default\">\n\t\t\t\t<div class=\"elementor-widget-container\">\n\t\t\t\t\t\t\t\t\t<h4 style=\"text-align: justify;\">17 \u00e9glises associ\u00e9es autour de 2 th\u00e8mes \u00e9troitement li\u00e9s :<\/h4>\n<ul>\n<li>\n<h4>50 ans de restauration de la cath\u00e9drale et de nombreuses \u00e9glises monumentales<\/h4>\n<\/li>\n<li>\n<h4>50 ans de renouveau de l&rsquo;\u00e9glise par le Concile Vatican II et son effet sur l&rsquo;organisation des \u00e9glises.<\/h4>\n<\/li>\n<\/ul>\n\t\t\t\t\t\t\t\t<\/div>\n\t\t\t\t<\/div>\n\t\t\t\t\t<\/div>\n\t\t<\/div>\n\t\t\t\t\t<\/div>\n\t\t<\/section>\n\t\t\t\t<section class=\"elementor-section elementor-top-section elementor-element elementor-element-0a02d58 elementor-section-boxed elementor-section-height-default elementor-section-height-default\" data-id=\"0a02d58\" data-element_type=\"section\" data-e-type=\"section\">\n\t\t\t\t\t\t<div class=\"elementor-container elementor-column-gap-default\">\n\t\t\t\t\t<div class=\"elementor-column elementor-col-100 elementor-top-column elementor-element elementor-element-389e84c\" data-id=\"389e84c\" data-element_type=\"column\" data-e-type=\"column\">\n\t\t\t<div class=\"elementor-widget-wrap elementor-element-populated\">\n\t\t\t\t\t\t<div class=\"elementor-element elementor-element-73ef348 elementor-widget elementor-widget-text-editor\" data-id=\"73ef348\" data-element_type=\"widget\" data-e-type=\"widget\" data-widget_type=\"text-editor.default\">\n\t\t\t\t<div class=\"elementor-widget-container\">\n\t\t\t\t\t\t\t\t\t<h4 style=\"text-align: justify;\">Restauration<\/h4>\n<p style=\"text-align: justify;\">Quiconque entre dans la cath\u00e9drale Notre-Dame en tant qu&rsquo;habitant d&rsquo;Anvers peut se sentir plus fier que jamais \u00e0 la vue de ce magnifique espace religieux qui brille comme jamais auparavant. C&rsquo;est gr\u00e2ce \u00e0 50 ans d&rsquo;efforts de la Province d&rsquo;Anvers pour restaurer habilement la plus grande \u00e9glise gothique des Pays-Bas. Le r\u00e9sultat peut \u00eatre vu et appr\u00e9ci\u00e9. Il est \u00e9tonnant de constater \u00e0 quel point la richesse des couleurs, notamment dans les chapelles du d\u00e9ambulatoire, a retrouv\u00e9 son \u00e9clat d&rsquo;origine du XIXe si\u00e8cle. Il semble aussi neuf qu&rsquo;il y a 120 ans.<\/p>\n<p style=\"text-align: justify;\">Les citoyens peuvent savoir quels efforts, \u00e9galement financiers, le gouvernement fait pour le plus grand monument de la ville d&rsquo;Anvers et en m\u00eame temps l&rsquo;attraction touristique la plus populaire.<\/p>\n<p style=\"text-align: justify;\">Moins en vue, mais tout aussi importantes, sont les activit\u00e9s de restauration men\u00e9es au cours des 50 derni\u00e8res ann\u00e9es dans au moins une douzaine d&rsquo;autres \u00e9glises paroissiales monumentales qui rel\u00e8vent de l&rsquo;autorit\u00e9 de la ville d&rsquo;Anvers. Les hauts et les bas de la construction de l&rsquo;\u00e9glise et les proverbiaux \u00ab\u00a0ravages du temps\u00a0\u00bb, les options disponibles et les choix effectu\u00e9s, le temps que cela prend, les surprises inattendues et les pr\u00e9occupations suppl\u00e9mentaires : vous entendrez plus que vous ne pourrez voir.<\/p>\n<p style=\"text-align: justify;\">C&rsquo;est pourquoi la 4e Nuit des \u00e9glises d&rsquo;Anvers est une occasion unique, avant tout pour les Anversois, de faire connaissance avec ces espaces religieux souvent grandioses, \u00ab\u00a0derri\u00e8re le coin\u00a0\u00bb. Nous parions que de nombreux Anversois, qu&rsquo;ils soient croyants, non croyants ou autres, seront agr\u00e9ablement surpris en voyant ces int\u00e9rieurs d&rsquo;\u00e9glise styl\u00e9s. L&rsquo;ambiance typique de la soir\u00e9e est un atout suppl\u00e9mentaire. En d\u00e9but de soir\u00e9e, la lumi\u00e8re du soleil joue \u00e0 merveille \u00e0 travers les fen\u00eatres en verre color\u00e9, illuminant l&rsquo;int\u00e9rieur grandiose de mani\u00e8re diff\u00e9rente \u00e0 chaque instant. Plus tard dans la soir\u00e9e, les bougies de d\u00e9votion allum\u00e9es produisent leur propre effet de lumi\u00e8re spirituelle. C&rsquo;est \u00e0 vous de choisir le bon moment.<\/p>\n<p style=\"text-align: justify;\"><strong>\u00a0<\/strong><\/p>\n<h4 style=\"text-align: justify;\">Renouveau<\/h4>\n<p style=\"text-align: justify;\">Les 50 derni\u00e8res ann\u00e9es dans les \u00e9glises catholiques ont \u00e9t\u00e9 marqu\u00e9es par le Concile Vatican II qui, sous l&rsquo;impulsion du Pape Jean XXIII, a entra\u00een\u00e9 un renouvellement des mentalit\u00e9s. L&rsquo;accent mis sur la communaut\u00e9 s&rsquo;exprime dans la liturgie et dans un nouvel am\u00e9nagement du b\u00e2timent de l&rsquo;\u00e9glise.<\/p>\n<p style=\"text-align: justify;\">En contraste avec la \u00ab\u00a0riche vie romaine\u00a0\u00bb du pass\u00e9, un nouveau style d&rsquo;aust\u00e9rit\u00e9 est introduit dans l&rsquo;espace liturgique, l&rsquo;int\u00e9rieur de l&rsquo;\u00e9glise et les v\u00eatements liturgiques.<\/p>\n<p style=\"text-align: justify;\">En bref, le double th\u00e8me fait allusion \u00e0 une contradiction entre la restauration de l&rsquo;\u00e9glise en tant que monument et le renouvellement de la communaut\u00e9 eccl\u00e9siale.<\/p>\n\t\t\t\t\t\t\t\t<\/div>\n\t\t\t\t<\/div>\n\t\t\t\t\t<\/div>\n\t\t<\/div>\n\t\t\t\t\t<\/div>\n\t\t<\/section>\n\t\t\t\t<section class=\"elementor-section elementor-top-section elementor-element elementor-element-fc45b87 elementor-section-boxed elementor-section-height-default elementor-section-height-default\" data-id=\"fc45b87\" data-element_type=\"section\" data-e-type=\"section\">\n\t\t\t\t\t\t<div class=\"elementor-container elementor-column-gap-default\">\n\t\t\t\t\t<div class=\"elementor-column elementor-col-100 elementor-top-column elementor-element elementor-element-db16d64\" data-id=\"db16d64\" data-element_type=\"column\" data-e-type=\"column\">\n\t\t\t<div class=\"elementor-widget-wrap elementor-element-populated\">\n\t\t\t\t\t\t<div class=\"elementor-element elementor-element-2f43361 elementor-widget elementor-widget-accordion\" data-id=\"2f43361\" data-element_type=\"widget\" data-e-type=\"widget\" data-widget_type=\"accordion.default\">\n\t\t\t\t<div class=\"elementor-widget-container\">\n\t\t\t\t\t\t\t<div class=\"elementor-accordion\">\n\t\t\t\t\t\t\t<div class=\"elementor-accordion-item\">\n\t\t\t\t\t<div id=\"elementor-tab-title-4951\" class=\"elementor-tab-title\" data-tab=\"1\" role=\"button\" aria-controls=\"elementor-tab-content-4951\" aria-expanded=\"false\">\n\t\t\t\t\t\t\t\t\t\t\t\t\t<span class=\"elementor-accordion-icon elementor-accordion-icon-left\" aria-hidden=\"true\">\n\t\t\t\t\t\t\t\t\t\t\t\t\t\t\t<span class=\"elementor-accordion-icon-closed\"><i class=\"fas fa-plus\"><\/i><\/span>\n\t\t\t\t\t\t\t\t<span class=\"elementor-accordion-icon-opened\"><i class=\"fas fa-minus\"><\/i><\/span>\n\t\t\t\t\t\t\t\t\t\t\t\t\t\t<\/span>\n\t\t\t\t\t\t\t\t\t\t\t\t<a class=\"elementor-accordion-title\" tabindex=\"0\">Cath\u00e9drale Notre-Dame<\/a>\n\t\t\t\t\t<\/div>\n\t\t\t\t\t<div id=\"elementor-tab-content-4951\" class=\"elementor-tab-content elementor-clearfix\" data-tab=\"1\" role=\"region\" aria-labelledby=\"elementor-tab-title-4951\"><p style=\"text-align: justify;\"><a href=\"http:\/\/topa.be\/wp-content\/uploads\/Nacht-2015-010A-OLV.jpg\"><img decoding=\"async\" class=\"size-medium wp-image-35843 alignright\" src=\"http:\/\/topa.be\/wp-content\/uploads\/\/Nacht-2015-010A-OLV-300x161.jpg\" alt=\"\" width=\"300\" height=\"161\" srcset=\"https:\/\/topa.be\/wp-content\/uploads\/Nacht-2015-010A-OLV-300x161.jpg 300w, https:\/\/topa.be\/wp-content\/uploads\/Nacht-2015-010A-OLV-200x107.jpg 200w, https:\/\/topa.be\/wp-content\/uploads\/Nacht-2015-010A-OLV-768x412.jpg 768w, https:\/\/topa.be\/wp-content\/uploads\/Nacht-2015-010A-OLV.jpg 777w\" sizes=\"(max-width: 300px) 100vw, 300px\" \/><\/a>La restauration de l&rsquo;\u00e9glise Notre-Dame a en fait commenc\u00e9 il y a plus de 200 ans, lorsque les d\u00e9bris ont \u00e9t\u00e9 d\u00e9blay\u00e9s apr\u00e8s la p\u00e9riode de la R\u00e9volution fran\u00e7aise et que les \u0153uvres d&rsquo;art, dont les triptyques de Rubens, ont \u00e9t\u00e9 accueillies de nouveau dans l&rsquo;\u00e9glise de mani\u00e8re festive.<\/p>\n<p style=\"text-align: justify;\">Lorsqu&rsquo;Anvers a \u00e9t\u00e9 \u00e9lev\u00e9 au rang de si\u00e8ge du dioc\u00e8se du m\u00eame nom en 1962, l&rsquo;\u00e9glise Notre-Dame, en tant que \u00ab\u00a0cath\u00e9drale\u00a0\u00bb, est pass\u00e9e sous la responsabilit\u00e9 de la province d&rsquo;Anvers. Gr\u00e2ce aux efforts de la Province, l&rsquo;\u00e9glise a \u00e9t\u00e9 restaur\u00e9e dans toute sa splendeur au cours des 50 derni\u00e8res ann\u00e9es, dont les 20 derni\u00e8res sous la direction experte de l&rsquo;architecte Rutger Steenmeyer. En l&rsquo;espace d&rsquo;un demi-si\u00e8cle, les visions et les techniques de restauration ont \u00e9galement \u00e9volu\u00e9. Pendant la Nuit des \u00e9glises, les guides se feront un plaisir d&rsquo;illustrer et de mettre en valeur les \u00e9tapes successives de la restauration.<\/p>\n<p style=\"text-align: justify;\"><a href=\"http:\/\/topa.be\/wp-content\/uploads\/Nacht-2015-010B-OLV.jpg\"><img fetchpriority=\"high\" decoding=\"async\" class=\"size-medium wp-image-35855 alignleft\" src=\"http:\/\/topa.be\/wp-content\/uploads\/\/Nacht-2015-010B-OLV-300x225.jpg\" alt=\"\" width=\"300\" height=\"225\" srcset=\"https:\/\/topa.be\/wp-content\/uploads\/Nacht-2015-010B-OLV-300x225.jpg 300w, https:\/\/topa.be\/wp-content\/uploads\/Nacht-2015-010B-OLV-200x150.jpg 200w, https:\/\/topa.be\/wp-content\/uploads\/Nacht-2015-010B-OLV.jpg 621w\" sizes=\"(max-width: 300px) 100vw, 300px\" \/><\/a>Une \u00e9glise cath\u00e9drale ne se d\u00e9finit pas par la grandeur du b\u00e2timent, mais depuis 1962, on y trouve \u00e0 nouveau un si\u00e8ge d&rsquo;\u00e9v\u00eaque ou cath\u00e8dre. Il porte d\u00e9sormais les armoiries de l&rsquo;\u00e9v\u00eaque Johan Bonny. Et comme dans toutes les autres \u00e9glises anversoises, le concile du Vatican qui s&rsquo;est achev\u00e9 il y a 50 ans a influenc\u00e9 la liturgie et la disposition de l&rsquo;\u00e9glise, avec l&rsquo;autel central sous la coupole. Ainsi, les fonts baptismaux sont enfin arriv\u00e9s \u00e0 leur destination, au milieu de la communaut\u00e9 (de l&rsquo;\u00e9glise), en face de la chaire. Vous entendrez \u00e9galement parler de la vision qui sous-tend ce projet lors de la \u00ab\u00a0Nuit\u00a0\u00bb du 8 ao\u00fbt.<\/p>\n<\/div>\n\t\t\t\t<\/div>\n\t\t\t\t\t\t\t<div class=\"elementor-accordion-item\">\n\t\t\t\t\t<div id=\"elementor-tab-title-4952\" class=\"elementor-tab-title\" data-tab=\"2\" role=\"button\" aria-controls=\"elementor-tab-content-4952\" aria-expanded=\"false\">\n\t\t\t\t\t\t\t\t\t\t\t\t\t<span class=\"elementor-accordion-icon elementor-accordion-icon-left\" aria-hidden=\"true\">\n\t\t\t\t\t\t\t\t\t\t\t\t\t\t\t<span class=\"elementor-accordion-icon-closed\"><i class=\"fas fa-plus\"><\/i><\/span>\n\t\t\t\t\t\t\t\t<span class=\"elementor-accordion-icon-opened\"><i class=\"fas fa-minus\"><\/i><\/span>\n\t\t\t\t\t\t\t\t\t\t\t\t\t\t<\/span>\n\t\t\t\t\t\t\t\t\t\t\t\t<a class=\"elementor-accordion-title\" tabindex=\"0\">Chapelle de Notre Dame de Refuge (Chapelle des Cordonniers)<\/a>\n\t\t\t\t\t<\/div>\n\t\t\t\t\t<div id=\"elementor-tab-content-4952\" class=\"elementor-tab-content elementor-clearfix\" data-tab=\"2\" role=\"region\" aria-labelledby=\"elementor-tab-title-4952\"><p style=\"text-align: justify;\"><a href=\"http:\/\/topa.be\/wp-content\/uploads\/Nacht-2015-020A-OLV-kapel.jpg\"><img decoding=\"async\" class=\"size-medium wp-image-35867 alignright\" src=\"http:\/\/topa.be\/wp-content\/uploads\/\/Nacht-2015-020A-OLV-kapel-199x300.jpg\" alt=\"\" width=\"199\" height=\"300\" srcset=\"https:\/\/topa.be\/wp-content\/uploads\/Nacht-2015-020A-OLV-kapel-199x300.jpg 199w, https:\/\/topa.be\/wp-content\/uploads\/Nacht-2015-020A-OLV-kapel-133x200.jpg 133w, https:\/\/topa.be\/wp-content\/uploads\/Nacht-2015-020A-OLV-kapel.jpg 571w\" sizes=\"(max-width: 199px) 100vw, 199px\" \/><\/a>Bienvenue dans cette oasis de paix et de pri\u00e8re au Schoenmarkt. En raison de son emplacement, les Anversois connaissent cette maison de pri\u00e8re sous le nom de \u00ab\u00a0la Chapelle des cordonniers\u00a0\u00bb. N\u00e9anmoins, cela n&rsquo;a rien \u00e0 voir avec ce commerce. Le nom (flamand) en diminutif fait r\u00e9f\u00e9rence \u00e0 la sympathie dont jouit ce lieu de pri\u00e8re aupr\u00e8s de nombreux Anversois.<\/p>\n<p style=\"text-align: justify;\"><a href=\"http:\/\/topa.be\/wp-content\/uploads\/Nacht-2015-020B-OLV-kapel.jpg\"><img loading=\"lazy\" decoding=\"async\" class=\"alignleft wp-image-35879 size-medium\" src=\"http:\/\/topa.be\/wp-content\/uploads\/\/Nacht-2015-020B-OLV-kapel-225x300.jpg\" alt=\"\" width=\"225\" height=\"300\" srcset=\"https:\/\/topa.be\/wp-content\/uploads\/Nacht-2015-020B-OLV-kapel-225x300.jpg 225w, https:\/\/topa.be\/wp-content\/uploads\/Nacht-2015-020B-OLV-kapel-150x200.jpg 150w, https:\/\/topa.be\/wp-content\/uploads\/Nacht-2015-020B-OLV-kapel.jpg 768w\" sizes=\"(max-width: 225px) 100vw, 225px\" \/><\/a><\/p>\n<p style=\"text-align: justify;\">La chapelle baigne dans une atmosph\u00e8re de d\u00e9votion populaire : des bougies sont continuellement offertes, l&rsquo;autel est couvert de fleurs, des murs entiers sont couverts d&rsquo;ex voto reconnaissants. Tout cela parce que la chapelle est d\u00e9di\u00e9e \u00e0 la m\u00e8re de J\u00e9sus, Marie. Officiellement, elle s&rsquo;appelle la chapelle de la Nativit\u00e9 ou Notre-Dame du Refuge. Un refuge pour tous, sans distinction de besoin, de rang, de statut ou d&rsquo;\u00e2ge (de la profession). Ce n&rsquo;est que parce que, jusque dans les ann\u00e9es 1970, de nombreuses prostitu\u00e9es du centre ville venaient y prier que le surnom de \u00ab\u00a0chapelle des putes\u00a0\u00bb a circul\u00e9. Dans l&rsquo;ancienne chapelle se trouve un autel mural classique, l'\u00a0\u00bbautel du peuple\u00a0\u00bb a \u00e9t\u00e9 install\u00e9 apr\u00e8s le Concile dans la grande salle de la chapelle adjacente. Au d\u00e9but des ann\u00e9es 1990, la chapelle a \u00e9t\u00e9 enti\u00e8rement restaur\u00e9e.<\/p>\n<\/div>\n\t\t\t\t<\/div>\n\t\t\t\t\t\t\t<div class=\"elementor-accordion-item\">\n\t\t\t\t\t<div id=\"elementor-tab-title-4953\" class=\"elementor-tab-title\" data-tab=\"3\" role=\"button\" aria-controls=\"elementor-tab-content-4953\" aria-expanded=\"false\">\n\t\t\t\t\t\t\t\t\t\t\t\t\t<span class=\"elementor-accordion-icon elementor-accordion-icon-left\" aria-hidden=\"true\">\n\t\t\t\t\t\t\t\t\t\t\t\t\t\t\t<span class=\"elementor-accordion-icon-closed\"><i class=\"fas fa-plus\"><\/i><\/span>\n\t\t\t\t\t\t\t\t<span class=\"elementor-accordion-icon-opened\"><i class=\"fas fa-minus\"><\/i><\/span>\n\t\t\t\t\t\t\t\t\t\t\t\t\t\t<\/span>\n\t\t\t\t\t\t\t\t\t\t\t\t<a class=\"elementor-accordion-title\" tabindex=\"0\">\u00c9glise Sainte-Anne-Trinitaire (rive gauche)<\/a>\n\t\t\t\t\t<\/div>\n\t\t\t\t\t<div id=\"elementor-tab-content-4953\" class=\"elementor-tab-content elementor-clearfix\" data-tab=\"3\" role=\"region\" aria-labelledby=\"elementor-tab-title-4953\"><p style=\"text-align: justify;\"><a href=\"http:\/\/topa.be\/wp-content\/uploads\/Nacht-2015-030A-SA3.jpg\"><img loading=\"lazy\" decoding=\"async\" class=\"size-medium wp-image-35891 alignright\" src=\"http:\/\/topa.be\/wp-content\/uploads\/\/Nacht-2015-030A-SA3-300x225.jpg\" alt=\"\" width=\"300\" height=\"225\" srcset=\"https:\/\/topa.be\/wp-content\/uploads\/Nacht-2015-030A-SA3-300x225.jpg 300w, https:\/\/topa.be\/wp-content\/uploads\/Nacht-2015-030A-SA3-200x150.jpg 200w, https:\/\/topa.be\/wp-content\/uploads\/Nacht-2015-030A-SA3.jpg 400w\" sizes=\"(max-width: 300px) 100vw, 300px\" \/><\/a>Cette \u00e9glise moderne en forme d&rsquo;amphith\u00e9\u00e2tre, consacr\u00e9e en 1970, a \u00e9t\u00e9 con\u00e7ue par l&rsquo;architecte Jos Ritzen, qui en a \u00e9labor\u00e9 le concept avec le cur\u00e9 Janssen. Ils ont \u00e9tudi\u00e9 les \u00e9glises du pays et de l&rsquo;\u00e9tranger. La Bruder Klauskirche de B\u00e2le-Birsfelden (architecte Herman Bauer) a fait la plus forte impression.<\/p>\n<p style=\"text-align: justify;\">L&rsquo;\u00e9glise m\u00e9rite une place \u00e0 part, notamment en raison des vitraux en b\u00e9ton de l&rsquo;artiste fran\u00e7ais Jacques Loire, qui offrent des effets de lumi\u00e8re color\u00e9s. Le tabernacle de verre (2012) \u00e9tait \u00e9galement son \u0153uvre.<\/p>\n<p style=\"text-align: justify;\">La conception des ann\u00e9es 1960 correspond presque enti\u00e8rement aux d\u00e9cisions du Concile Vatican II : une \u00e9glise modeste \u00e0 taille humaine qui parle au propre comme au figur\u00e9 le langage des fid\u00e8les. L&rsquo;autel est central et visible de partout. L&rsquo;\u00e9glise pr\u00e9sente \u00e9galement un plan libre, qui n&rsquo;a plus la forme classique d&rsquo;une croix. Il s&rsquo;inscrit joliment dans le quartier et, bien qu&rsquo;il soit plac\u00e9 sur un terrain l\u00e9g\u00e8rement sur\u00e9lev\u00e9, il ne domine pas les environs. Le point de rep\u00e8re visuel est le clocher, un beffroi ouvert.<\/p>\n<p style=\"text-align: justify;\"><a href=\"http:\/\/topa.be\/wp-content\/uploads\/Nacht-2015-030B-SA3.jpg\"><img loading=\"lazy\" decoding=\"async\" class=\"size-medium wp-image-35903 alignleft\" src=\"http:\/\/topa.be\/wp-content\/uploads\/\/Nacht-2015-030B-SA3-300x225.jpg\" alt=\"\" width=\"300\" height=\"225\" srcset=\"https:\/\/topa.be\/wp-content\/uploads\/Nacht-2015-030B-SA3-300x225.jpg 300w, https:\/\/topa.be\/wp-content\/uploads\/Nacht-2015-030B-SA3-200x150.jpg 200w, https:\/\/topa.be\/wp-content\/uploads\/Nacht-2015-030B-SA3.jpg 653w\" sizes=\"(max-width: 300px) 100vw, 300px\" \/><\/a>Pendant la Nuit des \u00e9glises, nous dirons au visiteur ce qui est nouveau et diff\u00e9rent des autres \u00e9glises, et aussi ce qui n&rsquo;existe pas, comme une chaire. Nous esquisserons le climat de l&rsquo;\u00e9poque et les d\u00e9cisions du Concile du Vatican qui ont directement influenc\u00e9 la conception de l&rsquo;\u00e9glise. La visite guid\u00e9e se concentre sur le plan libre, les vitraux et l&rsquo;organisation des fonctions auxiliaires telles que la sacristie, une chambre \u00e0 fleurs et une chambre de ma\u00eetre d&rsquo;\u00e9glise dans une arcade derri\u00e8re l&rsquo;autel. Nous vous indiquons les possibilit\u00e9s musicales de l&rsquo;orgue Aerts et Castelor de 1974, nous visitons la chapelle de semaine et les caves et nous vous indiquons les \u00e9l\u00e9ments de l&rsquo;espace int\u00e9rieur qui, comme un th\u00e9\u00e2tre, est con\u00e7u comme une unit\u00e9 absolue.<\/p>\n<\/div>\n\t\t\t\t<\/div>\n\t\t\t\t\t\t\t<div class=\"elementor-accordion-item\">\n\t\t\t\t\t<div id=\"elementor-tab-title-4954\" class=\"elementor-tab-title\" data-tab=\"4\" role=\"button\" aria-controls=\"elementor-tab-content-4954\" aria-expanded=\"false\">\n\t\t\t\t\t\t\t\t\t\t\t\t\t<span class=\"elementor-accordion-icon elementor-accordion-icon-left\" aria-hidden=\"true\">\n\t\t\t\t\t\t\t\t\t\t\t\t\t\t\t<span class=\"elementor-accordion-icon-closed\"><i class=\"fas fa-plus\"><\/i><\/span>\n\t\t\t\t\t\t\t\t<span class=\"elementor-accordion-icon-opened\"><i class=\"fas fa-minus\"><\/i><\/span>\n\t\t\t\t\t\t\t\t\t\t\t\t\t\t<\/span>\n\t\t\t\t\t\t\t\t\t\t\t\t<a class=\"elementor-accordion-title\" tabindex=\"0\">Chapelle Sainte-Anne (Chapelle de l'Empereur)<\/a>\n\t\t\t\t\t<\/div>\n\t\t\t\t\t<div id=\"elementor-tab-content-4954\" class=\"elementor-tab-content elementor-clearfix\" data-tab=\"4\" role=\"region\" aria-labelledby=\"elementor-tab-title-4954\"><p style=\"text-align: justify;\"><a href=\"http:\/\/topa.be\/wp-content\/uploads\/Nacht-2015-040A-Anna-kapel.jpg\"><img loading=\"lazy\" decoding=\"async\" class=\"size-medium wp-image-35915\" src=\"http:\/\/topa.be\/wp-content\/uploads\/\/Nacht-2015-040A-Anna-kapel-300x225.jpg\" alt=\"\" width=\"300\" height=\"225\" srcset=\"https:\/\/topa.be\/wp-content\/uploads\/Nacht-2015-040A-Anna-kapel-300x225.jpg 300w, https:\/\/topa.be\/wp-content\/uploads\/Nacht-2015-040A-Anna-kapel-200x150.jpg 200w, https:\/\/topa.be\/wp-content\/uploads\/Nacht-2015-040A-Anna-kapel.jpg 597w\" sizes=\"(max-width: 300px) 100vw, 300px\" \/>L&rsquo;une des petites chapelles historiques d&rsquo;Anvers est la chapelle artisanale des tondeurs de drap, construite en 1512 dans la Keizerstraat, d&rsquo;o\u00f9 son nom populaire de \u00ab\u00a0Keizerskapel\u00a0\u00bb (Chapelle de l&rsquo;Empereur). Au XVIIe si\u00e8cle, la chapelle a connu un v\u00e9ritable essor lorsque, pour des raisons de s\u00e9curit\u00e9, la paroisse de St. Willibrordus, entre autres, y a trouv\u00e9 une r\u00e9sidence temporaire.<\/a><\/p><\/div><\/div><\/div><\/div><\/div><\/div><\/div><\/div><\/section><\/div> <a href=\"https:\/\/topa.be\/fr\/nacht-van-de-kerken\/2015a\/#more-46993\" class=\"more-link elementor-more-link\"><span aria-label=\"Poursuivre la lecture 2015 &#8211; 50 ans de restauration et de renouveau.\">(plus\u2026)<\/span><\/a>","protected":false},"excerpt":{"rendered":"<p>Quatri\u00e8me NUIT des \u00c9GLISES Samedi, 8 ao\u00fbt 2015 50 ans de restauration et de renouveau. 17 \u00e9glises associ\u00e9es autour de 2 th\u00e8mes \u00e9troitement li\u00e9s : 50 ans de restauration de la cath\u00e9drale et de nombreuses \u00e9glises monumentales 50 ans de renouveau de l&rsquo;\u00e9glise par le Concile Vatican II et son effet sur l&rsquo;organisation des \u00e9glises. [&hellip;]<\/p>\n","protected":false},"author":16,"featured_media":0,"parent":46957,"menu_order":2015,"comment_status":"closed","ping_status":"closed","template":"","meta":{"footnotes":""},"class_list":["post-46993","page","type-page","status-publish","hentry"],"aioseo_notices":[],"_links":{"self":[{"href":"https:\/\/topa.be\/fr\/wp-json\/wp\/v2\/pages\/46993","targetHints":{"allow":["GET"]}}],"collection":[{"href":"https:\/\/topa.be\/fr\/wp-json\/wp\/v2\/pages"}],"about":[{"href":"https:\/\/topa.be\/fr\/wp-json\/wp\/v2\/types\/page"}],"author":[{"embeddable":true,"href":"https:\/\/topa.be\/fr\/wp-json\/wp\/v2\/users\/16"}],"replies":[{"embeddable":true,"href":"https:\/\/topa.be\/fr\/wp-json\/wp\/v2\/comments?post=46993"}],"version-history":[{"count":2,"href":"https:\/\/topa.be\/fr\/wp-json\/wp\/v2\/pages\/46993\/revisions"}],"predecessor-version":[{"id":57423,"href":"https:\/\/topa.be\/fr\/wp-json\/wp\/v2\/pages\/46993\/revisions\/57423"}],"up":[{"embeddable":true,"href":"https:\/\/topa.be\/fr\/wp-json\/wp\/v2\/pages\/46957"}],"wp:attachment":[{"href":"https:\/\/topa.be\/fr\/wp-json\/wp\/v2\/media?parent=46993"}],"curies":[{"name":"wp","href":"https:\/\/api.w.org\/{rel}","templated":true}]}}