{"id":46974,"date":"2021-07-21T19:32:49","date_gmt":"2021-07-21T17:32:49","guid":{"rendered":"http:\/\/topa.be\/nuit-des-eglises\/2012-vivre-une-eglise-differemment\/"},"modified":"2021-09-26T19:40:31","modified_gmt":"2021-09-26T17:40:31","slug":"2012a","status":"publish","type":"page","link":"https:\/\/topa.be\/fr\/nacht-van-de-kerken\/2012a\/","title":{"rendered":"2012 \u2013 Vivre une \u00e9glise diff\u00e9remment"},"content":{"rendered":"\t\t<div data-elementor-type=\"wp-page\" data-elementor-id=\"46974\" class=\"elementor elementor-46974 elementor-34681\" data-elementor-post-type=\"page\">\n\t\t\t\t\t\t<section class=\"elementor-section elementor-top-section elementor-element elementor-element-82c05de elementor-section-boxed elementor-section-height-default elementor-section-height-default\" data-id=\"82c05de\" data-element_type=\"section\" data-e-type=\"section\">\n\t\t\t\t\t\t<div class=\"elementor-container elementor-column-gap-default\">\n\t\t\t\t\t<div class=\"elementor-column elementor-col-100 elementor-top-column elementor-element elementor-element-0646a90\" data-id=\"0646a90\" data-element_type=\"column\" data-e-type=\"column\">\n\t\t\t<div class=\"elementor-widget-wrap elementor-element-populated\">\n\t\t\t\t\t\t<div class=\"elementor-element elementor-element-28105b5 elementor-widget elementor-widget-heading\" data-id=\"28105b5\" data-element_type=\"widget\" data-e-type=\"widget\" data-widget_type=\"heading.default\">\n\t\t\t\t<div class=\"elementor-widget-container\">\n\t\t\t\t\t<h1 class=\"elementor-heading-title elementor-size-default\">Premi\u00e8re NUIT des \u00c9GLISES<\/h1>\t\t\t\t<\/div>\n\t\t\t\t<\/div>\n\t\t\t\t\t<\/div>\n\t\t<\/div>\n\t\t\t\t\t<\/div>\n\t\t<\/section>\n\t\t\t\t<section class=\"elementor-section elementor-top-section elementor-element elementor-element-258c781 elementor-section-boxed elementor-section-height-default elementor-section-height-default\" data-id=\"258c781\" data-element_type=\"section\" data-e-type=\"section\">\n\t\t\t\t\t\t<div class=\"elementor-container elementor-column-gap-default\">\n\t\t\t\t\t<div class=\"elementor-column elementor-col-100 elementor-top-column elementor-element elementor-element-3ceff86\" data-id=\"3ceff86\" data-element_type=\"column\" data-e-type=\"column\">\n\t\t\t<div class=\"elementor-widget-wrap elementor-element-populated\">\n\t\t\t\t\t\t<div class=\"elementor-element elementor-element-cd9b41a elementor-widget elementor-widget-heading\" data-id=\"cd9b41a\" data-element_type=\"widget\" data-e-type=\"widget\" data-widget_type=\"heading.default\">\n\t\t\t\t<div class=\"elementor-widget-container\">\n\t\t\t\t\t<h1 class=\"elementor-heading-title elementor-size-default\">Samedi 13 octobre 2012<\/h1>\t\t\t\t<\/div>\n\t\t\t\t<\/div>\n\t\t\t\t\t<\/div>\n\t\t<\/div>\n\t\t\t\t\t<\/div>\n\t\t<\/section>\n\t\t\t\t<section class=\"elementor-section elementor-top-section elementor-element elementor-element-b26db81 elementor-section-boxed elementor-section-height-default elementor-section-height-default\" data-id=\"b26db81\" data-element_type=\"section\" data-e-type=\"section\">\n\t\t\t\t\t\t<div class=\"elementor-container elementor-column-gap-default\">\n\t\t\t\t\t<div class=\"elementor-column elementor-col-100 elementor-top-column elementor-element elementor-element-d248f99\" data-id=\"d248f99\" data-element_type=\"column\" data-e-type=\"column\">\n\t\t\t<div class=\"elementor-widget-wrap elementor-element-populated\">\n\t\t\t\t\t\t<div class=\"elementor-element elementor-element-b85755b elementor-widget elementor-widget-text-editor\" data-id=\"b85755b\" data-element_type=\"widget\" data-e-type=\"widget\" data-widget_type=\"text-editor.default\">\n\t\t\t\t<div class=\"elementor-widget-container\">\n\t\t\t\t\t\t\t\t\t<h3 style=\"text-align: center;\">Vivre une \u00e9glise diff\u00e9remment&#8230;<\/h3>\n<h3 style=\"text-align: center;\">\u00e0 la cl\u00f4ture des festivit\u00e9s des \u00ab\u00a0(4)50 ans du dioc\u00e8se d&rsquo;Anvers\u00a0\u00bb.<\/h3>\n\t\t\t\t\t\t\t\t<\/div>\n\t\t\t\t<\/div>\n\t\t\t\t\t<\/div>\n\t\t<\/div>\n\t\t\t\t\t<\/div>\n\t\t<\/section>\n\t\t\t\t<section class=\"elementor-section elementor-top-section elementor-element elementor-element-2f39288 elementor-section-boxed elementor-section-height-default elementor-section-height-default\" data-id=\"2f39288\" data-element_type=\"section\" data-e-type=\"section\">\n\t\t\t\t\t\t<div class=\"elementor-container elementor-column-gap-default\">\n\t\t\t\t\t<div class=\"elementor-column elementor-col-25 elementor-top-column elementor-element elementor-element-5b33a79\" data-id=\"5b33a79\" data-element_type=\"column\" data-e-type=\"column\">\n\t\t\t<div class=\"elementor-widget-wrap elementor-element-populated\">\n\t\t\t\t\t\t<div class=\"elementor-element elementor-element-8df3279 elementor-widget elementor-widget-text-editor\" data-id=\"8df3279\" data-element_type=\"widget\" data-e-type=\"widget\" data-widget_type=\"text-editor.default\">\n\t\t\t\t<div class=\"elementor-widget-container\">\n\t\t\t\t\t\t\t\t\t<p style=\"text-align: center;\"><span style=\"color: #ff0000;\"><strong>Eglise Saint-Andr\u00e9<\/strong><\/span><\/p>\n<p><a href=\"http:\/\/topa.be\/wp-content\/uploads\/Nacht-2012-SAK1.jpg\"><img fetchpriority=\"high\" decoding=\"async\" class=\"aligncenter size-medium wp-image-35464\" src=\"http:\/\/topa.be\/wp-content\/uploads\/\/Nacht-2012-SAK1-300x225.jpg\" alt=\"\" width=\"300\" height=\"225\" srcset=\"https:\/\/topa.be\/wp-content\/uploads\/Nacht-2012-SAK1-300x225.jpg 300w, https:\/\/topa.be\/wp-content\/uploads\/Nacht-2012-SAK1-200x150.jpg 200w, https:\/\/topa.be\/wp-content\/uploads\/Nacht-2012-SAK1.jpg 314w\" sizes=\"(max-width: 300px) 100vw, 300px\" \/><\/a><\/p>\n<p style=\"text-align: justify;\">Cette \u00e9glise gothique du 16\u00e8me si\u00e8cle avec son int\u00e9rieur baroque met l&rsquo;accent sur<\/p>\n<p style=\"text-align: justify;\"><strong>l&rsquo;art contemporain dans une \u00e9glise historique<\/strong><\/p>\n<p><a href=\"http:\/\/topa.be\/wp-content\/uploads\/Nacht-2012-SAK2.jpg\"><img decoding=\"async\" class=\"aligncenter size-medium wp-image-35476\" src=\"http:\/\/topa.be\/wp-content\/uploads\/\/Nacht-2012-SAK2-300x225.jpg\" alt=\"\" width=\"300\" height=\"225\" srcset=\"https:\/\/topa.be\/wp-content\/uploads\/Nacht-2012-SAK2-300x225.jpg 300w, https:\/\/topa.be\/wp-content\/uploads\/Nacht-2012-SAK2-200x150.jpg 200w, https:\/\/topa.be\/wp-content\/uploads\/Nacht-2012-SAK2.jpg 324w\" sizes=\"(max-width: 300px) 100vw, 300px\" \/><\/a><\/p>\n<p><a href=\"http:\/\/topa.be\/wp-content\/uploads\/Nacht-2012-SAK3.jpg\"><img decoding=\"async\" class=\"aligncenter size-medium wp-image-35488\" src=\"http:\/\/topa.be\/wp-content\/uploads\/\/Nacht-2012-SAK3-300x225.jpg\" alt=\"\" width=\"300\" height=\"225\" srcset=\"https:\/\/topa.be\/wp-content\/uploads\/Nacht-2012-SAK3-300x225.jpg 300w, https:\/\/topa.be\/wp-content\/uploads\/Nacht-2012-SAK3-200x150.jpg 200w, https:\/\/topa.be\/wp-content\/uploads\/Nacht-2012-SAK3.jpg 324w\" sizes=\"(max-width: 300px) 100vw, 300px\" \/><\/a><\/p>\n\t\t\t\t\t\t\t\t<\/div>\n\t\t\t\t<\/div>\n\t\t\t\t\t<\/div>\n\t\t<\/div>\n\t\t\t\t<div class=\"elementor-column elementor-col-25 elementor-top-column elementor-element elementor-element-ed5e613\" data-id=\"ed5e613\" data-element_type=\"column\" data-e-type=\"column\">\n\t\t\t<div class=\"elementor-widget-wrap elementor-element-populated\">\n\t\t\t\t\t\t<div class=\"elementor-element elementor-element-8a9d675 elementor-widget elementor-widget-text-editor\" data-id=\"8a9d675\" data-element_type=\"widget\" data-e-type=\"widget\" data-widget_type=\"text-editor.default\">\n\t\t\t\t<div class=\"elementor-widget-container\">\n\t\t\t\t\t\t\t\t\t<p style=\"text-align: center;\"><span style=\"color: #ff0000;\"><strong>\u00c9glise Saint-Georges<\/strong>\u00a0<\/span><\/p>\n<p><a href=\"http:\/\/topa.be\/wp-content\/uploads\/Nacht-2012-SJK1.jpg\"><img loading=\"lazy\" decoding=\"async\" class=\"aligncenter size-medium wp-image-35500\" src=\"http:\/\/topa.be\/wp-content\/uploads\/\/Nacht-2012-SJK1-300x228.jpg\" alt=\"\" width=\"300\" height=\"228\" srcset=\"https:\/\/topa.be\/wp-content\/uploads\/Nacht-2012-SJK1-300x228.jpg 300w, https:\/\/topa.be\/wp-content\/uploads\/Nacht-2012-SJK1-200x152.jpg 200w, https:\/\/topa.be\/wp-content\/uploads\/Nacht-2012-SJK1.jpg 309w\" sizes=\"(max-width: 300px) 100vw, 300px\" \/><\/a><\/p>\n<p style=\"text-align: justify;\">Cette \u00e9glise n\u00e9o-gothique du 19\u00e8me si\u00e8cle donne \u00e9galement un aper\u00e7u sur<\/p>\n<p style=\"text-align: justify;\"><strong>projets sociaux pass\u00e9s et pr\u00e9sents<\/strong><\/p>\n<p><a href=\"http:\/\/topa.be\/wp-content\/uploads\/Nacht-2012-SJK2.jpg\"><img loading=\"lazy\" decoding=\"async\" class=\"aligncenter size-medium wp-image-35512\" src=\"http:\/\/topa.be\/wp-content\/uploads\/\/Nacht-2012-SJK2-300x224.jpg\" alt=\"\" width=\"300\" height=\"224\" srcset=\"https:\/\/topa.be\/wp-content\/uploads\/Nacht-2012-SJK2-300x224.jpg 300w, https:\/\/topa.be\/wp-content\/uploads\/Nacht-2012-SJK2-200x149.jpg 200w, https:\/\/topa.be\/wp-content\/uploads\/Nacht-2012-SJK2.jpg 312w\" sizes=\"(max-width: 300px) 100vw, 300px\" \/><\/a><\/p>\n<p><a href=\"http:\/\/topa.be\/wp-content\/uploads\/Nacht-2012-SJK3.jpg\"><img loading=\"lazy\" decoding=\"async\" class=\"aligncenter size-full wp-image-35527\" src=\"http:\/\/topa.be\/wp-content\/uploads\/Nacht-2012-SJK3.jpg\" alt=\"\" width=\"282\" height=\"223\" srcset=\"https:\/\/topa.be\/wp-content\/uploads\/Nacht-2012-SJK3.jpg 282w, https:\/\/topa.be\/wp-content\/uploads\/Nacht-2012-SJK3-200x158.jpg 200w\" sizes=\"(max-width: 282px) 100vw, 282px\" \/><\/a><\/p>\n\t\t\t\t\t\t\t\t<\/div>\n\t\t\t\t<\/div>\n\t\t\t\t\t<\/div>\n\t\t<\/div>\n\t\t\t\t<div class=\"elementor-column elementor-col-25 elementor-top-column elementor-element elementor-element-117dbd4\" data-id=\"117dbd4\" data-element_type=\"column\" data-e-type=\"column\">\n\t\t\t<div class=\"elementor-widget-wrap elementor-element-populated\">\n\t\t\t\t\t\t<div class=\"elementor-element elementor-element-36429d0 elementor-widget elementor-widget-text-editor\" data-id=\"36429d0\" data-element_type=\"widget\" data-e-type=\"widget\" data-widget_type=\"text-editor.default\">\n\t\t\t\t<div class=\"elementor-widget-container\">\n\t\t\t\t\t\t\t\t\t<p style=\"text-align: center;\"><strong><span style=\"color: #ff0000;\">\u00c9glise Saint-Michel\u00a0<\/span> <\/strong><\/p>\n<p><strong> <a href=\"http:\/\/topa.be\/wp-content\/uploads\/Nacht-2012-SMK1.jpg\"><img loading=\"lazy\" decoding=\"async\" class=\"aligncenter size-full wp-image-35539\" src=\"http:\/\/topa.be\/wp-content\/uploads\/Nacht-2012-SMK1.jpg\" alt=\"\" width=\"301\" height=\"236\" srcset=\"https:\/\/topa.be\/wp-content\/uploads\/Nacht-2012-SMK1.jpg 301w, https:\/\/topa.be\/wp-content\/uploads\/Nacht-2012-SMK1-200x157.jpg 200w\" sizes=\"(max-width: 301px) 100vw, 301px\" \/><\/a><\/strong><\/p>\n<p style=\"text-align: justify;\">Cette \u00e9glise n\u00e9o-romane du 19\u00e8me si\u00e8cle c\u00e9l\u00e8bre avec de<\/p>\n<p>l&rsquo;orgue dans un espace \u00ab\u00a0apocalyptique<\/p>\n<p><a href=\"http:\/\/topa.be\/wp-content\/uploads\/Nacht-2012-SMK2.jpg\"><img loading=\"lazy\" decoding=\"async\" class=\"aligncenter size-medium wp-image-35548\" src=\"http:\/\/topa.be\/wp-content\/uploads\/\/Nacht-2012-SMK2-300x224.jpg\" alt=\"\" width=\"300\" height=\"224\" srcset=\"https:\/\/topa.be\/wp-content\/uploads\/Nacht-2012-SMK2-300x224.jpg 300w, https:\/\/topa.be\/wp-content\/uploads\/Nacht-2012-SMK2-200x149.jpg 200w, https:\/\/topa.be\/wp-content\/uploads\/Nacht-2012-SMK2.jpg 316w\" sizes=\"(max-width: 300px) 100vw, 300px\" \/><\/a><\/p>\n<p><a href=\"http:\/\/topa.be\/wp-content\/uploads\/Nacht-2012-SMK3.jpg\"><img loading=\"lazy\" decoding=\"async\" class=\"aligncenter size-medium wp-image-35560\" src=\"http:\/\/topa.be\/wp-content\/uploads\/\/Nacht-2012-SMK3-300x224.jpg\" alt=\"\" width=\"300\" height=\"224\" srcset=\"https:\/\/topa.be\/wp-content\/uploads\/Nacht-2012-SMK3-300x224.jpg 300w, https:\/\/topa.be\/wp-content\/uploads\/Nacht-2012-SMK3-200x149.jpg 200w, https:\/\/topa.be\/wp-content\/uploads\/Nacht-2012-SMK3.jpg 303w\" sizes=\"(max-width: 300px) 100vw, 300px\" \/><\/a><\/p>\n\t\t\t\t\t\t\t\t<\/div>\n\t\t\t\t<\/div>\n\t\t\t\t\t<\/div>\n\t\t<\/div>\n\t\t\t\t<div class=\"elementor-column elementor-col-25 elementor-top-column elementor-element elementor-element-51853b5\" data-id=\"51853b5\" data-element_type=\"column\" data-e-type=\"column\">\n\t\t\t<div class=\"elementor-widget-wrap elementor-element-populated\">\n\t\t\t\t\t\t<div class=\"elementor-element elementor-element-a10edfe elementor-widget elementor-widget-text-editor\" data-id=\"a10edfe\" data-element_type=\"widget\" data-e-type=\"widget\" data-widget_type=\"text-editor.default\">\n\t\t\t\t<div class=\"elementor-widget-container\">\n\t\t\t\t\t\t\t\t\t<p style=\"text-align: center;\"><span style=\"color: #ff0000;\"><strong>\u00c9glise Saint-Walburge<\/strong>\u00a0<\/span><\/p>\n<p><a href=\"http:\/\/topa.be\/wp-content\/uploads\/Nacht-2012-SWK1.jpg\"><img loading=\"lazy\" decoding=\"async\" class=\"aligncenter size-medium wp-image-35572\" src=\"http:\/\/topa.be\/wp-content\/uploads\/\/Nacht-2012-SWK1-300x199.jpg\" alt=\"\" width=\"300\" height=\"199\" srcset=\"https:\/\/topa.be\/wp-content\/uploads\/Nacht-2012-SWK1-300x199.jpg 300w, https:\/\/topa.be\/wp-content\/uploads\/Nacht-2012-SWK1-200x133.jpg 200w, https:\/\/topa.be\/wp-content\/uploads\/Nacht-2012-SWK1.jpg 343w\" sizes=\"(max-width: 300px) 100vw, 300px\" \/><\/a><\/p>\n<p style=\"text-align: justify;\">Cette \u00e9glise Art D\u00e9co du 20\u00e8me si\u00e8cle raconte l&rsquo;histoire du<\/p>\n<p style=\"text-align: justify;\"><strong>pass\u00e9 et pr\u00e9sent de l&rsquo;assistance aux seniors<\/strong><\/p>\n<p><a href=\"http:\/\/topa.be\/wp-content\/uploads\/Nacht-2012-SWK2.jpg\"><img loading=\"lazy\" decoding=\"async\" class=\"aligncenter size-medium wp-image-35584\" src=\"http:\/\/topa.be\/wp-content\/uploads\/\/Nacht-2012-SWK2-300x201.jpg\" alt=\"\" width=\"300\" height=\"201\" srcset=\"https:\/\/topa.be\/wp-content\/uploads\/Nacht-2012-SWK2-300x201.jpg 300w, https:\/\/topa.be\/wp-content\/uploads\/Nacht-2012-SWK2-200x134.jpg 200w, https:\/\/topa.be\/wp-content\/uploads\/Nacht-2012-SWK2.jpg 317w\" sizes=\"(max-width: 300px) 100vw, 300px\" \/><\/a><\/p>\n<p><a href=\"http:\/\/topa.be\/wp-content\/uploads\/Nacht-2012-SWK3.jpg\"><img loading=\"lazy\" decoding=\"async\" class=\"aligncenter size-medium wp-image-35596\" src=\"http:\/\/topa.be\/wp-content\/uploads\/\/Nacht-2012-SWK3-300x189.jpg\" alt=\"\" width=\"300\" height=\"189\" srcset=\"https:\/\/topa.be\/wp-content\/uploads\/Nacht-2012-SWK3-300x189.jpg 300w, https:\/\/topa.be\/wp-content\/uploads\/Nacht-2012-SWK3-200x126.jpg 200w, https:\/\/topa.be\/wp-content\/uploads\/Nacht-2012-SWK3.jpg 375w\" sizes=\"(max-width: 300px) 100vw, 300px\" \/><\/a><\/p>\n\t\t\t\t\t\t\t\t<\/div>\n\t\t\t\t<\/div>\n\t\t\t\t\t<\/div>\n\t\t<\/div>\n\t\t\t\t\t<\/div>\n\t\t<\/section>\n\t\t\t\t<\/div>\n\t\t","protected":false},"excerpt":{"rendered":"<p>Premi\u00e8re NUIT des \u00c9GLISES Samedi 13 octobre 2012 Vivre une \u00e9glise diff\u00e9remment&#8230; \u00e0 la cl\u00f4ture des festivit\u00e9s des \u00ab\u00a0(4)50 ans du dioc\u00e8se d&rsquo;Anvers\u00a0\u00bb. Eglise Saint-Andr\u00e9 Cette \u00e9glise gothique du 16\u00e8me si\u00e8cle avec son int\u00e9rieur baroque met l&rsquo;accent sur l&rsquo;art contemporain dans une \u00e9glise historique \u00c9glise Saint-Georges Cette \u00e9glise n\u00e9o-gothique du 19\u00e8me si\u00e8cle donne \u00e9galement un [&hellip;]<\/p>\n","protected":false},"author":16,"featured_media":0,"parent":46957,"menu_order":2012,"comment_status":"closed","ping_status":"closed","template":"","meta":{"footnotes":""},"class_list":["post-46974","page","type-page","status-publish","hentry"],"aioseo_notices":[],"_links":{"self":[{"href":"https:\/\/topa.be\/fr\/wp-json\/wp\/v2\/pages\/46974","targetHints":{"allow":["GET"]}}],"collection":[{"href":"https:\/\/topa.be\/fr\/wp-json\/wp\/v2\/pages"}],"about":[{"href":"https:\/\/topa.be\/fr\/wp-json\/wp\/v2\/types\/page"}],"author":[{"embeddable":true,"href":"https:\/\/topa.be\/fr\/wp-json\/wp\/v2\/users\/16"}],"replies":[{"embeddable":true,"href":"https:\/\/topa.be\/fr\/wp-json\/wp\/v2\/comments?post=46974"}],"version-history":[{"count":2,"href":"https:\/\/topa.be\/fr\/wp-json\/wp\/v2\/pages\/46974\/revisions"}],"predecessor-version":[{"id":57419,"href":"https:\/\/topa.be\/fr\/wp-json\/wp\/v2\/pages\/46974\/revisions\/57419"}],"up":[{"embeddable":true,"href":"https:\/\/topa.be\/fr\/wp-json\/wp\/v2\/pages\/46957"}],"wp:attachment":[{"href":"https:\/\/topa.be\/fr\/wp-json\/wp\/v2\/media?parent=46974"}],"curies":[{"name":"wp","href":"https:\/\/api.w.org\/{rel}","templated":true}]}}