{"id":46957,"date":"2021-07-21T17:47:18","date_gmt":"2021-07-21T15:47:18","guid":{"rendered":"http:\/\/topa.be\/nuit-des-eglises\/"},"modified":"2021-10-15T18:03:55","modified_gmt":"2021-10-15T16:03:55","slug":"nacht-van-de-kerken","status":"publish","type":"page","link":"https:\/\/topa.be\/fr\/nacht-van-de-kerken\/","title":{"rendered":"NUIT des \u00c9GLISES"},"content":{"rendered":"\t\t<div data-elementor-type=\"wp-page\" data-elementor-id=\"46957\" class=\"elementor elementor-46957 elementor-11787\" data-elementor-post-type=\"page\">\n\t\t\t\t\t\t<section class=\"elementor-section elementor-top-section elementor-element elementor-element-e0eb6ec elementor-section-boxed elementor-section-height-default elementor-section-height-default\" data-id=\"e0eb6ec\" data-element_type=\"section\" data-e-type=\"section\">\n\t\t\t\t\t\t<div class=\"elementor-container elementor-column-gap-default\">\n\t\t\t\t\t<div class=\"elementor-column elementor-col-100 elementor-top-column elementor-element elementor-element-1462d30\" data-id=\"1462d30\" data-element_type=\"column\" data-e-type=\"column\">\n\t\t\t<div class=\"elementor-widget-wrap elementor-element-populated\">\n\t\t\t\t\t\t<div class=\"elementor-element elementor-element-222b2fa elementor-widget elementor-widget-heading\" data-id=\"222b2fa\" data-element_type=\"widget\" data-e-type=\"widget\" data-widget_type=\"heading.default\">\n\t\t\t\t<div class=\"elementor-widget-container\">\n\t\t\t\t\t<h1 class=\"elementor-heading-title elementor-size-default\">NUIT DES \u00c9GLISES<\/h1>\t\t\t\t<\/div>\n\t\t\t\t<\/div>\n\t\t\t\t\t<\/div>\n\t\t<\/div>\n\t\t\t\t\t<\/div>\n\t\t<\/section>\n\t\t\t\t<section class=\"elementor-section elementor-top-section elementor-element elementor-element-410310f elementor-section-boxed elementor-section-height-default elementor-section-height-default\" data-id=\"410310f\" data-element_type=\"section\" data-e-type=\"section\">\n\t\t\t\t\t\t<div class=\"elementor-container elementor-column-gap-default\">\n\t\t\t\t\t<div class=\"elementor-column elementor-col-100 elementor-top-column elementor-element elementor-element-940d04e\" data-id=\"940d04e\" data-element_type=\"column\" data-e-type=\"column\">\n\t\t\t<div class=\"elementor-widget-wrap elementor-element-populated\">\n\t\t\t\t\t\t<div class=\"elementor-element elementor-element-9289d28 elementor-widget elementor-widget-image\" data-id=\"9289d28\" data-element_type=\"widget\" data-e-type=\"widget\" data-widget_type=\"image.default\">\n\t\t\t\t<div class=\"elementor-widget-container\">\n\t\t\t\t\t\t\t\t\t\t\t\t\t\t\t\t<a href=\"http:\/\/topa.be\/wp-content\/uploads\/Panorama-Rochus.jpg\" data-elementor-open-lightbox=\"yes\" data-elementor-lightbox-title=\"Panorama-Rochus\" data-e-action-hash=\"#elementor-action%3Aaction%3Dlightbox%26settings%3DeyJpZCI6Mjc3MDAsInVybCI6Imh0dHBzOlwvXC90b3BhLmJlXC93cC1jb250ZW50XC91cGxvYWRzXC9QYW5vcmFtYS1Sb2NodXMuanBnIn0%3D\">\n\t\t\t\t\t\t\t<img fetchpriority=\"high\" decoding=\"async\" width=\"2045\" height=\"301\" src=\"https:\/\/topa.be\/wp-content\/uploads\/Panorama-Rochus.jpg\" class=\"attachment-full size-full wp-image-27700\" alt=\"\" srcset=\"https:\/\/topa.be\/wp-content\/uploads\/Panorama-Rochus.jpg 2045w, https:\/\/topa.be\/wp-content\/uploads\/Panorama-Rochus-300x44.jpg 300w, https:\/\/topa.be\/wp-content\/uploads\/Panorama-Rochus-1024x151.jpg 1024w, https:\/\/topa.be\/wp-content\/uploads\/Panorama-Rochus-200x29.jpg 200w, https:\/\/topa.be\/wp-content\/uploads\/Panorama-Rochus-768x113.jpg 768w, https:\/\/topa.be\/wp-content\/uploads\/Panorama-Rochus-1536x226.jpg 1536w\" sizes=\"(max-width: 2045px) 100vw, 2045px\" \/>\t\t\t\t\t\t\t\t<\/a>\n\t\t\t\t\t\t\t\t\t\t\t\t\t\t\t<\/div>\n\t\t\t\t<\/div>\n\t\t\t\t\t<\/div>\n\t\t<\/div>\n\t\t\t\t\t<\/div>\n\t\t<\/section>\n\t\t\t\t<section class=\"elementor-section elementor-top-section elementor-element elementor-element-df24fdd elementor-section-boxed elementor-section-height-default elementor-section-height-default\" data-id=\"df24fdd\" data-element_type=\"section\" data-e-type=\"section\">\n\t\t\t\t\t\t<div class=\"elementor-container elementor-column-gap-default\">\n\t\t\t\t\t<div class=\"elementor-column elementor-col-100 elementor-top-column elementor-element elementor-element-8c2a72e\" data-id=\"8c2a72e\" data-element_type=\"column\" data-e-type=\"column\">\n\t\t\t<div class=\"elementor-widget-wrap elementor-element-populated\">\n\t\t\t\t\t\t<div class=\"elementor-element elementor-element-9528c98 elementor-widget elementor-widget-text-editor\" data-id=\"9528c98\" data-element_type=\"widget\" data-e-type=\"widget\" data-widget_type=\"text-editor.default\">\n\t\t\t\t<div class=\"elementor-widget-container\">\n\t\t\t\t\t\t\t\t\t<h2 style=\"text-align: center;\"><span style=\"color: #3366ff;\">Une fois l\u2019an, les \u00e9glises d&rsquo;Anvers<\/span><br \/>\n<span style=\"color: #3366ff;\">ouvrent leurs portes pour une nocturne.<\/span><\/h2>\n\t\t\t\t\t\t\t\t<\/div>\n\t\t\t\t<\/div>\n\t\t\t\t\t<\/div>\n\t\t<\/div>\n\t\t\t\t\t<\/div>\n\t\t<\/section>\n\t\t\t\t<section class=\"elementor-section elementor-top-section elementor-element elementor-element-99a11e2 elementor-section-boxed elementor-section-height-default elementor-section-height-default\" data-id=\"99a11e2\" data-element_type=\"section\" data-e-type=\"section\">\n\t\t\t\t\t\t<div class=\"elementor-container elementor-column-gap-default\">\n\t\t\t\t\t<div class=\"elementor-column elementor-col-100 elementor-top-column elementor-element elementor-element-7c001ef\" data-id=\"7c001ef\" data-element_type=\"column\" data-e-type=\"column\">\n\t\t\t<div class=\"elementor-widget-wrap elementor-element-populated\">\n\t\t\t\t\t\t<div class=\"elementor-element elementor-element-8ae018d elementor-widget elementor-widget-text-editor\" data-id=\"8ae018d\" data-element_type=\"widget\" data-e-type=\"widget\" data-widget_type=\"text-editor.default\">\n\t\t\t\t<div class=\"elementor-widget-container\">\n\t\t\t\t\t\t\t\t\t<h3>Aper\u00e7u de ce qui vient&#8230; et de ce qui a \u00e9t\u00e9<\/h3>\n\t\t\t\t\t\t\t\t<\/div>\n\t\t\t\t<\/div>\n\t\t\t\t<section class=\"elementor-section elementor-inner-section elementor-element elementor-element-d8035f9 elementor-section-boxed elementor-section-height-default elementor-section-height-default\" data-id=\"d8035f9\" data-element_type=\"section\" data-e-type=\"section\">\n\t\t\t\t\t\t<div class=\"elementor-container elementor-column-gap-default\">\n\t\t\t\t\t<div class=\"elementor-column elementor-col-50 elementor-inner-column elementor-element elementor-element-5b498c5\" data-id=\"5b498c5\" data-element_type=\"column\" data-e-type=\"column\">\n\t\t\t<div class=\"elementor-widget-wrap elementor-element-populated\">\n\t\t\t\t\t\t<div class=\"elementor-element elementor-element-c08a6b6 elementor-widget elementor-widget-wp-widget-nav_menu\" data-id=\"c08a6b6\" data-element_type=\"widget\" data-e-type=\"widget\" data-widget_type=\"wp-widget-nav_menu.default\">\n\t\t\t\t<div class=\"elementor-widget-container\">\n\t\t\t\t\t<nav class=\"menu-nachten-frans-container\" aria-label=\"Menu\"><ul id=\"menu-nachten-frans\" class=\"menu\"><li id=\"menu-item-60152\" class=\"menu-item menu-item-type-post_type menu-item-object-page menu-item-has-children menu-item-60152\"><a href=\"https:\/\/topa.be\/fr\/nacht-van-de-kerken\/\">NUIT des \u00c9GLISES<\/a>\n<ul class=\"sub-menu\">\n\t<li id=\"menu-item-60153\" class=\"menu-item menu-item-type-post_type menu-item-object-page menu-item-60153\"><a href=\"https:\/\/topa.be\/fr\/nacht-van-de-kerken\/2021a\/\">2021 \u2013 OUVERT<\/a><\/li>\n\t<li id=\"menu-item-60154\" class=\"menu-item menu-item-type-post_type menu-item-object-page menu-item-60154\"><a href=\"https:\/\/topa.be\/fr\/nacht-van-de-kerken\/2020a\/\">2020 \u2013 Place au silence ! !!<\/a><\/li>\n\t<li id=\"menu-item-60155\" class=\"menu-item menu-item-type-post_type menu-item-object-page menu-item-60155\"><a href=\"https:\/\/topa.be\/fr\/nacht-van-de-kerken\/2019a\/\">2019 \u2013 Tr\u00e9sors cach\u00e9s<\/a><\/li>\n\t<li id=\"menu-item-60156\" class=\"menu-item menu-item-type-post_type menu-item-object-page menu-item-60156\"><a href=\"https:\/\/topa.be\/fr\/nacht-van-de-kerken\/2018a\/\">2018 \u2013 Le Ciel sur Terre<\/a><\/li>\n\t<li id=\"menu-item-60157\" class=\"menu-item menu-item-type-post_type menu-item-object-page menu-item-60157\"><a href=\"https:\/\/topa.be\/fr\/nacht-van-de-kerken\/2017a\/\">2017 \u2013 Orgues et Musique<\/a><\/li>\n\t<li id=\"menu-item-60158\" class=\"menu-item menu-item-type-post_type menu-item-object-page menu-item-60158\"><a href=\"https:\/\/topa.be\/fr\/nacht-van-de-kerken\/2016a\/\">2016 \u2013 F\u00eater Marie<\/a><\/li>\n\t<li id=\"menu-item-60159\" class=\"menu-item menu-item-type-post_type menu-item-object-page menu-item-60159\"><a href=\"https:\/\/topa.be\/fr\/nacht-van-de-kerken\/2015b\/\">2015 \u2013 Retour de nos peintures en 1815<\/a><\/li>\n\t<li id=\"menu-item-60160\" class=\"menu-item menu-item-type-post_type menu-item-object-page menu-item-60160\"><a href=\"https:\/\/topa.be\/fr\/nacht-van-de-kerken\/2015a\/\">2015 \u2013 50 ans de restauration et de renouveau.<\/a><\/li>\n\t<li id=\"menu-item-60161\" class=\"menu-item menu-item-type-post_type menu-item-object-page menu-item-60161\"><a href=\"https:\/\/topa.be\/fr\/nacht-van-de-kerken\/2014a\/\">2014 \u2013 1814\/1914\/2014<\/a><\/li>\n\t<li id=\"menu-item-60162\" class=\"menu-item menu-item-type-post_type menu-item-object-page menu-item-60162\"><a href=\"https:\/\/topa.be\/fr\/nacht-van-de-kerken\/2013a\/\">2013 \u2013 350 ans d\u2019Academie<\/a><\/li>\n\t<li id=\"menu-item-60163\" class=\"menu-item menu-item-type-post_type menu-item-object-page menu-item-60163\"><a href=\"https:\/\/topa.be\/fr\/nacht-van-de-kerken\/2012a\/\">2012 \u2013 Vivre une \u00e9glise diff\u00e9remment<\/a><\/li>\n<\/ul>\n<\/li>\n<\/ul><\/nav>\t\t\t\t<\/div>\n\t\t\t\t<\/div>\n\t\t\t\t\t<\/div>\n\t\t<\/div>\n\t\t\t\t<div class=\"elementor-column elementor-col-50 elementor-inner-column elementor-element elementor-element-1fec693\" data-id=\"1fec693\" data-element_type=\"column\" data-e-type=\"column\">\n\t\t\t<div class=\"elementor-widget-wrap elementor-element-populated\">\n\t\t\t\t\t\t<div class=\"elementor-element elementor-element-047d49b elementor-widget elementor-widget-image\" data-id=\"047d49b\" data-element_type=\"widget\" data-e-type=\"widget\" data-widget_type=\"image.default\">\n\t\t\t\t<div class=\"elementor-widget-container\">\n\t\t\t\t\t\t\t\t\t\t\t\t\t\t\t<img decoding=\"async\" width=\"201\" height=\"300\" src=\"https:\/\/topa.be\/wp-content\/uploads\/Nacht-deuren-open-201x300.jpg\" class=\"attachment-medium size-medium wp-image-58149\" alt=\"\" srcset=\"https:\/\/topa.be\/wp-content\/uploads\/Nacht-deuren-open-201x300.jpg 201w, https:\/\/topa.be\/wp-content\/uploads\/Nacht-deuren-open-134x200.jpg 134w, https:\/\/topa.be\/wp-content\/uploads\/Nacht-deuren-open.jpg 686w\" sizes=\"(max-width: 201px) 100vw, 201px\" \/>\t\t\t\t\t\t\t\t\t\t\t\t\t\t\t<\/div>\n\t\t\t\t<\/div>\n\t\t\t\t\t<\/div>\n\t\t<\/div>\n\t\t\t\t\t<\/div>\n\t\t<\/section>\n\t\t\t\t\t<\/div>\n\t\t<\/div>\n\t\t\t\t\t<\/div>\n\t\t<\/section>\n\t\t\t\t<section class=\"elementor-section elementor-top-section elementor-element elementor-element-c2c72c9 elementor-section-boxed elementor-section-height-default elementor-section-height-default\" data-id=\"c2c72c9\" data-element_type=\"section\" data-e-type=\"section\">\n\t\t\t\t\t\t<div class=\"elementor-container elementor-column-gap-default\">\n\t\t\t\t\t<div class=\"elementor-column elementor-col-100 elementor-top-column elementor-element elementor-element-9365c39\" data-id=\"9365c39\" data-element_type=\"column\" data-e-type=\"column\">\n\t\t\t<div class=\"elementor-widget-wrap\">\n\t\t\t\t\t\t\t<\/div>\n\t\t<\/div>\n\t\t\t\t\t<\/div>\n\t\t<\/section>\n\t\t\t\t<section class=\"elementor-section elementor-top-section elementor-element elementor-element-39a339d elementor-section-boxed elementor-section-height-default elementor-section-height-default\" data-id=\"39a339d\" data-element_type=\"section\" data-e-type=\"section\">\n\t\t\t\t\t\t<div class=\"elementor-container elementor-column-gap-default\">\n\t\t\t\t\t<div class=\"elementor-column elementor-col-100 elementor-top-column elementor-element elementor-element-121b9e8\" data-id=\"121b9e8\" data-element_type=\"column\" data-e-type=\"column\">\n\t\t\t<div class=\"elementor-widget-wrap elementor-element-populated\">\n\t\t\t\t\t\t<div class=\"elementor-element elementor-element-98d3116 elementor-widget elementor-widget-text-editor\" data-id=\"98d3116\" data-element_type=\"widget\" data-e-type=\"widget\" data-widget_type=\"text-editor.default\">\n\t\t\t\t<div class=\"elementor-widget-container\">\n\t\t\t\t\t\t\t\t\t<h2 style=\"text-align: center;\">Entr\u00e9e gratuite. Bienvenue \u00e0 tous. Des guides sur place.<\/h2>\n<p style=\"text-align: justify;\">La \u2018Nuit des \u00c9glises\u2019 est organis\u00e9e par l\u2019asbl Pastorale du Tourisme d\u2019Anvers (TOPA)<br \/>\nSouhaitez-vous \u00eatre tenu au courant de nos activit\u00e9s ou recevoir plus d\u2019informations ? \u00c9crivez-nous :\u00a0<a href=\"mailto:info@topa.be\">info@topa.be<br \/>\n<\/a>Consultez \u00e9galement les autres sections de ce site Web multilingue contenant de nombreuses informations culturelles et historiques sur les \u00e9glises d\u2019Anvers.<\/p>\n\t\t\t\t\t\t\t\t<\/div>\n\t\t\t\t<\/div>\n\t\t\t\t\t<\/div>\n\t\t<\/div>\n\t\t\t\t\t<\/div>\n\t\t<\/section>\n\t\t\t\t<\/div>\n\t\t","protected":false},"excerpt":{"rendered":"<p>NUIT DES \u00c9GLISES Une fois l\u2019an, les \u00e9glises d&rsquo;Anvers ouvrent leurs portes pour une nocturne. Aper\u00e7u de ce qui vient&#8230; et de ce qui a \u00e9t\u00e9 Entr\u00e9e gratuite. Bienvenue \u00e0 tous. Des guides sur place. La \u2018Nuit des \u00c9glises\u2019 est organis\u00e9e par l\u2019asbl Pastorale du Tourisme d\u2019Anvers (TOPA) Souhaitez-vous \u00eatre tenu au courant de nos [&hellip;]<\/p>\n","protected":false},"author":16,"featured_media":0,"parent":0,"menu_order":330,"comment_status":"closed","ping_status":"closed","template":"","meta":{"footnotes":""},"class_list":["post-46957","page","type-page","status-publish","hentry"],"aioseo_notices":[],"_links":{"self":[{"href":"https:\/\/topa.be\/fr\/wp-json\/wp\/v2\/pages\/46957","targetHints":{"allow":["GET"]}}],"collection":[{"href":"https:\/\/topa.be\/fr\/wp-json\/wp\/v2\/pages"}],"about":[{"href":"https:\/\/topa.be\/fr\/wp-json\/wp\/v2\/types\/page"}],"author":[{"embeddable":true,"href":"https:\/\/topa.be\/fr\/wp-json\/wp\/v2\/users\/16"}],"replies":[{"embeddable":true,"href":"https:\/\/topa.be\/fr\/wp-json\/wp\/v2\/comments?post=46957"}],"version-history":[{"count":3,"href":"https:\/\/topa.be\/fr\/wp-json\/wp\/v2\/pages\/46957\/revisions"}],"predecessor-version":[{"id":59600,"href":"https:\/\/topa.be\/fr\/wp-json\/wp\/v2\/pages\/46957\/revisions\/59600"}],"wp:attachment":[{"href":"https:\/\/topa.be\/fr\/wp-json\/wp\/v2\/media?parent=46957"}],"curies":[{"name":"wp","href":"https:\/\/api.w.org\/{rel}","templated":true}]}}