{"id":46438,"date":"2021-07-21T12:25:02","date_gmt":"2021-07-21T10:25:02","guid":{"rendered":"http:\/\/topa.be\/monumentale-kerken\/sint-willibrordus\/sw-leglise-en-bref\/"},"modified":"2021-08-13T13:21:18","modified_gmt":"2021-08-13T11:21:18","slug":"kennismaking","status":"publish","type":"page","link":"https:\/\/topa.be\/fr\/monumentale-kerken\/sint-willibrordus\/kennismaking\/","title":{"rendered":"SW l&rsquo;\u00e9glise en bref"},"content":{"rendered":"\t\t<div data-elementor-type=\"wp-page\" data-elementor-id=\"46438\" class=\"elementor elementor-46438 elementor-34041\" data-elementor-post-type=\"page\">\n\t\t\t\t\t\t<section class=\"elementor-section elementor-top-section elementor-element elementor-element-7397524 elementor-section-boxed elementor-section-height-default elementor-section-height-default\" data-id=\"7397524\" data-element_type=\"section\" data-e-type=\"section\">\n\t\t\t\t\t\t<div class=\"elementor-container elementor-column-gap-default\">\n\t\t\t\t\t<div class=\"elementor-column elementor-col-100 elementor-top-column elementor-element elementor-element-06baa09\" data-id=\"06baa09\" data-element_type=\"column\" data-e-type=\"column\">\n\t\t\t<div class=\"elementor-widget-wrap elementor-element-populated\">\n\t\t\t\t\t\t<div class=\"elementor-element elementor-element-f951411 elementor-widget elementor-widget-heading\" data-id=\"f951411\" data-element_type=\"widget\" data-e-type=\"widget\" data-widget_type=\"heading.default\">\n\t\t\t\t<div class=\"elementor-widget-container\">\n\t\t\t\t\t<h1 class=\"elementor-heading-title elementor-size-default\">\u00c9glise Saint-Willibrord<\/h1>\t\t\t\t<\/div>\n\t\t\t\t<\/div>\n\t\t\t\t\t<\/div>\n\t\t<\/div>\n\t\t\t\t\t<\/div>\n\t\t<\/section>\n\t\t\t\t<section class=\"elementor-section elementor-top-section elementor-element elementor-element-cf95f46 elementor-section-boxed elementor-section-height-default elementor-section-height-default\" data-id=\"cf95f46\" data-element_type=\"section\" data-e-type=\"section\">\n\t\t\t\t\t\t<div class=\"elementor-container elementor-column-gap-default\">\n\t\t\t\t\t<div class=\"elementor-column elementor-col-100 elementor-top-column elementor-element elementor-element-e92cf9b\" data-id=\"e92cf9b\" data-element_type=\"column\" data-e-type=\"column\">\n\t\t\t<div class=\"elementor-widget-wrap elementor-element-populated\">\n\t\t\t\t\t\t<div class=\"elementor-element elementor-element-0010524 elementor-widget elementor-widget-heading\" data-id=\"0010524\" data-element_type=\"widget\" data-e-type=\"widget\" data-widget_type=\"heading.default\">\n\t\t\t\t<div class=\"elementor-widget-container\">\n\t\t\t\t\t<h2 class=\"elementor-heading-title elementor-size-default\">Une br\u00e8ve introduction<\/h2>\t\t\t\t<\/div>\n\t\t\t\t<\/div>\n\t\t\t\t\t<\/div>\n\t\t<\/div>\n\t\t\t\t\t<\/div>\n\t\t<\/section>\n\t\t\t\t<section class=\"elementor-section elementor-top-section elementor-element elementor-element-57c1557 elementor-section-boxed elementor-section-height-default elementor-section-height-default\" data-id=\"57c1557\" data-element_type=\"section\" data-e-type=\"section\">\n\t\t\t\t\t\t<div class=\"elementor-container elementor-column-gap-default\">\n\t\t\t\t\t<div class=\"elementor-column elementor-col-66 elementor-top-column elementor-element elementor-element-adcab3f\" data-id=\"adcab3f\" data-element_type=\"column\" data-e-type=\"column\">\n\t\t\t<div class=\"elementor-widget-wrap elementor-element-populated\">\n\t\t\t\t\t\t<div class=\"elementor-element elementor-element-38dc5df elementor-widget elementor-widget-text-editor\" data-id=\"38dc5df\" data-element_type=\"widget\" data-e-type=\"widget\" data-widget_type=\"text-editor.default\">\n\t\t\t\t<div class=\"elementor-widget-container\">\n\t\t\t\t\t\t\t\t\t<div class=\"wpb_text_column wpb_content_element \">\n<div class=\"wpb_wrapper\">\n<p style=\"text-align: justify;\">La monumentale \u00e9glise Saint Willibrord dans le \u2018Seefhoek\u2019 d\u2019Anvers \u00e0 d\u00e9j\u00e0 pr\u00e8s de 750 ans d\u2019histoire derri\u00e8re elle. La premi\u00e8re chapelle Saint Willibrord \u00e0 cet emplacement remonte au 13<sup>e<\/sup> si\u00e8cle. L\u2019\u00e9glise actuelle, 7<sup>e<\/sup> du nom, est consacr\u00e9e en 1891 et d\u00e9di\u00e9e \u00e0 Saint Willibrord qui \u0153uvra comme missionnaire dans nos r\u00e9gions au 7<sup>e<\/sup> \u2013 8<sup>e<\/sup> si\u00e8cle.<\/p>\n<p style=\"text-align: justify;\">Cette \u0153uvre d\u2019art grandiose de la fin du 19<sup>e<\/sup> si\u00e8cle est une r\u00e9alisation des fr\u00e8res architectes Leonard et Hendrik Blomme. Ils se servent du style n\u00e9o-gothique pr\u00e9dominant \u00e0 l\u2019\u00e9poque lequel s\u2019appuie sur les id\u00e9es de l\u2019architecte fran\u00e7ais Viollet-le-Duc. Tant l\u2019ext\u00e9rieur que l\u2019int\u00e9rieur en offrent une synth\u00e8se harmonieuse. Tr\u00e8s voyante, la tour \u00e9lanc\u00e9e, haute de 84 m, domine tout le quartier. Cette \u00e9glise orient\u00e9e nord-sud est une basilique \u00e0 trois nefs. Le ch\u0153ur impressionnent est ceintur\u00e9 par une splendide grille en fer forg\u00e9. Faisant le lien avec l\u2019ample d\u00e9ambulatoire et ses ch\u0153urs et chapelles lat\u00e9rales. La nef centrale est \u00e0 trois niveaux avec des arcades \u00e0 arc bris\u00e9, un triforium faisant le tour complet et des vitraux.<\/p>\n<p style=\"text-align: justify;\">Les sculptures tant des \u00e9l\u00e9ments constructifs que des confessionnaux et des bancs de communion sont du beau travail de Jan Gerrits. Les ch\u0153urs lat\u00e9raux, d\u00e9di\u00e9s \u00e0 Notre-Dame et au Sacr\u00e9-C\u0153ur, comptent de remarquables peintures n\u00e9o-gothiques tant sur les murs que sur les vo\u00fbtes. L\u2019int\u00e9rieur n\u00e9o-gothique homog\u00e8ne offre une grande vari\u00e9t\u00e9 d\u2019\u0153uvres d\u2019art. Les autels, la chaire et la plupart des sculptures n\u00e9o-gothiques sont de belles \u0153uvres r\u00e9alis\u00e9es par J.B. De Boeck en J.B. Van Wint. Les autels sont rehauss\u00e9s avec des cuivres de Lambert Van Rijswijck. Dans la chapelle de Saint Roch se trouve un retable peint par Jozef Janssens. Albert Poels et Alfons De Roeck ajoutent vers 1940 quatre imposantes statues de saints contre les piliers de la crois\u00e9e.<\/p>\n<p style=\"text-align: justify;\">Quelques \u0153uvres provenant de l\u2019ancienne \u00e9glise Sainte Walburge sont encore pr\u00e9sentes, dont : la statue datant du 15<sup>e<\/sup> si\u00e8cle <em>Notre Dame \u00e0 la Grappe de Raisin,<\/em> y compris sa magnifique garde-robe, et le tableau de P.P. Rubens, <em>Willibrord en adoration devant la Sainte Famille. <\/em>Les quatre peintures votives dans le transept sont uniques \u00e0 Anvers.<\/p>\n<p style=\"text-align: justify;\">\u00c0 la fin du 19<sup>e<\/sup> si\u00e8cle les vitraux n\u00e9o-gothiques viennent de grands ateliers de verriers\u00a0: Stalins &amp; Janssens, Jules Dobbelaere et Jozef Osterrath. En 1933 on y ajoute 2 vitraux particuliers r\u00e9alis\u00e9s par Eugeen Yoors.<\/p>\n<p style=\"text-align: justify;\">Le monument \u00e9pitaphe du peintre Cornelis Schut (mi-17<sup>e<\/sup> si\u00e8cle) occupe une place \u00e0 part. l\u2019\u00e9glise poss\u00e8de deux chemins de crois\u00a0: un du 19\u00e9 si\u00e8cle, peint par Edward Dujardin, et un du 20<sup>e<\/sup> si\u00e8cle sculpt\u00e9 par Nestor Gerrits.<\/p>\n<\/div>\n<\/div>\n\t\t\t\t\t\t\t\t<\/div>\n\t\t\t\t<\/div>\n\t\t\t\t\t<\/div>\n\t\t<\/div>\n\t\t\t\t<div class=\"elementor-column elementor-col-33 elementor-top-column elementor-element elementor-element-6ceef12\" data-id=\"6ceef12\" data-element_type=\"column\" data-e-type=\"column\">\n\t\t\t<div class=\"elementor-widget-wrap\">\n\t\t\t\t\t\t\t<\/div>\n\t\t<\/div>\n\t\t\t\t\t<\/div>\n\t\t<\/section>\n\t\t\t\t<\/div>\n\t\t","protected":false},"excerpt":{"rendered":"<p>\u00c9glise Saint-Willibrord Une br\u00e8ve introduction La monumentale \u00e9glise Saint Willibrord dans le \u2018Seefhoek\u2019 d\u2019Anvers \u00e0 d\u00e9j\u00e0 pr\u00e8s de 750 ans d\u2019histoire derri\u00e8re elle. La premi\u00e8re chapelle Saint Willibrord \u00e0 cet emplacement remonte au 13e si\u00e8cle. L\u2019\u00e9glise actuelle, 7e du nom, est consacr\u00e9e en 1891 et d\u00e9di\u00e9e \u00e0 Saint Willibrord qui \u0153uvra comme missionnaire dans nos [&hellip;]<\/p>\n","protected":false},"author":16,"featured_media":0,"parent":37991,"menu_order":10,"comment_status":"closed","ping_status":"closed","template":"","meta":{"footnotes":""},"class_list":["post-46438","page","type-page","status-publish","hentry"],"aioseo_notices":[],"_links":{"self":[{"href":"https:\/\/topa.be\/fr\/wp-json\/wp\/v2\/pages\/46438","targetHints":{"allow":["GET"]}}],"collection":[{"href":"https:\/\/topa.be\/fr\/wp-json\/wp\/v2\/pages"}],"about":[{"href":"https:\/\/topa.be\/fr\/wp-json\/wp\/v2\/types\/page"}],"author":[{"embeddable":true,"href":"https:\/\/topa.be\/fr\/wp-json\/wp\/v2\/users\/16"}],"replies":[{"embeddable":true,"href":"https:\/\/topa.be\/fr\/wp-json\/wp\/v2\/comments?post=46438"}],"version-history":[{"count":1,"href":"https:\/\/topa.be\/fr\/wp-json\/wp\/v2\/pages\/46438\/revisions"}],"predecessor-version":[{"id":46439,"href":"https:\/\/topa.be\/fr\/wp-json\/wp\/v2\/pages\/46438\/revisions\/46439"}],"up":[{"embeddable":true,"href":"https:\/\/topa.be\/fr\/wp-json\/wp\/v2\/pages\/37991"}],"wp:attachment":[{"href":"https:\/\/topa.be\/fr\/wp-json\/wp\/v2\/media?parent=46438"}],"curies":[{"name":"wp","href":"https:\/\/api.w.org\/{rel}","templated":true}]}}