{"id":46421,"date":"2021-07-21T12:05:41","date_gmt":"2021-07-21T10:05:41","guid":{"rendered":"http:\/\/topa.be\/monumentale-kerken\/sint-michiel-en-petrus\/smp-leglise-en-bref\/"},"modified":"2021-08-13T13:20:42","modified_gmt":"2021-08-13T11:20:42","slug":"kennismaking","status":"publish","type":"page","link":"https:\/\/topa.be\/fr\/monumentale-kerken\/sint-michiel-en-petrus\/kennismaking\/","title":{"rendered":"SMP L&rsquo;\u00e9glise en bref"},"content":{"rendered":"\t\t<div data-elementor-type=\"wp-page\" data-elementor-id=\"46421\" class=\"elementor elementor-46421 elementor-34033\" data-elementor-post-type=\"page\">\n\t\t\t\t\t\t<section class=\"elementor-section elementor-top-section elementor-element elementor-element-f1d722d elementor-section-boxed elementor-section-height-default elementor-section-height-default\" data-id=\"f1d722d\" data-element_type=\"section\" data-e-type=\"section\">\n\t\t\t\t\t\t<div class=\"elementor-container elementor-column-gap-default\">\n\t\t\t\t\t<div class=\"elementor-column elementor-col-100 elementor-top-column elementor-element elementor-element-f203e39\" data-id=\"f203e39\" data-element_type=\"column\" data-e-type=\"column\">\n\t\t\t<div class=\"elementor-widget-wrap elementor-element-populated\">\n\t\t\t\t\t\t<div class=\"elementor-element elementor-element-e24c81c elementor-widget elementor-widget-heading\" data-id=\"e24c81c\" data-element_type=\"widget\" data-e-type=\"widget\" data-widget_type=\"heading.default\">\n\t\t\t\t<div class=\"elementor-widget-container\">\n\t\t\t\t\t<h1 class=\"elementor-heading-title elementor-size-default\">\u00c9glise Saints-Michel-et-Pierre<\/h1>\t\t\t\t<\/div>\n\t\t\t\t<\/div>\n\t\t\t\t\t<\/div>\n\t\t<\/div>\n\t\t\t\t\t<\/div>\n\t\t<\/section>\n\t\t\t\t<section class=\"elementor-section elementor-top-section elementor-element elementor-element-d9d0f59 elementor-section-boxed elementor-section-height-default elementor-section-height-default\" data-id=\"d9d0f59\" data-element_type=\"section\" data-e-type=\"section\">\n\t\t\t\t\t\t<div class=\"elementor-container elementor-column-gap-default\">\n\t\t\t\t\t<div class=\"elementor-column elementor-col-100 elementor-top-column elementor-element elementor-element-fb48438\" data-id=\"fb48438\" data-element_type=\"column\" data-e-type=\"column\">\n\t\t\t<div class=\"elementor-widget-wrap elementor-element-populated\">\n\t\t\t\t\t\t<div class=\"elementor-element elementor-element-574c42e elementor-widget elementor-widget-heading\" data-id=\"574c42e\" data-element_type=\"widget\" data-e-type=\"widget\" data-widget_type=\"heading.default\">\n\t\t\t\t<div class=\"elementor-widget-container\">\n\t\t\t\t\t<h2 class=\"elementor-heading-title elementor-size-default\">Une br\u00e8ve introduction<\/h2>\t\t\t\t<\/div>\n\t\t\t\t<\/div>\n\t\t\t\t\t<\/div>\n\t\t<\/div>\n\t\t\t\t\t<\/div>\n\t\t<\/section>\n\t\t\t\t<section class=\"elementor-section elementor-top-section elementor-element elementor-element-52484ff elementor-section-boxed elementor-section-height-default elementor-section-height-default\" data-id=\"52484ff\" data-element_type=\"section\" data-e-type=\"section\">\n\t\t\t\t\t\t<div class=\"elementor-container elementor-column-gap-default\">\n\t\t\t\t\t<div class=\"elementor-column elementor-col-66 elementor-top-column elementor-element elementor-element-8bf59b1\" data-id=\"8bf59b1\" data-element_type=\"column\" data-e-type=\"column\">\n\t\t\t<div class=\"elementor-widget-wrap elementor-element-populated\">\n\t\t\t\t\t\t<div class=\"elementor-element elementor-element-6fc9855 elementor-widget elementor-widget-text-editor\" data-id=\"6fc9855\" data-element_type=\"widget\" data-e-type=\"widget\" data-widget_type=\"text-editor.default\">\n\t\t\t\t<div class=\"elementor-widget-container\">\n\t\t\t\t\t\t\t\t\t<div class=\"wpb_column vc_column_container vc_col-sm-8\">\n<div class=\"vc_column-inner\">\n<div class=\"wpb_wrapper\">\n<div class=\"wpb_text_column wpb_content_element \">\n<div class=\"wpb_wrapper\">\n<h3 style=\"text-align: justify;\"><strong>Histoire<\/strong><\/h3>\n<p style=\"text-align: justify;\">La premi\u00e8re \u00e9glise d\u2019Anvers, \u00e9rig\u00e9e par Saint Amand au 7<sup>e<\/sup> si\u00e8cle, fut consacr\u00e9e aux Saints Pierre et Paul. Apr\u00e8s l\u2019invasion des Normands elle est remplac\u00e9e par une nouvelle \u00e9glise paroissiale, d\u00e9di\u00e9e \u00e0 l\u2019archange Michel. En 1124 Saint Norbert y adjoint une communaut\u00e9 monacale. Lors de l\u2019annexion par la France R\u00e9volutionnaire cette abbaye norbertine est supprim\u00e9e (1794) et l\u2019imposant complexe est graduellement effac\u00e9 de la carte.<\/p>\n<p style=\"text-align: justify;\">Afin de faire face \u00e0 l\u2019explosion d\u00e9mographique du 19<sup>e<\/sup> si\u00e8cle, les fortifications espagnoles sont d\u00e9mont\u00e9es vers 1864. La d\u00e9molition de la citadelle durera jusqu\u2019en 1881. On y pr\u00e9voit un tout nouveau quartier\u00a0: \u2018le Sud\u2019. Ce qui implique l\u2019installation d\u2019une nouvelle paroisse et la construction d\u2019une \u00e9glise. Dans un r\u00e9flexe historique Saint Michel est choisi comme saint patron, auquel on adjoint Saint Pierre. Tant le cur\u00e9 que la ville veulent en faire un monument unique\u00a0; non pas encore une \u00e9glise n\u00e9o-gothique, mais un plan basilical. Apr\u00e8s un voyage d\u2019\u00e9tude \u00e0 Aachen et en Italie, le cur\u00e9 et l\u2019architecte Frans Van Dijk optent en 1890 pour une combinaison n\u00e9o-romane et Byzantine. Van Dyck se base aussi sur les r\u00e9alisations de l\u2019architecte fran\u00e7ais Paul Abadie (\u2020 1884) qui restaur\u00e9 des \u00e9glises romanes en Dordogne et r\u00e9alisa le Sacr\u00e9-C\u0153ur de Montmartre. Toutes ces influences r\u00e9sultent en un style \u00e9clectique, unique et harmonieux.<\/p>\n<p style=\"text-align: justify;\">Des soucis financiers retardent les travaux jusqu\u2019en 1893. \u00c0 c\u00f4t\u00e9 de l\u2019apport des paroissiens, et de quelques subsides de l\u2019\u00e9tat, de la province et de la ville, c\u2019est le fr\u00e8re du cur\u00e9 qui fournit la plus grande contribution financi\u00e8re au projet.<\/p>\n<p style=\"text-align: justify;\">Bien que consacr\u00e9e le 4 mai 1897 par le cardinal Goossens, la finition de la d\u00e9coration tant int\u00e9rieure qu\u2019ext\u00e9rieure prendra encore des d\u00e9cennies, mais toujours dans le respect du projet initial. On renoncera \u00e0 la dorure des vo\u00fbtes et l\u2019habillement en marbre du ch\u0153ur \u00e0 cause du co\u00fbt excessif.<\/p>\n<p style=\"text-align: justify;\">Les grandes annexes \u00e0 l\u2019arri\u00e8re de l\u2019\u00e9glise ne seront inaugur\u00e9es qu\u2019en 1921.<\/p>\n<p style=\"text-align: justify;\">En 1983 l\u2019\u00e9glise est class\u00e9e au titre d\u2019exemple historique de n\u00e9o-architecture.<\/p>\n<\/div>\n<\/div>\n<\/div>\n<\/div>\n<\/div>\n\t\t\t\t\t\t\t\t<\/div>\n\t\t\t\t<\/div>\n\t\t\t\t\t<\/div>\n\t\t<\/div>\n\t\t\t\t<div class=\"elementor-column elementor-col-33 elementor-top-column elementor-element elementor-element-c313803\" data-id=\"c313803\" data-element_type=\"column\" data-e-type=\"column\">\n\t\t\t<div class=\"elementor-widget-wrap elementor-element-populated\">\n\t\t\t\t\t\t<div class=\"elementor-element elementor-element-c8a0f90 elementor-widget elementor-widget-image\" data-id=\"c8a0f90\" data-element_type=\"widget\" data-e-type=\"widget\" data-widget_type=\"image.default\">\n\t\t\t\t<div class=\"elementor-widget-container\">\n\t\t\t\t\t\t\t\t\t\t\t\t\t\t\t\t<a href=\"http:\/\/topa.be\/wp-content\/uploads\/St-MichielsPetruskerk-Luchtfoto.jpg\" data-elementor-open-lightbox=\"yes\" data-elementor-lightbox-title=\"St-Michiels&amp;Petruskerk - Luchtfoto\" data-e-action-hash=\"#elementor-action%3Aaction%3Dlightbox%26settings%3DeyJpZCI6MzUxMjgsInVybCI6Imh0dHBzOlwvXC90b3BhLmJlXC93cC1jb250ZW50XC91cGxvYWRzXC9TdC1NaWNoaWVsc1BldHJ1c2tlcmstTHVjaHRmb3RvLmpwZyJ9\">\n\t\t\t\t\t\t\t<img decoding=\"async\" width=\"244\" height=\"169\" src=\"https:\/\/topa.be\/wp-content\/uploads\/St-MichielsPetruskerk-Luchtfoto.jpg\" class=\"attachment-large size-large wp-image-35128\" alt=\"\" srcset=\"https:\/\/topa.be\/wp-content\/uploads\/St-MichielsPetruskerk-Luchtfoto.jpg 244w, https:\/\/topa.be\/wp-content\/uploads\/St-MichielsPetruskerk-Luchtfoto-200x139.jpg 200w\" sizes=\"(max-width: 244px) 100vw, 244px\" \/>\t\t\t\t\t\t\t\t<\/a>\n\t\t\t\t\t\t\t\t\t\t\t\t\t\t\t<\/div>\n\t\t\t\t<\/div>\n\t\t\t\t\t<\/div>\n\t\t<\/div>\n\t\t\t\t\t<\/div>\n\t\t<\/section>\n\t\t\t\t<section class=\"elementor-section elementor-top-section elementor-element elementor-element-f1bf7d4 elementor-section-boxed elementor-section-height-default elementor-section-height-default\" data-id=\"f1bf7d4\" data-element_type=\"section\" data-e-type=\"section\">\n\t\t\t\t\t\t<div class=\"elementor-container elementor-column-gap-default\">\n\t\t\t\t\t<div class=\"elementor-column elementor-col-66 elementor-top-column elementor-element elementor-element-506ebf9\" data-id=\"506ebf9\" data-element_type=\"column\" data-e-type=\"column\">\n\t\t\t<div class=\"elementor-widget-wrap elementor-element-populated\">\n\t\t\t\t\t\t<div class=\"elementor-element elementor-element-bf42107 elementor-widget elementor-widget-text-editor\" data-id=\"bf42107\" data-element_type=\"widget\" data-e-type=\"widget\" data-widget_type=\"text-editor.default\">\n\t\t\t\t<div class=\"elementor-widget-container\">\n\t\t\t\t\t\t\t\t\t<div class=\"wpb_column vc_column_container vc_col-sm-8\">\n<div class=\"vc_column-inner\">\n<div class=\"wpb_wrapper\">\n<div class=\"wpb_text_column wpb_content_element \">\n<div class=\"wpb_wrapper\">\n<h3 style=\"text-align: justify;\"><strong>Description<\/strong><\/h3>\n<p style=\"text-align: justify;\"><strong><em>L\u2019architecture ext\u00e9rieure <\/em><\/strong><\/p>\n<p style=\"text-align: justify;\">L\u2019ornementation de la fa\u00e7ade occidentale est \u00e0 dominance romane. L\u2019arc en plein cintre, caract\u00e9ristique de l\u2019art roman, est utilis\u00e9 en grand nombre. Le tympan, richement d\u00e9cor\u00e9 en relief, montre le Christ en Majest\u00e9 tenant le Livre de Vie dans la main gauche et entour\u00e9 des figures symboliques des quatre \u00e9vang\u00e9listes.<\/p>\n<p style=\"text-align: justify;\">La fa\u00e7ade arri\u00e8re est domin\u00e9e par le ch\u0153ur, son abside et les quatre absidioles du transept.<\/p>\n<p style=\"text-align: justify;\">La tour carr\u00e9e de 70m, est \u00e9rig\u00e9e principalement en briques rouges et perc\u00e9e de fen\u00eatres romanes en plein cintre. \u00c0 partir du cinqui\u00e8me niveau la tour prend une allure plus \u00e9l\u00e9gante. Le campanile en pierre blanche, avec ses colonnettes et une repr\u00e9sentation d\u2019un \u00e9vang\u00e9liste aux quatre angles, fait penser \u00e0 un homologue V\u00e9nitien. Plus haut, la galerie ronde est couronn\u00e9e d\u2019une grande pomme de pin \u00e9caill\u00e9e.<\/p>\n<p style=\"text-align: justify;\"><strong><em>L\u2019architecture int\u00e9rieure <\/em><\/strong><\/p>\n<p style=\"text-align: justify;\">\u00c0 l\u2019image des anciennes basiliques la nef et le transept ont le double de la hauteur des nefs lat\u00e9rales. La crois\u00e9e \u00e9tant plus haute que la nef et le transept, il fut ainsi possible de percer 12 fen\u00eatres suppl\u00e9mentaires. Cet afflux de lumi\u00e8re, et plus encore le jeu de lumi\u00e8re sur les mosa\u00efques dor\u00e9es au-dessus du ma\u00eetre-autel, \u00e9claircissent l\u2019atmosph\u00e8re de l\u2019\u00e9glise. Faisant \u00e9cho au texte du Livre de Vie de l\u2019Agneau de Dieu plac\u00e9 \u00e0 la base de l\u2019abside\u00a0: \u2018Ego sum Lux mundi\u2019 (Je suis la Lumi\u00e8re du monde).<\/p>\n<p style=\"text-align: justify;\"><strong><em>Mosa\u00efques<\/em><\/strong><\/p>\n<p style=\"text-align: justify;\">Les mosa\u00efques ont inspir\u00e9es par des exemples \u00e0 Rome, Sicile et Venise datant du 11<sup>e<\/sup> et 12<sup>e<\/sup> si\u00e8cle. On les retrouve sur bon nombre d\u2019\u00e9l\u00e9ments architecturaux tels que les absides, les vo\u00fbtes du d\u00f4me, les tympans et les longues frises. Mais aussi sur le mobilier\u00a0: le ma\u00eetre-autel, le banc de communion et ses ambons, les stalles, la chaire et les confessionnaux. L\u2019\u0153uvre cosmatesque, technique mise au point par la famille d\u2019artistes italiens Cosma, consiste en l\u2019incrustation de petits morceaux de marbres r\u00e9guliers selon un plan g\u00e9om\u00e9trique. C\u2019est ici le cas pour le sol de la nef et du ch\u0153ur.<\/p>\n<\/div>\n<\/div>\n<\/div>\n<\/div>\n<\/div>\n\t\t\t\t\t\t\t\t<\/div>\n\t\t\t\t<\/div>\n\t\t\t\t\t<\/div>\n\t\t<\/div>\n\t\t\t\t<div class=\"elementor-column elementor-col-33 elementor-top-column elementor-element elementor-element-fdfa66b\" data-id=\"fdfa66b\" data-element_type=\"column\" data-e-type=\"column\">\n\t\t\t<div class=\"elementor-widget-wrap elementor-element-populated\">\n\t\t\t\t\t\t<div class=\"elementor-element elementor-element-0e658b4 elementor-widget elementor-widget-image\" data-id=\"0e658b4\" data-element_type=\"widget\" data-e-type=\"widget\" data-widget_type=\"image.default\">\n\t\t\t\t<div class=\"elementor-widget-container\">\n\t\t\t\t\t\t\t\t\t\t\t\t<figure class=\"wp-caption\">\n\t\t\t\t\t\t\t\t\t\t\t<a href=\"http:\/\/topa.be\/wp-content\/uploads\/St-MichielPetruskerk-Tympaanmozaiek.jpg\" data-elementor-open-lightbox=\"yes\" data-elementor-lightbox-title=\"St-Michiel&amp;Petruskerk - Tympaanmoza\u00efek\" data-elementor-lightbox-description=\"\u00c9glise Saints Michel et Pierre, Anvers - La mozaique du tympan\" data-e-action-hash=\"#elementor-action%3Aaction%3Dlightbox%26settings%3DeyJpZCI6MzUxNDAsInVybCI6Imh0dHBzOlwvXC90b3BhLmJlXC93cC1jb250ZW50XC91cGxvYWRzXC9TdC1NaWNoaWVsUGV0cnVza2Vyay1UeW1wYWFubW96YWllay5qcGcifQ%3D%3D\">\n\t\t\t\t\t\t\t<img decoding=\"async\" width=\"244\" height=\"161\" src=\"https:\/\/topa.be\/wp-content\/uploads\/St-MichielPetruskerk-Tympaanmozaiek.jpg\" class=\"attachment-large size-large wp-image-35140\" alt=\"\" srcset=\"https:\/\/topa.be\/wp-content\/uploads\/St-MichielPetruskerk-Tympaanmozaiek.jpg 244w, https:\/\/topa.be\/wp-content\/uploads\/St-MichielPetruskerk-Tympaanmozaiek-200x132.jpg 200w\" sizes=\"(max-width: 244px) 100vw, 244px\" \/>\t\t\t\t\t\t\t\t<\/a>\n\t\t\t\t\t\t\t\t\t\t\t<figcaption class=\"widget-image-caption wp-caption-text\">\u00c9glise Saints Michel et Pierre, Anvers - La mozaique du tympan<\/figcaption>\n\t\t\t\t\t\t\t\t\t\t<\/figure>\n\t\t\t\t\t\t\t\t\t<\/div>\n\t\t\t\t<\/div>\n\t\t\t\t\t<\/div>\n\t\t<\/div>\n\t\t\t\t\t<\/div>\n\t\t<\/section>\n\t\t\t\t<section class=\"elementor-section elementor-top-section elementor-element elementor-element-c5542c0 elementor-section-boxed elementor-section-height-default elementor-section-height-default\" data-id=\"c5542c0\" data-element_type=\"section\" data-e-type=\"section\">\n\t\t\t\t\t\t<div class=\"elementor-container elementor-column-gap-default\">\n\t\t\t\t\t<div class=\"elementor-column elementor-col-66 elementor-top-column elementor-element elementor-element-aa0319a\" data-id=\"aa0319a\" data-element_type=\"column\" data-e-type=\"column\">\n\t\t\t<div class=\"elementor-widget-wrap elementor-element-populated\">\n\t\t\t\t\t\t<div class=\"elementor-element elementor-element-53fa422 elementor-widget elementor-widget-text-editor\" data-id=\"53fa422\" data-element_type=\"widget\" data-e-type=\"widget\" data-widget_type=\"text-editor.default\">\n\t\t\t\t<div class=\"elementor-widget-container\">\n\t\t\t\t\t\t\t\t\t<div class=\"wpb_column vc_column_container vc_col-sm-8\">\n<div class=\"vc_column-inner\">\n<div class=\"wpb_wrapper\">\n<div class=\"wpb_text_column wpb_content_element \">\n<div class=\"wpb_wrapper\">\n<p style=\"text-align: justify;\"><em><strong>Le mobilier religieux<\/strong><\/em><\/p>\n<p style=\"text-align: justify;\">Le ma\u00eetre-autel constitue de par sa construction et son abondate d\u00e9coration le point d\u2019attrait principal de l\u2019\u00e9glise. Cinq marches en marbre vein\u00e9 de Carrare m\u00e8nent \u00e0 l\u2019autel, surmont\u00e9 d\u2019un ciboire en marbre blanc de Carrare. Celui-ci s\u2019appuie sur quatre piliers en marbre vert vein\u00e9. La porte du tabernacle, avec l\u2019Agneau de Dieu au centre, richement d\u00e9cor\u00e9 de joyaux et de cristal de roche, est une r\u00e9alisation de l\u2019orf\u00e8vre anversois J. Junes. C\u2019est lui aussi qui r\u00e9alisa la croix Byzantine au-dessus de l\u2019autel, avec en \u00e9mail les symboles des quatre \u00e9vang\u00e9listes.<\/p>\n<p style=\"text-align: justify;\">La chaire (1905) en marbre blanc contient une grande vari\u00e9t\u00e9 de marbres pr\u00e9cieux et de pierres de mosa\u00efque. Les deux lionceaux, dress\u00e9s sur le devant, sont en marbre bleu turquoise et portent des colonnettes en marbre vert.<\/p>\n<p style=\"text-align: justify;\">Les six confessionnaux en marbre blanc sont encastr\u00e9s dans le mur. Ils ont des portes de bronze et sont flanqu\u00e9s de colonnettes en granit de couleurs diff\u00e9rentes. Les figures, serties dans un d\u00e9cor floral, qui surmontent les confessionnaux sont en rapport avec la confession\u00a0: l\u2019Arche de No\u00e9 et le Bon Pasteur pour la salvation\u00a0; Pierre en pleurs pour la contrition\u00a0; le ph\u00e9nix pour la r\u00e9surrection.<\/p>\n<p style=\"text-align: justify;\">Les quatorze stations du chemin de Croix (1903) sont l\u2019\u0153uvre du graveur Mauquoy d\u2019apr\u00e8s des cartons de l\u2019Anversois Hendrik Redig.<\/p>\n<\/div>\n<\/div>\n<\/div>\n<\/div>\n<\/div>\n\t\t\t\t\t\t\t\t<\/div>\n\t\t\t\t<\/div>\n\t\t\t\t\t<\/div>\n\t\t<\/div>\n\t\t\t\t<div class=\"elementor-column elementor-col-33 elementor-top-column elementor-element elementor-element-d020137\" data-id=\"d020137\" data-element_type=\"column\" data-e-type=\"column\">\n\t\t\t<div class=\"elementor-widget-wrap elementor-element-populated\">\n\t\t\t\t\t\t<div class=\"elementor-element elementor-element-02dc82f elementor-widget elementor-widget-image\" data-id=\"02dc82f\" data-element_type=\"widget\" data-e-type=\"widget\" data-widget_type=\"image.default\">\n\t\t\t\t<div class=\"elementor-widget-container\">\n\t\t\t\t\t\t\t\t\t\t\t\t<figure class=\"wp-caption\">\n\t\t\t\t\t\t\t\t\t\t\t<a href=\"http:\/\/topa.be\/wp-content\/uploads\/ST-MichielPetruskerk-Preekstoel.jpg\" data-elementor-open-lightbox=\"yes\" data-elementor-lightbox-title=\"ST-Michiel&amp;Petruskerk - Preekstoel\" data-elementor-lightbox-description=\"\u00c9glise Saiints Michel et Pierre, Anvers - la chaire en marbre\" data-e-action-hash=\"#elementor-action%3Aaction%3Dlightbox%26settings%3DeyJpZCI6MzUxNTIsInVybCI6Imh0dHBzOlwvXC90b3BhLmJlXC93cC1jb250ZW50XC91cGxvYWRzXC9TVC1NaWNoaWVsUGV0cnVza2Vyay1QcmVla3N0b2VsLmpwZyJ9\">\n\t\t\t\t\t\t\t<img decoding=\"async\" width=\"244\" height=\"198\" src=\"https:\/\/topa.be\/wp-content\/uploads\/ST-MichielPetruskerk-Preekstoel.jpg\" class=\"attachment-large size-large wp-image-35152\" alt=\"\" srcset=\"https:\/\/topa.be\/wp-content\/uploads\/ST-MichielPetruskerk-Preekstoel.jpg 244w, https:\/\/topa.be\/wp-content\/uploads\/ST-MichielPetruskerk-Preekstoel-200x162.jpg 200w\" sizes=\"(max-width: 244px) 100vw, 244px\" \/>\t\t\t\t\t\t\t\t<\/a>\n\t\t\t\t\t\t\t\t\t\t\t<figcaption class=\"widget-image-caption wp-caption-text\">\u00c9glise Saiints Michel et Pierre, Anvers - la chaire en marbre<\/figcaption>\n\t\t\t\t\t\t\t\t\t\t<\/figure>\n\t\t\t\t\t\t\t\t\t<\/div>\n\t\t\t\t<\/div>\n\t\t\t\t\t<\/div>\n\t\t<\/div>\n\t\t\t\t\t<\/div>\n\t\t<\/section>\n\t\t\t\t<\/div>\n\t\t","protected":false},"excerpt":{"rendered":"<p>\u00c9glise Saints-Michel-et-Pierre Une br\u00e8ve introduction Histoire La premi\u00e8re \u00e9glise d\u2019Anvers, \u00e9rig\u00e9e par Saint Amand au 7e si\u00e8cle, fut consacr\u00e9e aux Saints Pierre et Paul. Apr\u00e8s l\u2019invasion des Normands elle est remplac\u00e9e par une nouvelle \u00e9glise paroissiale, d\u00e9di\u00e9e \u00e0 l\u2019archange Michel. En 1124 Saint Norbert y adjoint une communaut\u00e9 monacale. Lors de l\u2019annexion par la France [&hellip;]<\/p>\n","protected":false},"author":16,"featured_media":0,"parent":37997,"menu_order":120,"comment_status":"closed","ping_status":"closed","template":"","meta":{"footnotes":""},"class_list":["post-46421","page","type-page","status-publish","hentry"],"aioseo_notices":[],"_links":{"self":[{"href":"https:\/\/topa.be\/fr\/wp-json\/wp\/v2\/pages\/46421","targetHints":{"allow":["GET"]}}],"collection":[{"href":"https:\/\/topa.be\/fr\/wp-json\/wp\/v2\/pages"}],"about":[{"href":"https:\/\/topa.be\/fr\/wp-json\/wp\/v2\/types\/page"}],"author":[{"embeddable":true,"href":"https:\/\/topa.be\/fr\/wp-json\/wp\/v2\/users\/16"}],"replies":[{"embeddable":true,"href":"https:\/\/topa.be\/fr\/wp-json\/wp\/v2\/comments?post=46421"}],"version-history":[{"count":1,"href":"https:\/\/topa.be\/fr\/wp-json\/wp\/v2\/pages\/46421\/revisions"}],"predecessor-version":[{"id":46422,"href":"https:\/\/topa.be\/fr\/wp-json\/wp\/v2\/pages\/46421\/revisions\/46422"}],"up":[{"embeddable":true,"href":"https:\/\/topa.be\/fr\/wp-json\/wp\/v2\/pages\/37997"}],"wp:attachment":[{"href":"https:\/\/topa.be\/fr\/wp-json\/wp\/v2\/media?parent=46421"}],"curies":[{"name":"wp","href":"https:\/\/api.w.org\/{rel}","templated":true}]}}