{"id":46408,"date":"2021-07-21T11:46:07","date_gmt":"2021-07-21T09:46:07","guid":{"rendered":"http:\/\/topa.be\/monumentale-kerken\/sint-laurentius\/leglise-saint-laurent\/"},"modified":"2021-12-24T17:30:48","modified_gmt":"2021-12-24T16:30:48","slug":"kennismaking","status":"publish","type":"page","link":"https:\/\/topa.be\/fr\/monumentale-kerken\/sint-laurentius\/kennismaking\/","title":{"rendered":"L\u2019\u00e9glise en bref"},"content":{"rendered":"\t\t<div data-elementor-type=\"wp-page\" data-elementor-id=\"46408\" class=\"elementor elementor-46408 elementor-34029\" data-elementor-post-type=\"page\">\n\t\t\t\t\t\t<section class=\"elementor-section elementor-top-section elementor-element elementor-element-1719ffb elementor-section-boxed elementor-section-height-default elementor-section-height-default\" data-id=\"1719ffb\" data-element_type=\"section\" data-e-type=\"section\">\n\t\t\t\t\t\t<div class=\"elementor-container elementor-column-gap-default\">\n\t\t\t\t\t<div class=\"elementor-column elementor-col-100 elementor-top-column elementor-element elementor-element-05a36d2\" data-id=\"05a36d2\" data-element_type=\"column\" data-e-type=\"column\">\n\t\t\t<div class=\"elementor-widget-wrap elementor-element-populated\">\n\t\t\t\t\t\t<div class=\"elementor-element elementor-element-233b346 elementor-widget elementor-widget-heading\" data-id=\"233b346\" data-element_type=\"widget\" data-e-type=\"widget\" data-widget_type=\"heading.default\">\n\t\t\t\t<div class=\"elementor-widget-container\">\n\t\t\t\t\t<h1 class=\"elementor-heading-title elementor-size-default\">L\u2019\u00e9glise Saint Laurent<\/h1>\t\t\t\t<\/div>\n\t\t\t\t<\/div>\n\t\t\t\t\t<\/div>\n\t\t<\/div>\n\t\t\t\t\t<\/div>\n\t\t<\/section>\n\t\t\t\t<section class=\"elementor-section elementor-top-section elementor-element elementor-element-4395ecc elementor-section-boxed elementor-section-height-default elementor-section-height-default\" data-id=\"4395ecc\" data-element_type=\"section\" data-e-type=\"section\">\n\t\t\t\t\t\t<div class=\"elementor-container elementor-column-gap-default\">\n\t\t\t\t\t<div class=\"elementor-column elementor-col-100 elementor-top-column elementor-element elementor-element-bc0727b\" data-id=\"bc0727b\" data-element_type=\"column\" data-e-type=\"column\">\n\t\t\t<div class=\"elementor-widget-wrap elementor-element-populated\">\n\t\t\t\t\t\t<div class=\"elementor-element elementor-element-a2605cb elementor-widget elementor-widget-heading\" data-id=\"a2605cb\" data-element_type=\"widget\" data-e-type=\"widget\" data-widget_type=\"heading.default\">\n\t\t\t\t<div class=\"elementor-widget-container\">\n\t\t\t\t\t<h2 class=\"elementor-heading-title elementor-size-default\">Une br\u00e8ve introduction<\/h2>\t\t\t\t<\/div>\n\t\t\t\t<\/div>\n\t\t\t\t\t<\/div>\n\t\t<\/div>\n\t\t\t\t\t<\/div>\n\t\t<\/section>\n\t\t\t\t<section class=\"elementor-section elementor-top-section elementor-element elementor-element-570f9e9 elementor-section-boxed elementor-section-height-default elementor-section-height-default\" data-id=\"570f9e9\" data-element_type=\"section\" data-e-type=\"section\">\n\t\t\t\t\t\t<div class=\"elementor-container elementor-column-gap-default\">\n\t\t\t\t\t<div class=\"elementor-column elementor-col-66 elementor-top-column elementor-element elementor-element-6e7a2b3\" data-id=\"6e7a2b3\" data-element_type=\"column\" data-e-type=\"column\">\n\t\t\t<div class=\"elementor-widget-wrap elementor-element-populated\">\n\t\t\t\t\t\t<div class=\"elementor-element elementor-element-6b5e164 elementor-widget elementor-widget-text-editor\" data-id=\"6b5e164\" data-element_type=\"widget\" data-e-type=\"widget\" data-widget_type=\"text-editor.default\">\n\t\t\t\t<div class=\"elementor-widget-container\">\n\t\t\t\t\t\t\t\t\t<div class=\"wpb_text_column wpb_content_element \">\n<div class=\"wpb_wrapper\">\n<p style=\"text-align: justify;\">La paroisse Saint-Laurent est la premi\u00e8re paroisse \u00e9rig\u00e9e en 1659 \u00e0 l\u2019ext\u00e9rieur des murs de la ville.<\/p>\n<p style=\"text-align: justify;\">L\u2019\u00e9glise actuelle, la quatri\u00e8me d\u00e9j\u00e0, est un monument remarquable datant de l\u2019entre-deux-guerres, en style n\u00e9o-byzantin avec des \u00e9l\u00e9ments art d\u00e9co. Elle fut consacr\u00e9e en 1934.<\/p>\n<p style=\"text-align: justify;\">Avec son plan centr\u00e9, surmont\u00e9e d\u2019un grand d\u00f4me et flanqu\u00e9e d\u2019une tour robuste (65m), elle domine le paysage. La tour et le baptist\u00e8re entourent l\u2019atrium devant l\u2019entr\u00e9e principale.<\/p>\n<p style=\"text-align: justify;\">L\u2019architecte J. Huygh part d\u2019un concept global englobant le b\u00e2timent et son agencement int\u00e9rieur. Il fait appel \u00e0 divers artistes contemporains. L\u2019architecture, les d\u00e9corations et le mobilier sont explicitement con\u00e7us en partant du symbolisme religieux propre au mouvement artistique \u2018De Pelgrim\u2019.<\/p>\n<p style=\"text-align: justify;\">Le ma\u00eetre-autel (A. Bressers) se trouve au milieu, tout comme le Christ est la figure centrale de l\u2019\u00c9glise. Les quatre \u00e9normes piliers doubles qui portent le d\u00f4me, sont coiff\u00e9s chacun par un majestueuse taureau ail\u00e9, avec comme t\u00eate la figure all\u00e9gorique des quatre \u00e9vang\u00e9listes (Rik Sauter).<\/p>\n<p style=\"text-align: justify;\">Les 12 petits piliers en marbre rouge repr\u00e9sentent les 12 ap\u00f4tres et portent la galerie circulaire.<\/p>\n<p style=\"text-align: justify;\">Les 72 lampes du grand lustre circulaire (R. Haan) rappellent les 72 disciples du Christ. Le p\u00e9lican appara\u00eet de nombreuses fois, tant en pierre qu\u2019en bronze, en tant que symbole de l\u2019amour du Christ.<\/p>\n<p style=\"text-align: justify;\">L\u2019orge, construit par B. Pels, et inaugur\u00e9 en 1935 par Flor Peeters, accompagne encore toujours les c\u00e9l\u00e9brations et se pr\u00eate aussi \u00e0 des concerts.<\/p>\n<p style=\"text-align: justify;\">Les mosa\u00efques multicolores (J. Collette) et les vitraux (J. Collette-Fr.Slijpen) datent des ann\u00e9es \u201850.<\/p>\n<p style=\"text-align: justify;\">Lors de la transformation du baptist\u00e8re en chapelle d\u2019appoint en 1975 deux vitraux de J. Huet y trouvent une place. En 2009 deux vitraux modernes et une porte vitr\u00e9e y sont plac\u00e9s par Joost Caen.<\/p>\n<\/div>\n<\/div>\n\t\t\t\t\t\t\t\t<\/div>\n\t\t\t\t<\/div>\n\t\t\t\t\t<\/div>\n\t\t<\/div>\n\t\t\t\t<div class=\"elementor-column elementor-col-33 elementor-top-column elementor-element elementor-element-25f2943\" data-id=\"25f2943\" data-element_type=\"column\" data-e-type=\"column\">\n\t\t\t<div class=\"elementor-widget-wrap elementor-element-populated\">\n\t\t\t\t\t\t<div class=\"elementor-element elementor-element-b4f84e6 elementor-widget elementor-widget-image\" data-id=\"b4f84e6\" data-element_type=\"widget\" data-e-type=\"widget\" data-widget_type=\"image.default\">\n\t\t\t\t<div class=\"elementor-widget-container\">\n\t\t\t\t\t\t\t\t\t\t\t\t\t\t\t\t<a href=\"http:\/\/topa.be\/wp-content\/uploads\/image002.jpg\" data-elementor-open-lightbox=\"yes\" data-elementor-lightbox-title=\"Sint-Lurentius 2\" data-e-action-hash=\"#elementor-action%3Aaction%3Dlightbox%26settings%3DeyJpZCI6MjIwODQsInVybCI6Imh0dHBzOlwvXC90b3BhLmJlXC93cC1jb250ZW50XC91cGxvYWRzXC9pbWFnZTAwMi5qcGcifQ%3D%3D\">\n\t\t\t\t\t\t\t<img fetchpriority=\"high\" decoding=\"async\" width=\"557\" height=\"745\" src=\"https:\/\/topa.be\/wp-content\/uploads\/image002.jpg\" class=\"attachment-large size-large wp-image-22084\" alt=\"\" srcset=\"https:\/\/topa.be\/wp-content\/uploads\/image002.jpg 557w, https:\/\/topa.be\/wp-content\/uploads\/image002-224x300.jpg 224w, https:\/\/topa.be\/wp-content\/uploads\/image002-150x200.jpg 150w\" sizes=\"(max-width: 557px) 100vw, 557px\" \/>\t\t\t\t\t\t\t\t<\/a>\n\t\t\t\t\t\t\t\t\t\t\t\t\t\t\t<\/div>\n\t\t\t\t<\/div>\n\t\t\t\t<div class=\"elementor-element elementor-element-8a30f1d elementor-widget elementor-widget-image\" data-id=\"8a30f1d\" data-element_type=\"widget\" data-e-type=\"widget\" data-widget_type=\"image.default\">\n\t\t\t\t<div class=\"elementor-widget-container\">\n\t\t\t\t\t\t\t\t\t\t\t\t\t\t\t\t<a href=\"http:\/\/topa.be\/wp-content\/uploads\/image004.jpg\" data-elementor-open-lightbox=\"yes\" data-elementor-lightbox-title=\"Sint-Laurentius 4\" data-e-action-hash=\"#elementor-action%3Aaction%3Dlightbox%26settings%3DeyJpZCI6MjIwOTYsInVybCI6Imh0dHBzOlwvXC90b3BhLmJlXC93cC1jb250ZW50XC91cGxvYWRzXC9pbWFnZTAwNC5qcGcifQ%3D%3D\">\n\t\t\t\t\t\t\t<img decoding=\"async\" width=\"640\" height=\"480\" src=\"https:\/\/topa.be\/wp-content\/uploads\/image004.jpg\" class=\"attachment-large size-large wp-image-22096\" alt=\"\" srcset=\"https:\/\/topa.be\/wp-content\/uploads\/image004.jpg 640w, https:\/\/topa.be\/wp-content\/uploads\/image004-300x225.jpg 300w, https:\/\/topa.be\/wp-content\/uploads\/image004-200x150.jpg 200w\" sizes=\"(max-width: 640px) 100vw, 640px\" \/>\t\t\t\t\t\t\t\t<\/a>\n\t\t\t\t\t\t\t\t\t\t\t\t\t\t\t<\/div>\n\t\t\t\t<\/div>\n\t\t\t\t\t<\/div>\n\t\t<\/div>\n\t\t\t\t\t<\/div>\n\t\t<\/section>\n\t\t\t\t<\/div>\n\t\t","protected":false},"excerpt":{"rendered":"<p>L\u2019\u00e9glise Saint Laurent Une br\u00e8ve introduction La paroisse Saint-Laurent est la premi\u00e8re paroisse \u00e9rig\u00e9e en 1659 \u00e0 l\u2019ext\u00e9rieur des murs de la ville. L\u2019\u00e9glise actuelle, la quatri\u00e8me d\u00e9j\u00e0, est un monument remarquable datant de l\u2019entre-deux-guerres, en style n\u00e9o-byzantin avec des \u00e9l\u00e9ments art d\u00e9co. Elle fut consacr\u00e9e en 1934. Avec son plan centr\u00e9, surmont\u00e9e d\u2019un grand [&hellip;]<\/p>\n","protected":false},"author":16,"featured_media":0,"parent":37999,"menu_order":10,"comment_status":"closed","ping_status":"closed","template":"","meta":{"footnotes":""},"class_list":["post-46408","page","type-page","status-publish","hentry"],"aioseo_notices":[],"_links":{"self":[{"href":"https:\/\/topa.be\/fr\/wp-json\/wp\/v2\/pages\/46408","targetHints":{"allow":["GET"]}}],"collection":[{"href":"https:\/\/topa.be\/fr\/wp-json\/wp\/v2\/pages"}],"about":[{"href":"https:\/\/topa.be\/fr\/wp-json\/wp\/v2\/types\/page"}],"author":[{"embeddable":true,"href":"https:\/\/topa.be\/fr\/wp-json\/wp\/v2\/users\/16"}],"replies":[{"embeddable":true,"href":"https:\/\/topa.be\/fr\/wp-json\/wp\/v2\/comments?post=46408"}],"version-history":[{"count":3,"href":"https:\/\/topa.be\/fr\/wp-json\/wp\/v2\/pages\/46408\/revisions"}],"predecessor-version":[{"id":63167,"href":"https:\/\/topa.be\/fr\/wp-json\/wp\/v2\/pages\/46408\/revisions\/63167"}],"up":[{"embeddable":true,"href":"https:\/\/topa.be\/fr\/wp-json\/wp\/v2\/pages\/37999"}],"wp:attachment":[{"href":"https:\/\/topa.be\/fr\/wp-json\/wp\/v2\/media?parent=46408"}],"curies":[{"name":"wp","href":"https:\/\/api.w.org\/{rel}","templated":true}]}}