{"id":44044,"date":"2021-07-11T12:49:15","date_gmt":"2021-07-11T10:49:15","guid":{"rendered":"http:\/\/topa.be\/st-andries\/sak-kerkmuseum\/"},"modified":"2021-09-26T19:30:06","modified_gmt":"2021-09-26T17:30:06","slug":"kerkmuseum","status":"publish","type":"page","link":"https:\/\/topa.be\/fr\/st-andries\/kerkmuseum\/","title":{"rendered":"SAK Le mus\u00e9e"},"content":{"rendered":"\t\t<div data-elementor-type=\"wp-page\" data-elementor-id=\"44044\" class=\"elementor elementor-44044 elementor-41253\" data-elementor-post-type=\"page\">\n\t\t\t\t\t\t<section class=\"elementor-section elementor-top-section elementor-element elementor-element-f02a82e elementor-section-boxed elementor-section-height-default elementor-section-height-default\" data-id=\"f02a82e\" data-element_type=\"section\" data-e-type=\"section\">\n\t\t\t\t\t\t<div class=\"elementor-container elementor-column-gap-default\">\n\t\t\t\t\t<div class=\"elementor-column elementor-col-100 elementor-top-column elementor-element elementor-element-e756e2e\" data-id=\"e756e2e\" data-element_type=\"column\" data-e-type=\"column\">\n\t\t\t<div class=\"elementor-widget-wrap elementor-element-populated\">\n\t\t\t\t\t\t<div class=\"elementor-element elementor-element-d2e5378 elementor-widget elementor-widget-heading\" data-id=\"d2e5378\" data-element_type=\"widget\" data-e-type=\"widget\" data-widget_type=\"heading.default\">\n\t\t\t\t<div class=\"elementor-widget-container\">\n\t\t\t\t\t<h1 class=\"elementor-heading-title elementor-size-default\">\u00c9glise Saint-Andr\u00e9<\/h1>\t\t\t\t<\/div>\n\t\t\t\t<\/div>\n\t\t\t\t\t<\/div>\n\t\t<\/div>\n\t\t\t\t\t<\/div>\n\t\t<\/section>\n\t\t\t\t<section class=\"elementor-section elementor-top-section elementor-element elementor-element-96abc94 elementor-section-boxed elementor-section-height-default elementor-section-height-default\" data-id=\"96abc94\" data-element_type=\"section\" data-e-type=\"section\">\n\t\t\t\t\t\t<div class=\"elementor-container elementor-column-gap-default\">\n\t\t\t\t\t<div class=\"elementor-column elementor-col-100 elementor-top-column elementor-element elementor-element-28ad4cd\" data-id=\"28ad4cd\" data-element_type=\"column\" data-e-type=\"column\">\n\t\t\t<div class=\"elementor-widget-wrap elementor-element-populated\">\n\t\t\t\t\t\t<div class=\"elementor-element elementor-element-87ff007 elementor-widget elementor-widget-heading\" data-id=\"87ff007\" data-element_type=\"widget\" data-e-type=\"widget\" data-widget_type=\"heading.default\">\n\t\t\t\t<div class=\"elementor-widget-container\">\n\t\t\t\t\t<h2 class=\"elementor-heading-title elementor-size-default\">Plus qu\u2019un mus\u00e9e comme les autres\u2026<\/h2>\t\t\t\t<\/div>\n\t\t\t\t<\/div>\n\t\t\t\t\t<\/div>\n\t\t<\/div>\n\t\t\t\t\t<\/div>\n\t\t<\/section>\n\t\t\t\t<section class=\"elementor-section elementor-top-section elementor-element elementor-element-1877396 elementor-section-boxed elementor-section-height-default elementor-section-height-default\" data-id=\"1877396\" data-element_type=\"section\" data-e-type=\"section\">\n\t\t\t\t\t\t<div class=\"elementor-container elementor-column-gap-default\">\n\t\t\t\t\t<div class=\"elementor-column elementor-col-66 elementor-top-column elementor-element elementor-element-c1ae5eb\" data-id=\"c1ae5eb\" data-element_type=\"column\" data-e-type=\"column\">\n\t\t\t<div class=\"elementor-widget-wrap elementor-element-populated\">\n\t\t\t\t\t\t<div class=\"elementor-element elementor-element-8765c1a elementor-widget elementor-widget-text-editor\" data-id=\"8765c1a\" data-element_type=\"widget\" data-e-type=\"widget\" data-widget_type=\"text-editor.default\">\n\t\t\t\t<div class=\"elementor-widget-container\">\n\t\t\t\t\t\t\t\t\t<div class=\"wpb_column vc_column_container vc_col-sm-8\">\n<div class=\"vc_column-inner\">\n<div class=\"wpb_wrapper\">\n<div class=\"wpb_text_column wpb_content_element \">\n<div class=\"wpb_wrapper\">\n<p style=\"text-align: justify;\">Ouvert en 2008, ce mus\u00e9e veut \u00eatre plus qu\u2019une salle exposant sagement des objets pr\u00e9cieux. Il veut avant tout raconter une histoire. Non pas celle du b\u00e2timent, ni celle de l\u2019\u00e9glise-institution, mais bien celle des Anversois qui vivaient pr\u00e8s de \u2013 et m\u00eame dans \u2013 l\u2019\u00e9glise.<\/p>\n<p style=\"text-align: justify;\">Cette histoire se d\u00e9veloppe en cinq th\u00e8mes, articul\u00e9s autour de la dualit\u00e9 pauvre\/riche. Faisant ainsi r\u00e9f\u00e9rence \u00e0 l\u2019histoire sociale de Saint-Andr\u00e9 en tant que Paroisse de mis\u00e8re.<\/p>\n<\/div>\n<\/div>\n<\/div>\n<\/div>\n<\/div>\n\t\t\t\t\t\t\t\t<\/div>\n\t\t\t\t<\/div>\n\t\t\t\t<div class=\"elementor-element elementor-element-f300a70 elementor-widget elementor-widget-text-editor\" data-id=\"f300a70\" data-element_type=\"widget\" data-e-type=\"widget\" data-widget_type=\"text-editor.default\">\n\t\t\t\t<div class=\"elementor-widget-container\">\n\t\t\t\t\t\t\t\t\t<div class=\"wpb_column vc_column_container vc_col-sm-8\">\n<div class=\"vc_column-inner\">\n<div class=\"wpb_wrapper\">\n<div class=\"wpb_text_column wpb_content_element \">\n<div class=\"wpb_wrapper\">\n<p style=\"text-align: justify;\">C\u2019est \u00e0 ses paroissiens, pauvres et riches, fort attach\u00e9s \u00e0 leur foi, que le quartier doit son \u00e9glise et ses tr\u00e9sors. Tous y allant de leur poche, en fonction de son contenu.<\/p>\n<p style=\"text-align: justify;\">Au temps o\u00f9 la m\u00e9decine restait al\u00e9atoire, les saints \u00e9taient plac\u00e9s sur un pi\u00e9destal et invoqu\u00e9s pour tous les maux, tant physiques que psychiques. La v\u00e9n\u00e9ration des saints incluait aussi les valeurs relationnelles et familiales. La reconnaissance prenait alors la forme d\u2019ex-votos, plaquettes d\u2019argent et poup\u00e9es de cire, selon la fortune de chacun. Un ex-voto tr\u00e8s sp\u00e9cial est le boulet de canon en argent en souvenir des bombardements de la ville d\u00e9truisant pr\u00e8s de 600 maisons lors de la guerre d\u2019ind\u00e9pendance. Le magnifique manteau de Notre Dame du Secours et de la Victoire fut offert par le premier bourgmestre Belge en remerciement du fait que ces bombardements ne firent que peu de victimes.<\/p>\n<p style=\"text-align: justify;\">Une fois l\u2019an la procession sortait : tout le monde la suivait ou d\u00e9corait sa maison. La vitrine centrale vous montre un bout de cette procession. Les deux clous en sont le manteau d\u2019apparat de la Vierge et le bateau de Saint Andr\u00e9, un reliquaire en argent, toutes voiles dehors. Des photos d\u2019\u00e9poque compl\u00e8tent cette \u00e9vocation.<\/p>\n<\/div>\n<\/div>\n<\/div>\n<\/div>\n<\/div>\n\t\t\t\t\t\t\t\t<\/div>\n\t\t\t\t<\/div>\n\t\t\t\t<div class=\"elementor-element elementor-element-c1ed460 elementor-widget elementor-widget-text-editor\" data-id=\"c1ed460\" data-element_type=\"widget\" data-e-type=\"widget\" data-widget_type=\"text-editor.default\">\n\t\t\t\t<div class=\"elementor-widget-container\">\n\t\t\t\t\t\t\t\t\t<div class=\"wpb_column vc_column_container vc_col-sm-8\">\n<div class=\"vc_column-inner\">\n<div class=\"wpb_wrapper\">\n<div class=\"wpb_text_column wpb_content_element \">\n<div class=\"wpb_wrapper\">\n<p><a href=\"http:\/\/topa.be\/wp-content\/uploads\/Andries_3.jpg\"><img fetchpriority=\"high\" decoding=\"async\" class=\"size-full wp-image-13048 alignleft\" src=\"http:\/\/topa.be\/wp-content\/uploads\/Andries_3.jpg\" alt=\"\" width=\"200\" height=\"300\" srcset=\"https:\/\/topa.be\/wp-content\/uploads\/Andries_3.jpg 200w, https:\/\/topa.be\/wp-content\/uploads\/Andries_3-133x200.jpg 133w\" sizes=\"(max-width: 200px) 100vw, 200px\" \/><\/a><\/p>\n<div class=\"wpb_column vc_column_container vc_col-sm-8\">\n<div class=\"vc_column-inner\">\n<div class=\"wpb_wrapper\">\n<div class=\"wpb_text_column wpb_content_element \">\n<div class=\"wpb_wrapper\">\n<p style=\"text-align: justify;\">Les deux classes sociales, pauvres et riches, sont par deux fois mises en contraste. D\u2019une part deux immenses photographies d\u2019une ruelle et d\u2019une rue. D\u2019autre part une simple chapelle en bois avec Saint Rochus invoqu\u00e9 contre le chol\u00e9ra pour les quartiers pauvres et une grande Vierge en pierre par\u00e9e d\u2019argent au coin d\u2019une rue bourgeoise.<\/p>\n<p style=\"text-align: justify;\">L\u2019exposition termine en donnant \u00e0 voir ce qui se vit derri\u00e8re les fa\u00e7ades : la d\u00e9coration d\u2019inspiration religieuse dans la pi\u00e8ce de s\u00e9jour, paille ou ivoire d\u2019apr\u00e8s la bourse. La dentelle est une industrie domestique. Plus loin, un pr\u00eatre apporte le viatique \u00e0 un mourant.<\/p>\n<\/div>\n<\/div>\n<\/div>\n<\/div>\n<\/div>\n<\/div>\n<\/div>\n<\/div>\n<\/div>\n<\/div>\n\t\t\t\t\t\t\t\t<\/div>\n\t\t\t\t<\/div>\n\t\t\t\t<div class=\"elementor-element elementor-element-cf9ac4f elementor-widget elementor-widget-text-editor\" data-id=\"cf9ac4f\" data-element_type=\"widget\" data-e-type=\"widget\" data-widget_type=\"text-editor.default\">\n\t\t\t\t<div class=\"elementor-widget-container\">\n\t\t\t\t\t\t\t\t\t<div class=\"wpb_text_column wpb_content_element \">\n<div class=\"wpb_wrapper\">\n<p><a href=\"http:\/\/topa.be\/wp-content\/uploads\/Andries_4.jpg\"><img decoding=\"async\" class=\"size-full wp-image-13060 alignleft\" src=\"http:\/\/topa.be\/wp-content\/uploads\/Andries_4.jpg\" alt=\"\" width=\"300\" height=\"200\" srcset=\"https:\/\/topa.be\/wp-content\/uploads\/Andries_4.jpg 300w, https:\/\/topa.be\/wp-content\/uploads\/Andries_4-200x133.jpg 200w\" sizes=\"(max-width: 300px) 100vw, 300px\" \/><\/a><\/p>\n<div class=\"wpb_text_column wpb_content_element \">\n<div class=\"wpb_wrapper\">\n<p>Par ce concept le Cur\u00e9 Rudi Mannaerts veut pr\u00e9senter au visiteur contemporain un t\u00e9moignage de ce que fut la vie religieuse color\u00e9e dans ce quartier d\u2019Anvers.<\/p>\n<p>R\u00e9alis\u00e9 avec le soutien de la ville, de la province et de la Communaut\u00e9 Flamande, con\u00e7u par Robert Buelens, architecte d\u2019int\u00e9rieur et ex\u00e9cut\u00e9 par Franky Security, le r\u00e9sultat en vaut la peine.<\/p>\n<p><em>Il vous est possible de demander une visite guid\u00e9e\u00a0via\u00a0+32 (0)494 11 65 28 ou par courriel \u00e0\u00a0<\/em><a href=\"mailto:info@topa.be\"><strong><em>info@topa.be.<\/em><\/strong><\/a><em>\u00a0<\/em><em>visite combinable avec celle de l\u2019\u00e9glise et du quartier.<\/em><\/p>\n<\/div>\n<\/div>\n<\/div>\n<\/div>\n\t\t\t\t\t\t\t\t<\/div>\n\t\t\t\t<\/div>\n\t\t\t\t\t<\/div>\n\t\t<\/div>\n\t\t\t\t<div class=\"elementor-column elementor-col-33 elementor-top-column elementor-element elementor-element-7fc6894\" data-id=\"7fc6894\" data-element_type=\"column\" data-e-type=\"column\">\n\t\t\t<div class=\"elementor-widget-wrap elementor-element-populated\">\n\t\t\t\t\t\t<div class=\"elementor-element elementor-element-0aef654 elementor-widget elementor-widget-heading\" data-id=\"0aef654\" data-element_type=\"widget\" data-e-type=\"widget\" data-widget_type=\"heading.default\">\n\t\t\t\t<div class=\"elementor-widget-container\">\n\t\t\t\t\t<h4 class=\"elementor-heading-title elementor-size-default\">Pour d\u00e9couvrir plus:<\/h4>\t\t\t\t<\/div>\n\t\t\t\t<\/div>\n\t\t\t\t<div class=\"elementor-element elementor-element-9119247 elementor-nav-menu--dropdown-tablet elementor-nav-menu__text-align-aside elementor-nav-menu--toggle elementor-nav-menu--burger elementor-widget elementor-widget-nav-menu\" data-id=\"9119247\" data-element_type=\"widget\" data-e-type=\"widget\" data-settings=\"{&quot;layout&quot;:&quot;vertical&quot;,&quot;submenu_icon&quot;:{&quot;value&quot;:&quot;&lt;i class=\\&quot;fas fa-caret-down\\&quot; aria-hidden=\\&quot;true\\&quot;&gt;&lt;\\\/i&gt;&quot;,&quot;library&quot;:&quot;fa-solid&quot;},&quot;toggle&quot;:&quot;burger&quot;}\" data-widget_type=\"nav-menu.default\">\n\t\t\t\t<div class=\"elementor-widget-container\">\n\t\t\t\t\t\t\t\t<nav aria-label=\"Menu\" class=\"elementor-nav-menu--main elementor-nav-menu__container elementor-nav-menu--layout-vertical e--pointer-framed e--animation-fade\">\n\t\t\t\t<ul id=\"menu-1-9119247\" class=\"elementor-nav-menu sm-vertical\"><li class=\"menu-item menu-item-type-post_type menu-item-object-page menu-item-59950\"><a href=\"https:\/\/topa.be\/fr\/st-andries\/praktisch\/\" class=\"elementor-item\">Informations pratiques<\/a><\/li>\n<li class=\"menu-item menu-item-type-post_type menu-item-object-page menu-item-59951\"><a href=\"https:\/\/topa.be\/fr\/st-andries\/rondleidingen\/\" class=\"elementor-item\">Visites guid\u00e9es<\/a><\/li>\n<li class=\"menu-item menu-item-type-post_type menu-item-object-page menu-item-59952\"><a href=\"https:\/\/topa.be\/fr\/st-andries\/kennismaking\/\" class=\"elementor-item\">L\u2019\u00e9glise en bref<\/a><\/li>\n<li class=\"menu-item menu-item-type-custom menu-item-object-custom menu-item-59953\"><a href=\"https:\/\/topantwerpen-my.sharepoint.com\/:v:\/g\/personal\/webmaster_topa_be\/EXZm-WjCFWJFtCAUxTMcGNYBkBAa1fZYYv5T6ESnKUYSmQ?e=XA6tST\" class=\"elementor-item\">Visite virtuelle (3\u201945\u201d)<\/a><\/li>\n<li class=\"menu-item menu-item-type-post_type menu-item-object-page menu-item-59954\"><a href=\"https:\/\/topa.be\/fr\/st-andries\/interactief-grondplan\/\" class=\"elementor-item\">Plan interactif<\/a><\/li>\n<li class=\"menu-item menu-item-type-post_type menu-item-object-page menu-item-61488\"><a href=\"https:\/\/topa.be\/fr\/st-andries\/beschrijving\/\" class=\"elementor-item\">History &#038; Description<\/a><\/li>\n<li class=\"menu-item menu-item-type-post_type menu-item-object-page menu-item-59955\"><a href=\"https:\/\/topa.be\/fr\/st-andries\/kerkmuseum\/\" class=\"elementor-item\">Le mus\u00e9e<\/a><\/li>\n<li class=\"menu-item menu-item-type-post_type menu-item-object-page menu-item-59956\"><a href=\"https:\/\/topa.be\/fr\/st-andries\/qr-codes\/\" class=\"elementor-item\">Codes QR<\/a><\/li>\n<\/ul>\t\t\t<\/nav>\n\t\t\t\t\t<div class=\"elementor-menu-toggle\" role=\"button\" tabindex=\"0\" aria-label=\"Permuter le menu\" aria-expanded=\"false\">\n\t\t\t<i aria-hidden=\"true\" role=\"presentation\" class=\"elementor-menu-toggle__icon--open eicon-menu-bar\"><\/i><i aria-hidden=\"true\" role=\"presentation\" class=\"elementor-menu-toggle__icon--close eicon-close\"><\/i>\t\t<\/div>\n\t\t\t\t\t<nav class=\"elementor-nav-menu--dropdown elementor-nav-menu__container\" aria-hidden=\"true\">\n\t\t\t\t<ul id=\"menu-2-9119247\" class=\"elementor-nav-menu sm-vertical\"><li class=\"menu-item menu-item-type-post_type menu-item-object-page menu-item-59950\"><a href=\"https:\/\/topa.be\/fr\/st-andries\/praktisch\/\" class=\"elementor-item\" tabindex=\"-1\">Informations pratiques<\/a><\/li>\n<li class=\"menu-item menu-item-type-post_type menu-item-object-page menu-item-59951\"><a href=\"https:\/\/topa.be\/fr\/st-andries\/rondleidingen\/\" class=\"elementor-item\" tabindex=\"-1\">Visites guid\u00e9es<\/a><\/li>\n<li class=\"menu-item menu-item-type-post_type menu-item-object-page menu-item-59952\"><a href=\"https:\/\/topa.be\/fr\/st-andries\/kennismaking\/\" class=\"elementor-item\" tabindex=\"-1\">L\u2019\u00e9glise en bref<\/a><\/li>\n<li class=\"menu-item menu-item-type-custom menu-item-object-custom menu-item-59953\"><a href=\"https:\/\/topantwerpen-my.sharepoint.com\/:v:\/g\/personal\/webmaster_topa_be\/EXZm-WjCFWJFtCAUxTMcGNYBkBAa1fZYYv5T6ESnKUYSmQ?e=XA6tST\" class=\"elementor-item\" tabindex=\"-1\">Visite virtuelle (3\u201945\u201d)<\/a><\/li>\n<li class=\"menu-item menu-item-type-post_type menu-item-object-page menu-item-59954\"><a href=\"https:\/\/topa.be\/fr\/st-andries\/interactief-grondplan\/\" class=\"elementor-item\" tabindex=\"-1\">Plan interactif<\/a><\/li>\n<li class=\"menu-item menu-item-type-post_type menu-item-object-page menu-item-61488\"><a href=\"https:\/\/topa.be\/fr\/st-andries\/beschrijving\/\" class=\"elementor-item\" tabindex=\"-1\">History &#038; Description<\/a><\/li>\n<li class=\"menu-item menu-item-type-post_type menu-item-object-page menu-item-59955\"><a href=\"https:\/\/topa.be\/fr\/st-andries\/kerkmuseum\/\" class=\"elementor-item\" tabindex=\"-1\">Le mus\u00e9e<\/a><\/li>\n<li class=\"menu-item menu-item-type-post_type menu-item-object-page menu-item-59956\"><a href=\"https:\/\/topa.be\/fr\/st-andries\/qr-codes\/\" class=\"elementor-item\" tabindex=\"-1\">Codes QR<\/a><\/li>\n<\/ul>\t\t\t<\/nav>\n\t\t\t\t\t\t<\/div>\n\t\t\t\t<\/div>\n\t\t\t\t\t<\/div>\n\t\t<\/div>\n\t\t\t\t\t<\/div>\n\t\t<\/section>\n\t\t\t\t<\/div>\n\t\t","protected":false},"excerpt":{"rendered":"<p>\u00c9glise Saint-Andr\u00e9 Plus qu\u2019un mus\u00e9e comme les autres\u2026 Ouvert en 2008, ce mus\u00e9e veut \u00eatre plus qu\u2019une salle exposant sagement des objets pr\u00e9cieux. Il veut avant tout raconter une histoire. Non pas celle du b\u00e2timent, ni celle de l\u2019\u00e9glise-institution, mais bien celle des Anversois qui vivaient pr\u00e8s de \u2013 et m\u00eame dans \u2013 l\u2019\u00e9glise. Cette [&hellip;]<\/p>\n","protected":false},"author":16,"featured_media":0,"parent":38115,"menu_order":80,"comment_status":"closed","ping_status":"closed","template":"","meta":{"footnotes":""},"class_list":["post-44044","page","type-page","status-publish","hentry"],"aioseo_notices":[],"_links":{"self":[{"href":"https:\/\/topa.be\/fr\/wp-json\/wp\/v2\/pages\/44044","targetHints":{"allow":["GET"]}}],"collection":[{"href":"https:\/\/topa.be\/fr\/wp-json\/wp\/v2\/pages"}],"about":[{"href":"https:\/\/topa.be\/fr\/wp-json\/wp\/v2\/types\/page"}],"author":[{"embeddable":true,"href":"https:\/\/topa.be\/fr\/wp-json\/wp\/v2\/users\/16"}],"replies":[{"embeddable":true,"href":"https:\/\/topa.be\/fr\/wp-json\/wp\/v2\/comments?post=44044"}],"version-history":[{"count":3,"href":"https:\/\/topa.be\/fr\/wp-json\/wp\/v2\/pages\/44044\/revisions"}],"predecessor-version":[{"id":57404,"href":"https:\/\/topa.be\/fr\/wp-json\/wp\/v2\/pages\/44044\/revisions\/57404"}],"up":[{"embeddable":true,"href":"https:\/\/topa.be\/fr\/wp-json\/wp\/v2\/pages\/38115"}],"wp:attachment":[{"href":"https:\/\/topa.be\/fr\/wp-json\/wp\/v2\/media?parent=44044"}],"curies":[{"name":"wp","href":"https:\/\/api.w.org\/{rel}","templated":true}]}}