{"id":41747,"date":"2021-06-22T19:27:58","date_gmt":"2021-06-22T17:27:58","guid":{"rendered":"http:\/\/topa.be\/erediensten\/"},"modified":"2025-03-13T14:51:05","modified_gmt":"2025-03-13T13:51:05","slug":"erediensten","status":"publish","type":"page","link":"https:\/\/topa.be\/fr\/erediensten\/","title":{"rendered":"SERVICES RELIGIEUX"},"content":{"rendered":"\t\t<div data-elementor-type=\"wp-page\" data-elementor-id=\"41747\" class=\"elementor elementor-41747 elementor-11763\" data-elementor-post-type=\"page\">\n\t\t\t\t\t\t<section class=\"elementor-section elementor-top-section elementor-element elementor-element-b67acc9 elementor-section-boxed elementor-section-height-default elementor-section-height-default\" data-id=\"b67acc9\" data-element_type=\"section\" data-e-type=\"section\">\n\t\t\t\t\t\t<div class=\"elementor-container elementor-column-gap-default\">\n\t\t\t\t\t<div class=\"elementor-column elementor-col-100 elementor-top-column elementor-element elementor-element-3b17cc4\" data-id=\"3b17cc4\" data-element_type=\"column\" data-e-type=\"column\">\n\t\t\t<div class=\"elementor-widget-wrap elementor-element-populated\">\n\t\t\t\t\t\t<div class=\"elementor-element elementor-element-1498853 elementor-widget elementor-widget-heading\" data-id=\"1498853\" data-element_type=\"widget\" data-e-type=\"widget\" data-widget_type=\"heading.default\">\n\t\t\t\t<div class=\"elementor-widget-container\">\n\t\t\t\t\t<h1 class=\"elementor-heading-title elementor-size-default\"> Liturgie chr\u00e9tienne \u00e0 Anvers<\/h1>\t\t\t\t<\/div>\n\t\t\t\t<\/div>\n\t\t\t\t\t<\/div>\n\t\t<\/div>\n\t\t\t\t\t<\/div>\n\t\t<\/section>\n\t\t\t\t<section class=\"elementor-section elementor-top-section elementor-element elementor-element-9473c99 elementor-section-boxed elementor-section-height-default elementor-section-height-default\" data-id=\"9473c99\" data-element_type=\"section\" data-e-type=\"section\">\n\t\t\t\t\t\t<div class=\"elementor-container elementor-column-gap-default\">\n\t\t\t\t\t<div class=\"elementor-column elementor-col-100 elementor-top-column elementor-element elementor-element-4ae70c3\" data-id=\"4ae70c3\" data-element_type=\"column\" data-e-type=\"column\">\n\t\t\t<div class=\"elementor-widget-wrap elementor-element-populated\">\n\t\t\t\t\t\t<section class=\"elementor-section elementor-inner-section elementor-element elementor-element-6555777 elementor-section-boxed elementor-section-height-default elementor-section-height-default\" data-id=\"6555777\" data-element_type=\"section\" data-e-type=\"section\">\n\t\t\t\t\t\t<div class=\"elementor-container elementor-column-gap-default\">\n\t\t\t\t\t<div class=\"elementor-column elementor-col-66 elementor-inner-column elementor-element elementor-element-95e9557\" data-id=\"95e9557\" data-element_type=\"column\" data-e-type=\"column\">\n\t\t\t<div class=\"elementor-widget-wrap elementor-element-populated\">\n\t\t\t\t\t\t<div class=\"elementor-element elementor-element-3d5a74a elementor-widget elementor-widget-text-editor\" data-id=\"3d5a74a\" data-element_type=\"widget\" data-e-type=\"widget\" data-widget_type=\"text-editor.default\">\n\t\t\t\t<div class=\"elementor-widget-container\">\n\t\t\t\t\t\t\t\t\t<p style=\"text-align: justify;\">\u00c1 Anvers toutes les messes catholiques en paroisse se d\u00e9roulent en N\u00e9erlandais.<br \/>\nLes horaires se trouvent sur la page \u00ab\u00a0Informations pratiques\u00a0\u00bb de chaque \u00e9glise.<\/p>\n<p style=\"text-align: justify;\">Pour les offices chr\u00e9tiens en d\u2019autres langues vous pouvez consulter les documents suivants :<\/p>\n<p style=\"text-align: justify;\"><span style=\"color: #0000ff; background-color: #ff9900;\"><strong><a style=\"color: #0000ff; background-color: #ff9900;\" href=\"http:\/\/topa.be\/wp-content\/uploads\/Christian-worship-in-and-near-Antwerp-EN.pdf\">Christian-worship-in-and-near-Antwerp-EN<\/a><\/strong><\/span><\/p>\n<p style=\"text-align: justify;\"><span style=\"background-color: #ff9900;\"><strong>Eucharisties en Fran\u00e7ais \u00e0 Anvers<\/strong><\/span><\/p>\n<p style=\"text-align: justify;\"><strong>Communaut\u00e9 Africaine Francophone Catholique d\u2019Anvers CAFCA<\/strong><\/p>\n<table>\n<tbody>\n<tr>\n<td>O\u00f9<br \/>\nQuand<br \/>\n.<br \/>\nContact<\/td>\n<td>\u00c9glise Sainte-Walburge, Volkstraat 41, 2000 Antwerpen<br \/>\nChaque samedi \u00e0 18h30 (en Fran\u00e7ais avec chants africains)<br \/>\nAccueil d\u00e8s 18h00<br \/>\n<a href=\"mailto:cafca_afca@yahoo.fr\"><strong>cafca_afca@yahoo.fr<\/strong><\/a><\/td>\n<\/tr>\n<\/tbody>\n<\/table>\n\t\t\t\t\t\t\t\t<\/div>\n\t\t\t\t<\/div>\n\t\t\t\t\t<\/div>\n\t\t<\/div>\n\t\t\t\t<div class=\"elementor-column elementor-col-33 elementor-inner-column elementor-element elementor-element-aad90ab\" data-id=\"aad90ab\" data-element_type=\"column\" data-e-type=\"column\">\n\t\t\t<div class=\"elementor-widget-wrap elementor-element-populated\">\n\t\t\t\t\t\t<div class=\"elementor-element elementor-element-fcef3d4 elementor-widget elementor-widget-image\" data-id=\"fcef3d4\" data-element_type=\"widget\" data-e-type=\"widget\" data-widget_type=\"image.default\">\n\t\t\t\t<div class=\"elementor-widget-container\">\n\t\t\t\t\t\t\t\t\t\t\t\t\t\t\t<img fetchpriority=\"high\" decoding=\"async\" width=\"768\" height=\"768\" src=\"https:\/\/topa.be\/wp-content\/uploads\/0030-Erediensten-768x768.jpg\" class=\"attachment-medium_large size-medium_large wp-image-12676\" alt=\"\" srcset=\"https:\/\/topa.be\/wp-content\/uploads\/0030-Erediensten-768x768.jpg 768w, https:\/\/topa.be\/wp-content\/uploads\/0030-Erediensten-300x300.jpg 300w, https:\/\/topa.be\/wp-content\/uploads\/0030-Erediensten.jpg 1024w, https:\/\/topa.be\/wp-content\/uploads\/0030-Erediensten-200x200.jpg 200w\" sizes=\"(max-width: 768px) 100vw, 768px\" \/>\t\t\t\t\t\t\t\t\t\t\t\t\t\t\t<\/div>\n\t\t\t\t<\/div>\n\t\t\t\t<div class=\"elementor-element elementor-element-4fb2a61 elementor-widget elementor-widget-text-editor\" data-id=\"4fb2a61\" data-element_type=\"widget\" data-e-type=\"widget\" data-widget_type=\"text-editor.default\">\n\t\t\t\t<div class=\"elementor-widget-container\">\n\t\t\t\t\t\t\t\t\t<h4><strong>Ce que nous vous proposons:<\/strong><\/h4>\n\t\t\t\t\t\t\t\t<\/div>\n\t\t\t\t<\/div>\n\t\t\t\t<div class=\"elementor-element elementor-element-2059efb elementor-nav-menu--dropdown-tablet elementor-nav-menu__text-align-aside elementor-nav-menu--toggle elementor-nav-menu--burger elementor-widget elementor-widget-nav-menu\" data-id=\"2059efb\" data-element_type=\"widget\" data-e-type=\"widget\" data-settings=\"{&quot;layout&quot;:&quot;vertical&quot;,&quot;submenu_icon&quot;:{&quot;value&quot;:&quot;&lt;i class=\\&quot;fas fa-caret-down\\&quot; aria-hidden=\\&quot;true\\&quot;&gt;&lt;\\\/i&gt;&quot;,&quot;library&quot;:&quot;fa-solid&quot;},&quot;toggle&quot;:&quot;burger&quot;}\" data-widget_type=\"nav-menu.default\">\n\t\t\t\t<div class=\"elementor-widget-container\">\n\t\t\t\t\t\t\t\t<nav aria-label=\"Menu\" class=\"elementor-nav-menu--main elementor-nav-menu__container elementor-nav-menu--layout-vertical e--pointer-framed e--animation-fade\">\n\t\t\t\t<ul id=\"menu-1-2059efb\" class=\"elementor-nav-menu sm-vertical\"><li class=\"menu-item menu-item-type-post_type menu-item-object-page menu-item-home menu-item-61190\"><a href=\"https:\/\/topa.be\/fr\/\" class=\"elementor-item\">PAGE d\u2019ACCUEIL<\/a><\/li>\n<li class=\"menu-item menu-item-type-post_type menu-item-object-page menu-item-60052\"><a href=\"https:\/\/topa.be\/fr\/welkom\/\" class=\"elementor-item\">BIENVENUE !<\/a><\/li>\n<li class=\"menu-item menu-item-type-post_type menu-item-object-page menu-item-60053\"><a href=\"https:\/\/topa.be\/fr\/praktisch-2\/\" class=\"elementor-item\">INFORMATIONS PRATIQUES<\/a><\/li>\n<li class=\"menu-item menu-item-type-post_type menu-item-object-page menu-item-60054\"><a href=\"https:\/\/topa.be\/fr\/individueel\/\" class=\"elementor-item\">Visites guid\u00e9es individuelles<\/a><\/li>\n<li class=\"menu-item menu-item-type-post_type menu-item-object-page menu-item-60055\"><a href=\"https:\/\/topa.be\/fr\/groepen\/\" class=\"elementor-item\">Visites guid\u00e9es pour groupes<\/a><\/li>\n<li class=\"menu-item menu-item-type-post_type menu-item-object-page menu-item-62463\"><a href=\"https:\/\/topa.be\/fr\/offre-aux-ecoles\/\" class=\"elementor-item\">Offre aux \u00e9coles<\/a><\/li>\n<li class=\"menu-item menu-item-type-post_type menu-item-object-page menu-item-60124\"><a href=\"https:\/\/topa.be\/fr\/erediensten\/\" class=\"elementor-item\">SERVICES RELIGIEUX<\/a><\/li>\n<li class=\"menu-item menu-item-type-post_type menu-item-object-page menu-item-60125\"><a href=\"https:\/\/topa.be\/fr\/monumentale-kerken\/\" class=\"elementor-item\">\u00c9GLISES MONUMENTALES<\/a><\/li>\n<li class=\"menu-item menu-item-type-custom menu-item-object-custom menu-item-60126\"><a href=\"https:\/\/www.google.com\/maps\/d\/edit?mid=1iZG2PyUpfgUaDqLc-C_n5kGoHu2os6Ku&#038;usp=sharing\" class=\"elementor-item\">Carte en main<\/a><\/li>\n<li class=\"menu-item menu-item-type-post_type menu-item-object-page menu-item-60127\"><a href=\"https:\/\/topa.be\/fr\/bezinning\/\" class=\"elementor-item\">R\u00c9FLEXION<\/a><\/li>\n<\/ul>\t\t\t<\/nav>\n\t\t\t\t\t<div class=\"elementor-menu-toggle\" role=\"button\" tabindex=\"0\" aria-label=\"Permuter le menu\" aria-expanded=\"false\">\n\t\t\t<i aria-hidden=\"true\" role=\"presentation\" class=\"elementor-menu-toggle__icon--open eicon-menu-bar\"><\/i><i aria-hidden=\"true\" role=\"presentation\" class=\"elementor-menu-toggle__icon--close eicon-close\"><\/i>\t\t<\/div>\n\t\t\t\t\t<nav class=\"elementor-nav-menu--dropdown elementor-nav-menu__container\" aria-hidden=\"true\">\n\t\t\t\t<ul id=\"menu-2-2059efb\" class=\"elementor-nav-menu sm-vertical\"><li class=\"menu-item menu-item-type-post_type menu-item-object-page menu-item-home menu-item-61190\"><a href=\"https:\/\/topa.be\/fr\/\" class=\"elementor-item\" tabindex=\"-1\">PAGE d\u2019ACCUEIL<\/a><\/li>\n<li class=\"menu-item menu-item-type-post_type menu-item-object-page menu-item-60052\"><a href=\"https:\/\/topa.be\/fr\/welkom\/\" class=\"elementor-item\" tabindex=\"-1\">BIENVENUE !<\/a><\/li>\n<li class=\"menu-item menu-item-type-post_type menu-item-object-page menu-item-60053\"><a href=\"https:\/\/topa.be\/fr\/praktisch-2\/\" class=\"elementor-item\" tabindex=\"-1\">INFORMATIONS PRATIQUES<\/a><\/li>\n<li class=\"menu-item menu-item-type-post_type menu-item-object-page menu-item-60054\"><a href=\"https:\/\/topa.be\/fr\/individueel\/\" class=\"elementor-item\" tabindex=\"-1\">Visites guid\u00e9es individuelles<\/a><\/li>\n<li class=\"menu-item menu-item-type-post_type menu-item-object-page menu-item-60055\"><a href=\"https:\/\/topa.be\/fr\/groepen\/\" class=\"elementor-item\" tabindex=\"-1\">Visites guid\u00e9es pour groupes<\/a><\/li>\n<li class=\"menu-item menu-item-type-post_type menu-item-object-page menu-item-62463\"><a href=\"https:\/\/topa.be\/fr\/offre-aux-ecoles\/\" class=\"elementor-item\" tabindex=\"-1\">Offre aux \u00e9coles<\/a><\/li>\n<li class=\"menu-item menu-item-type-post_type menu-item-object-page menu-item-60124\"><a href=\"https:\/\/topa.be\/fr\/erediensten\/\" class=\"elementor-item\" tabindex=\"-1\">SERVICES RELIGIEUX<\/a><\/li>\n<li class=\"menu-item menu-item-type-post_type menu-item-object-page menu-item-60125\"><a href=\"https:\/\/topa.be\/fr\/monumentale-kerken\/\" class=\"elementor-item\" tabindex=\"-1\">\u00c9GLISES MONUMENTALES<\/a><\/li>\n<li class=\"menu-item menu-item-type-custom menu-item-object-custom menu-item-60126\"><a href=\"https:\/\/www.google.com\/maps\/d\/edit?mid=1iZG2PyUpfgUaDqLc-C_n5kGoHu2os6Ku&#038;usp=sharing\" class=\"elementor-item\" tabindex=\"-1\">Carte en main<\/a><\/li>\n<li class=\"menu-item menu-item-type-post_type menu-item-object-page menu-item-60127\"><a href=\"https:\/\/topa.be\/fr\/bezinning\/\" class=\"elementor-item\" tabindex=\"-1\">R\u00c9FLEXION<\/a><\/li>\n<\/ul>\t\t\t<\/nav>\n\t\t\t\t\t\t<\/div>\n\t\t\t\t<\/div>\n\t\t\t\t\t<\/div>\n\t\t<\/div>\n\t\t\t\t\t<\/div>\n\t\t<\/section>\n\t\t\t\t\t<\/div>\n\t\t<\/div>\n\t\t\t\t\t<\/div>\n\t\t<\/section>\n\t\t\t\t<\/div>\n\t\t","protected":false},"excerpt":{"rendered":"<p>Liturgie chr\u00e9tienne \u00e0 Anvers \u00c1 Anvers toutes les messes catholiques en paroisse se d\u00e9roulent en N\u00e9erlandais. Les horaires se trouvent sur la page \u00ab\u00a0Informations pratiques\u00a0\u00bb de chaque \u00e9glise. Pour les offices chr\u00e9tiens en d\u2019autres langues vous pouvez consulter les documents suivants : Christian-worship-in-and-near-Antwerp-EN Eucharisties en Fran\u00e7ais \u00e0 Anvers Communaut\u00e9 Africaine Francophone Catholique d\u2019Anvers CAFCA O\u00f9 [&hellip;]<\/p>\n","protected":false},"author":16,"featured_media":0,"parent":0,"menu_order":60,"comment_status":"closed","ping_status":"closed","template":"","meta":{"footnotes":""},"class_list":["post-41747","page","type-page","status-publish","hentry"],"aioseo_notices":[],"_links":{"self":[{"href":"https:\/\/topa.be\/fr\/wp-json\/wp\/v2\/pages\/41747","targetHints":{"allow":["GET"]}}],"collection":[{"href":"https:\/\/topa.be\/fr\/wp-json\/wp\/v2\/pages"}],"about":[{"href":"https:\/\/topa.be\/fr\/wp-json\/wp\/v2\/types\/page"}],"author":[{"embeddable":true,"href":"https:\/\/topa.be\/fr\/wp-json\/wp\/v2\/users\/16"}],"replies":[{"embeddable":true,"href":"https:\/\/topa.be\/fr\/wp-json\/wp\/v2\/comments?post=41747"}],"version-history":[{"count":3,"href":"https:\/\/topa.be\/fr\/wp-json\/wp\/v2\/pages\/41747\/revisions"}],"predecessor-version":[{"id":71508,"href":"https:\/\/topa.be\/fr\/wp-json\/wp\/v2\/pages\/41747\/revisions\/71508"}],"wp:attachment":[{"href":"https:\/\/topa.be\/fr\/wp-json\/wp\/v2\/media?parent=41747"}],"curies":[{"name":"wp","href":"https:\/\/api.w.org\/{rel}","templated":true}]}}