{"id":41701,"date":"2021-06-22T12:50:07","date_gmt":"2021-06-22T10:50:07","guid":{"rendered":"http:\/\/topa.be\/groepen\/"},"modified":"2025-03-12T17:15:46","modified_gmt":"2025-03-12T16:15:46","slug":"groepen","status":"publish","type":"page","link":"https:\/\/topa.be\/fr\/groepen\/","title":{"rendered":"Visites guid\u00e9es pour groupes"},"content":{"rendered":"\t\t<div data-elementor-type=\"wp-page\" data-elementor-id=\"41701\" class=\"elementor elementor-41701 elementor-11759\" data-elementor-post-type=\"page\">\n\t\t\t\t\t\t<section class=\"elementor-section elementor-top-section elementor-element elementor-element-59dbca5 elementor-section-boxed elementor-section-height-default elementor-section-height-default\" data-id=\"59dbca5\" data-element_type=\"section\" data-e-type=\"section\">\n\t\t\t\t\t\t<div class=\"elementor-container elementor-column-gap-default\">\n\t\t\t\t\t<div class=\"elementor-column elementor-col-100 elementor-top-column elementor-element elementor-element-6ed7a48\" data-id=\"6ed7a48\" data-element_type=\"column\" data-e-type=\"column\">\n\t\t\t<div class=\"elementor-widget-wrap elementor-element-populated\">\n\t\t\t\t\t\t<div class=\"elementor-element elementor-element-20fe0e2 elementor-widget elementor-widget-heading\" data-id=\"20fe0e2\" data-element_type=\"widget\" data-e-type=\"widget\" data-widget_type=\"heading.default\">\n\t\t\t\t<div class=\"elementor-widget-container\">\n\t\t\t\t\t<h1 class=\"elementor-heading-title elementor-size-default\"> Visites guid\u00e9es pour groupes<\/h1>\t\t\t\t<\/div>\n\t\t\t\t<\/div>\n\t\t\t\t\t<\/div>\n\t\t<\/div>\n\t\t\t\t\t<\/div>\n\t\t<\/section>\n\t\t\t\t<section class=\"elementor-section elementor-top-section elementor-element elementor-element-77560bd elementor-section-boxed elementor-section-height-default elementor-section-height-default\" data-id=\"77560bd\" data-element_type=\"section\" data-e-type=\"section\">\n\t\t\t\t\t\t<div class=\"elementor-container elementor-column-gap-default\">\n\t\t\t\t\t<div class=\"elementor-column elementor-col-100 elementor-top-column elementor-element elementor-element-df53be5\" data-id=\"df53be5\" data-element_type=\"column\" data-e-type=\"column\">\n\t\t\t<div class=\"elementor-widget-wrap elementor-element-populated\">\n\t\t\t\t\t\t<section class=\"elementor-section elementor-inner-section elementor-element elementor-element-4594b7d elementor-section-boxed elementor-section-height-default elementor-section-height-default\" data-id=\"4594b7d\" data-element_type=\"section\" data-e-type=\"section\">\n\t\t\t\t\t\t<div class=\"elementor-container elementor-column-gap-default\">\n\t\t\t\t\t<div class=\"elementor-column elementor-col-66 elementor-inner-column elementor-element elementor-element-2538717\" data-id=\"2538717\" data-element_type=\"column\" data-e-type=\"column\">\n\t\t\t<div class=\"elementor-widget-wrap elementor-element-populated\">\n\t\t\t\t\t\t<div class=\"elementor-element elementor-element-df9076c elementor-widget elementor-widget-text-editor\" data-id=\"df9076c\" data-element_type=\"widget\" data-e-type=\"widget\" data-widget_type=\"text-editor.default\">\n\t\t\t\t<div class=\"elementor-widget-container\">\n\t\t\t\t\t\t\t\t\t<div class=\"wpb_text_column wpb_content_element \"><div class=\"wpb_wrapper\"><p style=\"text-align: justify;\">Un groupe peut visiter une \u00e9glise de plusieurs fa\u00e7ons :<\/p><ol style=\"text-align: justify;\"><li>Si vous optez pour l\u2019aventure, vous explorez l\u2019\u00e9glise par vous-m\u00eame ou en petit groupe, avec le d\u00e9pliant remis \u00e0 l\u2019entr\u00e9e, comme boussole, ou arm\u00e9 d\u2019un guide d\u2019art r\u00e9cent (voir <a href=\"https:\/\/www.topa.be\/fr\/publicaties-2\/\"><strong>Publications<\/strong><\/a>).<\/li><li>En groupe avec votre propre guide.<\/li><li>Mais si vous voulez discerner l\u2019ensemble au travers des d\u00e9tails et profiter de la beaut\u00e9 plus intens\u00e9ment, vous pouvez r\u00e9server une visite guid\u00e9e pour groupes. Un guide TOPA vous fera d\u00e9couvrir les tr\u00e9sors cach\u00e9s de notre patrimoine. \u00c0 votre grande surprise, vous verrez souvent beaucoup plus \u2026 que ce que vous avez aper\u00e7u \u00e0 premi\u00e8re vue.<br \/><ol style=\"text-align: justify;\"><li>Un groupe se compose normalement d&rsquo;un maximum de 20 visiteurs, exceptionnellement il peut aller jusqu&rsquo;\u00e0 25.<\/li><\/ol><\/li><\/ol><p style=\"text-align: justify;\">.<br \/>Retrouvez toutes les visites dans les cinq \u00e9glises touristiques via les liens ci-dessous<\/p><\/div><\/div>\t\t\t\t\t\t\t\t<\/div>\n\t\t\t\t<\/div>\n\t\t\t\t<div class=\"elementor-element elementor-element-1fb5d60 elementor-widget elementor-widget-text-editor\" data-id=\"1fb5d60\" data-element_type=\"widget\" data-e-type=\"widget\" data-widget_type=\"text-editor.default\">\n\t\t\t\t<div class=\"elementor-widget-container\">\n\t\t\t\t\t\t\t\t\t<div class=\"wpb_text_column wpb_content_element \">\n<div class=\"wpb_wrapper\">\n<p style=\"text-align: justify;\"><strong>Les cinq \u00e9glises du centre d\u2019Anvers<\/strong><\/p>\n<p style=\"text-align: justify;\"><strong><a href=\"https:\/\/www.topa.be\/fr\/olv-kathedraal\/rondleidingen\/\">Cath\u00e9drale Notre-Dame<\/a><\/strong> Dans la Cath\u00e9drale TOPA propose un <a href=\"https:\/\/www.topa.be\/fr\/scholen\/\"><strong>programme adapt\u00e9 aux \u00e9coles<\/strong><\/a>.<\/p>\n<p style=\"text-align: justify;\"><strong><a href=\"https:\/\/www.topa.be\/fr\/st-andries\/rondleidingen\/\">\u00c9glise Saint-Andr\u00e9<\/a><\/strong><\/p>\n<p style=\"text-align: justify;\"><strong><a href=\"https:\/\/www.topa.be\/fr\/sint-carolus-borromeus\/rondleidingen\/\">\u00c9glise Saint-Charles Borrom\u00e9e<\/a><\/strong><\/p>\n<p style=\"text-align: justify;\"><strong><a href=\"https:\/\/www.topa.be\/fr\/sint-jacob\/rondleidingen\/\">\u00c9glise Saint-Jacques<\/a><\/strong><\/p>\n<p style=\"text-align: justify;\"><strong><a href=\"https:\/\/www.topa.be\/fr\/sint-pauluskerk\/rondleidingen\/\">\u00c9glise Saint-Paul<\/a><\/strong><\/p>\n<\/div>\n<\/div>\n\t\t\t\t\t\t\t\t<\/div>\n\t\t\t\t<\/div>\n\t\t\t\t<div class=\"elementor-element elementor-element-dac1be0 elementor-widget elementor-widget-text-editor\" data-id=\"dac1be0\" data-element_type=\"widget\" data-e-type=\"widget\" data-widget_type=\"text-editor.default\">\n\t\t\t\t<div class=\"elementor-widget-container\">\n\t\t\t\t\t\t\t\t\t<div class=\"wpb_text_column wpb_content_element \">\n<div class=\"wpb_wrapper\">\n<p style=\"text-align: justify;\"><strong>Les autres \u00e9glises monumentales d\u2019Anvers<\/strong><\/p>\n<p style=\"text-align: justify;\"><strong><a href=\"https:\/\/www.topa.be\/fr\/monumentale-kerken\/sint-antonius-van-padua\/\">\u00c9glise Saint-Antoine-de-Padoue<\/a><\/strong><\/p>\n<p style=\"text-align: justify;\"><strong><a href=\"https:\/\/www.topa.be\/fr\/monumentale-kerken\/sint-catharina-begijnhof\/\">Sainte-Catherine, B\u00e9guinage<\/a><\/strong><\/p>\n<p style=\"text-align: justify;\"><strong><a href=\"https:\/\/www.topa.be\/fr\/monumentale-kerken\/sint-joris\/\">\u00c9glise Saint-Georges<\/a><\/strong><\/p>\n<p style=\"text-align: justify;\"><strong><a href=\"https:\/\/www.topa.be\/fr\/monumentale-kerken\/sint-laurentius\/\">\u00c9glise Saint-Laurent<\/a><\/strong><\/p>\n<p style=\"text-align: justify;\"><strong><a href=\"https:\/\/www.topa.be\/fr\/monumentale-kerken\/sint-norbertus\/\">\u00c9glise Saint-Norbert<\/a><\/strong><\/p>\n<p style=\"text-align: justify;\"><strong><a href=\"https:\/\/www.topa.be\/fr\/monumentale-kerken\/sint-willibrordus\/\">\u00c9glise Saint-Willibrord<\/a><\/strong><\/p>\n<p style=\"text-align: justify;\"><strong><a href=\"https:\/\/www.topa.be\/fr\/monumentale-kerken\/deurne-sint-fredegandus\/\">Deurne, \u00c9glise St Fredegand<\/a><\/strong><\/p>\n<\/div>\n<\/div>\n\t\t\t\t\t\t\t\t<\/div>\n\t\t\t\t<\/div>\n\t\t\t\t<div class=\"elementor-element elementor-element-df5fd23 elementor-widget elementor-widget-text-editor\" data-id=\"df5fd23\" data-element_type=\"widget\" data-e-type=\"widget\" data-widget_type=\"text-editor.default\">\n\t\t\t\t<div class=\"elementor-widget-container\">\n\t\t\t\t\t\t\t\t\t<div class=\"wpb_text_column wpb_content_element \">\n<div class=\"wpb_wrapper\">\n<h2 style=\"text-align: justify;\"><strong>\u00ab\u00a0D\u2019une tour \u00e0 l\u2019autre\u00a0\u00bb :<br \/>\nfl\u00e2nant d\u2019une \u00e9glise \u00e0 l\u2019autre<\/strong><\/h2>\n<p style=\"text-align: justify;\"><em>Ces promenades d\u00e9pendent des heures d\u2019acc\u00e8s des \u00e9glises concern\u00e9es, variant d\u2019une saison \u00e0 l\u2019autre, et des services de pri\u00e8re.<\/em><\/p>\n<p style=\"text-align: justify;\">Applicable \u00e0 toutes ces promenades:<br \/>\n<strong>Guide<\/strong>: \u20ac 95,00<br \/>\n<strong>R\u00e9servation<\/strong>: 3 semaines \u00e0 l\u2019avance via <a href=\"mailto:info@dekathedraal.be\">info@dekathedraal.be<\/a> \u00a0ou +32 (0)3 213 99 51<\/p>\n<\/div>\n<\/div>\n\t\t\t\t\t\t\t\t<\/div>\n\t\t\t\t<\/div>\n\t\t\t\t<div class=\"elementor-element elementor-element-c6428ea elementor-widget elementor-widget-text-editor\" data-id=\"c6428ea\" data-element_type=\"widget\" data-e-type=\"widget\" data-widget_type=\"text-editor.default\">\n\t\t\t\t<div class=\"elementor-widget-container\">\n\t\t\t\t\t\t\t\t\t<h3 style=\"text-align: justify;\"><span style=\"color: #3366ff;\"><strong>Le meilleur de la peinture anversoise<\/strong><\/span><\/h3>\n<p style=\"text-align: justify;\">Gr\u00e2ce au D\u00e9cret Top Art, les plus beaux tableaux du baroque Anversois ne quitteront jamais notre territoire. D\u00e9couvrez vingt-deux chefs-d\u2019\u0153uvre anversois dans trois \u00e9glises monumentales : Saint Paul, la Cath\u00e9drale et Saint-Jacques. D\u00e9couvrez qui, outre Rubens, Van Dyck et Jordaens, m\u00e9ritent encore notre protection et notre admiration.<\/p>\n<p style=\"text-align: justify;\"><strong>Dur\u00e9e<\/strong>: 1h30 \u00e0 2h00<br \/>\n<strong>Prix<\/strong>: <strong>\u20ac 10,00 \u2013 habitants de la province d\u2019Anvers: gratuit<\/strong><\/p>\n\t\t\t\t\t\t\t\t<\/div>\n\t\t\t\t<\/div>\n\t\t\t\t<div class=\"elementor-element elementor-element-ab312cb elementor-widget elementor-widget-text-editor\" data-id=\"ab312cb\" data-element_type=\"widget\" data-e-type=\"widget\" data-widget_type=\"text-editor.default\">\n\t\t\t\t<div class=\"elementor-widget-container\">\n\t\t\t\t\t\t\t\t\t<p>&#8230;<\/p>\n\t\t\t\t\t\t\t\t<\/div>\n\t\t\t\t<\/div>\n\t\t\t\t<div class=\"elementor-element elementor-element-c2b7f59 elementor-widget elementor-widget-text-editor\" data-id=\"c2b7f59\" data-element_type=\"widget\" data-e-type=\"widget\" data-widget_type=\"text-editor.default\">\n\t\t\t\t<div class=\"elementor-widget-container\">\n\t\t\t\t\t\t\t\t\t<h2>L\u2019offre pour groupes \u00e0 la cath\u00e9drale<\/h2>\n\t\t\t\t\t\t\t\t<\/div>\n\t\t\t\t<\/div>\n\t\t\t\t<div class=\"elementor-element elementor-element-a6a928f elementor-widget elementor-widget-text-editor\" data-id=\"a6a928f\" data-element_type=\"widget\" data-e-type=\"widget\" data-widget_type=\"text-editor.default\">\n\t\t\t\t<div class=\"elementor-widget-container\">\n\t\t\t\t\t\t\t\t\t<h3 style=\"text-align: justify;\"><span style=\"color: #3366ff;\"><strong>\u00c0 la d\u00e9couverte de la cath\u00e9drale<\/strong><\/span><\/h3>\n<p style=\"text-align: justify;\">Cela fait des si\u00e8cles que la Cath\u00e9drale Notre-Dame accueille des visiteurs de tous les coins du monde. La plus grande cath\u00e9drale des Bas Pays est plus qu\u2019une salle des tr\u00e9sors grandiose. Elle h\u00e9berge une communaut\u00e9 d\u2019\u00e9glise vivante. Nous vous accompagnons volontiers dans une d\u00e9couverte qui passe par P.P. Rubens et des dizaines d\u2019autres artistes moins connus, qui tous ont cr\u00e9\u00e9s leurs chefs-d\u2019\u0153uvre\u00a0 pour des hommes et des femmes qui se sentent chez eux dans cette Maison de Dieu.<\/p>\n<p style=\"text-align: justify;\">Laissez-vous surprendre par la beaut\u00e9 et les histoires fortes qu\u2019elle rec\u00e8le. Beaucoup n\u2019est pas ce qui semble \u00eatre\u2026<\/p>\n<p style=\"text-align: justify;\"><strong>Dur\u00e9e : 1h30 \u00e0 2h00<\/strong><br \/>\n<strong>Prix : \u20ac 10,00 \u2013 habitants de la province d\u2019Anvers: gratuit<\/strong><\/p>\n\t\t\t\t\t\t\t\t<\/div>\n\t\t\t\t<\/div>\n\t\t\t\t<div class=\"elementor-element elementor-element-4f6aefe elementor-widget elementor-widget-text-editor\" data-id=\"4f6aefe\" data-element_type=\"widget\" data-e-type=\"widget\" data-widget_type=\"text-editor.default\">\n\t\t\t\t<div class=\"elementor-widget-container\">\n\t\t\t\t\t\t\t\t\t<h3 style=\"text-align: justify;\"><span style=\"color: #3366ff;\"><strong>D\u2019un grand jardin et d\u2019une petite tour<\/strong><\/span><\/h3>\n<p style=\"text-align: justify;\">Un jardin \u00e0 5 m\u00e8tres au-dessus du rez-de chauss\u00e9e, et ce au c\u0153ur d\u2019Anvers\u2026 Ce fut longtemps un secret bien gard\u00e9. D\u2019o\u00f9 sort-t-il et quel est le rapport entre ce jardin et la tour sud inachev\u00e9e\u00a0de la Cath\u00e9drale? Du haut de cette tour vous verrez Anvers et son fleuve comme vous ne les avez jamais vus. Vous d\u00e9couvrirez aussi quelques lieux cach\u00e9s \u00ab\u00a0derri\u00e8re les coulisses\u00a0\u00bb et admirerez le savoir-faire s\u00e9culaire des charpentiers et des constructeurs de tours et de vo\u00fbtes.<\/p>\n<p style=\"text-align: justify;\"><strong>Dur\u00e9e : 2h00<\/strong><br \/>\n<strong>Prix : \u20ac 15,00<\/strong><\/p>\n\t\t\t\t\t\t\t\t<\/div>\n\t\t\t\t<\/div>\n\t\t\t\t<div class=\"elementor-element elementor-element-c02142b elementor-widget elementor-widget-text-editor\" data-id=\"c02142b\" data-element_type=\"widget\" data-e-type=\"widget\" data-widget_type=\"text-editor.default\">\n\t\t\t\t<div class=\"elementor-widget-container\">\n\t\t\t\t\t\t\t\t\t<h3 style=\"text-align: justify;\"><span style=\"color: #3366ff;\"><strong>Par-dessous et par-dessus les vo\u00fbtes<\/strong><\/span><\/h3>\n<p style=\"text-align: justify;\">Depuis des si\u00e8cles les vo\u00fbtes de la Cath\u00e9drale forment une tente o\u00f9 s\u2019abritent nombre d\u2019\u0153uvres d\u2019art. Nous d\u00e9couvrons avec vous quelques \u0153uvres d\u2019art et vous emmenons dans le grenier de la nef. Sous la charpente s\u00e9culaire la vo\u00fbte est encore plus impressionnante. Nous escaladons la \u00ab\u00a0petite tour\u00a0\u00bb (qui est moins petite qu\u2019elle en a l\u2019air), passons devant une ancienne grue en cage d\u2019\u00e9cureuil et profitons d\u2019une vue spectaculaire sur la ville et son fleuve.<\/p>\n<p style=\"text-align: justify;\"><strong>Dur\u00e9e : 2u00<\/strong><br \/>\n<strong>Prix : \u20ac 15,00<\/strong><\/p>\n\t\t\t\t\t\t\t\t<\/div>\n\t\t\t\t<\/div>\n\t\t\t\t<div class=\"elementor-element elementor-element-6362a4e elementor-widget elementor-widget-text-editor\" data-id=\"6362a4e\" data-element_type=\"widget\" data-e-type=\"widget\" data-widget_type=\"text-editor.default\">\n\t\t\t\t<div class=\"elementor-widget-container\">\n\t\t\t\t\t\t\t\t\t<h3 style=\"text-align: justify;\"><strong><span style=\"color: #3366ff;\">Sculptural en 3D<\/span><\/strong><\/h3>\n<p style=\"text-align: justify;\">(de la Madone Mosane \u00e0 Fabre, de\u00a0<em>La Femme Portant l\u2019Enfant\u00a0<\/em>\u00e0\u00a0<em>l\u2019Homme Portant la Croix<\/em>)<\/p>\n<p style=\"text-align: justify;\">Sculpteurs sur bois et sur pierre, couleurs de bronze\u2026 Depuis le Moyen-\u00c2ge ils nous confrontent \u00e0 leurs \u0153uvres d\u2019art en trois dimensions\u00a0: attendrissantes, \u00e9blouissantes, confrontantes, intrigantes, ne nous laissant pas indiff\u00e9rents. Ch\u00eane et pierre prennent vie. Le marbre, froid par nature, ne vous laissera pas \u00ab\u00a0de marbre\u00a0\u00bb. Peut-\u00eatre m\u00eame que le bronze poli refl\u00e9tera une part de vous-m\u00eame.<\/p>\n<p style=\"text-align: justify;\"><strong>Dur\u00e9e : 1h30 \u00e0 2h00<\/strong><br \/>\n<strong>Prix : \u20ac 10,00 \u2013 habitants de la province d\u2019Anvers: gratuit<\/strong><\/p>\n\t\t\t\t\t\t\t\t<\/div>\n\t\t\t\t<\/div>\n\t\t\t\t<div class=\"elementor-element elementor-element-5eef3c3 elementor-widget elementor-widget-text-editor\" data-id=\"5eef3c3\" data-element_type=\"widget\" data-e-type=\"widget\" data-widget_type=\"text-editor.default\">\n\t\t\t\t<div class=\"elementor-widget-container\">\n\t\t\t\t\t\t\t\t\t<p>&#8230;<\/p>\n\t\t\t\t\t\t\t\t<\/div>\n\t\t\t\t<\/div>\n\t\t\t\t<div class=\"elementor-element elementor-element-c8d177a elementor-widget elementor-widget-text-editor\" data-id=\"c8d177a\" data-element_type=\"widget\" data-e-type=\"widget\" data-widget_type=\"text-editor.default\">\n\t\t\t\t<div class=\"elementor-widget-container\">\n\t\t\t\t\t\t\t\t\t<p>&#8230;<\/p>\n\t\t\t\t\t\t\t\t<\/div>\n\t\t\t\t<\/div>\n\t\t\t\t<div class=\"elementor-element elementor-element-bb7aa23 elementor-widget elementor-widget-text-editor\" data-id=\"bb7aa23\" data-element_type=\"widget\" data-e-type=\"widget\" data-widget_type=\"text-editor.default\">\n\t\t\t\t<div class=\"elementor-widget-container\">\n\t\t\t\t\t\t\t\t\t<p>&#8230;<\/p>\n\t\t\t\t\t\t\t\t<\/div>\n\t\t\t\t<\/div>\n\t\t\t\t<div class=\"elementor-element elementor-element-a7b8bc2 elementor-widget-divider--separator-type-pattern elementor-widget-divider--view-line elementor-widget elementor-widget-divider\" data-id=\"a7b8bc2\" data-element_type=\"widget\" data-e-type=\"widget\" data-widget_type=\"divider.default\">\n\t\t\t\t<div class=\"elementor-widget-container\">\n\t\t\t\t\t\t\t<div class=\"elementor-divider\" style=\"--divider-pattern-url: url(&quot;data:image\/svg+xml,%3Csvg xmlns=&#039;http:\/\/www.w3.org\/2000\/svg&#039; preserveAspectRatio=&#039;none&#039; overflow=&#039;visible&#039; height=&#039;100%&#039; viewBox=&#039;0 0 24 24&#039; fill=&#039;none&#039; stroke=&#039;black&#039; stroke-width=&#039;1&#039; stroke-linecap=&#039;square&#039; stroke-miterlimit=&#039;10&#039;%3E%3Cpath d=&#039;M0,21c3.3,0,8.3-0.9,15.7-7.1c6.6-5.4,4.4-9.3,2.4-10.3c-3.4-1.8-7.7,1.3-7.3,8.8C11.2,20,17.1,21,24,21&#039;\/%3E%3C\/svg%3E&quot;);\">\n\t\t\t<span class=\"elementor-divider-separator\">\n\t\t\t\t\t\t<\/span>\n\t\t<\/div>\n\t\t\t\t\t\t<\/div>\n\t\t\t\t<\/div>\n\t\t\t\t<div class=\"elementor-element elementor-element-ac4cfb6 elementor-widget elementor-widget-text-editor\" data-id=\"ac4cfb6\" data-element_type=\"widget\" data-e-type=\"widget\" data-widget_type=\"text-editor.default\">\n\t\t\t\t<div class=\"elementor-widget-container\">\n\t\t\t\t\t\t\t\t\t<p style=\"text-align: justify;\">&#8211;<\/p>\n\t\t\t\t\t\t\t\t<\/div>\n\t\t\t\t<\/div>\n\t\t\t\t\t<\/div>\n\t\t<\/div>\n\t\t\t\t<div class=\"elementor-column elementor-col-33 elementor-inner-column elementor-element elementor-element-801725c\" data-id=\"801725c\" data-element_type=\"column\" data-e-type=\"column\">\n\t\t\t<div class=\"elementor-widget-wrap elementor-element-populated\">\n\t\t\t\t\t\t<div class=\"elementor-element elementor-element-8361e10 elementor-widget elementor-widget-image\" data-id=\"8361e10\" data-element_type=\"widget\" data-e-type=\"widget\" data-widget_type=\"image.default\">\n\t\t\t\t<div class=\"elementor-widget-container\">\n\t\t\t\t\t\t\t\t\t\t\t\t\t\t\t<img fetchpriority=\"high\" decoding=\"async\" width=\"768\" height=\"767\" src=\"https:\/\/topa.be\/wp-content\/uploads\/Tegel-groepen-768x767.jpg\" class=\"attachment-medium_large size-medium_large wp-image-37028\" alt=\"\" srcset=\"https:\/\/topa.be\/wp-content\/uploads\/Tegel-groepen-768x767.jpg 768w, https:\/\/topa.be\/wp-content\/uploads\/Tegel-groepen-300x300.jpg 300w, https:\/\/topa.be\/wp-content\/uploads\/Tegel-groepen-200x200.jpg 200w, https:\/\/topa.be\/wp-content\/uploads\/Tegel-groepen.jpg 1024w\" sizes=\"(max-width: 768px) 100vw, 768px\" \/>\t\t\t\t\t\t\t\t\t\t\t\t\t\t\t<\/div>\n\t\t\t\t<\/div>\n\t\t\t\t<div class=\"elementor-element elementor-element-dcb6cb3 elementor-widget elementor-widget-text-editor\" data-id=\"dcb6cb3\" data-element_type=\"widget\" data-e-type=\"widget\" data-widget_type=\"text-editor.default\">\n\t\t\t\t<div class=\"elementor-widget-container\">\n\t\t\t\t\t\t\t\t\t<p><strong>Ce que nous vous proposons:<\/strong><\/p>\n\t\t\t\t\t\t\t\t<\/div>\n\t\t\t\t<\/div>\n\t\t\t\t<div class=\"elementor-element elementor-element-73eb60a elementor-nav-menu--dropdown-tablet elementor-nav-menu__text-align-aside elementor-nav-menu--toggle elementor-nav-menu--burger elementor-widget elementor-widget-nav-menu\" data-id=\"73eb60a\" data-element_type=\"widget\" data-e-type=\"widget\" data-settings=\"{&quot;layout&quot;:&quot;vertical&quot;,&quot;submenu_icon&quot;:{&quot;value&quot;:&quot;&lt;i class=\\&quot;fas fa-caret-down\\&quot; aria-hidden=\\&quot;true\\&quot;&gt;&lt;\\\/i&gt;&quot;,&quot;library&quot;:&quot;fa-solid&quot;},&quot;toggle&quot;:&quot;burger&quot;}\" data-widget_type=\"nav-menu.default\">\n\t\t\t\t<div class=\"elementor-widget-container\">\n\t\t\t\t\t\t\t\t<nav aria-label=\"Menu\" class=\"elementor-nav-menu--main elementor-nav-menu__container elementor-nav-menu--layout-vertical e--pointer-framed e--animation-fade\">\n\t\t\t\t<ul id=\"menu-1-73eb60a\" class=\"elementor-nav-menu sm-vertical\"><li class=\"menu-item menu-item-type-post_type menu-item-object-page menu-item-home menu-item-61190\"><a href=\"https:\/\/topa.be\/fr\/\" class=\"elementor-item\">PAGE d\u2019ACCUEIL<\/a><\/li>\n<li class=\"menu-item menu-item-type-post_type menu-item-object-page menu-item-60052\"><a href=\"https:\/\/topa.be\/fr\/welkom\/\" class=\"elementor-item\">BIENVENUE !<\/a><\/li>\n<li class=\"menu-item menu-item-type-post_type menu-item-object-page menu-item-60053\"><a href=\"https:\/\/topa.be\/fr\/praktisch-2\/\" class=\"elementor-item\">INFORMATIONS PRATIQUES<\/a><\/li>\n<li class=\"menu-item menu-item-type-post_type menu-item-object-page menu-item-60054\"><a href=\"https:\/\/topa.be\/fr\/individueel\/\" class=\"elementor-item\">Visites guid\u00e9es individuelles<\/a><\/li>\n<li class=\"menu-item menu-item-type-post_type menu-item-object-page menu-item-60055\"><a href=\"https:\/\/topa.be\/fr\/groepen\/\" class=\"elementor-item\">Visites guid\u00e9es pour groupes<\/a><\/li>\n<li class=\"menu-item menu-item-type-post_type menu-item-object-page menu-item-62463\"><a href=\"https:\/\/topa.be\/fr\/offre-aux-ecoles\/\" class=\"elementor-item\">Offre aux \u00e9coles<\/a><\/li>\n<li class=\"menu-item menu-item-type-post_type menu-item-object-page menu-item-60124\"><a href=\"https:\/\/topa.be\/fr\/erediensten\/\" class=\"elementor-item\">SERVICES RELIGIEUX<\/a><\/li>\n<li class=\"menu-item menu-item-type-post_type menu-item-object-page menu-item-60125\"><a href=\"https:\/\/topa.be\/fr\/monumentale-kerken\/\" class=\"elementor-item\">\u00c9GLISES MONUMENTALES<\/a><\/li>\n<li class=\"menu-item menu-item-type-custom menu-item-object-custom menu-item-60126\"><a href=\"https:\/\/www.google.com\/maps\/d\/edit?mid=1iZG2PyUpfgUaDqLc-C_n5kGoHu2os6Ku&#038;usp=sharing\" class=\"elementor-item\">Carte en main<\/a><\/li>\n<li class=\"menu-item menu-item-type-post_type menu-item-object-page menu-item-60127\"><a href=\"https:\/\/topa.be\/fr\/bezinning\/\" class=\"elementor-item\">R\u00c9FLEXION<\/a><\/li>\n<\/ul>\t\t\t<\/nav>\n\t\t\t\t\t<div class=\"elementor-menu-toggle\" role=\"button\" tabindex=\"0\" aria-label=\"Permuter le menu\" aria-expanded=\"false\">\n\t\t\t<i aria-hidden=\"true\" role=\"presentation\" class=\"elementor-menu-toggle__icon--open eicon-menu-bar\"><\/i><i aria-hidden=\"true\" role=\"presentation\" class=\"elementor-menu-toggle__icon--close eicon-close\"><\/i>\t\t<\/div>\n\t\t\t\t\t<nav class=\"elementor-nav-menu--dropdown elementor-nav-menu__container\" aria-hidden=\"true\">\n\t\t\t\t<ul id=\"menu-2-73eb60a\" class=\"elementor-nav-menu sm-vertical\"><li class=\"menu-item menu-item-type-post_type menu-item-object-page menu-item-home menu-item-61190\"><a href=\"https:\/\/topa.be\/fr\/\" class=\"elementor-item\" tabindex=\"-1\">PAGE d\u2019ACCUEIL<\/a><\/li>\n<li class=\"menu-item menu-item-type-post_type menu-item-object-page menu-item-60052\"><a href=\"https:\/\/topa.be\/fr\/welkom\/\" class=\"elementor-item\" tabindex=\"-1\">BIENVENUE !<\/a><\/li>\n<li class=\"menu-item menu-item-type-post_type menu-item-object-page menu-item-60053\"><a href=\"https:\/\/topa.be\/fr\/praktisch-2\/\" class=\"elementor-item\" tabindex=\"-1\">INFORMATIONS PRATIQUES<\/a><\/li>\n<li class=\"menu-item menu-item-type-post_type menu-item-object-page menu-item-60054\"><a href=\"https:\/\/topa.be\/fr\/individueel\/\" class=\"elementor-item\" tabindex=\"-1\">Visites guid\u00e9es individuelles<\/a><\/li>\n<li class=\"menu-item menu-item-type-post_type menu-item-object-page menu-item-60055\"><a href=\"https:\/\/topa.be\/fr\/groepen\/\" class=\"elementor-item\" tabindex=\"-1\">Visites guid\u00e9es pour groupes<\/a><\/li>\n<li class=\"menu-item menu-item-type-post_type menu-item-object-page menu-item-62463\"><a href=\"https:\/\/topa.be\/fr\/offre-aux-ecoles\/\" class=\"elementor-item\" tabindex=\"-1\">Offre aux \u00e9coles<\/a><\/li>\n<li class=\"menu-item menu-item-type-post_type menu-item-object-page menu-item-60124\"><a href=\"https:\/\/topa.be\/fr\/erediensten\/\" class=\"elementor-item\" tabindex=\"-1\">SERVICES RELIGIEUX<\/a><\/li>\n<li class=\"menu-item menu-item-type-post_type menu-item-object-page menu-item-60125\"><a href=\"https:\/\/topa.be\/fr\/monumentale-kerken\/\" class=\"elementor-item\" tabindex=\"-1\">\u00c9GLISES MONUMENTALES<\/a><\/li>\n<li class=\"menu-item menu-item-type-custom menu-item-object-custom menu-item-60126\"><a href=\"https:\/\/www.google.com\/maps\/d\/edit?mid=1iZG2PyUpfgUaDqLc-C_n5kGoHu2os6Ku&#038;usp=sharing\" class=\"elementor-item\" tabindex=\"-1\">Carte en main<\/a><\/li>\n<li class=\"menu-item menu-item-type-post_type menu-item-object-page menu-item-60127\"><a href=\"https:\/\/topa.be\/fr\/bezinning\/\" class=\"elementor-item\" tabindex=\"-1\">R\u00c9FLEXION<\/a><\/li>\n<\/ul>\t\t\t<\/nav>\n\t\t\t\t\t\t<\/div>\n\t\t\t\t<\/div>\n\t\t\t\t\t<\/div>\n\t\t<\/div>\n\t\t\t\t\t<\/div>\n\t\t<\/section>\n\t\t\t\t\t<\/div>\n\t\t<\/div>\n\t\t\t\t\t<\/div>\n\t\t<\/section>\n\t\t\t\t<\/div>\n\t\t","protected":false},"excerpt":{"rendered":"<p>Visites guid\u00e9es pour groupes Un groupe peut visiter une \u00e9glise de plusieurs fa\u00e7ons : Si vous optez pour l\u2019aventure, vous explorez l\u2019\u00e9glise par vous-m\u00eame ou en petit groupe, avec le d\u00e9pliant remis \u00e0 l\u2019entr\u00e9e, comme boussole, ou arm\u00e9 d\u2019un guide d\u2019art r\u00e9cent (voir Publications). En groupe avec votre propre guide. Mais si vous voulez discerner [&hellip;]<\/p>\n","protected":false},"author":16,"featured_media":0,"parent":0,"menu_order":40,"comment_status":"closed","ping_status":"closed","template":"","meta":{"footnotes":""},"class_list":["post-41701","page","type-page","status-publish","hentry"],"aioseo_notices":[],"_links":{"self":[{"href":"https:\/\/topa.be\/fr\/wp-json\/wp\/v2\/pages\/41701","targetHints":{"allow":["GET"]}}],"collection":[{"href":"https:\/\/topa.be\/fr\/wp-json\/wp\/v2\/pages"}],"about":[{"href":"https:\/\/topa.be\/fr\/wp-json\/wp\/v2\/types\/page"}],"author":[{"embeddable":true,"href":"https:\/\/topa.be\/fr\/wp-json\/wp\/v2\/users\/16"}],"replies":[{"embeddable":true,"href":"https:\/\/topa.be\/fr\/wp-json\/wp\/v2\/comments?post=41701"}],"version-history":[{"count":3,"href":"https:\/\/topa.be\/fr\/wp-json\/wp\/v2\/pages\/41701\/revisions"}],"predecessor-version":[{"id":71427,"href":"https:\/\/topa.be\/fr\/wp-json\/wp\/v2\/pages\/41701\/revisions\/71427"}],"wp:attachment":[{"href":"https:\/\/topa.be\/fr\/wp-json\/wp\/v2\/media?parent=41701"}],"curies":[{"name":"wp","href":"https:\/\/api.w.org\/{rel}","templated":true}]}}