{"id":41552,"date":"2021-06-21T13:29:51","date_gmt":"2021-06-21T11:29:51","guid":{"rendered":"http:\/\/topa.be\/individueel\/"},"modified":"2025-03-12T11:30:56","modified_gmt":"2025-03-12T10:30:56","slug":"individueel","status":"publish","type":"page","link":"https:\/\/topa.be\/fr\/individueel\/","title":{"rendered":"Visites guid\u00e9es individuelles"},"content":{"rendered":"\t\t<div data-elementor-type=\"wp-page\" data-elementor-id=\"41552\" class=\"elementor elementor-41552 elementor-11757\" data-elementor-post-type=\"page\">\n\t\t\t\t\t\t<section class=\"elementor-section elementor-top-section elementor-element elementor-element-3472d89 elementor-section-boxed elementor-section-height-default elementor-section-height-default\" data-id=\"3472d89\" data-element_type=\"section\" data-e-type=\"section\">\n\t\t\t\t\t\t<div class=\"elementor-container elementor-column-gap-default\">\n\t\t\t\t\t<div class=\"elementor-column elementor-col-100 elementor-top-column elementor-element elementor-element-c8bf0bb\" data-id=\"c8bf0bb\" data-element_type=\"column\" data-e-type=\"column\">\n\t\t\t<div class=\"elementor-widget-wrap elementor-element-populated\">\n\t\t\t\t\t\t<div class=\"elementor-element elementor-element-7a7b590 elementor-widget elementor-widget-heading\" data-id=\"7a7b590\" data-element_type=\"widget\" data-e-type=\"widget\" data-widget_type=\"heading.default\">\n\t\t\t\t<div class=\"elementor-widget-container\">\n\t\t\t\t\t<h1 class=\"elementor-heading-title elementor-size-default\"> Visites guid\u00e9es individuelles<\/h1>\t\t\t\t<\/div>\n\t\t\t\t<\/div>\n\t\t\t\t\t<\/div>\n\t\t<\/div>\n\t\t\t\t\t<\/div>\n\t\t<\/section>\n\t\t\t\t<section class=\"elementor-section elementor-top-section elementor-element elementor-element-4a8639f elementor-section-boxed elementor-section-height-default elementor-section-height-default\" data-id=\"4a8639f\" data-element_type=\"section\" data-e-type=\"section\">\n\t\t\t\t\t\t<div class=\"elementor-container elementor-column-gap-default\">\n\t\t\t\t\t<div class=\"elementor-column elementor-col-100 elementor-top-column elementor-element elementor-element-379ac2f\" data-id=\"379ac2f\" data-element_type=\"column\" data-e-type=\"column\">\n\t\t\t<div class=\"elementor-widget-wrap elementor-element-populated\">\n\t\t\t\t\t\t<section class=\"elementor-section elementor-inner-section elementor-element elementor-element-64a91e3 elementor-section-boxed elementor-section-height-default elementor-section-height-default\" data-id=\"64a91e3\" data-element_type=\"section\" data-e-type=\"section\">\n\t\t\t\t\t\t<div class=\"elementor-container elementor-column-gap-default\">\n\t\t\t\t\t<div class=\"elementor-column elementor-col-66 elementor-inner-column elementor-element elementor-element-901d5f8\" data-id=\"901d5f8\" data-element_type=\"column\" data-e-type=\"column\">\n\t\t\t<div class=\"elementor-widget-wrap elementor-element-populated\">\n\t\t\t\t\t\t<div class=\"elementor-element elementor-element-e965471 elementor-widget elementor-widget-text-editor\" data-id=\"e965471\" data-element_type=\"widget\" data-e-type=\"widget\" data-widget_type=\"text-editor.default\">\n\t\t\t\t<div class=\"elementor-widget-container\">\n\t\t\t\t\t\t\t\t\t<div class=\"wpb_text_column wpb_content_element \"><\/p>\n<div class=\"wpb_wrapper\"><\/p>\n<p style=\"text-align: justify;\">Si vous aimer l\u2019aventure, vous explorez l\u2019\u00e9glise par vous-m\u00eame, avec le d\u00e9pliant remis \u00e0 l\u2019entr\u00e9e, comme une boussole, ou arm\u00e9 d\u2019un guide d\u2019art r\u00e9cent (voir <a href=\"https:\/\/www.topa.be\/fr\/publicaties-2\/\"><strong>Publications<\/strong><\/a>).<\/p>\n<p><\/p>\n<p style=\"text-align: justify;\">Mais si vous voulez discerner l\u2019ensemble au travers des d\u00e9tails et profiter de la beaut\u00e9 plus intens\u00e9ment, vous pouvez suivre une visite guid\u00e9e gratuite. Un guide TOPA vous fera d\u00e9couvrir les tr\u00e9sors cach\u00e9s de notre patrimoine. \u00c0 votre grande surprise, vous verrez souvent beaucoup plus \u2026 que ce que vous avez aper\u00e7u \u00e0 premi\u00e8re vue.<\/p>\n<p><\/p>\n<p style=\"text-align: justify;\">Retrouvez les horaires pr\u00e9cis des cinq \u00e9glises touristiques via les liens ci-dessous :<\/p>\n<p><\/p>\n<p style=\"text-align: justify;\"><a href=\"https:\/\/www.topa.be\/fr\/olv-kathedraal\/rondleidingen\/\"><strong>Cath\u00e9drale Notre-Dame<\/strong><\/a><\/p>\n<p><\/p>\n<p style=\"text-align: justify;\"><a href=\"https:\/\/www.topa.be\/fr\/st-andries\/rondleidingen\/\"><strong>\u00c9glise Saint-Andr\u00e9<\/strong><\/a><\/p>\n<p><\/p>\n<p style=\"text-align: justify;\"><a href=\"https:\/\/www.topa.be\/fr\/sint-carolus-borromeus\/rondleidingen\/\"><strong>\u00c9glise Saint-Charles Borrom\u00e9e<\/strong><\/a><\/p>\n<p><\/p>\n<p style=\"text-align: justify;\"><a href=\"https:\/\/www.topa.be\/fr\/sint-jacob\/rondleidingen\/\"><strong>\u00c9glise Saint-Jacques<\/strong><\/a><\/p>\n<p><\/p>\n<p style=\"text-align: justify;\"><a href=\"https:\/\/www.topa.be\/fr\/sint-pauluskerk\/rondleidingen\/\"><strong>\u00c9glise Saint-Paul<\/strong><\/a><\/p>\n<p><\/p>\n<p style=\"text-align: justify;\">\u00c0 l\u2019occasion du festival culturel <strong><em>\u201cAnvers Baroque 2018. Rubens inspire\u201d<\/em><\/strong>, l\u2019asbl Monumentale Kerken Antwerpen (\u00c9glises monumentales d\u2019Anvers) a mis sur pied, en partenariat avec Toerismepastoraal Antwerpen (Topa) (Tourisme pastoral Anvers), certaines activit\u00e9s permettant de (re)d\u00e9couvrir Pierre Paul Rubens (1577-1640) et le patrimoine baroque. Depuis, quelques activit\u00e9s, dont une promenade <strong>\u2018Sur les traces de Rubens\u2019,<\/strong> enrichissent l\u2019offre permanente des cinq \u00e9glises monumentales. Vous trouverez tous les d\u00e9tails sur le <strong><a href=\"https:\/\/mkantwerpen.be\/fr\/activites\/\" target=\"_blank\" rel=\"noopener\">site internet de MKA<\/a>.<\/strong><\/p>\n<\/div>\n<p><\/div>\n\t\t\t\t\t\t\t\t<\/div>\n\t\t\t\t<\/div>\n\t\t\t\t\t<\/div>\n\t\t<\/div>\n\t\t\t\t<div class=\"elementor-column elementor-col-33 elementor-inner-column elementor-element elementor-element-36f9938\" data-id=\"36f9938\" data-element_type=\"column\" data-e-type=\"column\">\n\t\t\t<div class=\"elementor-widget-wrap elementor-element-populated\">\n\t\t\t\t\t\t<div class=\"elementor-element elementor-element-5577b7d elementor-widget elementor-widget-image\" data-id=\"5577b7d\" data-element_type=\"widget\" data-e-type=\"widget\" data-widget_type=\"image.default\">\n\t\t\t\t<div class=\"elementor-widget-container\">\n\t\t\t\t\t\t\t\t\t\t\t\t\t\t\t<img fetchpriority=\"high\" decoding=\"async\" width=\"300\" height=\"300\" src=\"https:\/\/topa.be\/wp-content\/uploads\/3100-Rondleidingen-300x300.jpg\" class=\"attachment-medium size-medium wp-image-12844\" alt=\"\" srcset=\"https:\/\/topa.be\/wp-content\/uploads\/3100-Rondleidingen-300x300.jpg 300w, https:\/\/topa.be\/wp-content\/uploads\/3100-Rondleidingen.jpg 1024w, https:\/\/topa.be\/wp-content\/uploads\/3100-Rondleidingen-200x200.jpg 200w, https:\/\/topa.be\/wp-content\/uploads\/3100-Rondleidingen-768x768.jpg 768w\" sizes=\"(max-width: 300px) 100vw, 300px\" \/>\t\t\t\t\t\t\t\t\t\t\t\t\t\t\t<\/div>\n\t\t\t\t<\/div>\n\t\t\t\t<div class=\"elementor-element elementor-element-2f61c5d elementor-widget elementor-widget-text-editor\" data-id=\"2f61c5d\" data-element_type=\"widget\" data-e-type=\"widget\" data-widget_type=\"text-editor.default\">\n\t\t\t\t<div class=\"elementor-widget-container\">\n\t\t\t\t\t\t\t\t\t<h4><strong>Ce que nous vous offrons:<\/strong><\/h4>\t\t\t\t\t\t\t\t<\/div>\n\t\t\t\t<\/div>\n\t\t\t\t<div class=\"elementor-element elementor-element-8ab06a0 elementor-nav-menu--dropdown-tablet elementor-nav-menu__text-align-aside elementor-nav-menu--toggle elementor-nav-menu--burger elementor-widget elementor-widget-nav-menu\" data-id=\"8ab06a0\" data-element_type=\"widget\" data-e-type=\"widget\" data-settings=\"{&quot;layout&quot;:&quot;vertical&quot;,&quot;submenu_icon&quot;:{&quot;value&quot;:&quot;&lt;i class=\\&quot;fas fa-caret-down\\&quot; aria-hidden=\\&quot;true\\&quot;&gt;&lt;\\\/i&gt;&quot;,&quot;library&quot;:&quot;fa-solid&quot;},&quot;toggle&quot;:&quot;burger&quot;}\" data-widget_type=\"nav-menu.default\">\n\t\t\t\t<div class=\"elementor-widget-container\">\n\t\t\t\t\t\t\t\t<nav aria-label=\"Menu\" class=\"elementor-nav-menu--main elementor-nav-menu__container elementor-nav-menu--layout-vertical e--pointer-framed e--animation-fade\">\n\t\t\t\t<ul id=\"menu-1-8ab06a0\" class=\"elementor-nav-menu sm-vertical\"><li class=\"menu-item menu-item-type-post_type menu-item-object-page menu-item-home menu-item-61190\"><a href=\"https:\/\/topa.be\/fr\/\" class=\"elementor-item\">PAGE d\u2019ACCUEIL<\/a><\/li>\n<li class=\"menu-item menu-item-type-post_type menu-item-object-page menu-item-60052\"><a href=\"https:\/\/topa.be\/fr\/welkom\/\" class=\"elementor-item\">BIENVENUE !<\/a><\/li>\n<li class=\"menu-item menu-item-type-post_type menu-item-object-page menu-item-60053\"><a href=\"https:\/\/topa.be\/fr\/praktisch-2\/\" class=\"elementor-item\">INFORMATIONS PRATIQUES<\/a><\/li>\n<li class=\"menu-item menu-item-type-post_type menu-item-object-page menu-item-60054\"><a href=\"https:\/\/topa.be\/fr\/individueel\/\" class=\"elementor-item\">Visites guid\u00e9es individuelles<\/a><\/li>\n<li class=\"menu-item menu-item-type-post_type menu-item-object-page menu-item-60055\"><a href=\"https:\/\/topa.be\/fr\/groepen\/\" class=\"elementor-item\">Visites guid\u00e9es pour groupes<\/a><\/li>\n<li class=\"menu-item menu-item-type-post_type menu-item-object-page menu-item-62463\"><a href=\"https:\/\/topa.be\/fr\/offre-aux-ecoles\/\" class=\"elementor-item\">Offre aux \u00e9coles<\/a><\/li>\n<li class=\"menu-item menu-item-type-post_type menu-item-object-page menu-item-60124\"><a href=\"https:\/\/topa.be\/fr\/erediensten\/\" class=\"elementor-item\">SERVICES RELIGIEUX<\/a><\/li>\n<li class=\"menu-item menu-item-type-post_type menu-item-object-page menu-item-60125\"><a href=\"https:\/\/topa.be\/fr\/monumentale-kerken\/\" class=\"elementor-item\">\u00c9GLISES MONUMENTALES<\/a><\/li>\n<li class=\"menu-item menu-item-type-custom menu-item-object-custom menu-item-60126\"><a href=\"https:\/\/www.google.com\/maps\/d\/edit?mid=1iZG2PyUpfgUaDqLc-C_n5kGoHu2os6Ku&#038;usp=sharing\" class=\"elementor-item\">Carte en main<\/a><\/li>\n<li class=\"menu-item menu-item-type-post_type menu-item-object-page menu-item-60127\"><a href=\"https:\/\/topa.be\/fr\/bezinning\/\" class=\"elementor-item\">R\u00c9FLEXION<\/a><\/li>\n<\/ul>\t\t\t<\/nav>\n\t\t\t\t\t<div class=\"elementor-menu-toggle\" role=\"button\" tabindex=\"0\" aria-label=\"Permuter le menu\" aria-expanded=\"false\">\n\t\t\t<i aria-hidden=\"true\" role=\"presentation\" class=\"elementor-menu-toggle__icon--open eicon-menu-bar\"><\/i><i aria-hidden=\"true\" role=\"presentation\" class=\"elementor-menu-toggle__icon--close eicon-close\"><\/i>\t\t<\/div>\n\t\t\t\t\t<nav class=\"elementor-nav-menu--dropdown elementor-nav-menu__container\" aria-hidden=\"true\">\n\t\t\t\t<ul id=\"menu-2-8ab06a0\" class=\"elementor-nav-menu sm-vertical\"><li class=\"menu-item menu-item-type-post_type menu-item-object-page menu-item-home menu-item-61190\"><a href=\"https:\/\/topa.be\/fr\/\" class=\"elementor-item\" tabindex=\"-1\">PAGE d\u2019ACCUEIL<\/a><\/li>\n<li class=\"menu-item menu-item-type-post_type menu-item-object-page menu-item-60052\"><a href=\"https:\/\/topa.be\/fr\/welkom\/\" class=\"elementor-item\" tabindex=\"-1\">BIENVENUE !<\/a><\/li>\n<li class=\"menu-item menu-item-type-post_type menu-item-object-page menu-item-60053\"><a href=\"https:\/\/topa.be\/fr\/praktisch-2\/\" class=\"elementor-item\" tabindex=\"-1\">INFORMATIONS PRATIQUES<\/a><\/li>\n<li class=\"menu-item menu-item-type-post_type menu-item-object-page menu-item-60054\"><a href=\"https:\/\/topa.be\/fr\/individueel\/\" class=\"elementor-item\" tabindex=\"-1\">Visites guid\u00e9es individuelles<\/a><\/li>\n<li class=\"menu-item menu-item-type-post_type menu-item-object-page menu-item-60055\"><a href=\"https:\/\/topa.be\/fr\/groepen\/\" class=\"elementor-item\" tabindex=\"-1\">Visites guid\u00e9es pour groupes<\/a><\/li>\n<li class=\"menu-item menu-item-type-post_type menu-item-object-page menu-item-62463\"><a href=\"https:\/\/topa.be\/fr\/offre-aux-ecoles\/\" class=\"elementor-item\" tabindex=\"-1\">Offre aux \u00e9coles<\/a><\/li>\n<li class=\"menu-item menu-item-type-post_type menu-item-object-page menu-item-60124\"><a href=\"https:\/\/topa.be\/fr\/erediensten\/\" class=\"elementor-item\" tabindex=\"-1\">SERVICES RELIGIEUX<\/a><\/li>\n<li class=\"menu-item menu-item-type-post_type menu-item-object-page menu-item-60125\"><a href=\"https:\/\/topa.be\/fr\/monumentale-kerken\/\" class=\"elementor-item\" tabindex=\"-1\">\u00c9GLISES MONUMENTALES<\/a><\/li>\n<li class=\"menu-item menu-item-type-custom menu-item-object-custom menu-item-60126\"><a href=\"https:\/\/www.google.com\/maps\/d\/edit?mid=1iZG2PyUpfgUaDqLc-C_n5kGoHu2os6Ku&#038;usp=sharing\" class=\"elementor-item\" tabindex=\"-1\">Carte en main<\/a><\/li>\n<li class=\"menu-item menu-item-type-post_type menu-item-object-page menu-item-60127\"><a href=\"https:\/\/topa.be\/fr\/bezinning\/\" class=\"elementor-item\" tabindex=\"-1\">R\u00c9FLEXION<\/a><\/li>\n<\/ul>\t\t\t<\/nav>\n\t\t\t\t\t\t<\/div>\n\t\t\t\t<\/div>\n\t\t\t\t\t<\/div>\n\t\t<\/div>\n\t\t\t\t\t<\/div>\n\t\t<\/section>\n\t\t\t\t\t<\/div>\n\t\t<\/div>\n\t\t\t\t\t<\/div>\n\t\t<\/section>\n\t\t\t\t<\/div>\n\t\t","protected":false},"excerpt":{"rendered":"<p>Visites guid\u00e9es individuelles Si vous aimer l\u2019aventure, vous explorez l\u2019\u00e9glise par vous-m\u00eame, avec le d\u00e9pliant remis \u00e0 l\u2019entr\u00e9e, comme une boussole, ou arm\u00e9 d\u2019un guide d\u2019art r\u00e9cent (voir Publications). Mais si vous voulez discerner l\u2019ensemble au travers des d\u00e9tails et profiter de la beaut\u00e9 plus intens\u00e9ment, vous pouvez suivre une visite guid\u00e9e gratuite. Un guide [&hellip;]<\/p>\n","protected":false},"author":16,"featured_media":0,"parent":0,"menu_order":30,"comment_status":"closed","ping_status":"closed","template":"","meta":{"footnotes":""},"class_list":["post-41552","page","type-page","status-publish","hentry"],"aioseo_notices":[],"_links":{"self":[{"href":"https:\/\/topa.be\/fr\/wp-json\/wp\/v2\/pages\/41552","targetHints":{"allow":["GET"]}}],"collection":[{"href":"https:\/\/topa.be\/fr\/wp-json\/wp\/v2\/pages"}],"about":[{"href":"https:\/\/topa.be\/fr\/wp-json\/wp\/v2\/types\/page"}],"author":[{"embeddable":true,"href":"https:\/\/topa.be\/fr\/wp-json\/wp\/v2\/users\/16"}],"replies":[{"embeddable":true,"href":"https:\/\/topa.be\/fr\/wp-json\/wp\/v2\/comments?post=41552"}],"version-history":[{"count":3,"href":"https:\/\/topa.be\/fr\/wp-json\/wp\/v2\/pages\/41552\/revisions"}],"predecessor-version":[{"id":71231,"href":"https:\/\/topa.be\/fr\/wp-json\/wp\/v2\/pages\/41552\/revisions\/71231"}],"wp:attachment":[{"href":"https:\/\/topa.be\/fr\/wp-json\/wp\/v2\/media?parent=41552"}],"curies":[{"name":"wp","href":"https:\/\/api.w.org\/{rel}","templated":true}]}}