{"id":41518,"date":"2021-06-20T19:43:40","date_gmt":"2021-06-20T17:43:40","guid":{"rendered":"http:\/\/topa.be\/praktisch-2\/"},"modified":"2025-03-12T09:48:20","modified_gmt":"2025-03-12T08:48:20","slug":"praktisch-2","status":"publish","type":"page","link":"https:\/\/topa.be\/fr\/praktisch-2\/","title":{"rendered":"INFORMATIONS PRATIQUES"},"content":{"rendered":"\t\t<div data-elementor-type=\"wp-page\" data-elementor-id=\"41518\" class=\"elementor elementor-41518 elementor-35064\" data-elementor-post-type=\"page\">\n\t\t\t\t\t\t<section class=\"elementor-section elementor-top-section elementor-element elementor-element-fd83ec3 elementor-section-boxed elementor-section-height-default elementor-section-height-default\" data-id=\"fd83ec3\" data-element_type=\"section\" data-e-type=\"section\">\n\t\t\t\t\t\t<div class=\"elementor-container elementor-column-gap-default\">\n\t\t\t\t\t<div class=\"elementor-column elementor-col-100 elementor-top-column elementor-element elementor-element-a4d2054\" data-id=\"a4d2054\" data-element_type=\"column\" data-e-type=\"column\">\n\t\t\t<div class=\"elementor-widget-wrap elementor-element-populated\">\n\t\t\t\t\t\t<div class=\"elementor-element elementor-element-0ba706a elementor-widget elementor-widget-heading\" data-id=\"0ba706a\" data-element_type=\"widget\" data-e-type=\"widget\" data-widget_type=\"heading.default\">\n\t\t\t\t<div class=\"elementor-widget-container\">\n\t\t\t\t\t<h1 class=\"elementor-heading-title elementor-size-default\">INFORMATIONS PRATIQUES<\/h1>\t\t\t\t<\/div>\n\t\t\t\t<\/div>\n\t\t\t\t\t<\/div>\n\t\t<\/div>\n\t\t\t\t\t<\/div>\n\t\t<\/section>\n\t\t\t\t<section class=\"elementor-section elementor-top-section elementor-element elementor-element-522311f elementor-section-boxed elementor-section-height-default elementor-section-height-default\" data-id=\"522311f\" data-element_type=\"section\" data-e-type=\"section\">\n\t\t\t\t\t\t<div class=\"elementor-container elementor-column-gap-default\">\n\t\t\t\t\t<div class=\"elementor-column elementor-col-100 elementor-top-column elementor-element elementor-element-c415bd3\" data-id=\"c415bd3\" data-element_type=\"column\" data-e-type=\"column\">\n\t\t\t<div class=\"elementor-widget-wrap elementor-element-populated\">\n\t\t\t\t\t\t<div class=\"elementor-element elementor-element-44a2a9a elementor-widget elementor-widget-image\" data-id=\"44a2a9a\" data-element_type=\"widget\" data-e-type=\"widget\" data-widget_type=\"image.default\">\n\t\t\t\t<div class=\"elementor-widget-container\">\n\t\t\t\t\t\t\t\t\t\t\t\t<figure class=\"wp-caption\">\n\t\t\t\t\t\t\t\t\t\t<img fetchpriority=\"high\" decoding=\"async\" width=\"800\" height=\"240\" src=\"https:\/\/topa.be\/wp-content\/uploads\/Rede-Antwerpen-in-Oostenrijkse-tijd-1-1.jpg\" class=\"attachment-large size-large wp-image-32866\" alt=\"\" srcset=\"https:\/\/topa.be\/wp-content\/uploads\/Rede-Antwerpen-in-Oostenrijkse-tijd-1-1.jpg 832w, https:\/\/topa.be\/wp-content\/uploads\/Rede-Antwerpen-in-Oostenrijkse-tijd-1-1-300x90.jpg 300w, https:\/\/topa.be\/wp-content\/uploads\/Rede-Antwerpen-in-Oostenrijkse-tijd-1-1-200x60.jpg 200w, https:\/\/topa.be\/wp-content\/uploads\/Rede-Antwerpen-in-Oostenrijkse-tijd-1-1-768x231.jpg 768w\" sizes=\"(max-width: 800px) 100vw, 800px\" \/>\t\t\t\t\t\t\t\t\t\t\t<figcaption class=\"widget-image-caption wp-caption-text\">La rade d'Anvers \u00e0 l'\u00e9poque autrichienne<\/figcaption>\n\t\t\t\t\t\t\t\t\t\t<\/figure>\n\t\t\t\t\t\t\t\t\t<\/div>\n\t\t\t\t<\/div>\n\t\t\t\t\t<\/div>\n\t\t<\/div>\n\t\t\t\t\t<\/div>\n\t\t<\/section>\n\t\t\t\t<section class=\"elementor-section elementor-top-section elementor-element elementor-element-6c731c9 elementor-section-boxed elementor-section-height-default elementor-section-height-default\" data-id=\"6c731c9\" data-element_type=\"section\" data-e-type=\"section\">\n\t\t\t\t\t\t<div class=\"elementor-container elementor-column-gap-default\">\n\t\t\t\t\t<div class=\"elementor-column elementor-col-66 elementor-top-column elementor-element elementor-element-d4c01db\" data-id=\"d4c01db\" data-element_type=\"column\" data-e-type=\"column\">\n\t\t\t<div class=\"elementor-widget-wrap elementor-element-populated\">\n\t\t\t\t\t\t<div class=\"elementor-element elementor-element-4f29ca5 elementor-widget elementor-widget-text-editor\" data-id=\"4f29ca5\" data-element_type=\"widget\" data-e-type=\"widget\" data-widget_type=\"text-editor.default\">\n\t\t\t\t<div class=\"elementor-widget-container\">\n\t\t\t\t\t\t\t\t\t<p style=\"text-align: justify;\">Vous d\u00e9sirez visiter une ou plusieurs \u00e9glises Anversoises pour y savourer dans le calme et le silence les \u0153uvres d\u2019art ?<\/p><p style=\"text-align: justify;\">Vous d\u00e9sirez savoir quelles \u00e9glises se visitent ? O\u00f9 les trouver ? Quand les visiter ?<\/p><p style=\"text-align: justify;\">Nous vous aidons dans votre d\u00e9marche gr\u00e2ce \u00e0 un lien ci-dessous vers les informations pratiques de chaque \u00e9glise.<\/p>\t\t\t\t\t\t\t\t<\/div>\n\t\t\t\t<\/div>\n\t\t\t\t<div class=\"elementor-element elementor-element-9bf898a elementor-widget elementor-widget-text-editor\" data-id=\"9bf898a\" data-element_type=\"widget\" data-e-type=\"widget\" data-widget_type=\"text-editor.default\">\n\t\t\t\t<div class=\"elementor-widget-container\">\n\t\t\t\t\t\t\t\t\t<p><strong>Les cinq \u00e9glises touristiques du centre d&rsquo;Anvers<\/strong><\/p><p><strong><a href=\"https:\/\/topa.be\/fr\/olv-kathedraal\/praktisch\/\" data-wpel-link=\"internal\">Cath\u00e9drale Notre-Dame<\/a><\/strong><\/p><p><strong><a href=\"https:\/\/topa.be\/fr\/st-andries\/praktisch\/\" data-wpel-link=\"internal\">\u00c9glise Saint-Andr\u00e9<\/a><\/strong><\/p><p><strong><a href=\"https:\/\/topa.be\/fr\/sint-carolus-borromeus\/praktisch\/\" data-wpel-link=\"internal\">\u00c9glise Saint-Charles Borrom\u00e9e<\/a><\/strong><\/p><p><strong><a href=\"https:\/\/topa.be\/fr\/sint-jacob\/praktisch\/\" data-wpel-link=\"internal\">\u00c9glise Saint-Jacques<\/a><\/strong><\/p><p><strong><a href=\"https:\/\/topa.be\/fr\/sint-paulus\/praktisch\/\" data-wpel-link=\"internal\">\u00c9glise Saint-Paul<\/a><\/strong><\/p>\t\t\t\t\t\t\t\t<\/div>\n\t\t\t\t<\/div>\n\t\t\t\t<div class=\"elementor-element elementor-element-9e816a4 elementor-widget elementor-widget-text-editor\" data-id=\"9e816a4\" data-element_type=\"widget\" data-e-type=\"widget\" data-widget_type=\"text-editor.default\">\n\t\t\t\t<div class=\"elementor-widget-container\">\n\t\t\t\t\t\t\t\t\t<p><strong>Lez autres \u00e9glises monumentales d&rsquo;Anvers<\/strong><\/p><p><strong><a href=\"https:\/\/topa.be\/fr\/monumentale-kerken\/heilig-hart-van-jezus\/\" data-wpel-link=\"internal\">\u00c9glise du Sacr\u00e9 Coeur de J\u00e9sus<\/a><\/strong><\/p><p><strong><a href=\"https:\/\/topa.be\/fr\/monumentale-kerken\/kristus-koning\/\" data-wpel-link=\"internal\">\u00c9glise du Christ-Roi<\/a><\/strong><\/p><p><strong><a href=\"https:\/\/topa.be\/fr\/monumentale-kerken\/sint-amandus\/\" data-wpel-link=\"internal\">\u00c9glise Saint-Amant<\/a><\/strong><\/p><p><strong><a href=\"https:\/\/topa.be\/fr\/monumentale-kerken\/sint-anna-ten-drieen\/\" data-wpel-link=\"internal\">\u00c9glise Saint-Anne Trinitaire<\/a><\/strong><\/p><p><strong><a href=\"https:\/\/topa.be\/fr\/monumentale-kerken\/sint-antonius-van-padua\/\" data-wpel-link=\"internal\">\u00c9glise Saint-Antoine de Padoue<\/a><\/strong><\/p><p><strong><a href=\"https:\/\/topa.be\/fr\/monumentale-kerken\/sint-catharina-begijnhof\/\" data-wpel-link=\"internal\">\u00c9glise Sainte-Catherine, Beguinage<\/a><\/strong><\/p><p><strong><a href=\"https:\/\/topa.be\/fr\/monumentale-kerken\/sint-catharina-kiel\/\" data-wpel-link=\"internal\">\u00c9glise Sainte-Catherine, Kiel<\/a><\/strong><\/p><p><strong><a href=\"https:\/\/topa.be\/fr\/monumentale-kerken\/sint-eligius\/\" data-wpel-link=\"internal\">\u00c9glise Saint-\u00c9loi<\/a><\/strong><\/p><p><strong><a href=\"https:\/\/topa.be\/fr\/monumentale-kerken\/sint-franciscus\/\" data-wpel-link=\"internal\">\u00c9glise Saint-Fran\u00e7ois<\/a><\/strong><\/p><p><strong><a href=\"https:\/\/topa.be\/fr\/monumentale-kerken\/sint-joris\/\" data-wpel-link=\"internal\">\u00c9glise Saint-Georges<\/a><\/strong><\/p><p><strong><a href=\"https:\/\/topa.be\/fr\/monumentale-kerken\/sint-laurentius\/\" data-wpel-link=\"internal\">\u00c9glise Saint-laurent<\/a><\/strong><\/p><p><strong><a href=\"https:\/\/topa.be\/fr\/monumentale-kerken\/sint-michiel-en-petrus\/\" data-wpel-link=\"internal\">\u00c9glise Saints-Michel-et-Pierre<\/a><\/strong><\/p><p><strong><a href=\"https:\/\/topa.be\/fr\/monumentale-kerken\/sint-norbertus\/\" data-wpel-link=\"internal\">\u00c9glise Saint-Norbert<\/a><\/strong><\/p><p><strong><a href=\"https:\/\/topa.be\/fr\/monumentale-kerken\/sint-walburgis\/\" data-wpel-link=\"internal\">\u00c9glise Sainte-Walburge<\/a><\/strong><\/p><p><strong><a href=\"https:\/\/topa.be\/fr\/monumentale-kerken\/sint-willibrordus\/\" data-wpel-link=\"internal\">\u00c9glise Saint-Willibrord<\/a><\/strong><\/p><p><strong><a href=\"https:\/\/topa.be\/fr\/monumentale-kerken\/berchem-sint-willibrordus\/\" data-wpel-link=\"internal\">Berchem, \u00e9glise Saint-Willibrord<\/a><\/strong><\/p><p><strong><a href=\"https:\/\/topa.be\/fr\/monumentale-kerken\/borgerhout-st-jan-evangelist\/\" data-wpel-link=\"internal\">Borgerhout, eglise Saint-Jean-\u00c9vang\u00e9liste<\/a><\/strong><\/p><p><strong><a href=\"https:\/\/topa.be\/fr\/monumentale-kerken\/deurne-sint-fredegandus\/\" data-wpel-link=\"internal\">Deurne, eglise Saint Fr\u00e9d\u00e9gand<\/a><\/strong><\/p><p><strong><a href=\"https:\/\/topa.be\/fr\/monumentale-kerken\/ekeren-sint-lambertus\/\" data-wpel-link=\"internal\">Ekeren, \u00e9glise Saint-Lambert<\/a><\/strong><\/p><p><strong><a href=\"https:\/\/topa.be\/fr\/monumentale-kerken\/ekeren-sint-laurentius\/\" data-wpel-link=\"internal\">Ekeren, \u00e9glise Saint-Laurent<\/a><\/strong><\/p><p><strong><a href=\"https:\/\/topa.be\/fr\/monumentale-kerken\/lillo-sint-benedictus\/\" data-wpel-link=\"internal\">Lillo, \u00e9glise Saint-Beno\u00eet<\/a><\/strong><\/p><p><strong><a href=\"https:\/\/topa.be\/fr\/monumentale-kerken\/merksem-st-bartholomeus\/\" data-wpel-link=\"internal\">Merksem, \u00e9glise Saint-Bartholom\u00e9<\/a><\/strong><\/p><p><strong><a href=\"https:\/\/topa.be\/fr\/monumentale-kerken\/merksem-st-franciscus-van-assisi\/\" data-wpel-link=\"internal\">Merksem, \u00e9glise Saint-Fran\u00e7ois d&rsquo;Assise<\/a><\/strong><\/p>\t\t\t\t\t\t\t\t<\/div>\n\t\t\t\t<\/div>\n\t\t\t\t<div class=\"elementor-element elementor-element-e19a4f7 elementor-widget elementor-widget-text-editor\" data-id=\"e19a4f7\" data-element_type=\"widget\" data-e-type=\"widget\" data-widget_type=\"text-editor.default\">\n\t\t\t\t<div class=\"elementor-widget-container\">\n\t\t\t\t\t\t\t\t\t<p><strong>Quelques chapelles \u00e0 Anvers<\/strong><\/p><p><strong><a href=\"https:\/\/topa.be\/fr\/monumentale-kerken\/kapel-olv-toevlucht\/\" data-wpel-link=\"internal\">Chapelle Notre-Dame-du Refuge (Schoenmarkt\/March\u00e9 aux chaussures)<\/a><\/strong><\/p><p><strong><a href=\"https:\/\/topa.be\/fr\/monumentale-kerken\/sint-annakapel\/\" data-wpel-link=\"internal\">Chapelle Sainte-Anne (Rue de l&rsquo;Empereur)<\/a><\/strong><\/p>\t\t\t\t\t\t\t\t<\/div>\n\t\t\t\t<\/div>\n\t\t\t\t\t<\/div>\n\t\t<\/div>\n\t\t\t\t<div class=\"elementor-column elementor-col-33 elementor-top-column elementor-element elementor-element-ee6302a\" data-id=\"ee6302a\" data-element_type=\"column\" data-e-type=\"column\">\n\t\t\t<div class=\"elementor-widget-wrap elementor-element-populated\">\n\t\t\t\t\t\t<div class=\"elementor-element elementor-element-c5f107f elementor-widget elementor-widget-image\" data-id=\"c5f107f\" data-element_type=\"widget\" data-e-type=\"widget\" data-widget_type=\"image.default\">\n\t\t\t\t<div class=\"elementor-widget-container\">\n\t\t\t\t\t\t\t\t\t\t\t\t\t\t\t<img decoding=\"async\" width=\"480\" height=\"480\" src=\"https:\/\/topa.be\/wp-content\/uploads\/INFO-icon.png\" class=\"attachment-large size-large wp-image-22108\" alt=\"\" srcset=\"https:\/\/topa.be\/wp-content\/uploads\/INFO-icon.png 480w, https:\/\/topa.be\/wp-content\/uploads\/INFO-icon-300x300.png 300w, https:\/\/topa.be\/wp-content\/uploads\/INFO-icon-200x200.png 200w\" sizes=\"(max-width: 480px) 100vw, 480px\" \/>\t\t\t\t\t\t\t\t\t\t\t\t\t\t\t<\/div>\n\t\t\t\t<\/div>\n\t\t\t\t<div class=\"elementor-element elementor-element-3f115f3 elementor-widget elementor-widget-heading\" data-id=\"3f115f3\" data-element_type=\"widget\" data-e-type=\"widget\" data-widget_type=\"heading.default\">\n\t\t\t\t<div class=\"elementor-widget-container\">\n\t\t\t\t\t<h3 class=\"elementor-heading-title elementor-size-default\">Ce que nous vous proposons:<\/h3>\t\t\t\t<\/div>\n\t\t\t\t<\/div>\n\t\t\t\t<div class=\"elementor-element elementor-element-12c7c68 elementor-nav-menu--dropdown-tablet elementor-nav-menu__text-align-aside elementor-nav-menu--toggle elementor-nav-menu--burger elementor-widget elementor-widget-nav-menu\" data-id=\"12c7c68\" data-element_type=\"widget\" data-e-type=\"widget\" data-settings=\"{&quot;layout&quot;:&quot;vertical&quot;,&quot;submenu_icon&quot;:{&quot;value&quot;:&quot;&lt;i class=\\&quot;fas fa-caret-down\\&quot; aria-hidden=\\&quot;true\\&quot;&gt;&lt;\\\/i&gt;&quot;,&quot;library&quot;:&quot;fa-solid&quot;},&quot;toggle&quot;:&quot;burger&quot;}\" data-widget_type=\"nav-menu.default\">\n\t\t\t\t<div class=\"elementor-widget-container\">\n\t\t\t\t\t\t\t\t<nav aria-label=\"Menu\" class=\"elementor-nav-menu--main elementor-nav-menu__container elementor-nav-menu--layout-vertical e--pointer-framed e--animation-fade\">\n\t\t\t\t<ul id=\"menu-1-12c7c68\" class=\"elementor-nav-menu sm-vertical\"><li class=\"menu-item menu-item-type-post_type menu-item-object-page menu-item-home menu-item-61190\"><a href=\"https:\/\/topa.be\/fr\/\" class=\"elementor-item\">PAGE d\u2019ACCUEIL<\/a><\/li>\n<li class=\"menu-item menu-item-type-post_type menu-item-object-page menu-item-60052\"><a href=\"https:\/\/topa.be\/fr\/welkom\/\" class=\"elementor-item\">BIENVENUE !<\/a><\/li>\n<li class=\"menu-item menu-item-type-post_type menu-item-object-page menu-item-60053\"><a href=\"https:\/\/topa.be\/fr\/praktisch-2\/\" class=\"elementor-item\">INFORMATIONS PRATIQUES<\/a><\/li>\n<li class=\"menu-item menu-item-type-post_type menu-item-object-page menu-item-60054\"><a href=\"https:\/\/topa.be\/fr\/individueel\/\" class=\"elementor-item\">Visites guid\u00e9es individuelles<\/a><\/li>\n<li class=\"menu-item menu-item-type-post_type menu-item-object-page menu-item-60055\"><a href=\"https:\/\/topa.be\/fr\/groepen\/\" class=\"elementor-item\">Visites guid\u00e9es pour groupes<\/a><\/li>\n<li class=\"menu-item menu-item-type-post_type menu-item-object-page menu-item-62463\"><a href=\"https:\/\/topa.be\/fr\/offre-aux-ecoles\/\" class=\"elementor-item\">Offre aux \u00e9coles<\/a><\/li>\n<li class=\"menu-item menu-item-type-post_type menu-item-object-page menu-item-60124\"><a href=\"https:\/\/topa.be\/fr\/erediensten\/\" class=\"elementor-item\">SERVICES RELIGIEUX<\/a><\/li>\n<li class=\"menu-item menu-item-type-post_type menu-item-object-page menu-item-60125\"><a href=\"https:\/\/topa.be\/fr\/monumentale-kerken\/\" class=\"elementor-item\">\u00c9GLISES MONUMENTALES<\/a><\/li>\n<li class=\"menu-item menu-item-type-custom menu-item-object-custom menu-item-60126\"><a href=\"https:\/\/www.google.com\/maps\/d\/edit?mid=1iZG2PyUpfgUaDqLc-C_n5kGoHu2os6Ku&#038;usp=sharing\" class=\"elementor-item\">Carte en main<\/a><\/li>\n<li class=\"menu-item menu-item-type-post_type menu-item-object-page menu-item-60127\"><a href=\"https:\/\/topa.be\/fr\/bezinning\/\" class=\"elementor-item\">R\u00c9FLEXION<\/a><\/li>\n<\/ul>\t\t\t<\/nav>\n\t\t\t\t\t<div class=\"elementor-menu-toggle\" role=\"button\" tabindex=\"0\" aria-label=\"Permuter le menu\" aria-expanded=\"false\">\n\t\t\t<i aria-hidden=\"true\" role=\"presentation\" class=\"elementor-menu-toggle__icon--open eicon-menu-bar\"><\/i><i aria-hidden=\"true\" role=\"presentation\" class=\"elementor-menu-toggle__icon--close eicon-close\"><\/i>\t\t<\/div>\n\t\t\t\t\t<nav class=\"elementor-nav-menu--dropdown elementor-nav-menu__container\" aria-hidden=\"true\">\n\t\t\t\t<ul id=\"menu-2-12c7c68\" class=\"elementor-nav-menu sm-vertical\"><li class=\"menu-item menu-item-type-post_type menu-item-object-page menu-item-home menu-item-61190\"><a href=\"https:\/\/topa.be\/fr\/\" class=\"elementor-item\" tabindex=\"-1\">PAGE d\u2019ACCUEIL<\/a><\/li>\n<li class=\"menu-item menu-item-type-post_type menu-item-object-page menu-item-60052\"><a href=\"https:\/\/topa.be\/fr\/welkom\/\" class=\"elementor-item\" tabindex=\"-1\">BIENVENUE !<\/a><\/li>\n<li class=\"menu-item menu-item-type-post_type menu-item-object-page menu-item-60053\"><a href=\"https:\/\/topa.be\/fr\/praktisch-2\/\" class=\"elementor-item\" tabindex=\"-1\">INFORMATIONS PRATIQUES<\/a><\/li>\n<li class=\"menu-item menu-item-type-post_type menu-item-object-page menu-item-60054\"><a href=\"https:\/\/topa.be\/fr\/individueel\/\" class=\"elementor-item\" tabindex=\"-1\">Visites guid\u00e9es individuelles<\/a><\/li>\n<li class=\"menu-item menu-item-type-post_type menu-item-object-page menu-item-60055\"><a href=\"https:\/\/topa.be\/fr\/groepen\/\" class=\"elementor-item\" tabindex=\"-1\">Visites guid\u00e9es pour groupes<\/a><\/li>\n<li class=\"menu-item menu-item-type-post_type menu-item-object-page menu-item-62463\"><a href=\"https:\/\/topa.be\/fr\/offre-aux-ecoles\/\" class=\"elementor-item\" tabindex=\"-1\">Offre aux \u00e9coles<\/a><\/li>\n<li class=\"menu-item menu-item-type-post_type menu-item-object-page menu-item-60124\"><a href=\"https:\/\/topa.be\/fr\/erediensten\/\" class=\"elementor-item\" tabindex=\"-1\">SERVICES RELIGIEUX<\/a><\/li>\n<li class=\"menu-item menu-item-type-post_type menu-item-object-page menu-item-60125\"><a href=\"https:\/\/topa.be\/fr\/monumentale-kerken\/\" class=\"elementor-item\" tabindex=\"-1\">\u00c9GLISES MONUMENTALES<\/a><\/li>\n<li class=\"menu-item menu-item-type-custom menu-item-object-custom menu-item-60126\"><a href=\"https:\/\/www.google.com\/maps\/d\/edit?mid=1iZG2PyUpfgUaDqLc-C_n5kGoHu2os6Ku&#038;usp=sharing\" class=\"elementor-item\" tabindex=\"-1\">Carte en main<\/a><\/li>\n<li class=\"menu-item menu-item-type-post_type menu-item-object-page menu-item-60127\"><a href=\"https:\/\/topa.be\/fr\/bezinning\/\" class=\"elementor-item\" tabindex=\"-1\">R\u00c9FLEXION<\/a><\/li>\n<\/ul>\t\t\t<\/nav>\n\t\t\t\t\t\t<\/div>\n\t\t\t\t<\/div>\n\t\t\t\t<div class=\"elementor-element elementor-element-5aec215 elementor-widget elementor-widget-text-editor\" data-id=\"5aec215\" data-element_type=\"widget\" data-e-type=\"widget\" data-widget_type=\"text-editor.default\">\n\t\t\t\t<div class=\"elementor-widget-container\">\n\t\t\t\t\t\t\t\t\t<p><strong>Les cinq \u00e9glises touristiques du centre-ville d&rsquo;Anvers<\/strong><\/p><p><strong><a href=\"https:\/\/topa.be\/fr\/olv-kathedraal\/praktisch\/\" data-wpel-link=\"internal\">La cath\u00e9drale Notre-Dame<\/a><\/strong><\/p><p><strong><a href=\"https:\/\/topa.be\/fr\/st-andries\/praktisch\/\" data-wpel-link=\"internal\">\u00c9glise Saint-Andr\u00e9<\/a><\/strong><\/p><p><strong><a href=\"https:\/\/topa.be\/fr\/int-carolus-borromeus\/praktisch\/\" data-wpel-link=\"internal\">\u00c9glise Saint Charles Borrom\u00e9e<\/a><\/strong><\/p><p><strong><a href=\"https:\/\/topa.be\/fr\/sint-jacob\/praktisch\/\" data-wpel-link=\"internal\">\u00c9glise Saint-Jacques<\/a><\/strong><\/p><p><strong><a href=\"https:\/\/topa.be\/fr\/sint-paulus\/praktisch\/\" data-wpel-link=\"internal\">\u00c9glise Saint-Paul<\/a><\/strong><\/p>\t\t\t\t\t\t\t\t<\/div>\n\t\t\t\t<\/div>\n\t\t\t\t\t<\/div>\n\t\t<\/div>\n\t\t\t\t\t<\/div>\n\t\t<\/section>\n\t\t\t\t<\/div>\n\t\t","protected":false},"excerpt":{"rendered":"<p>INFORMATIONS PRATIQUES La rade d&rsquo;Anvers \u00e0 l&rsquo;\u00e9poque autrichienne Vous d\u00e9sirez visiter une ou plusieurs \u00e9glises Anversoises pour y savourer dans le calme et le silence les \u0153uvres d\u2019art ? Vous d\u00e9sirez savoir quelles \u00e9glises se visitent ? O\u00f9 les trouver ? Quand les visiter ? Nous vous aidons dans votre d\u00e9marche gr\u00e2ce \u00e0 un lien [&hellip;]<\/p>\n","protected":false},"author":16,"featured_media":0,"parent":0,"menu_order":20,"comment_status":"closed","ping_status":"closed","template":"","meta":{"footnotes":""},"class_list":["post-41518","page","type-page","status-publish","hentry"],"aioseo_notices":[],"_links":{"self":[{"href":"https:\/\/topa.be\/fr\/wp-json\/wp\/v2\/pages\/41518","targetHints":{"allow":["GET"]}}],"collection":[{"href":"https:\/\/topa.be\/fr\/wp-json\/wp\/v2\/pages"}],"about":[{"href":"https:\/\/topa.be\/fr\/wp-json\/wp\/v2\/types\/page"}],"author":[{"embeddable":true,"href":"https:\/\/topa.be\/fr\/wp-json\/wp\/v2\/users\/16"}],"replies":[{"embeddable":true,"href":"https:\/\/topa.be\/fr\/wp-json\/wp\/v2\/comments?post=41518"}],"version-history":[{"count":3,"href":"https:\/\/topa.be\/fr\/wp-json\/wp\/v2\/pages\/41518\/revisions"}],"predecessor-version":[{"id":71189,"href":"https:\/\/topa.be\/fr\/wp-json\/wp\/v2\/pages\/41518\/revisions\/71189"}],"wp:attachment":[{"href":"https:\/\/topa.be\/fr\/wp-json\/wp\/v2\/media?parent=41518"}],"curies":[{"name":"wp","href":"https:\/\/api.w.org\/{rel}","templated":true}]}}