{"id":40851,"date":"2021-06-15T13:11:48","date_gmt":"2021-06-15T11:11:48","guid":{"rendered":"http:\/\/topa.be\/wie-zijn-we\/"},"modified":"2021-09-28T13:22:56","modified_gmt":"2021-09-28T11:22:56","slug":"wie-zijn-we","status":"publish","type":"page","link":"https:\/\/topa.be\/fr\/wie-zijn-we\/","title":{"rendered":"TOPA? Qui sommes-nous?"},"content":{"rendered":"\t\t<div data-elementor-type=\"wp-page\" data-elementor-id=\"40851\" class=\"elementor elementor-40851 elementor-11804\" data-elementor-post-type=\"page\">\n\t\t\t\t\t\t<section class=\"elementor-section elementor-top-section elementor-element elementor-element-cac4a3f elementor-section-boxed elementor-section-height-default elementor-section-height-default\" data-id=\"cac4a3f\" data-element_type=\"section\" data-e-type=\"section\">\n\t\t\t\t\t\t<div class=\"elementor-container elementor-column-gap-default\">\n\t\t\t\t\t<div class=\"elementor-column elementor-col-100 elementor-top-column elementor-element elementor-element-c6fd2cd\" data-id=\"c6fd2cd\" data-element_type=\"column\" data-e-type=\"column\">\n\t\t\t<div class=\"elementor-widget-wrap elementor-element-populated\">\n\t\t\t\t\t\t<div class=\"elementor-element elementor-element-15aed23 elementor-widget elementor-widget-heading\" data-id=\"15aed23\" data-element_type=\"widget\" data-e-type=\"widget\" data-widget_type=\"heading.default\">\n\t\t\t\t<div class=\"elementor-widget-container\">\n\t\t\t\t\t<h1 class=\"elementor-heading-title elementor-size-default\">TOPA? Qui sommes-nous?<\/h1>\t\t\t\t<\/div>\n\t\t\t\t<\/div>\n\t\t\t\t\t<\/div>\n\t\t<\/div>\n\t\t\t\t\t<\/div>\n\t\t<\/section>\n\t\t\t\t<section class=\"elementor-section elementor-top-section elementor-element elementor-element-26ff13e elementor-section-boxed elementor-section-height-default elementor-section-height-default\" data-id=\"26ff13e\" data-element_type=\"section\" data-e-type=\"section\">\n\t\t\t\t\t\t<div class=\"elementor-container elementor-column-gap-default\">\n\t\t\t\t\t<div class=\"elementor-column elementor-col-66 elementor-top-column elementor-element elementor-element-df95bbd\" data-id=\"df95bbd\" data-element_type=\"column\" data-e-type=\"column\">\n\t\t\t<div class=\"elementor-widget-wrap elementor-element-populated\">\n\t\t\t\t\t\t<div class=\"elementor-element elementor-element-f596c37 elementor-widget elementor-widget-image\" data-id=\"f596c37\" data-element_type=\"widget\" data-e-type=\"widget\" data-widget_type=\"image.default\">\n\t\t\t\t<div class=\"elementor-widget-container\">\n\t\t\t\t\t\t\t\t\t\t\t\t<figure class=\"wp-caption\">\n\t\t\t\t\t\t\t\t\t\t\t<a href=\"http:\/\/topa.be\/wp-content\/uploads\/Rede-Antwerpen-in-Oostenrijkse-tijd-1.jpg\" data-elementor-open-lightbox=\"yes\" data-elementor-lightbox-title=\"Rede-Antwerpen-in-Oostenrijkse-tijd-1\" data-elementor-lightbox-description=\"La rade d&#039;Anvers \u00e0 l&#039;\u00e9poque autrichienne\" data-e-action-hash=\"#elementor-action%3Aaction%3Dlightbox%26settings%3DeyJpZCI6Mjc3MjQsInVybCI6Imh0dHBzOlwvXC90b3BhLmJlXC93cC1jb250ZW50XC91cGxvYWRzXC9SZWRlLUFudHdlcnBlbi1pbi1Pb3N0ZW5yaWprc2UtdGlqZC0xLmpwZyJ9\">\n\t\t\t\t\t\t\t<img fetchpriority=\"high\" decoding=\"async\" width=\"800\" height=\"240\" src=\"https:\/\/topa.be\/wp-content\/uploads\/Rede-Antwerpen-in-Oostenrijkse-tijd-1.jpg\" class=\"attachment-large size-large wp-image-27724\" alt=\"\" srcset=\"https:\/\/topa.be\/wp-content\/uploads\/Rede-Antwerpen-in-Oostenrijkse-tijd-1.jpg 832w, https:\/\/topa.be\/wp-content\/uploads\/Rede-Antwerpen-in-Oostenrijkse-tijd-1-300x90.jpg 300w, https:\/\/topa.be\/wp-content\/uploads\/Rede-Antwerpen-in-Oostenrijkse-tijd-1-200x60.jpg 200w, https:\/\/topa.be\/wp-content\/uploads\/Rede-Antwerpen-in-Oostenrijkse-tijd-1-768x231.jpg 768w\" sizes=\"(max-width: 800px) 100vw, 800px\" \/>\t\t\t\t\t\t\t\t<\/a>\n\t\t\t\t\t\t\t\t\t\t\t<figcaption class=\"widget-image-caption wp-caption-text\">La rade d'Anvers \u00e0 l'\u00e9poque autrichienne<\/figcaption>\n\t\t\t\t\t\t\t\t\t\t<\/figure>\n\t\t\t\t\t\t\t\t\t<\/div>\n\t\t\t\t<\/div>\n\t\t\t\t<div class=\"elementor-element elementor-element-09ca868 elementor-widget elementor-widget-text-editor\" data-id=\"09ca868\" data-element_type=\"widget\" data-e-type=\"widget\" data-widget_type=\"text-editor.default\">\n\t\t\t\t<div class=\"elementor-widget-container\">\n\t\t\t\t\t\t\t\t\t<p style=\"text-align: justify;\">Accueillir et guider les visiteurs dans le patrimoine religieux, c\u2019est leur offrir une exp\u00e9rience de l\u2019art chr\u00e9tien. L\u2019\u00c9glise, qui depuis des si\u00e8cles a commandit\u00e9 cet art pour un meilleur v\u00e9cu de la foi, consid\u00e8re \u00e9galement qu\u2019il est important que les touristes connaissent ce patrimoine, tant par l\u2019\u00e9merveillement que par le transfert de connaissances scientifiques, culturelles et historiques.<\/p>\n<p style=\"text-align: justify;\">Ainsi, proposer des\u00a0<strong>visites historico-culturelles dans des \u00e9glises monumentales<\/strong>\u00a0fait partie de la mission de la pastorale du tourisme. La \u00ab\u00a0pastorale\u00a0\u00bb consiste \u00e0 rencontrer les gens et \u00e0 les guider pour qu\u2019ils deviennent plus humains, ceci selon les normes de l\u2019\u00e9vangile de J\u00e9sus. C\u2019est pourquoi l\u2019accueil des visiteurs dans les \u00e9glises par les guides implique un engagement de foi \u2013 ou du moins le respect de cette foi \u2013 en Christ, Lui qui est \u00ab\u00a0la Lumi\u00e8re du monde\u00a0\u00bb. En d\u2019autres termes, pas d\u2019explication d\u2019une \u00e9glise sans r\u00e9f\u00e9rence au Christ: \u00ab\u00a0pierre angulaire et clef de vo\u00fbte\u00a0\u00bb.<\/p>\n<p style=\"text-align: justify;\">Quiconque per\u00e7oit une \u00e9glise comme \u00ab\u00a0la maison de Dieu\u00a0\u00bb ou comme un lieu de pri\u00e8re reste le mieux plac\u00e9 pour exprimer le caract\u00e8re unique d\u2019une \u00e9glise monumentale. Il\/elle per\u00e7oit l\u2019\u00e2me des choses\u2026 et ceux qui parlent par exp\u00e9rience\u2026<\/p>\n<p style=\"text-align: justify;\">Cependant, il ne peut en aucun cas \u00eatre question de pr\u00eacher un sermon p\u00e9dant, de convaincre directement les autres ou de proclamer notre vision strictement personnelle. Notre mission \u00e9vang\u00e9lique est l\u00e0, mais de mani\u00e8re subtile : gr\u00e2ce \u00e0 notre enthousiasme dans le r\u00e9cit, les touristes devraient percevoir que le message central de cet art chr\u00e9tien ne cesse de s\u2019adresser personnellement \u00e0 chacun.<\/p>\n<p>Apprenez-en davantage sur notre objectif via le bouton ci-dessous.<\/p>\n\t\t\t\t\t\t\t\t<\/div>\n\t\t\t\t<\/div>\n\t\t\t\t<section class=\"elementor-section elementor-inner-section elementor-element elementor-element-b737a21 elementor-section-boxed elementor-section-height-default elementor-section-height-default\" data-id=\"b737a21\" data-element_type=\"section\" data-e-type=\"section\">\n\t\t\t\t\t\t<div class=\"elementor-container elementor-column-gap-default\">\n\t\t\t\t\t<div class=\"elementor-column elementor-col-33 elementor-inner-column elementor-element elementor-element-1a6b9b4\" data-id=\"1a6b9b4\" data-element_type=\"column\" data-e-type=\"column\">\n\t\t\t<div class=\"elementor-widget-wrap elementor-element-populated\">\n\t\t\t\t\t\t<div class=\"elementor-element elementor-element-24b471b elementor-align-center elementor-widget elementor-widget-button\" data-id=\"24b471b\" data-element_type=\"widget\" data-e-type=\"widget\" data-widget_type=\"button.default\">\n\t\t\t\t<div class=\"elementor-widget-container\">\n\t\t\t\t\t\t\t\t\t<div class=\"elementor-button-wrapper\">\n\t\t\t\t\t<a class=\"elementor-button elementor-button-link elementor-size-sm\" href=\"http:\/\/topa.be\/wie-zijn-we\/onze-doelstelling\/\">\n\t\t\t\t\t\t<span class=\"elementor-button-content-wrapper\">\n\t\t\t\t\t\t\t\t\t<span class=\"elementor-button-text\">Notre objectif<\/span>\n\t\t\t\t\t<\/span>\n\t\t\t\t\t<\/a>\n\t\t\t\t<\/div>\n\t\t\t\t\t\t\t\t<\/div>\n\t\t\t\t<\/div>\n\t\t\t\t\t<\/div>\n\t\t<\/div>\n\t\t\t\t<div class=\"elementor-column elementor-col-33 elementor-inner-column elementor-element elementor-element-d86c29c\" data-id=\"d86c29c\" data-element_type=\"column\" data-e-type=\"column\">\n\t\t\t<div class=\"elementor-widget-wrap\">\n\t\t\t\t\t\t\t<\/div>\n\t\t<\/div>\n\t\t\t\t<div class=\"elementor-column elementor-col-33 elementor-inner-column elementor-element elementor-element-200dd71\" data-id=\"200dd71\" data-element_type=\"column\" data-e-type=\"column\">\n\t\t\t<div class=\"elementor-widget-wrap\">\n\t\t\t\t\t\t\t<\/div>\n\t\t<\/div>\n\t\t\t\t\t<\/div>\n\t\t<\/section>\n\t\t\t\t\t<\/div>\n\t\t<\/div>\n\t\t\t\t<div class=\"elementor-column elementor-col-33 elementor-top-column elementor-element elementor-element-9523a8d\" data-id=\"9523a8d\" data-element_type=\"column\" data-e-type=\"column\">\n\t\t\t<div class=\"elementor-widget-wrap elementor-element-populated\">\n\t\t\t\t\t\t<div class=\"elementor-element elementor-element-86c99cb elementor-widget elementor-widget-image\" data-id=\"86c99cb\" data-element_type=\"widget\" data-e-type=\"widget\" data-widget_type=\"image.default\">\n\t\t\t\t<div class=\"elementor-widget-container\">\n\t\t\t\t\t\t\t\t\t\t\t\t\t\t\t<img decoding=\"async\" width=\"250\" height=\"325\" src=\"https:\/\/topa.be\/wp-content\/uploads\/Topa-logo-medium.jpg\" class=\"attachment-large size-large wp-image-40739\" alt=\"\" srcset=\"https:\/\/topa.be\/wp-content\/uploads\/Topa-logo-medium.jpg 250w, https:\/\/topa.be\/wp-content\/uploads\/Topa-logo-medium-231x300.jpg 231w, https:\/\/topa.be\/wp-content\/uploads\/Topa-logo-medium-154x200.jpg 154w\" sizes=\"(max-width: 250px) 100vw, 250px\" \/>\t\t\t\t\t\t\t\t\t\t\t\t\t\t\t<\/div>\n\t\t\t\t<\/div>\n\t\t\t\t\t<\/div>\n\t\t<\/div>\n\t\t\t\t\t<\/div>\n\t\t<\/section>\n\t\t\t\t<\/div>\n\t\t","protected":false},"excerpt":{"rendered":"<p>TOPA? Qui sommes-nous? La rade d&rsquo;Anvers \u00e0 l&rsquo;\u00e9poque autrichienne Accueillir et guider les visiteurs dans le patrimoine religieux, c\u2019est leur offrir une exp\u00e9rience de l\u2019art chr\u00e9tien. L\u2019\u00c9glise, qui depuis des si\u00e8cles a commandit\u00e9 cet art pour un meilleur v\u00e9cu de la foi, consid\u00e8re \u00e9galement qu\u2019il est important que les touristes connaissent ce patrimoine, tant par [&hellip;]<\/p>\n","protected":false},"author":16,"featured_media":0,"parent":0,"menu_order":560,"comment_status":"closed","ping_status":"closed","template":"","meta":{"footnotes":""},"class_list":["post-40851","page","type-page","status-publish","hentry"],"aioseo_notices":[],"_links":{"self":[{"href":"https:\/\/topa.be\/fr\/wp-json\/wp\/v2\/pages\/40851","targetHints":{"allow":["GET"]}}],"collection":[{"href":"https:\/\/topa.be\/fr\/wp-json\/wp\/v2\/pages"}],"about":[{"href":"https:\/\/topa.be\/fr\/wp-json\/wp\/v2\/types\/page"}],"author":[{"embeddable":true,"href":"https:\/\/topa.be\/fr\/wp-json\/wp\/v2\/users\/16"}],"replies":[{"embeddable":true,"href":"https:\/\/topa.be\/fr\/wp-json\/wp\/v2\/comments?post=40851"}],"version-history":[{"count":3,"href":"https:\/\/topa.be\/fr\/wp-json\/wp\/v2\/pages\/40851\/revisions"}],"predecessor-version":[{"id":57803,"href":"https:\/\/topa.be\/fr\/wp-json\/wp\/v2\/pages\/40851\/revisions\/57803"}],"wp:attachment":[{"href":"https:\/\/topa.be\/fr\/wp-json\/wp\/v2\/media?parent=40851"}],"curies":[{"name":"wp","href":"https:\/\/api.w.org\/{rel}","templated":true}]}}