{"id":39400,"date":"2021-06-07T20:14:45","date_gmt":"2021-06-07T18:14:45","guid":{"rendered":"http:\/\/topa.be\/sint-jacob\/beschrijving\/historische-context\/"},"modified":"2021-07-19T14:20:33","modified_gmt":"2021-07-19T12:20:33","slug":"historische-context","status":"publish","type":"page","link":"https:\/\/topa.be\/fr\/sint-jacob\/beschrijving\/historische-context\/","title":{"rendered":"SJK Contexte historique"},"content":{"rendered":"\t\t<div data-elementor-type=\"wp-page\" data-elementor-id=\"39400\" class=\"elementor elementor-39400 elementor-33841\" data-elementor-post-type=\"page\">\n\t\t\t\t\t\t<section class=\"elementor-section elementor-top-section elementor-element elementor-element-42e6c9f elementor-section-boxed elementor-section-height-default elementor-section-height-default\" data-id=\"42e6c9f\" data-element_type=\"section\" data-e-type=\"section\">\n\t\t\t\t\t\t<div class=\"elementor-container elementor-column-gap-default\">\n\t\t\t\t\t<div class=\"elementor-column elementor-col-100 elementor-top-column elementor-element elementor-element-38058a5\" data-id=\"38058a5\" data-element_type=\"column\" data-e-type=\"column\">\n\t\t\t<div class=\"elementor-widget-wrap elementor-element-populated\">\n\t\t\t\t\t\t<div class=\"elementor-element elementor-element-1d305cc elementor-widget elementor-widget-heading\" data-id=\"1d305cc\" data-element_type=\"widget\" data-e-type=\"widget\" data-widget_type=\"heading.default\">\n\t\t\t\t<div class=\"elementor-widget-container\">\n\t\t\t\t\t<h2 class=\"elementor-heading-title elementor-size-default\">Une clef pour l\u2019\u00e9glise Saint-Jacques \u00e0 Anvers.<\/h2>\t\t\t\t<\/div>\n\t\t\t\t<\/div>\n\t\t\t\t\t<\/div>\n\t\t<\/div>\n\t\t\t\t\t<\/div>\n\t\t<\/section>\n\t\t\t\t<section class=\"elementor-section elementor-top-section elementor-element elementor-element-7358d0a elementor-section-boxed elementor-section-height-default elementor-section-height-default\" data-id=\"7358d0a\" data-element_type=\"section\" data-e-type=\"section\">\n\t\t\t\t\t\t<div class=\"elementor-container elementor-column-gap-default\">\n\t\t\t\t\t<div class=\"elementor-column elementor-col-100 elementor-top-column elementor-element elementor-element-e6d6451\" data-id=\"e6d6451\" data-element_type=\"column\" data-e-type=\"column\">\n\t\t\t<div class=\"elementor-widget-wrap elementor-element-populated\">\n\t\t\t\t\t\t<div class=\"elementor-element elementor-element-723bedc elementor-widget elementor-widget-heading\" data-id=\"723bedc\" data-element_type=\"widget\" data-e-type=\"widget\" data-widget_type=\"heading.default\">\n\t\t\t\t<div class=\"elementor-widget-container\">\n\t\t\t\t\t<h1 class=\"elementor-heading-title elementor-size-default\">Comment un monument suit le cours de l\u2019histoire<\/h1>\t\t\t\t<\/div>\n\t\t\t\t<\/div>\n\t\t\t\t\t<\/div>\n\t\t<\/div>\n\t\t\t\t\t<\/div>\n\t\t<\/section>\n\t\t\t\t<section class=\"elementor-section elementor-top-section elementor-element elementor-element-f466bec elementor-section-boxed elementor-section-height-default elementor-section-height-default\" data-id=\"f466bec\" data-element_type=\"section\" data-e-type=\"section\">\n\t\t\t\t\t\t<div class=\"elementor-container elementor-column-gap-default\">\n\t\t\t\t\t<div class=\"elementor-column elementor-col-66 elementor-top-column elementor-element elementor-element-a5a1ee4\" data-id=\"a5a1ee4\" data-element_type=\"column\" data-e-type=\"column\">\n\t\t\t<div class=\"elementor-widget-wrap elementor-element-populated\">\n\t\t\t\t\t\t<div class=\"elementor-element elementor-element-7acdaf3 elementor-widget elementor-widget-text-editor\" data-id=\"7acdaf3\" data-element_type=\"widget\" data-e-type=\"widget\" data-widget_type=\"text-editor.default\">\n\t\t\t\t<div class=\"elementor-widget-container\">\n\t\t\t\t\t\t\t\t\t<table border=\"1\">\n<thead>\n<tr>\n<td><\/td>\n<td><strong>HISTOIRE UNIVERSELLE<\/strong><\/td>\n<td><strong>DATE<\/strong><\/td>\n<td><strong>HISTOIRE de l\u2019\u00e9glise SAINT-JACQUES<\/strong><\/td>\n<\/tr>\n<\/thead>\n<tbody>\n<tr>\n<td style=\"background-color: #ff00ff; text-align: center; vertical-align: middle;\" rowspan=\"9\"><strong>R<\/strong><strong>O<\/strong><\/p>\n<p><strong>M<\/strong><\/p>\n<p><strong>E<\/strong><\/td>\n<td>Fondation de Rome<\/td>\n<td>754 a.J.C.<\/td>\n<td rowspan=\"9\"><\/td>\n<\/tr>\n<tr>\n<td>J. Caesar incorpore la Gaule \u00e0 l\u2019Empire Romain<\/td>\n<td>51 a.J.C.<\/td>\n<\/tr>\n<tr>\n<td>Naissance de J\u00e9sus \u00e0 Bethlehem<\/td>\n<td>4 a.J.C.<\/td>\n<\/tr>\n<tr>\n<td>Crucifixion de J\u00e9sus \u00e0 J\u00e9rusalem<\/td>\n<td>33<\/td>\n<\/tr>\n<tr>\n<td>Voyages d\u2019\u00e9vang\u00e9lisation des Ap\u00f4tres<\/td>\n<td><\/td>\n<\/tr>\n<tr>\n<td>Martyr de Jacques le Majeur en Palestine sur ordre d\u2019H\u00e9rode Agrippa I<sup>er<\/sup><\/td>\n<td>44<\/td>\n<\/tr>\n<tr>\n<td>Pers\u00e9cutions des Chr\u00e9tiens<\/td>\n<td><\/td>\n<\/tr>\n<tr>\n<td>\u00c9dit de Milan de l\u2019empereur Constantin\u00a0: libert\u00e9 du culte pour les Chr\u00e9tiens<\/td>\n<td>313<\/td>\n<\/tr>\n<tr>\n<td>Chute de l\u2019Empire Romain Occidental<\/td>\n<td>476<\/td>\n<\/tr>\n<tr>\n<td style=\"background-color: #00ff00; text-align: center; vertical-align: middle;\" rowspan=\"16\"><strong>M<\/strong><strong>O<\/strong><\/p>\n<p><strong>Y<\/strong><\/p>\n<p><strong>E<\/strong><\/p>\n<p><strong>N<\/strong><\/p>\n<p><strong>\u2013<\/strong><\/p>\n<p><strong>\u00c2<\/strong><\/p>\n<p><strong>G<\/strong><\/p>\n<p><strong>E<\/strong><\/td>\n<td>\u00c9vang\u00e9lisation des Pays-Bas<\/td>\n<td>VII<sup>e<\/sup> si\u00e8cle<\/td>\n<td>Premi\u00e8re petite \u00e9glise paroissiale \u00e0 Anvers\u00a0: St-Pierre-et-Paul<\/td>\n<\/tr>\n<tr>\n<td>Charlemagne, empereur de l\u2019empire Romain Occidental<\/td>\n<td>800<\/td>\n<td rowspan=\"6\">&nbsp;<\/p>\n<p>&nbsp;<\/td>\n<\/tr>\n<tr>\n<td>Trait\u00e9 de Verdun\u00a0: division de l\u2019empire Carolingien avec l\u2019Escaut comme fronti\u00e8re<\/td>\n<td>843<\/td>\n<\/tr>\n<tr>\n<td>Bataille de Clavijo : victoire espagnole sur les Maures\u00a0; l\u00e9gende de \u2018Santiago Matamoros\u2019<\/td>\n<td>844<\/td>\n<\/tr>\n<tr>\n<td>Anvers\u00a0: marquisat du Saint-Empire Romain de la Nation Teutonique<\/td>\n<td>ca. 973<\/td>\n<\/tr>\n<tr>\n<td>Le p\u00e8lerinage vers Compostelle devient populaire<\/td>\n<td>XI<sup>e<\/sup> si\u00e8cle<\/td>\n<\/tr>\n<tr>\n<td>Basilique romane \u00e0 Compostelle<\/td>\n<td>1078-1128<\/td>\n<\/tr>\n<tr>\n<td rowspan=\"3\"><\/td>\n<td>1124<\/td>\n<td>Cr\u00e9ation de la paroisse Notre-Dame<\/td>\n<\/tr>\n<tr>\n<td>D\u00e9but XIV<sup>e<\/sup><\/td>\n<td>3<sup>e<\/sup> ceinture de fortifications jusqu\u2019\u00e0 la Rue St- Jacques<\/td>\n<\/tr>\n<tr>\n<td>1356-1406<\/td>\n<td>(\u00b0) construction du ch\u0153ur gotique de l\u2019\u00e9glise Notre-Dame<\/td>\n<\/tr>\n<tr>\n<td>Occupation d\u2019Anvers par la Flandre<\/td>\n<td>1399<\/td>\n<td>Mention de la fraternit\u00e9 St-Jacques<\/td>\n<\/tr>\n<tr>\n<td rowspan=\"3\"><\/td>\n<td>1410<\/td>\n<td>4<sup>e<\/sup> extension de la ville avec le foss\u00e9 et la porte du Kipdorp<\/td>\n<\/tr>\n<tr>\n<td>1413-\u201815<\/td>\n<td>Construction de la chapelle St-Jacques en style gothique\u00a0<em>(\u00e0 l\u2019emplacement du ch\u0153ur actuel)<\/em><\/td>\n<\/tr>\n<tr>\n<td>1477-\u201878<\/td>\n<td>Cr\u00e9ation de la paroisse St-Jacques<\/td>\n<\/tr>\n<tr>\n<td>Maximilien d\u2019Autriche privil\u00e9gie Anvers:\u00a0D\u00e9but du \u00ab\u00a0Si\u00e8cle d\u2019or\u00a0\u00bb<\/td>\n<td>1488<\/td>\n<td><\/td>\n<\/tr>\n<tr>\n<td><\/td>\n<td>1491<\/td>\n<td>D\u00e9but de la construction de la tour (occidentale) Herman I de Waghemaekere<\/td>\n<\/tr>\n<tr>\n<td style=\"background-color: #00ffff; text-align: center; vertical-align: middle;\" rowspan=\"32\"><strong>\u00c9<\/strong><strong>P<\/strong><\/p>\n<p><strong>O<\/strong><\/p>\n<p><strong>Q<\/strong><\/p>\n<p><strong>U<\/strong><\/p>\n<p><strong>E<\/strong><\/p>\n<p>&nbsp;<\/p>\n<p>&nbsp;<\/p>\n<p><strong>M<\/strong><\/p>\n<p><strong>O<\/strong><\/p>\n<p><strong>D<\/strong><\/p>\n<p><strong>E<\/strong><\/p>\n<p><strong>R<\/strong><\/p>\n<p><strong>N<\/strong><\/p>\n<p><strong>E<\/strong><\/td>\n<td>Christophe Colomb d\u00e9couvre l\u2019Am\u00e9rique<\/td>\n<td>1492<\/td>\n<td><\/td>\n<\/tr>\n<tr>\n<td rowspan=\"2\"><\/td>\n<td>1496<\/td>\n<td>Tableau du projet de construction (Hendrik van Wueluwe)<\/td>\n<\/tr>\n<tr>\n<td>1497<\/td>\n<td>D\u00e9but de la construction de la nef<\/td>\n<\/tr>\n<tr>\n<td>Luther publie ses 95 th\u00e8ses<\/td>\n<td>1517<\/td>\n<td>Les panneaux d\u2019autel contant la vie de St Roch<\/td>\n<\/tr>\n<tr>\n<td rowspan=\"4\"><\/td>\n<td>(\u00b0) 1518<\/td>\n<td>(\u00b0) ach\u00e8vement de la tour nord de l\u2019\u00e9glise Notre-Dame<\/td>\n<\/tr>\n<tr>\n<td>(\u00b0) 1521<\/td>\n<td>(\u00b0) d\u00e9but du \u2018nouvel \u0153uvre\u2019 de l\u2019\u00e9glise Notre-Dame<\/td>\n<\/tr>\n<tr>\n<td>1524<\/td>\n<td>Loterie au profit de la construction<\/td>\n<\/tr>\n<tr>\n<td>1525-\u201833<br \/>\n1529\u00a0?<\/td>\n<td>Arr\u00eat d\u00e9finitif de la construction de la tour<\/td>\n<\/tr>\n<tr>\n<td>Concile de Trente<\/td>\n<td>1545-\u201863<\/td>\n<td><\/td>\n<\/tr>\n<tr>\n<td rowspan=\"2\"><\/td>\n<td>1552<\/td>\n<td>Reprise du chantier\u00a0: construction du transept<\/td>\n<\/tr>\n<tr>\n<td>1554<\/td>\n<td>Cons\u00e9cration de la chapelle du Tr\u00e8s-Saint-Sacrement<\/td>\n<\/tr>\n<tr>\n<td>Cr\u00e9ation de nouveaux \u00e9v\u00each\u00e9s aux Pays-Bas<\/td>\n<td>1559<\/td>\n<td>(\u00b0) l\u2019\u00e9glise Notre-Dame devient une \u00ab\u00a0cath\u00e9drale\u00a0\u00bb<\/td>\n<\/tr>\n<tr>\n<td>Iconoclasmes dans les Pays-Bas<\/td>\n<td>1566<\/td>\n<td>Iconoclasme \u00e0 Anvers<\/td>\n<\/tr>\n<tr>\n<td><\/td>\n<td>1567<\/td>\n<td>Encadrement du portail nord<\/td>\n<\/tr>\n<tr>\n<td>Magistrature Calviniste \u00e0 Anvers<\/td>\n<td>1577-\u201885<\/td>\n<td rowspan=\"2\"><\/td>\n<\/tr>\n<tr>\n<td>Paix de religion<\/td>\n<td>1579<\/td>\n<\/tr>\n<tr>\n<td rowspan=\"2\"><\/td>\n<td>1580<\/td>\n<td>Partage\u00a0: les nefs aux calvinistes, le transept aux catholiques<\/td>\n<\/tr>\n<tr>\n<td>1581<\/td>\n<td>L\u2019\u00e9glise est enti\u00e8rement d\u00e9volue aux calvinistes\u00a0: \u2018purification\u2019 de l\u2019int\u00e9rieur<\/td>\n<\/tr>\n<tr>\n<td>Farnese reconquiert Anvers au nom de l\u2019Espagne<\/td>\n<td>1585<\/td>\n<td>L\u2019\u00e9glise est r\u00e9affect\u00e9e au culte catholique<br \/>\nRenouvellement du mobilier, e.a. les autels des corporations<\/td>\n<\/tr>\n<tr>\n<td>D\u00e9faite de l\u2019Invincible Armada Espagnole\u00a0; translation des reliques de St Jacques hors de Compostelle<\/td>\n<td>1588<\/td>\n<td><\/td>\n<\/tr>\n<tr>\n<td rowspan=\"9\"><\/td>\n<td>1602-\u201856<\/td>\n<td>Construction du ch\u0153ur et des chapelles rayonnantes<\/td>\n<\/tr>\n<tr>\n<td>1656-\u201857<\/td>\n<td>\u00c9rection et installation du chapitre de St-Jacques<\/td>\n<\/tr>\n<tr>\n<td>1658-\u201870<\/td>\n<td>Les stalles (fr\u00e8res Herry)<\/td>\n<\/tr>\n<tr>\n<td>1664<\/td>\n<td>L\u2019autel Marial (S. Van den Eynde)<\/td>\n<\/tr>\n<tr>\n<td>1669<\/td>\n<td>Le jub\u00e9 du ch\u0153ur (S. De Neve)<\/td>\n<\/tr>\n<tr>\n<td>1670<\/td>\n<td>L\u2019autel du Tr\u00e8s-Saint-Sacrement (P. Verbruggen I et L. Willemssens)<\/td>\n<\/tr>\n<tr>\n<td>1685<\/td>\n<td>Le ma\u00eetre-Autel (A. Quellin II et W. Kerrickx)<\/td>\n<\/tr>\n<tr>\n<td>1705<\/td>\n<td>Titr\u00e9 \u2018insigne chapitre\u2019 par le Pape Clemens XI<\/td>\n<\/tr>\n<tr>\n<td>1727-\u201828<\/td>\n<td>Buffet de l\u2019orgue de ch\u0153ur (J.-B. Forceville et M. van der Voort I)<\/td>\n<\/tr>\n<tr>\n<td>Joseph II d\u2019Autriche interdit d\u2019enterrer les morts dans les \u00e9glises et dans les centres urbains.<\/td>\n<td>1784<\/td>\n<td>Le Stuivenberg est le nouveau cimeti\u00e8re pour la paroisse St-Jacques\u00a0; dans l\u2019\u00e9glise il n\u2019y a plus que des monuments comm\u00e9moratifs<\/td>\n<\/tr>\n<tr>\n<td>R\u00e9volution Fran\u00e7aise<\/td>\n<td>1789<\/td>\n<td><\/td>\n<\/tr>\n<tr>\n<td>La France annexe les Pays-Bas m\u00e9ridionaux\u00a0; entr\u00e9e en vigueur de la l\u00e9gislation anticatholique<\/td>\n<td>1794<\/td>\n<td>Fermeture de l\u2019\u00e9glise\u00a0; vente de l\u2019argenterie et des tableaux pour payer le tribut de guerre impos\u00e9 par les Fran\u00e7ais.<\/td>\n<\/tr>\n<tr>\n<td><\/td>\n<td rowspan=\"2\"><\/td>\n<td>1795<\/td>\n<td>La <em>Madone avec les saints<\/em> de Rubens part pour Le Louvre<\/td>\n<\/tr>\n<tr>\n<td><\/td>\n<td>1797-\u201898<\/td>\n<td>Nationalisation des \u00e9glises<\/td>\n<\/tr>\n<tr>\n<td><\/td>\n<td>Suppression des guildes et corporations<\/td>\n<td>1797<\/td>\n<td>Bannissement du cur\u00e9 Van Camp<\/td>\n<\/tr>\n<tr>\n<td style=\"background-color: #ffff7e; text-align: center; vertical-align: middle;\" rowspan=\"24\"><strong>\u00c9<\/strong><strong>P<\/strong><\/p>\n<p><strong>O<\/strong><\/p>\n<p><strong>Q<\/strong><\/p>\n<p><strong>U<\/strong><\/p>\n<p><strong>E<\/strong><\/p>\n<p>&nbsp;<\/p>\n<p>&nbsp;<\/p>\n<p><strong>C<\/strong><\/p>\n<p><strong>O<\/strong><\/p>\n<p><strong>N<\/strong><\/p>\n<p><strong>T<\/strong><\/p>\n<p><strong>E<\/strong><\/p>\n<p><strong>M<\/strong><\/p>\n<p><strong>P<\/strong><\/p>\n<p><strong>O<\/strong><\/p>\n<p><strong>R<\/strong><\/p>\n<p><strong>A<\/strong><\/p>\n<p><strong>I<\/strong><\/p>\n<p><strong>N<\/strong><\/p>\n<p><strong>E<\/strong><\/td>\n<td><\/td>\n<td>1798<\/td>\n<td>Le chapelain asserment\u00e9 J. B. Mortelmans \u2018desservant\u2019 officiel<\/td>\n<\/tr>\n<tr>\n<td>Concordat Pie VII \u2013 Napol\u00e9on Bonaparte comportant la suppression de l\u2019\u00e9v\u00each\u00e9 d\u2019Anvers<\/td>\n<td>1801<\/td>\n<td>La <em>Madone avec les saints<\/em> de Rubens confi\u00e9e \u00e0 l\u2019\u00c9cole Centrale d\u2019Anvers<\/td>\n<\/tr>\n<tr>\n<td rowspan=\"2\"><\/td>\n<td>1802<\/td>\n<td>R\u00e9ouverture en tant qu\u2019\u00e9glise paroissiale, plus en tant que coll\u00e9giale<\/td>\n<\/tr>\n<tr>\n<td>1803<\/td>\n<td>Retour d\u2019exil du cur\u00e9 Van Camp<br \/>\nAttribution d\u2019une copie de la <em>Madone avec les saints<\/em> de Rubens<\/td>\n<\/tr>\n<tr>\n<td>D\u00e9faite de Napol\u00e9on<\/td>\n<td>1813<\/td>\n<td><\/td>\n<\/tr>\n<tr>\n<td>Retour des \u0153uvres confisqu\u00e9es de France<\/td>\n<td>1815<\/td>\n<td>La <em>Madone avec les saints<\/em> de Rubens revient dans sa chapelle fun\u00e9raire<\/td>\n<\/tr>\n<tr>\n<td>Ind\u00e9pendance de la Belgique<\/td>\n<td>1830<\/td>\n<td><\/td>\n<\/tr>\n<tr>\n<td rowspan=\"2\"><\/td>\n<td>XIX<sup>e<\/sup> si\u00e8cle<\/td>\n<td>Ameublement baroque\u00a0: statues d\u2019ap\u00f4tres, sas d\u2019entr\u00e9e, orgues<\/td>\n<\/tr>\n<tr>\n<td>1911<\/td>\n<td>Premi\u00e8re restauration de l\u2019\u00e9glise et de la tour<\/td>\n<\/tr>\n<tr>\n<td>Premi\u00e8re Guerre Mondiale<\/td>\n<td>1914-\u201818<\/td>\n<td><em>Madone avec les saints<\/em> de Rubens en s\u00e9curit\u00e9 au KMSKA<\/td>\n<\/tr>\n<tr>\n<td><\/td>\n<td>1938<\/td>\n<td>Classement comme Monument Prot\u00e9g\u00e9<\/td>\n<\/tr>\n<tr>\n<td>Deuxi\u00e8me Guerre Mondiale<\/td>\n<td>1940-\u201845<\/td>\n<td><em>Madone avec les saints<\/em> de Rubens en s\u00e9curit\u00e9 dans un bunker<\/td>\n<\/tr>\n<tr>\n<td rowspan=\"3\"><\/td>\n<td>1943<\/td>\n<td>R\u00e9quisition des cloches\u00a0; surpeinte des balustres en cuivres<\/td>\n<\/tr>\n<tr>\n<td>1944-\u201845<\/td>\n<td>Impact d\u2019un V1\u00a0; impact d\u2019un V2<\/td>\n<\/tr>\n<tr>\n<td>3\/3\/1946<\/td>\n<td>R\u00e9ouverture de l\u2019\u00e9glise<\/td>\n<\/tr>\n<tr>\n<td>R\u00e9instauration de l\u2019\u00e9v\u00each\u00e9 d\u2019Anvers<\/td>\n<td>1961<\/td>\n<td><\/td>\n<\/tr>\n<tr>\n<td rowspan=\"8\"><\/td>\n<td>1965<\/td>\n<td>D\u00e9but de la campagne de restauration<\/td>\n<\/tr>\n<tr>\n<td>14\/8\/1967<\/td>\n<td>Incendie (criminel) au toit du d\u00e9ambulatoire<\/td>\n<\/tr>\n<tr>\n<td>1974-\u201876<\/td>\n<td>Restauration du ch\u0153ur<\/td>\n<\/tr>\n<tr>\n<td>1977<\/td>\n<td>Retour de la <em>Madone avec les saints<\/em> de Rubens<br \/>\nSacre \u00e9piscopal de Godfried Danneels<\/td>\n<\/tr>\n<tr>\n<td>1979<\/td>\n<td>Sacre \u00e9piscopal de Paul Van den Berghe<\/td>\n<\/tr>\n<tr>\n<td>1979-1991<\/td>\n<td>Paroisse incorpor\u00e9e \u00e0 la paroisse de la cath\u00e9drale<\/td>\n<\/tr>\n<tr>\n<td>2002<\/td>\n<td>Fin du premier examen des peintures murales<\/td>\n<\/tr>\n<tr>\n<td>2009<\/td>\n<td>Sacre \u00e9piscopal de Johan Bonny<\/td>\n<\/tr>\n<\/tbody>\n<\/table>\n\t\t\t\t\t\t\t\t<\/div>\n\t\t\t\t<\/div>\n\t\t\t\t<section class=\"elementor-section elementor-inner-section elementor-element elementor-element-b21ce2a elementor-section-boxed elementor-section-height-default elementor-section-height-default\" data-id=\"b21ce2a\" data-element_type=\"section\" data-e-type=\"section\">\n\t\t\t\t\t\t<div class=\"elementor-container elementor-column-gap-default\">\n\t\t\t\t\t<div class=\"elementor-column elementor-col-50 elementor-inner-column elementor-element elementor-element-fc2c226\" data-id=\"fc2c226\" data-element_type=\"column\" data-e-type=\"column\">\n\t\t\t<div class=\"elementor-widget-wrap elementor-element-populated\">\n\t\t\t\t\t\t<div class=\"elementor-element elementor-element-0d41aca elementor-align-center elementor-widget elementor-widget-button\" data-id=\"0d41aca\" data-element_type=\"widget\" data-e-type=\"widget\" data-widget_type=\"button.default\">\n\t\t\t\t<div class=\"elementor-widget-container\">\n\t\t\t\t\t\t\t\t\t<div class=\"elementor-button-wrapper\">\n\t\t\t\t\t<a class=\"elementor-button elementor-button-link elementor-size-sm\" href=\"https:\/\/topa.be\/fr\/sint-jacob\/beschrijving\/compostella\/\">\n\t\t\t\t\t\t<span class=\"elementor-button-content-wrapper\">\n\t\t\t\t\t\t\t\t\t<span class=\"elementor-button-text\">une halte sur le Chemin de Compostelle<\/span>\n\t\t\t\t\t<\/span>\n\t\t\t\t\t<\/a>\n\t\t\t\t<\/div>\n\t\t\t\t\t\t\t\t<\/div>\n\t\t\t\t<\/div>\n\t\t\t\t\t<\/div>\n\t\t<\/div>\n\t\t\t\t<div class=\"elementor-column elementor-col-50 elementor-inner-column elementor-element elementor-element-a0e597d\" data-id=\"a0e597d\" data-element_type=\"column\" data-e-type=\"column\">\n\t\t\t<div class=\"elementor-widget-wrap elementor-element-populated\">\n\t\t\t\t\t\t<div class=\"elementor-element elementor-element-406913c elementor-align-center elementor-widget elementor-widget-button\" data-id=\"406913c\" data-element_type=\"widget\" data-e-type=\"widget\" data-widget_type=\"button.default\">\n\t\t\t\t<div class=\"elementor-widget-container\">\n\t\t\t\t\t\t\t\t\t<div class=\"elementor-button-wrapper\">\n\t\t\t\t\t<a class=\"elementor-button elementor-button-link elementor-size-sm\" href=\"https:\/\/topa.be\/fr\/sint-jacob\/beschrijving\/bouwgeschiedenis\/\">\n\t\t\t\t\t\t<span class=\"elementor-button-content-wrapper\">\n\t\t\t\t\t\t\t\t\t<span class=\"elementor-button-text\">Un chantier s\u00e9culaire<\/span>\n\t\t\t\t\t<\/span>\n\t\t\t\t\t<\/a>\n\t\t\t\t<\/div>\n\t\t\t\t\t\t\t\t<\/div>\n\t\t\t\t<\/div>\n\t\t\t\t\t<\/div>\n\t\t<\/div>\n\t\t\t\t\t<\/div>\n\t\t<\/section>\n\t\t\t\t\t<\/div>\n\t\t<\/div>\n\t\t\t\t<div class=\"elementor-column elementor-col-33 elementor-top-column elementor-element elementor-element-037374a\" data-id=\"037374a\" data-element_type=\"column\" data-e-type=\"column\">\n\t\t\t<div class=\"elementor-widget-wrap elementor-element-populated\">\n\t\t\t\t\t\t<div class=\"elementor-element elementor-element-158cf76 elementor-widget elementor-widget-image\" data-id=\"158cf76\" data-element_type=\"widget\" data-e-type=\"widget\" data-widget_type=\"image.default\">\n\t\t\t\t<div class=\"elementor-widget-container\">\n\t\t\t\t\t\t\t\t\t\t\t\t\t\t\t<img fetchpriority=\"high\" decoding=\"async\" width=\"800\" height=\"800\" src=\"https:\/\/topa.be\/wp-content\/uploads\/Sint-Jakob-1024x1024.jpg\" class=\"attachment-large size-large wp-image-29872\" alt=\"\" srcset=\"https:\/\/topa.be\/wp-content\/uploads\/Sint-Jakob.jpg 1024w, https:\/\/topa.be\/wp-content\/uploads\/Sint-Jakob-300x300.jpg 300w, https:\/\/topa.be\/wp-content\/uploads\/Sint-Jakob-200x200.jpg 200w, https:\/\/topa.be\/wp-content\/uploads\/Sint-Jakob-768x768.jpg 768w\" sizes=\"(max-width: 800px) 100vw, 800px\" \/>\t\t\t\t\t\t\t\t\t\t\t\t\t\t\t<\/div>\n\t\t\t\t<\/div>\n\t\t\t\t<div class=\"elementor-element elementor-element-9cb4b8e elementor-widget elementor-widget-wp-widget-nav_menu\" data-id=\"9cb4b8e\" data-element_type=\"widget\" data-e-type=\"widget\" data-widget_type=\"wp-widget-nav_menu.default\">\n\t\t\t\t<div class=\"elementor-widget-container\">\n\t\t\t\t\t<nav class=\"menu-syllabus-sint-jacob-frans-container\" aria-label=\"Menu\"><ul id=\"menu-syllabus-sint-jacob-frans\" class=\"menu\"><li id=\"menu-item-59891\" class=\"menu-item menu-item-type-post_type menu-item-object-page menu-item-59891\"><a href=\"https:\/\/topa.be\/fr\/sint-jacob\/\">\u00c9glise Saint-Jacques<\/a><\/li>\n<li id=\"menu-item-61181\" class=\"menu-item menu-item-type-post_type menu-item-object-page menu-item-has-children menu-item-61181\"><a href=\"https:\/\/topa.be\/fr\/sint-jacob\/beschrijving\/\">Histoire &#038; Description<\/a>\n<ul class=\"sub-menu\">\n\t<li id=\"menu-item-59892\" class=\"menu-item menu-item-type-post_type menu-item-object-page menu-item-59892\"><a href=\"https:\/\/topa.be\/fr\/sint-jacob\/beschrijving\/inleiding\/\">Introduction<\/a><\/li>\n\t<li id=\"menu-item-59893\" class=\"menu-item menu-item-type-post_type menu-item-object-page menu-item-59893\"><a href=\"https:\/\/topa.be\/fr\/sint-jacob\/beschrijving\/patroonheilige\/\">Saint Jacques le Majeur<\/a><\/li>\n\t<li id=\"menu-item-59894\" class=\"menu-item menu-item-type-post_type menu-item-object-page menu-item-59894\"><a href=\"https:\/\/topa.be\/fr\/sint-jacob\/beschrijving\/compostella\/\">Le Chemin de Compostelle<\/a><\/li>\n\t<li id=\"menu-item-59895\" class=\"menu-item menu-item-type-post_type menu-item-object-page menu-item-59895\"><a href=\"https:\/\/topa.be\/fr\/sint-jacob\/beschrijving\/historische-context\/\">Contexte historique<\/a><\/li>\n\t<li id=\"menu-item-59896\" class=\"menu-item menu-item-type-post_type menu-item-object-page menu-item-59896\"><a href=\"https:\/\/topa.be\/fr\/sint-jacob\/beschrijving\/bouwgeschiedenis\/\">Un chantier s\u00e9culaire<\/a><\/li>\n\t<li id=\"menu-item-59897\" class=\"menu-item menu-item-type-post_type menu-item-object-page menu-item-59897\"><a href=\"https:\/\/topa.be\/fr\/sint-jacob\/beschrijving\/toren\/\">La Tour<\/a><\/li>\n\t<li id=\"menu-item-59898\" class=\"menu-item menu-item-type-post_type menu-item-object-page menu-item-59898\"><a href=\"https:\/\/topa.be\/fr\/sint-jacob\/beschrijving\/architectuur\/\">L\u2019architecture<\/a><\/li>\n\t<li id=\"menu-item-59899\" class=\"menu-item menu-item-type-post_type menu-item-object-page menu-item-59899\"><a href=\"https:\/\/topa.be\/fr\/sint-jacob\/beschrijving\/grondplan\/\">Le plan<\/a><\/li>\n\t<li id=\"menu-item-59900\" class=\"menu-item menu-item-type-post_type menu-item-object-page menu-item-59900\"><a href=\"https:\/\/topa.be\/fr\/sint-jacob\/beschrijving\/parochiekerk\/\">Une \u00e9glise paroissiale<\/a><\/li>\n\t<li id=\"menu-item-59901\" class=\"menu-item menu-item-type-post_type menu-item-object-page menu-item-59901\"><a href=\"https:\/\/topa.be\/fr\/sint-jacob\/beschrijving\/mariakapel\/\">La chapelle Mariale<\/a><\/li>\n\t<li id=\"menu-item-59902\" class=\"menu-item menu-item-type-post_type menu-item-object-page menu-item-59902\"><a href=\"https:\/\/topa.be\/fr\/sint-jacob\/beschrijving\/venerabelkapel\/\">La chapelle du Saint Sacrement<\/a><\/li>\n\t<li id=\"menu-item-59903\" class=\"menu-item menu-item-type-post_type menu-item-object-page menu-item-59903\"><a href=\"https:\/\/topa.be\/fr\/sint-jacob\/beschrijving\/trouwkapel\/\">La chapelle de mariage<\/a><\/li>\n\t<li id=\"menu-item-59904\" class=\"menu-item menu-item-type-post_type menu-item-object-page menu-item-59904\"><a href=\"https:\/\/topa.be\/fr\/sint-jacob\/beschrijving\/hoogkoor\/\">Un ch\u0153ur pour les chanoines<\/a><\/li>\n\t<li id=\"menu-item-59905\" class=\"menu-item menu-item-type-post_type menu-item-object-page menu-item-has-children menu-item-59905\"><a href=\"https:\/\/topa.be\/fr\/sint-jacob\/beschrijving\/kapellen\/\">Confr\u00e9ries et des corporations<\/a>\n\t<ul class=\"sub-menu\">\n\t\t<li id=\"menu-item-59906\" class=\"menu-item menu-item-type-post_type menu-item-object-page menu-item-59906\"><a href=\"https:\/\/topa.be\/fr\/sint-jacob\/beschrijving\/kapellen\/sint-rochus\/\">Les panneaux Saint-Roch<\/a><\/li>\n\t<\/ul>\n<\/li>\n\t<li id=\"menu-item-59907\" class=\"menu-item menu-item-type-post_type menu-item-object-page menu-item-59907\"><a href=\"https:\/\/topa.be\/fr\/sint-jacob\/beschrijving\/rustplaats\/\">Un lieu de repos pour les d\u00e9funts<\/a><\/li>\n\t<li id=\"menu-item-59908\" class=\"menu-item menu-item-type-post_type menu-item-object-page menu-item-59908\"><a href=\"https:\/\/topa.be\/fr\/sint-jacob\/beschrijving\/grafkapellen\/\">Les chapelles fun\u00e9raires<\/a><\/li>\n\t<li id=\"menu-item-59909\" class=\"menu-item menu-item-type-post_type menu-item-object-page menu-item-59909\"><a href=\"https:\/\/topa.be\/fr\/sint-jacob\/beschrijving\/relicten\/\">Reliquats de couvents disparus<\/a><\/li>\n\t<li id=\"menu-item-59910\" class=\"menu-item menu-item-type-post_type menu-item-object-page menu-item-59910\"><a href=\"https:\/\/topa.be\/fr\/sint-jacob\/beschrijving\/schatkamer\/\">La salle du tr\u00e9sor<\/a><\/li>\n\t<li id=\"menu-item-59911\" class=\"menu-item menu-item-type-post_type menu-item-object-page menu-item-59911\"><a href=\"https:\/\/topa.be\/fr\/sint-jacob\/beschrijving\/bibliografie\/\">Bibliographie<\/a><\/li>\n<\/ul>\n<\/li>\n<\/ul><\/nav>\t\t\t\t<\/div>\n\t\t\t\t<\/div>\n\t\t\t\t\t<\/div>\n\t\t<\/div>\n\t\t\t\t\t<\/div>\n\t\t<\/section>\n\t\t\t\t<\/div>\n\t\t","protected":false},"excerpt":{"rendered":"<p>Une clef pour l\u2019\u00e9glise Saint-Jacques \u00e0 Anvers. Comment un monument suit le cours de l\u2019histoire HISTOIRE UNIVERSELLE DATE HISTOIRE de l\u2019\u00e9glise SAINT-JACQUES RO M E Fondation de Rome 754 a.J.C. J. Caesar incorpore la Gaule \u00e0 l\u2019Empire Romain 51 a.J.C. Naissance de J\u00e9sus \u00e0 Bethlehem 4 a.J.C. Crucifixion de J\u00e9sus \u00e0 J\u00e9rusalem 33 Voyages d\u2019\u00e9vang\u00e9lisation [&hellip;]<\/p>\n","protected":false},"author":16,"featured_media":0,"parent":37557,"menu_order":40,"comment_status":"closed","ping_status":"closed","template":"","meta":{"footnotes":""},"class_list":["post-39400","page","type-page","status-publish","hentry"],"aioseo_notices":[],"_links":{"self":[{"href":"https:\/\/topa.be\/fr\/wp-json\/wp\/v2\/pages\/39400","targetHints":{"allow":["GET"]}}],"collection":[{"href":"https:\/\/topa.be\/fr\/wp-json\/wp\/v2\/pages"}],"about":[{"href":"https:\/\/topa.be\/fr\/wp-json\/wp\/v2\/types\/page"}],"author":[{"embeddable":true,"href":"https:\/\/topa.be\/fr\/wp-json\/wp\/v2\/users\/16"}],"replies":[{"embeddable":true,"href":"https:\/\/topa.be\/fr\/wp-json\/wp\/v2\/comments?post=39400"}],"version-history":[{"count":3,"href":"https:\/\/topa.be\/fr\/wp-json\/wp\/v2\/pages\/39400\/revisions"}],"predecessor-version":[{"id":45852,"href":"https:\/\/topa.be\/fr\/wp-json\/wp\/v2\/pages\/39400\/revisions\/45852"}],"up":[{"embeddable":true,"href":"https:\/\/topa.be\/fr\/wp-json\/wp\/v2\/pages\/37557"}],"wp:attachment":[{"href":"https:\/\/topa.be\/fr\/wp-json\/wp\/v2\/media?parent=39400"}],"curies":[{"name":"wp","href":"https:\/\/api.w.org\/{rel}","templated":true}]}}