{"id":39396,"date":"2021-06-07T20:00:52","date_gmt":"2021-06-07T18:00:52","guid":{"rendered":"http:\/\/topa.be\/sint-jacob\/beschrijving\/toren\/"},"modified":"2021-07-19T14:21:01","modified_gmt":"2021-07-19T12:21:01","slug":"toren","status":"publish","type":"page","link":"https:\/\/topa.be\/fr\/sint-jacob\/beschrijving\/toren\/","title":{"rendered":"SJK La Tour"},"content":{"rendered":"\t\t<div data-elementor-type=\"wp-page\" data-elementor-id=\"39396\" class=\"elementor elementor-39396 elementor-33845\" data-elementor-post-type=\"page\">\n\t\t\t\t\t\t<section class=\"elementor-section elementor-top-section elementor-element elementor-element-affebd4 elementor-section-boxed elementor-section-height-default elementor-section-height-default\" data-id=\"affebd4\" data-element_type=\"section\" data-e-type=\"section\">\n\t\t\t\t\t\t<div class=\"elementor-container elementor-column-gap-default\">\n\t\t\t\t\t<div class=\"elementor-column elementor-col-100 elementor-top-column elementor-element elementor-element-a2fd430\" data-id=\"a2fd430\" data-element_type=\"column\" data-e-type=\"column\">\n\t\t\t<div class=\"elementor-widget-wrap elementor-element-populated\">\n\t\t\t\t\t\t<div class=\"elementor-element elementor-element-97b27f3 elementor-widget elementor-widget-heading\" data-id=\"97b27f3\" data-element_type=\"widget\" data-e-type=\"widget\" data-widget_type=\"heading.default\">\n\t\t\t\t<div class=\"elementor-widget-container\">\n\t\t\t\t\t<h2 class=\"elementor-heading-title elementor-size-default\">Une clef pour l\u2019\u00e9glise Saint-Jacques \u00e0 Anvers.<\/h2>\t\t\t\t<\/div>\n\t\t\t\t<\/div>\n\t\t\t\t\t<\/div>\n\t\t<\/div>\n\t\t\t\t\t<\/div>\n\t\t<\/section>\n\t\t\t\t<section class=\"elementor-section elementor-top-section elementor-element elementor-element-1cb8625 elementor-section-boxed elementor-section-height-default elementor-section-height-default\" data-id=\"1cb8625\" data-element_type=\"section\" data-e-type=\"section\">\n\t\t\t\t\t\t<div class=\"elementor-container elementor-column-gap-default\">\n\t\t\t\t\t<div class=\"elementor-column elementor-col-100 elementor-top-column elementor-element elementor-element-d5b2aeb\" data-id=\"d5b2aeb\" data-element_type=\"column\" data-e-type=\"column\">\n\t\t\t<div class=\"elementor-widget-wrap elementor-element-populated\">\n\t\t\t\t\t\t<div class=\"elementor-element elementor-element-83ad589 elementor-widget elementor-widget-heading\" data-id=\"83ad589\" data-element_type=\"widget\" data-e-type=\"widget\" data-widget_type=\"heading.default\">\n\t\t\t\t<div class=\"elementor-widget-container\">\n\t\t\t\t\t<h1 class=\"elementor-heading-title elementor-size-default\">La tour: robuste, mais frustr\u00e9e<\/h1>\t\t\t\t<\/div>\n\t\t\t\t<\/div>\n\t\t\t\t\t<\/div>\n\t\t<\/div>\n\t\t\t\t\t<\/div>\n\t\t<\/section>\n\t\t\t\t<section class=\"elementor-section elementor-top-section elementor-element elementor-element-f2a6f14 elementor-section-boxed elementor-section-height-default elementor-section-height-default\" data-id=\"f2a6f14\" data-element_type=\"section\" data-e-type=\"section\">\n\t\t\t\t\t\t<div class=\"elementor-container elementor-column-gap-default\">\n\t\t\t\t\t<div class=\"elementor-column elementor-col-66 elementor-top-column elementor-element elementor-element-3e74ca9\" data-id=\"3e74ca9\" data-element_type=\"column\" data-e-type=\"column\">\n\t\t\t<div class=\"elementor-widget-wrap elementor-element-populated\">\n\t\t\t\t\t\t<div class=\"elementor-element elementor-element-c3e1ada elementor-widget elementor-widget-image\" data-id=\"c3e1ada\" data-element_type=\"widget\" data-e-type=\"widget\" data-widget_type=\"image.default\">\n\t\t\t\t<div class=\"elementor-widget-container\">\n\t\t\t\t\t\t\t\t\t\t\t\t\t\t\t<img fetchpriority=\"high\" decoding=\"async\" width=\"734\" height=\"1024\" src=\"https:\/\/topa.be\/wp-content\/uploads\/SJ-06.png\" class=\"attachment-large size-large wp-image-30448\" alt=\"\" srcset=\"https:\/\/topa.be\/wp-content\/uploads\/SJ-06.png 734w, https:\/\/topa.be\/wp-content\/uploads\/SJ-06-215x300.png 215w, https:\/\/topa.be\/wp-content\/uploads\/SJ-06-143x200.png 143w\" sizes=\"(max-width: 734px) 100vw, 734px\" \/>\t\t\t\t\t\t\t\t\t\t\t\t\t\t\t<\/div>\n\t\t\t\t<\/div>\n\t\t\t\t<div class=\"elementor-element elementor-element-b56759d elementor-widget elementor-widget-text-editor\" data-id=\"b56759d\" data-element_type=\"widget\" data-e-type=\"widget\" data-widget_type=\"text-editor.default\">\n\t\t\t\t<div class=\"elementor-widget-container\">\n\t\t\t\t\t\t\t\t\t<p style=\"text-align: justify;\">Le gothique braban\u00e7on privil\u00e9gie une seule tour robuste au milieu de la fa\u00e7ade ouest. La construction de la nouvelle \u00e9glise Saint-Jacques d\u00e9bute en 1491 par la tour, car celle-ci devait servir de point d\u2019appui pour la nef. Elle est \u00e9rig\u00e9e en briques recouvertes de pierre blanche de Diegem, Overysse et Vilvorde. La construction est n\u00e9anmoins arr\u00eat\u00e9e d\u00e9finitivement entre 1525 et 1533 \u00e0 hauteur du 5<sup>i\u00e8me<\/sup>\u00a0\u00e9tage. Dommage qu\u2019on n\u2019ait pas conserv\u00e9 les plans d\u2019Herman de Waghemakere l\u2019Ancien. Il est probable que l\u2019imposant couronnement de la tour, avec ses 8 tours-pinacles, sur le dernier panneau de la l\u00e9gende de saint Roch, fasse r\u00e9f\u00e9rence au projet initial de Saint-Jacques plut\u00f4t qu\u2019\u00e0 la tour de Notre-Dame en voie d\u2019ach\u00e8vement.<\/p>\n<p style=\"text-align: justify;\">On ne conna\u00eet pas la hauteur pr\u00e9vue de la lourde tour occidentale, mais si on la compare \u00e0 d\u2019autres tours construites en gothique tardif, on peut supposer, au vu de cette amorce d\u2019une hauteur de 55 m\u00e8tres, que seule une fraction de la tour n\u2019ait \u00e9t\u00e9 achev\u00e9e. En partant de la base, de 80 m<sup>2<\/sup>, on suppose que l\u2019on envisageait une hauteur de 150 m, de sorte qu\u2019elle aurait m\u00eame d\u00fb \u00eatre plus haute que sa voisine de l\u2019\u00e9glise principale, Notre-Dame. \u00c9tait-ce uniquement pour se rapprocher davantage du Seigneur, ou (\u00e9galement) par envie\u00a0de surpasser ses voisins\u00a0?<\/p>\n<p style=\"text-align: justify;\">La raison la plus \u00e9vidente de l\u2019arr\u00eat de la construction de la tour est le manque d\u2019argent de la fabrique d\u2019\u00e9glise, qui tombera quelques ann\u00e9es plus tard en faillite. Et dire que J\u00e9sus lui-m\u00eame avait si bien mis en garde de \u2018r\u00e9fl\u00e9chir avant d\u2019agir\u2019. Il l\u2019avait d\u2019ailleurs illustr\u00e9 par l\u2019histoire de quelqu\u2019un qui avait \u00e9t\u00e9 forc\u00e9 d\u2019arr\u00eater, faute d\u2019argent, la construction d\u2019une haute tour, lui valant la ris\u00e9e de ses voisins (Lc. 14:26-30,33).<\/p>\n<p style=\"text-align: justify;\">On cite \u00e9galement des raisons techniques, entre autres la large fissure, actuellement ancr\u00e9e, dans le mur de la salle des sonneurs en dessous du beffroi. Plus tard celle-ci aurait probablement \u00e9t\u00e9 fatale si on avait continu\u00e9 \u00e0 \u00e9lever la tour. Reste \u00e0 savoir si cette fissure y \u00e9tait d\u00e9j\u00e0 vers 1525-1533, et si elle \u00e9tait d\u00e8s lors la raison de l\u2019arr\u00eat des travaux. S\u2019agit-il uniquement d\u2019un d\u00e9faut de construction ou est-ce d\u00fb au fait de sonner les cloches d\u00e8s 1526\u00a0?<\/p>\n<p style=\"text-align: justify;\">Et la l\u00e9gende, qui ne peut se contenter d\u2019une explication ordinaire, veut que chaque nuit le diable venait an\u00e9antir le travail des ma\u00e7ons.<\/p>\n<p style=\"text-align: justify;\">Bien qu\u2019elle n\u2019ait \u00e9t\u00e9 achev\u00e9e que jusqu\u2019\u00e0 une certaine hauteur, ou peut-\u00eatre de ce fait-l\u00e0, la tour de Saint-Jacques a un profil tout particulier. Elle se reconna\u00eet de loin \u00e0 son volume massif. Actuellement on n\u2019aper\u00e7oit plus de l\u2019ancien centre historique de la ville et de ses \u00e9glises, que les \u00e9tages sup\u00e9rieurs. Jadis par contre, un panorama vu du sol \u00e9tait chose courante. La silhouette sp\u00e9cifique de la tour de Saint-Jacques ne peut manquer \u00e0 aucune vue de la ville prise de l\u2019est, ni \u00e0 aucune vue de la rade d\u2019Anvers si populaire\u00a0!<\/p>\n<p style=\"text-align: justify;\">Le m\u00e9canisme horloger datant du XV<sup>e<\/sup>\u00a0si\u00e8cle, originaire de l\u2019\u00e9glise Notre-Dame, donnait l\u2019heure ici depuis 1556, et la demi-heure depuis 1560, jusqu\u2019\u00e0 ce que les Allemands r\u00e9quisitionnent les cloches en 1943. Depuis 1984 l\u2019horloge est install\u00e9e dans un espace mus\u00e9al \u00e0 c\u00f4t\u00e9 de la tour. Le cadran originel avait d\u00e9j\u00e0 \u00e9t\u00e9 \u00e9cart\u00e9 avant la fin du XIX<sup>e<\/sup>\u00a0si\u00e8cle.<\/p>\n<p style=\"text-align: justify;\">\u00c0 la fin du XVII<sup>e<\/sup>\u00a0si\u00e8cle on a ins\u00e9r\u00e9 une gigantesque coquille baroque entre les entrelacs, typiques du gothique tardif, de la balustrade. Avec en plus un manteau de p\u00e8lerin et plus bas une paire de bourdons avec calebasses, qui ont tout avantage \u00e0 y rester pendre pour le salut des pi\u00e9tons, ces sculptures d\u00e9coratives rappellent l\u2019origine de l\u2019\u00e9glise. Lors de la restauration du portail en 1980, le motif du manteau de p\u00e8lerin est r\u00e9p\u00e9t\u00e9 dans le tympan, dont la mention rappelle \u00e9galement que la construction de \u2018l\u2019\u00e9glise paroissiale et insigne coll\u00e9giale\u2019 a d\u00e9but\u00e9 en 1491.<\/p>\n<p style=\"text-align: justify;\">Une sculpture d\u00e9corative \u00e9tait la bienvenue au portail termin\u00e9 en 1515. Le visiteur y est accueilli et introduit dans la \u2018J\u00e9rusalem c\u00e9leste\u2019\u00a0par le saint patron et 8 autres saints, tous objets d\u2019une v\u00e9n\u00e9ration particuli\u00e8re en ces lieux, g\u00e9n\u00e9ralement soutenue par une confr\u00e9rie. Les statues de pierres ont \u00e9t\u00e9 sculpt\u00e9es et sign\u00e9es en paires par des sculpteurs de l\u2019entre-deux-guerres. Serait-ce un hasard si la statue centrale de saint Jacques a \u00e9t\u00e9 confi\u00e9e \u00e0 un certain J.L. J\u00e1cobin\u00a0?<\/p>\n<p style=\"text-align: justify;\">Disposition\u00a0: \u00a0\u00a0\u00a0\u00a0\u00a0\u00a0 8\u00a0\u00a0\u00a0\u00a0 6\u00a0\u00a0\u00a0\u00a0 4\u00a0\u00a0\u00a0\u00a0 2\u00a0\u00a0\u00a0\u00a0 1\u00a0\u00a0 \u00a0\u00a03\u00a0\u00a0\u00a0\u00a0 5\u00a0\u00a0\u00a0\u00a0 7\u00a0\u00a0\u00a0\u00a0 9<\/p>\n<p style=\"text-align: justify;\">\u00a0 \u00a0 \u00a0 \u00a0 \u00a0 \u00a0 \u00a0 \u00a0 \u00a0 \u00a0 \u00a0 \u00a0 \u00a0 \u00a0 \u00a0 \u00a0N\u00a0\u00a0\u00a0\u00a0\u00a0\u00a0\u00a0\u00a0\u00a0\u00a0\u00a0\u00a0\u00a0\u00a0\u00a0\u00a0\u00a0\u00a0\u00a0\u00a0 trumeau\u00a0\u00a0\u00a0\u00a0\u00a0\u00a0\u00a0\u00a0\u00a0\u00a0\u00a0\u00a0\u00a0\u00a0\u00a0\u00a0\u00a0\u00a0 S<\/p>\n<p style=\"text-align: justify;\">1) Saint Jacques, en ap\u00f4tre avec l\u2019\u00e9vang\u00e9liaire et en p\u00e8lerin avec un bourdon (originellement) avec calebasse. La statue a \u00e9t\u00e9 offerte par Emiel Dilis, historiographe de l\u2019\u00e9glise et, entre autres, fondateur de l\u2019Association \u2018Voor Kruis en Beeld\u2019\u00a0(Pour la Croix et la Statue) en 1934.<br \/>\n8) Saint Yves, patron des avocats ben toge d\u2019avocat avec mortier, la main droite lev\u00e9e au cours d\u2019une plaidoirie\u00a0; \u00e0 ses c\u00f4t\u00e9s une bo\u00eete contenant des documents enroul\u00e9s.<br \/>\n6) Saint Hubert, cerf et mitre \u00e9piscopale\u00a0: jadis co-patron des porteurs de tourbe.<br \/>\n4) Saint Roch, un chien et un pain, montrant le genou, coiff\u00e9 d\u2019un chapeau du XVIII<sup>e\u00a0<\/sup>si\u00e8cle aux bords retourn\u00e9s.<br \/>\n2) Notre-Dame avec l\u2019Enfant<br \/>\n3) Saint Joseph, avec une tige de lis et un panier avec deux pigeons\u00a0: il est le patron de la Confr\u00e9rie de la Doctrine Chr\u00e9tienne (\u00b0 1704).<br \/>\n5) Sainte Dymphna, avec sa couronne et le glaive de son martyre<br \/>\n7) Saint Donat, en armure\u00a0: le patron de la \u2018Conf\u00e9rence du Tonnerre et de l\u2019\u00c9clair\u2019 compos\u00e9e des ouvriers de l\u2019\u00e9glise qui devaient se tenir pr\u00eats \u00e0 pr\u00e9server le b\u00e2timent d\u2019un maximum de malheurs lors des orages\u00a0(\u00b0 1751).<br \/>\n9) Sainte Gertrude de Nivelles, crosse abbatiale (bris\u00e9e) sur laquelle grimpent des souris et un petit fouet\u00a0: elle est la patronne de la Confr\u00e9rie des \u00c2mes du Purgatoire (\u00b01725),<\/p>\n\t\t\t\t\t\t\t\t<\/div>\n\t\t\t\t<\/div>\n\t\t\t\t<section class=\"elementor-section elementor-inner-section elementor-element elementor-element-fd33ae4 elementor-section-boxed elementor-section-height-default elementor-section-height-default\" data-id=\"fd33ae4\" data-element_type=\"section\" data-e-type=\"section\">\n\t\t\t\t\t\t<div class=\"elementor-container elementor-column-gap-default\">\n\t\t\t\t\t<div class=\"elementor-column elementor-col-50 elementor-inner-column elementor-element elementor-element-122358b\" data-id=\"122358b\" data-element_type=\"column\" data-e-type=\"column\">\n\t\t\t<div class=\"elementor-widget-wrap elementor-element-populated\">\n\t\t\t\t\t\t<div class=\"elementor-element elementor-element-7cedfa2 elementor-align-center elementor-widget elementor-widget-button\" data-id=\"7cedfa2\" data-element_type=\"widget\" data-e-type=\"widget\" data-widget_type=\"button.default\">\n\t\t\t\t<div class=\"elementor-widget-container\">\n\t\t\t\t\t\t\t\t\t<div class=\"elementor-button-wrapper\">\n\t\t\t\t\t<a class=\"elementor-button elementor-button-link elementor-size-sm\" href=\"https:\/\/topa.be\/fr\/sint-jacob\/beschrijving\/bouwgeschiedenis\/\">\n\t\t\t\t\t\t<span class=\"elementor-button-content-wrapper\">\n\t\t\t\t\t\t\t\t\t<span class=\"elementor-button-text\">Un chantier s\u00e9culaire<\/span>\n\t\t\t\t\t<\/span>\n\t\t\t\t\t<\/a>\n\t\t\t\t<\/div>\n\t\t\t\t\t\t\t\t<\/div>\n\t\t\t\t<\/div>\n\t\t\t\t\t<\/div>\n\t\t<\/div>\n\t\t\t\t<div class=\"elementor-column elementor-col-50 elementor-inner-column elementor-element elementor-element-7893572\" data-id=\"7893572\" data-element_type=\"column\" data-e-type=\"column\">\n\t\t\t<div class=\"elementor-widget-wrap elementor-element-populated\">\n\t\t\t\t\t\t<div class=\"elementor-element elementor-element-0935816 elementor-align-center elementor-widget elementor-widget-button\" data-id=\"0935816\" data-element_type=\"widget\" data-e-type=\"widget\" data-widget_type=\"button.default\">\n\t\t\t\t<div class=\"elementor-widget-container\">\n\t\t\t\t\t\t\t\t\t<div class=\"elementor-button-wrapper\">\n\t\t\t\t\t<a class=\"elementor-button elementor-button-link elementor-size-sm\" href=\"https:\/\/topa.be\/fr\/sint-jacob\/beschrijving\/architectuur\/\">\n\t\t\t\t\t\t<span class=\"elementor-button-content-wrapper\">\n\t\t\t\t\t\t\t\t\t<span class=\"elementor-button-text\">Architecture: gothique et symbolique<\/span>\n\t\t\t\t\t<\/span>\n\t\t\t\t\t<\/a>\n\t\t\t\t<\/div>\n\t\t\t\t\t\t\t\t<\/div>\n\t\t\t\t<\/div>\n\t\t\t\t\t<\/div>\n\t\t<\/div>\n\t\t\t\t\t<\/div>\n\t\t<\/section>\n\t\t\t\t\t<\/div>\n\t\t<\/div>\n\t\t\t\t<div class=\"elementor-column elementor-col-33 elementor-top-column elementor-element elementor-element-40b75f1\" data-id=\"40b75f1\" data-element_type=\"column\" data-e-type=\"column\">\n\t\t\t<div class=\"elementor-widget-wrap elementor-element-populated\">\n\t\t\t\t\t\t<div class=\"elementor-element elementor-element-a40165b elementor-widget elementor-widget-image\" data-id=\"a40165b\" data-element_type=\"widget\" data-e-type=\"widget\" data-widget_type=\"image.default\">\n\t\t\t\t<div class=\"elementor-widget-container\">\n\t\t\t\t\t\t\t\t\t\t\t\t\t\t\t<img decoding=\"async\" width=\"800\" height=\"800\" src=\"https:\/\/topa.be\/wp-content\/uploads\/Sint-Jakob-1024x1024.jpg\" class=\"attachment-large size-large wp-image-29872\" alt=\"\" srcset=\"https:\/\/topa.be\/wp-content\/uploads\/Sint-Jakob.jpg 1024w, https:\/\/topa.be\/wp-content\/uploads\/Sint-Jakob-300x300.jpg 300w, https:\/\/topa.be\/wp-content\/uploads\/Sint-Jakob-200x200.jpg 200w, https:\/\/topa.be\/wp-content\/uploads\/Sint-Jakob-768x768.jpg 768w\" sizes=\"(max-width: 800px) 100vw, 800px\" \/>\t\t\t\t\t\t\t\t\t\t\t\t\t\t\t<\/div>\n\t\t\t\t<\/div>\n\t\t\t\t<div class=\"elementor-element elementor-element-29016c9 elementor-widget elementor-widget-wp-widget-nav_menu\" data-id=\"29016c9\" data-element_type=\"widget\" data-e-type=\"widget\" data-widget_type=\"wp-widget-nav_menu.default\">\n\t\t\t\t<div class=\"elementor-widget-container\">\n\t\t\t\t\t<nav class=\"menu-syllabus-sint-jacob-frans-container\" aria-label=\"Menu\"><ul id=\"menu-syllabus-sint-jacob-frans\" class=\"menu\"><li id=\"menu-item-59891\" class=\"menu-item menu-item-type-post_type menu-item-object-page menu-item-59891\"><a href=\"https:\/\/topa.be\/fr\/sint-jacob\/\">\u00c9glise Saint-Jacques<\/a><\/li>\n<li id=\"menu-item-61181\" class=\"menu-item menu-item-type-post_type menu-item-object-page menu-item-has-children menu-item-61181\"><a href=\"https:\/\/topa.be\/fr\/sint-jacob\/beschrijving\/\">Histoire &#038; Description<\/a>\n<ul class=\"sub-menu\">\n\t<li id=\"menu-item-59892\" class=\"menu-item menu-item-type-post_type menu-item-object-page menu-item-59892\"><a href=\"https:\/\/topa.be\/fr\/sint-jacob\/beschrijving\/inleiding\/\">Introduction<\/a><\/li>\n\t<li id=\"menu-item-59893\" class=\"menu-item menu-item-type-post_type menu-item-object-page menu-item-59893\"><a href=\"https:\/\/topa.be\/fr\/sint-jacob\/beschrijving\/patroonheilige\/\">Saint Jacques le Majeur<\/a><\/li>\n\t<li id=\"menu-item-59894\" class=\"menu-item menu-item-type-post_type menu-item-object-page menu-item-59894\"><a href=\"https:\/\/topa.be\/fr\/sint-jacob\/beschrijving\/compostella\/\">Le Chemin de Compostelle<\/a><\/li>\n\t<li id=\"menu-item-59895\" class=\"menu-item menu-item-type-post_type menu-item-object-page menu-item-59895\"><a href=\"https:\/\/topa.be\/fr\/sint-jacob\/beschrijving\/historische-context\/\">Contexte historique<\/a><\/li>\n\t<li id=\"menu-item-59896\" class=\"menu-item menu-item-type-post_type menu-item-object-page menu-item-59896\"><a href=\"https:\/\/topa.be\/fr\/sint-jacob\/beschrijving\/bouwgeschiedenis\/\">Un chantier s\u00e9culaire<\/a><\/li>\n\t<li id=\"menu-item-59897\" class=\"menu-item menu-item-type-post_type menu-item-object-page menu-item-59897\"><a href=\"https:\/\/topa.be\/fr\/sint-jacob\/beschrijving\/toren\/\">La Tour<\/a><\/li>\n\t<li id=\"menu-item-59898\" class=\"menu-item menu-item-type-post_type menu-item-object-page menu-item-59898\"><a href=\"https:\/\/topa.be\/fr\/sint-jacob\/beschrijving\/architectuur\/\">L\u2019architecture<\/a><\/li>\n\t<li id=\"menu-item-59899\" class=\"menu-item menu-item-type-post_type menu-item-object-page menu-item-59899\"><a href=\"https:\/\/topa.be\/fr\/sint-jacob\/beschrijving\/grondplan\/\">Le plan<\/a><\/li>\n\t<li id=\"menu-item-59900\" class=\"menu-item menu-item-type-post_type menu-item-object-page menu-item-59900\"><a href=\"https:\/\/topa.be\/fr\/sint-jacob\/beschrijving\/parochiekerk\/\">Une \u00e9glise paroissiale<\/a><\/li>\n\t<li id=\"menu-item-59901\" class=\"menu-item menu-item-type-post_type menu-item-object-page menu-item-59901\"><a href=\"https:\/\/topa.be\/fr\/sint-jacob\/beschrijving\/mariakapel\/\">La chapelle Mariale<\/a><\/li>\n\t<li id=\"menu-item-59902\" class=\"menu-item menu-item-type-post_type menu-item-object-page menu-item-59902\"><a href=\"https:\/\/topa.be\/fr\/sint-jacob\/beschrijving\/venerabelkapel\/\">La chapelle du Saint Sacrement<\/a><\/li>\n\t<li id=\"menu-item-59903\" class=\"menu-item menu-item-type-post_type menu-item-object-page menu-item-59903\"><a href=\"https:\/\/topa.be\/fr\/sint-jacob\/beschrijving\/trouwkapel\/\">La chapelle de mariage<\/a><\/li>\n\t<li id=\"menu-item-59904\" class=\"menu-item menu-item-type-post_type menu-item-object-page menu-item-59904\"><a href=\"https:\/\/topa.be\/fr\/sint-jacob\/beschrijving\/hoogkoor\/\">Un ch\u0153ur pour les chanoines<\/a><\/li>\n\t<li id=\"menu-item-59905\" class=\"menu-item menu-item-type-post_type menu-item-object-page menu-item-has-children menu-item-59905\"><a href=\"https:\/\/topa.be\/fr\/sint-jacob\/beschrijving\/kapellen\/\">Confr\u00e9ries et des corporations<\/a>\n\t<ul class=\"sub-menu\">\n\t\t<li id=\"menu-item-59906\" class=\"menu-item menu-item-type-post_type menu-item-object-page menu-item-59906\"><a href=\"https:\/\/topa.be\/fr\/sint-jacob\/beschrijving\/kapellen\/sint-rochus\/\">Les panneaux Saint-Roch<\/a><\/li>\n\t<\/ul>\n<\/li>\n\t<li id=\"menu-item-59907\" class=\"menu-item menu-item-type-post_type menu-item-object-page menu-item-59907\"><a href=\"https:\/\/topa.be\/fr\/sint-jacob\/beschrijving\/rustplaats\/\">Un lieu de repos pour les d\u00e9funts<\/a><\/li>\n\t<li id=\"menu-item-59908\" class=\"menu-item menu-item-type-post_type menu-item-object-page menu-item-59908\"><a href=\"https:\/\/topa.be\/fr\/sint-jacob\/beschrijving\/grafkapellen\/\">Les chapelles fun\u00e9raires<\/a><\/li>\n\t<li id=\"menu-item-59909\" class=\"menu-item menu-item-type-post_type menu-item-object-page menu-item-59909\"><a href=\"https:\/\/topa.be\/fr\/sint-jacob\/beschrijving\/relicten\/\">Reliquats de couvents disparus<\/a><\/li>\n\t<li id=\"menu-item-59910\" class=\"menu-item menu-item-type-post_type menu-item-object-page menu-item-59910\"><a href=\"https:\/\/topa.be\/fr\/sint-jacob\/beschrijving\/schatkamer\/\">La salle du tr\u00e9sor<\/a><\/li>\n\t<li id=\"menu-item-59911\" class=\"menu-item menu-item-type-post_type menu-item-object-page menu-item-59911\"><a href=\"https:\/\/topa.be\/fr\/sint-jacob\/beschrijving\/bibliografie\/\">Bibliographie<\/a><\/li>\n<\/ul>\n<\/li>\n<\/ul><\/nav>\t\t\t\t<\/div>\n\t\t\t\t<\/div>\n\t\t\t\t\t<\/div>\n\t\t<\/div>\n\t\t\t\t\t<\/div>\n\t\t<\/section>\n\t\t\t\t<\/div>\n\t\t","protected":false},"excerpt":{"rendered":"<p>Une clef pour l\u2019\u00e9glise Saint-Jacques \u00e0 Anvers. La tour: robuste, mais frustr\u00e9e Le gothique braban\u00e7on privil\u00e9gie une seule tour robuste au milieu de la fa\u00e7ade ouest. La construction de la nouvelle \u00e9glise Saint-Jacques d\u00e9bute en 1491 par la tour, car celle-ci devait servir de point d\u2019appui pour la nef. Elle est \u00e9rig\u00e9e en briques recouvertes [&hellip;]<\/p>\n","protected":false},"author":16,"featured_media":0,"parent":37557,"menu_order":60,"comment_status":"closed","ping_status":"closed","template":"","meta":{"footnotes":""},"class_list":["post-39396","page","type-page","status-publish","hentry"],"aioseo_notices":[],"_links":{"self":[{"href":"https:\/\/topa.be\/fr\/wp-json\/wp\/v2\/pages\/39396","targetHints":{"allow":["GET"]}}],"collection":[{"href":"https:\/\/topa.be\/fr\/wp-json\/wp\/v2\/pages"}],"about":[{"href":"https:\/\/topa.be\/fr\/wp-json\/wp\/v2\/types\/page"}],"author":[{"embeddable":true,"href":"https:\/\/topa.be\/fr\/wp-json\/wp\/v2\/users\/16"}],"replies":[{"embeddable":true,"href":"https:\/\/topa.be\/fr\/wp-json\/wp\/v2\/comments?post=39396"}],"version-history":[{"count":3,"href":"https:\/\/topa.be\/fr\/wp-json\/wp\/v2\/pages\/39396\/revisions"}],"predecessor-version":[{"id":45854,"href":"https:\/\/topa.be\/fr\/wp-json\/wp\/v2\/pages\/39396\/revisions\/45854"}],"up":[{"embeddable":true,"href":"https:\/\/topa.be\/fr\/wp-json\/wp\/v2\/pages\/37557"}],"wp:attachment":[{"href":"https:\/\/topa.be\/fr\/wp-json\/wp\/v2\/media?parent=39396"}],"curies":[{"name":"wp","href":"https:\/\/api.w.org\/{rel}","templated":true}]}}