{"id":39392,"date":"2021-06-07T18:16:54","date_gmt":"2021-06-07T16:16:54","guid":{"rendered":"http:\/\/topa.be\/sint-jacob\/beschrijving\/grondplan\/"},"modified":"2021-07-19T14:21:19","modified_gmt":"2021-07-19T12:21:19","slug":"grondplan","status":"publish","type":"page","link":"https:\/\/topa.be\/fr\/sint-jacob\/beschrijving\/grondplan\/","title":{"rendered":"SJK Le plan"},"content":{"rendered":"\t\t<div data-elementor-type=\"wp-page\" data-elementor-id=\"39392\" class=\"elementor elementor-39392 elementor-33849\" data-elementor-post-type=\"page\">\n\t\t\t\t\t\t<section class=\"elementor-section elementor-top-section elementor-element elementor-element-1bcb5d6 elementor-section-boxed elementor-section-height-default elementor-section-height-default\" data-id=\"1bcb5d6\" data-element_type=\"section\" data-e-type=\"section\">\n\t\t\t\t\t\t<div class=\"elementor-container elementor-column-gap-default\">\n\t\t\t\t\t<div class=\"elementor-column elementor-col-100 elementor-top-column elementor-element elementor-element-85658a1\" data-id=\"85658a1\" data-element_type=\"column\" data-e-type=\"column\">\n\t\t\t<div class=\"elementor-widget-wrap elementor-element-populated\">\n\t\t\t\t\t\t<div class=\"elementor-element elementor-element-5d498d8 elementor-widget elementor-widget-heading\" data-id=\"5d498d8\" data-element_type=\"widget\" data-e-type=\"widget\" data-widget_type=\"heading.default\">\n\t\t\t\t<div class=\"elementor-widget-container\">\n\t\t\t\t\t<h2 class=\"elementor-heading-title elementor-size-default\">Une clef pour l\u2019\u00e9glise Saint-Jacques \u00e0 Anvers.<\/h2>\t\t\t\t<\/div>\n\t\t\t\t<\/div>\n\t\t\t\t\t<\/div>\n\t\t<\/div>\n\t\t\t\t\t<\/div>\n\t\t<\/section>\n\t\t\t\t<section class=\"elementor-section elementor-top-section elementor-element elementor-element-8104cab elementor-section-boxed elementor-section-height-default elementor-section-height-default\" data-id=\"8104cab\" data-element_type=\"section\" data-e-type=\"section\">\n\t\t\t\t\t\t<div class=\"elementor-container elementor-column-gap-default\">\n\t\t\t\t\t<div class=\"elementor-column elementor-col-100 elementor-top-column elementor-element elementor-element-d634481\" data-id=\"d634481\" data-element_type=\"column\" data-e-type=\"column\">\n\t\t\t<div class=\"elementor-widget-wrap elementor-element-populated\">\n\t\t\t\t\t\t<div class=\"elementor-element elementor-element-3be562d elementor-widget elementor-widget-heading\" data-id=\"3be562d\" data-element_type=\"widget\" data-e-type=\"widget\" data-widget_type=\"heading.default\">\n\t\t\t\t<div class=\"elementor-widget-container\">\n\t\t\t\t\t<h1 class=\"elementor-heading-title elementor-size-default\">Le plan avec l\u00e9gende<\/h1>\t\t\t\t<\/div>\n\t\t\t\t<\/div>\n\t\t\t\t\t<\/div>\n\t\t<\/div>\n\t\t\t\t\t<\/div>\n\t\t<\/section>\n\t\t\t\t<section class=\"elementor-section elementor-top-section elementor-element elementor-element-cebb104 elementor-section-boxed elementor-section-height-default elementor-section-height-default\" data-id=\"cebb104\" data-element_type=\"section\" data-e-type=\"section\">\n\t\t\t\t\t\t<div class=\"elementor-container elementor-column-gap-default\">\n\t\t\t\t\t<div class=\"elementor-column elementor-col-66 elementor-top-column elementor-element elementor-element-55e56d4\" data-id=\"55e56d4\" data-element_type=\"column\" data-e-type=\"column\">\n\t\t\t<div class=\"elementor-widget-wrap elementor-element-populated\">\n\t\t\t\t\t\t<div class=\"elementor-element elementor-element-4c32244 elementor-widget elementor-widget-image\" data-id=\"4c32244\" data-element_type=\"widget\" data-e-type=\"widget\" data-widget_type=\"image.default\">\n\t\t\t\t<div class=\"elementor-widget-container\">\n\t\t\t\t\t\t\t\t\t\t\t\t\t\t\t<img fetchpriority=\"high\" decoding=\"async\" width=\"725\" height=\"1024\" src=\"https:\/\/topa.be\/wp-content\/uploads\/SJ-08.png\" class=\"attachment-large size-large wp-image-30484\" alt=\"\" srcset=\"https:\/\/topa.be\/wp-content\/uploads\/SJ-08.png 725w, https:\/\/topa.be\/wp-content\/uploads\/SJ-08-212x300.png 212w, https:\/\/topa.be\/wp-content\/uploads\/SJ-08-142x200.png 142w\" sizes=\"(max-width: 725px) 100vw, 725px\" \/>\t\t\t\t\t\t\t\t\t\t\t\t\t\t\t<\/div>\n\t\t\t\t<\/div>\n\t\t\t\t<section class=\"elementor-section elementor-inner-section elementor-element elementor-element-580e017 elementor-section-boxed elementor-section-height-default elementor-section-height-default\" data-id=\"580e017\" data-element_type=\"section\" data-e-type=\"section\">\n\t\t\t\t\t\t<div class=\"elementor-container elementor-column-gap-default\">\n\t\t\t\t\t<div class=\"elementor-column elementor-col-50 elementor-inner-column elementor-element elementor-element-87e13b1\" data-id=\"87e13b1\" data-element_type=\"column\" data-e-type=\"column\">\n\t\t\t<div class=\"elementor-widget-wrap elementor-element-populated\">\n\t\t\t\t\t\t<div class=\"elementor-element elementor-element-331aa27 elementor-align-center elementor-widget elementor-widget-button\" data-id=\"331aa27\" data-element_type=\"widget\" data-e-type=\"widget\" data-widget_type=\"button.default\">\n\t\t\t\t<div class=\"elementor-widget-container\">\n\t\t\t\t\t\t\t\t\t<div class=\"elementor-button-wrapper\">\n\t\t\t\t\t<a class=\"elementor-button elementor-button-link elementor-size-sm\" href=\"https:\/\/topa.be\/fr\/sint-jacob\/beschrijving\/architectuur\/\">\n\t\t\t\t\t\t<span class=\"elementor-button-content-wrapper\">\n\t\t\t\t\t\t\t\t\t<span class=\"elementor-button-text\">Architecture: gothique et symbolique<\/span>\n\t\t\t\t\t<\/span>\n\t\t\t\t\t<\/a>\n\t\t\t\t<\/div>\n\t\t\t\t\t\t\t\t<\/div>\n\t\t\t\t<\/div>\n\t\t\t\t\t<\/div>\n\t\t<\/div>\n\t\t\t\t<div class=\"elementor-column elementor-col-50 elementor-inner-column elementor-element elementor-element-8f415ea\" data-id=\"8f415ea\" data-element_type=\"column\" data-e-type=\"column\">\n\t\t\t<div class=\"elementor-widget-wrap elementor-element-populated\">\n\t\t\t\t\t\t<div class=\"elementor-element elementor-element-4740921 elementor-align-center elementor-widget elementor-widget-button\" data-id=\"4740921\" data-element_type=\"widget\" data-e-type=\"widget\" data-widget_type=\"button.default\">\n\t\t\t\t<div class=\"elementor-widget-container\">\n\t\t\t\t\t\t\t\t\t<div class=\"elementor-button-wrapper\">\n\t\t\t\t\t<a class=\"elementor-button elementor-button-link elementor-size-sm\" href=\"https:\/\/topa.be\/fr\/sint-jacob\/beschrijving\/parochiekerk\/\">\n\t\t\t\t\t\t<span class=\"elementor-button-content-wrapper\">\n\t\t\t\t\t\t\t\t\t<span class=\"elementor-button-text\">Une \u00e9glise paroissiale pour une communeaut\u00e9 catholique<\/span>\n\t\t\t\t\t<\/span>\n\t\t\t\t\t<\/a>\n\t\t\t\t<\/div>\n\t\t\t\t\t\t\t\t<\/div>\n\t\t\t\t<\/div>\n\t\t\t\t\t<\/div>\n\t\t<\/div>\n\t\t\t\t\t<\/div>\n\t\t<\/section>\n\t\t\t\t\t<\/div>\n\t\t<\/div>\n\t\t\t\t<div class=\"elementor-column elementor-col-33 elementor-top-column elementor-element elementor-element-3e7edb4\" data-id=\"3e7edb4\" data-element_type=\"column\" data-e-type=\"column\">\n\t\t\t<div class=\"elementor-widget-wrap elementor-element-populated\">\n\t\t\t\t\t\t<div class=\"elementor-element elementor-element-54132e5 elementor-widget elementor-widget-text-editor\" data-id=\"54132e5\" data-element_type=\"widget\" data-e-type=\"widget\" data-widget_type=\"text-editor.default\">\n\t\t\t\t<div class=\"elementor-widget-container\">\n\t\t\t\t\t\t\t\t\t<table border=\"1\" cellspacing=\"5\">\n<tbody>\n<tr>\n<td style=\"text-align: justify;\">A<\/td>\n<td style=\"text-align: justify;\">Ch\u0153ur et sanctuaire avec le ma\u00eetre-autel de saint Jacques<\/td>\n<\/tr>\n<tr style=\"text-align: justify;\">\n<td>B<\/td>\n<td>Chapelle Mariale<\/td>\n<\/tr>\n<tr style=\"text-align: justify;\">\n<td>C<\/td>\n<td>Chapelle du Tr\u00e8s-Saint-Sacrement ou du V\u00e9n\u00e9rable<\/td>\n<\/tr>\n<tr style=\"text-align: justify;\">\n<td>D<\/td>\n<td>Chapelle de la Sainte Croix<\/td>\n<\/tr>\n<tr style=\"text-align: justify;\">\n<td>E<\/td>\n<td>Chapelle de Saint-Christophe (les porteurs de tourbe)<\/td>\n<\/tr>\n<tr style=\"text-align: justify;\">\n<td>F<\/td>\n<td>Chapelle de Sainte-Dymphna (la famille Rockox)<\/td>\n<\/tr>\n<tr style=\"text-align: justify;\">\n<td>G<\/td>\n<td>Chapelle de Saint-Joseph et des Rois Mages (les scieurs de bois)<\/td>\n<\/tr>\n<tr style=\"text-align: justify;\">\n<td>H<\/td>\n<td>Chapelle du Doux Nom de J\u00e9sus (la tombe de Lantschot)<\/td>\n<\/tr>\n<tr style=\"text-align: justify;\">\n<td>I<\/td>\n<td>Chapelle de Sainte-Gertrude (les Ames du Purgatoire)<\/td>\n<\/tr>\n<tr style=\"text-align: justify;\">\n<td>J<\/td>\n<td>Mus\u00e9e de l\u2019horloge (depuis 1984) et l\u2019entr\u00e9e des Dames\u00a0contigu\u00eb<\/td>\n<\/tr>\n<tr style=\"text-align: justify;\">\n<td>K<\/td>\n<td>Baptist\u00e8re<\/td>\n<\/tr>\n<tr style=\"text-align: justify;\">\n<td>K 2<\/td>\n<td>(anciennement) Chapelle de Saint-Georges (jusqu\u2019en 1581\u00a0?)&nbsp;<\/p>\n<p>(anciennement) Baptist\u00e8re (jusqu\u2019en 1804)<\/p>\n<p>Panneaux de Saint-Roch<\/td>\n<\/tr>\n<tr style=\"text-align: justify;\">\n<td>L<\/td>\n<td>Chapelle de la Pr\u00e9sentation de Notre-Dame (les artisans de la soie et de la mi-soie) (jusqu\u2019en 1797)&nbsp;<\/p>\n<p>Chapelle de Saint-Georges (depuis 1867)<\/td>\n<\/tr>\n<tr style=\"text-align: justify;\">\n<td>M<\/td>\n<td>Chapelle de Saint-Antoine<\/td>\n<\/tr>\n<tr style=\"text-align: justify;\">\n<td>N<\/td>\n<td>Chapelle de Saint-Roch<\/td>\n<\/tr>\n<tr style=\"text-align: justify;\">\n<td>O<\/td>\n<td>Chapelle de Saint-Job (les musiciens)<\/td>\n<\/tr>\n<tr style=\"text-align: justify;\">\n<td>P<\/td>\n<td>Chapelle de Sainte-Anne<\/td>\n<\/tr>\n<tr style=\"text-align: justify;\">\n<td>Q<\/td>\n<td>Chapelle de Saint-Jean<\/td>\n<\/tr>\n<tr style=\"text-align: justify;\">\n<td>R<\/td>\n<td>Chapelle de la Sainte-Trinit\u00e9 (rachat d\u2019esclaves chr\u00e9tiens)&nbsp;<\/p>\n<p>avec salle du tr\u00e9sor contigu\u00eb<\/td>\n<\/tr>\n<tr style=\"text-align: justify;\">\n<td>S<\/td>\n<td>Chapelle de Saint-Yves (les jurisconsultes)<\/td>\n<\/tr>\n<tr style=\"text-align: justify;\">\n<td>T<\/td>\n<td>Chapelle de la R\u00e9surrection (les familles Vincque et Le Cand\u00e8le)<\/td>\n<\/tr>\n<tr style=\"text-align: justify;\">\n<td>U<\/td>\n<td>Chapelle de Notre-Dame (la famille Rubens)<\/td>\n<\/tr>\n<tr style=\"text-align: justify;\">\n<td>V<\/td>\n<td>Chapelle de Saint-Charles Borrom\u00e9e (la famille Carenna)<\/td>\n<\/tr>\n<tr style=\"text-align: justify;\">\n<td>W<\/td>\n<td>Chapelle des Saints Pierre et Paul (la famille Bollaert)<\/td>\n<\/tr>\n<tr style=\"text-align: justify;\">\n<td>X<\/td>\n<td>Chapelle de la Visitation de la Vierge (la famille Lopez-Franco)<\/td>\n<\/tr>\n<tr style=\"text-align: justify;\">\n<td>Y<\/td>\n<td>Autel de la crois\u00e9e<\/td>\n<\/tr>\n<tr style=\"text-align: justify;\">\n<td>Z<\/td>\n<td>Chapelle des mariages<\/td>\n<\/tr>\n<\/tbody>\n<\/table>\n<p style=\"text-align: justify;\">\n<p style=\"text-align: justify;\">(anciennement) Baptist\u00e8re (jusqu\u2019en 1804)<\/p>\n<p style=\"text-align: justify;\">Panneaux de Saint-Roch<\/p>\n<p style=\"text-align: justify;\">LChapelle de la Pr\u00e9sentation de Notre-Dame (les artisans de la soie et de la mi-soie) (jusqu\u2019en 1797)<\/p>\n<p style=\"text-align: justify;\">\n<p style=\"text-align: justify;\">Chapelle de Saint-Georges (depuis 1867)<\/p>\n<p style=\"text-align: justify;\">MChapelle de Saint-AntoineNChapelle de Saint-RochOChapelle de Saint-Job (les musiciens)PChapelle de Sainte-AnneQChapelle de Saint-JeanRChapelle de la Sainte-Trinit\u00e9 (rachat d\u2019esclaves chr\u00e9tiens)<\/p>\n<p style=\"text-align: justify;\">\n<p style=\"text-align: justify;\">avec salle du tr\u00e9sor contigu\u00eb<\/p>\n<p style=\"text-align: justify;\">SChapelle de Saint-Yves (les jurisconsultes)TChapelle de la R\u00e9surrection (les familles Vincque et Le Cand\u00e8le)UChapelle de Notre-Dame (la famille Rubens)VChapelle de Saint-Charles Borrom\u00e9e (la famille Carenna)WChapelle des Saints Pierre et Paul (la famille Bollaert)XChapelle de la Visitation de la Vierge (la famille Lopez-Franco)YAutel de la crois\u00e9eZChapelle des mariages<\/p>\n\t\t\t\t\t\t\t\t<\/div>\n\t\t\t\t<\/div>\n\t\t\t\t\t<\/div>\n\t\t<\/div>\n\t\t\t\t\t<\/div>\n\t\t<\/section>\n\t\t\t\t<\/div>\n\t\t","protected":false},"excerpt":{"rendered":"<p>Une clef pour l\u2019\u00e9glise Saint-Jacques \u00e0 Anvers. Le plan avec l\u00e9gende Architecture: gothique et symbolique Une \u00e9glise paroissiale pour une communeaut\u00e9 catholique A Ch\u0153ur et sanctuaire avec le ma\u00eetre-autel de saint Jacques B Chapelle Mariale C Chapelle du Tr\u00e8s-Saint-Sacrement ou du V\u00e9n\u00e9rable D Chapelle de la Sainte Croix E Chapelle de Saint-Christophe (les porteurs de [&hellip;]<\/p>\n","protected":false},"author":16,"featured_media":0,"parent":37557,"menu_order":80,"comment_status":"closed","ping_status":"closed","template":"","meta":{"footnotes":""},"class_list":["post-39392","page","type-page","status-publish","hentry"],"aioseo_notices":[],"_links":{"self":[{"href":"https:\/\/topa.be\/fr\/wp-json\/wp\/v2\/pages\/39392","targetHints":{"allow":["GET"]}}],"collection":[{"href":"https:\/\/topa.be\/fr\/wp-json\/wp\/v2\/pages"}],"about":[{"href":"https:\/\/topa.be\/fr\/wp-json\/wp\/v2\/types\/page"}],"author":[{"embeddable":true,"href":"https:\/\/topa.be\/fr\/wp-json\/wp\/v2\/users\/16"}],"replies":[{"embeddable":true,"href":"https:\/\/topa.be\/fr\/wp-json\/wp\/v2\/comments?post=39392"}],"version-history":[{"count":3,"href":"https:\/\/topa.be\/fr\/wp-json\/wp\/v2\/pages\/39392\/revisions"}],"predecessor-version":[{"id":45856,"href":"https:\/\/topa.be\/fr\/wp-json\/wp\/v2\/pages\/39392\/revisions\/45856"}],"up":[{"embeddable":true,"href":"https:\/\/topa.be\/fr\/wp-json\/wp\/v2\/pages\/37557"}],"wp:attachment":[{"href":"https:\/\/topa.be\/fr\/wp-json\/wp\/v2\/media?parent=39392"}],"curies":[{"name":"wp","href":"https:\/\/api.w.org\/{rel}","templated":true}]}}