{"id":39358,"date":"2021-06-07T15:58:45","date_gmt":"2021-06-07T13:58:45","guid":{"rendered":"http:\/\/topa.be\/sint-jacob\/beschrijving\/trouwkapel\/"},"modified":"2021-07-19T14:21:55","modified_gmt":"2021-07-19T12:21:55","slug":"trouwkapel","status":"publish","type":"page","link":"https:\/\/topa.be\/fr\/sint-jacob\/beschrijving\/trouwkapel\/","title":{"rendered":"SJK La chapelle de mariage"},"content":{"rendered":"\t\t<div data-elementor-type=\"wp-page\" data-elementor-id=\"39358\" class=\"elementor elementor-39358 elementor-33874\" data-elementor-post-type=\"page\">\n\t\t\t\t\t\t<section class=\"elementor-section elementor-top-section elementor-element elementor-element-b23bf47 elementor-section-boxed elementor-section-height-default elementor-section-height-default\" data-id=\"b23bf47\" data-element_type=\"section\" data-e-type=\"section\">\n\t\t\t\t\t\t<div class=\"elementor-container elementor-column-gap-default\">\n\t\t\t\t\t<div class=\"elementor-column elementor-col-100 elementor-top-column elementor-element elementor-element-fefd107\" data-id=\"fefd107\" data-element_type=\"column\" data-e-type=\"column\">\n\t\t\t<div class=\"elementor-widget-wrap elementor-element-populated\">\n\t\t\t\t\t\t<div class=\"elementor-element elementor-element-c6fed91 elementor-widget elementor-widget-heading\" data-id=\"c6fed91\" data-element_type=\"widget\" data-e-type=\"widget\" data-widget_type=\"heading.default\">\n\t\t\t\t<div class=\"elementor-widget-container\">\n\t\t\t\t\t<h2 class=\"elementor-heading-title elementor-size-default\">Une clef pour l\u2019\u00e9glise Saint-Jacques \u00e0 Anvers.<\/h2>\t\t\t\t<\/div>\n\t\t\t\t<\/div>\n\t\t\t\t\t<\/div>\n\t\t<\/div>\n\t\t\t\t\t<\/div>\n\t\t<\/section>\n\t\t\t\t<section class=\"elementor-section elementor-top-section elementor-element elementor-element-874e2b7 elementor-section-boxed elementor-section-height-default elementor-section-height-default\" data-id=\"874e2b7\" data-element_type=\"section\" data-e-type=\"section\">\n\t\t\t\t\t\t<div class=\"elementor-container elementor-column-gap-default\">\n\t\t\t\t\t<div class=\"elementor-column elementor-col-100 elementor-top-column elementor-element elementor-element-6272164\" data-id=\"6272164\" data-element_type=\"column\" data-e-type=\"column\">\n\t\t\t<div class=\"elementor-widget-wrap elementor-element-populated\">\n\t\t\t\t\t\t<div class=\"elementor-element elementor-element-d2bd986 elementor-widget elementor-widget-heading\" data-id=\"d2bd986\" data-element_type=\"widget\" data-e-type=\"widget\" data-widget_type=\"heading.default\">\n\t\t\t\t<div class=\"elementor-widget-container\">\n\t\t\t\t\t<h1 class=\"elementor-heading-title elementor-size-default\">La chapelle de mariage<\/h1>\t\t\t\t<\/div>\n\t\t\t\t<\/div>\n\t\t\t\t\t<\/div>\n\t\t<\/div>\n\t\t\t\t\t<\/div>\n\t\t<\/section>\n\t\t\t\t<section class=\"elementor-section elementor-top-section elementor-element elementor-element-f1a8688 elementor-section-boxed elementor-section-height-default elementor-section-height-default\" data-id=\"f1a8688\" data-element_type=\"section\" data-e-type=\"section\">\n\t\t\t\t\t\t<div class=\"elementor-container elementor-column-gap-default\">\n\t\t\t\t\t<div class=\"elementor-column elementor-col-66 elementor-top-column elementor-element elementor-element-f88b53b\" data-id=\"f88b53b\" data-element_type=\"column\" data-e-type=\"column\">\n\t\t\t<div class=\"elementor-widget-wrap elementor-element-populated\">\n\t\t\t\t\t\t<div class=\"elementor-element elementor-element-95a8e16 elementor-widget elementor-widget-image\" data-id=\"95a8e16\" data-element_type=\"widget\" data-e-type=\"widget\" data-widget_type=\"image.default\">\n\t\t\t\t<div class=\"elementor-widget-container\">\n\t\t\t\t\t\t\t\t\t\t\t\t<figure class=\"wp-caption\">\n\t\t\t\t\t\t\t\t\t\t\t<a href=\"http:\/\/topa.be\/wp-content\/uploads\/SJ-12.jpg\" data-elementor-open-lightbox=\"yes\" data-elementor-lightbox-title=\"Trouwkoor, altaar door Sebastiaan Van den Eynde (1669-1671)\" data-elementor-lightbox-description=\"\u00c9glise Saint-Jacques, Anvers : chapelle des mariages\" data-e-action-hash=\"#elementor-action%3Aaction%3Dlightbox%26settings%3DeyJpZCI6MzA3MTIsInVybCI6Imh0dHBzOlwvXC90b3BhLmJlXC93cC1jb250ZW50XC91cGxvYWRzXC9TSi0xMi5qcGcifQ%3D%3D\">\n\t\t\t\t\t\t\t<img fetchpriority=\"high\" decoding=\"async\" width=\"800\" height=\"535\" src=\"https:\/\/topa.be\/wp-content\/uploads\/SJ-12.jpg\" class=\"attachment-large size-large wp-image-30712\" alt=\"\" srcset=\"https:\/\/topa.be\/wp-content\/uploads\/SJ-12.jpg 1024w, https:\/\/topa.be\/wp-content\/uploads\/SJ-12-300x201.jpg 300w, https:\/\/topa.be\/wp-content\/uploads\/SJ-12-200x134.jpg 200w, https:\/\/topa.be\/wp-content\/uploads\/SJ-12-768x514.jpg 768w\" sizes=\"(max-width: 800px) 100vw, 800px\" \/>\t\t\t\t\t\t\t\t<\/a>\n\t\t\t\t\t\t\t\t\t\t\t<figcaption class=\"widget-image-caption wp-caption-text\">\u00c9glise Saint-Jacques, Anvers : chapelle des mariages<\/figcaption>\n\t\t\t\t\t\t\t\t\t\t<\/figure>\n\t\t\t\t\t\t\t\t\t<\/div>\n\t\t\t\t<\/div>\n\t\t\t\t<div class=\"elementor-element elementor-element-aeb7b63 elementor-widget elementor-widget-heading\" data-id=\"aeb7b63\" data-element_type=\"widget\" data-e-type=\"widget\" data-widget_type=\"heading.default\">\n\t\t\t\t<div class=\"elementor-widget-container\">\n\t\t\t\t\t<h3 class=\"elementor-heading-title elementor-size-default\">Histoire de la construction<\/h3>\t\t\t\t<\/div>\n\t\t\t\t<\/div>\n\t\t\t\t<div class=\"elementor-element elementor-element-b519e73 elementor-widget elementor-widget-text-editor\" data-id=\"b519e73\" data-element_type=\"widget\" data-e-type=\"widget\" data-widget_type=\"text-editor.default\">\n\t\t\t\t<div class=\"elementor-widget-container\">\n\t\t\t\t\t\t\t\t\t<p style=\"text-align: justify;\">Pour l\u2019agrandissement de la chapelle du Tr\u00e8s-Saint-Sacrement en 1664, la chapelle des mariages et la sacristie situ\u00e9es \u00e0 l\u2019est furent d\u00e9plac\u00e9es plus au sud. Une ouverture pour la porte est d\u00e9j\u00e0 pratiqu\u00e9e en 1665, dans le mur m\u00e9ridional \u00e9largi, et est couronn\u00e9e d\u2019une statue du Christ Sauveur, \u0153uvre d\u2019Artus II Quellin. La construction des deux annexes n\u2019est cependant r\u00e9alis\u00e9e qu\u2019en 1669-70.\u00a0 Leur hauteur en est r\u00e9duite \u00e0 cause des vitraux de la chapelle du Tr\u00e8s-Saint-Sacrement contigu\u00eb, ce qui n\u2019emp\u00eache pas qu\u2019une \u00e9l\u00e9gante vo\u00fbte en berceau baroque recouvre l\u2019espace long et \u00e9troit. Les encadrements des portes et fen\u00eatres sont tous de marbre blanc et noir. Au bout de cinq ans l\u2019installation est termin\u00e9e tel qu\u2019il ressort du chronogramme en n\u00e9erlandais au-dessus de l\u2019entr\u00e9e\u00a0:<\/p><p style=\"text-align: center;\"><strong>\u00ab\u00a0DIt Is hIer nU VoLMaeCkt In febrUarIUs\u00a0\u00bb<\/strong><br \/><em>(Ceci est maintenant parfait en f\u00e9vrier).<\/em><\/p>\t\t\t\t\t\t\t\t<\/div>\n\t\t\t\t<\/div>\n\t\t\t\t<div class=\"elementor-element elementor-element-c4e813b elementor-widget elementor-widget-heading\" data-id=\"c4e813b\" data-element_type=\"widget\" data-e-type=\"widget\" data-widget_type=\"heading.default\">\n\t\t\t\t<div class=\"elementor-widget-container\">\n\t\t\t\t\t<h3 class=\"elementor-heading-title elementor-size-default\">Fonctions<\/h3>\t\t\t\t<\/div>\n\t\t\t\t<\/div>\n\t\t\t\t<div class=\"elementor-element elementor-element-5aaae85 elementor-widget elementor-widget-text-editor\" data-id=\"5aaae85\" data-element_type=\"widget\" data-e-type=\"widget\" data-widget_type=\"text-editor.default\">\n\t\t\t\t<div class=\"elementor-widget-container\">\n\t\t\t\t\t\t\t\t\t<p style=\"text-align: justify;\">La chapelle des mariages contigu\u00eb r\u00e9pond \u00e0 un usage d\u2019alors qui consiste \u00e0 b\u00e9nir les mariages en comit\u00e9 familial restreint et de pr\u00e9f\u00e9rence dans une chapelle sans courants d\u2019air.<\/p><p style=\"text-align: justify;\">Pour la noble famille Anthoine la construction de cette nouvelle chapelle offre une place unique pour un caveau et pr\u00e9sente l\u2019opportunit\u00e9 d\u2019y donner le cachet d\u2019une chapelle fun\u00e9raire familiale en pla\u00e7ant leur embl\u00e8me \u00e0 tout endroit bien visible et ce \u2018\u00e0 perp\u00e9tuelle demeure\u2019. D\u2019abord leur pierre tombale\u00a0est plac\u00e9e au pied de l\u2019autel. Ensuite leurs armoiries figurent au-dessus de chacune des deux portes des niches \u00e0 c\u00f4t\u00e9 de l\u2019autel, de Lodewijk Willemssens et \u00e9galement en marbre blanc, D\u2019apr\u00e8s une vue d\u2019int\u00e9rieur de Jacobus Harrewijn (1686) ces armoiries \u00e9taient \u00e9galement (pr\u00e9vues) sur le vitrail central.<\/p><p style=\"text-align: justify;\">Ce lieu de pri\u00e8re est cependant avant tout destin\u00e9 \u00e0 y conserver le Saint-Sacrement. C\u2019est d\u2019ailleurs \u00e0 cela que le texte au-dessus de l\u2019entr\u00e9e fait allusion\u00a0:<\/p><p style=\"text-align: center;\">\u00ab\u00a0Wij kochten d\u2019erf tot dezen bouw,<br \/>om dat daer Godt in rusten souw\u00a0\u00bb<br \/><em>Nous acqu\u00eemes le terrain pour ce b\u00e2timent,<br \/><\/em><em>afin que Dieu puisse y reposer<\/em><\/p><p style=\"text-align: justify;\">Le Saint-Sacrement n\u2019\u00e9tait port\u00e9 \u00e0 la Chapelle du V\u00e9n\u00e9rable que pour les offices, jusqu\u2019\u00e0 ce qu\u2019on y installe \u00e9galement un tabernacle au XIX<sup>e<\/sup> si\u00e8cle.<\/p>\t\t\t\t\t\t\t\t<\/div>\n\t\t\t\t<\/div>\n\t\t\t\t<div class=\"elementor-element elementor-element-24fb757 elementor-widget elementor-widget-heading\" data-id=\"24fb757\" data-element_type=\"widget\" data-e-type=\"widget\" data-widget_type=\"heading.default\">\n\t\t\t\t<div class=\"elementor-widget-container\">\n\t\t\t\t\t<h3 class=\"elementor-heading-title elementor-size-default\">La d\u00e9coration<\/h3>\t\t\t\t<\/div>\n\t\t\t\t<\/div>\n\t\t\t\t<div class=\"elementor-element elementor-element-b2e9299 elementor-widget elementor-widget-text-editor\" data-id=\"b2e9299\" data-element_type=\"widget\" data-e-type=\"widget\" data-widget_type=\"text-editor.default\">\n\t\t\t\t<div class=\"elementor-widget-container\">\n\t\t\t\t\t\t\t\t\t<p style=\"text-align: justify;\">Les peintures murales, \u00e0 l\u2019origine sur marbre, sont toutes en rapport avec la pr\u00e9sence de J\u00e9sus dans le pain eucharistique. De ces peintures originelles sur marbre ne subsiste plus que la \u2018<em>Derni\u00e8re C\u00e8ne\u2019<\/em>\u00a0sur le mur m\u00e9ridional, attribu\u00e9e \u00e0 Antoni Goubeau. Saint Jean l\u2019\u00c9vang\u00e9liste serait le portrait du donateur Jan Moermans. En 1743 deux peintures sont remplac\u00e9es par deux toiles de Jacob van Hal\u00a0:\u00a0\u2018<em>La manne\u2019<\/em>\u00a0et \u2018<em>Les quatre continents adorent le Tr\u00e8s-Saint-Sacrement\u2019<\/em>. La personnification de chaque continent est entour\u00e9e de pages. Ce n\u2019est pas par hasard qu\u2019un membre de l\u2019ordre des j\u00e9suites, qui envoie des missionnaires dans le monde entier, se trouve derri\u00e8re le Pape.<\/p>\n<p style=\"text-align: justify;\">La paroi occidentale au-dessus de la porte qui m\u00e8ne \u00e0 la sacristie est occup\u00e9e par \u2018<em>L\u2019adoration du Tr\u00e8s-Saint-Sacrement\u2019<\/em>\u00a0de Peter Thys. Six hommes, agenouill\u00e9s en adoration, entourent le grand ostensoir cylindrique avec l\u2019hostie. Le nom des quatre ma\u00eetres de chapelle, v\u00eatus selon la mode de l\u2019\u00e9poque, et tenant en main un flambeau allum\u00e9, est mentionn\u00e9 sur la pierre comm\u00e9morative au-dessus de la porte. Parmi eux l\u2019orf\u00e8vre Johannes Moermans, (\u20201703) pr\u00e9sident, promoteur et bienfaiteur de la Chapelle du Tr\u00e8s-Saint-Sacrement, et l\u2019historien Lodewijk van Caukercken (1629-1704) qui, ayant d\u00e9but\u00e9 comme apprenti-tonnelier et n\u00e9gociant en vin, \u00e9tait parvenu, gr\u00e2ce \u00e0 sa r\u00e9putation comme ma\u00eetre de chapelle et ensuite comme marguillier, \u00e0 devenir second tr\u00e9sorier communal et est r\u00e9put\u00e9 pour ses\u00a0<em>chroniques<\/em>\u00a0anversoises. Iconographiquement \u00e0 droite, \u00e0 la place d\u2019honneur, on reconna\u00eet le cur\u00e9 Franciscus Van den Bossche (+1674), chapelain de la chapelle, qui encense le Saint-Sacrement. Il sera inhum\u00e9 dans cette chapelle. A l\u2019arri\u00e8re le \u2018servant\u2019 de la chapelle agite la cymbale d\u2019autel.<\/p>\n<p style=\"text-align: justify;\">En 1772-75 on proc\u00e8de \u00e0 un embellissement important.<\/p>\n<p style=\"text-align: justify;\">La toute simple table d\u2019autel est remplac\u00e9e par une tombe en marbre, alors que dans le couronnement Dieu le P\u00e8re doit c\u00e9der la place (!) \u00e0 des anges frivoles qui montrent le chronogramme (1773). Les panneaux de porte en cuivre dor\u00e9 du nouveau tabernacle, \u0153uvre de Joannes-Baptist II Verberckt, arborent \u2018La multiplication des pains\u2019.<\/p>\n<p style=\"text-align: justify;\">(Willem-)Jacob III Herreyns (1743-1827) essaie de rompre l\u2019impression confin\u00e9e de la vo\u00fbte au moyen d\u2019un trompe-l\u2019\u0153il\u00a0: une ouverture dans le toit, entour\u00e9e d\u2019une balustrade et une vue sur le ciel. Les six citations de psaumes dans les \u00e9coin\u00e7ons rendent gr\u00e2ce \u00e0 la pr\u00e9sence merveilleuse de Dieu, tangible dans le pain eucharistique.<\/p>\n<p style=\"text-align: justify;\">Les bozzetti des statues des saints Pierre et Paul de l\u2019autel de la chapelle du Tr\u00e8s-Saint-Sacrement se trouvent ici aussi, respectivement \u00e0 droite et \u00e0 gauche de l\u2019autel, contre le mur.<\/p>\n<p style=\"text-align: justify;\">En 2004 la chapelle est remarquablement restaur\u00e9e et r\u00e9am\u00e9nag\u00e9e en chapelle intime pour les c\u00e9l\u00e9brations en semaine. Il est regrettable que depuis lors l\u2019ange sculpt\u00e9, \u00ab\u00a0qui semble planer au milieu du plafond et qui porte la lampe-dieu en forme de lanterne de la fa\u00e7on la plus charmante\u00a0\u00bb ait disparu sans laisser de traces.<\/p>\n\t\t\t\t\t\t\t\t<\/div>\n\t\t\t\t<\/div>\n\t\t\t\t<section class=\"elementor-section elementor-inner-section elementor-element elementor-element-c5ca8aa elementor-section-boxed elementor-section-height-default elementor-section-height-default\" data-id=\"c5ca8aa\" data-element_type=\"section\" data-e-type=\"section\">\n\t\t\t\t\t\t<div class=\"elementor-container elementor-column-gap-default\">\n\t\t\t\t\t<div class=\"elementor-column elementor-col-50 elementor-inner-column elementor-element elementor-element-271378a\" data-id=\"271378a\" data-element_type=\"column\" data-e-type=\"column\">\n\t\t\t<div class=\"elementor-widget-wrap elementor-element-populated\">\n\t\t\t\t\t\t<div class=\"elementor-element elementor-element-480e5ed elementor-align-center elementor-widget elementor-widget-button\" data-id=\"480e5ed\" data-element_type=\"widget\" data-e-type=\"widget\" data-widget_type=\"button.default\">\n\t\t\t\t<div class=\"elementor-widget-container\">\n\t\t\t\t\t\t\t\t\t<div class=\"elementor-button-wrapper\">\n\t\t\t\t\t<a class=\"elementor-button elementor-button-link elementor-size-sm\" href=\"https:\/\/topa.be\/fr\/sint-jacob\/beschrijving\/venerabelkapel\/\">\n\t\t\t\t\t\t<span class=\"elementor-button-content-wrapper\">\n\t\t\t\t\t\t\t\t\t<span class=\"elementor-button-text\">La chapelle du Saint Sacrement<\/span>\n\t\t\t\t\t<\/span>\n\t\t\t\t\t<\/a>\n\t\t\t\t<\/div>\n\t\t\t\t\t\t\t\t<\/div>\n\t\t\t\t<\/div>\n\t\t\t\t\t<\/div>\n\t\t<\/div>\n\t\t\t\t<div class=\"elementor-column elementor-col-50 elementor-inner-column elementor-element elementor-element-2b09499\" data-id=\"2b09499\" data-element_type=\"column\" data-e-type=\"column\">\n\t\t\t<div class=\"elementor-widget-wrap elementor-element-populated\">\n\t\t\t\t\t\t<div class=\"elementor-element elementor-element-4dd7fb2 elementor-align-center elementor-widget elementor-widget-button\" data-id=\"4dd7fb2\" data-element_type=\"widget\" data-e-type=\"widget\" data-widget_type=\"button.default\">\n\t\t\t\t<div class=\"elementor-widget-container\">\n\t\t\t\t\t\t\t\t\t<div class=\"elementor-button-wrapper\">\n\t\t\t\t\t<a class=\"elementor-button elementor-button-link elementor-size-sm\" href=\"https:\/\/topa.be\/fr\/sint-jacob\/beschrijving\/hoogkoor\/\">\n\t\t\t\t\t\t<span class=\"elementor-button-content-wrapper\">\n\t\t\t\t\t\t\t\t\t<span class=\"elementor-button-text\">Un ch\u0153ur pour le coll\u00e8ge des chanoines<\/span>\n\t\t\t\t\t<\/span>\n\t\t\t\t\t<\/a>\n\t\t\t\t<\/div>\n\t\t\t\t\t\t\t\t<\/div>\n\t\t\t\t<\/div>\n\t\t\t\t\t<\/div>\n\t\t<\/div>\n\t\t\t\t\t<\/div>\n\t\t<\/section>\n\t\t\t\t\t<\/div>\n\t\t<\/div>\n\t\t\t\t<div class=\"elementor-column elementor-col-33 elementor-top-column elementor-element elementor-element-bc247f6\" data-id=\"bc247f6\" data-element_type=\"column\" data-e-type=\"column\">\n\t\t\t<div class=\"elementor-widget-wrap elementor-element-populated\">\n\t\t\t\t\t\t<div class=\"elementor-element elementor-element-59715a3 elementor-widget elementor-widget-image\" data-id=\"59715a3\" data-element_type=\"widget\" data-e-type=\"widget\" data-widget_type=\"image.default\">\n\t\t\t\t<div class=\"elementor-widget-container\">\n\t\t\t\t\t\t\t\t\t\t\t\t\t\t\t<img decoding=\"async\" width=\"800\" height=\"800\" src=\"https:\/\/topa.be\/wp-content\/uploads\/Sint-Jakob-1024x1024.jpg\" class=\"attachment-large size-large wp-image-29872\" alt=\"\" srcset=\"https:\/\/topa.be\/wp-content\/uploads\/Sint-Jakob.jpg 1024w, https:\/\/topa.be\/wp-content\/uploads\/Sint-Jakob-300x300.jpg 300w, https:\/\/topa.be\/wp-content\/uploads\/Sint-Jakob-200x200.jpg 200w, https:\/\/topa.be\/wp-content\/uploads\/Sint-Jakob-768x768.jpg 768w\" sizes=\"(max-width: 800px) 100vw, 800px\" \/>\t\t\t\t\t\t\t\t\t\t\t\t\t\t\t<\/div>\n\t\t\t\t<\/div>\n\t\t\t\t<div class=\"elementor-element elementor-element-bf3883d elementor-widget elementor-widget-wp-widget-nav_menu\" data-id=\"bf3883d\" data-element_type=\"widget\" data-e-type=\"widget\" data-widget_type=\"wp-widget-nav_menu.default\">\n\t\t\t\t<div class=\"elementor-widget-container\">\n\t\t\t\t\t<nav class=\"menu-syllabus-sint-jacob-frans-container\" aria-label=\"Menu\"><ul id=\"menu-syllabus-sint-jacob-frans\" class=\"menu\"><li id=\"menu-item-59891\" class=\"menu-item menu-item-type-post_type menu-item-object-page menu-item-59891\"><a href=\"https:\/\/topa.be\/fr\/sint-jacob\/\">\u00c9glise Saint-Jacques<\/a><\/li>\n<li id=\"menu-item-61181\" class=\"menu-item menu-item-type-post_type menu-item-object-page menu-item-has-children menu-item-61181\"><a href=\"https:\/\/topa.be\/fr\/sint-jacob\/beschrijving\/\">Histoire &#038; Description<\/a>\n<ul class=\"sub-menu\">\n\t<li id=\"menu-item-59892\" class=\"menu-item menu-item-type-post_type menu-item-object-page menu-item-59892\"><a href=\"https:\/\/topa.be\/fr\/sint-jacob\/beschrijving\/inleiding\/\">Introduction<\/a><\/li>\n\t<li id=\"menu-item-59893\" class=\"menu-item menu-item-type-post_type menu-item-object-page menu-item-59893\"><a href=\"https:\/\/topa.be\/fr\/sint-jacob\/beschrijving\/patroonheilige\/\">Saint Jacques le Majeur<\/a><\/li>\n\t<li id=\"menu-item-59894\" class=\"menu-item menu-item-type-post_type menu-item-object-page menu-item-59894\"><a href=\"https:\/\/topa.be\/fr\/sint-jacob\/beschrijving\/compostella\/\">Le Chemin de Compostelle<\/a><\/li>\n\t<li id=\"menu-item-59895\" class=\"menu-item menu-item-type-post_type menu-item-object-page menu-item-59895\"><a href=\"https:\/\/topa.be\/fr\/sint-jacob\/beschrijving\/historische-context\/\">Contexte historique<\/a><\/li>\n\t<li id=\"menu-item-59896\" class=\"menu-item menu-item-type-post_type menu-item-object-page menu-item-59896\"><a href=\"https:\/\/topa.be\/fr\/sint-jacob\/beschrijving\/bouwgeschiedenis\/\">Un chantier s\u00e9culaire<\/a><\/li>\n\t<li id=\"menu-item-59897\" class=\"menu-item menu-item-type-post_type menu-item-object-page menu-item-59897\"><a href=\"https:\/\/topa.be\/fr\/sint-jacob\/beschrijving\/toren\/\">La Tour<\/a><\/li>\n\t<li id=\"menu-item-59898\" class=\"menu-item menu-item-type-post_type menu-item-object-page menu-item-59898\"><a href=\"https:\/\/topa.be\/fr\/sint-jacob\/beschrijving\/architectuur\/\">L\u2019architecture<\/a><\/li>\n\t<li id=\"menu-item-59899\" class=\"menu-item menu-item-type-post_type menu-item-object-page menu-item-59899\"><a href=\"https:\/\/topa.be\/fr\/sint-jacob\/beschrijving\/grondplan\/\">Le plan<\/a><\/li>\n\t<li id=\"menu-item-59900\" class=\"menu-item menu-item-type-post_type menu-item-object-page menu-item-59900\"><a href=\"https:\/\/topa.be\/fr\/sint-jacob\/beschrijving\/parochiekerk\/\">Une \u00e9glise paroissiale<\/a><\/li>\n\t<li id=\"menu-item-59901\" class=\"menu-item menu-item-type-post_type menu-item-object-page menu-item-59901\"><a href=\"https:\/\/topa.be\/fr\/sint-jacob\/beschrijving\/mariakapel\/\">La chapelle Mariale<\/a><\/li>\n\t<li id=\"menu-item-59902\" class=\"menu-item menu-item-type-post_type menu-item-object-page menu-item-59902\"><a href=\"https:\/\/topa.be\/fr\/sint-jacob\/beschrijving\/venerabelkapel\/\">La chapelle du Saint Sacrement<\/a><\/li>\n\t<li id=\"menu-item-59903\" class=\"menu-item menu-item-type-post_type menu-item-object-page menu-item-59903\"><a href=\"https:\/\/topa.be\/fr\/sint-jacob\/beschrijving\/trouwkapel\/\">La chapelle de mariage<\/a><\/li>\n\t<li id=\"menu-item-59904\" class=\"menu-item menu-item-type-post_type menu-item-object-page menu-item-59904\"><a href=\"https:\/\/topa.be\/fr\/sint-jacob\/beschrijving\/hoogkoor\/\">Un ch\u0153ur pour les chanoines<\/a><\/li>\n\t<li id=\"menu-item-59905\" class=\"menu-item menu-item-type-post_type menu-item-object-page menu-item-has-children menu-item-59905\"><a href=\"https:\/\/topa.be\/fr\/sint-jacob\/beschrijving\/kapellen\/\">Confr\u00e9ries et des corporations<\/a>\n\t<ul class=\"sub-menu\">\n\t\t<li id=\"menu-item-59906\" class=\"menu-item menu-item-type-post_type menu-item-object-page menu-item-59906\"><a href=\"https:\/\/topa.be\/fr\/sint-jacob\/beschrijving\/kapellen\/sint-rochus\/\">Les panneaux Saint-Roch<\/a><\/li>\n\t<\/ul>\n<\/li>\n\t<li id=\"menu-item-59907\" class=\"menu-item menu-item-type-post_type menu-item-object-page menu-item-59907\"><a href=\"https:\/\/topa.be\/fr\/sint-jacob\/beschrijving\/rustplaats\/\">Un lieu de repos pour les d\u00e9funts<\/a><\/li>\n\t<li id=\"menu-item-59908\" class=\"menu-item menu-item-type-post_type menu-item-object-page menu-item-59908\"><a href=\"https:\/\/topa.be\/fr\/sint-jacob\/beschrijving\/grafkapellen\/\">Les chapelles fun\u00e9raires<\/a><\/li>\n\t<li id=\"menu-item-59909\" class=\"menu-item menu-item-type-post_type menu-item-object-page menu-item-59909\"><a href=\"https:\/\/topa.be\/fr\/sint-jacob\/beschrijving\/relicten\/\">Reliquats de couvents disparus<\/a><\/li>\n\t<li id=\"menu-item-59910\" class=\"menu-item menu-item-type-post_type menu-item-object-page menu-item-59910\"><a href=\"https:\/\/topa.be\/fr\/sint-jacob\/beschrijving\/schatkamer\/\">La salle du tr\u00e9sor<\/a><\/li>\n\t<li id=\"menu-item-59911\" class=\"menu-item menu-item-type-post_type menu-item-object-page menu-item-59911\"><a href=\"https:\/\/topa.be\/fr\/sint-jacob\/beschrijving\/bibliografie\/\">Bibliographie<\/a><\/li>\n<\/ul>\n<\/li>\n<\/ul><\/nav>\t\t\t\t<\/div>\n\t\t\t\t<\/div>\n\t\t\t\t\t<\/div>\n\t\t<\/div>\n\t\t\t\t\t<\/div>\n\t\t<\/section>\n\t\t\t\t<\/div>\n\t\t","protected":false},"excerpt":{"rendered":"<p>Une clef pour l\u2019\u00e9glise Saint-Jacques \u00e0 Anvers. La chapelle de mariage \u00c9glise Saint-Jacques, Anvers : chapelle des mariages Histoire de la construction Pour l\u2019agrandissement de la chapelle du Tr\u00e8s-Saint-Sacrement en 1664, la chapelle des mariages et la sacristie situ\u00e9es \u00e0 l\u2019est furent d\u00e9plac\u00e9es plus au sud. Une ouverture pour la porte est d\u00e9j\u00e0 pratiqu\u00e9e en [&hellip;]<\/p>\n","protected":false},"author":16,"featured_media":0,"parent":37557,"menu_order":120,"comment_status":"closed","ping_status":"closed","template":"","meta":{"footnotes":""},"class_list":["post-39358","page","type-page","status-publish","hentry"],"aioseo_notices":[],"_links":{"self":[{"href":"https:\/\/topa.be\/fr\/wp-json\/wp\/v2\/pages\/39358","targetHints":{"allow":["GET"]}}],"collection":[{"href":"https:\/\/topa.be\/fr\/wp-json\/wp\/v2\/pages"}],"about":[{"href":"https:\/\/topa.be\/fr\/wp-json\/wp\/v2\/types\/page"}],"author":[{"embeddable":true,"href":"https:\/\/topa.be\/fr\/wp-json\/wp\/v2\/users\/16"}],"replies":[{"embeddable":true,"href":"https:\/\/topa.be\/fr\/wp-json\/wp\/v2\/comments?post=39358"}],"version-history":[{"count":3,"href":"https:\/\/topa.be\/fr\/wp-json\/wp\/v2\/pages\/39358\/revisions"}],"predecessor-version":[{"id":45859,"href":"https:\/\/topa.be\/fr\/wp-json\/wp\/v2\/pages\/39358\/revisions\/45859"}],"up":[{"embeddable":true,"href":"https:\/\/topa.be\/fr\/wp-json\/wp\/v2\/pages\/37557"}],"wp:attachment":[{"href":"https:\/\/topa.be\/fr\/wp-json\/wp\/v2\/media?parent=39358"}],"curies":[{"name":"wp","href":"https:\/\/api.w.org\/{rel}","templated":true}]}}