{"id":39307,"date":"2021-06-07T13:43:48","date_gmt":"2021-06-07T11:43:48","guid":{"rendered":"http:\/\/topa.be\/sint-jacob\/beschrijving\/relicten\/"},"modified":"2021-07-19T14:23:06","modified_gmt":"2021-07-19T12:23:06","slug":"relicten","status":"publish","type":"page","link":"https:\/\/topa.be\/fr\/sint-jacob\/beschrijving\/relicten\/","title":{"rendered":"SJK Reliquats de couvents disparus"},"content":{"rendered":"\t\t<div data-elementor-type=\"wp-page\" data-elementor-id=\"39307\" class=\"elementor elementor-39307 elementor-33884\" data-elementor-post-type=\"page\">\n\t\t\t\t\t\t<section class=\"elementor-section elementor-top-section elementor-element elementor-element-658de41 elementor-section-boxed elementor-section-height-default elementor-section-height-default\" data-id=\"658de41\" data-element_type=\"section\" data-e-type=\"section\">\n\t\t\t\t\t\t<div class=\"elementor-container elementor-column-gap-default\">\n\t\t\t\t\t<div class=\"elementor-column elementor-col-100 elementor-top-column elementor-element elementor-element-1b97367\" data-id=\"1b97367\" data-element_type=\"column\" data-e-type=\"column\">\n\t\t\t<div class=\"elementor-widget-wrap elementor-element-populated\">\n\t\t\t\t\t\t<div class=\"elementor-element elementor-element-97ac09d elementor-widget elementor-widget-heading\" data-id=\"97ac09d\" data-element_type=\"widget\" data-e-type=\"widget\" data-widget_type=\"heading.default\">\n\t\t\t\t<div class=\"elementor-widget-container\">\n\t\t\t\t\t<h2 class=\"elementor-heading-title elementor-size-default\">Une clef pour l\u2019\u00e9glise Saint-Jacques \u00e0 Anvers.<\/h2>\t\t\t\t<\/div>\n\t\t\t\t<\/div>\n\t\t\t\t\t<\/div>\n\t\t<\/div>\n\t\t\t\t\t<\/div>\n\t\t<\/section>\n\t\t\t\t<section class=\"elementor-section elementor-top-section elementor-element elementor-element-8460d81 elementor-section-boxed elementor-section-height-default elementor-section-height-default\" data-id=\"8460d81\" data-element_type=\"section\" data-e-type=\"section\">\n\t\t\t\t\t\t<div class=\"elementor-container elementor-column-gap-default\">\n\t\t\t\t\t<div class=\"elementor-column elementor-col-100 elementor-top-column elementor-element elementor-element-98cb471\" data-id=\"98cb471\" data-element_type=\"column\" data-e-type=\"column\">\n\t\t\t<div class=\"elementor-widget-wrap elementor-element-populated\">\n\t\t\t\t\t\t<div class=\"elementor-element elementor-element-32c21a5 elementor-widget elementor-widget-heading\" data-id=\"32c21a5\" data-element_type=\"widget\" data-e-type=\"widget\" data-widget_type=\"heading.default\">\n\t\t\t\t<div class=\"elementor-widget-container\">\n\t\t\t\t\t<h1 class=\"elementor-heading-title elementor-size-default\">Reliquats des couvents disparus<\/h1>\t\t\t\t<\/div>\n\t\t\t\t<\/div>\n\t\t\t\t\t<\/div>\n\t\t<\/div>\n\t\t\t\t\t<\/div>\n\t\t<\/section>\n\t\t\t\t<section class=\"elementor-section elementor-top-section elementor-element elementor-element-6e39cf8 elementor-section-boxed elementor-section-height-default elementor-section-height-default\" data-id=\"6e39cf8\" data-element_type=\"section\" data-e-type=\"section\">\n\t\t\t\t\t\t<div class=\"elementor-container elementor-column-gap-default\">\n\t\t\t\t\t<div class=\"elementor-column elementor-col-66 elementor-top-column elementor-element elementor-element-54b7221\" data-id=\"54b7221\" data-element_type=\"column\" data-e-type=\"column\">\n\t\t\t<div class=\"elementor-widget-wrap elementor-element-populated\">\n\t\t\t\t\t\t<div class=\"elementor-element elementor-element-e81d27d elementor-widget elementor-widget-text-editor\" data-id=\"e81d27d\" data-element_type=\"widget\" data-e-type=\"widget\" data-widget_type=\"text-editor.default\">\n\t\t\t\t<div class=\"elementor-widget-container\">\n\t\t\t\t\t\t\t\t\t<p style=\"text-align: justify;\">Lors de leur d\u00e9m\u00e9nagement \u00e0 Boechout en 1876 les Fr\u00e8res Alexiens (ou Cellites) ont laiss\u00e9 un superbe tableau \u00e0 leur ancienne \u00e9glise paroissiale en guise d\u2019adieu\u00a0: \u2018<em>Sainte Vierge \u00e0 l\u2019Enfant-J\u00e9sus, dans une couronne de fleurs\u2019<\/em>. Puisse ce panneau haut en couleurs, peut-\u00eatre d\u2019Andries Danneels, 1<sup>i\u00e8re<\/sup>\u00a0moiti\u00e9 du XVII<sup>e\u00a0<\/sup>si\u00e8cle, dans le d\u00e9ambulatoire nord, entretenir la m\u00e9moire du d\u00e9vouement de ces gardes-malade g\u00e9n\u00e9reux au sein de la ville d\u2019Anvers pendant pr\u00e8s de 500 ans. En 1345 Hendrik Suderman avait mis une maison \u00e0 la disposition de ces fr\u00e8res lais, des itin\u00e9rants au d\u00e9part. Celle-ci se situait \u00e0 hauteur de l\u2019actuelle Sudermanstraat. Les Alexiens se chargeaient des enterrements. Vu le risque de contagion lors des \u00e9pid\u00e9mies de peste ils furent press\u00e9s de s\u2019\u00e9tablir en dehors du centre populeux de la ville. La construction de leur nouveau couvent commence en 1546 dans la rue qui sera ensuite appel\u00e9e \u2018Cellebroedersstraat (rue des fr\u00e8res Cellites)\u2019. Pour cause d\u2019utilit\u00e9 publique ils peuvent poursuivre leurs activit\u00e9s fun\u00e9raires sous le r\u00e9gime calviniste, mais en tenue civile. Apr\u00e8s la p\u00e9riode fran\u00e7aise ils se r\u00e9installent \u00e0 la Jezusstraat toute proche et en 1852 ils y \u00e9tablissent un nouvel asile pour ali\u00e9n\u00e9s masculins.<\/p>\n<p style=\"text-align: justify;\">Le XIX<sup>e\u00a0<\/sup>si\u00e8cle voit affluer dans l\u2019\u00e9glise nombre d\u2019\u0153uvres d\u2019arts en provenance de congr\u00e9gations qui n\u2019ont pas surv\u00e9cu au r\u00e9gime fran\u00e7ais. Deux tableaux de Gaspard de Crayer proviennent de l\u2019ancienne abbaye des cisterciennes de Nazareth-lez-Lierre (1652-55). Apr\u00e8s adaptation du format ils font office de volets au tableau du XVII<sup>e<\/sup>\u00a0si\u00e8cle au-dessus du portail m\u00e9ridional. Ces deux tableaux faisaient partie d\u2019une s\u00e9rie de 14 saints et saintes cisterciens qui d\u00e9coraient les murs de l\u2019\u00e9glise abbatiale. Ces deux religieuses-ci tiennent les mains crois\u00e9es sur la poitrine.<\/p>\n<p style=\"text-align: justify;\">\u00c0 gauche\u00a0: \u2018<em>La bienheureuse B\u00e9atrice de Nazareth contemple<\/em>\u00a0<em>en extase la Sainte Trinit\u00e9\u2019<\/em>. \u00c0 terre un des attributs de cette (pr\u00e9sum\u00e9e premi\u00e8re) abbesse de Nazareth (peu apr\u00e8s 1200-1268) est le c\u0153ur ardent de ses exaltations spirituelles. L\u2019Amour divin parfait, dans lequel son \u00e2me se consume de fa\u00e7on mystique, et tel qu\u2019elle l\u2019a d\u00e9crit dans son petit trait\u00e9 \u2018Seven manieren van minnen\u2019 (des sept fa\u00e7ons d\u2019aimer), fut visualis\u00e9 par la Sainte Trinit\u00e9 lors de la Contre-R\u00e9forme.<\/p>\n<p style=\"text-align: justify;\">\u00c0 droite\u00a0: \u2018S<em>ainte Th\u00e9r\u00e8se du Portugal couronn\u00e9e par le Christ\u2019<\/em>. Apr\u00e8s la dissolution de son mariage d\u2019avec le roi du Portugal cette princesse (ca.1178-1250) entra au couvent de Lorv\u00e2o et le r\u00e9forma en une communaut\u00e9 de cisterciennes. Le geste repr\u00e9sent\u00e9 est d\u00e8s lors lourd de symboles\u00a0: en lieu et place de la couronne royale qu\u2019elle a perdue, Th\u00e9r\u00e8se est ceinte de la couronne de mari\u00e9e par son nouvel \u2018\u00c9poux\u2019, le Christ ressuscit\u00e9.<\/p>\n<p style=\"text-align: justify;\">Ailleurs on retrouve l\u2019\u00e9pitaphe en marbre du jeune chartreux, originaire du couvent des chartreux. Cependant l\u2019origine n\u2019est pas connue du \u2018<em>Saint Norbert<\/em>\u2018 (adoss\u00e9 au pilier sud de la tour) avec, dans le fond, la c\u00e9l\u00e8bre abbaye Saint-Michel des Norbertins \u00e0 Anvers.<\/p>\n\t\t\t\t\t\t\t\t<\/div>\n\t\t\t\t<\/div>\n\t\t\t\t<section class=\"elementor-section elementor-inner-section elementor-element elementor-element-8f2df1c elementor-section-boxed elementor-section-height-default elementor-section-height-default\" data-id=\"8f2df1c\" data-element_type=\"section\" data-e-type=\"section\">\n\t\t\t\t\t\t<div class=\"elementor-container elementor-column-gap-default\">\n\t\t\t\t\t<div class=\"elementor-column elementor-col-50 elementor-inner-column elementor-element elementor-element-b1a455a\" data-id=\"b1a455a\" data-element_type=\"column\" data-e-type=\"column\">\n\t\t\t<div class=\"elementor-widget-wrap elementor-element-populated\">\n\t\t\t\t\t\t<div class=\"elementor-element elementor-element-a23e800 elementor-align-center elementor-widget elementor-widget-button\" data-id=\"a23e800\" data-element_type=\"widget\" data-e-type=\"widget\" data-widget_type=\"button.default\">\n\t\t\t\t<div class=\"elementor-widget-container\">\n\t\t\t\t\t\t\t\t\t<div class=\"elementor-button-wrapper\">\n\t\t\t\t\t<a class=\"elementor-button elementor-button-link elementor-size-sm\" href=\"https:\/\/topa.be\/fr\/sint-jacob\/beschrijving\/grafkapellen\/\">\n\t\t\t\t\t\t<span class=\"elementor-button-content-wrapper\">\n\t\t\t\t\t\t\t\t\t<span class=\"elementor-button-text\">Les chapelles fun\u00e9raires<\/span>\n\t\t\t\t\t<\/span>\n\t\t\t\t\t<\/a>\n\t\t\t\t<\/div>\n\t\t\t\t\t\t\t\t<\/div>\n\t\t\t\t<\/div>\n\t\t\t\t\t<\/div>\n\t\t<\/div>\n\t\t\t\t<div class=\"elementor-column elementor-col-50 elementor-inner-column elementor-element elementor-element-114d725\" data-id=\"114d725\" data-element_type=\"column\" data-e-type=\"column\">\n\t\t\t<div class=\"elementor-widget-wrap elementor-element-populated\">\n\t\t\t\t\t\t<div class=\"elementor-element elementor-element-07b16e8 elementor-align-center elementor-widget elementor-widget-button\" data-id=\"07b16e8\" data-element_type=\"widget\" data-e-type=\"widget\" data-widget_type=\"button.default\">\n\t\t\t\t<div class=\"elementor-widget-container\">\n\t\t\t\t\t\t\t\t\t<div class=\"elementor-button-wrapper\">\n\t\t\t\t\t<a class=\"elementor-button elementor-button-link elementor-size-sm\" href=\"https:\/\/topa.be\/fr\/sint-jacob\/beschrijving\/schatkamer\/\">\n\t\t\t\t\t\t<span class=\"elementor-button-content-wrapper\">\n\t\t\t\t\t\t\t\t\t<span class=\"elementor-button-text\">Le tr\u00e9sor<\/span>\n\t\t\t\t\t<\/span>\n\t\t\t\t\t<\/a>\n\t\t\t\t<\/div>\n\t\t\t\t\t\t\t\t<\/div>\n\t\t\t\t<\/div>\n\t\t\t\t\t<\/div>\n\t\t<\/div>\n\t\t\t\t\t<\/div>\n\t\t<\/section>\n\t\t\t\t\t<\/div>\n\t\t<\/div>\n\t\t\t\t<div class=\"elementor-column elementor-col-33 elementor-top-column elementor-element elementor-element-1f0b784\" data-id=\"1f0b784\" data-element_type=\"column\" data-e-type=\"column\">\n\t\t\t<div class=\"elementor-widget-wrap elementor-element-populated\">\n\t\t\t\t\t\t<div class=\"elementor-element elementor-element-d233a13 elementor-widget elementor-widget-image\" data-id=\"d233a13\" data-element_type=\"widget\" data-e-type=\"widget\" data-widget_type=\"image.default\">\n\t\t\t\t<div class=\"elementor-widget-container\">\n\t\t\t\t\t\t\t\t\t\t\t\t\t\t\t<img fetchpriority=\"high\" decoding=\"async\" width=\"800\" height=\"800\" src=\"https:\/\/topa.be\/wp-content\/uploads\/Sint-Jakob-1024x1024.jpg\" class=\"attachment-large size-large wp-image-29872\" alt=\"\" srcset=\"https:\/\/topa.be\/wp-content\/uploads\/Sint-Jakob.jpg 1024w, https:\/\/topa.be\/wp-content\/uploads\/Sint-Jakob-300x300.jpg 300w, https:\/\/topa.be\/wp-content\/uploads\/Sint-Jakob-200x200.jpg 200w, https:\/\/topa.be\/wp-content\/uploads\/Sint-Jakob-768x768.jpg 768w\" sizes=\"(max-width: 800px) 100vw, 800px\" \/>\t\t\t\t\t\t\t\t\t\t\t\t\t\t\t<\/div>\n\t\t\t\t<\/div>\n\t\t\t\t<div class=\"elementor-element elementor-element-873f933 elementor-widget elementor-widget-wp-widget-nav_menu\" data-id=\"873f933\" data-element_type=\"widget\" data-e-type=\"widget\" data-widget_type=\"wp-widget-nav_menu.default\">\n\t\t\t\t<div class=\"elementor-widget-container\">\n\t\t\t\t\t<nav class=\"menu-syllabus-sint-jacob-frans-container\" aria-label=\"Menu\"><ul id=\"menu-syllabus-sint-jacob-frans\" class=\"menu\"><li id=\"menu-item-59891\" class=\"menu-item menu-item-type-post_type menu-item-object-page menu-item-59891\"><a href=\"https:\/\/topa.be\/fr\/sint-jacob\/\">\u00c9glise Saint-Jacques<\/a><\/li>\n<li id=\"menu-item-61181\" class=\"menu-item menu-item-type-post_type menu-item-object-page menu-item-has-children menu-item-61181\"><a href=\"https:\/\/topa.be\/fr\/sint-jacob\/beschrijving\/\">Histoire &#038; Description<\/a>\n<ul class=\"sub-menu\">\n\t<li id=\"menu-item-59892\" class=\"menu-item menu-item-type-post_type menu-item-object-page menu-item-59892\"><a href=\"https:\/\/topa.be\/fr\/sint-jacob\/beschrijving\/inleiding\/\">Introduction<\/a><\/li>\n\t<li id=\"menu-item-59893\" class=\"menu-item menu-item-type-post_type menu-item-object-page menu-item-59893\"><a href=\"https:\/\/topa.be\/fr\/sint-jacob\/beschrijving\/patroonheilige\/\">Saint Jacques le Majeur<\/a><\/li>\n\t<li id=\"menu-item-59894\" class=\"menu-item menu-item-type-post_type menu-item-object-page menu-item-59894\"><a href=\"https:\/\/topa.be\/fr\/sint-jacob\/beschrijving\/compostella\/\">Le Chemin de Compostelle<\/a><\/li>\n\t<li id=\"menu-item-59895\" class=\"menu-item menu-item-type-post_type menu-item-object-page menu-item-59895\"><a href=\"https:\/\/topa.be\/fr\/sint-jacob\/beschrijving\/historische-context\/\">Contexte historique<\/a><\/li>\n\t<li id=\"menu-item-59896\" class=\"menu-item menu-item-type-post_type menu-item-object-page menu-item-59896\"><a href=\"https:\/\/topa.be\/fr\/sint-jacob\/beschrijving\/bouwgeschiedenis\/\">Un chantier s\u00e9culaire<\/a><\/li>\n\t<li id=\"menu-item-59897\" class=\"menu-item menu-item-type-post_type menu-item-object-page menu-item-59897\"><a href=\"https:\/\/topa.be\/fr\/sint-jacob\/beschrijving\/toren\/\">La Tour<\/a><\/li>\n\t<li id=\"menu-item-59898\" class=\"menu-item menu-item-type-post_type menu-item-object-page menu-item-59898\"><a href=\"https:\/\/topa.be\/fr\/sint-jacob\/beschrijving\/architectuur\/\">L\u2019architecture<\/a><\/li>\n\t<li id=\"menu-item-59899\" class=\"menu-item menu-item-type-post_type menu-item-object-page menu-item-59899\"><a href=\"https:\/\/topa.be\/fr\/sint-jacob\/beschrijving\/grondplan\/\">Le plan<\/a><\/li>\n\t<li id=\"menu-item-59900\" class=\"menu-item menu-item-type-post_type menu-item-object-page menu-item-59900\"><a href=\"https:\/\/topa.be\/fr\/sint-jacob\/beschrijving\/parochiekerk\/\">Une \u00e9glise paroissiale<\/a><\/li>\n\t<li id=\"menu-item-59901\" class=\"menu-item menu-item-type-post_type menu-item-object-page menu-item-59901\"><a href=\"https:\/\/topa.be\/fr\/sint-jacob\/beschrijving\/mariakapel\/\">La chapelle Mariale<\/a><\/li>\n\t<li id=\"menu-item-59902\" class=\"menu-item menu-item-type-post_type menu-item-object-page menu-item-59902\"><a href=\"https:\/\/topa.be\/fr\/sint-jacob\/beschrijving\/venerabelkapel\/\">La chapelle du Saint Sacrement<\/a><\/li>\n\t<li id=\"menu-item-59903\" class=\"menu-item menu-item-type-post_type menu-item-object-page menu-item-59903\"><a href=\"https:\/\/topa.be\/fr\/sint-jacob\/beschrijving\/trouwkapel\/\">La chapelle de mariage<\/a><\/li>\n\t<li id=\"menu-item-59904\" class=\"menu-item menu-item-type-post_type menu-item-object-page menu-item-59904\"><a href=\"https:\/\/topa.be\/fr\/sint-jacob\/beschrijving\/hoogkoor\/\">Un ch\u0153ur pour les chanoines<\/a><\/li>\n\t<li id=\"menu-item-59905\" class=\"menu-item menu-item-type-post_type menu-item-object-page menu-item-has-children menu-item-59905\"><a href=\"https:\/\/topa.be\/fr\/sint-jacob\/beschrijving\/kapellen\/\">Confr\u00e9ries et des corporations<\/a>\n\t<ul class=\"sub-menu\">\n\t\t<li id=\"menu-item-59906\" class=\"menu-item menu-item-type-post_type menu-item-object-page menu-item-59906\"><a href=\"https:\/\/topa.be\/fr\/sint-jacob\/beschrijving\/kapellen\/sint-rochus\/\">Les panneaux Saint-Roch<\/a><\/li>\n\t<\/ul>\n<\/li>\n\t<li id=\"menu-item-59907\" class=\"menu-item menu-item-type-post_type menu-item-object-page menu-item-59907\"><a href=\"https:\/\/topa.be\/fr\/sint-jacob\/beschrijving\/rustplaats\/\">Un lieu de repos pour les d\u00e9funts<\/a><\/li>\n\t<li id=\"menu-item-59908\" class=\"menu-item menu-item-type-post_type menu-item-object-page menu-item-59908\"><a href=\"https:\/\/topa.be\/fr\/sint-jacob\/beschrijving\/grafkapellen\/\">Les chapelles fun\u00e9raires<\/a><\/li>\n\t<li id=\"menu-item-59909\" class=\"menu-item menu-item-type-post_type menu-item-object-page menu-item-59909\"><a href=\"https:\/\/topa.be\/fr\/sint-jacob\/beschrijving\/relicten\/\">Reliquats de couvents disparus<\/a><\/li>\n\t<li id=\"menu-item-59910\" class=\"menu-item menu-item-type-post_type menu-item-object-page menu-item-59910\"><a href=\"https:\/\/topa.be\/fr\/sint-jacob\/beschrijving\/schatkamer\/\">La salle du tr\u00e9sor<\/a><\/li>\n\t<li id=\"menu-item-59911\" class=\"menu-item menu-item-type-post_type menu-item-object-page menu-item-59911\"><a href=\"https:\/\/topa.be\/fr\/sint-jacob\/beschrijving\/bibliografie\/\">Bibliographie<\/a><\/li>\n<\/ul>\n<\/li>\n<\/ul><\/nav>\t\t\t\t<\/div>\n\t\t\t\t<\/div>\n\t\t\t\t\t<\/div>\n\t\t<\/div>\n\t\t\t\t\t<\/div>\n\t\t<\/section>\n\t\t\t\t<\/div>\n\t\t","protected":false},"excerpt":{"rendered":"<p>Une clef pour l\u2019\u00e9glise Saint-Jacques \u00e0 Anvers. Reliquats des couvents disparus Lors de leur d\u00e9m\u00e9nagement \u00e0 Boechout en 1876 les Fr\u00e8res Alexiens (ou Cellites) ont laiss\u00e9 un superbe tableau \u00e0 leur ancienne \u00e9glise paroissiale en guise d\u2019adieu\u00a0: \u2018Sainte Vierge \u00e0 l\u2019Enfant-J\u00e9sus, dans une couronne de fleurs\u2019. Puisse ce panneau haut en couleurs, peut-\u00eatre d\u2019Andries Danneels, [&hellip;]<\/p>\n","protected":false},"author":16,"featured_media":0,"parent":37557,"menu_order":170,"comment_status":"closed","ping_status":"closed","template":"","meta":{"footnotes":""},"class_list":["post-39307","page","type-page","status-publish","hentry"],"aioseo_notices":[],"_links":{"self":[{"href":"https:\/\/topa.be\/fr\/wp-json\/wp\/v2\/pages\/39307","targetHints":{"allow":["GET"]}}],"collection":[{"href":"https:\/\/topa.be\/fr\/wp-json\/wp\/v2\/pages"}],"about":[{"href":"https:\/\/topa.be\/fr\/wp-json\/wp\/v2\/types\/page"}],"author":[{"embeddable":true,"href":"https:\/\/topa.be\/fr\/wp-json\/wp\/v2\/users\/16"}],"replies":[{"embeddable":true,"href":"https:\/\/topa.be\/fr\/wp-json\/wp\/v2\/comments?post=39307"}],"version-history":[{"count":3,"href":"https:\/\/topa.be\/fr\/wp-json\/wp\/v2\/pages\/39307\/revisions"}],"predecessor-version":[{"id":45865,"href":"https:\/\/topa.be\/fr\/wp-json\/wp\/v2\/pages\/39307\/revisions\/45865"}],"up":[{"embeddable":true,"href":"https:\/\/topa.be\/fr\/wp-json\/wp\/v2\/pages\/37557"}],"wp:attachment":[{"href":"https:\/\/topa.be\/fr\/wp-json\/wp\/v2\/media?parent=39307"}],"curies":[{"name":"wp","href":"https:\/\/api.w.org\/{rel}","templated":true}]}}