{"id":39305,"date":"2021-06-07T13:41:08","date_gmt":"2021-06-07T11:41:08","guid":{"rendered":"http:\/\/topa.be\/sint-jacob\/beschrijving\/schatkamer\/"},"modified":"2021-07-19T14:23:20","modified_gmt":"2021-07-19T12:23:20","slug":"schatkamer","status":"publish","type":"page","link":"https:\/\/topa.be\/fr\/sint-jacob\/beschrijving\/schatkamer\/","title":{"rendered":"SJK La salle du tr\u00e9sor"},"content":{"rendered":"\t\t<div data-elementor-type=\"wp-page\" data-elementor-id=\"39305\" class=\"elementor elementor-39305 elementor-33887\" data-elementor-post-type=\"page\">\n\t\t\t\t\t\t<section class=\"elementor-section elementor-top-section elementor-element elementor-element-ed030d0 elementor-section-boxed elementor-section-height-default elementor-section-height-default\" data-id=\"ed030d0\" data-element_type=\"section\" data-e-type=\"section\">\n\t\t\t\t\t\t<div class=\"elementor-container elementor-column-gap-default\">\n\t\t\t\t\t<div class=\"elementor-column elementor-col-100 elementor-top-column elementor-element elementor-element-53493cd\" data-id=\"53493cd\" data-element_type=\"column\" data-e-type=\"column\">\n\t\t\t<div class=\"elementor-widget-wrap elementor-element-populated\">\n\t\t\t\t\t\t<div class=\"elementor-element elementor-element-b88fbe0 elementor-widget elementor-widget-heading\" data-id=\"b88fbe0\" data-element_type=\"widget\" data-e-type=\"widget\" data-widget_type=\"heading.default\">\n\t\t\t\t<div class=\"elementor-widget-container\">\n\t\t\t\t\t<h2 class=\"elementor-heading-title elementor-size-default\">Une clef pour l\u2019\u00e9glise Saint-Jacques \u00e0 Anvers.<\/h2>\t\t\t\t<\/div>\n\t\t\t\t<\/div>\n\t\t\t\t\t<\/div>\n\t\t<\/div>\n\t\t\t\t\t<\/div>\n\t\t<\/section>\n\t\t\t\t<section class=\"elementor-section elementor-top-section elementor-element elementor-element-8e9d88c elementor-section-boxed elementor-section-height-default elementor-section-height-default\" data-id=\"8e9d88c\" data-element_type=\"section\" data-e-type=\"section\">\n\t\t\t\t\t\t<div class=\"elementor-container elementor-column-gap-default\">\n\t\t\t\t\t<div class=\"elementor-column elementor-col-100 elementor-top-column elementor-element elementor-element-642f88a\" data-id=\"642f88a\" data-element_type=\"column\" data-e-type=\"column\">\n\t\t\t<div class=\"elementor-widget-wrap elementor-element-populated\">\n\t\t\t\t\t\t<div class=\"elementor-element elementor-element-674fd51 elementor-widget elementor-widget-heading\" data-id=\"674fd51\" data-element_type=\"widget\" data-e-type=\"widget\" data-widget_type=\"heading.default\">\n\t\t\t\t<div class=\"elementor-widget-container\">\n\t\t\t\t\t<h1 class=\"elementor-heading-title elementor-size-default\">Le tr\u00e9sor<\/h1>\t\t\t\t<\/div>\n\t\t\t\t<\/div>\n\t\t\t\t\t<\/div>\n\t\t<\/div>\n\t\t\t\t\t<\/div>\n\t\t<\/section>\n\t\t\t\t<section class=\"elementor-section elementor-top-section elementor-element elementor-element-2827a65 elementor-section-boxed elementor-section-height-default elementor-section-height-default\" data-id=\"2827a65\" data-element_type=\"section\" data-e-type=\"section\">\n\t\t\t\t\t\t<div class=\"elementor-container elementor-column-gap-default\">\n\t\t\t\t\t<div class=\"elementor-column elementor-col-66 elementor-top-column elementor-element elementor-element-03b5469\" data-id=\"03b5469\" data-element_type=\"column\" data-e-type=\"column\">\n\t\t\t<div class=\"elementor-widget-wrap elementor-element-populated\">\n\t\t\t\t\t\t<div class=\"elementor-element elementor-element-7a1eb0a elementor-widget elementor-widget-text-editor\" data-id=\"7a1eb0a\" data-element_type=\"widget\" data-e-type=\"widget\" data-widget_type=\"text-editor.default\">\n\t\t\t\t<div class=\"elementor-widget-container\">\n\t\t\t\t\t\t\t\t\t<p style=\"text-align: justify;\">Le tr\u00e9sor, inaugur\u00e9 en 2011, se concentre sur les objets liturgiques avec deux branches artistiques principales : le travail des m\u00e9taux pr\u00e9cieux, notamment les calices, les ciboires, les ostensoirs, les boucliers flamboyants et les reliquaires, et les textiles tels que les chasubles et les antependia.<\/p>\n\t\t\t\t\t\t\t\t<\/div>\n\t\t\t\t<\/div>\n\t\t\t\t<div class=\"elementor-element elementor-element-3b70557 elementor-widget elementor-widget-heading\" data-id=\"3b70557\" data-element_type=\"widget\" data-e-type=\"widget\" data-widget_type=\"heading.default\">\n\t\t\t\t<div class=\"elementor-widget-container\">\n\t\t\t\t\t<h3 class=\"elementor-heading-title elementor-size-default\">\u2018Notre-Dame \u00e0 l\u2019encrier\u2019<\/h3>\t\t\t\t<\/div>\n\t\t\t\t<\/div>\n\t\t\t\t<div class=\"elementor-element elementor-element-3035340 elementor-widget elementor-widget-text-editor\" data-id=\"3035340\" data-element_type=\"widget\" data-e-type=\"widget\" data-widget_type=\"text-editor.default\">\n\t\t\t\t<div class=\"elementor-widget-container\">\n\t\t\t\t\t\t\t\t\t<p style=\"text-align: justify;\">Cette statuette malinoise anonyme (XVI<sup>e\u00a0<\/sup>si\u00e8cle) est une repr\u00e9sentation symbolique du Salut\u00a0: Marie tient le jugement condamnant l\u2019humanit\u00e9 \u00e0 la damnation perp\u00e9tuelle en main, tout en tenant un encrier dans lequel le Sauveur va tremper sa plume pour effacer ce jugement. La repr\u00e9sentation est bas\u00e9e sur une comparaison que saint Paul fait dans sa lettre aux Colossiens (2:14)\u00a0: \u00ab\u00a0<em>Il a effac\u00e9, au d\u00e9triment des ordonnances l\u00e9gales, la c\u00e9dule de notre dette, qui nous \u00e9tait contraire ; il l\u2019a supprim\u00e9e en la clouant \u00e0 la croix\u00a0<\/em>\u00bb. Une pr\u00e9cision du vers pr\u00e9c\u00e9dent\u00a0: \u00ab\u00a0<em>Il nous a pardonn\u00e9 toutes nos fautes<\/em>\u00a0\u00bb.<\/p>\n\t\t\t\t\t\t\t\t<\/div>\n\t\t\t\t<\/div>\n\t\t\t\t<div class=\"elementor-element elementor-element-b9c9cdc elementor-widget elementor-widget-heading\" data-id=\"b9c9cdc\" data-element_type=\"widget\" data-e-type=\"widget\" data-widget_type=\"heading.default\">\n\t\t\t\t<div class=\"elementor-widget-container\">\n\t\t\t\t\t<h3 class=\"elementor-heading-title elementor-size-default\">L\u2019ostensoir en soleil rayonnant (Catalogne ?, XVIIIe si\u00e8cle)<\/h3>\t\t\t\t<\/div>\n\t\t\t\t<\/div>\n\t\t\t\t<div class=\"elementor-element elementor-element-a56da6e elementor-widget elementor-widget-text-editor\" data-id=\"a56da6e\" data-element_type=\"widget\" data-e-type=\"widget\" data-widget_type=\"text-editor.default\">\n\t\t\t\t<div class=\"elementor-widget-container\">\n\t\t\t\t\t\t\t\t\t<p style=\"text-align: justify;\">L\u2019\u00e9clat de la pr\u00e9sence de J\u00e9sus dans l\u2019Eucharistie n\u2019est-il pas mieux rendu qu\u2019ici o\u00f9 l\u2019or et l\u2019argent des rayons sont sertis d\u2019innombrables diamants\u00a0?<\/p>\n\t\t\t\t\t\t\t\t<\/div>\n\t\t\t\t<\/div>\n\t\t\t\t<div class=\"elementor-element elementor-element-e4288d1 elementor-widget elementor-widget-heading\" data-id=\"e4288d1\" data-element_type=\"widget\" data-e-type=\"widget\" data-widget_type=\"heading.default\">\n\t\t\t\t<div class=\"elementor-widget-container\">\n\t\t\t\t\t<h3 class=\"elementor-heading-title elementor-size-default\">L\u2019ostensoir en soleil rayonnant, Jan Moerman (1639)<\/h3>\t\t\t\t<\/div>\n\t\t\t\t<\/div>\n\t\t\t\t<div class=\"elementor-element elementor-element-5d9b699 elementor-widget elementor-widget-text-editor\" data-id=\"5d9b699\" data-element_type=\"widget\" data-e-type=\"widget\" data-widget_type=\"text-editor.default\">\n\t\t\t\t<div class=\"elementor-widget-container\">\n\t\t\t\t\t\t\t\t\t<p style=\"text-align: justify;\">Cet ostensoir d\u2019argent dor\u00e9 souligne le fait que J\u00e9sus est pr\u00e9sent dans l\u2019hostie consacr\u00e9e et qu\u2019Il est consid\u00e9r\u00e9 \u00e0 juste raison comme \u00e9tant \u2018le Pain Vivant\u2019 (Jn. 6:51) c.\u00e0.d. par des \u00e9pis de bl\u00e9 tangibles, dont les grains sont faits de perles.<\/p>\n\t\t\t\t\t\t\t\t<\/div>\n\t\t\t\t<\/div>\n\t\t\t\t<section class=\"elementor-section elementor-inner-section elementor-element elementor-element-02d65df elementor-section-boxed elementor-section-height-default elementor-section-height-default\" data-id=\"02d65df\" data-element_type=\"section\" data-e-type=\"section\">\n\t\t\t\t\t\t<div class=\"elementor-container elementor-column-gap-default\">\n\t\t\t\t\t<div class=\"elementor-column elementor-col-50 elementor-inner-column elementor-element elementor-element-95d27f9\" data-id=\"95d27f9\" data-element_type=\"column\" data-e-type=\"column\">\n\t\t\t<div class=\"elementor-widget-wrap elementor-element-populated\">\n\t\t\t\t\t\t<div class=\"elementor-element elementor-element-5bbe17b elementor-align-center elementor-widget elementor-widget-button\" data-id=\"5bbe17b\" data-element_type=\"widget\" data-e-type=\"widget\" data-widget_type=\"button.default\">\n\t\t\t\t<div class=\"elementor-widget-container\">\n\t\t\t\t\t\t\t\t\t<div class=\"elementor-button-wrapper\">\n\t\t\t\t\t<a class=\"elementor-button elementor-button-link elementor-size-sm\" href=\"https:\/\/topa.be\/fr\/sint-jacob\/beschrijving\/relicten\/\">\n\t\t\t\t\t\t<span class=\"elementor-button-content-wrapper\">\n\t\t\t\t\t\t\t\t\t<span class=\"elementor-button-text\">Reliquats des couvents disparus<\/span>\n\t\t\t\t\t<\/span>\n\t\t\t\t\t<\/a>\n\t\t\t\t<\/div>\n\t\t\t\t\t\t\t\t<\/div>\n\t\t\t\t<\/div>\n\t\t\t\t\t<\/div>\n\t\t<\/div>\n\t\t\t\t<div class=\"elementor-column elementor-col-50 elementor-inner-column elementor-element elementor-element-14499d0\" data-id=\"14499d0\" data-element_type=\"column\" data-e-type=\"column\">\n\t\t\t<div class=\"elementor-widget-wrap elementor-element-populated\">\n\t\t\t\t\t\t<div class=\"elementor-element elementor-element-caa0fc4 elementor-align-center elementor-widget elementor-widget-button\" data-id=\"caa0fc4\" data-element_type=\"widget\" data-e-type=\"widget\" data-widget_type=\"button.default\">\n\t\t\t\t<div class=\"elementor-widget-container\">\n\t\t\t\t\t\t\t\t\t<div class=\"elementor-button-wrapper\">\n\t\t\t\t\t<a class=\"elementor-button elementor-button-link elementor-size-sm\" href=\"https:\/\/topa.be\/fr\/sint-jacob\/beschrijving\/bibliografie\/\">\n\t\t\t\t\t\t<span class=\"elementor-button-content-wrapper\">\n\t\t\t\t\t\t\t\t\t<span class=\"elementor-button-text\">Bibliographie<\/span>\n\t\t\t\t\t<\/span>\n\t\t\t\t\t<\/a>\n\t\t\t\t<\/div>\n\t\t\t\t\t\t\t\t<\/div>\n\t\t\t\t<\/div>\n\t\t\t\t\t<\/div>\n\t\t<\/div>\n\t\t\t\t\t<\/div>\n\t\t<\/section>\n\t\t\t\t\t<\/div>\n\t\t<\/div>\n\t\t\t\t<div class=\"elementor-column elementor-col-33 elementor-top-column elementor-element elementor-element-0017b45\" data-id=\"0017b45\" data-element_type=\"column\" data-e-type=\"column\">\n\t\t\t<div class=\"elementor-widget-wrap elementor-element-populated\">\n\t\t\t\t\t\t<div class=\"elementor-element elementor-element-ad0e515 elementor-widget elementor-widget-image\" data-id=\"ad0e515\" data-element_type=\"widget\" data-e-type=\"widget\" data-widget_type=\"image.default\">\n\t\t\t\t<div class=\"elementor-widget-container\">\n\t\t\t\t\t\t\t\t\t\t\t\t\t\t\t<img fetchpriority=\"high\" decoding=\"async\" width=\"800\" height=\"800\" src=\"https:\/\/topa.be\/wp-content\/uploads\/Sint-Jakob-1024x1024.jpg\" class=\"attachment-large size-large wp-image-29872\" alt=\"\" srcset=\"https:\/\/topa.be\/wp-content\/uploads\/Sint-Jakob.jpg 1024w, https:\/\/topa.be\/wp-content\/uploads\/Sint-Jakob-300x300.jpg 300w, https:\/\/topa.be\/wp-content\/uploads\/Sint-Jakob-200x200.jpg 200w, https:\/\/topa.be\/wp-content\/uploads\/Sint-Jakob-768x768.jpg 768w\" sizes=\"(max-width: 800px) 100vw, 800px\" \/>\t\t\t\t\t\t\t\t\t\t\t\t\t\t\t<\/div>\n\t\t\t\t<\/div>\n\t\t\t\t<div class=\"elementor-element elementor-element-fda9d49 elementor-widget elementor-widget-wp-widget-nav_menu\" data-id=\"fda9d49\" data-element_type=\"widget\" data-e-type=\"widget\" data-widget_type=\"wp-widget-nav_menu.default\">\n\t\t\t\t<div class=\"elementor-widget-container\">\n\t\t\t\t\t<nav class=\"menu-syllabus-sint-jacob-frans-container\" aria-label=\"Menu\"><ul id=\"menu-syllabus-sint-jacob-frans\" class=\"menu\"><li id=\"menu-item-59891\" class=\"menu-item menu-item-type-post_type menu-item-object-page menu-item-59891\"><a href=\"https:\/\/topa.be\/fr\/sint-jacob\/\">\u00c9glise Saint-Jacques<\/a><\/li>\n<li id=\"menu-item-61181\" class=\"menu-item menu-item-type-post_type menu-item-object-page menu-item-has-children menu-item-61181\"><a href=\"https:\/\/topa.be\/fr\/sint-jacob\/beschrijving\/\">Histoire &#038; Description<\/a>\n<ul class=\"sub-menu\">\n\t<li id=\"menu-item-59892\" class=\"menu-item menu-item-type-post_type menu-item-object-page menu-item-59892\"><a href=\"https:\/\/topa.be\/fr\/sint-jacob\/beschrijving\/inleiding\/\">Introduction<\/a><\/li>\n\t<li id=\"menu-item-59893\" class=\"menu-item menu-item-type-post_type menu-item-object-page menu-item-59893\"><a href=\"https:\/\/topa.be\/fr\/sint-jacob\/beschrijving\/patroonheilige\/\">Saint Jacques le Majeur<\/a><\/li>\n\t<li id=\"menu-item-59894\" class=\"menu-item menu-item-type-post_type menu-item-object-page menu-item-59894\"><a href=\"https:\/\/topa.be\/fr\/sint-jacob\/beschrijving\/compostella\/\">Le Chemin de Compostelle<\/a><\/li>\n\t<li id=\"menu-item-59895\" class=\"menu-item menu-item-type-post_type menu-item-object-page menu-item-59895\"><a href=\"https:\/\/topa.be\/fr\/sint-jacob\/beschrijving\/historische-context\/\">Contexte historique<\/a><\/li>\n\t<li id=\"menu-item-59896\" class=\"menu-item menu-item-type-post_type menu-item-object-page menu-item-59896\"><a href=\"https:\/\/topa.be\/fr\/sint-jacob\/beschrijving\/bouwgeschiedenis\/\">Un chantier s\u00e9culaire<\/a><\/li>\n\t<li id=\"menu-item-59897\" class=\"menu-item menu-item-type-post_type menu-item-object-page menu-item-59897\"><a href=\"https:\/\/topa.be\/fr\/sint-jacob\/beschrijving\/toren\/\">La Tour<\/a><\/li>\n\t<li id=\"menu-item-59898\" class=\"menu-item menu-item-type-post_type menu-item-object-page menu-item-59898\"><a href=\"https:\/\/topa.be\/fr\/sint-jacob\/beschrijving\/architectuur\/\">L\u2019architecture<\/a><\/li>\n\t<li id=\"menu-item-59899\" class=\"menu-item menu-item-type-post_type menu-item-object-page menu-item-59899\"><a href=\"https:\/\/topa.be\/fr\/sint-jacob\/beschrijving\/grondplan\/\">Le plan<\/a><\/li>\n\t<li id=\"menu-item-59900\" class=\"menu-item menu-item-type-post_type menu-item-object-page menu-item-59900\"><a href=\"https:\/\/topa.be\/fr\/sint-jacob\/beschrijving\/parochiekerk\/\">Une \u00e9glise paroissiale<\/a><\/li>\n\t<li id=\"menu-item-59901\" class=\"menu-item menu-item-type-post_type menu-item-object-page menu-item-59901\"><a href=\"https:\/\/topa.be\/fr\/sint-jacob\/beschrijving\/mariakapel\/\">La chapelle Mariale<\/a><\/li>\n\t<li id=\"menu-item-59902\" class=\"menu-item menu-item-type-post_type menu-item-object-page menu-item-59902\"><a href=\"https:\/\/topa.be\/fr\/sint-jacob\/beschrijving\/venerabelkapel\/\">La chapelle du Saint Sacrement<\/a><\/li>\n\t<li id=\"menu-item-59903\" class=\"menu-item menu-item-type-post_type menu-item-object-page menu-item-59903\"><a href=\"https:\/\/topa.be\/fr\/sint-jacob\/beschrijving\/trouwkapel\/\">La chapelle de mariage<\/a><\/li>\n\t<li id=\"menu-item-59904\" class=\"menu-item menu-item-type-post_type menu-item-object-page menu-item-59904\"><a href=\"https:\/\/topa.be\/fr\/sint-jacob\/beschrijving\/hoogkoor\/\">Un ch\u0153ur pour les chanoines<\/a><\/li>\n\t<li id=\"menu-item-59905\" class=\"menu-item menu-item-type-post_type menu-item-object-page menu-item-has-children menu-item-59905\"><a href=\"https:\/\/topa.be\/fr\/sint-jacob\/beschrijving\/kapellen\/\">Confr\u00e9ries et des corporations<\/a>\n\t<ul class=\"sub-menu\">\n\t\t<li id=\"menu-item-59906\" class=\"menu-item menu-item-type-post_type menu-item-object-page menu-item-59906\"><a href=\"https:\/\/topa.be\/fr\/sint-jacob\/beschrijving\/kapellen\/sint-rochus\/\">Les panneaux Saint-Roch<\/a><\/li>\n\t<\/ul>\n<\/li>\n\t<li id=\"menu-item-59907\" class=\"menu-item menu-item-type-post_type menu-item-object-page menu-item-59907\"><a href=\"https:\/\/topa.be\/fr\/sint-jacob\/beschrijving\/rustplaats\/\">Un lieu de repos pour les d\u00e9funts<\/a><\/li>\n\t<li id=\"menu-item-59908\" class=\"menu-item menu-item-type-post_type menu-item-object-page menu-item-59908\"><a href=\"https:\/\/topa.be\/fr\/sint-jacob\/beschrijving\/grafkapellen\/\">Les chapelles fun\u00e9raires<\/a><\/li>\n\t<li id=\"menu-item-59909\" class=\"menu-item menu-item-type-post_type menu-item-object-page menu-item-59909\"><a href=\"https:\/\/topa.be\/fr\/sint-jacob\/beschrijving\/relicten\/\">Reliquats de couvents disparus<\/a><\/li>\n\t<li id=\"menu-item-59910\" class=\"menu-item menu-item-type-post_type menu-item-object-page menu-item-59910\"><a href=\"https:\/\/topa.be\/fr\/sint-jacob\/beschrijving\/schatkamer\/\">La salle du tr\u00e9sor<\/a><\/li>\n\t<li id=\"menu-item-59911\" class=\"menu-item menu-item-type-post_type menu-item-object-page menu-item-59911\"><a href=\"https:\/\/topa.be\/fr\/sint-jacob\/beschrijving\/bibliografie\/\">Bibliographie<\/a><\/li>\n<\/ul>\n<\/li>\n<\/ul><\/nav>\t\t\t\t<\/div>\n\t\t\t\t<\/div>\n\t\t\t\t\t<\/div>\n\t\t<\/div>\n\t\t\t\t\t<\/div>\n\t\t<\/section>\n\t\t\t\t<\/div>\n\t\t","protected":false},"excerpt":{"rendered":"<p>Une clef pour l\u2019\u00e9glise Saint-Jacques \u00e0 Anvers. Le tr\u00e9sor Le tr\u00e9sor, inaugur\u00e9 en 2011, se concentre sur les objets liturgiques avec deux branches artistiques principales : le travail des m\u00e9taux pr\u00e9cieux, notamment les calices, les ciboires, les ostensoirs, les boucliers flamboyants et les reliquaires, et les textiles tels que les chasubles et les antependia. \u2018Notre-Dame [&hellip;]<\/p>\n","protected":false},"author":16,"featured_media":0,"parent":37557,"menu_order":180,"comment_status":"closed","ping_status":"closed","template":"","meta":{"footnotes":""},"class_list":["post-39305","page","type-page","status-publish","hentry"],"aioseo_notices":[],"_links":{"self":[{"href":"https:\/\/topa.be\/fr\/wp-json\/wp\/v2\/pages\/39305","targetHints":{"allow":["GET"]}}],"collection":[{"href":"https:\/\/topa.be\/fr\/wp-json\/wp\/v2\/pages"}],"about":[{"href":"https:\/\/topa.be\/fr\/wp-json\/wp\/v2\/types\/page"}],"author":[{"embeddable":true,"href":"https:\/\/topa.be\/fr\/wp-json\/wp\/v2\/users\/16"}],"replies":[{"embeddable":true,"href":"https:\/\/topa.be\/fr\/wp-json\/wp\/v2\/comments?post=39305"}],"version-history":[{"count":3,"href":"https:\/\/topa.be\/fr\/wp-json\/wp\/v2\/pages\/39305\/revisions"}],"predecessor-version":[{"id":45866,"href":"https:\/\/topa.be\/fr\/wp-json\/wp\/v2\/pages\/39305\/revisions\/45866"}],"up":[{"embeddable":true,"href":"https:\/\/topa.be\/fr\/wp-json\/wp\/v2\/pages\/37557"}],"wp:attachment":[{"href":"https:\/\/topa.be\/fr\/wp-json\/wp\/v2\/media?parent=39305"}],"curies":[{"name":"wp","href":"https:\/\/api.w.org\/{rel}","templated":true}]}}