{"id":39191,"date":"2021-06-06T00:23:08","date_gmt":"2021-06-05T22:23:08","guid":{"rendered":"http:\/\/topa.be\/sint-carolus-borromeus\/beschrijving-2\/college\/"},"modified":"2021-07-19T14:15:02","modified_gmt":"2021-07-19T12:15:02","slug":"college","status":"publish","type":"page","link":"https:\/\/topa.be\/fr\/sint-carolus-borromeus\/beschrijving\/college\/","title":{"rendered":"SCB Le coll\u00e8ge"},"content":{"rendered":"\t\t<div data-elementor-type=\"wp-page\" data-elementor-id=\"39191\" class=\"elementor elementor-39191 elementor-33744\" data-elementor-post-type=\"page\">\n\t\t\t\t\t\t<section class=\"elementor-section elementor-top-section elementor-element elementor-element-0b3cfbe elementor-section-boxed elementor-section-height-default elementor-section-height-default\" data-id=\"0b3cfbe\" data-element_type=\"section\" data-e-type=\"section\">\n\t\t\t\t\t\t<div class=\"elementor-container elementor-column-gap-default\">\n\t\t\t\t\t<div class=\"elementor-column elementor-col-100 elementor-top-column elementor-element elementor-element-2a336c6\" data-id=\"2a336c6\" data-element_type=\"column\" data-e-type=\"column\">\n\t\t\t<div class=\"elementor-widget-wrap elementor-element-populated\">\n\t\t\t\t\t\t<div class=\"elementor-element elementor-element-d3d243e elementor-widget elementor-widget-heading\" data-id=\"d3d243e\" data-element_type=\"widget\" data-e-type=\"widget\" data-widget_type=\"heading.default\">\n\t\t\t\t<div class=\"elementor-widget-container\">\n\t\t\t\t\t<h2 class=\"elementor-heading-title elementor-size-default\">L\u2019\u00e9glise des j\u00e9suites \u00e0 Anvers, une r\u00e9v\u00e9lation.<\/h2>\t\t\t\t<\/div>\n\t\t\t\t<\/div>\n\t\t\t\t\t<\/div>\n\t\t<\/div>\n\t\t\t\t\t<\/div>\n\t\t<\/section>\n\t\t\t\t<section class=\"elementor-section elementor-top-section elementor-element elementor-element-a99172a elementor-section-boxed elementor-section-height-default elementor-section-height-default\" data-id=\"a99172a\" data-element_type=\"section\" data-e-type=\"section\">\n\t\t\t\t\t\t<div class=\"elementor-container elementor-column-gap-default\">\n\t\t\t\t\t<div class=\"elementor-column elementor-col-100 elementor-top-column elementor-element elementor-element-2246d4b\" data-id=\"2246d4b\" data-element_type=\"column\" data-e-type=\"column\">\n\t\t\t<div class=\"elementor-widget-wrap elementor-element-populated\">\n\t\t\t\t\t\t<div class=\"elementor-element elementor-element-c664bc9 elementor-widget elementor-widget-heading\" data-id=\"c664bc9\" data-element_type=\"widget\" data-e-type=\"widget\" data-widget_type=\"heading.default\">\n\t\t\t\t<div class=\"elementor-widget-container\">\n\t\t\t\t\t<h1 class=\"elementor-heading-title elementor-size-default\">Le coll\u00e8ge<\/h1>\t\t\t\t<\/div>\n\t\t\t\t<\/div>\n\t\t\t\t\t<\/div>\n\t\t<\/div>\n\t\t\t\t\t<\/div>\n\t\t<\/section>\n\t\t\t\t<section class=\"elementor-section elementor-top-section elementor-element elementor-element-9c63c8f elementor-section-boxed elementor-section-height-default elementor-section-height-default\" data-id=\"9c63c8f\" data-element_type=\"section\" data-e-type=\"section\">\n\t\t\t\t\t\t<div class=\"elementor-container elementor-column-gap-default\">\n\t\t\t\t\t<div class=\"elementor-column elementor-col-66 elementor-top-column elementor-element elementor-element-5145fe1\" data-id=\"5145fe1\" data-element_type=\"column\" data-e-type=\"column\">\n\t\t\t<div class=\"elementor-widget-wrap elementor-element-populated\">\n\t\t\t\t\t\t<div class=\"elementor-element elementor-element-e09b7de elementor-widget elementor-widget-text-editor\" data-id=\"e09b7de\" data-element_type=\"widget\" data-e-type=\"widget\" data-widget_type=\"text-editor.default\">\n\t\t\t\t<div class=\"elementor-widget-container\">\n\t\t\t\t\t\t\t\t\t<h3><span style=\"color: #3366ff;\">Devenir plus humain<\/span><\/h3>\n\t\t\t\t\t\t\t\t<\/div>\n\t\t\t\t<\/div>\n\t\t\t\t<div class=\"elementor-element elementor-element-d9324c1 elementor-widget elementor-widget-text-editor\" data-id=\"d9324c1\" data-element_type=\"widget\" data-e-type=\"widget\" data-widget_type=\"text-editor.default\">\n\t\t\t\t<div class=\"elementor-widget-container\">\n\t\t\t\t\t\t\t\t\t<p style=\"text-align: justify;\">Ignace a l\u2019ambition de se rendre avec ses premiers disciples dans les territoires islamiques pour entrer en dialogue avec eux mais la guerre l\u2019en emp\u00eache. Ils d\u00e9cident donc d\u2019offrir leurs services au Pape. \u00c0 sa demande, Ignace et ses disciples s\u2019engagent \u00e0 enseigner les jeunes pour les rendre plus \u2018humains\u2019. L\u2019enseignement des \u2018humanit\u00e9s\u2019 devient rapidement le but essentiel de l\u2019Ordre. Si au Moyen-\u00c2ge, l\u2019enseignement se limite \u00e0 instruire le clerg\u00e9 et la noblesse au sein des monast\u00e8res ou dans quelques universit\u00e9s, au XVI<sup>e<\/sup>\u00a0si\u00e8cle, les coll\u00e8ges des j\u00e9suites se basent sur un d\u00e9sir plus r\u00e9pandu d\u2019acqu\u00e9rir une formation intellectuelle, nomm\u00e9e humanisme [\u00e0 ne pas confondre avec \u2018l\u2019humanisme\u2019 la\u00efque actuel]. Aussi \u00e0 Anvers, le coll\u00e8ge des j\u00e9suites est la toute premi\u00e8re institution d\u2019enseignement secondaire. Cet humanisme chr\u00e9tien reste encore leur id\u00e9al dans l\u2019enseignement si ce n\u2019est avec d\u2019autres notions et d\u2019autres accents.<\/p>\n<p style=\"text-align: justify;\">Pour honorer ce projet didactique, les j\u00e9suites offraient un enseignement gratuit ! Le minerval ne pouvait \u00eatre un probl\u00e8me pour les moins fortun\u00e9s. Pour r\u00e9aliser cela, chaque coll\u00e8ge devait poss\u00e9der suffisamment de fondations. Toutefois, l\u2019enseignement \u00e9tait r\u00e9serv\u00e9 aux gar\u00e7ons. Et dans le contexte socio-\u00e9conomique de l\u2019\u00e9poque seul les enfants des classes sociales nanties pouvaient se permettre d\u2019aller \u00e0 l\u2019\u00e9cole\u00a0; d\u2019ailleurs en latin \u2018schola\u2019 signifie \u2018temps libre\u2019. Que la plupart des jeunes devenaient des apprentis form\u00e9s pour succ\u00e9der \u00e0 la profession de leur p\u00e8re allait de soi. Les j\u00e9suites ne se sentaient pas dans l\u2019obligation de changer quoi que ce soit dans ce contexte structurel bien d\u00e9fini. La plupart de leurs quelques 500 \u00e9l\u00e8ves faisaient donc partie des classes privil\u00e9gi\u00e9es.<\/p>\n<p style=\"text-align: justify;\">Beaucoup d\u2019attention se porte sur l\u2019\u00e9tude de la culture classique et sur le latin, qui sert de langue usuelle. Leur projet p\u00e9dagogique fait aussi la part belle au langage imag\u00e9. Se r\u00e9f\u00e9rant \u00e0 leur fondateur \u2013 voir ses\u00a0<em>Exercices Spirituels-\u00a0<\/em>\u00a0ses successeurs sont particuli\u00e8rement dou\u00e9s et cr\u00e9atifs pour ce genre d\u2019expression. Avez-vous d\u00e9j\u00e0 observ\u00e9 leur embl\u00e8me avec attention ? Un proverbe soulign\u00e9 par une repr\u00e9sentation imag\u00e9e, sculpt\u00e9e par les meilleurs artistes. Le livre jubilaire\u00a0<em>Repr\u00e9sentation du premier si\u00e8cle de la Soci\u00e9t\u00e9 de J\u00e9sus<\/em>\u00a0(1640) en regorge. Un exemple : \u2018Grand navire demande grande eau\u2019 : lorsque les difficult\u00e9s abondent le ma\u00eetre montre ses capacit\u00e9s. Cette culture imag\u00e9e s\u2019exprime aussi au travers de repr\u00e9sentations th\u00e9\u00e2trales, jou\u00e9es par les \u00e9l\u00e8ves. La plupart des ann\u00e9es scolaires se cl\u00f4turent d\u2019ailleurs par la remise des prix suivie d\u2019une pi\u00e8ce de th\u00e9\u00e2tre. En 1685, un magistrat de la ville fait m\u00eame appel, et avec succ\u00e8s, \u00e0 leurs talents d\u2019acteur. Ils participent au cort\u00e8ge qui c\u00e9l\u00e8bre le centenaire de la lib\u00e9ration de la ville.<\/p>\n<p style=\"text-align: justify;\">En 1593, un internat est ouvert de l\u2019autre c\u00f4t\u00e9 de la Spuistraat (\u00e0 l\u2019ouest de l\u2019actuel Campus Carolus de Lessius Antwerpen). Face \u00e0 l\u2019accroissement du nombre de pensionnaires, les p\u00e8res obtiennent en 1607 de l\u2019administration de la ville la mise \u00e0 disposition de l\u2019ancien \u2018H\u00f4tel Van Liere\u2019 situ\u00e9 \u00e0 la Prinsstraat (l\u2019actuel Campus Ville \u2018Hof van Liere\u2019 de l\u2019Universit\u00e9 d\u2019Anvers dans la Prinsstraat). Le P\u00e8re Fr\u00e9d\u00e9ric de Tassis y ajoute une magnifique aile renaissance, pour y abriter d\u2019autres sections. Cette superbe demeure patricienne fut pendant longtemps, la maison anglaise du commerce.<\/p>\n<p style=\"text-align: justify;\">\u00c0 la demande de l\u2019\u00e9v\u00eaque d\u2019Anvers, les j\u00e9suites organisent pour les s\u00e9minaristes des cours de th\u00e9ologie morale, d\u2019ex\u00e9g\u00e8se et d\u2019apologie. La Philosophie est enseign\u00e9e \u00e0 des confr\u00e8res en formation (les scholastiques), plus tard saint Jean Berchmans sera l\u2019un d\u2019eux. En 1617, commence une formation de math\u00e9matiques sup\u00e9rieures. Cette section jouira tr\u00e8s vite d\u2019une renomm\u00e9e internationale gr\u00e2ce au travail scientifique de Fran\u00e7ois d\u2019Aguilon et du professeur Gr\u00e9goire de Saint-Vincent, dans les domaines de l\u2019astronomie et de l\u2019optique. Le P\u00e8re Jean-Charles della Faille, dont le portrait fut peint par Van Dyck, y suivra leur enseignement. Quatre ans plus tard, cette discipline tr\u00e8s prometteuse, est transf\u00e9r\u00e9e \u00e0 Louvain (Leuven).<\/p>\n<p style=\"text-align: justify;\">\u00c0 l\u2019origine, il n\u2019y a qu\u2019un seul recteur pour les deux communaut\u00e9s : le c\u00e9l\u00e8bre historien Charles Scribani. Entre-temps, la \u2018Huis van Aken\u2019 (Maison d\u2019Aix la Chapelle) abrite le noviciat de l\u2019Ordre n\u00e9erlandophone. En 1612, lors de la s\u00e9paration de la province des j\u00e9suites sur base de la langue usit\u00e9e du pays, cette \u2018Huis van Aken\u2019 devient le si\u00e8ge du Provincialat Flamand de l\u2019Ordre. Quatre ans plus tard, cette r\u00e9sidence re\u00e7oit un statut ind\u00e9pendant : elle devient la maison professe des j\u00e9suites o\u00f9 l\u2019esprit de pauvret\u00e9 \u00e9vang\u00e9lique est suivi avec plus de rigueur : aucun religieux ne peut disposer de revenus ou de biens propres. Jacques Tirinus est le premier pr\u00e9positus (recteur) de cette communaut\u00e9 d\u2019une trentaine de p\u00e8res et de fr\u00e8res. Ce jeune p\u00e8re r\u00eave de grandes r\u00e9alisations qui sont ex\u00e9cut\u00e9es, en partie, par le P\u00e8re Fran\u00e7ois d\u2019Aguilon, et apr\u00e8s son d\u00e9c\u00e8s en 1617, par le fr\u00e8re Pieter Huyssens.<\/p>\n\t\t\t\t\t\t\t\t<\/div>\n\t\t\t\t<\/div>\n\t\t\t\t<section class=\"elementor-section elementor-inner-section elementor-element elementor-element-01b74bb elementor-section-boxed elementor-section-height-default elementor-section-height-default\" data-id=\"01b74bb\" data-element_type=\"section\" data-e-type=\"section\">\n\t\t\t\t\t\t<div class=\"elementor-container elementor-column-gap-default\">\n\t\t\t\t\t<div class=\"elementor-column elementor-col-50 elementor-inner-column elementor-element elementor-element-7d13774\" data-id=\"7d13774\" data-element_type=\"column\" data-e-type=\"column\">\n\t\t\t<div class=\"elementor-widget-wrap elementor-element-populated\">\n\t\t\t\t\t\t<div class=\"elementor-element elementor-element-dc357bf elementor-align-center elementor-widget elementor-widget-button\" data-id=\"dc357bf\" data-element_type=\"widget\" data-e-type=\"widget\" data-widget_type=\"button.default\">\n\t\t\t\t<div class=\"elementor-widget-container\">\n\t\t\t\t\t\t\t\t\t<div class=\"elementor-button-wrapper\">\n\t\t\t\t\t<a class=\"elementor-button elementor-button-link elementor-size-sm\" href=\"https:\/\/topa.be\/fr\/sint-carolus-borromeus\/beschrijving\/voorgeschiedenis\/\">\n\t\t\t\t\t\t<span class=\"elementor-button-content-wrapper\">\n\t\t\t\t\t\t\t\t\t<span class=\"elementor-button-text\">Les ant\u00e9d\u00e9dents<\/span>\n\t\t\t\t\t<\/span>\n\t\t\t\t\t<\/a>\n\t\t\t\t<\/div>\n\t\t\t\t\t\t\t\t<\/div>\n\t\t\t\t<\/div>\n\t\t\t\t\t<\/div>\n\t\t<\/div>\n\t\t\t\t<div class=\"elementor-column elementor-col-50 elementor-inner-column elementor-element elementor-element-5dcaf24\" data-id=\"5dcaf24\" data-element_type=\"column\" data-e-type=\"column\">\n\t\t\t<div class=\"elementor-widget-wrap elementor-element-populated\">\n\t\t\t\t\t\t<div class=\"elementor-element elementor-element-3c7d870 elementor-align-center elementor-widget elementor-widget-button\" data-id=\"3c7d870\" data-element_type=\"widget\" data-e-type=\"widget\" data-widget_type=\"button.default\">\n\t\t\t\t<div class=\"elementor-widget-container\">\n\t\t\t\t\t\t\t\t\t<div class=\"elementor-button-wrapper\">\n\t\t\t\t\t<a class=\"elementor-button elementor-button-link elementor-size-sm\" href=\"https:\/\/topa.be\/fr\/sint-carolus-borromeus\/beschrijving\/ruimtewerking\/\">\n\t\t\t\t\t\t<span class=\"elementor-button-content-wrapper\">\n\t\t\t\t\t\t\t\t\t<span class=\"elementor-button-text\">Les travaux s\u2019\u00e9tendent dans toutes les directions<\/span>\n\t\t\t\t\t<\/span>\n\t\t\t\t\t<\/a>\n\t\t\t\t<\/div>\n\t\t\t\t\t\t\t\t<\/div>\n\t\t\t\t<\/div>\n\t\t\t\t\t<\/div>\n\t\t<\/div>\n\t\t\t\t\t<\/div>\n\t\t<\/section>\n\t\t\t\t\t<\/div>\n\t\t<\/div>\n\t\t\t\t<div class=\"elementor-column elementor-col-33 elementor-top-column elementor-element elementor-element-e252025\" data-id=\"e252025\" data-element_type=\"column\" data-e-type=\"column\">\n\t\t\t<div class=\"elementor-widget-wrap elementor-element-populated\">\n\t\t\t\t\t\t<div class=\"elementor-element elementor-element-bd3fae1 elementor-widget elementor-widget-image\" data-id=\"bd3fae1\" data-element_type=\"widget\" data-e-type=\"widget\" data-widget_type=\"image.default\">\n\t\t\t\t<div class=\"elementor-widget-container\">\n\t\t\t\t\t\t\t\t\t\t\t\t\t\t\t<img fetchpriority=\"high\" decoding=\"async\" width=\"800\" height=\"800\" src=\"https:\/\/topa.be\/wp-content\/uploads\/Sint-Carolus-Borromeus.jpg\" class=\"attachment-large size-large wp-image-29764\" alt=\"\" srcset=\"https:\/\/topa.be\/wp-content\/uploads\/Sint-Carolus-Borromeus.jpg 1023w, https:\/\/topa.be\/wp-content\/uploads\/Sint-Carolus-Borromeus-300x300.jpg 300w, https:\/\/topa.be\/wp-content\/uploads\/Sint-Carolus-Borromeus-200x200.jpg 200w, https:\/\/topa.be\/wp-content\/uploads\/Sint-Carolus-Borromeus-768x768.jpg 768w\" sizes=\"(max-width: 800px) 100vw, 800px\" \/>\t\t\t\t\t\t\t\t\t\t\t\t\t\t\t<\/div>\n\t\t\t\t<\/div>\n\t\t\t\t<div class=\"elementor-element elementor-element-61a347d elementor-widget elementor-widget-wp-widget-nav_menu\" data-id=\"61a347d\" data-element_type=\"widget\" data-e-type=\"widget\" data-widget_type=\"wp-widget-nav_menu.default\">\n\t\t\t\t<div class=\"elementor-widget-container\">\n\t\t\t\t\t<nav class=\"menu-beschrijving-scb-frans-container\" aria-label=\"Menu\"><ul id=\"menu-beschrijving-scb-frans\" class=\"menu\"><li id=\"menu-item-59856\" class=\"menu-item menu-item-type-post_type menu-item-object-page menu-item-59856\"><a href=\"https:\/\/topa.be\/fr\/sint-carolus-borromeus\/\">\u00c9glise Saint-Charles-Borrom\u00e9<\/a><\/li>\n<li id=\"menu-item-61180\" class=\"menu-item menu-item-type-post_type menu-item-object-page menu-item-has-children menu-item-61180\"><a href=\"https:\/\/topa.be\/fr\/sint-carolus-borromeus\/beschrijving\/\">Histoire &#038; Description<\/a>\n<ul class=\"sub-menu\">\n\t<li id=\"menu-item-59857\" class=\"menu-item menu-item-type-post_type menu-item-object-page menu-item-59857\"><a href=\"https:\/\/topa.be\/fr\/sint-carolus-borromeus\/beschrijving\/inleiding\/\">Introduction<\/a><\/li>\n\t<li id=\"menu-item-59858\" class=\"menu-item menu-item-type-post_type menu-item-object-page menu-item-59858\"><a href=\"https:\/\/topa.be\/fr\/sint-carolus-borromeus\/beschrijving\/historische-context\/\">Le contexte historique<\/a><\/li>\n\t<li id=\"menu-item-59859\" class=\"menu-item menu-item-type-post_type menu-item-object-page menu-item-59859\"><a href=\"https:\/\/topa.be\/fr\/sint-carolus-borromeus\/beschrijving\/voorplein-en-residentie\/\">L\u2019esplanade et la r\u00e9sidence<\/a><\/li>\n\t<li id=\"menu-item-59860\" class=\"menu-item menu-item-type-post_type menu-item-object-page menu-item-59860\"><a href=\"https:\/\/topa.be\/fr\/sint-carolus-borromeus\/beschrijving\/voorgeschiedenis\/\">Les ant\u00e9c\u00e9dents<\/a><\/li>\n\t<li id=\"menu-item-59861\" class=\"menu-item menu-item-type-post_type menu-item-object-page menu-item-59861\"><a href=\"https:\/\/topa.be\/fr\/sint-carolus-borromeus\/beschrijving\/college\/\">Le coll\u00e8ge<\/a><\/li>\n\t<li id=\"menu-item-59862\" class=\"menu-item menu-item-type-post_type menu-item-object-page menu-item-59862\"><a href=\"https:\/\/topa.be\/fr\/sint-carolus-borromeus\/beschrijving\/ruimtewerking\/\">L\u2019effet spatial<\/a><\/li>\n\t<li id=\"menu-item-59863\" class=\"menu-item menu-item-type-post_type menu-item-object-page menu-item-59863\"><a href=\"https:\/\/topa.be\/fr\/sint-carolus-borromeus\/beschrijving\/straatnamen\/\">Le nom des rues<\/a><\/li>\n\t<li id=\"menu-item-59864\" class=\"menu-item menu-item-type-post_type menu-item-object-page menu-item-59864\"><a href=\"https:\/\/topa.be\/fr\/sint-carolus-borromeus\/beschrijving\/professenhuis\/\">La maison professe<\/a><\/li>\n\t<li id=\"menu-item-59865\" class=\"menu-item menu-item-type-post_type menu-item-object-page menu-item-59865\"><a href=\"https:\/\/topa.be\/fr\/sint-carolus-borromeus\/beschrijving\/sodaliteitsgebouw\/\">Le b\u00e2timent des sodalit\u00e9s<\/a><\/li>\n\t<li id=\"menu-item-59866\" class=\"menu-item menu-item-type-post_type menu-item-object-page menu-item-has-children menu-item-59866\"><a href=\"https:\/\/topa.be\/fr\/sint-carolus-borromeus\/beschrijving\/voorgevel\/\">La fa\u00e7ade<\/a>\n\t<ul class=\"sub-menu\">\n\t\t<li id=\"menu-item-59867\" class=\"menu-item menu-item-type-post_type menu-item-object-page menu-item-59867\"><a href=\"https:\/\/topa.be\/fr\/sint-carolus-borromeus\/beschrijving\/voorgevel\/heb-je-me-gezien\/\">M\u2019avez-vous remarqu\u00e9e ?<\/a><\/li>\n\t\t<li id=\"menu-item-59868\" class=\"menu-item menu-item-type-post_type menu-item-object-page menu-item-59868\"><a href=\"https:\/\/topa.be\/fr\/sint-carolus-borromeus\/beschrijving\/voorgevel\/algemeen-nut\/\">Message d\u2019utilit\u00e9 publique<\/a><\/li>\n\t\t<li id=\"menu-item-59869\" class=\"menu-item menu-item-type-post_type menu-item-object-page menu-item-59869\"><a href=\"https:\/\/topa.be\/fr\/sint-carolus-borromeus\/beschrijving\/voorgevel\/geschiedenisboek\/\">L\u2019histoire \u00e0 livre ouvert<\/a><\/li>\n\t<\/ul>\n<\/li>\n\t<li id=\"menu-item-59870\" class=\"menu-item menu-item-type-post_type menu-item-object-page menu-item-59870\"><a href=\"https:\/\/topa.be\/fr\/sint-carolus-borromeus\/beschrijving\/toren\/\">La tour<\/a><\/li>\n\t<li id=\"menu-item-59871\" class=\"menu-item menu-item-type-post_type menu-item-object-page menu-item-59871\"><a href=\"https:\/\/topa.be\/fr\/sint-carolus-borromeus\/beschrijving\/interieur\/\">L\u2019int\u00e9rieur<\/a><\/li>\n\t<li id=\"menu-item-59872\" class=\"menu-item menu-item-type-post_type menu-item-object-page menu-item-59872\"><a href=\"https:\/\/topa.be\/fr\/sint-carolus-borromeus\/beschrijving\/hoofdaltaar\/\">Le ma\u00eetre-autel<\/a><\/li>\n\t<li id=\"menu-item-59873\" class=\"menu-item menu-item-type-post_type menu-item-object-page menu-item-59873\"><a href=\"https:\/\/topa.be\/fr\/sint-carolus-borromeus\/beschrijving\/preekstoel\/\">La chaire de v\u00e9rit\u00e9<\/a><\/li>\n\t<li id=\"menu-item-59874\" class=\"menu-item menu-item-type-post_type menu-item-object-page menu-item-59874\"><a href=\"https:\/\/topa.be\/fr\/sint-carolus-borromeus\/beschrijving\/biechtstoelen\/\">Les confessionnaux<\/a><\/li>\n\t<li id=\"menu-item-59875\" class=\"menu-item menu-item-type-post_type menu-item-object-page menu-item-59875\"><a href=\"https:\/\/topa.be\/fr\/sint-carolus-borromeus\/beschrijving\/plafondcycli\/\">Les cycles des plafonds<\/a><\/li>\n\t<li id=\"menu-item-59876\" class=\"menu-item menu-item-type-post_type menu-item-object-page menu-item-59876\"><a href=\"https:\/\/topa.be\/fr\/sint-carolus-borromeus\/beschrijving\/mariakapel\/\">La chapelle Mariale<\/a><\/li>\n\t<li id=\"menu-item-59877\" class=\"menu-item menu-item-type-post_type menu-item-object-page menu-item-59877\"><a href=\"https:\/\/topa.be\/fr\/sint-carolus-borromeus\/beschrijving\/sint-ignatiuskapel\/\">La chapelle Saint-Ignace<\/a><\/li>\n\t<li id=\"menu-item-59878\" class=\"menu-item menu-item-type-post_type menu-item-object-page menu-item-59878\"><a href=\"https:\/\/topa.be\/fr\/sint-carolus-borromeus\/beschrijving\/sint-franciscus-xaveriuskapel\/\">La chapelle St. Fran\u00e7ois-Xavier<\/a><\/li>\n\t<li id=\"menu-item-59879\" class=\"menu-item menu-item-type-post_type menu-item-object-page menu-item-59879\"><a href=\"https:\/\/topa.be\/fr\/sint-carolus-borromeus\/beschrijving\/galerijen\/\">Les galeries<\/a><\/li>\n\t<li id=\"menu-item-59880\" class=\"menu-item menu-item-type-post_type menu-item-object-page menu-item-59880\"><a href=\"https:\/\/topa.be\/fr\/sint-carolus-borromeus\/beschrijving\/orgel\/\">L\u2019orgue<\/a><\/li>\n\t<li id=\"menu-item-59881\" class=\"menu-item menu-item-type-post_type menu-item-object-page menu-item-59881\"><a href=\"https:\/\/topa.be\/fr\/sint-carolus-borromeus\/beschrijving\/sacristie\/\">La sacristie<\/a><\/li>\n\t<li id=\"menu-item-59882\" class=\"menu-item menu-item-type-post_type menu-item-object-page menu-item-59882\"><a href=\"https:\/\/topa.be\/fr\/sint-carolus-borromeus\/beschrijving\/buitengaan\/\">En sortant<\/a><\/li>\n\t<li id=\"menu-item-59883\" class=\"menu-item menu-item-type-post_type menu-item-object-page menu-item-59883\"><a href=\"https:\/\/topa.be\/fr\/sint-carolus-borromeus\/beschrijving\/nawoord\/\">\u00c9pilogue<\/a><\/li>\n\t<li id=\"menu-item-59884\" class=\"menu-item menu-item-type-post_type menu-item-object-page menu-item-59884\"><a href=\"https:\/\/topa.be\/fr\/sint-carolus-borromeus\/beschrijving\/bibliografie\/\">Bibliographie<\/a><\/li>\n<\/ul>\n<\/li>\n<\/ul><\/nav>\t\t\t\t<\/div>\n\t\t\t\t<\/div>\n\t\t\t\t\t<\/div>\n\t\t<\/div>\n\t\t\t\t\t<\/div>\n\t\t<\/section>\n\t\t\t\t<\/div>\n\t\t","protected":false},"excerpt":{"rendered":"<p>L\u2019\u00e9glise des j\u00e9suites \u00e0 Anvers, une r\u00e9v\u00e9lation. Le coll\u00e8ge Devenir plus humain Ignace a l\u2019ambition de se rendre avec ses premiers disciples dans les territoires islamiques pour entrer en dialogue avec eux mais la guerre l\u2019en emp\u00eache. Ils d\u00e9cident donc d\u2019offrir leurs services au Pape. \u00c0 sa demande, Ignace et ses disciples s\u2019engagent \u00e0 enseigner [&hellip;]<\/p>\n","protected":false},"author":16,"featured_media":0,"parent":37725,"menu_order":50,"comment_status":"closed","ping_status":"closed","template":"","meta":{"footnotes":""},"class_list":["post-39191","page","type-page","status-publish","hentry"],"aioseo_notices":[],"_links":{"self":[{"href":"https:\/\/topa.be\/fr\/wp-json\/wp\/v2\/pages\/39191","targetHints":{"allow":["GET"]}}],"collection":[{"href":"https:\/\/topa.be\/fr\/wp-json\/wp\/v2\/pages"}],"about":[{"href":"https:\/\/topa.be\/fr\/wp-json\/wp\/v2\/types\/page"}],"author":[{"embeddable":true,"href":"https:\/\/topa.be\/fr\/wp-json\/wp\/v2\/users\/16"}],"replies":[{"embeddable":true,"href":"https:\/\/topa.be\/fr\/wp-json\/wp\/v2\/comments?post=39191"}],"version-history":[{"count":3,"href":"https:\/\/topa.be\/fr\/wp-json\/wp\/v2\/pages\/39191\/revisions"}],"predecessor-version":[{"id":45818,"href":"https:\/\/topa.be\/fr\/wp-json\/wp\/v2\/pages\/39191\/revisions\/45818"}],"up":[{"embeddable":true,"href":"https:\/\/topa.be\/fr\/wp-json\/wp\/v2\/pages\/37725"}],"wp:attachment":[{"href":"https:\/\/topa.be\/fr\/wp-json\/wp\/v2\/media?parent=39191"}],"curies":[{"name":"wp","href":"https:\/\/api.w.org\/{rel}","templated":true}]}}