{"id":39189,"date":"2021-06-06T00:20:48","date_gmt":"2021-06-05T22:20:48","guid":{"rendered":"http:\/\/topa.be\/sint-carolus-borromeus\/beschrijving-2\/ruimtewerking\/"},"modified":"2021-07-19T14:15:09","modified_gmt":"2021-07-19T12:15:09","slug":"ruimtewerking","status":"publish","type":"page","link":"https:\/\/topa.be\/fr\/sint-carolus-borromeus\/beschrijving\/ruimtewerking\/","title":{"rendered":"SCB L\u2019effet spatial"},"content":{"rendered":"\t\t<div data-elementor-type=\"wp-page\" data-elementor-id=\"39189\" class=\"elementor elementor-39189 elementor-33746\" data-elementor-post-type=\"page\">\n\t\t\t\t\t\t<section class=\"elementor-section elementor-top-section elementor-element elementor-element-5a87fa1 elementor-section-boxed elementor-section-height-default elementor-section-height-default\" data-id=\"5a87fa1\" data-element_type=\"section\" data-e-type=\"section\">\n\t\t\t\t\t\t<div class=\"elementor-container elementor-column-gap-default\">\n\t\t\t\t\t<div class=\"elementor-column elementor-col-100 elementor-top-column elementor-element elementor-element-88095c4\" data-id=\"88095c4\" data-element_type=\"column\" data-e-type=\"column\">\n\t\t\t<div class=\"elementor-widget-wrap elementor-element-populated\">\n\t\t\t\t\t\t<div class=\"elementor-element elementor-element-8dc006b elementor-widget elementor-widget-heading\" data-id=\"8dc006b\" data-element_type=\"widget\" data-e-type=\"widget\" data-widget_type=\"heading.default\">\n\t\t\t\t<div class=\"elementor-widget-container\">\n\t\t\t\t\t<h2 class=\"elementor-heading-title elementor-size-default\">L\u2019\u00e9glise des j\u00e9suites \u00e0 Anvers, une r\u00e9v\u00e9lation.<\/h2>\t\t\t\t<\/div>\n\t\t\t\t<\/div>\n\t\t\t\t\t<\/div>\n\t\t<\/div>\n\t\t\t\t\t<\/div>\n\t\t<\/section>\n\t\t\t\t<section class=\"elementor-section elementor-top-section elementor-element elementor-element-4ccc4c9 elementor-section-boxed elementor-section-height-default elementor-section-height-default\" data-id=\"4ccc4c9\" data-element_type=\"section\" data-e-type=\"section\">\n\t\t\t\t\t\t<div class=\"elementor-container elementor-column-gap-default\">\n\t\t\t\t\t<div class=\"elementor-column elementor-col-100 elementor-top-column elementor-element elementor-element-f639506\" data-id=\"f639506\" data-element_type=\"column\" data-e-type=\"column\">\n\t\t\t<div class=\"elementor-widget-wrap elementor-element-populated\">\n\t\t\t\t\t\t<div class=\"elementor-element elementor-element-3680ab1 elementor-widget elementor-widget-heading\" data-id=\"3680ab1\" data-element_type=\"widget\" data-e-type=\"widget\" data-widget_type=\"heading.default\">\n\t\t\t\t<div class=\"elementor-widget-container\">\n\t\t\t\t\t<h1 class=\"elementor-heading-title elementor-size-default\">Les travaux s\u2019\u00e9tendent dans toutes les directions<\/h1>\t\t\t\t<\/div>\n\t\t\t\t<\/div>\n\t\t\t\t\t<\/div>\n\t\t<\/div>\n\t\t\t\t\t<\/div>\n\t\t<\/section>\n\t\t\t\t<section class=\"elementor-section elementor-top-section elementor-element elementor-element-256d17c elementor-section-boxed elementor-section-height-default elementor-section-height-default\" data-id=\"256d17c\" data-element_type=\"section\" data-e-type=\"section\">\n\t\t\t\t\t\t<div class=\"elementor-container elementor-column-gap-default\">\n\t\t\t\t\t<div class=\"elementor-column elementor-col-66 elementor-top-column elementor-element elementor-element-46a57aa\" data-id=\"46a57aa\" data-element_type=\"column\" data-e-type=\"column\">\n\t\t\t<div class=\"elementor-widget-wrap elementor-element-populated\">\n\t\t\t\t\t\t<div class=\"elementor-element elementor-element-916bcac elementor-widget elementor-widget-text-editor\" data-id=\"916bcac\" data-element_type=\"widget\" data-e-type=\"widget\" data-widget_type=\"text-editor.default\">\n\t\t\t\t<div class=\"elementor-widget-container\">\n\t\t\t\t\t\t\t\t\t<figure id=\"attachment_28948\" aria-describedby=\"caption-attachment-28948\" style=\"width: 300px\" class=\"wp-caption alignleft\"><img fetchpriority=\"high\" decoding=\"async\" class=\"size-medium wp-image-28948\" src=\"http:\/\/topa.be\/wp-content\/uploads\/SCB06-300x260.jpg\" alt=\"\" width=\"300\" height=\"260\" srcset=\"https:\/\/topa.be\/wp-content\/uploads\/SCB06-300x260.jpg 300w, https:\/\/topa.be\/wp-content\/uploads\/SCB06-200x173.jpg 200w, https:\/\/topa.be\/wp-content\/uploads\/SCB06-768x666.jpg 768w, https:\/\/topa.be\/wp-content\/uploads\/SCB06.bmp 1024w\" sizes=\"(max-width: 300px) 100vw, 300px\" \/><figcaption id=\"caption-attachment-28948\" class=\"wp-caption-text\">Le projet d\u2019un plan dress\u00e9 par le fr\u00e8re Pieter Huyssens pour la r\u00e9alisation de la maison professe, vers 1622, rempla\u00e7ant la \u2018Huis van Aken\u2019 par une galerie \u00e0 portiques, non r\u00e9alis\u00e9. \u00a9 Archives Sint-Carolus Borromeuskerk, Antwerpen<\/figcaption><\/figure><p style=\"text-align: justify;\">Pour r\u00e9aliser ses plans, le P\u00e8re Tirinus doit pouvoir disposer d\u2019un \u00e9norme terrain. Les immeubles d\u2019une rue enti\u00e8re (la Spuistraat) ainsi que beaucoup de maisons de la Sint-Katelijnevest (le Rempart Sainte-Catherine) et quelques-unes de la Wijngaardstraat (la rue du Vignoble) furent achet\u00e9es. Ce vaste terrain se d\u00e9limite de la fa\u00e7on suivante :<\/p><ul style=\"text-align: justify;\"><li>au sud par la Korte Nieuwstraat (la courte rue Neuve)<\/li><li>au nord par la Wijngaardstraat (la rue du Vignoble)<\/li><li>\u00e0 l\u2019ouest par la nouvelle Sint-Pieter- en Paulusstraat (la rue St-Pierre et Paul) qui remplace la Spuistraat<\/li><li>\u00e0 l\u2019est par la Sint-Katelijnevest (le rempart Sainte-Catherine), et \u00e0 c\u00f4t\u00e9 le canal du m\u00eame nom.<\/li><\/ul><p style=\"text-align: justify;\">Ces nouvelles acquisitions sont d\u00e9molies, les deux canaux sont vo\u00fbt\u00e9s\u00a0: l\u2019Ankerrui qui traverse le terrain et le canal du Rempart Sainte-Catherine. Mais comment employer au mieux ce terrain d\u00e9blay\u00e9 ? Il faut entre autres tenir compte de<\/p><ul style=\"text-align: justify;\"><li>l\u2019am\u00e9nagement du territoire : les grands terrains rectangulaires doivent \u00eatre r\u00e9serv\u00e9s \u00e0 l\u2019\u00e9glise et \u00e0 son parvis.<\/li><li>l\u2019int\u00e9gration de la superbe \u2018Huis van Aken\u2019, le seul b\u00e2timent qui sera conserv\u00e9.<\/li><li>le but \u00e0 atteindre sur le plan architectural urbain et l\u2019emploi de l\u2019espace. (voir plus loin).<\/li><li>les besoins des p\u00e8res et les fonctions \u00e0 r\u00e9server aux espaces.<\/li><\/ul><p style=\"text-align: justify;\">Que cette \u00e9glise baroque soit orient\u00e9e vers l\u2019est comme le sont ses cons\u0153urs gothiques semble un hasard d\u00fb \u00e0 la configuration du terrain. Le fait est que le style baroque, n\u00e9 dans les pays du sud inond\u00e9s de soleil, ne se sent plus li\u00e9 \u00e0 la symbolique gothique de la lumi\u00e8re et l\u2019obligatoire orientation vers l\u2019est.<\/p><p style=\"text-align: justify;\">La \u2018Huis van Aken\u2019 forme le noyau de la construction ult\u00e9rieure. Deux ailes dirig\u00e9es vers l\u2019ouest sont construites \u00e0 partir de l\u2019ancienne fa\u00e7ade (de la Spuistraat disparue), dont une avec une \u00e9l\u00e9gante galerie ouverte. Elles bordent le grand pr\u00e9au et continuent vers une cour qui n\u2019est pas enti\u00e8rement cl\u00f4tur\u00e9e. \u00c0 l\u2019est, les cuisines, le r\u00e9fectoire et dans l\u2019angle sud-est le plus \u00e9loign\u00e9, l\u2019infirmerie avec un lazaret pour les malades souffrant d\u2019affections infectieuses donnent sur un grand jardin de forme carr\u00e9e.<\/p><p style=\"text-align: justify;\">Maintenant que l\u2019ancienne fa\u00e7ade de la \u2018Huis van Aken\u2019 est incluse, on d\u00e9sire que la nouvelle, en style baroque, donne sur la grand-place de l\u2019\u00e9glise. Mais quel passant pourrait se douter un seul instant que derri\u00e8re cette unique fa\u00e7ade construite toute en longueur se cache un tel complexe d\u2019anciens immeubles et de nouvelles ailes \u00e9rig\u00e9es autour de plusieurs pr\u00e9aux int\u00e9rieurs ?<\/p><p style=\"text-align: justify;\">L\u2019entr\u00e9e monumentale est marqu\u00e9e par l\u2019embl\u00e8me IHS de l\u2019Ordre. Les salons et les parloirs sont au rez-de-chauss\u00e9e tandis que le premier \u00e9tage abrite l\u2019immense biblioth\u00e8que. Les chambres individuelles des P\u00e8res situ\u00e9es au premier \u00e9tage, sont orient\u00e9es vers le sud.<\/p><p style=\"text-align: justify;\">Entre-temps, (1622-23) les congr\u00e9gations mariales prennent la responsabilit\u00e9 de faire construire, \u00e0 l\u2019ouest de la place, face \u00e0 la nouvelle fa\u00e7ade de l\u2019\u00e9glise, une r\u00e9sidence de Sodalit\u00e9, dot\u00e9e de deux grandes chapelles rectangulaires, \u00e9difi\u00e9es l\u2019une au-dessus de l\u2019autre. En fait, cette aile touche la fa\u00e7ade de la maison professe. En tenant compte du m\u00eame niveau des \u00e9tages, des mat\u00e9riaux et de la d\u00e9coration, elle s\u2019int\u00e8gre compl\u00e8tement dans l\u2019ensemble.<\/p><p style=\"text-align: justify;\">L\u2019\u00e9glise, la maison professe et les salles de la Sodalit\u00e9 forment trois ailes d\u2019un plan architectural ins\u00e9r\u00e9 autour d\u2019une esplanade publique. Cet am\u00e9nagement se retrouve entre autres au Palais de Versailles, au Palazzo Barberini de Rome et la W\u00fcrzburger Residenz.<\/p><p style=\"text-align: justify;\">Et pourtant la fa\u00e7ade centrale de la r\u00e9sidence n\u2019attire pas tous les regards. C\u2019est l\u2019\u00e9glise malgr\u00e9 sa position d\u00e9centr\u00e9e qui lui vole la vedette gr\u00e2ce \u00e0 sa fa\u00e7ade d\u2019une grande majest\u00e9. Une autre caract\u00e9ristique du baroque appara\u00eet ici. Pour se rendre au portail principal de l\u2019\u00e9glise, nous ne pouvons y aller en droite ligne. En effet, \u00e0 l\u2019ouest de la place, le b\u00e2timent de la sodalit\u00e9 flanqu\u00e9 de ses chapelles emp\u00eache un acc\u00e8s direct\u00a0au portail : il n\u2019y a ni rue, ni passage en face du porche. L\u2019imposante fa\u00e7ade se laisse surprendre dans une perspective en contre-plong\u00e9e, \u00e0 partir de la Wijngaardstraat ou en passant par la Jezu\u00efetenrui, situ\u00e9es de chaque c\u00f4t\u00e9 de la place. La trav\u00e9e qui joint le b\u00e2timent de la Sodalit\u00e9 \u00e0 la maison professe forme un passage vo\u00fbt\u00e9 en berceau qui donne sur la Jezu\u00efetenrui. Aborder l\u2019objectif par la tangente est une caract\u00e9ristique du style baroque. Rome est riche de ces exemples d\u2019urbanisation baroque o\u00f9 l\u2019\u00e9glise domine la place. L\u2019ob\u00e9lisque de la place St-Pierre (Gian Lorenzo Bernini, 1656-\u201867) oblige de faire un slalom \u00e9l\u00e9gant pour se diriger vers le symbole de l\u2019\u00c9glise Catholique.<\/p>\t\t\t\t\t\t\t\t<\/div>\n\t\t\t\t<\/div>\n\t\t\t\t<section class=\"elementor-section elementor-inner-section elementor-element elementor-element-be0970e elementor-section-boxed elementor-section-height-default elementor-section-height-default\" data-id=\"be0970e\" data-element_type=\"section\" data-e-type=\"section\">\n\t\t\t\t\t\t<div class=\"elementor-container elementor-column-gap-default\">\n\t\t\t\t\t<div class=\"elementor-column elementor-col-50 elementor-inner-column elementor-element elementor-element-b585096\" data-id=\"b585096\" data-element_type=\"column\" data-e-type=\"column\">\n\t\t\t<div class=\"elementor-widget-wrap elementor-element-populated\">\n\t\t\t\t\t\t<div class=\"elementor-element elementor-element-8ec88dd elementor-align-center elementor-widget elementor-widget-button\" data-id=\"8ec88dd\" data-element_type=\"widget\" data-e-type=\"widget\" data-widget_type=\"button.default\">\n\t\t\t\t<div class=\"elementor-widget-container\">\n\t\t\t\t\t\t\t\t\t<div class=\"elementor-button-wrapper\">\n\t\t\t\t\t<a class=\"elementor-button elementor-button-link elementor-size-sm\" href=\"https:\/\/topa.be\/fr\/sint-carolus-borromeus\/beschrijving\/college\/\">\n\t\t\t\t\t\t<span class=\"elementor-button-content-wrapper\">\n\t\t\t\t\t\t\t\t\t<span class=\"elementor-button-text\">Le coll\u00e8ge<\/span>\n\t\t\t\t\t<\/span>\n\t\t\t\t\t<\/a>\n\t\t\t\t<\/div>\n\t\t\t\t\t\t\t\t<\/div>\n\t\t\t\t<\/div>\n\t\t\t\t\t<\/div>\n\t\t<\/div>\n\t\t\t\t<div class=\"elementor-column elementor-col-50 elementor-inner-column elementor-element elementor-element-d5ac93b\" data-id=\"d5ac93b\" data-element_type=\"column\" data-e-type=\"column\">\n\t\t\t<div class=\"elementor-widget-wrap elementor-element-populated\">\n\t\t\t\t\t\t<div class=\"elementor-element elementor-element-9c8d501 elementor-align-center elementor-widget elementor-widget-button\" data-id=\"9c8d501\" data-element_type=\"widget\" data-e-type=\"widget\" data-widget_type=\"button.default\">\n\t\t\t\t<div class=\"elementor-widget-container\">\n\t\t\t\t\t\t\t\t\t<div class=\"elementor-button-wrapper\">\n\t\t\t\t\t<a class=\"elementor-button elementor-button-link elementor-size-sm\" href=\"https:\/\/topa.be\/fr\/sint-carolus-borromeus\/beschrijving\/straatnamen\/\">\n\t\t\t\t\t\t<span class=\"elementor-button-content-wrapper\">\n\t\t\t\t\t\t\t\t\t<span class=\"elementor-button-text\">Le nom des rues<\/span>\n\t\t\t\t\t<\/span>\n\t\t\t\t\t<\/a>\n\t\t\t\t<\/div>\n\t\t\t\t\t\t\t\t<\/div>\n\t\t\t\t<\/div>\n\t\t\t\t\t<\/div>\n\t\t<\/div>\n\t\t\t\t\t<\/div>\n\t\t<\/section>\n\t\t\t\t\t<\/div>\n\t\t<\/div>\n\t\t\t\t<div class=\"elementor-column elementor-col-33 elementor-top-column elementor-element elementor-element-a1c7558\" data-id=\"a1c7558\" data-element_type=\"column\" data-e-type=\"column\">\n\t\t\t<div class=\"elementor-widget-wrap elementor-element-populated\">\n\t\t\t\t\t\t<div class=\"elementor-element elementor-element-55b25d6 elementor-widget elementor-widget-image\" data-id=\"55b25d6\" data-element_type=\"widget\" data-e-type=\"widget\" data-widget_type=\"image.default\">\n\t\t\t\t<div class=\"elementor-widget-container\">\n\t\t\t\t\t\t\t\t\t\t\t\t\t\t\t<img decoding=\"async\" width=\"800\" height=\"800\" src=\"https:\/\/topa.be\/wp-content\/uploads\/Sint-Carolus-Borromeus.jpg\" class=\"attachment-large size-large wp-image-29764\" alt=\"\" srcset=\"https:\/\/topa.be\/wp-content\/uploads\/Sint-Carolus-Borromeus.jpg 1023w, https:\/\/topa.be\/wp-content\/uploads\/Sint-Carolus-Borromeus-300x300.jpg 300w, https:\/\/topa.be\/wp-content\/uploads\/Sint-Carolus-Borromeus-200x200.jpg 200w, https:\/\/topa.be\/wp-content\/uploads\/Sint-Carolus-Borromeus-768x768.jpg 768w\" sizes=\"(max-width: 800px) 100vw, 800px\" \/>\t\t\t\t\t\t\t\t\t\t\t\t\t\t\t<\/div>\n\t\t\t\t<\/div>\n\t\t\t\t<div class=\"elementor-element elementor-element-bed9aaf elementor-widget elementor-widget-wp-widget-nav_menu\" data-id=\"bed9aaf\" data-element_type=\"widget\" data-e-type=\"widget\" data-widget_type=\"wp-widget-nav_menu.default\">\n\t\t\t\t<div class=\"elementor-widget-container\">\n\t\t\t\t\t<nav class=\"menu-beschrijving-scb-frans-container\" aria-label=\"Menu\"><ul id=\"menu-beschrijving-scb-frans\" class=\"menu\"><li id=\"menu-item-59856\" class=\"menu-item menu-item-type-post_type menu-item-object-page menu-item-59856\"><a href=\"https:\/\/topa.be\/fr\/sint-carolus-borromeus\/\">\u00c9glise Saint-Charles-Borrom\u00e9<\/a><\/li>\n<li id=\"menu-item-61180\" class=\"menu-item menu-item-type-post_type menu-item-object-page menu-item-has-children menu-item-61180\"><a href=\"https:\/\/topa.be\/fr\/sint-carolus-borromeus\/beschrijving\/\">Histoire &#038; Description<\/a>\n<ul class=\"sub-menu\">\n\t<li id=\"menu-item-59857\" class=\"menu-item menu-item-type-post_type menu-item-object-page menu-item-59857\"><a href=\"https:\/\/topa.be\/fr\/sint-carolus-borromeus\/beschrijving\/inleiding\/\">Introduction<\/a><\/li>\n\t<li id=\"menu-item-59858\" class=\"menu-item menu-item-type-post_type menu-item-object-page menu-item-59858\"><a href=\"https:\/\/topa.be\/fr\/sint-carolus-borromeus\/beschrijving\/historische-context\/\">Le contexte historique<\/a><\/li>\n\t<li id=\"menu-item-59859\" class=\"menu-item menu-item-type-post_type menu-item-object-page menu-item-59859\"><a href=\"https:\/\/topa.be\/fr\/sint-carolus-borromeus\/beschrijving\/voorplein-en-residentie\/\">L\u2019esplanade et la r\u00e9sidence<\/a><\/li>\n\t<li id=\"menu-item-59860\" class=\"menu-item menu-item-type-post_type menu-item-object-page menu-item-59860\"><a href=\"https:\/\/topa.be\/fr\/sint-carolus-borromeus\/beschrijving\/voorgeschiedenis\/\">Les ant\u00e9c\u00e9dents<\/a><\/li>\n\t<li id=\"menu-item-59861\" class=\"menu-item menu-item-type-post_type menu-item-object-page menu-item-59861\"><a href=\"https:\/\/topa.be\/fr\/sint-carolus-borromeus\/beschrijving\/college\/\">Le coll\u00e8ge<\/a><\/li>\n\t<li id=\"menu-item-59862\" class=\"menu-item menu-item-type-post_type menu-item-object-page menu-item-59862\"><a href=\"https:\/\/topa.be\/fr\/sint-carolus-borromeus\/beschrijving\/ruimtewerking\/\">L\u2019effet spatial<\/a><\/li>\n\t<li id=\"menu-item-59863\" class=\"menu-item menu-item-type-post_type menu-item-object-page menu-item-59863\"><a href=\"https:\/\/topa.be\/fr\/sint-carolus-borromeus\/beschrijving\/straatnamen\/\">Le nom des rues<\/a><\/li>\n\t<li id=\"menu-item-59864\" class=\"menu-item menu-item-type-post_type menu-item-object-page menu-item-59864\"><a href=\"https:\/\/topa.be\/fr\/sint-carolus-borromeus\/beschrijving\/professenhuis\/\">La maison professe<\/a><\/li>\n\t<li id=\"menu-item-59865\" class=\"menu-item menu-item-type-post_type menu-item-object-page menu-item-59865\"><a href=\"https:\/\/topa.be\/fr\/sint-carolus-borromeus\/beschrijving\/sodaliteitsgebouw\/\">Le b\u00e2timent des sodalit\u00e9s<\/a><\/li>\n\t<li id=\"menu-item-59866\" class=\"menu-item menu-item-type-post_type menu-item-object-page menu-item-has-children menu-item-59866\"><a href=\"https:\/\/topa.be\/fr\/sint-carolus-borromeus\/beschrijving\/voorgevel\/\">La fa\u00e7ade<\/a>\n\t<ul class=\"sub-menu\">\n\t\t<li id=\"menu-item-59867\" class=\"menu-item menu-item-type-post_type menu-item-object-page menu-item-59867\"><a href=\"https:\/\/topa.be\/fr\/sint-carolus-borromeus\/beschrijving\/voorgevel\/heb-je-me-gezien\/\">M\u2019avez-vous remarqu\u00e9e ?<\/a><\/li>\n\t\t<li id=\"menu-item-59868\" class=\"menu-item menu-item-type-post_type menu-item-object-page menu-item-59868\"><a href=\"https:\/\/topa.be\/fr\/sint-carolus-borromeus\/beschrijving\/voorgevel\/algemeen-nut\/\">Message d\u2019utilit\u00e9 publique<\/a><\/li>\n\t\t<li id=\"menu-item-59869\" class=\"menu-item menu-item-type-post_type menu-item-object-page menu-item-59869\"><a href=\"https:\/\/topa.be\/fr\/sint-carolus-borromeus\/beschrijving\/voorgevel\/geschiedenisboek\/\">L\u2019histoire \u00e0 livre ouvert<\/a><\/li>\n\t<\/ul>\n<\/li>\n\t<li id=\"menu-item-59870\" class=\"menu-item menu-item-type-post_type menu-item-object-page menu-item-59870\"><a href=\"https:\/\/topa.be\/fr\/sint-carolus-borromeus\/beschrijving\/toren\/\">La tour<\/a><\/li>\n\t<li id=\"menu-item-59871\" class=\"menu-item menu-item-type-post_type menu-item-object-page menu-item-59871\"><a href=\"https:\/\/topa.be\/fr\/sint-carolus-borromeus\/beschrijving\/interieur\/\">L\u2019int\u00e9rieur<\/a><\/li>\n\t<li id=\"menu-item-59872\" class=\"menu-item menu-item-type-post_type menu-item-object-page menu-item-59872\"><a href=\"https:\/\/topa.be\/fr\/sint-carolus-borromeus\/beschrijving\/hoofdaltaar\/\">Le ma\u00eetre-autel<\/a><\/li>\n\t<li id=\"menu-item-59873\" class=\"menu-item menu-item-type-post_type menu-item-object-page menu-item-59873\"><a href=\"https:\/\/topa.be\/fr\/sint-carolus-borromeus\/beschrijving\/preekstoel\/\">La chaire de v\u00e9rit\u00e9<\/a><\/li>\n\t<li id=\"menu-item-59874\" class=\"menu-item menu-item-type-post_type menu-item-object-page menu-item-59874\"><a href=\"https:\/\/topa.be\/fr\/sint-carolus-borromeus\/beschrijving\/biechtstoelen\/\">Les confessionnaux<\/a><\/li>\n\t<li id=\"menu-item-59875\" class=\"menu-item menu-item-type-post_type menu-item-object-page menu-item-59875\"><a href=\"https:\/\/topa.be\/fr\/sint-carolus-borromeus\/beschrijving\/plafondcycli\/\">Les cycles des plafonds<\/a><\/li>\n\t<li id=\"menu-item-59876\" class=\"menu-item menu-item-type-post_type menu-item-object-page menu-item-59876\"><a href=\"https:\/\/topa.be\/fr\/sint-carolus-borromeus\/beschrijving\/mariakapel\/\">La chapelle Mariale<\/a><\/li>\n\t<li id=\"menu-item-59877\" class=\"menu-item menu-item-type-post_type menu-item-object-page menu-item-59877\"><a href=\"https:\/\/topa.be\/fr\/sint-carolus-borromeus\/beschrijving\/sint-ignatiuskapel\/\">La chapelle Saint-Ignace<\/a><\/li>\n\t<li id=\"menu-item-59878\" class=\"menu-item menu-item-type-post_type menu-item-object-page menu-item-59878\"><a href=\"https:\/\/topa.be\/fr\/sint-carolus-borromeus\/beschrijving\/sint-franciscus-xaveriuskapel\/\">La chapelle St. Fran\u00e7ois-Xavier<\/a><\/li>\n\t<li id=\"menu-item-59879\" class=\"menu-item menu-item-type-post_type menu-item-object-page menu-item-59879\"><a href=\"https:\/\/topa.be\/fr\/sint-carolus-borromeus\/beschrijving\/galerijen\/\">Les galeries<\/a><\/li>\n\t<li id=\"menu-item-59880\" class=\"menu-item menu-item-type-post_type menu-item-object-page menu-item-59880\"><a href=\"https:\/\/topa.be\/fr\/sint-carolus-borromeus\/beschrijving\/orgel\/\">L\u2019orgue<\/a><\/li>\n\t<li id=\"menu-item-59881\" class=\"menu-item menu-item-type-post_type menu-item-object-page menu-item-59881\"><a href=\"https:\/\/topa.be\/fr\/sint-carolus-borromeus\/beschrijving\/sacristie\/\">La sacristie<\/a><\/li>\n\t<li id=\"menu-item-59882\" class=\"menu-item menu-item-type-post_type menu-item-object-page menu-item-59882\"><a href=\"https:\/\/topa.be\/fr\/sint-carolus-borromeus\/beschrijving\/buitengaan\/\">En sortant<\/a><\/li>\n\t<li id=\"menu-item-59883\" class=\"menu-item menu-item-type-post_type menu-item-object-page menu-item-59883\"><a href=\"https:\/\/topa.be\/fr\/sint-carolus-borromeus\/beschrijving\/nawoord\/\">\u00c9pilogue<\/a><\/li>\n\t<li id=\"menu-item-59884\" class=\"menu-item menu-item-type-post_type menu-item-object-page menu-item-59884\"><a href=\"https:\/\/topa.be\/fr\/sint-carolus-borromeus\/beschrijving\/bibliografie\/\">Bibliographie<\/a><\/li>\n<\/ul>\n<\/li>\n<\/ul><\/nav>\t\t\t\t<\/div>\n\t\t\t\t<\/div>\n\t\t\t\t\t<\/div>\n\t\t<\/div>\n\t\t\t\t\t<\/div>\n\t\t<\/section>\n\t\t\t\t<\/div>\n\t\t","protected":false},"excerpt":{"rendered":"<p>L\u2019\u00e9glise des j\u00e9suites \u00e0 Anvers, une r\u00e9v\u00e9lation. Les travaux s\u2019\u00e9tendent dans toutes les directions Pour r\u00e9aliser ses plans, le P\u00e8re Tirinus doit pouvoir disposer d\u2019un \u00e9norme terrain. Les immeubles d\u2019une rue enti\u00e8re (la Spuistraat) ainsi que beaucoup de maisons de la Sint-Katelijnevest (le Rempart Sainte-Catherine) et quelques-unes de la Wijngaardstraat (la rue du Vignoble) furent [&hellip;]<\/p>\n","protected":false},"author":16,"featured_media":0,"parent":37725,"menu_order":60,"comment_status":"closed","ping_status":"closed","template":"","meta":{"footnotes":""},"class_list":["post-39189","page","type-page","status-publish","hentry"],"aioseo_notices":[],"_links":{"self":[{"href":"https:\/\/topa.be\/fr\/wp-json\/wp\/v2\/pages\/39189","targetHints":{"allow":["GET"]}}],"collection":[{"href":"https:\/\/topa.be\/fr\/wp-json\/wp\/v2\/pages"}],"about":[{"href":"https:\/\/topa.be\/fr\/wp-json\/wp\/v2\/types\/page"}],"author":[{"embeddable":true,"href":"https:\/\/topa.be\/fr\/wp-json\/wp\/v2\/users\/16"}],"replies":[{"embeddable":true,"href":"https:\/\/topa.be\/fr\/wp-json\/wp\/v2\/comments?post=39189"}],"version-history":[{"count":3,"href":"https:\/\/topa.be\/fr\/wp-json\/wp\/v2\/pages\/39189\/revisions"}],"predecessor-version":[{"id":45819,"href":"https:\/\/topa.be\/fr\/wp-json\/wp\/v2\/pages\/39189\/revisions\/45819"}],"up":[{"embeddable":true,"href":"https:\/\/topa.be\/fr\/wp-json\/wp\/v2\/pages\/37725"}],"wp:attachment":[{"href":"https:\/\/topa.be\/fr\/wp-json\/wp\/v2\/media?parent=39189"}],"curies":[{"name":"wp","href":"https:\/\/api.w.org\/{rel}","templated":true}]}}