{"id":39185,"date":"2021-06-06T00:16:22","date_gmt":"2021-06-05T22:16:22","guid":{"rendered":"http:\/\/topa.be\/sint-carolus-borromeus\/beschrijving-2\/professenhuis\/"},"modified":"2021-07-19T14:15:25","modified_gmt":"2021-07-19T12:15:25","slug":"professenhuis","status":"publish","type":"page","link":"https:\/\/topa.be\/fr\/sint-carolus-borromeus\/beschrijving\/professenhuis\/","title":{"rendered":"SCB La maison professe"},"content":{"rendered":"\t\t<div data-elementor-type=\"wp-page\" data-elementor-id=\"39185\" class=\"elementor elementor-39185 elementor-33750\" data-elementor-post-type=\"page\">\n\t\t\t\t\t\t<section class=\"elementor-section elementor-top-section elementor-element elementor-element-cc1f66c elementor-section-boxed elementor-section-height-default elementor-section-height-default\" data-id=\"cc1f66c\" data-element_type=\"section\" data-e-type=\"section\">\n\t\t\t\t\t\t<div class=\"elementor-container elementor-column-gap-default\">\n\t\t\t\t\t<div class=\"elementor-column elementor-col-100 elementor-top-column elementor-element elementor-element-e9920a6\" data-id=\"e9920a6\" data-element_type=\"column\" data-e-type=\"column\">\n\t\t\t<div class=\"elementor-widget-wrap elementor-element-populated\">\n\t\t\t\t\t\t<div class=\"elementor-element elementor-element-e324a58 elementor-widget elementor-widget-heading\" data-id=\"e324a58\" data-element_type=\"widget\" data-e-type=\"widget\" data-widget_type=\"heading.default\">\n\t\t\t\t<div class=\"elementor-widget-container\">\n\t\t\t\t\t<h2 class=\"elementor-heading-title elementor-size-default\">L\u2019\u00e9glise des j\u00e9suites \u00e0 Anvers, une r\u00e9v\u00e9lation.<\/h2>\t\t\t\t<\/div>\n\t\t\t\t<\/div>\n\t\t\t\t\t<\/div>\n\t\t<\/div>\n\t\t\t\t\t<\/div>\n\t\t<\/section>\n\t\t\t\t<section class=\"elementor-section elementor-top-section elementor-element elementor-element-e1f7ffd elementor-section-boxed elementor-section-height-default elementor-section-height-default\" data-id=\"e1f7ffd\" data-element_type=\"section\" data-e-type=\"section\">\n\t\t\t\t\t\t<div class=\"elementor-container elementor-column-gap-default\">\n\t\t\t\t\t<div class=\"elementor-column elementor-col-100 elementor-top-column elementor-element elementor-element-79cb28f\" data-id=\"79cb28f\" data-element_type=\"column\" data-e-type=\"column\">\n\t\t\t<div class=\"elementor-widget-wrap elementor-element-populated\">\n\t\t\t\t\t\t<div class=\"elementor-element elementor-element-c6d450b elementor-widget elementor-widget-heading\" data-id=\"c6d450b\" data-element_type=\"widget\" data-e-type=\"widget\" data-widget_type=\"heading.default\">\n\t\t\t\t<div class=\"elementor-widget-container\">\n\t\t\t\t\t<h1 class=\"elementor-heading-title elementor-size-default\">La maison professe<\/h1>\t\t\t\t<\/div>\n\t\t\t\t<\/div>\n\t\t\t\t\t<\/div>\n\t\t<\/div>\n\t\t\t\t\t<\/div>\n\t\t<\/section>\n\t\t\t\t<section class=\"elementor-section elementor-top-section elementor-element elementor-element-c664a8f elementor-section-boxed elementor-section-height-default elementor-section-height-default\" data-id=\"c664a8f\" data-element_type=\"section\" data-e-type=\"section\">\n\t\t\t\t\t\t<div class=\"elementor-container elementor-column-gap-default\">\n\t\t\t\t\t<div class=\"elementor-column elementor-col-66 elementor-top-column elementor-element elementor-element-09be601\" data-id=\"09be601\" data-element_type=\"column\" data-e-type=\"column\">\n\t\t\t<div class=\"elementor-widget-wrap elementor-element-populated\">\n\t\t\t\t\t\t<div class=\"elementor-element elementor-element-fc334fd elementor-widget elementor-widget-text-editor\" data-id=\"fc334fd\" data-element_type=\"widget\" data-e-type=\"widget\" data-widget_type=\"text-editor.default\">\n\t\t\t\t<div class=\"elementor-widget-container\">\n\t\t\t\t\t\t\t\t\t<h3><span style=\"color: #3366ff;\">Un centre de vie intellectuelle<\/span><\/h3>\n\t\t\t\t\t\t\t\t<\/div>\n\t\t\t\t<\/div>\n\t\t\t\t<div class=\"elementor-element elementor-element-299f7e8 elementor-widget elementor-widget-text-editor\" data-id=\"299f7e8\" data-element_type=\"widget\" data-e-type=\"widget\" data-widget_type=\"text-editor.default\">\n\t\t\t\t<div class=\"elementor-widget-container\">\n\t\t\t\t\t\t\t\t\t<p style=\"text-align: justify;\">Les P\u00e8res du coll\u00e8ge se pr\u00e9occupent de l\u2019instruction et de l\u2019\u00e9ducation, par contre ceux de la maison professe s\u2019int\u00e9ressent \u00e0 la spiritualit\u00e9, la liturgie, la confession, la pr\u00e9dication, les missions, l\u2019\u00e9tude et la recherche scientifique. Sur le plan litt\u00e9raire, ils se font conna\u00eetre par d\u2019innombrables travaux publi\u00e9s \u00e0 Anvers, grand centre de l\u2019imprimerie. Herman Hugo et Adrien Poirters publient des po\u00e8mes, Andr\u00e9 Schott des ouvrages de philologie, Carolus Scribani des livres d\u2019histoire et Daniel Papebrochius, \u2013 nom latinis\u00e9 de \u2018van Papenbroeck\u2019, le latin \u00e9tant dans les cercles humanistes la langue usuelle \u2013 des \u00e9crits sur Anvers. La litt\u00e9rature religieuse est r\u00e9ellement abondante. Le livre de r\u00e9f\u00e9rence des Congr\u00e9gations Mariales est l\u2019\u0153uvre du grand pr\u00e9dicateur Franciscus Costerus (Frans de Coster).<\/p>\n<p style=\"text-align: justify;\">Les intellectuels catholiques \u00e9tant confront\u00e9s aux l\u00e9gendes qui entourent certaines vies de saints, en plus les protestants s\u2019opposant \u00e0 la v\u00e9n\u00e9ration des saints, leurs vies sont \u00e9tudi\u00e9es par les j\u00e9suites selon des m\u00e9thodes de la critique historique. En premier lieu par Heribert Rosweyde, suivi de Johannes Bollandus, qui fait de la maison professe un centre d\u2019\u00e9tude d\u2019hagiographes qui s\u2019appelleront \u2018les Bollandistes\u2019 en m\u00e9moire de lui. Une cinquantaine de volumes de leur\u00a0<em>Acta Sanctorum\u00a0<\/em>ou<em>\u00a0La vie des Saints<\/em>\u00a0y ont vu le jour. Ce travail jouit d\u2019une renomm\u00e9e internationale. Godegridus Henschenius et le pr\u00e9nomm\u00e9 Papebrochius en sont les principaux auteurs.<\/p>\n\t\t\t\t\t\t\t\t<\/div>\n\t\t\t\t<\/div>\n\t\t\t\t<div class=\"elementor-element elementor-element-f58fb81 elementor-widget elementor-widget-text-editor\" data-id=\"f58fb81\" data-element_type=\"widget\" data-e-type=\"widget\" data-widget_type=\"text-editor.default\">\n\t\t\t\t<div class=\"elementor-widget-container\">\n\t\t\t\t\t\t\t\t\t<figure id=\"attachment_28960\" aria-describedby=\"caption-attachment-28960\" style=\"width: 137px\" class=\"wp-caption alignleft\"><img decoding=\"async\" class=\"wp-image-28960 size-thumbnail\" src=\"http:\/\/topa.be\/wp-content\/uploads\/SCB08-137x200.jpg\" alt=\"\" width=\"137\" height=\"200\" srcset=\"https:\/\/topa.be\/wp-content\/uploads\/SCB08-137x200.jpg 137w, https:\/\/topa.be\/wp-content\/uploads\/SCB08-205x300.jpg 205w, https:\/\/topa.be\/wp-content\/uploads\/SCB08.jpg 701w\" sizes=\"(max-width: 137px) 100vw, 137px\" \/><figcaption id=\"caption-attachment-28960\" class=\"wp-caption-text\">Dani\u00ebl Seghers \u2013 Couronne de fleurs autour de la Madone \u00e0 l\u2019Enfant, Wikipedia<\/figcaption><\/figure><p style=\"text-align: justify;\">Certains j\u00e9suites sont aussi des artistes : les architectes Fran\u00e7ois d\u2019Aguilon et Pieter Huyssens, le c\u00e9l\u00e8bre peintre de compositions florales Daniel Seghers (Anvers, 1590-1661) et enfin, Melchior Hamers, connu pour ses sculptures. La c\u00e9l\u00e9brit\u00e9 de Seghers, un fr\u00e8re J\u00e9suite habitant la maison professe \u00e0 partir de 1627, d\u00e9passe les fronti\u00e8res. Joost van de Vondel composa un po\u00e8me en son honneur\u00a0:<\/p><div class=\"wpb_text_column wpb_content_element \" style=\"text-align: justify;\"><div class=\"wpb_wrapper\"><table><tbody><tr><td><p><em>De geest van Seghers is een bij<br \/><\/em><em>waarop de Nederlanders roemen.<br \/><\/em><em>Zij zuigt haar honinglekkernij<br \/><\/em><em>en geur uit allerhande bloemen.<\/em>\u00a0<\/p><p><em>Een bij kwam op zijn schilderij<br \/><\/em><em>en geur en kleuren aangevlogen<br \/><\/em><em>en riep: \u2018Natuur, vergeef het mij,<br \/><\/em><em>dat bloemenpenseel heeft mij bedrogen\u2019.<\/em><\/p><\/td><td><p><em>L\u2019esprit de Seghers est une abeille<br \/><\/em><em>dont s\u2019enorgueillent les N\u00e9erlandais.<br \/><\/em><em>Elle aspire son miel succulent<br \/><\/em><em>et le parfum de diverses fleurs.<\/em>\u00a0<\/p><p><em>Une abeille se posa sur son tableau<br \/><\/em><em>attir\u00e9e par l\u2019ar\u00f4me et les couleurs<br \/><\/em><em>et s\u2019\u00e9cria \u00ab\u00a0Nature, pardonne-moi,<br \/><\/em><em>ce bouquet de fleurs m\u2019a tromp\u00e9e.<\/em><\/p><\/td><\/tr><\/tbody><\/table><\/div><\/div><div class=\"wpb_text_column wpb_content_element \"><div class=\"wpb_wrapper\"><p style=\"text-align: justify;\">\u00c0 Anvers, tr\u00e8s actifs dans les \u0153uvres caritatives, les j\u00e9suites visitent les prisonniers, les pauvres, les malades, les mourants, aussi bien \u00e0 domicile que dans les h\u00f4pitaux. Les membres des Congr\u00e9gations Mariales et leurs\u00a0<em>filles spirituelles<\/em>\u00a0les secondent dans ce minist\u00e8re. Lors des \u00e9pid\u00e9mies, les j\u00e9suites se d\u00e9pensent sans compter aux soins des malades. Ils nomment cela\u00a0<em>Assistunt pestiferis<\/em>\u00a0dans les listes de personnel. Plusieurs membres de la Compagnie de J\u00e9sus y laissent leur vie ; \u201cun disciple ne se trouve pas au-dessus de son ma\u00eetre\u201d (Mt. 10,24) ?<\/p><p style=\"text-align: justify;\">Pour cr\u00e9er un juste \u00e9quilibre entre l\u2019effort et la d\u00e9tente, chaque r\u00e9sidence de j\u00e9suites poss\u00e8de sa propre maison de campagne. En 1618, ceux de la maison professe quittent celle de Berchem pour le Rivierenhof \u00e0 Deurne tandis que les P\u00e8res du coll\u00e8ge acqui\u00e8rent le ch\u00e2teau voisin Vennenburg, qui n\u2019est autre que le domaine ter Heyden. Plus tard, il sera connu sous le nom du domaine des j\u00e9suites. Les j\u00e9suites de Lierre poss\u00e9dant la propri\u00e9t\u00e9 attenante, le Sterckxhof. Ce qui jadis appartenait aux j\u00e9suites constitue aujourd\u2019hui le plus grand poumon vert d\u2019Anvers.<\/p><p style=\"text-align: justify;\">En 1630, l\u2019internat ou convict est transf\u00e9r\u00e9 \u00e0 la Prinsstraat, pour d\u00e9m\u00e9nager \u00e0 nouveau vers une troisi\u00e8me r\u00e9sidence patricienne : l\u2019H\u00f4tel van Stralen dans la Korte Sint-Annastraat (la courte rue Sainte-Anne). Ce sera la troisi\u00e8me communaut\u00e9 ind\u00e9pendante de j\u00e9suites \u00e0 Anvers. Au milieu du XVII<sup>e<\/sup>\u00a0si\u00e8cle, elle h\u00e9berge 150 internes venant en grande partie de familles ais\u00e9es, aussi bien des environs que de l\u2019\u00e9tranger.<\/p><p style=\"text-align: justify;\">Pour assurer une d\u00e9tente aux \u00e9l\u00e8ves, les P\u00e8res de l\u2019internat louent en 1638 le domaine Crayenhof \u00e0 Burcht, situ\u00e9 \u00e0 la campagne. L\u2019ins\u00e9curit\u00e9 provoqu\u00e9e par les troupes hollandaises toutes proches, poussent les j\u00e9suites \u00e0 acqu\u00e9rir le domaine Bisschoppenhof de l\u2019\u00e9v\u00eaque Malderus au Kiel. Ils le transforment en lieu d\u2019agr\u00e9ment avec des arbres, des haies, des buissons, des \u00e9tangs et des plaines de jeux. La construction de la nouvelle chapelle Mariale qui fait aussi office d\u2019\u00e9glise pour les 4.000 habitants du Kiel et de Beerschot, donnera au domaine le nom de \u2018Mari\u00ebnborgh\u2019.<\/p><\/div><\/div>\t\t\t\t\t\t\t\t<\/div>\n\t\t\t\t<\/div>\n\t\t\t\t<section class=\"elementor-section elementor-inner-section elementor-element elementor-element-2ec805b elementor-section-boxed elementor-section-height-default elementor-section-height-default\" data-id=\"2ec805b\" data-element_type=\"section\" data-e-type=\"section\">\n\t\t\t\t\t\t<div class=\"elementor-container elementor-column-gap-default\">\n\t\t\t\t\t<div class=\"elementor-column elementor-col-50 elementor-inner-column elementor-element elementor-element-c5334da\" data-id=\"c5334da\" data-element_type=\"column\" data-e-type=\"column\">\n\t\t\t<div class=\"elementor-widget-wrap elementor-element-populated\">\n\t\t\t\t\t\t<div class=\"elementor-element elementor-element-616df10 elementor-align-center elementor-widget elementor-widget-button\" data-id=\"616df10\" data-element_type=\"widget\" data-e-type=\"widget\" data-widget_type=\"button.default\">\n\t\t\t\t<div class=\"elementor-widget-container\">\n\t\t\t\t\t\t\t\t\t<div class=\"elementor-button-wrapper\">\n\t\t\t\t\t<a class=\"elementor-button elementor-button-link elementor-size-sm\" href=\"https:\/\/topa.be\/fr\/sint-carolus-borromeus\/beschrijving\/straatnamen\/\">\n\t\t\t\t\t\t<span class=\"elementor-button-content-wrapper\">\n\t\t\t\t\t\t\t\t\t<span class=\"elementor-button-text\">Le nom des rues<\/span>\n\t\t\t\t\t<\/span>\n\t\t\t\t\t<\/a>\n\t\t\t\t<\/div>\n\t\t\t\t\t\t\t\t<\/div>\n\t\t\t\t<\/div>\n\t\t\t\t\t<\/div>\n\t\t<\/div>\n\t\t\t\t<div class=\"elementor-column elementor-col-50 elementor-inner-column elementor-element elementor-element-cbbca44\" data-id=\"cbbca44\" data-element_type=\"column\" data-e-type=\"column\">\n\t\t\t<div class=\"elementor-widget-wrap elementor-element-populated\">\n\t\t\t\t\t\t<div class=\"elementor-element elementor-element-1c753a6 elementor-align-center elementor-widget elementor-widget-button\" data-id=\"1c753a6\" data-element_type=\"widget\" data-e-type=\"widget\" data-widget_type=\"button.default\">\n\t\t\t\t<div class=\"elementor-widget-container\">\n\t\t\t\t\t\t\t\t\t<div class=\"elementor-button-wrapper\">\n\t\t\t\t\t<a class=\"elementor-button elementor-button-link elementor-size-sm\" href=\"https:\/\/topa.be\/fr\/sint-carolus-borromeus\/beschrijving\/sodaliteitsgebouw\/\">\n\t\t\t\t\t\t<span class=\"elementor-button-content-wrapper\">\n\t\t\t\t\t\t\t\t\t<span class=\"elementor-button-text\">Le b\u00e2timent des sodalit\u00e9s<\/span>\n\t\t\t\t\t<\/span>\n\t\t\t\t\t<\/a>\n\t\t\t\t<\/div>\n\t\t\t\t\t\t\t\t<\/div>\n\t\t\t\t<\/div>\n\t\t\t\t\t<\/div>\n\t\t<\/div>\n\t\t\t\t\t<\/div>\n\t\t<\/section>\n\t\t\t\t\t<\/div>\n\t\t<\/div>\n\t\t\t\t<div class=\"elementor-column elementor-col-33 elementor-top-column elementor-element elementor-element-2aa377c\" data-id=\"2aa377c\" data-element_type=\"column\" data-e-type=\"column\">\n\t\t\t<div class=\"elementor-widget-wrap elementor-element-populated\">\n\t\t\t\t\t\t<div class=\"elementor-element elementor-element-91817f6 elementor-widget elementor-widget-image\" data-id=\"91817f6\" data-element_type=\"widget\" data-e-type=\"widget\" data-widget_type=\"image.default\">\n\t\t\t\t<div class=\"elementor-widget-container\">\n\t\t\t\t\t\t\t\t\t\t\t\t\t\t\t<img fetchpriority=\"high\" decoding=\"async\" width=\"800\" height=\"800\" src=\"https:\/\/topa.be\/wp-content\/uploads\/Sint-Carolus-Borromeus.jpg\" class=\"attachment-large size-large wp-image-29764\" alt=\"\" srcset=\"https:\/\/topa.be\/wp-content\/uploads\/Sint-Carolus-Borromeus.jpg 1023w, https:\/\/topa.be\/wp-content\/uploads\/Sint-Carolus-Borromeus-300x300.jpg 300w, https:\/\/topa.be\/wp-content\/uploads\/Sint-Carolus-Borromeus-200x200.jpg 200w, https:\/\/topa.be\/wp-content\/uploads\/Sint-Carolus-Borromeus-768x768.jpg 768w\" sizes=\"(max-width: 800px) 100vw, 800px\" \/>\t\t\t\t\t\t\t\t\t\t\t\t\t\t\t<\/div>\n\t\t\t\t<\/div>\n\t\t\t\t<div class=\"elementor-element elementor-element-bc90d88 elementor-widget elementor-widget-wp-widget-nav_menu\" data-id=\"bc90d88\" data-element_type=\"widget\" data-e-type=\"widget\" data-widget_type=\"wp-widget-nav_menu.default\">\n\t\t\t\t<div class=\"elementor-widget-container\">\n\t\t\t\t\t<nav class=\"menu-beschrijving-scb-frans-container\" aria-label=\"Menu\"><ul id=\"menu-beschrijving-scb-frans\" class=\"menu\"><li id=\"menu-item-59856\" class=\"menu-item menu-item-type-post_type menu-item-object-page menu-item-59856\"><a href=\"https:\/\/topa.be\/fr\/sint-carolus-borromeus\/\">\u00c9glise Saint-Charles-Borrom\u00e9<\/a><\/li>\n<li id=\"menu-item-61180\" class=\"menu-item menu-item-type-post_type menu-item-object-page menu-item-has-children menu-item-61180\"><a href=\"https:\/\/topa.be\/fr\/sint-carolus-borromeus\/beschrijving\/\">Histoire &#038; Description<\/a>\n<ul class=\"sub-menu\">\n\t<li id=\"menu-item-59857\" class=\"menu-item menu-item-type-post_type menu-item-object-page menu-item-59857\"><a href=\"https:\/\/topa.be\/fr\/sint-carolus-borromeus\/beschrijving\/inleiding\/\">Introduction<\/a><\/li>\n\t<li id=\"menu-item-59858\" class=\"menu-item menu-item-type-post_type menu-item-object-page menu-item-59858\"><a href=\"https:\/\/topa.be\/fr\/sint-carolus-borromeus\/beschrijving\/historische-context\/\">Le contexte historique<\/a><\/li>\n\t<li id=\"menu-item-59859\" class=\"menu-item menu-item-type-post_type menu-item-object-page menu-item-59859\"><a href=\"https:\/\/topa.be\/fr\/sint-carolus-borromeus\/beschrijving\/voorplein-en-residentie\/\">L\u2019esplanade et la r\u00e9sidence<\/a><\/li>\n\t<li id=\"menu-item-59860\" class=\"menu-item menu-item-type-post_type menu-item-object-page menu-item-59860\"><a href=\"https:\/\/topa.be\/fr\/sint-carolus-borromeus\/beschrijving\/voorgeschiedenis\/\">Les ant\u00e9c\u00e9dents<\/a><\/li>\n\t<li id=\"menu-item-59861\" class=\"menu-item menu-item-type-post_type menu-item-object-page menu-item-59861\"><a href=\"https:\/\/topa.be\/fr\/sint-carolus-borromeus\/beschrijving\/college\/\">Le coll\u00e8ge<\/a><\/li>\n\t<li id=\"menu-item-59862\" class=\"menu-item menu-item-type-post_type menu-item-object-page menu-item-59862\"><a href=\"https:\/\/topa.be\/fr\/sint-carolus-borromeus\/beschrijving\/ruimtewerking\/\">L\u2019effet spatial<\/a><\/li>\n\t<li id=\"menu-item-59863\" class=\"menu-item menu-item-type-post_type menu-item-object-page menu-item-59863\"><a href=\"https:\/\/topa.be\/fr\/sint-carolus-borromeus\/beschrijving\/straatnamen\/\">Le nom des rues<\/a><\/li>\n\t<li id=\"menu-item-59864\" class=\"menu-item menu-item-type-post_type menu-item-object-page menu-item-59864\"><a href=\"https:\/\/topa.be\/fr\/sint-carolus-borromeus\/beschrijving\/professenhuis\/\">La maison professe<\/a><\/li>\n\t<li id=\"menu-item-59865\" class=\"menu-item menu-item-type-post_type menu-item-object-page menu-item-59865\"><a href=\"https:\/\/topa.be\/fr\/sint-carolus-borromeus\/beschrijving\/sodaliteitsgebouw\/\">Le b\u00e2timent des sodalit\u00e9s<\/a><\/li>\n\t<li id=\"menu-item-59866\" class=\"menu-item menu-item-type-post_type menu-item-object-page menu-item-has-children menu-item-59866\"><a href=\"https:\/\/topa.be\/fr\/sint-carolus-borromeus\/beschrijving\/voorgevel\/\">La fa\u00e7ade<\/a>\n\t<ul class=\"sub-menu\">\n\t\t<li id=\"menu-item-59867\" class=\"menu-item menu-item-type-post_type menu-item-object-page menu-item-59867\"><a href=\"https:\/\/topa.be\/fr\/sint-carolus-borromeus\/beschrijving\/voorgevel\/heb-je-me-gezien\/\">M\u2019avez-vous remarqu\u00e9e ?<\/a><\/li>\n\t\t<li id=\"menu-item-59868\" class=\"menu-item menu-item-type-post_type menu-item-object-page menu-item-59868\"><a href=\"https:\/\/topa.be\/fr\/sint-carolus-borromeus\/beschrijving\/voorgevel\/algemeen-nut\/\">Message d\u2019utilit\u00e9 publique<\/a><\/li>\n\t\t<li id=\"menu-item-59869\" class=\"menu-item menu-item-type-post_type menu-item-object-page menu-item-59869\"><a href=\"https:\/\/topa.be\/fr\/sint-carolus-borromeus\/beschrijving\/voorgevel\/geschiedenisboek\/\">L\u2019histoire \u00e0 livre ouvert<\/a><\/li>\n\t<\/ul>\n<\/li>\n\t<li id=\"menu-item-59870\" class=\"menu-item menu-item-type-post_type menu-item-object-page menu-item-59870\"><a href=\"https:\/\/topa.be\/fr\/sint-carolus-borromeus\/beschrijving\/toren\/\">La tour<\/a><\/li>\n\t<li id=\"menu-item-59871\" class=\"menu-item menu-item-type-post_type menu-item-object-page menu-item-59871\"><a href=\"https:\/\/topa.be\/fr\/sint-carolus-borromeus\/beschrijving\/interieur\/\">L\u2019int\u00e9rieur<\/a><\/li>\n\t<li id=\"menu-item-59872\" class=\"menu-item menu-item-type-post_type menu-item-object-page menu-item-59872\"><a href=\"https:\/\/topa.be\/fr\/sint-carolus-borromeus\/beschrijving\/hoofdaltaar\/\">Le ma\u00eetre-autel<\/a><\/li>\n\t<li id=\"menu-item-59873\" class=\"menu-item menu-item-type-post_type menu-item-object-page menu-item-59873\"><a href=\"https:\/\/topa.be\/fr\/sint-carolus-borromeus\/beschrijving\/preekstoel\/\">La chaire de v\u00e9rit\u00e9<\/a><\/li>\n\t<li id=\"menu-item-59874\" class=\"menu-item menu-item-type-post_type menu-item-object-page menu-item-59874\"><a href=\"https:\/\/topa.be\/fr\/sint-carolus-borromeus\/beschrijving\/biechtstoelen\/\">Les confessionnaux<\/a><\/li>\n\t<li id=\"menu-item-59875\" class=\"menu-item menu-item-type-post_type menu-item-object-page menu-item-59875\"><a href=\"https:\/\/topa.be\/fr\/sint-carolus-borromeus\/beschrijving\/plafondcycli\/\">Les cycles des plafonds<\/a><\/li>\n\t<li id=\"menu-item-59876\" class=\"menu-item menu-item-type-post_type menu-item-object-page menu-item-59876\"><a href=\"https:\/\/topa.be\/fr\/sint-carolus-borromeus\/beschrijving\/mariakapel\/\">La chapelle Mariale<\/a><\/li>\n\t<li id=\"menu-item-59877\" class=\"menu-item menu-item-type-post_type menu-item-object-page menu-item-59877\"><a href=\"https:\/\/topa.be\/fr\/sint-carolus-borromeus\/beschrijving\/sint-ignatiuskapel\/\">La chapelle Saint-Ignace<\/a><\/li>\n\t<li id=\"menu-item-59878\" class=\"menu-item menu-item-type-post_type menu-item-object-page menu-item-59878\"><a href=\"https:\/\/topa.be\/fr\/sint-carolus-borromeus\/beschrijving\/sint-franciscus-xaveriuskapel\/\">La chapelle St. Fran\u00e7ois-Xavier<\/a><\/li>\n\t<li id=\"menu-item-59879\" class=\"menu-item menu-item-type-post_type menu-item-object-page menu-item-59879\"><a href=\"https:\/\/topa.be\/fr\/sint-carolus-borromeus\/beschrijving\/galerijen\/\">Les galeries<\/a><\/li>\n\t<li id=\"menu-item-59880\" class=\"menu-item menu-item-type-post_type menu-item-object-page menu-item-59880\"><a href=\"https:\/\/topa.be\/fr\/sint-carolus-borromeus\/beschrijving\/orgel\/\">L\u2019orgue<\/a><\/li>\n\t<li id=\"menu-item-59881\" class=\"menu-item menu-item-type-post_type menu-item-object-page menu-item-59881\"><a href=\"https:\/\/topa.be\/fr\/sint-carolus-borromeus\/beschrijving\/sacristie\/\">La sacristie<\/a><\/li>\n\t<li id=\"menu-item-59882\" class=\"menu-item menu-item-type-post_type menu-item-object-page menu-item-59882\"><a href=\"https:\/\/topa.be\/fr\/sint-carolus-borromeus\/beschrijving\/buitengaan\/\">En sortant<\/a><\/li>\n\t<li id=\"menu-item-59883\" class=\"menu-item menu-item-type-post_type menu-item-object-page menu-item-59883\"><a href=\"https:\/\/topa.be\/fr\/sint-carolus-borromeus\/beschrijving\/nawoord\/\">\u00c9pilogue<\/a><\/li>\n\t<li id=\"menu-item-59884\" class=\"menu-item menu-item-type-post_type menu-item-object-page menu-item-59884\"><a href=\"https:\/\/topa.be\/fr\/sint-carolus-borromeus\/beschrijving\/bibliografie\/\">Bibliographie<\/a><\/li>\n<\/ul>\n<\/li>\n<\/ul><\/nav>\t\t\t\t<\/div>\n\t\t\t\t<\/div>\n\t\t\t\t\t<\/div>\n\t\t<\/div>\n\t\t\t\t\t<\/div>\n\t\t<\/section>\n\t\t\t\t<\/div>\n\t\t","protected":false},"excerpt":{"rendered":"<p>L\u2019\u00e9glise des j\u00e9suites \u00e0 Anvers, une r\u00e9v\u00e9lation. La maison professe Un centre de vie intellectuelle Les P\u00e8res du coll\u00e8ge se pr\u00e9occupent de l\u2019instruction et de l\u2019\u00e9ducation, par contre ceux de la maison professe s\u2019int\u00e9ressent \u00e0 la spiritualit\u00e9, la liturgie, la confession, la pr\u00e9dication, les missions, l\u2019\u00e9tude et la recherche scientifique. Sur le plan litt\u00e9raire, ils [&hellip;]<\/p>\n","protected":false},"author":16,"featured_media":0,"parent":37725,"menu_order":80,"comment_status":"closed","ping_status":"closed","template":"","meta":{"footnotes":""},"class_list":["post-39185","page","type-page","status-publish","hentry"],"aioseo_notices":[],"_links":{"self":[{"href":"https:\/\/topa.be\/fr\/wp-json\/wp\/v2\/pages\/39185","targetHints":{"allow":["GET"]}}],"collection":[{"href":"https:\/\/topa.be\/fr\/wp-json\/wp\/v2\/pages"}],"about":[{"href":"https:\/\/topa.be\/fr\/wp-json\/wp\/v2\/types\/page"}],"author":[{"embeddable":true,"href":"https:\/\/topa.be\/fr\/wp-json\/wp\/v2\/users\/16"}],"replies":[{"embeddable":true,"href":"https:\/\/topa.be\/fr\/wp-json\/wp\/v2\/comments?post=39185"}],"version-history":[{"count":3,"href":"https:\/\/topa.be\/fr\/wp-json\/wp\/v2\/pages\/39185\/revisions"}],"predecessor-version":[{"id":45821,"href":"https:\/\/topa.be\/fr\/wp-json\/wp\/v2\/pages\/39185\/revisions\/45821"}],"up":[{"embeddable":true,"href":"https:\/\/topa.be\/fr\/wp-json\/wp\/v2\/pages\/37725"}],"wp:attachment":[{"href":"https:\/\/topa.be\/fr\/wp-json\/wp\/v2\/media?parent=39185"}],"curies":[{"name":"wp","href":"https:\/\/api.w.org\/{rel}","templated":true}]}}