{"id":39183,"date":"2021-06-06T00:11:56","date_gmt":"2021-06-05T22:11:56","guid":{"rendered":"http:\/\/topa.be\/sint-carolus-borromeus\/beschrijving-2\/sodaliteitsgebouw\/"},"modified":"2021-07-19T14:15:33","modified_gmt":"2021-07-19T12:15:33","slug":"sodaliteitsgebouw","status":"publish","type":"page","link":"https:\/\/topa.be\/fr\/sint-carolus-borromeus\/beschrijving\/sodaliteitsgebouw\/","title":{"rendered":"SCB Le b\u00e2timent des sodalit\u00e9s"},"content":{"rendered":"\t\t<div data-elementor-type=\"wp-page\" data-elementor-id=\"39183\" class=\"elementor elementor-39183 elementor-33752\" data-elementor-post-type=\"page\">\n\t\t\t\t\t\t<section class=\"elementor-section elementor-top-section elementor-element elementor-element-53eede8 elementor-section-boxed elementor-section-height-default elementor-section-height-default\" data-id=\"53eede8\" data-element_type=\"section\" data-e-type=\"section\">\n\t\t\t\t\t\t<div class=\"elementor-container elementor-column-gap-default\">\n\t\t\t\t\t<div class=\"elementor-column elementor-col-100 elementor-top-column elementor-element elementor-element-a55a5c9\" data-id=\"a55a5c9\" data-element_type=\"column\" data-e-type=\"column\">\n\t\t\t<div class=\"elementor-widget-wrap elementor-element-populated\">\n\t\t\t\t\t\t<div class=\"elementor-element elementor-element-6ae04b3 elementor-widget elementor-widget-heading\" data-id=\"6ae04b3\" data-element_type=\"widget\" data-e-type=\"widget\" data-widget_type=\"heading.default\">\n\t\t\t\t<div class=\"elementor-widget-container\">\n\t\t\t\t\t<h2 class=\"elementor-heading-title elementor-size-default\">L\u2019\u00e9glise des j\u00e9suites \u00e0 Anvers, une r\u00e9v\u00e9lation.<\/h2>\t\t\t\t<\/div>\n\t\t\t\t<\/div>\n\t\t\t\t\t<\/div>\n\t\t<\/div>\n\t\t\t\t\t<\/div>\n\t\t<\/section>\n\t\t\t\t<section class=\"elementor-section elementor-top-section elementor-element elementor-element-84bdaa9 elementor-section-boxed elementor-section-height-default elementor-section-height-default\" data-id=\"84bdaa9\" data-element_type=\"section\" data-e-type=\"section\">\n\t\t\t\t\t\t<div class=\"elementor-container elementor-column-gap-default\">\n\t\t\t\t\t<div class=\"elementor-column elementor-col-100 elementor-top-column elementor-element elementor-element-6953230\" data-id=\"6953230\" data-element_type=\"column\" data-e-type=\"column\">\n\t\t\t<div class=\"elementor-widget-wrap elementor-element-populated\">\n\t\t\t\t\t\t<div class=\"elementor-element elementor-element-6d37e90 elementor-widget elementor-widget-heading\" data-id=\"6d37e90\" data-element_type=\"widget\" data-e-type=\"widget\" data-widget_type=\"heading.default\">\n\t\t\t\t<div class=\"elementor-widget-container\">\n\t\t\t\t\t<h1 class=\"elementor-heading-title elementor-size-default\">Le b\u00e2timent des sodalit\u00e9s<\/h1>\t\t\t\t<\/div>\n\t\t\t\t<\/div>\n\t\t\t\t\t<\/div>\n\t\t<\/div>\n\t\t\t\t\t<\/div>\n\t\t<\/section>\n\t\t\t\t<section class=\"elementor-section elementor-top-section elementor-element elementor-element-ba035f7 elementor-section-boxed elementor-section-height-default elementor-section-height-default\" data-id=\"ba035f7\" data-element_type=\"section\" data-e-type=\"section\">\n\t\t\t\t\t\t<div class=\"elementor-container elementor-column-gap-default\">\n\t\t\t\t\t<div class=\"elementor-column elementor-col-66 elementor-top-column elementor-element elementor-element-6136856\" data-id=\"6136856\" data-element_type=\"column\" data-e-type=\"column\">\n\t\t\t<div class=\"elementor-widget-wrap elementor-element-populated\">\n\t\t\t\t\t\t<div class=\"elementor-element elementor-element-3241015 elementor-widget elementor-widget-text-editor\" data-id=\"3241015\" data-element_type=\"widget\" data-e-type=\"widget\" data-widget_type=\"text-editor.default\">\n\t\t\t\t<div class=\"elementor-widget-container\">\n\t\t\t\t\t\t\t\t\t<h3><span style=\"color: #3366ff;\">Se rassembler autour de Marie<\/span><\/h3>\n\t\t\t\t\t\t\t\t<\/div>\n\t\t\t\t<\/div>\n\t\t\t\t<div class=\"elementor-element elementor-element-fda182e elementor-widget elementor-widget-text-editor\" data-id=\"fda182e\" data-element_type=\"widget\" data-e-type=\"widget\" data-widget_type=\"text-editor.default\">\n\t\t\t\t<div class=\"elementor-widget-container\">\n\t\t\t\t\t\t\t\t\t<p style=\"text-align: justify;\">Les P\u00e8res de la maison professe s\u2019engagent \u00e9galement dans les congr\u00e9gations Mariales ou Sodalit\u00e9s. Pour stimuler tout homme de tout rang, de toute condition et de tout \u00e2ge \u00e0 rehausser son id\u00e9al de saintet\u00e9, la Soci\u00e9t\u00e9 de J\u00e9sus fonde des associations prenant Marie, la M\u00e8re de J\u00e9sus, comme sainte patronne. Selon l\u2019\u00e2ge, le niveau de vie et\/ou la langue, les membres se r\u00e9unissent le dimanche matin. Les premi\u00e8res sodalit\u00e9s naissent parmi les \u00e9tudiants du coll\u00e8ge, apr\u00e8s la prise de la ville en 1585. Ce sont eux qui parviendront \u00e0 remettre une \u00e9norme statue de la Vierge, patronne d\u2019Anvers, une \u0153uvre de Philippe de Vos, dans la niche de la fa\u00e7ade de l\u2019h\u00f4tel de ville. Cette fa\u00e7on d\u2019approfondir sa Foi enthousiasme un public tr\u00e8s sp\u00e9cifique d\u2019intellectuels, de bourgeois et d\u2019artistes. L\u2019apostolat conna\u00eet un succ\u00e8s in\u00e9gal\u00e9, tant par son nombre de membres, par ses d\u00e9marches, que par son influence. Ses membres en nombre grandissant (plus de 3000), r\u00e9partis entre une dizaine de sodalit\u00e9s, les obligent \u00e0 construire, entre 1622 et 1624, et cela \u00e0 leurs frais, une aile s\u00e9par\u00e9e : le b\u00e2timent de la sodalit\u00e9 comprenant deux grandes chapelles superpos\u00e9es.<\/p>\n<p style=\"text-align: justify;\">Le rez-de-chauss\u00e9e est destin\u00e9 aux adultes qui s\u2019affilient soit aux Hommes Mari\u00e9s N\u00e9erlandophones, soit aux Latinistes, plus \u00e9rudits, dont Pierre Paul Rubens, Balthasar Moretus et quelques religieux comme le chanoine Aubert Miraeus. Ces deux sections sont sous la protection de la Vierge de l\u2019Annonciation et peuvent admirer le tableau qui d\u00e9core l\u2019autel, peint de la main de leur compagnon Rubens en personne. Sa participation active se prolonge par deux mandats de membre du conseil d\u2019administration. Plus tard, la section Francophone des Wallons, soit les \u00e9trangers r\u00e9sidant \u00e0 Anvers, viendra s\u2019y ajouter sous le titre de la Conception Immacul\u00e9e de Marie.<\/p>\n\t\t\t\t\t\t\t\t<\/div>\n\t\t\t\t<\/div>\n\t\t\t\t<div class=\"elementor-element elementor-element-c505607 elementor-widget elementor-widget-text-editor\" data-id=\"c505607\" data-element_type=\"widget\" data-e-type=\"widget\" data-widget_type=\"text-editor.default\">\n\t\t\t\t<div class=\"elementor-widget-container\">\n\t\t\t\t\t\t\t\t\t<figure id=\"attachment_28972\" aria-describedby=\"caption-attachment-28972\" style=\"width: 246px\" class=\"wp-caption alignleft\"><img fetchpriority=\"high\" decoding=\"async\" class=\"size-medium wp-image-28972\" src=\"http:\/\/topa.be\/wp-content\/uploads\/SCB09-246x300.jpg\" alt=\"\" width=\"246\" height=\"300\" srcset=\"https:\/\/topa.be\/wp-content\/uploads\/SCB09-246x300.jpg 246w, https:\/\/topa.be\/wp-content\/uploads\/SCB09-164x200.jpg 164w, https:\/\/topa.be\/wp-content\/uploads\/SCB09-768x938.jpg 768w, https:\/\/topa.be\/wp-content\/uploads\/SCB09.jpg 838w\" sizes=\"(max-width: 246px) 100vw, 246px\" \/><figcaption id=\"caption-attachment-28972\" class=\"wp-caption-text\">Le mariage mystique du bienheureux Herman Joseph avec Notre-Dame, Antoine van Dyck, 1630, (Kunsthistorisches Museum, Wien, photo Wikipedia)<\/figcaption><\/figure><p style=\"text-align: justify;\">La chapelle sup\u00e9rieure est occup\u00e9e par les jeunes n\u00e9erlandophones, plus aptes \u00e0 faire les escaliers. Le c\u00e9libataire de plus de 18 ans fait partie de la sodalit\u00e9 des\u00a0<em>Jeunes Gens \u00c2g\u00e9s,<\/em>\u00a0sous le titre de La Nativit\u00e9 de la Vierge. Antoine Van Dyck, le plus illustre de ses membres, peint pour le Ma\u00eetre-autel\u00a0<em>La Vierge \u00e0 l\u2019Enfant et sainte Rosalie<\/em>\u00a0ainsi que\u00a0<em>Le mariage mystique du bienheureux Herman Joseph<\/em>. Tr\u00e8s raisonnable dans les montants de sa facture, Van Dyck prouve sans doute par ce geste qu\u2019il \u00e9tait plus qu\u2019un membre passif de la sodalit\u00e9.<\/p><p style=\"text-align: justify;\">Que tant d\u2019artistes soient membres d\u2019une de ces congr\u00e9gations de Marie est assez surprenant. Leur inscription \u00e0 ces congr\u00e9gations, apr\u00e8s l\u2019inscription \u00e0 la guilde de St-Luc, est la source biographique la plus cit\u00e9e pour le baroque anversois. Cela ne nous \u00e9tonnera donc gu\u00e8re que ces locaux fussent des temples de beaut\u00e9 artistique.<\/p><p style=\"text-align: justify;\">La chapelle sup\u00e9rieure a d\u00fb \u00eatre de toute beaut\u00e9, riche en couleurs et en mat\u00e9riaux. Un cycle de pas moins de 27 tableaux en l\u2019honneur de Marie ornait le plafond\u00a0; neuf trav\u00e9es avec chacune une sc\u00e8ne de la vie de Marie, entour\u00e9e de symboles et d\u2019embl\u00e8mes. Des soldats fran\u00e7ais (d\u2019avant la R\u00e9volution), \u00e0 tels points admiratifs trouv\u00e8rent cette chapelle digne de servir de salle \u00e0 manger du Roi. Toute cette magnificence se perdit, en 1773, lors de la suppression de l\u2019Ordre des j\u00e9suites : acte injuste puisque les sodalit\u00e9s disposaient d\u2019un statut ind\u00e9pendant, ayant toujours \u00e9t\u00e9 garantes des co\u00fbts de construction, d\u2019am\u00e9nagement, de d\u00e9coration et d\u2019entretien.<\/p><p style=\"text-align: justify;\">Si les futures classes dirigeantes trouvent leur place dans leur coll\u00e8ge prestigieux, les j\u00e9suites n\u2019oublient pas, pour autant, les jeunes travailleurs. Tant en ville qu\u2019\u00e0 la campagne environnante, dans le cadre de l\u2019enseignement dominical, les membres des congr\u00e9gations mariales organisent des cours de cat\u00e9chisme. Pour ce faire, ils disposent de treize chapelles parsem\u00e9es dans la ville. En 1609, pas moins de 3.200 enfants sont ainsi contact\u00e9s. Une sodalit\u00e9 particuli\u00e8re, la Confr\u00e9rie de l\u2019Instruction Chr\u00e9tienne, son patron \u00e9tant saint Charles Borrom\u00e9e, conf\u00e8re \u00e0 cette t\u00e2che encore plus d\u2019attention. Une quarantaine de dames de la bourgeoisie et de la noblesse prennent les jeunes filles en charge. Les Filles Spirituelles forment une cat\u00e9gorie sp\u00e9ciale\u00a0: ces femmes de la bourgeoisie font v\u0153ux de virginit\u00e9 et tendent \u00e0 suivre les pr\u00e9ceptes chr\u00e9tiens. La plupart vivent chez leurs parents. Pour les guider, elles s\u2019adressent \u00e0 un p\u00e8re j\u00e9suite qui sera leur directeur de conscience.<\/p><p style=\"text-align: justify;\">Le d\u00e9sir d\u2019apprendre chez les enfants est favoris\u00e9 par des concours r\u00e9compens\u00e9s par une distribution d\u2019images, de m\u00e9dailles, de chapelets et de livres de pri\u00e8res. Tout ceci d\u00e9bouche sur une belle f\u00eate du cat\u00e9chisme pendant laquelle des sayn\u00e8tes bibliques et all\u00e9goriques sont interpr\u00e9t\u00e9es. Ainsi naquit, chez les j\u00e9suites flamands, la F\u00eate de la Premi\u00e8re Communion (1656). En une seule ann\u00e9e, l\u2019\u00e9glise des j\u00e9suites compte parfois 1600 premiers communiants. Pour soutenir l\u2019enseignement oral de la cat\u00e9ch\u00e8se, les j\u00e9suites anversois distribuent des livrets de cat\u00e9chisme. Ceci conduit le p\u00e8re Willem de Pretere, en 1623, au c\u00e9l\u00e8bre\u00a0<em>Cat\u00e9chisme de Malines.<\/em><\/p>\t\t\t\t\t\t\t\t<\/div>\n\t\t\t\t<\/div>\n\t\t\t\t<section class=\"elementor-section elementor-inner-section elementor-element elementor-element-d9e2a88 elementor-section-boxed elementor-section-height-default elementor-section-height-default\" data-id=\"d9e2a88\" data-element_type=\"section\" data-e-type=\"section\">\n\t\t\t\t\t\t<div class=\"elementor-container elementor-column-gap-default\">\n\t\t\t\t\t<div class=\"elementor-column elementor-col-50 elementor-inner-column elementor-element elementor-element-89db575\" data-id=\"89db575\" data-element_type=\"column\" data-e-type=\"column\">\n\t\t\t<div class=\"elementor-widget-wrap elementor-element-populated\">\n\t\t\t\t\t\t<div class=\"elementor-element elementor-element-1af0fc4 elementor-align-center elementor-widget elementor-widget-button\" data-id=\"1af0fc4\" data-element_type=\"widget\" data-e-type=\"widget\" data-widget_type=\"button.default\">\n\t\t\t\t<div class=\"elementor-widget-container\">\n\t\t\t\t\t\t\t\t\t<div class=\"elementor-button-wrapper\">\n\t\t\t\t\t<a class=\"elementor-button elementor-button-link elementor-size-sm\" href=\"https:\/\/topa.be\/fr\/sint-carolus-borromeus\/beschrijving\/professenhuis\/\">\n\t\t\t\t\t\t<span class=\"elementor-button-content-wrapper\">\n\t\t\t\t\t\t\t\t\t<span class=\"elementor-button-text\">La maison professe<\/span>\n\t\t\t\t\t<\/span>\n\t\t\t\t\t<\/a>\n\t\t\t\t<\/div>\n\t\t\t\t\t\t\t\t<\/div>\n\t\t\t\t<\/div>\n\t\t\t\t\t<\/div>\n\t\t<\/div>\n\t\t\t\t<div class=\"elementor-column elementor-col-50 elementor-inner-column elementor-element elementor-element-b3aa019\" data-id=\"b3aa019\" data-element_type=\"column\" data-e-type=\"column\">\n\t\t\t<div class=\"elementor-widget-wrap elementor-element-populated\">\n\t\t\t\t\t\t<div class=\"elementor-element elementor-element-0ce2e45 elementor-align-center elementor-widget elementor-widget-button\" data-id=\"0ce2e45\" data-element_type=\"widget\" data-e-type=\"widget\" data-widget_type=\"button.default\">\n\t\t\t\t<div class=\"elementor-widget-container\">\n\t\t\t\t\t\t\t\t\t<div class=\"elementor-button-wrapper\">\n\t\t\t\t\t<a class=\"elementor-button elementor-button-link elementor-size-sm\" href=\"https:\/\/topa.be\/fr\/sint-carolus-borromeus\/beschrijving\/voorgevel\/\">\n\t\t\t\t\t\t<span class=\"elementor-button-content-wrapper\">\n\t\t\t\t\t\t\t\t\t<span class=\"elementor-button-text\">La fa\u00e7ade<\/span>\n\t\t\t\t\t<\/span>\n\t\t\t\t\t<\/a>\n\t\t\t\t<\/div>\n\t\t\t\t\t\t\t\t<\/div>\n\t\t\t\t<\/div>\n\t\t\t\t\t<\/div>\n\t\t<\/div>\n\t\t\t\t\t<\/div>\n\t\t<\/section>\n\t\t\t\t\t<\/div>\n\t\t<\/div>\n\t\t\t\t<div class=\"elementor-column elementor-col-33 elementor-top-column elementor-element elementor-element-f08acc5\" data-id=\"f08acc5\" data-element_type=\"column\" data-e-type=\"column\">\n\t\t\t<div class=\"elementor-widget-wrap elementor-element-populated\">\n\t\t\t\t\t\t<div class=\"elementor-element elementor-element-233e8d6 elementor-widget elementor-widget-image\" data-id=\"233e8d6\" data-element_type=\"widget\" data-e-type=\"widget\" data-widget_type=\"image.default\">\n\t\t\t\t<div class=\"elementor-widget-container\">\n\t\t\t\t\t\t\t\t\t\t\t\t\t\t\t<img decoding=\"async\" width=\"800\" height=\"800\" src=\"https:\/\/topa.be\/wp-content\/uploads\/Sint-Carolus-Borromeus.jpg\" class=\"attachment-large size-large wp-image-29764\" alt=\"\" srcset=\"https:\/\/topa.be\/wp-content\/uploads\/Sint-Carolus-Borromeus.jpg 1023w, https:\/\/topa.be\/wp-content\/uploads\/Sint-Carolus-Borromeus-300x300.jpg 300w, https:\/\/topa.be\/wp-content\/uploads\/Sint-Carolus-Borromeus-200x200.jpg 200w, https:\/\/topa.be\/wp-content\/uploads\/Sint-Carolus-Borromeus-768x768.jpg 768w\" sizes=\"(max-width: 800px) 100vw, 800px\" \/>\t\t\t\t\t\t\t\t\t\t\t\t\t\t\t<\/div>\n\t\t\t\t<\/div>\n\t\t\t\t<div class=\"elementor-element elementor-element-53381e8 elementor-widget elementor-widget-wp-widget-nav_menu\" data-id=\"53381e8\" data-element_type=\"widget\" data-e-type=\"widget\" data-widget_type=\"wp-widget-nav_menu.default\">\n\t\t\t\t<div class=\"elementor-widget-container\">\n\t\t\t\t\t<nav class=\"menu-beschrijving-scb-frans-container\" aria-label=\"Menu\"><ul id=\"menu-beschrijving-scb-frans\" class=\"menu\"><li id=\"menu-item-59856\" class=\"menu-item menu-item-type-post_type menu-item-object-page menu-item-59856\"><a href=\"https:\/\/topa.be\/fr\/sint-carolus-borromeus\/\">\u00c9glise Saint-Charles-Borrom\u00e9<\/a><\/li>\n<li id=\"menu-item-61180\" class=\"menu-item menu-item-type-post_type menu-item-object-page menu-item-has-children menu-item-61180\"><a href=\"https:\/\/topa.be\/fr\/sint-carolus-borromeus\/beschrijving\/\">Histoire &#038; Description<\/a>\n<ul class=\"sub-menu\">\n\t<li id=\"menu-item-59857\" class=\"menu-item menu-item-type-post_type menu-item-object-page menu-item-59857\"><a href=\"https:\/\/topa.be\/fr\/sint-carolus-borromeus\/beschrijving\/inleiding\/\">Introduction<\/a><\/li>\n\t<li id=\"menu-item-59858\" class=\"menu-item menu-item-type-post_type menu-item-object-page menu-item-59858\"><a href=\"https:\/\/topa.be\/fr\/sint-carolus-borromeus\/beschrijving\/historische-context\/\">Le contexte historique<\/a><\/li>\n\t<li id=\"menu-item-59859\" class=\"menu-item menu-item-type-post_type menu-item-object-page menu-item-59859\"><a href=\"https:\/\/topa.be\/fr\/sint-carolus-borromeus\/beschrijving\/voorplein-en-residentie\/\">L\u2019esplanade et la r\u00e9sidence<\/a><\/li>\n\t<li id=\"menu-item-59860\" class=\"menu-item menu-item-type-post_type menu-item-object-page menu-item-59860\"><a href=\"https:\/\/topa.be\/fr\/sint-carolus-borromeus\/beschrijving\/voorgeschiedenis\/\">Les ant\u00e9c\u00e9dents<\/a><\/li>\n\t<li id=\"menu-item-59861\" class=\"menu-item menu-item-type-post_type menu-item-object-page menu-item-59861\"><a href=\"https:\/\/topa.be\/fr\/sint-carolus-borromeus\/beschrijving\/college\/\">Le coll\u00e8ge<\/a><\/li>\n\t<li id=\"menu-item-59862\" class=\"menu-item menu-item-type-post_type menu-item-object-page menu-item-59862\"><a href=\"https:\/\/topa.be\/fr\/sint-carolus-borromeus\/beschrijving\/ruimtewerking\/\">L\u2019effet spatial<\/a><\/li>\n\t<li id=\"menu-item-59863\" class=\"menu-item menu-item-type-post_type menu-item-object-page menu-item-59863\"><a href=\"https:\/\/topa.be\/fr\/sint-carolus-borromeus\/beschrijving\/straatnamen\/\">Le nom des rues<\/a><\/li>\n\t<li id=\"menu-item-59864\" class=\"menu-item menu-item-type-post_type menu-item-object-page menu-item-59864\"><a href=\"https:\/\/topa.be\/fr\/sint-carolus-borromeus\/beschrijving\/professenhuis\/\">La maison professe<\/a><\/li>\n\t<li id=\"menu-item-59865\" class=\"menu-item menu-item-type-post_type menu-item-object-page menu-item-59865\"><a href=\"https:\/\/topa.be\/fr\/sint-carolus-borromeus\/beschrijving\/sodaliteitsgebouw\/\">Le b\u00e2timent des sodalit\u00e9s<\/a><\/li>\n\t<li id=\"menu-item-59866\" class=\"menu-item menu-item-type-post_type menu-item-object-page menu-item-has-children menu-item-59866\"><a href=\"https:\/\/topa.be\/fr\/sint-carolus-borromeus\/beschrijving\/voorgevel\/\">La fa\u00e7ade<\/a>\n\t<ul class=\"sub-menu\">\n\t\t<li id=\"menu-item-59867\" class=\"menu-item menu-item-type-post_type menu-item-object-page menu-item-59867\"><a href=\"https:\/\/topa.be\/fr\/sint-carolus-borromeus\/beschrijving\/voorgevel\/heb-je-me-gezien\/\">M\u2019avez-vous remarqu\u00e9e ?<\/a><\/li>\n\t\t<li id=\"menu-item-59868\" class=\"menu-item menu-item-type-post_type menu-item-object-page menu-item-59868\"><a href=\"https:\/\/topa.be\/fr\/sint-carolus-borromeus\/beschrijving\/voorgevel\/algemeen-nut\/\">Message d\u2019utilit\u00e9 publique<\/a><\/li>\n\t\t<li id=\"menu-item-59869\" class=\"menu-item menu-item-type-post_type menu-item-object-page menu-item-59869\"><a href=\"https:\/\/topa.be\/fr\/sint-carolus-borromeus\/beschrijving\/voorgevel\/geschiedenisboek\/\">L\u2019histoire \u00e0 livre ouvert<\/a><\/li>\n\t<\/ul>\n<\/li>\n\t<li id=\"menu-item-59870\" class=\"menu-item menu-item-type-post_type menu-item-object-page menu-item-59870\"><a href=\"https:\/\/topa.be\/fr\/sint-carolus-borromeus\/beschrijving\/toren\/\">La tour<\/a><\/li>\n\t<li id=\"menu-item-59871\" class=\"menu-item menu-item-type-post_type menu-item-object-page menu-item-59871\"><a href=\"https:\/\/topa.be\/fr\/sint-carolus-borromeus\/beschrijving\/interieur\/\">L\u2019int\u00e9rieur<\/a><\/li>\n\t<li id=\"menu-item-59872\" class=\"menu-item menu-item-type-post_type menu-item-object-page menu-item-59872\"><a href=\"https:\/\/topa.be\/fr\/sint-carolus-borromeus\/beschrijving\/hoofdaltaar\/\">Le ma\u00eetre-autel<\/a><\/li>\n\t<li id=\"menu-item-59873\" class=\"menu-item menu-item-type-post_type menu-item-object-page menu-item-59873\"><a href=\"https:\/\/topa.be\/fr\/sint-carolus-borromeus\/beschrijving\/preekstoel\/\">La chaire de v\u00e9rit\u00e9<\/a><\/li>\n\t<li id=\"menu-item-59874\" class=\"menu-item menu-item-type-post_type menu-item-object-page menu-item-59874\"><a href=\"https:\/\/topa.be\/fr\/sint-carolus-borromeus\/beschrijving\/biechtstoelen\/\">Les confessionnaux<\/a><\/li>\n\t<li id=\"menu-item-59875\" class=\"menu-item menu-item-type-post_type menu-item-object-page menu-item-59875\"><a href=\"https:\/\/topa.be\/fr\/sint-carolus-borromeus\/beschrijving\/plafondcycli\/\">Les cycles des plafonds<\/a><\/li>\n\t<li id=\"menu-item-59876\" class=\"menu-item menu-item-type-post_type menu-item-object-page menu-item-59876\"><a href=\"https:\/\/topa.be\/fr\/sint-carolus-borromeus\/beschrijving\/mariakapel\/\">La chapelle Mariale<\/a><\/li>\n\t<li id=\"menu-item-59877\" class=\"menu-item menu-item-type-post_type menu-item-object-page menu-item-59877\"><a href=\"https:\/\/topa.be\/fr\/sint-carolus-borromeus\/beschrijving\/sint-ignatiuskapel\/\">La chapelle Saint-Ignace<\/a><\/li>\n\t<li id=\"menu-item-59878\" class=\"menu-item menu-item-type-post_type menu-item-object-page menu-item-59878\"><a href=\"https:\/\/topa.be\/fr\/sint-carolus-borromeus\/beschrijving\/sint-franciscus-xaveriuskapel\/\">La chapelle St. Fran\u00e7ois-Xavier<\/a><\/li>\n\t<li id=\"menu-item-59879\" class=\"menu-item menu-item-type-post_type menu-item-object-page menu-item-59879\"><a href=\"https:\/\/topa.be\/fr\/sint-carolus-borromeus\/beschrijving\/galerijen\/\">Les galeries<\/a><\/li>\n\t<li id=\"menu-item-59880\" class=\"menu-item menu-item-type-post_type menu-item-object-page menu-item-59880\"><a href=\"https:\/\/topa.be\/fr\/sint-carolus-borromeus\/beschrijving\/orgel\/\">L\u2019orgue<\/a><\/li>\n\t<li id=\"menu-item-59881\" class=\"menu-item menu-item-type-post_type menu-item-object-page menu-item-59881\"><a href=\"https:\/\/topa.be\/fr\/sint-carolus-borromeus\/beschrijving\/sacristie\/\">La sacristie<\/a><\/li>\n\t<li id=\"menu-item-59882\" class=\"menu-item menu-item-type-post_type menu-item-object-page menu-item-59882\"><a href=\"https:\/\/topa.be\/fr\/sint-carolus-borromeus\/beschrijving\/buitengaan\/\">En sortant<\/a><\/li>\n\t<li id=\"menu-item-59883\" class=\"menu-item menu-item-type-post_type menu-item-object-page menu-item-59883\"><a href=\"https:\/\/topa.be\/fr\/sint-carolus-borromeus\/beschrijving\/nawoord\/\">\u00c9pilogue<\/a><\/li>\n\t<li id=\"menu-item-59884\" class=\"menu-item menu-item-type-post_type menu-item-object-page menu-item-59884\"><a href=\"https:\/\/topa.be\/fr\/sint-carolus-borromeus\/beschrijving\/bibliografie\/\">Bibliographie<\/a><\/li>\n<\/ul>\n<\/li>\n<\/ul><\/nav>\t\t\t\t<\/div>\n\t\t\t\t<\/div>\n\t\t\t\t\t<\/div>\n\t\t<\/div>\n\t\t\t\t\t<\/div>\n\t\t<\/section>\n\t\t\t\t<\/div>\n\t\t","protected":false},"excerpt":{"rendered":"<p>L\u2019\u00e9glise des j\u00e9suites \u00e0 Anvers, une r\u00e9v\u00e9lation. Le b\u00e2timent des sodalit\u00e9s Se rassembler autour de Marie Les P\u00e8res de la maison professe s\u2019engagent \u00e9galement dans les congr\u00e9gations Mariales ou Sodalit\u00e9s. Pour stimuler tout homme de tout rang, de toute condition et de tout \u00e2ge \u00e0 rehausser son id\u00e9al de saintet\u00e9, la Soci\u00e9t\u00e9 de J\u00e9sus fonde [&hellip;]<\/p>\n","protected":false},"author":16,"featured_media":0,"parent":37725,"menu_order":90,"comment_status":"closed","ping_status":"closed","template":"","meta":{"footnotes":""},"class_list":["post-39183","page","type-page","status-publish","hentry"],"aioseo_notices":[],"_links":{"self":[{"href":"https:\/\/topa.be\/fr\/wp-json\/wp\/v2\/pages\/39183","targetHints":{"allow":["GET"]}}],"collection":[{"href":"https:\/\/topa.be\/fr\/wp-json\/wp\/v2\/pages"}],"about":[{"href":"https:\/\/topa.be\/fr\/wp-json\/wp\/v2\/types\/page"}],"author":[{"embeddable":true,"href":"https:\/\/topa.be\/fr\/wp-json\/wp\/v2\/users\/16"}],"replies":[{"embeddable":true,"href":"https:\/\/topa.be\/fr\/wp-json\/wp\/v2\/comments?post=39183"}],"version-history":[{"count":3,"href":"https:\/\/topa.be\/fr\/wp-json\/wp\/v2\/pages\/39183\/revisions"}],"predecessor-version":[{"id":45822,"href":"https:\/\/topa.be\/fr\/wp-json\/wp\/v2\/pages\/39183\/revisions\/45822"}],"up":[{"embeddable":true,"href":"https:\/\/topa.be\/fr\/wp-json\/wp\/v2\/pages\/37725"}],"wp:attachment":[{"href":"https:\/\/topa.be\/fr\/wp-json\/wp\/v2\/media?parent=39183"}],"curies":[{"name":"wp","href":"https:\/\/api.w.org\/{rel}","templated":true}]}}