{"id":39152,"date":"2021-06-05T15:02:00","date_gmt":"2021-06-05T13:02:00","guid":{"rendered":"http:\/\/topa.be\/kathedraal\/beschrijving\/tenhemelopneming-schut\/"},"modified":"2021-11-20T14:00:10","modified_gmt":"2021-11-20T13:00:10","slug":"tenhemelopneming-schut","status":"publish","type":"page","link":"https:\/\/topa.be\/fr\/olv-kathedraal\/beschrijving\/tenhemelopneming-schut\/","title":{"rendered":"OLV L\u2019Assomption de Marie (C.Schut)"},"content":{"rendered":"\t\t<div data-elementor-type=\"wp-page\" data-elementor-id=\"39152\" class=\"elementor elementor-39152 elementor-33278\" data-elementor-post-type=\"page\">\n\t\t\t\t\t\t<section class=\"elementor-section elementor-top-section elementor-element elementor-element-7a4db01 elementor-section-boxed elementor-section-height-default elementor-section-height-default\" data-id=\"7a4db01\" data-element_type=\"section\" data-e-type=\"section\">\n\t\t\t\t\t\t<div class=\"elementor-container elementor-column-gap-default\">\n\t\t\t\t\t<div class=\"elementor-column elementor-col-100 elementor-top-column elementor-element elementor-element-4c2e7f9\" data-id=\"4c2e7f9\" data-element_type=\"column\" data-e-type=\"column\">\n\t\t\t<div class=\"elementor-widget-wrap elementor-element-populated\">\n\t\t\t\t\t\t<div class=\"elementor-element elementor-element-2a06263 elementor-widget elementor-widget-heading\" data-id=\"2a06263\" data-element_type=\"widget\" data-e-type=\"widget\" data-widget_type=\"heading.default\">\n\t\t\t\t<div class=\"elementor-widget-container\">\n\t\t\t\t\t<h3 class=\"elementor-heading-title elementor-size-default\">La cath\u00e9drale Notre-Dame d\u2019Anvers, une r\u00e9v\u00e9lation.<\/h3>\t\t\t\t<\/div>\n\t\t\t\t<\/div>\n\t\t\t\t\t<\/div>\n\t\t<\/div>\n\t\t\t\t\t<\/div>\n\t\t<\/section>\n\t\t\t\t<section class=\"elementor-section elementor-top-section elementor-element elementor-element-044bd2c elementor-section-boxed elementor-section-height-default elementor-section-height-default\" data-id=\"044bd2c\" data-element_type=\"section\" data-e-type=\"section\">\n\t\t\t\t\t\t<div class=\"elementor-container elementor-column-gap-default\">\n\t\t\t\t\t<div class=\"elementor-column elementor-col-100 elementor-top-column elementor-element elementor-element-e6f7259\" data-id=\"e6f7259\" data-element_type=\"column\" data-e-type=\"column\">\n\t\t\t<div class=\"elementor-widget-wrap elementor-element-populated\">\n\t\t\t\t\t\t<div class=\"elementor-element elementor-element-f7d7902 elementor-widget elementor-widget-heading\" data-id=\"f7d7902\" data-element_type=\"widget\" data-e-type=\"widget\" data-widget_type=\"heading.default\">\n\t\t\t\t<div class=\"elementor-widget-container\">\n\t\t\t\t\t<h1 class=\"elementor-heading-title elementor-size-default\">L\u2019Assomption de Marie (Cornelis Schut)<\/h1>\t\t\t\t<\/div>\n\t\t\t\t<\/div>\n\t\t\t\t\t<\/div>\n\t\t<\/div>\n\t\t\t\t\t<\/div>\n\t\t<\/section>\n\t\t\t\t<section class=\"elementor-section elementor-top-section elementor-element elementor-element-70905ac elementor-section-boxed elementor-section-height-default elementor-section-height-default\" data-id=\"70905ac\" data-element_type=\"section\" data-e-type=\"section\">\n\t\t\t\t\t\t<div class=\"elementor-container elementor-column-gap-default\">\n\t\t\t\t\t<div class=\"elementor-column elementor-col-66 elementor-top-column elementor-element elementor-element-ac48665\" data-id=\"ac48665\" data-element_type=\"column\" data-e-type=\"column\">\n\t\t\t<div class=\"elementor-widget-wrap elementor-element-populated\">\n\t\t\t\t\t\t<div class=\"elementor-element elementor-element-38eb363 elementor-widget elementor-widget-text-editor\" data-id=\"38eb363\" data-element_type=\"widget\" data-e-type=\"widget\" data-widget_type=\"text-editor.default\">\n\t\t\t\t<div class=\"elementor-widget-container\">\n\t\t\t\t\t\t\t\t\t<figure id=\"attachment_25060\" aria-describedby=\"caption-attachment-25060\" style=\"width: 300px\" class=\"wp-caption alignleft\"><img fetchpriority=\"high\" decoding=\"async\" class=\"size-medium wp-image-25060\" src=\"http:\/\/topa.be\/wp-content\/uploads\/OLV09-01-300x254.jpg\" alt=\"\" width=\"300\" height=\"254\" srcset=\"https:\/\/topa.be\/wp-content\/uploads\/OLV09-01-300x254.jpg 300w, https:\/\/topa.be\/wp-content\/uploads\/OLV09-01-200x170.jpg 200w, https:\/\/topa.be\/wp-content\/uploads\/OLV09-01-768x651.jpg 768w, https:\/\/topa.be\/wp-content\/uploads\/OLV09-01.jpg 1024w\" sizes=\"(max-width: 300px) 100vw, 300px\" \/><figcaption id=\"caption-attachment-25060\" class=\"wp-caption-text\">Cath\u00e9drale d\u2019Anvers \u2013 La lanterne de la crois\u00e9e (JV)<\/figcaption><\/figure><p style=\"text-align: justify;\">Pour Cornelis Schut, il n\u2019y a pas de lieu plus gratifiant pour le th\u00e8me de l\u2019Ascension de Marie que le point culminant \u00e0 l\u2019int\u00e9rieur de la cath\u00e9drale, de sorte que pour le spectateur son tableau surpasse litt\u00e9ralement le retable de Rubens. Quand vous levez les yeux, vous devenez malgr\u00e9 vous le t\u00e9moin de l\u2019ascension de Marie au ciel, quitte \u00e0 risquer un torticolis. Cette peinture ronde (1648) d\u2019un diam\u00e8tre de presque six m\u00e8tres a elle-m\u00eame \u00e9t\u00e9 \u00e9lev\u00e9e \u00ab\u00a0au ciel\u00a0\u00bb \u00e0 43,7 m de haut. De plus, le trompe-l\u2019\u0153il projette l\u2019ascension de Marie vers l\u2019infini du ciel.<\/p><figure id=\"attachment_25072\" aria-describedby=\"caption-attachment-25072\" style=\"width: 300px\" class=\"wp-caption alignright\"><img decoding=\"async\" class=\"size-medium wp-image-25072\" src=\"http:\/\/topa.be\/wp-content\/uploads\/OLV09-02-300x292.jpg\" alt=\"\" width=\"300\" height=\"292\" srcset=\"https:\/\/topa.be\/wp-content\/uploads\/OLV09-02-300x292.jpg 300w, https:\/\/topa.be\/wp-content\/uploads\/OLV09-02-200x195.jpg 200w, https:\/\/topa.be\/wp-content\/uploads\/OLV09-02-768x749.jpg 768w, https:\/\/topa.be\/wp-content\/uploads\/OLV09-02.jpg 1024w\" sizes=\"(max-width: 300px) 100vw, 300px\" \/><figcaption id=\"caption-attachment-25072\" class=\"wp-caption-text\">Cath\u00e9drale d\u2019Anvers \u2013 l\u2019Assomption de Marie (Cornelis Schut) (JV)<\/figcaption><\/figure><p style=\"text-align: justify;\">Le bas, avec les anges planants, donne l\u2019impulsion au mouvement ascendant. Les anges jouent de la musique, d\u00e9bordants de joie, comme l\u2019indiquait le texte qui \u00e0 l\u2019origine \u00e9tait plac\u00e9 en grandes lettres tout autour de la lanterne : ASSUMPTA EST MARIA IN CAELI, GAUDENT ANGELI (Maria est \u00e9lev\u00e9e au ciel, Anges, r\u00e9jouissez-vous), emprunt\u00e9 \u00e0 l\u2019offertoire de la f\u00eate en question. Dans le plan central, Notre Dame, clairement en bleu, se tient au c\u0153ur de ce tourbillon d\u2019anges. Dans sa robe, la fermeture de l\u2019orifice le long duquel passe la corde permettant de hisser le tableau \u00e0 sa place, a \u00e9t\u00e9 imperceptiblement escamot\u00e9e. Pour finir, Marie peut s\u2019attendre \u00e0 un grand accueil par son Fils, Dieu le P\u00e8re, et \u2013 \u2013 si vous regardez attentivement \u2013 par le Saint Esprit, sous la forme d\u2019une colombe, entre eux deux. Marie, qui a trouv\u00e9 sa destination finale aupr\u00e8s de Dieu dans les cieux, est particuli\u00e8rement accentu\u00e9e ici, parce que cette f\u00eate de l\u2019ascension de Marie est la f\u00eate patronale de l\u2019\u00e9glise principale, de la ville et du dioc\u00e8se. \u00c0 quiconque vient ici, elle indique la finalit\u00e9 de la vie sur terre : l\u2019ascension vers le bonheur \u00e9ternel aupr\u00e8s de Dieu dans les cieux.<\/p><p style=\"text-align: justify;\">Il n\u2019est pas surprenant que pr\u00e9cis\u00e9ment ce tableau-ci n\u2019ait pas \u00e9t\u00e9 vol\u00e9 par les dirigeants fran\u00e7ais, compte tenu du d\u00e9fi logistique qu\u2019il repr\u00e9sentait. Le haut d\u00f4me central se pr\u00eatait quelque fois \u00e0 un spectacle liturgique exalt\u00e9, avec des sons correspondants. Par exemple, \u00e0 la Pentec\u00f4te pendant l\u2019\u00e9poque baroque, on imitait le bruit du tonnerre, puis une toile suspendue s\u2019est ouverte, d\u2019o\u00f9, avec un effet de surprise, une grande cascade de papillotes en papier rouge est tomb\u00e9e comme si les \u00ab\u00a0langues enflamm\u00e9es\u00a0\u00bb qui animaient autrefois les ap\u00f4tres, ici aussi, descendaient sur les participants. Pour la splendide c\u00e9l\u00e9bration du couronnement de la statue de Marie le 15 ao\u00fbt 1899, avec la musique du ma\u00eetre de chapelle \u00c9mile Wambach, on ne pouvait imaginer meilleur endroit : \u00ab\u00a0<em>Tandis que sonnaient des trompettes du haut de la coupole et qu\u2019un ch\u0153ur ang\u00e9lique de voix d\u2019enfants chantant le Regina Caeli r\u00e9sonnait dans la nef, le cardinal Goossens posa d\u2019un geste solennel la couronne sacr\u00e9e avec ses perles sur la t\u00eate de la M\u00e8re de Dieu. C\u2019\u00e9tait grandiose comme une f\u00eate au paradis, et lib\u00e9ra un frisson de d\u00e9votion sous les vo\u00fbtes v\u00e9n\u00e9rables quand le grand orchestre se d\u00e9cha\u00eena et que majestueusement la statue de Notre Dame s\u2019\u00e9leva dans les hauteurs de q<\/em><em>uelques pieds \u2026\u00a0\u00bb<\/em><\/p>\t\t\t\t\t\t\t\t<\/div>\n\t\t\t\t<\/div>\n\t\t\t\t<section class=\"elementor-section elementor-inner-section elementor-element elementor-element-db79769 elementor-section-boxed elementor-section-height-default elementor-section-height-default\" data-id=\"db79769\" data-element_type=\"section\" data-e-type=\"section\">\n\t\t\t\t\t\t<div class=\"elementor-container elementor-column-gap-default\">\n\t\t\t\t\t<div class=\"elementor-column elementor-col-50 elementor-inner-column elementor-element elementor-element-079871f\" data-id=\"079871f\" data-element_type=\"column\" data-e-type=\"column\">\n\t\t\t<div class=\"elementor-widget-wrap elementor-element-populated\">\n\t\t\t\t\t\t<div class=\"elementor-element elementor-element-5fe296f elementor-widget elementor-widget-button\" data-id=\"5fe296f\" data-element_type=\"widget\" data-e-type=\"widget\" data-widget_type=\"button.default\">\n\t\t\t\t<div class=\"elementor-widget-container\">\n\t\t\t\t\t\t\t\t\t<div class=\"elementor-button-wrapper\">\n\t\t\t\t\t<a class=\"elementor-button elementor-button-link elementor-size-sm\" href=\"https:\/\/topa.be\/fr\/olv-kathedraal\/beschrijving\/ruimtewerking\/\">\n\t\t\t\t\t\t<span class=\"elementor-button-content-wrapper\">\n\t\t\t\t\t\t\t\t\t<span class=\"elementor-button-text\">L\u2019effet spatial d\u2019un int\u00e9rieur gothique<\/span>\n\t\t\t\t\t<\/span>\n\t\t\t\t\t<\/a>\n\t\t\t\t<\/div>\n\t\t\t\t\t\t\t\t<\/div>\n\t\t\t\t<\/div>\n\t\t\t\t\t<\/div>\n\t\t<\/div>\n\t\t\t\t<div class=\"elementor-column elementor-col-50 elementor-inner-column elementor-element elementor-element-272283f\" data-id=\"272283f\" data-element_type=\"column\" data-e-type=\"column\">\n\t\t\t<div class=\"elementor-widget-wrap elementor-element-populated\">\n\t\t\t\t\t\t<div class=\"elementor-element elementor-element-564eba5 elementor-widget elementor-widget-button\" data-id=\"564eba5\" data-element_type=\"widget\" data-e-type=\"widget\" data-widget_type=\"button.default\">\n\t\t\t\t<div class=\"elementor-widget-container\">\n\t\t\t\t\t\t\t\t\t<div class=\"elementor-button-wrapper\">\n\t\t\t\t\t<a class=\"elementor-button elementor-button-link elementor-size-sm\" href=\"https:\/\/topa.be\/fr\/olv-kathedraal\/beschrijving\/kruisoprichting-rubens\/\">\n\t\t\t\t\t\t<span class=\"elementor-button-content-wrapper\">\n\t\t\t\t\t\t\t\t\t<span class=\"elementor-button-text\">L\u2019\u00e9rection de la Croix (Pieter Paul Rubens)<\/span>\n\t\t\t\t\t<\/span>\n\t\t\t\t\t<\/a>\n\t\t\t\t<\/div>\n\t\t\t\t\t\t\t\t<\/div>\n\t\t\t\t<\/div>\n\t\t\t\t\t<\/div>\n\t\t<\/div>\n\t\t\t\t\t<\/div>\n\t\t<\/section>\n\t\t\t\t\t<\/div>\n\t\t<\/div>\n\t\t\t\t<div class=\"elementor-column elementor-col-33 elementor-top-column elementor-element elementor-element-f2a7e25\" data-id=\"f2a7e25\" data-element_type=\"column\" data-e-type=\"column\">\n\t\t\t<div class=\"elementor-widget-wrap elementor-element-populated\">\n\t\t\t\t\t\t<div class=\"elementor-element elementor-element-2f0b98e elementor-widget elementor-widget-image\" data-id=\"2f0b98e\" data-element_type=\"widget\" data-e-type=\"widget\" data-widget_type=\"image.default\">\n\t\t\t\t<div class=\"elementor-widget-container\">\n\t\t\t\t\t\t\t\t\t\t\t\t<figure class=\"wp-caption\">\n\t\t\t\t\t\t\t\t\t\t\t<a href=\"http:\/\/topa.be\/wp-content\/uploads\/1-Kerken-OLV-Antwerpen-Bononiensis-2.jpg\" data-elementor-open-lightbox=\"yes\" data-elementor-lightbox-title=\"1-Kerken-OLV-Antwerpen-Bononiensis\" data-elementor-lightbox-description=\"Plan d&#039;Anvers en vue d&#039;oiseau, gravure sur bois par Virgilius Bononiensis, 1565 - d\u00e9tail avec la cath\u00e9drale\" data-e-action-hash=\"#elementor-action%3Aaction%3Dlightbox%26settings%3DeyJpZCI6MTIzNjQsInVybCI6Imh0dHBzOlwvXC90b3BhLmJlXC93cC1jb250ZW50XC91cGxvYWRzXC8xLUtlcmtlbi1PTFYtQW50d2VycGVuLUJvbm9uaWVuc2lzLTIuanBnIn0%3D\">\n\t\t\t\t\t\t\t<img decoding=\"async\" width=\"800\" height=\"800\" src=\"https:\/\/topa.be\/wp-content\/uploads\/1-Kerken-OLV-Antwerpen-Bononiensis-2-1024x1024.jpg\" class=\"attachment-large size-large wp-image-12364\" alt=\"\" srcset=\"https:\/\/topa.be\/wp-content\/uploads\/1-Kerken-OLV-Antwerpen-Bononiensis-2-1024x1024.jpg 1024w, https:\/\/topa.be\/wp-content\/uploads\/1-Kerken-OLV-Antwerpen-Bononiensis-2-300x300.jpg 300w, https:\/\/topa.be\/wp-content\/uploads\/1-Kerken-OLV-Antwerpen-Bononiensis-2-200x200.jpg 200w, https:\/\/topa.be\/wp-content\/uploads\/1-Kerken-OLV-Antwerpen-Bononiensis-2-768x768.jpg 768w, https:\/\/topa.be\/wp-content\/uploads\/1-Kerken-OLV-Antwerpen-Bononiensis-2-1536x1536.jpg 1536w, https:\/\/topa.be\/wp-content\/uploads\/1-Kerken-OLV-Antwerpen-Bononiensis-2.jpg 1689w\" sizes=\"(max-width: 800px) 100vw, 800px\" \/>\t\t\t\t\t\t\t\t<\/a>\n\t\t\t\t\t\t\t\t\t\t\t<figcaption class=\"widget-image-caption wp-caption-text\">Plan d'Anvers en vue d'oiseau, gravure sur bois par Virgilius Bononiensis, 1565 - d\u00e9tail avec la cath\u00e9drale<\/figcaption>\n\t\t\t\t\t\t\t\t\t\t<\/figure>\n\t\t\t\t\t\t\t\t\t<\/div>\n\t\t\t\t<\/div>\n\t\t\t\t<div class=\"elementor-element elementor-element-d41fee8 elementor-widget elementor-widget-wp-widget-nav_menu\" data-id=\"d41fee8\" data-element_type=\"widget\" data-e-type=\"widget\" data-widget_type=\"wp-widget-nav_menu.default\">\n\t\t\t\t<div class=\"elementor-widget-container\">\n\t\t\t\t\t<nav class=\"menu-beschrijving-olv-frans-container\" aria-label=\"Menu\"><ul id=\"menu-beschrijving-olv-frans\" class=\"menu\"><li id=\"menu-item-59759\" class=\"menu-item menu-item-type-post_type menu-item-object-page menu-item-59759\"><a href=\"https:\/\/topa.be\/fr\/olv-kathedraal\/\">Cath\u00e9drale Notre-Dame<\/a><\/li>\n<li id=\"menu-item-59760\" class=\"menu-item menu-item-type-post_type menu-item-object-page menu-item-has-children menu-item-59760\"><a href=\"https:\/\/topa.be\/fr\/olv-kathedraal\/beschrijving\/\">Histoire &#038; Description<\/a>\n<ul class=\"sub-menu\">\n\t<li id=\"menu-item-59761\" class=\"menu-item menu-item-type-post_type menu-item-object-page menu-item-59761\"><a href=\"https:\/\/topa.be\/fr\/olv-kathedraal\/beschrijving\/voorwoord\/\">Avant-propos<\/a><\/li>\n\t<li id=\"menu-item-59762\" class=\"menu-item menu-item-type-post_type menu-item-object-page menu-item-59762\"><a href=\"https:\/\/topa.be\/fr\/olv-kathedraal\/beschrijving\/inleiding\/\">Introduction<\/a><\/li>\n\t<li id=\"menu-item-59763\" class=\"menu-item menu-item-type-post_type menu-item-object-page menu-item-59763\"><a href=\"https:\/\/topa.be\/fr\/olv-kathedraal\/beschrijving\/historische-context\/\">Contexte historique<\/a><\/li>\n\t<li id=\"menu-item-59764\" class=\"menu-item menu-item-type-post_type menu-item-object-page menu-item-59764\"><a href=\"https:\/\/topa.be\/fr\/olv-kathedraal\/beschrijving\/bouwgeschiedenis\/\">Construite au fil des si\u00e8cles<\/a><\/li>\n\t<li id=\"menu-item-59765\" class=\"menu-item menu-item-type-post_type menu-item-object-page menu-item-59765\"><a href=\"https:\/\/topa.be\/fr\/olv-kathedraal\/beschrijving\/nooit-alleen\/\">Une cath\u00e9drale n\u2019est jamais seule<\/a><\/li>\n\t<li id=\"menu-item-59766\" class=\"menu-item menu-item-type-post_type menu-item-object-page menu-item-59766\"><a href=\"https:\/\/topa.be\/fr\/olv-kathedraal\/beschrijving\/toren\/\">La tour Notre-Dame<\/a><\/li>\n\t<li id=\"menu-item-59767\" class=\"menu-item menu-item-type-post_type menu-item-object-page menu-item-59767\"><a href=\"https:\/\/topa.be\/fr\/olv-kathedraal\/beschrijving\/hoofdportaal\/\">Le portail principal<\/a><\/li>\n\t<li id=\"menu-item-59768\" class=\"menu-item menu-item-type-post_type menu-item-object-page menu-item-59768\"><a href=\"https:\/\/topa.be\/fr\/olv-kathedraal\/beschrijving\/ruimtewerking\/\">L\u2019effet spatial<\/a><\/li>\n\t<li id=\"menu-item-59769\" class=\"menu-item menu-item-type-post_type menu-item-object-page menu-item-59769\"><a href=\"https:\/\/topa.be\/fr\/olv-kathedraal\/beschrijving\/tenhemelopneming-schut\/\">L\u2019Assomption de Marie (C.Schut)<\/a><\/li>\n\t<li id=\"menu-item-59770\" class=\"menu-item menu-item-type-post_type menu-item-object-page menu-item-59770\"><a href=\"https:\/\/topa.be\/fr\/olv-kathedraal\/beschrijving\/kruisoprichting-rubens\/\">L\u2019\u00c9rection de la Croix (PP.Rubens)<\/a><\/li>\n\t<li id=\"menu-item-59771\" class=\"menu-item menu-item-type-post_type menu-item-object-page menu-item-59771\"><a href=\"https:\/\/topa.be\/fr\/olv-kathedraal\/beschrijving\/kruisafneming-rubens\/\">La Descente de la Croix (PP.Rubens)<\/a><\/li>\n\t<li id=\"menu-item-59772\" class=\"menu-item menu-item-type-post_type menu-item-object-page menu-item-59772\"><a href=\"https:\/\/topa.be\/fr\/olv-kathedraal\/beschrijving\/verrijzenis-rubens\/\">La R\u00e9surrection (PP.Rubens)<\/a><\/li>\n\t<li id=\"menu-item-59773\" class=\"menu-item menu-item-type-post_type menu-item-object-page menu-item-59773\"><a href=\"https:\/\/topa.be\/fr\/olv-kathedraal\/beschrijving\/tenhemelopneming-rubens\/\">L\u2019Assomption de Marie (PP.Rubens)<\/a><\/li>\n\t<li id=\"menu-item-59774\" class=\"menu-item menu-item-type-post_type menu-item-object-page menu-item-59774\"><a href=\"https:\/\/topa.be\/fr\/olv-kathedraal\/beschrijving\/hoofdaltaar\/\">Le ma\u00eetre-autel<\/a><\/li>\n\t<li id=\"menu-item-59775\" class=\"menu-item menu-item-type-post_type menu-item-object-page menu-item-59775\"><a href=\"https:\/\/topa.be\/fr\/olv-kathedraal\/beschrijving\/kapittelkerk\/\">Le ch\u0153ur coll\u00e9gial<\/a><\/li>\n\t<li id=\"menu-item-59776\" class=\"menu-item menu-item-type-post_type menu-item-object-page menu-item-59776\"><a href=\"https:\/\/topa.be\/fr\/olv-kathedraal\/beschrijving\/bisschopskerk\/\">L\u2019\u00e9glise de l\u2019\u00e9v\u00eaque<\/a><\/li>\n\t<li id=\"menu-item-59777\" class=\"menu-item menu-item-type-post_type menu-item-object-page menu-item-59777\"><a href=\"https:\/\/topa.be\/fr\/olv-kathedraal\/beschrijving\/parochiekerk\/\">L\u2019\u00e9glise paroissiale<\/a><\/li>\n\t<li id=\"menu-item-59778\" class=\"menu-item menu-item-type-post_type menu-item-object-page menu-item-59778\"><a href=\"https:\/\/topa.be\/fr\/olv-kathedraal\/beschrijving\/preekstoel\/\">La chaire de v\u00e9rit\u00e9<\/a><\/li>\n\t<li id=\"menu-item-59779\" class=\"menu-item menu-item-type-post_type menu-item-object-page menu-item-59779\"><a href=\"https:\/\/topa.be\/fr\/olv-kathedraal\/beschrijving\/biechtstoelen\/\">Les confessionnaux<\/a><\/li>\n\t<li id=\"menu-item-59780\" class=\"menu-item menu-item-type-post_type menu-item-object-page menu-item-59780\"><a href=\"https:\/\/topa.be\/fr\/olv-kathedraal\/beschrijving\/armenzorg\/\">L\u2019assistance aux pauvres<\/a><\/li>\n\t<li id=\"menu-item-59784\" class=\"menu-item menu-item-type-post_type menu-item-object-page menu-item-59784\"><a href=\"https:\/\/topa.be\/fr\/olv-kathedraal\/beschrijving\/venerabelkapel\/\">La chapelle du Saint Sacrement<\/a><\/li>\n\t<li id=\"menu-item-59785\" class=\"menu-item menu-item-type-post_type menu-item-object-page menu-item-59785\"><a href=\"https:\/\/topa.be\/fr\/olv-kathedraal\/beschrijving\/mariakapel\/\">La chapelle Mariale<\/a><\/li>\n\t<li id=\"menu-item-59786\" class=\"menu-item menu-item-type-post_type menu-item-object-page menu-item-59786\"><a href=\"https:\/\/topa.be\/fr\/olv-kathedraal\/beschrijving\/ambachten-en-gilden\/\">Corporations et Guildes<\/a><\/li>\n\t<li id=\"menu-item-59787\" class=\"menu-item menu-item-type-post_type menu-item-object-page menu-item-59787\"><a href=\"https:\/\/topa.be\/fr\/olv-kathedraal\/beschrijving\/kooromgang\/\">Le d\u00e9ambulatoire<\/a><\/li>\n\t<li id=\"menu-item-59788\" class=\"menu-item menu-item-type-post_type menu-item-object-page menu-item-59788\"><a href=\"https:\/\/topa.be\/fr\/olv-kathedraal\/beschrijving\/grafmonumenten\/\">Les monuments fun\u00e9raires<\/a><\/li>\n\t<li id=\"menu-item-59789\" class=\"menu-item menu-item-type-post_type menu-item-object-page menu-item-59789\"><a href=\"https:\/\/topa.be\/fr\/olv-kathedraal\/beschrijving\/looft-de-heer\/\">Louez le Seigneur !<\/a><\/li>\n\t<li id=\"menu-item-59790\" class=\"menu-item menu-item-type-post_type menu-item-object-page menu-item-59790\"><a href=\"https:\/\/topa.be\/fr\/olv-kathedraal\/beschrijving\/orgels\/\">\u00c0 pleins registres : les orgues<\/a><\/li>\n\t<li id=\"menu-item-59791\" class=\"menu-item menu-item-type-post_type menu-item-object-page menu-item-59791\"><a href=\"https:\/\/topa.be\/fr\/olv-kathedraal\/beschrijving\/kruisdrager-fabre\/\">Le porteur de la Croix (J.Fabre)<\/a><\/li>\n\t<li id=\"menu-item-59792\" class=\"menu-item menu-item-type-post_type menu-item-object-page menu-item-59792\"><a href=\"https:\/\/topa.be\/fr\/olv-kathedraal\/beschrijving\/bibliografie\/\">Bibliographie<\/a><\/li>\n<\/ul>\n<\/li>\n<\/ul><\/nav>\t\t\t\t<\/div>\n\t\t\t\t<\/div>\n\t\t\t\t\t<\/div>\n\t\t<\/div>\n\t\t\t\t\t<\/div>\n\t\t<\/section>\n\t\t\t\t<\/div>\n\t\t","protected":false},"excerpt":{"rendered":"<p>La cath\u00e9drale Notre-Dame d\u2019Anvers, une r\u00e9v\u00e9lation. L\u2019Assomption de Marie (Cornelis Schut) Pour Cornelis Schut, il n\u2019y a pas de lieu plus gratifiant pour le th\u00e8me de l\u2019Ascension de Marie que le point culminant \u00e0 l\u2019int\u00e9rieur de la cath\u00e9drale, de sorte que pour le spectateur son tableau surpasse litt\u00e9ralement le retable de Rubens. Quand vous levez [&hellip;]<\/p>\n","protected":false},"author":16,"featured_media":0,"parent":37337,"menu_order":90,"comment_status":"closed","ping_status":"closed","template":"","meta":{"footnotes":""},"class_list":["post-39152","page","type-page","status-publish","hentry"],"aioseo_notices":[],"_links":{"self":[{"href":"https:\/\/topa.be\/fr\/wp-json\/wp\/v2\/pages\/39152","targetHints":{"allow":["GET"]}}],"collection":[{"href":"https:\/\/topa.be\/fr\/wp-json\/wp\/v2\/pages"}],"about":[{"href":"https:\/\/topa.be\/fr\/wp-json\/wp\/v2\/types\/page"}],"author":[{"embeddable":true,"href":"https:\/\/topa.be\/fr\/wp-json\/wp\/v2\/users\/16"}],"replies":[{"embeddable":true,"href":"https:\/\/topa.be\/fr\/wp-json\/wp\/v2\/comments?post=39152"}],"version-history":[{"count":3,"href":"https:\/\/topa.be\/fr\/wp-json\/wp\/v2\/pages\/39152\/revisions"}],"predecessor-version":[{"id":61786,"href":"https:\/\/topa.be\/fr\/wp-json\/wp\/v2\/pages\/39152\/revisions\/61786"}],"up":[{"embeddable":true,"href":"https:\/\/topa.be\/fr\/wp-json\/wp\/v2\/pages\/37337"}],"wp:attachment":[{"href":"https:\/\/topa.be\/fr\/wp-json\/wp\/v2\/media?parent=39152"}],"curies":[{"name":"wp","href":"https:\/\/api.w.org\/{rel}","templated":true}]}}