{"id":39019,"date":"2021-06-04T15:31:18","date_gmt":"2021-06-04T13:31:18","guid":{"rendered":"http:\/\/topa.be\/sint-carolus-borromeus\/beschrijving-2\/orgel\/"},"modified":"2021-07-19T14:17:59","modified_gmt":"2021-07-19T12:17:59","slug":"orgel","status":"publish","type":"page","link":"https:\/\/topa.be\/fr\/sint-carolus-borromeus\/beschrijving\/orgel\/","title":{"rendered":"SCB L\u2019orgue"},"content":{"rendered":"\t\t<div data-elementor-type=\"wp-page\" data-elementor-id=\"39019\" class=\"elementor elementor-39019 elementor-33791\" data-elementor-post-type=\"page\">\n\t\t\t\t\t\t<section class=\"elementor-section elementor-top-section elementor-element elementor-element-624f9b1 elementor-section-boxed elementor-section-height-default elementor-section-height-default\" data-id=\"624f9b1\" data-element_type=\"section\" data-e-type=\"section\">\n\t\t\t\t\t\t<div class=\"elementor-container elementor-column-gap-default\">\n\t\t\t\t\t<div class=\"elementor-column elementor-col-100 elementor-top-column elementor-element elementor-element-24ba2d3\" data-id=\"24ba2d3\" data-element_type=\"column\" data-e-type=\"column\">\n\t\t\t<div class=\"elementor-widget-wrap elementor-element-populated\">\n\t\t\t\t\t\t<div class=\"elementor-element elementor-element-268ac8c elementor-widget elementor-widget-heading\" data-id=\"268ac8c\" data-element_type=\"widget\" data-e-type=\"widget\" data-widget_type=\"heading.default\">\n\t\t\t\t<div class=\"elementor-widget-container\">\n\t\t\t\t\t<h2 class=\"elementor-heading-title elementor-size-default\">L\u2019\u00e9glise des j\u00e9suites \u00e0 Anvers, une r\u00e9v\u00e9lation.<\/h2>\t\t\t\t<\/div>\n\t\t\t\t<\/div>\n\t\t\t\t\t<\/div>\n\t\t<\/div>\n\t\t\t\t\t<\/div>\n\t\t<\/section>\n\t\t\t\t<section class=\"elementor-section elementor-top-section elementor-element elementor-element-a755674 elementor-section-boxed elementor-section-height-default elementor-section-height-default\" data-id=\"a755674\" data-element_type=\"section\" data-e-type=\"section\">\n\t\t\t\t\t\t<div class=\"elementor-container elementor-column-gap-default\">\n\t\t\t\t\t<div class=\"elementor-column elementor-col-100 elementor-top-column elementor-element elementor-element-cdf4ce9\" data-id=\"cdf4ce9\" data-element_type=\"column\" data-e-type=\"column\">\n\t\t\t<div class=\"elementor-widget-wrap elementor-element-populated\">\n\t\t\t\t\t\t<div class=\"elementor-element elementor-element-c7d90b5 elementor-widget elementor-widget-heading\" data-id=\"c7d90b5\" data-element_type=\"widget\" data-e-type=\"widget\" data-widget_type=\"heading.default\">\n\t\t\t\t<div class=\"elementor-widget-container\">\n\t\t\t\t\t<h1 class=\"elementor-heading-title elementor-size-default\">L\u2019orgue<\/h1>\t\t\t\t<\/div>\n\t\t\t\t<\/div>\n\t\t\t\t\t<\/div>\n\t\t<\/div>\n\t\t\t\t\t<\/div>\n\t\t<\/section>\n\t\t\t\t<section class=\"elementor-section elementor-top-section elementor-element elementor-element-64beeed elementor-section-boxed elementor-section-height-default elementor-section-height-default\" data-id=\"64beeed\" data-element_type=\"section\" data-e-type=\"section\">\n\t\t\t\t\t\t<div class=\"elementor-container elementor-column-gap-default\">\n\t\t\t\t\t<div class=\"elementor-column elementor-col-66 elementor-top-column elementor-element elementor-element-15db5b6\" data-id=\"15db5b6\" data-element_type=\"column\" data-e-type=\"column\">\n\t\t\t<div class=\"elementor-widget-wrap elementor-element-populated\">\n\t\t\t\t\t\t<div class=\"elementor-element elementor-element-7ab3c0f elementor-widget elementor-widget-text-editor\" data-id=\"7ab3c0f\" data-element_type=\"widget\" data-e-type=\"widget\" data-widget_type=\"text-editor.default\">\n\t\t\t\t<div class=\"elementor-widget-container\">\n\t\t\t\t\t\t\t\t\t<p style=\"text-align: justify;\">L\u2019orgue d\u2019origine n\u2019a pas surv\u00e9cu \u00e0 l\u2019incendie de 1718 et vers 1720 il est remplac\u00e9 par l\u2019orgue actuel. Il est d\u2019usage d\u2019associer des \u0153uvres d\u2019art \u00e0 des noms c\u00e9l\u00e8bres, mais il n\u2019y a aucune indication en faveur de l\u2019attribution faite au XIX<sup>e<\/sup>\u00a0si\u00e8cle \u00e0 Jean-Baptiste Forceville. \u00c0 plus forte raison, le nom de Carolus Dillen, facteur de l\u2019orgue de l\u2019\u00e9glise des j\u00e9suites de Malines quelques ann\u00e9es plus t\u00f4t, est propos\u00e9. Alors qu\u2019en g\u00e9n\u00e9ral l\u2018orgue positif est plac\u00e9 seul devant un grand instrument, le petit positif est plac\u00e9 ici au centre mais align\u00e9 sur les deux parties du grand orgue. De ce fait l\u2019ensemble, avec sa fa\u00e7ade toute en largeur, ressemble ainsi \u00e0 un orgue mural spacieux.<\/p>\n<p style=\"text-align: justify;\">Le buffet d\u2019orgue est l\u2019\u0153uvre de Jan Pieter I van Baurscheit, mais une partie des sculptures a \u00e9t\u00e9 restaur\u00e9e \u00e0 plusieurs reprises, comprenez plut\u00f4t \u00ab\u00a0r\u00e9nov\u00e9e\u00a0\u00bb. Des troph\u00e9es avec un grand nombre d\u2019instruments sont plac\u00e9s contre la fa\u00e7ade de l\u2019orgue, tandis qu\u2019en haut sur le couronnement, un ange donne la mesure avec une baguette et quelques anges jouent de la musique avec trompette, violon, contrebasse, luth et triangle \u2013 par le pass\u00e9 aussi avec fl\u00fbte et buisine. Les deux figures traditionnelles de la musique d\u2019\u00e9glise flanquent le buffet d\u2019orgue. Sur la gauche, le roi David, \u00e9l\u00e9gamment v\u00eatu, auteur pr\u00e9sum\u00e9 des psaumes \u00e0 chanter, accompagn\u00e9 d\u2019une harpe [ses doigts droits et la harpe ont disparu]. Sur la droite, sainte C\u00e9cile qui, selon sa biographie, \u00ab\u00a0alors que r\u00e9sonnait de la musique [pour danse pa\u00efenne], ne chantait que pour Dieu\u00a0\u00bb. Chantant (la bouche ouverte) un recueil de chants en main, elle encourage par son exemple les chanteurs du jub\u00e9 \u00e0 louer Dieu. Par une traduction erron\u00e9e au Moyen-\u00c2ge, \u00e0 savoir \u00ab\u00a0tout en jouant de l\u2019orgue\u00a0\u00bb, elle devint la patronne du jeu d\u2019orgue et de la musique sacr\u00e9e en g\u00e9n\u00e9ral. Son attribut est cette fois \u2013 exceptionnellement \u2013 non pas un orgue positif, mais un dispositif \u00e0 hauts tuyaux reposant sur l\u2019\u00e9coin\u00e7on d\u2019un orgue baroque contemporain. En tant que martyr, elle tient une branche de palmier (tronqu\u00e9e) dans sa main.<\/p>\n\t\t\t\t\t\t\t\t<\/div>\n\t\t\t\t<\/div>\n\t\t\t\t<section class=\"elementor-section elementor-inner-section elementor-element elementor-element-69e83ec elementor-section-boxed elementor-section-height-default elementor-section-height-default\" data-id=\"69e83ec\" data-element_type=\"section\" data-e-type=\"section\">\n\t\t\t\t\t\t<div class=\"elementor-container elementor-column-gap-default\">\n\t\t\t\t\t<div class=\"elementor-column elementor-col-50 elementor-inner-column elementor-element elementor-element-599cb09\" data-id=\"599cb09\" data-element_type=\"column\" data-e-type=\"column\">\n\t\t\t<div class=\"elementor-widget-wrap elementor-element-populated\">\n\t\t\t\t\t\t<div class=\"elementor-element elementor-element-6e656d6 elementor-align-center elementor-widget elementor-widget-button\" data-id=\"6e656d6\" data-element_type=\"widget\" data-e-type=\"widget\" data-widget_type=\"button.default\">\n\t\t\t\t<div class=\"elementor-widget-container\">\n\t\t\t\t\t\t\t\t\t<div class=\"elementor-button-wrapper\">\n\t\t\t\t\t<a class=\"elementor-button elementor-button-link elementor-size-sm\" href=\"https:\/\/topa.be\/fr\/sint-carolus-borromeus\/beschrijving\/galerijen\/\">\n\t\t\t\t\t\t<span class=\"elementor-button-content-wrapper\">\n\t\t\t\t\t\t\t\t\t<span class=\"elementor-button-text\">Les galleries<\/span>\n\t\t\t\t\t<\/span>\n\t\t\t\t\t<\/a>\n\t\t\t\t<\/div>\n\t\t\t\t\t\t\t\t<\/div>\n\t\t\t\t<\/div>\n\t\t\t\t\t<\/div>\n\t\t<\/div>\n\t\t\t\t<div class=\"elementor-column elementor-col-50 elementor-inner-column elementor-element elementor-element-82a99d6\" data-id=\"82a99d6\" data-element_type=\"column\" data-e-type=\"column\">\n\t\t\t<div class=\"elementor-widget-wrap elementor-element-populated\">\n\t\t\t\t\t\t<div class=\"elementor-element elementor-element-0cc76ea elementor-align-center elementor-widget elementor-widget-button\" data-id=\"0cc76ea\" data-element_type=\"widget\" data-e-type=\"widget\" data-widget_type=\"button.default\">\n\t\t\t\t<div class=\"elementor-widget-container\">\n\t\t\t\t\t\t\t\t\t<div class=\"elementor-button-wrapper\">\n\t\t\t\t\t<a class=\"elementor-button elementor-button-link elementor-size-sm\" href=\"https:\/\/topa.be\/fr\/sint-carolus-borromeus\/beschrijving\/sacristie\/\">\n\t\t\t\t\t\t<span class=\"elementor-button-content-wrapper\">\n\t\t\t\t\t\t\t\t\t<span class=\"elementor-button-text\">Dans les armoires de la sacristie<\/span>\n\t\t\t\t\t<\/span>\n\t\t\t\t\t<\/a>\n\t\t\t\t<\/div>\n\t\t\t\t\t\t\t\t<\/div>\n\t\t\t\t<\/div>\n\t\t\t\t\t<\/div>\n\t\t<\/div>\n\t\t\t\t\t<\/div>\n\t\t<\/section>\n\t\t\t\t\t<\/div>\n\t\t<\/div>\n\t\t\t\t<div class=\"elementor-column elementor-col-33 elementor-top-column elementor-element elementor-element-05d926e\" data-id=\"05d926e\" data-element_type=\"column\" data-e-type=\"column\">\n\t\t\t<div class=\"elementor-widget-wrap elementor-element-populated\">\n\t\t\t\t\t\t<div class=\"elementor-element elementor-element-625574e elementor-widget elementor-widget-image\" data-id=\"625574e\" data-element_type=\"widget\" data-e-type=\"widget\" data-widget_type=\"image.default\">\n\t\t\t\t<div class=\"elementor-widget-container\">\n\t\t\t\t\t\t\t\t\t\t\t\t\t\t\t<img fetchpriority=\"high\" decoding=\"async\" width=\"800\" height=\"800\" src=\"https:\/\/topa.be\/wp-content\/uploads\/Sint-Carolus-Borromeus.jpg\" class=\"attachment-large size-large wp-image-29764\" alt=\"\" srcset=\"https:\/\/topa.be\/wp-content\/uploads\/Sint-Carolus-Borromeus.jpg 1023w, https:\/\/topa.be\/wp-content\/uploads\/Sint-Carolus-Borromeus-300x300.jpg 300w, https:\/\/topa.be\/wp-content\/uploads\/Sint-Carolus-Borromeus-200x200.jpg 200w, https:\/\/topa.be\/wp-content\/uploads\/Sint-Carolus-Borromeus-768x768.jpg 768w\" sizes=\"(max-width: 800px) 100vw, 800px\" \/>\t\t\t\t\t\t\t\t\t\t\t\t\t\t\t<\/div>\n\t\t\t\t<\/div>\n\t\t\t\t<div class=\"elementor-element elementor-element-7644bea elementor-widget elementor-widget-wp-widget-nav_menu\" data-id=\"7644bea\" data-element_type=\"widget\" data-e-type=\"widget\" data-widget_type=\"wp-widget-nav_menu.default\">\n\t\t\t\t<div class=\"elementor-widget-container\">\n\t\t\t\t\t<nav class=\"menu-beschrijving-scb-frans-container\" aria-label=\"Menu\"><ul id=\"menu-beschrijving-scb-frans\" class=\"menu\"><li id=\"menu-item-59856\" class=\"menu-item menu-item-type-post_type menu-item-object-page menu-item-59856\"><a href=\"https:\/\/topa.be\/fr\/sint-carolus-borromeus\/\">\u00c9glise Saint-Charles-Borrom\u00e9<\/a><\/li>\n<li id=\"menu-item-61180\" class=\"menu-item menu-item-type-post_type menu-item-object-page menu-item-has-children menu-item-61180\"><a href=\"https:\/\/topa.be\/fr\/sint-carolus-borromeus\/beschrijving\/\">Histoire &#038; Description<\/a>\n<ul class=\"sub-menu\">\n\t<li id=\"menu-item-59857\" class=\"menu-item menu-item-type-post_type menu-item-object-page menu-item-59857\"><a href=\"https:\/\/topa.be\/fr\/sint-carolus-borromeus\/beschrijving\/inleiding\/\">Introduction<\/a><\/li>\n\t<li id=\"menu-item-59858\" class=\"menu-item menu-item-type-post_type menu-item-object-page menu-item-59858\"><a href=\"https:\/\/topa.be\/fr\/sint-carolus-borromeus\/beschrijving\/historische-context\/\">Le contexte historique<\/a><\/li>\n\t<li id=\"menu-item-59859\" class=\"menu-item menu-item-type-post_type menu-item-object-page menu-item-59859\"><a href=\"https:\/\/topa.be\/fr\/sint-carolus-borromeus\/beschrijving\/voorplein-en-residentie\/\">L\u2019esplanade et la r\u00e9sidence<\/a><\/li>\n\t<li id=\"menu-item-59860\" class=\"menu-item menu-item-type-post_type menu-item-object-page menu-item-59860\"><a href=\"https:\/\/topa.be\/fr\/sint-carolus-borromeus\/beschrijving\/voorgeschiedenis\/\">Les ant\u00e9c\u00e9dents<\/a><\/li>\n\t<li id=\"menu-item-59861\" class=\"menu-item menu-item-type-post_type menu-item-object-page menu-item-59861\"><a href=\"https:\/\/topa.be\/fr\/sint-carolus-borromeus\/beschrijving\/college\/\">Le coll\u00e8ge<\/a><\/li>\n\t<li id=\"menu-item-59862\" class=\"menu-item menu-item-type-post_type menu-item-object-page menu-item-59862\"><a href=\"https:\/\/topa.be\/fr\/sint-carolus-borromeus\/beschrijving\/ruimtewerking\/\">L\u2019effet spatial<\/a><\/li>\n\t<li id=\"menu-item-59863\" class=\"menu-item menu-item-type-post_type menu-item-object-page menu-item-59863\"><a href=\"https:\/\/topa.be\/fr\/sint-carolus-borromeus\/beschrijving\/straatnamen\/\">Le nom des rues<\/a><\/li>\n\t<li id=\"menu-item-59864\" class=\"menu-item menu-item-type-post_type menu-item-object-page menu-item-59864\"><a href=\"https:\/\/topa.be\/fr\/sint-carolus-borromeus\/beschrijving\/professenhuis\/\">La maison professe<\/a><\/li>\n\t<li id=\"menu-item-59865\" class=\"menu-item menu-item-type-post_type menu-item-object-page menu-item-59865\"><a href=\"https:\/\/topa.be\/fr\/sint-carolus-borromeus\/beschrijving\/sodaliteitsgebouw\/\">Le b\u00e2timent des sodalit\u00e9s<\/a><\/li>\n\t<li id=\"menu-item-59866\" class=\"menu-item menu-item-type-post_type menu-item-object-page menu-item-has-children menu-item-59866\"><a href=\"https:\/\/topa.be\/fr\/sint-carolus-borromeus\/beschrijving\/voorgevel\/\">La fa\u00e7ade<\/a>\n\t<ul class=\"sub-menu\">\n\t\t<li id=\"menu-item-59867\" class=\"menu-item menu-item-type-post_type menu-item-object-page menu-item-59867\"><a href=\"https:\/\/topa.be\/fr\/sint-carolus-borromeus\/beschrijving\/voorgevel\/heb-je-me-gezien\/\">M\u2019avez-vous remarqu\u00e9e ?<\/a><\/li>\n\t\t<li id=\"menu-item-59868\" class=\"menu-item menu-item-type-post_type menu-item-object-page menu-item-59868\"><a href=\"https:\/\/topa.be\/fr\/sint-carolus-borromeus\/beschrijving\/voorgevel\/algemeen-nut\/\">Message d\u2019utilit\u00e9 publique<\/a><\/li>\n\t\t<li id=\"menu-item-59869\" class=\"menu-item menu-item-type-post_type menu-item-object-page menu-item-59869\"><a href=\"https:\/\/topa.be\/fr\/sint-carolus-borromeus\/beschrijving\/voorgevel\/geschiedenisboek\/\">L\u2019histoire \u00e0 livre ouvert<\/a><\/li>\n\t<\/ul>\n<\/li>\n\t<li id=\"menu-item-59870\" class=\"menu-item menu-item-type-post_type menu-item-object-page menu-item-59870\"><a href=\"https:\/\/topa.be\/fr\/sint-carolus-borromeus\/beschrijving\/toren\/\">La tour<\/a><\/li>\n\t<li id=\"menu-item-59871\" class=\"menu-item menu-item-type-post_type menu-item-object-page menu-item-59871\"><a href=\"https:\/\/topa.be\/fr\/sint-carolus-borromeus\/beschrijving\/interieur\/\">L\u2019int\u00e9rieur<\/a><\/li>\n\t<li id=\"menu-item-59872\" class=\"menu-item menu-item-type-post_type menu-item-object-page menu-item-59872\"><a href=\"https:\/\/topa.be\/fr\/sint-carolus-borromeus\/beschrijving\/hoofdaltaar\/\">Le ma\u00eetre-autel<\/a><\/li>\n\t<li id=\"menu-item-59873\" class=\"menu-item menu-item-type-post_type menu-item-object-page menu-item-59873\"><a href=\"https:\/\/topa.be\/fr\/sint-carolus-borromeus\/beschrijving\/preekstoel\/\">La chaire de v\u00e9rit\u00e9<\/a><\/li>\n\t<li id=\"menu-item-59874\" class=\"menu-item menu-item-type-post_type menu-item-object-page menu-item-59874\"><a href=\"https:\/\/topa.be\/fr\/sint-carolus-borromeus\/beschrijving\/biechtstoelen\/\">Les confessionnaux<\/a><\/li>\n\t<li id=\"menu-item-59875\" class=\"menu-item menu-item-type-post_type menu-item-object-page menu-item-59875\"><a href=\"https:\/\/topa.be\/fr\/sint-carolus-borromeus\/beschrijving\/plafondcycli\/\">Les cycles des plafonds<\/a><\/li>\n\t<li id=\"menu-item-59876\" class=\"menu-item menu-item-type-post_type menu-item-object-page menu-item-59876\"><a href=\"https:\/\/topa.be\/fr\/sint-carolus-borromeus\/beschrijving\/mariakapel\/\">La chapelle Mariale<\/a><\/li>\n\t<li id=\"menu-item-59877\" class=\"menu-item menu-item-type-post_type menu-item-object-page menu-item-59877\"><a href=\"https:\/\/topa.be\/fr\/sint-carolus-borromeus\/beschrijving\/sint-ignatiuskapel\/\">La chapelle Saint-Ignace<\/a><\/li>\n\t<li id=\"menu-item-59878\" class=\"menu-item menu-item-type-post_type menu-item-object-page menu-item-59878\"><a href=\"https:\/\/topa.be\/fr\/sint-carolus-borromeus\/beschrijving\/sint-franciscus-xaveriuskapel\/\">La chapelle St. Fran\u00e7ois-Xavier<\/a><\/li>\n\t<li id=\"menu-item-59879\" class=\"menu-item menu-item-type-post_type menu-item-object-page menu-item-59879\"><a href=\"https:\/\/topa.be\/fr\/sint-carolus-borromeus\/beschrijving\/galerijen\/\">Les galeries<\/a><\/li>\n\t<li id=\"menu-item-59880\" class=\"menu-item menu-item-type-post_type menu-item-object-page menu-item-59880\"><a href=\"https:\/\/topa.be\/fr\/sint-carolus-borromeus\/beschrijving\/orgel\/\">L\u2019orgue<\/a><\/li>\n\t<li id=\"menu-item-59881\" class=\"menu-item menu-item-type-post_type menu-item-object-page menu-item-59881\"><a href=\"https:\/\/topa.be\/fr\/sint-carolus-borromeus\/beschrijving\/sacristie\/\">La sacristie<\/a><\/li>\n\t<li id=\"menu-item-59882\" class=\"menu-item menu-item-type-post_type menu-item-object-page menu-item-59882\"><a href=\"https:\/\/topa.be\/fr\/sint-carolus-borromeus\/beschrijving\/buitengaan\/\">En sortant<\/a><\/li>\n\t<li id=\"menu-item-59883\" class=\"menu-item menu-item-type-post_type menu-item-object-page menu-item-59883\"><a href=\"https:\/\/topa.be\/fr\/sint-carolus-borromeus\/beschrijving\/nawoord\/\">\u00c9pilogue<\/a><\/li>\n\t<li id=\"menu-item-59884\" class=\"menu-item menu-item-type-post_type menu-item-object-page menu-item-59884\"><a href=\"https:\/\/topa.be\/fr\/sint-carolus-borromeus\/beschrijving\/bibliografie\/\">Bibliographie<\/a><\/li>\n<\/ul>\n<\/li>\n<\/ul><\/nav>\t\t\t\t<\/div>\n\t\t\t\t<\/div>\n\t\t\t\t\t<\/div>\n\t\t<\/div>\n\t\t\t\t\t<\/div>\n\t\t<\/section>\n\t\t\t\t<\/div>\n\t\t","protected":false},"excerpt":{"rendered":"<p>L\u2019\u00e9glise des j\u00e9suites \u00e0 Anvers, une r\u00e9v\u00e9lation. L\u2019orgue L\u2019orgue d\u2019origine n\u2019a pas surv\u00e9cu \u00e0 l\u2019incendie de 1718 et vers 1720 il est remplac\u00e9 par l\u2019orgue actuel. Il est d\u2019usage d\u2019associer des \u0153uvres d\u2019art \u00e0 des noms c\u00e9l\u00e8bres, mais il n\u2019y a aucune indication en faveur de l\u2019attribution faite au XIXe\u00a0si\u00e8cle \u00e0 Jean-Baptiste Forceville. \u00c0 plus [&hellip;]<\/p>\n","protected":false},"author":16,"featured_media":0,"parent":37725,"menu_order":210,"comment_status":"closed","ping_status":"closed","template":"","meta":{"footnotes":""},"class_list":["post-39019","page","type-page","status-publish","hentry"],"aioseo_notices":[],"_links":{"self":[{"href":"https:\/\/topa.be\/fr\/wp-json\/wp\/v2\/pages\/39019","targetHints":{"allow":["GET"]}}],"collection":[{"href":"https:\/\/topa.be\/fr\/wp-json\/wp\/v2\/pages"}],"about":[{"href":"https:\/\/topa.be\/fr\/wp-json\/wp\/v2\/types\/page"}],"author":[{"embeddable":true,"href":"https:\/\/topa.be\/fr\/wp-json\/wp\/v2\/users\/16"}],"replies":[{"embeddable":true,"href":"https:\/\/topa.be\/fr\/wp-json\/wp\/v2\/comments?post=39019"}],"version-history":[{"count":3,"href":"https:\/\/topa.be\/fr\/wp-json\/wp\/v2\/pages\/39019\/revisions"}],"predecessor-version":[{"id":45837,"href":"https:\/\/topa.be\/fr\/wp-json\/wp\/v2\/pages\/39019\/revisions\/45837"}],"up":[{"embeddable":true,"href":"https:\/\/topa.be\/fr\/wp-json\/wp\/v2\/pages\/37725"}],"wp:attachment":[{"href":"https:\/\/topa.be\/fr\/wp-json\/wp\/v2\/media?parent=39019"}],"curies":[{"name":"wp","href":"https:\/\/api.w.org\/{rel}","templated":true}]}}