{"id":39006,"date":"2021-06-04T13:21:10","date_gmt":"2021-06-04T11:21:10","guid":{"rendered":"http:\/\/topa.be\/sint-carolus-borromeus\/beschrijving-2\/historische-context\/"},"modified":"2021-07-19T14:14:36","modified_gmt":"2021-07-19T12:14:36","slug":"historische-context","status":"publish","type":"page","link":"https:\/\/topa.be\/fr\/sint-carolus-borromeus\/beschrijving\/historische-context\/","title":{"rendered":"SCB Le contexte historique"},"content":{"rendered":"\t\t<div data-elementor-type=\"wp-page\" data-elementor-id=\"39006\" class=\"elementor elementor-39006 elementor-33738\" data-elementor-post-type=\"page\">\n\t\t\t\t\t\t<section class=\"elementor-section elementor-top-section elementor-element elementor-element-810245d elementor-section-boxed elementor-section-height-default elementor-section-height-default\" data-id=\"810245d\" data-element_type=\"section\" data-e-type=\"section\">\n\t\t\t\t\t\t<div class=\"elementor-container elementor-column-gap-default\">\n\t\t\t\t\t<div class=\"elementor-column elementor-col-100 elementor-top-column elementor-element elementor-element-ec854b1\" data-id=\"ec854b1\" data-element_type=\"column\" data-e-type=\"column\">\n\t\t\t<div class=\"elementor-widget-wrap elementor-element-populated\">\n\t\t\t\t\t\t<div class=\"elementor-element elementor-element-954af3f elementor-widget elementor-widget-heading\" data-id=\"954af3f\" data-element_type=\"widget\" data-e-type=\"widget\" data-widget_type=\"heading.default\">\n\t\t\t\t<div class=\"elementor-widget-container\">\n\t\t\t\t\t<h2 class=\"elementor-heading-title elementor-size-default\">L\u2019\u00e9glise des j\u00e9suites \u00e0 Anvers, une r\u00e9v\u00e9lation.<\/h2>\t\t\t\t<\/div>\n\t\t\t\t<\/div>\n\t\t\t\t<div class=\"elementor-element elementor-element-c0c5fb7 elementor-widget elementor-widget-heading\" data-id=\"c0c5fb7\" data-element_type=\"widget\" data-e-type=\"widget\" data-widget_type=\"heading.default\">\n\t\t\t\t<div class=\"elementor-widget-container\">\n\t\t\t\t\t<h1 class=\"elementor-heading-title elementor-size-default\">Comment un monument suit le cours de l\u2019histoire\u2026<\/h1>\t\t\t\t<\/div>\n\t\t\t\t<\/div>\n\t\t\t\t\t<\/div>\n\t\t<\/div>\n\t\t\t\t\t<\/div>\n\t\t<\/section>\n\t\t\t\t<section class=\"elementor-section elementor-top-section elementor-element elementor-element-11d2348 elementor-section-boxed elementor-section-height-default elementor-section-height-default\" data-id=\"11d2348\" data-element_type=\"section\" data-e-type=\"section\">\n\t\t\t\t\t\t<div class=\"elementor-container elementor-column-gap-default\">\n\t\t\t\t\t<div class=\"elementor-column elementor-col-66 elementor-top-column elementor-element elementor-element-522d150\" data-id=\"522d150\" data-element_type=\"column\" data-e-type=\"column\">\n\t\t\t<div class=\"elementor-widget-wrap elementor-element-populated\">\n\t\t\t\t\t\t<div class=\"elementor-element elementor-element-37d2deb elementor-widget elementor-widget-text-editor\" data-id=\"37d2deb\" data-element_type=\"widget\" data-e-type=\"widget\" data-widget_type=\"text-editor.default\">\n\t\t\t\t<div class=\"elementor-widget-container\">\n\t\t\t\t\t\t\t\t\t<table border=\"1\">\n<tbody>\n<tr>\n<td><\/td>\n<td><strong>HISTOIRE G\u00c9N\u00c9RALE<\/strong><\/td>\n<td><strong>DATE<\/strong><\/td>\n<td><strong>HISTOIRE de l\u2019\u00c9GLISE SAINT-CHARLES BORROM\u00c9E<\/strong><\/td>\n<\/tr>\n<tr>\n<td style=\"background-color: #ff00ff; text-align: center; vertical-align: middle;\" rowspan=\"2\"><strong>R<\/strong><\/p>\n<p><strong>O<\/strong><\/p>\n<p><strong>M<\/strong><\/p>\n<p><strong>E<\/strong><\/td>\n<td>J\u00e9sus de Nazareth<\/td>\n<td>01-33<\/td>\n<td rowspan=\"9\"><\/td>\n<\/tr>\n<tr>\n<td>Libert\u00e9 religieuse pour les chr\u00e9tiens<\/td>\n<td>313<\/td>\n<\/tr>\n<tr>\n<td style=\"background-color: #00ff00; text-align: center; vertical-align: middle;\" rowspan=\"5\"><strong>M<br \/>\n<\/strong><strong>O<br \/>\n<\/strong><strong>Y<br \/>\n<\/strong><strong>E<br \/>\nN<br \/>\n\u2013<br \/>\n\u00c2<br \/>\nG<br \/>\nE<\/strong><\/td>\n<td>Missions aux Pays-Bas<\/td>\n<td>7<sup>e<\/sup>\u00a0si\u00e8cle<\/td>\n<\/tr>\n<tr>\n<td>2<sup>nde<\/sup> extention de la ville avec la porte Sainte-Catherine et son rempart<\/td>\n<td>vers 1200<\/td>\n<\/tr>\n<tr>\n<td>3<sup>e<\/sup>\u00a0extention de la ville: suppression du rempart Sainte-Catherine<\/td>\n<td>1320<\/td>\n<\/tr>\n<tr>\n<td>D\u00e9but de \u00ab\u00a0l\u2019\u00c2ge d\u2019Or\u00a0\u00bb d\u2019Anvers<\/td>\n<td>1488<\/td>\n<\/tr>\n<tr>\n<td>Naissance d\u2019Ignace de Loyola<\/td>\n<td>1491<\/td>\n<\/tr>\n<tr>\n<td style=\"background-color: #00ffff; text-align: center; vertical-align: middle;\" rowspan=\"37\"><strong>\u00c9<\/strong><strong>R<\/strong><\/p>\n<p><strong>E<\/strong><\/p>\n<p>&nbsp;<\/p>\n<p><strong>M<\/strong><\/p>\n<p><strong>O<\/strong><\/p>\n<p><strong>D<\/strong><\/p>\n<p><strong>E<\/strong><\/p>\n<p><strong>R<\/strong><\/p>\n<p><strong>N<\/strong><\/p>\n<p><strong>E<\/strong><\/td>\n<td>Christophe Colomb en Am\u00e9rique<\/td>\n<td>1492<\/td>\n<\/tr>\n<tr>\n<td>Les th\u00e8ses de Luther<\/td>\n<td>1517<\/td>\n<\/tr>\n<tr>\n<td rowspan=\"2\"><\/td>\n<td>1529-1531<\/td>\n<td>Ignace sollicite de l\u2019aide financi\u00e8re aux Pays-Bas, entre autres \u00e0 Anvers<\/td>\n<\/tr>\n<tr>\n<td>1539<\/td>\n<td>Reconstruction de la Maison d\u2019Aix-la-Chapelle par Erasmus Schetz<\/td>\n<\/tr>\n<tr>\n<td>Instauration de l\u2019ordre des j\u00e9suites par le pape Paul III<\/td>\n<td>1540<\/td>\n<td rowspan=\"3\"><\/td>\n<\/tr>\n<tr>\n<td>Concile de Trente<\/td>\n<td>1545-1563<\/td>\n<\/tr>\n<tr>\n<td>D\u00e9c\u00e8s d\u2019Ignace<\/td>\n<td>1556<\/td>\n<\/tr>\n<tr>\n<td><\/td>\n<td>1562<\/td>\n<td>Premier j\u00e9suite \u00e0 Anvers \u2013 location d\u2019une maison au Meir<\/td>\n<\/tr>\n<tr>\n<td>Iconoclasme \u00e0 Anvers<\/td>\n<td>1566<\/td>\n<td><\/td>\n<\/tr>\n<tr>\n<td><\/td>\n<td>1574<\/td>\n<td>Achat de la Maison d\u2019Aix-la-Chapelle<br \/>\nConstruction d\u2019une chapelle \u2013 ouverture d\u2019un coll\u00e8ge<\/td>\n<\/tr>\n<tr>\n<td>Un pouvoir Calviniste \u00e0 Anvers<\/td>\n<td>1577-1585<\/td>\n<td><\/td>\n<\/tr>\n<tr>\n<td><\/td>\n<td>Mai 1578<\/td>\n<td>Refus des j\u00e9suites du serment r\u00e9publicain, suivi d\u2019expulsion<\/td>\n<\/tr>\n<tr>\n<td>Les calvinistes occupent la chapelle des j\u00e9suites<br \/>\nLes \u2018colonels\u2019 s\u2019installent dans le coll\u00e8ge<\/td>\n<td>1578-1585<\/td>\n<td rowspan=\"2\"><\/td>\n<\/tr>\n<tr>\n<td>\u2018Purification\u2019 calviniste des \u00e9glises<\/td>\n<td>1581<\/td>\n<\/tr>\n<tr>\n<td>Anvers redevient Espagnole et catholique<\/td>\n<td>1585<\/td>\n<td>Retour des j\u00e9suites et r\u00e9ouverture du coll\u00e8ge<\/td>\n<\/tr>\n<tr>\n<td rowspan=\"2\"><\/td>\n<td>1587<\/td>\n<td>Installation d\u2019une statue Mariale sur la fa\u00e7ade de l\u2019h\u00f4tel de ville par les sodalit\u00e9s mariales \u00e0 l\u2019instigation de Franciscus Costerus<\/td>\n<\/tr>\n<tr>\n<td>1607<\/td>\n<td>D\u00e9m\u00e9nagement du coll\u00e8ge vers l\u2019H\u00f4tel van Liere<\/td>\n<\/tr>\n<tr>\n<td>Tr\u00eave de 12 Ans entre le Nord et le Sud des Pays-Bas<\/td>\n<td>1609-1621<\/td>\n<td><\/td>\n<\/tr>\n<tr>\n<td rowspan=\"16\"><\/td>\n<td>1612<\/td>\n<td>Provincialat des j\u00e9suites \u00e0 Anvers<\/td>\n<\/tr>\n<tr>\n<td>1614-1615<\/td>\n<td>L\u2019am\u00e9nagement du terrain \u00e0 b\u00e2tir<\/td>\n<\/tr>\n<tr>\n<td>15\/04\/1615<\/td>\n<td>Pose de la premi\u00e8re pierre de l\u2019\u00e9glise<\/td>\n<\/tr>\n<tr>\n<td>1616<\/td>\n<td>Fondation d\u2019une \u2018maison professe\u2019<\/td>\n<\/tr>\n<tr>\n<td>1615-1621<\/td>\n<td>Construction de l\u2019\u00e9glise et de la tour<\/td>\n<\/tr>\n<tr>\n<td>1617<\/td>\n<td>D\u00e9c\u00e8s de l\u2019architecte Fran\u00e7ois d\u2019Aguilon, d\u00e9signation de Pieter Huyssens<\/td>\n<\/tr>\n<tr>\n<td>12\/09\/1621<\/td>\n<td>Cons\u00e9cration de l\u2019\u00e9glise par l\u2019\u00e9v\u00eaque Johannes Malderus<\/td>\n<\/tr>\n<tr>\n<td>1622<\/td>\n<td>Festivit\u00e9s lors de la sanctification d\u2019Ignace et de Xavier<\/td>\n<\/tr>\n<tr>\n<td>1622-1623<\/td>\n<td>Construction du b\u00e2timent des sodalit\u00e9s<\/td>\n<\/tr>\n<tr>\n<td>1621-1625<\/td>\n<td>Construction des Chapelles Mariale et Saint-Ignace<\/td>\n<\/tr>\n<tr>\n<td>1622-1625<\/td>\n<td>Extension de la maison professe<\/td>\n<\/tr>\n<tr>\n<td>1625<\/td>\n<td>D\u00e9mission de l\u2019architecte Pieter Huyssens<\/td>\n<\/tr>\n<tr>\n<td>18\/07\/1718<\/td>\n<td>Impact de la foudre, incendie et destruction de l\u2019\u00e9glise<\/td>\n<\/tr>\n<tr>\n<td>1718-1719<\/td>\n<td>Restauration de l\u2019\u00e9glise<\/td>\n<\/tr>\n<tr>\n<td>06\/11\/1719<\/td>\n<td>Nouvelle cons\u00e9cration de l\u2019\u00e9glise<\/td>\n<\/tr>\n<tr>\n<td>1719-1720<\/td>\n<td>Chaire, confessionnaux, lambris et buffet d\u2019orgue (Jan Pieter I van Baurscheit)<\/td>\n<\/tr>\n<tr>\n<td>Suppression de l\u2019ordre des j\u00e9suites<\/td>\n<td>1773<\/td>\n<td>Fermeture de la maison professe et de l\u2019\u00e9glise<\/td>\n<\/tr>\n<tr>\n<td rowspan=\"2\"><\/td>\n<td>1774 \u2026<\/td>\n<td>Vente d\u2019objets d\u2019art<\/td>\n<\/tr>\n<tr>\n<td>1779<\/td>\n<td>\u00c9glise\u00a0: local de cat\u00e9ch\u00e8se pour la Cath\u00e9drale Notre-Dame<\/td>\n<\/tr>\n<tr>\n<td rowspan=\"26\">\n<table>\n<tbody>\n<tr>\n<td style=\"background-color: #ffff7e; text-align: center; vertical-align: middle;\"><strong>\u00c9<\/strong><strong>R<\/strong><\/p>\n<p><strong>E<\/strong><\/p>\n<p>&nbsp;<\/p>\n<p><strong>C<\/strong><\/p>\n<p><strong>O<\/strong><\/p>\n<p><strong>N<\/strong><\/p>\n<p><strong>T<\/strong><\/p>\n<p><strong>E<\/strong><\/p>\n<p><strong>M<\/strong><\/p>\n<p><strong>P<\/strong><\/p>\n<p><strong>O<\/strong><\/p>\n<p><strong>R<\/strong><\/p>\n<p><strong>A<\/strong><\/p>\n<p><strong>I<\/strong><\/p>\n<p><strong>N<\/strong><\/p>\n<p><strong>E<\/strong><\/td>\n<\/tr>\n<\/tbody>\n<\/table>\n<p><strong>M<\/strong><\/p>\n<p><strong>O<\/strong><\/p>\n<p><strong>D<\/strong><\/p>\n<p><strong>E<\/strong><\/p>\n<p><strong>N<\/strong><\/p>\n<p><strong>\u00a0<\/strong><\/p>\n<p><strong>E<\/strong><\/p>\n<p><strong>R<\/strong><\/p>\n<p><strong>A<\/strong><\/td>\n<td>R\u00e9volution Fran\u00e7aise<\/td>\n<td>1789<\/td>\n<td><\/td>\n<\/tr>\n<tr>\n<td>Annexion des Pays-Bas M\u00e9ridionaux par la France<\/td>\n<td>1794<\/td>\n<td>\u00c9glise\u00a0: lieu de stockage pour les \u0153uvres d\u2019art r\u00e9quisitionn\u00e9es<\/td>\n<\/tr>\n<tr>\n<td>Imp\u00f4ts de guerre fran\u00e7ais<\/td>\n<td>1795<\/td>\n<td>Vente de l\u2019argenterie sacr\u00e9e et des tableaux<\/td>\n<\/tr>\n<tr>\n<td>Nationalisation des \u00e9glises<\/td>\n<td>1797<\/td>\n<td>\u00c9glise\u00a0: Temple de la Loi<\/td>\n<\/tr>\n<tr>\n<td><\/td>\n<td>1800<\/td>\n<td>\u00c9glise : Tribunal criminel<\/td>\n<\/tr>\n<tr>\n<td>Concordat Pie VII et Napol\u00e9on Bonaparte,<br \/>\nSuppression de l\u2019\u00e9v\u00each\u00e9 d\u2019Anvers<\/td>\n<td>1801<\/td>\n<td><\/td>\n<\/tr>\n<tr>\n<td><\/td>\n<td>1802<\/td>\n<td>R\u00e9ouverture en tant qu\u2019\u00e9glise paroissiale rempla\u00e7ant l\u2019\u00e9glise Notre-Dame endommag\u00e9e<\/td>\n<\/tr>\n<tr>\n<td><\/td>\n<td>1803<\/td>\n<td>Paroisse autonome Saint-Charles Borrom\u00e9e<\/td>\n<\/tr>\n<tr>\n<td><\/td>\n<td>19<sup>e<\/sup>\u00a0si\u00e8cle<\/td>\n<td>Baptist\u00e8re, retour des fraternit\u00e9s<\/td>\n<\/tr>\n<tr>\n<td>Bataille de Waterloo, Belgique int\u00e9gr\u00e9e aux Pays-Bas<\/td>\n<td>1815<\/td>\n<td>L\u2019\u00e9glise sert d\u2019h\u00f4pital militaire<\/td>\n<\/tr>\n<tr>\n<td><\/td>\n<td>1817<\/td>\n<td>Le Roi Guillaume vend l\u2019\u00e9glise aux paroissiens<\/td>\n<\/tr>\n<tr>\n<td>Ind\u00e9pendance Belge<\/td>\n<td>1830<\/td>\n<td><\/td>\n<\/tr>\n<tr>\n<td><\/td>\n<td>1834<\/td>\n<td>Des j\u00e9suites pr\u00eachent (dans leur ancienne \u00e9glise) une mission populaire<\/td>\n<\/tr>\n<tr>\n<td><\/td>\n<td>1839<\/td>\n<td>Chemin de Croix (Edward Du Jardin et H.E. Janssens)<\/td>\n<\/tr>\n<tr>\n<td><\/td>\n<td>1840<\/td>\n<td>Retable <em>Notre-Dame du Carmel<\/em> (Gustaaf Wappers)<br \/>\nLes j\u00e9suites rach\u00e8tent une partie de la maison professe<\/td>\n<\/tr>\n<tr>\n<td><\/td>\n<td>1849-1865<\/td>\n<td>Fa\u00e7ade restaur\u00e9e (F. Berckmans)<\/td>\n<\/tr>\n<tr>\n<td><\/td>\n<td>1860<\/td>\n<td>Donation d\u2019une partie de la maison professe comme cure<\/td>\n<\/tr>\n<tr>\n<td><\/td>\n<td>1873<\/td>\n<td>Grillages devant la fa\u00e7ade<\/td>\n<\/tr>\n<tr>\n<td><\/td>\n<td>1922<\/td>\n<td>\u00c9lectrification de l\u2019orgue et des cloches<\/td>\n<\/tr>\n<tr>\n<td><\/td>\n<td>1925<\/td>\n<td>Copie de <em>l\u2019Assomption de Marie<\/em> d\u2019apr\u00e8s Pierre Paul Rubens (retable de la Chapelle Mariale)<\/td>\n<\/tr>\n<tr>\n<td><\/td>\n<td>1939<\/td>\n<td>Class\u00e9 monument prot\u00e9g\u00e9<\/td>\n<\/tr>\n<tr>\n<td><\/td>\n<td>1943<\/td>\n<td>Les nazis volent deux cloches<br \/>\nFondation du Sou des Artistes et de la Messe des Artistes (Marie-\u00c9lisabeth Belpaire et Beno\u00eet Roose)<\/td>\n<\/tr>\n<tr>\n<td><\/td>\n<td>1945<\/td>\n<td>Impact de bombes V aux environs\u00a0: bris de verre<\/td>\n<\/tr>\n<tr>\n<td>R\u00e9instauration de l\u2019\u00e9v\u00each\u00e9<\/td>\n<td>1961<\/td>\n<td><\/td>\n<\/tr>\n<tr>\n<td><\/td>\n<td>1981-1987<\/td>\n<td>Restauration de la fa\u00e7ade et des nefs (Joseph-Louis Steynen)<\/td>\n<\/tr>\n<tr>\n<td><\/td>\n<td>2009<\/td>\n<td>Incendie grave \u00e9vit\u00e9 de peu<\/td>\n<\/tr>\n<\/tbody>\n<\/table>\n\t\t\t\t\t\t\t\t<\/div>\n\t\t\t\t<\/div>\n\t\t\t\t<section class=\"elementor-section elementor-inner-section elementor-element elementor-element-0a4ef78 elementor-section-boxed elementor-section-height-default elementor-section-height-default\" data-id=\"0a4ef78\" data-element_type=\"section\" data-e-type=\"section\">\n\t\t\t\t\t\t<div class=\"elementor-container elementor-column-gap-default\">\n\t\t\t\t\t<div class=\"elementor-column elementor-col-50 elementor-inner-column elementor-element elementor-element-742e649\" data-id=\"742e649\" data-element_type=\"column\" data-e-type=\"column\">\n\t\t\t<div class=\"elementor-widget-wrap elementor-element-populated\">\n\t\t\t\t\t\t<div class=\"elementor-element elementor-element-a2935b0 elementor-align-center elementor-widget elementor-widget-button\" data-id=\"a2935b0\" data-element_type=\"widget\" data-e-type=\"widget\" data-widget_type=\"button.default\">\n\t\t\t\t<div class=\"elementor-widget-container\">\n\t\t\t\t\t\t\t\t\t<div class=\"elementor-button-wrapper\">\n\t\t\t\t\t<a class=\"elementor-button elementor-button-link elementor-size-sm\" href=\"https:\/\/topa.be\/fr\/sint-carolus-borromeus\/beschrijving\/inleiding\/\">\n\t\t\t\t\t\t<span class=\"elementor-button-content-wrapper\">\n\t\t\t\t\t\t\t\t\t<span class=\"elementor-button-text\">Introduction<\/span>\n\t\t\t\t\t<\/span>\n\t\t\t\t\t<\/a>\n\t\t\t\t<\/div>\n\t\t\t\t\t\t\t\t<\/div>\n\t\t\t\t<\/div>\n\t\t\t\t\t<\/div>\n\t\t<\/div>\n\t\t\t\t<div class=\"elementor-column elementor-col-50 elementor-inner-column elementor-element elementor-element-57c0cc5\" data-id=\"57c0cc5\" data-element_type=\"column\" data-e-type=\"column\">\n\t\t\t<div class=\"elementor-widget-wrap elementor-element-populated\">\n\t\t\t\t\t\t<div class=\"elementor-element elementor-element-91c030c elementor-align-center elementor-widget elementor-widget-button\" data-id=\"91c030c\" data-element_type=\"widget\" data-e-type=\"widget\" data-widget_type=\"button.default\">\n\t\t\t\t<div class=\"elementor-widget-container\">\n\t\t\t\t\t\t\t\t\t<div class=\"elementor-button-wrapper\">\n\t\t\t\t\t<a class=\"elementor-button elementor-button-link elementor-size-sm\" href=\"https:\/\/topa.be\/fr\/sint-carolus-borromeus\/beschrijving\/voorplein-en-residentie\/\">\n\t\t\t\t\t\t<span class=\"elementor-button-content-wrapper\">\n\t\t\t\t\t\t\t\t\t<span class=\"elementor-button-text\">L\u2019esplanade et la r\u00e9sidence<\/span>\n\t\t\t\t\t<\/span>\n\t\t\t\t\t<\/a>\n\t\t\t\t<\/div>\n\t\t\t\t\t\t\t\t<\/div>\n\t\t\t\t<\/div>\n\t\t\t\t\t<\/div>\n\t\t<\/div>\n\t\t\t\t\t<\/div>\n\t\t<\/section>\n\t\t\t\t\t<\/div>\n\t\t<\/div>\n\t\t\t\t<div class=\"elementor-column elementor-col-33 elementor-top-column elementor-element elementor-element-de095f3\" data-id=\"de095f3\" data-element_type=\"column\" data-e-type=\"column\">\n\t\t\t<div class=\"elementor-widget-wrap elementor-element-populated\">\n\t\t\t\t\t\t<div class=\"elementor-element elementor-element-e68e0cd elementor-widget elementor-widget-image\" data-id=\"e68e0cd\" data-element_type=\"widget\" data-e-type=\"widget\" data-widget_type=\"image.default\">\n\t\t\t\t<div class=\"elementor-widget-container\">\n\t\t\t\t\t\t\t\t\t\t\t\t\t\t\t<img fetchpriority=\"high\" decoding=\"async\" width=\"800\" height=\"800\" src=\"https:\/\/topa.be\/wp-content\/uploads\/Sint-Carolus-Borromeus.jpg\" class=\"attachment-large size-large wp-image-29764\" alt=\"\" srcset=\"https:\/\/topa.be\/wp-content\/uploads\/Sint-Carolus-Borromeus.jpg 1023w, https:\/\/topa.be\/wp-content\/uploads\/Sint-Carolus-Borromeus-300x300.jpg 300w, https:\/\/topa.be\/wp-content\/uploads\/Sint-Carolus-Borromeus-200x200.jpg 200w, https:\/\/topa.be\/wp-content\/uploads\/Sint-Carolus-Borromeus-768x768.jpg 768w\" sizes=\"(max-width: 800px) 100vw, 800px\" \/>\t\t\t\t\t\t\t\t\t\t\t\t\t\t\t<\/div>\n\t\t\t\t<\/div>\n\t\t\t\t<div class=\"elementor-element elementor-element-faf6bc0 elementor-widget elementor-widget-wp-widget-nav_menu\" data-id=\"faf6bc0\" data-element_type=\"widget\" data-e-type=\"widget\" data-widget_type=\"wp-widget-nav_menu.default\">\n\t\t\t\t<div class=\"elementor-widget-container\">\n\t\t\t\t\t<nav class=\"menu-beschrijving-scb-frans-container\" aria-label=\"Menu\"><ul id=\"menu-beschrijving-scb-frans\" class=\"menu\"><li id=\"menu-item-59856\" class=\"menu-item menu-item-type-post_type menu-item-object-page menu-item-59856\"><a href=\"https:\/\/topa.be\/fr\/sint-carolus-borromeus\/\">\u00c9glise Saint-Charles-Borrom\u00e9<\/a><\/li>\n<li id=\"menu-item-61180\" class=\"menu-item menu-item-type-post_type menu-item-object-page menu-item-has-children menu-item-61180\"><a href=\"https:\/\/topa.be\/fr\/sint-carolus-borromeus\/beschrijving\/\">Histoire &#038; Description<\/a>\n<ul class=\"sub-menu\">\n\t<li id=\"menu-item-59857\" class=\"menu-item menu-item-type-post_type menu-item-object-page menu-item-59857\"><a href=\"https:\/\/topa.be\/fr\/sint-carolus-borromeus\/beschrijving\/inleiding\/\">Introduction<\/a><\/li>\n\t<li id=\"menu-item-59858\" class=\"menu-item menu-item-type-post_type menu-item-object-page menu-item-59858\"><a href=\"https:\/\/topa.be\/fr\/sint-carolus-borromeus\/beschrijving\/historische-context\/\">Le contexte historique<\/a><\/li>\n\t<li id=\"menu-item-59859\" class=\"menu-item menu-item-type-post_type menu-item-object-page menu-item-59859\"><a href=\"https:\/\/topa.be\/fr\/sint-carolus-borromeus\/beschrijving\/voorplein-en-residentie\/\">L\u2019esplanade et la r\u00e9sidence<\/a><\/li>\n\t<li id=\"menu-item-59860\" class=\"menu-item menu-item-type-post_type menu-item-object-page menu-item-59860\"><a href=\"https:\/\/topa.be\/fr\/sint-carolus-borromeus\/beschrijving\/voorgeschiedenis\/\">Les ant\u00e9c\u00e9dents<\/a><\/li>\n\t<li id=\"menu-item-59861\" class=\"menu-item menu-item-type-post_type menu-item-object-page menu-item-59861\"><a href=\"https:\/\/topa.be\/fr\/sint-carolus-borromeus\/beschrijving\/college\/\">Le coll\u00e8ge<\/a><\/li>\n\t<li id=\"menu-item-59862\" class=\"menu-item menu-item-type-post_type menu-item-object-page menu-item-59862\"><a href=\"https:\/\/topa.be\/fr\/sint-carolus-borromeus\/beschrijving\/ruimtewerking\/\">L\u2019effet spatial<\/a><\/li>\n\t<li id=\"menu-item-59863\" class=\"menu-item menu-item-type-post_type menu-item-object-page menu-item-59863\"><a href=\"https:\/\/topa.be\/fr\/sint-carolus-borromeus\/beschrijving\/straatnamen\/\">Le nom des rues<\/a><\/li>\n\t<li id=\"menu-item-59864\" class=\"menu-item menu-item-type-post_type menu-item-object-page menu-item-59864\"><a href=\"https:\/\/topa.be\/fr\/sint-carolus-borromeus\/beschrijving\/professenhuis\/\">La maison professe<\/a><\/li>\n\t<li id=\"menu-item-59865\" class=\"menu-item menu-item-type-post_type menu-item-object-page menu-item-59865\"><a href=\"https:\/\/topa.be\/fr\/sint-carolus-borromeus\/beschrijving\/sodaliteitsgebouw\/\">Le b\u00e2timent des sodalit\u00e9s<\/a><\/li>\n\t<li id=\"menu-item-59866\" class=\"menu-item menu-item-type-post_type menu-item-object-page menu-item-has-children menu-item-59866\"><a href=\"https:\/\/topa.be\/fr\/sint-carolus-borromeus\/beschrijving\/voorgevel\/\">La fa\u00e7ade<\/a>\n\t<ul class=\"sub-menu\">\n\t\t<li id=\"menu-item-59867\" class=\"menu-item menu-item-type-post_type menu-item-object-page menu-item-59867\"><a href=\"https:\/\/topa.be\/fr\/sint-carolus-borromeus\/beschrijving\/voorgevel\/heb-je-me-gezien\/\">M\u2019avez-vous remarqu\u00e9e ?<\/a><\/li>\n\t\t<li id=\"menu-item-59868\" class=\"menu-item menu-item-type-post_type menu-item-object-page menu-item-59868\"><a href=\"https:\/\/topa.be\/fr\/sint-carolus-borromeus\/beschrijving\/voorgevel\/algemeen-nut\/\">Message d\u2019utilit\u00e9 publique<\/a><\/li>\n\t\t<li id=\"menu-item-59869\" class=\"menu-item menu-item-type-post_type menu-item-object-page menu-item-59869\"><a href=\"https:\/\/topa.be\/fr\/sint-carolus-borromeus\/beschrijving\/voorgevel\/geschiedenisboek\/\">L\u2019histoire \u00e0 livre ouvert<\/a><\/li>\n\t<\/ul>\n<\/li>\n\t<li id=\"menu-item-59870\" class=\"menu-item menu-item-type-post_type menu-item-object-page menu-item-59870\"><a href=\"https:\/\/topa.be\/fr\/sint-carolus-borromeus\/beschrijving\/toren\/\">La tour<\/a><\/li>\n\t<li id=\"menu-item-59871\" class=\"menu-item menu-item-type-post_type menu-item-object-page menu-item-59871\"><a href=\"https:\/\/topa.be\/fr\/sint-carolus-borromeus\/beschrijving\/interieur\/\">L\u2019int\u00e9rieur<\/a><\/li>\n\t<li id=\"menu-item-59872\" class=\"menu-item menu-item-type-post_type menu-item-object-page menu-item-59872\"><a href=\"https:\/\/topa.be\/fr\/sint-carolus-borromeus\/beschrijving\/hoofdaltaar\/\">Le ma\u00eetre-autel<\/a><\/li>\n\t<li id=\"menu-item-59873\" class=\"menu-item menu-item-type-post_type menu-item-object-page menu-item-59873\"><a href=\"https:\/\/topa.be\/fr\/sint-carolus-borromeus\/beschrijving\/preekstoel\/\">La chaire de v\u00e9rit\u00e9<\/a><\/li>\n\t<li id=\"menu-item-59874\" class=\"menu-item menu-item-type-post_type menu-item-object-page menu-item-59874\"><a href=\"https:\/\/topa.be\/fr\/sint-carolus-borromeus\/beschrijving\/biechtstoelen\/\">Les confessionnaux<\/a><\/li>\n\t<li id=\"menu-item-59875\" class=\"menu-item menu-item-type-post_type menu-item-object-page menu-item-59875\"><a href=\"https:\/\/topa.be\/fr\/sint-carolus-borromeus\/beschrijving\/plafondcycli\/\">Les cycles des plafonds<\/a><\/li>\n\t<li id=\"menu-item-59876\" class=\"menu-item menu-item-type-post_type menu-item-object-page menu-item-59876\"><a href=\"https:\/\/topa.be\/fr\/sint-carolus-borromeus\/beschrijving\/mariakapel\/\">La chapelle Mariale<\/a><\/li>\n\t<li id=\"menu-item-59877\" class=\"menu-item menu-item-type-post_type menu-item-object-page menu-item-59877\"><a href=\"https:\/\/topa.be\/fr\/sint-carolus-borromeus\/beschrijving\/sint-ignatiuskapel\/\">La chapelle Saint-Ignace<\/a><\/li>\n\t<li id=\"menu-item-59878\" class=\"menu-item menu-item-type-post_type menu-item-object-page menu-item-59878\"><a href=\"https:\/\/topa.be\/fr\/sint-carolus-borromeus\/beschrijving\/sint-franciscus-xaveriuskapel\/\">La chapelle St. Fran\u00e7ois-Xavier<\/a><\/li>\n\t<li id=\"menu-item-59879\" class=\"menu-item menu-item-type-post_type menu-item-object-page menu-item-59879\"><a href=\"https:\/\/topa.be\/fr\/sint-carolus-borromeus\/beschrijving\/galerijen\/\">Les galeries<\/a><\/li>\n\t<li id=\"menu-item-59880\" class=\"menu-item menu-item-type-post_type menu-item-object-page menu-item-59880\"><a href=\"https:\/\/topa.be\/fr\/sint-carolus-borromeus\/beschrijving\/orgel\/\">L\u2019orgue<\/a><\/li>\n\t<li id=\"menu-item-59881\" class=\"menu-item menu-item-type-post_type menu-item-object-page menu-item-59881\"><a href=\"https:\/\/topa.be\/fr\/sint-carolus-borromeus\/beschrijving\/sacristie\/\">La sacristie<\/a><\/li>\n\t<li id=\"menu-item-59882\" class=\"menu-item menu-item-type-post_type menu-item-object-page menu-item-59882\"><a href=\"https:\/\/topa.be\/fr\/sint-carolus-borromeus\/beschrijving\/buitengaan\/\">En sortant<\/a><\/li>\n\t<li id=\"menu-item-59883\" class=\"menu-item menu-item-type-post_type menu-item-object-page menu-item-59883\"><a href=\"https:\/\/topa.be\/fr\/sint-carolus-borromeus\/beschrijving\/nawoord\/\">\u00c9pilogue<\/a><\/li>\n\t<li id=\"menu-item-59884\" class=\"menu-item menu-item-type-post_type menu-item-object-page menu-item-59884\"><a href=\"https:\/\/topa.be\/fr\/sint-carolus-borromeus\/beschrijving\/bibliografie\/\">Bibliographie<\/a><\/li>\n<\/ul>\n<\/li>\n<\/ul><\/nav>\t\t\t\t<\/div>\n\t\t\t\t<\/div>\n\t\t\t\t\t<\/div>\n\t\t<\/div>\n\t\t\t\t\t<\/div>\n\t\t<\/section>\n\t\t\t\t<\/div>\n\t\t","protected":false},"excerpt":{"rendered":"<p>L\u2019\u00e9glise des j\u00e9suites \u00e0 Anvers, une r\u00e9v\u00e9lation. Comment un monument suit le cours de l\u2019histoire\u2026 HISTOIRE G\u00c9N\u00c9RALE DATE HISTOIRE de l\u2019\u00c9GLISE SAINT-CHARLES BORROM\u00c9E R O M E J\u00e9sus de Nazareth 01-33 Libert\u00e9 religieuse pour les chr\u00e9tiens 313 M O Y E N \u2013 \u00c2 G E Missions aux Pays-Bas 7e\u00a0si\u00e8cle 2nde extention de la ville [&hellip;]<\/p>\n","protected":false},"author":16,"featured_media":0,"parent":37725,"menu_order":20,"comment_status":"closed","ping_status":"closed","template":"","meta":{"footnotes":""},"class_list":["post-39006","page","type-page","status-publish","hentry"],"aioseo_notices":[],"_links":{"self":[{"href":"https:\/\/topa.be\/fr\/wp-json\/wp\/v2\/pages\/39006","targetHints":{"allow":["GET"]}}],"collection":[{"href":"https:\/\/topa.be\/fr\/wp-json\/wp\/v2\/pages"}],"about":[{"href":"https:\/\/topa.be\/fr\/wp-json\/wp\/v2\/types\/page"}],"author":[{"embeddable":true,"href":"https:\/\/topa.be\/fr\/wp-json\/wp\/v2\/users\/16"}],"replies":[{"embeddable":true,"href":"https:\/\/topa.be\/fr\/wp-json\/wp\/v2\/comments?post=39006"}],"version-history":[{"count":3,"href":"https:\/\/topa.be\/fr\/wp-json\/wp\/v2\/pages\/39006\/revisions"}],"predecessor-version":[{"id":45815,"href":"https:\/\/topa.be\/fr\/wp-json\/wp\/v2\/pages\/39006\/revisions\/45815"}],"up":[{"embeddable":true,"href":"https:\/\/topa.be\/fr\/wp-json\/wp\/v2\/pages\/37725"}],"wp:attachment":[{"href":"https:\/\/topa.be\/fr\/wp-json\/wp\/v2\/media?parent=39006"}],"curies":[{"name":"wp","href":"https:\/\/api.w.org\/{rel}","templated":true}]}}