{"id":39004,"date":"2021-06-04T13:17:32","date_gmt":"2021-06-04T11:17:32","guid":{"rendered":"http:\/\/topa.be\/sint-carolus-borromeus\/beschrijving-2\/inleiding\/"},"modified":"2021-07-19T14:14:27","modified_gmt":"2021-07-19T12:14:27","slug":"inleiding","status":"publish","type":"page","link":"https:\/\/topa.be\/fr\/sint-carolus-borromeus\/beschrijving\/inleiding\/","title":{"rendered":"SCB Introduction"},"content":{"rendered":"\t\t<div data-elementor-type=\"wp-page\" data-elementor-id=\"39004\" class=\"elementor elementor-39004 elementor-33736\" data-elementor-post-type=\"page\">\n\t\t\t\t\t\t<section class=\"elementor-section elementor-top-section elementor-element elementor-element-df5f46c elementor-section-boxed elementor-section-height-default elementor-section-height-default\" data-id=\"df5f46c\" data-element_type=\"section\" data-e-type=\"section\">\n\t\t\t\t\t\t<div class=\"elementor-container elementor-column-gap-default\">\n\t\t\t\t\t<div class=\"elementor-column elementor-col-100 elementor-top-column elementor-element elementor-element-7096832\" data-id=\"7096832\" data-element_type=\"column\" data-e-type=\"column\">\n\t\t\t<div class=\"elementor-widget-wrap elementor-element-populated\">\n\t\t\t\t\t\t<div class=\"elementor-element elementor-element-e86d448 elementor-widget elementor-widget-heading\" data-id=\"e86d448\" data-element_type=\"widget\" data-e-type=\"widget\" data-widget_type=\"heading.default\">\n\t\t\t\t<div class=\"elementor-widget-container\">\n\t\t\t\t\t<h2 class=\"elementor-heading-title elementor-size-default\">L\u2019\u00e9glise des j\u00e9suites \u00e0 Anvers, une r\u00e9v\u00e9lation.<\/h2>\t\t\t\t<\/div>\n\t\t\t\t<\/div>\n\t\t\t\t<div class=\"elementor-element elementor-element-54eacd9 elementor-widget elementor-widget-heading\" data-id=\"54eacd9\" data-element_type=\"widget\" data-e-type=\"widget\" data-widget_type=\"heading.default\">\n\t\t\t\t<div class=\"elementor-widget-container\">\n\t\t\t\t\t<h1 class=\"elementor-heading-title elementor-size-default\">Introduction<\/h1>\t\t\t\t<\/div>\n\t\t\t\t<\/div>\n\t\t\t\t\t<\/div>\n\t\t<\/div>\n\t\t\t\t\t<\/div>\n\t\t<\/section>\n\t\t\t\t<section class=\"elementor-section elementor-top-section elementor-element elementor-element-86c60e7 elementor-section-boxed elementor-section-height-default elementor-section-height-default\" data-id=\"86c60e7\" data-element_type=\"section\" data-e-type=\"section\">\n\t\t\t\t\t\t<div class=\"elementor-container elementor-column-gap-default\">\n\t\t\t\t\t<div class=\"elementor-column elementor-col-66 elementor-top-column elementor-element elementor-element-9021c28\" data-id=\"9021c28\" data-element_type=\"column\" data-e-type=\"column\">\n\t\t\t<div class=\"elementor-widget-wrap elementor-element-populated\">\n\t\t\t\t\t\t<div class=\"elementor-element elementor-element-afc6917 elementor-widget elementor-widget-text-editor\" data-id=\"afc6917\" data-element_type=\"widget\" data-e-type=\"widget\" data-widget_type=\"text-editor.default\">\n\t\t\t\t<div class=\"elementor-widget-container\">\n\t\t\t\t\t\t\t\t\t<figure id=\"attachment_28888\" aria-describedby=\"caption-attachment-28888\" style=\"width: 300px\" class=\"wp-caption alignleft\"><img fetchpriority=\"high\" decoding=\"async\" class=\"size-medium wp-image-28888\" src=\"http:\/\/topa.be\/wp-content\/uploads\/SCB01-300x195.jpg\" alt=\"\" width=\"300\" height=\"195\" srcset=\"https:\/\/topa.be\/wp-content\/uploads\/SCB01-300x195.jpg 300w, https:\/\/topa.be\/wp-content\/uploads\/SCB01-200x130.jpg 200w, https:\/\/topa.be\/wp-content\/uploads\/SCB01-768x500.jpg 768w, https:\/\/topa.be\/wp-content\/uploads\/SCB01.jpg 1024w\" sizes=\"(max-width: 300px) 100vw, 300px\" \/><figcaption id=\"caption-attachment-28888\" class=\"wp-caption-text\">Des anges jouant de la trompette, dessin\u00e9s par Pierre Paul Rubens (vers 1620), vous accueillent au portail principal.<\/figcaption><\/figure><p style=\"text-align: justify;\">L\u2019imagination spirituelle d\u00e9bordante de la foi catholique ainsi que le d\u00e9sir ostentatoire d\u2019un d\u00e9corum baroque ont \u00e9t\u00e9 \u00e0 la base de ce monument extraordinaire. Cette \u00e9glise, ultra-moderne pour son \u00e9poque, restera dans l\u2019\u00e9tude de l\u2019histoire de l\u2019art un exemple classique du style baroque. Certaines catastrophes ne lui seront point \u00e9pargn\u00e9es, n\u00e9anmoins, elle gardera le lustre d\u2019un v\u00e9ritable temple artistique. C\u2019est par excellence une \u00e9glise \u00e0 la Rubens\u00a0: il ne s\u2019est pas content\u00e9 d\u2019y laisser maintes \u0153uvres peintes, il y \u00e9tait en plus concepteur d\u2019\u0153uvres sculpt\u00e9es. Il n\u2019y a d\u00e8s lors pas de quoi s\u2019\u00e9tonner que la renomm\u00e9e de cette \u00e9glise aille bien au-del\u00e0 des fronti\u00e8res.<\/p><p style=\"text-align: justify;\">\u00c0 l\u2019origine l\u2019\u00e9glise est d\u00e9di\u00e9e \u00e0 saint Ignace, le fondateur de l\u2019Ordre des P\u00e8res j\u00e9suites. Construite au temps de la Contre-R\u00e9forme et en un temps record (de 1615 \u00e0 1621) par et pour ces fougueux religieux. L\u2019esprit des ma\u00eetres d\u2019\u0153uvre et ma\u00eetres d\u2019ouvrage impr\u00e8gne l\u2019ensemble que forme l\u2019architecture, l\u2019am\u00e9nagement et la d\u00e9coration\u00a0: \u2018un ciel sur terre\u2019. Les j\u00e9suites \u00e9taient incontestablement \u00e0 la pointe de la mise en \u0153uvre des arts plastique et autres pour transmettre et vivre la Foi. Surtout \u00e0 Anvers, bastion catholique \u00e0 cette \u00e9poque, o\u00f9 ils d\u00e9ploient une panoplie d\u2019activit\u00e9s et font appel \u00e0 de nombreux artistes. \u00c0 la fin du XVIII<sup>e<\/sup>\u00a0si\u00e8cle, l\u2019ordre poss\u00e8de dans ses trois r\u00e9sidences Anversoises pas moins de 550 tableaux<\/p><p style=\"text-align: justify;\">Malheureusement, les chefs-d\u2019\u0153uvre de Rubens et de Van Dyck ne sont plus pr\u00e9sents : soit qu\u2019ils aient disparu dans le terrible incendie de 1718, soit que l\u2019Imp\u00e9ratrice Marie-Th\u00e9r\u00e8se d\u2019Autriche les aient exig\u00e9s pour sa collection \u00e0 Vienne lors de la suppression de l\u2019ordre en 1773.<\/p><p style=\"text-align: justify;\">Pendant un certain temps, l\u2019\u00e9glise sert de local pour la cat\u00e9ch\u00e8se. \u00a0Elle change de saint patron et est d\u00e9di\u00e9e \u00e0 saint Charles Borrom\u00e9e. En 1802 elle devient \u00e9glise paroissiale. Ce nouveau statut exige certains am\u00e9nagements : une chapelle lat\u00e9rale devient un baptist\u00e8re, des confr\u00e9ries venant de couvents abrog\u00e9s trouvent un abri pour leur statue de d\u00e9votion, et lors de somptueux enterrements des d\u00e9corations appropri\u00e9es enrichissent l\u2019int\u00e9rieur.<\/p><p style=\"text-align: justify;\">Actuellement, un grand centre urbain ne permet plus une vie associative paroissiale allant de soi. La s\u00e9cularisation, la d\u00e9population et une autre fa\u00e7on de vivre en soci\u00e9t\u00e9 en sont la cause. Bien qu\u2019\u00e0 partir de 1960 la mobilit\u00e9 ait permis la fuite des habitants du centre-ville vers sa p\u00e9riph\u00e9rie, des chr\u00e9tiens habitant en dehors d\u2019Anvers choisissent l\u2019\u00e9glise Saint-Charles Borrom\u00e9e comme \u00e9glise paroissiale, attir\u00e9s entre autres par le rayonnement particulier de la \u2018messe des artistes\u2019 dominicale.<\/p><p style=\"text-align: justify;\">Les portes de l\u2019\u00e9glise sont en g\u00e9n\u00e9ral grandes ouvertes, permettant \u00e0 tout un chacun d\u2019y entrer sans avoir \u00e0 en chercher la clef. Mais pour beaucoup de visiteurs modernes une \u00e9glise s\u00e9culaire reste un livre ferm\u00e9. Celui qui n\u2019est pas familier de la Bible et du langage baroque se sent perdu devant ces \u00e9tranges repr\u00e9sentations. Au fil du temps, la technique, le style, les opinions et la fa\u00e7on de vivre ont fort \u00e9volu\u00e9s. Se mettre dans la peau des commanditaires n\u2019est pas \u00e9vident. C\u2019est pourquoi Toerismepastoraal Antwerpen (TOPA \u2013 Pastorale du Tourisme d\u2019Anvers) vous donne avec ce livre une cl\u00e9 pour trouver votre chemin dans la mentalit\u00e9 des j\u00e9suites, qui au XVIIe si\u00e8cle ne manquaient pas d\u2019une fantaisie baroque ludique. Il n\u2019y a plus de p\u00e8res, mais peut-\u00eatre la parole de J\u00e9sus s\u2019accomplit-elle ici : lorsque les disciples (chr\u00e9tiens) se taisent, les pierres parleront (Lc, 19:40). Faire parler les pierres est une mission essentielle de la Pastorale du Tourisme. Esp\u00e9rons qu\u2019ainsi vous aurez plus de plaisir \u00e0 d\u00e9couvrir cette \u00e9glise baroque dans laquelle les artistes ont donn\u00e9 le meilleur d\u2019eux-m\u00eames. Quiconque admire ici l\u2019esprit cr\u00e9atif exub\u00e9rant des j\u00e9suites et des artistes est peut-\u00eatre encourag\u00e9 \u00e0 \u00eatre un cr\u00e9atif contemporain \u2026\u2019\u00e0 la plus grande gloire de Dieu\u2019.<\/p><p style=\"text-align: center;\"><strong>PUISSE <\/strong><strong>L\u2019EXUB\u00c9RANCE <\/strong><strong>DE CETTE \u00c9GLISE<br \/><\/strong><strong>VOUS INSPIRER \u00c0 VOTRE TOUR<br \/><\/strong><strong>UN JOYEUX <\/strong><strong>ENTHOUSIASME CR\u00c9ATEUR<\/strong><\/p><p style=\"text-align: center;\"><strong>\u00c1 LA PLUS GRANDE GLOIRE <\/strong><strong>DE DIEU!<\/strong><\/p>\t\t\t\t\t\t\t\t<\/div>\n\t\t\t\t<\/div>\n\t\t\t\t<section class=\"elementor-section elementor-inner-section elementor-element elementor-element-8c0850b elementor-section-boxed elementor-section-height-default elementor-section-height-default\" data-id=\"8c0850b\" data-element_type=\"section\" data-e-type=\"section\">\n\t\t\t\t\t\t<div class=\"elementor-container elementor-column-gap-default\">\n\t\t\t\t\t<div class=\"elementor-column elementor-col-50 elementor-inner-column elementor-element elementor-element-ee014dc\" data-id=\"ee014dc\" data-element_type=\"column\" data-e-type=\"column\">\n\t\t\t<div class=\"elementor-widget-wrap elementor-element-populated\">\n\t\t\t\t\t\t<div class=\"elementor-element elementor-element-91745c4 elementor-align-center elementor-widget elementor-widget-button\" data-id=\"91745c4\" data-element_type=\"widget\" data-e-type=\"widget\" data-widget_type=\"button.default\">\n\t\t\t\t<div class=\"elementor-widget-container\">\n\t\t\t\t\t\t\t\t\t<div class=\"elementor-button-wrapper\">\n\t\t\t\t\t<a class=\"elementor-button elementor-button-link elementor-size-sm\" href=\"https:\/\/topa.be\/fr\/sint-carolus-borromeus\/beschrijving\/\">\n\t\t\t\t\t\t<span class=\"elementor-button-content-wrapper\">\n\t\t\t\t\t\t\t\t\t<span class=\"elementor-button-text\">Page de garde<\/span>\n\t\t\t\t\t<\/span>\n\t\t\t\t\t<\/a>\n\t\t\t\t<\/div>\n\t\t\t\t\t\t\t\t<\/div>\n\t\t\t\t<\/div>\n\t\t\t\t\t<\/div>\n\t\t<\/div>\n\t\t\t\t<div class=\"elementor-column elementor-col-50 elementor-inner-column elementor-element elementor-element-5c7f2a7\" data-id=\"5c7f2a7\" data-element_type=\"column\" data-e-type=\"column\">\n\t\t\t<div class=\"elementor-widget-wrap elementor-element-populated\">\n\t\t\t\t\t\t<div class=\"elementor-element elementor-element-c32b375 elementor-align-center elementor-widget elementor-widget-button\" data-id=\"c32b375\" data-element_type=\"widget\" data-e-type=\"widget\" data-widget_type=\"button.default\">\n\t\t\t\t<div class=\"elementor-widget-container\">\n\t\t\t\t\t\t\t\t\t<div class=\"elementor-button-wrapper\">\n\t\t\t\t\t<a class=\"elementor-button elementor-button-link elementor-size-sm\" href=\"https:\/\/topa.be\/fr\/sint-carolus-borromeus\/beschrijving\/historische-context\/\">\n\t\t\t\t\t\t<span class=\"elementor-button-content-wrapper\">\n\t\t\t\t\t\t\t\t\t<span class=\"elementor-button-text\">Le contexte historique<\/span>\n\t\t\t\t\t<\/span>\n\t\t\t\t\t<\/a>\n\t\t\t\t<\/div>\n\t\t\t\t\t\t\t\t<\/div>\n\t\t\t\t<\/div>\n\t\t\t\t\t<\/div>\n\t\t<\/div>\n\t\t\t\t\t<\/div>\n\t\t<\/section>\n\t\t\t\t\t<\/div>\n\t\t<\/div>\n\t\t\t\t<div class=\"elementor-column elementor-col-33 elementor-top-column elementor-element elementor-element-b674674\" data-id=\"b674674\" data-element_type=\"column\" data-e-type=\"column\">\n\t\t\t<div class=\"elementor-widget-wrap elementor-element-populated\">\n\t\t\t\t\t\t<div class=\"elementor-element elementor-element-2082420 elementor-widget elementor-widget-image\" data-id=\"2082420\" data-element_type=\"widget\" data-e-type=\"widget\" data-widget_type=\"image.default\">\n\t\t\t\t<div class=\"elementor-widget-container\">\n\t\t\t\t\t\t\t\t\t\t\t\t\t\t\t\t<a href=\"http:\/\/topa.be\/wp-content\/uploads\/Sint-Carolus-Borromeus.jpg\" data-elementor-open-lightbox=\"yes\" data-elementor-lightbox-title=\"Sint-Carolus-Borromeus\" data-elementor-lightbox-description=\"Sint-Carolus-Borromeuskerk\" data-e-action-hash=\"#elementor-action%3Aaction%3Dlightbox%26settings%3DeyJpZCI6Mjk3NjQsInVybCI6Imh0dHBzOlwvXC90b3BhLmJlXC93cC1jb250ZW50XC91cGxvYWRzXC9TaW50LUNhcm9sdXMtQm9ycm9tZXVzLmpwZyJ9\">\n\t\t\t\t\t\t\t<img decoding=\"async\" width=\"800\" height=\"800\" src=\"https:\/\/topa.be\/wp-content\/uploads\/Sint-Carolus-Borromeus.jpg\" class=\"attachment-large size-large wp-image-29764\" alt=\"\" srcset=\"https:\/\/topa.be\/wp-content\/uploads\/Sint-Carolus-Borromeus.jpg 1023w, https:\/\/topa.be\/wp-content\/uploads\/Sint-Carolus-Borromeus-300x300.jpg 300w, https:\/\/topa.be\/wp-content\/uploads\/Sint-Carolus-Borromeus-200x200.jpg 200w, https:\/\/topa.be\/wp-content\/uploads\/Sint-Carolus-Borromeus-768x768.jpg 768w\" sizes=\"(max-width: 800px) 100vw, 800px\" \/>\t\t\t\t\t\t\t\t<\/a>\n\t\t\t\t\t\t\t\t\t\t\t\t\t\t\t<\/div>\n\t\t\t\t<\/div>\n\t\t\t\t<div class=\"elementor-element elementor-element-93e1a4a elementor-widget elementor-widget-wp-widget-nav_menu\" data-id=\"93e1a4a\" data-element_type=\"widget\" data-e-type=\"widget\" data-widget_type=\"wp-widget-nav_menu.default\">\n\t\t\t\t<div class=\"elementor-widget-container\">\n\t\t\t\t\t<nav class=\"menu-beschrijving-scb-frans-container\" aria-label=\"Menu\"><ul id=\"menu-beschrijving-scb-frans\" class=\"menu\"><li id=\"menu-item-59856\" class=\"menu-item menu-item-type-post_type menu-item-object-page menu-item-59856\"><a href=\"https:\/\/topa.be\/fr\/sint-carolus-borromeus\/\">\u00c9glise Saint-Charles-Borrom\u00e9<\/a><\/li>\n<li id=\"menu-item-61180\" class=\"menu-item menu-item-type-post_type menu-item-object-page menu-item-has-children menu-item-61180\"><a href=\"https:\/\/topa.be\/fr\/sint-carolus-borromeus\/beschrijving\/\">Histoire &#038; Description<\/a>\n<ul class=\"sub-menu\">\n\t<li id=\"menu-item-59857\" class=\"menu-item menu-item-type-post_type menu-item-object-page menu-item-59857\"><a href=\"https:\/\/topa.be\/fr\/sint-carolus-borromeus\/beschrijving\/inleiding\/\">Introduction<\/a><\/li>\n\t<li id=\"menu-item-59858\" class=\"menu-item menu-item-type-post_type menu-item-object-page menu-item-59858\"><a href=\"https:\/\/topa.be\/fr\/sint-carolus-borromeus\/beschrijving\/historische-context\/\">Le contexte historique<\/a><\/li>\n\t<li id=\"menu-item-59859\" class=\"menu-item menu-item-type-post_type menu-item-object-page menu-item-59859\"><a href=\"https:\/\/topa.be\/fr\/sint-carolus-borromeus\/beschrijving\/voorplein-en-residentie\/\">L\u2019esplanade et la r\u00e9sidence<\/a><\/li>\n\t<li id=\"menu-item-59860\" class=\"menu-item menu-item-type-post_type menu-item-object-page menu-item-59860\"><a href=\"https:\/\/topa.be\/fr\/sint-carolus-borromeus\/beschrijving\/voorgeschiedenis\/\">Les ant\u00e9c\u00e9dents<\/a><\/li>\n\t<li id=\"menu-item-59861\" class=\"menu-item menu-item-type-post_type menu-item-object-page menu-item-59861\"><a href=\"https:\/\/topa.be\/fr\/sint-carolus-borromeus\/beschrijving\/college\/\">Le coll\u00e8ge<\/a><\/li>\n\t<li id=\"menu-item-59862\" class=\"menu-item menu-item-type-post_type menu-item-object-page menu-item-59862\"><a href=\"https:\/\/topa.be\/fr\/sint-carolus-borromeus\/beschrijving\/ruimtewerking\/\">L\u2019effet spatial<\/a><\/li>\n\t<li id=\"menu-item-59863\" class=\"menu-item menu-item-type-post_type menu-item-object-page menu-item-59863\"><a href=\"https:\/\/topa.be\/fr\/sint-carolus-borromeus\/beschrijving\/straatnamen\/\">Le nom des rues<\/a><\/li>\n\t<li id=\"menu-item-59864\" class=\"menu-item menu-item-type-post_type menu-item-object-page menu-item-59864\"><a href=\"https:\/\/topa.be\/fr\/sint-carolus-borromeus\/beschrijving\/professenhuis\/\">La maison professe<\/a><\/li>\n\t<li id=\"menu-item-59865\" class=\"menu-item menu-item-type-post_type menu-item-object-page menu-item-59865\"><a href=\"https:\/\/topa.be\/fr\/sint-carolus-borromeus\/beschrijving\/sodaliteitsgebouw\/\">Le b\u00e2timent des sodalit\u00e9s<\/a><\/li>\n\t<li id=\"menu-item-59866\" class=\"menu-item menu-item-type-post_type menu-item-object-page menu-item-has-children menu-item-59866\"><a href=\"https:\/\/topa.be\/fr\/sint-carolus-borromeus\/beschrijving\/voorgevel\/\">La fa\u00e7ade<\/a>\n\t<ul class=\"sub-menu\">\n\t\t<li id=\"menu-item-59867\" class=\"menu-item menu-item-type-post_type menu-item-object-page menu-item-59867\"><a href=\"https:\/\/topa.be\/fr\/sint-carolus-borromeus\/beschrijving\/voorgevel\/heb-je-me-gezien\/\">M\u2019avez-vous remarqu\u00e9e ?<\/a><\/li>\n\t\t<li id=\"menu-item-59868\" class=\"menu-item menu-item-type-post_type menu-item-object-page menu-item-59868\"><a href=\"https:\/\/topa.be\/fr\/sint-carolus-borromeus\/beschrijving\/voorgevel\/algemeen-nut\/\">Message d\u2019utilit\u00e9 publique<\/a><\/li>\n\t\t<li id=\"menu-item-59869\" class=\"menu-item menu-item-type-post_type menu-item-object-page menu-item-59869\"><a href=\"https:\/\/topa.be\/fr\/sint-carolus-borromeus\/beschrijving\/voorgevel\/geschiedenisboek\/\">L\u2019histoire \u00e0 livre ouvert<\/a><\/li>\n\t<\/ul>\n<\/li>\n\t<li id=\"menu-item-59870\" class=\"menu-item menu-item-type-post_type menu-item-object-page menu-item-59870\"><a href=\"https:\/\/topa.be\/fr\/sint-carolus-borromeus\/beschrijving\/toren\/\">La tour<\/a><\/li>\n\t<li id=\"menu-item-59871\" class=\"menu-item menu-item-type-post_type menu-item-object-page menu-item-59871\"><a href=\"https:\/\/topa.be\/fr\/sint-carolus-borromeus\/beschrijving\/interieur\/\">L\u2019int\u00e9rieur<\/a><\/li>\n\t<li id=\"menu-item-59872\" class=\"menu-item menu-item-type-post_type menu-item-object-page menu-item-59872\"><a href=\"https:\/\/topa.be\/fr\/sint-carolus-borromeus\/beschrijving\/hoofdaltaar\/\">Le ma\u00eetre-autel<\/a><\/li>\n\t<li id=\"menu-item-59873\" class=\"menu-item menu-item-type-post_type menu-item-object-page menu-item-59873\"><a href=\"https:\/\/topa.be\/fr\/sint-carolus-borromeus\/beschrijving\/preekstoel\/\">La chaire de v\u00e9rit\u00e9<\/a><\/li>\n\t<li id=\"menu-item-59874\" class=\"menu-item menu-item-type-post_type menu-item-object-page menu-item-59874\"><a href=\"https:\/\/topa.be\/fr\/sint-carolus-borromeus\/beschrijving\/biechtstoelen\/\">Les confessionnaux<\/a><\/li>\n\t<li id=\"menu-item-59875\" class=\"menu-item menu-item-type-post_type menu-item-object-page menu-item-59875\"><a href=\"https:\/\/topa.be\/fr\/sint-carolus-borromeus\/beschrijving\/plafondcycli\/\">Les cycles des plafonds<\/a><\/li>\n\t<li id=\"menu-item-59876\" class=\"menu-item menu-item-type-post_type menu-item-object-page menu-item-59876\"><a href=\"https:\/\/topa.be\/fr\/sint-carolus-borromeus\/beschrijving\/mariakapel\/\">La chapelle Mariale<\/a><\/li>\n\t<li id=\"menu-item-59877\" class=\"menu-item menu-item-type-post_type menu-item-object-page menu-item-59877\"><a href=\"https:\/\/topa.be\/fr\/sint-carolus-borromeus\/beschrijving\/sint-ignatiuskapel\/\">La chapelle Saint-Ignace<\/a><\/li>\n\t<li id=\"menu-item-59878\" class=\"menu-item menu-item-type-post_type menu-item-object-page menu-item-59878\"><a href=\"https:\/\/topa.be\/fr\/sint-carolus-borromeus\/beschrijving\/sint-franciscus-xaveriuskapel\/\">La chapelle St. Fran\u00e7ois-Xavier<\/a><\/li>\n\t<li id=\"menu-item-59879\" class=\"menu-item menu-item-type-post_type menu-item-object-page menu-item-59879\"><a href=\"https:\/\/topa.be\/fr\/sint-carolus-borromeus\/beschrijving\/galerijen\/\">Les galeries<\/a><\/li>\n\t<li id=\"menu-item-59880\" class=\"menu-item menu-item-type-post_type menu-item-object-page menu-item-59880\"><a href=\"https:\/\/topa.be\/fr\/sint-carolus-borromeus\/beschrijving\/orgel\/\">L\u2019orgue<\/a><\/li>\n\t<li id=\"menu-item-59881\" class=\"menu-item menu-item-type-post_type menu-item-object-page menu-item-59881\"><a href=\"https:\/\/topa.be\/fr\/sint-carolus-borromeus\/beschrijving\/sacristie\/\">La sacristie<\/a><\/li>\n\t<li id=\"menu-item-59882\" class=\"menu-item menu-item-type-post_type menu-item-object-page menu-item-59882\"><a href=\"https:\/\/topa.be\/fr\/sint-carolus-borromeus\/beschrijving\/buitengaan\/\">En sortant<\/a><\/li>\n\t<li id=\"menu-item-59883\" class=\"menu-item menu-item-type-post_type menu-item-object-page menu-item-59883\"><a href=\"https:\/\/topa.be\/fr\/sint-carolus-borromeus\/beschrijving\/nawoord\/\">\u00c9pilogue<\/a><\/li>\n\t<li id=\"menu-item-59884\" class=\"menu-item menu-item-type-post_type menu-item-object-page menu-item-59884\"><a href=\"https:\/\/topa.be\/fr\/sint-carolus-borromeus\/beschrijving\/bibliografie\/\">Bibliographie<\/a><\/li>\n<\/ul>\n<\/li>\n<\/ul><\/nav>\t\t\t\t<\/div>\n\t\t\t\t<\/div>\n\t\t\t\t\t<\/div>\n\t\t<\/div>\n\t\t\t\t\t<\/div>\n\t\t<\/section>\n\t\t\t\t<\/div>\n\t\t","protected":false},"excerpt":{"rendered":"<p>L\u2019\u00e9glise des j\u00e9suites \u00e0 Anvers, une r\u00e9v\u00e9lation. Introduction L\u2019imagination spirituelle d\u00e9bordante de la foi catholique ainsi que le d\u00e9sir ostentatoire d\u2019un d\u00e9corum baroque ont \u00e9t\u00e9 \u00e0 la base de ce monument extraordinaire. Cette \u00e9glise, ultra-moderne pour son \u00e9poque, restera dans l\u2019\u00e9tude de l\u2019histoire de l\u2019art un exemple classique du style baroque. Certaines catastrophes ne lui [&hellip;]<\/p>\n","protected":false},"author":16,"featured_media":0,"parent":37725,"menu_order":10,"comment_status":"closed","ping_status":"closed","template":"","meta":{"footnotes":""},"class_list":["post-39004","page","type-page","status-publish","hentry"],"aioseo_notices":[],"_links":{"self":[{"href":"https:\/\/topa.be\/fr\/wp-json\/wp\/v2\/pages\/39004","targetHints":{"allow":["GET"]}}],"collection":[{"href":"https:\/\/topa.be\/fr\/wp-json\/wp\/v2\/pages"}],"about":[{"href":"https:\/\/topa.be\/fr\/wp-json\/wp\/v2\/types\/page"}],"author":[{"embeddable":true,"href":"https:\/\/topa.be\/fr\/wp-json\/wp\/v2\/users\/16"}],"replies":[{"embeddable":true,"href":"https:\/\/topa.be\/fr\/wp-json\/wp\/v2\/comments?post=39004"}],"version-history":[{"count":3,"href":"https:\/\/topa.be\/fr\/wp-json\/wp\/v2\/pages\/39004\/revisions"}],"predecessor-version":[{"id":45814,"href":"https:\/\/topa.be\/fr\/wp-json\/wp\/v2\/pages\/39004\/revisions\/45814"}],"up":[{"embeddable":true,"href":"https:\/\/topa.be\/fr\/wp-json\/wp\/v2\/pages\/37725"}],"wp:attachment":[{"href":"https:\/\/topa.be\/fr\/wp-json\/wp\/v2\/media?parent=39004"}],"curies":[{"name":"wp","href":"https:\/\/api.w.org\/{rel}","templated":true}]}}