{"id":38137,"date":"2021-05-28T16:32:44","date_gmt":"2021-05-28T14:32:44","guid":{"rendered":"http:\/\/topa.be\/kathedraal\/beschrijving\/kruisdrager-fabre\/"},"modified":"2021-08-16T13:43:06","modified_gmt":"2021-08-16T11:43:06","slug":"kruisdrager-fabre","status":"publish","type":"page","link":"https:\/\/topa.be\/fr\/olv-kathedraal\/beschrijving\/kruisdrager-fabre\/","title":{"rendered":"OLV Le porteur de la Croix (J.Fabre)"},"content":{"rendered":"\t\t<div data-elementor-type=\"wp-page\" data-elementor-id=\"38137\" class=\"elementor elementor-38137 elementor-33316\" data-elementor-post-type=\"page\">\n\t\t\t\t\t\t<section class=\"elementor-section elementor-top-section elementor-element elementor-element-9550838 elementor-section-boxed elementor-section-height-default elementor-section-height-default\" data-id=\"9550838\" data-element_type=\"section\" data-e-type=\"section\">\n\t\t\t\t\t\t<div class=\"elementor-container elementor-column-gap-default\">\n\t\t\t\t\t<div class=\"elementor-column elementor-col-100 elementor-top-column elementor-element elementor-element-f9e6345\" data-id=\"f9e6345\" data-element_type=\"column\" data-e-type=\"column\">\n\t\t\t<div class=\"elementor-widget-wrap elementor-element-populated\">\n\t\t\t\t\t\t<div class=\"elementor-element elementor-element-7796823 elementor-widget elementor-widget-heading\" data-id=\"7796823\" data-element_type=\"widget\" data-e-type=\"widget\" data-widget_type=\"heading.default\">\n\t\t\t\t<div class=\"elementor-widget-container\">\n\t\t\t\t\t<h3 class=\"elementor-heading-title elementor-size-default\">La cath\u00e9drale Notre-Dame d\u2019Anvers, une r\u00e9v\u00e9lation.<\/h3>\t\t\t\t<\/div>\n\t\t\t\t<\/div>\n\t\t\t\t\t<\/div>\n\t\t<\/div>\n\t\t\t\t\t<\/div>\n\t\t<\/section>\n\t\t\t\t<section class=\"elementor-section elementor-top-section elementor-element elementor-element-18333b2 elementor-section-boxed elementor-section-height-default elementor-section-height-default\" data-id=\"18333b2\" data-element_type=\"section\" data-e-type=\"section\">\n\t\t\t\t\t\t<div class=\"elementor-container elementor-column-gap-default\">\n\t\t\t\t\t<div class=\"elementor-column elementor-col-100 elementor-top-column elementor-element elementor-element-8cd193c\" data-id=\"8cd193c\" data-element_type=\"column\" data-e-type=\"column\">\n\t\t\t<div class=\"elementor-widget-wrap elementor-element-populated\">\n\t\t\t\t\t\t<div class=\"elementor-element elementor-element-462429a elementor-widget elementor-widget-heading\" data-id=\"462429a\" data-element_type=\"widget\" data-e-type=\"widget\" data-widget_type=\"heading.default\">\n\t\t\t\t<div class=\"elementor-widget-container\">\n\t\t\t\t\t<h1 class=\"elementor-heading-title elementor-size-default\">L\u2019homme qui porte la croix (Jan Fabre)<\/h1>\t\t\t\t<\/div>\n\t\t\t\t<\/div>\n\t\t\t\t\t<\/div>\n\t\t<\/div>\n\t\t\t\t\t<\/div>\n\t\t<\/section>\n\t\t\t\t<section class=\"elementor-section elementor-top-section elementor-element elementor-element-de694e2 elementor-section-boxed elementor-section-height-default elementor-section-height-default\" data-id=\"de694e2\" data-element_type=\"section\" data-e-type=\"section\">\n\t\t\t\t\t\t<div class=\"elementor-container elementor-column-gap-default\">\n\t\t\t\t\t<div class=\"elementor-column elementor-col-66 elementor-top-column elementor-element elementor-element-1d28bf0\" data-id=\"1d28bf0\" data-element_type=\"column\" data-e-type=\"column\">\n\t\t\t<div class=\"elementor-widget-wrap elementor-element-populated\">\n\t\t\t\t\t\t<div class=\"elementor-element elementor-element-c0c95a9 elementor-widget elementor-widget-image\" data-id=\"c0c95a9\" data-element_type=\"widget\" data-e-type=\"widget\" data-widget_type=\"image.default\">\n\t\t\t\t<div class=\"elementor-widget-container\">\n\t\t\t\t\t\t\t\t\t\t\t\t<figure class=\"wp-caption\">\n\t\t\t\t\t\t\t\t\t\t\t<a href=\"http:\/\/topa.be\/wp-content\/uploads\/OLV28.jpg\" data-elementor-open-lightbox=\"yes\" data-elementor-lightbox-title=\"OLV28\" data-elementor-lightbox-description=\"Cath\u00e9drale d\u2019Anvers \u2013 l\u2019Homme qui porte la croix (Jan Fabre) (JV)\" data-e-action-hash=\"#elementor-action%3Aaction%3Dlightbox%26settings%3DeyJpZCI6MjY1MTIsInVybCI6Imh0dHBzOlwvXC90b3BhLmJlXC93cC1jb250ZW50XC91cGxvYWRzXC9PTFYyOC5qcGcifQ%3D%3D\">\n\t\t\t\t\t\t\t<img fetchpriority=\"high\" decoding=\"async\" width=\"795\" height=\"1024\" src=\"https:\/\/topa.be\/wp-content\/uploads\/OLV28.jpg\" class=\"attachment-large size-large wp-image-26512\" alt=\"\" srcset=\"https:\/\/topa.be\/wp-content\/uploads\/OLV28.jpg 795w, https:\/\/topa.be\/wp-content\/uploads\/OLV28-233x300.jpg 233w, https:\/\/topa.be\/wp-content\/uploads\/OLV28-155x200.jpg 155w, https:\/\/topa.be\/wp-content\/uploads\/OLV28-768x989.jpg 768w\" sizes=\"(max-width: 795px) 100vw, 795px\" \/>\t\t\t\t\t\t\t\t<\/a>\n\t\t\t\t\t\t\t\t\t\t\t<figcaption class=\"widget-image-caption wp-caption-text\">Cath\u00e9drale d\u2019Anvers \u2013 l\u2019Homme qui porte la croix (Jan Fabre) (JV)<\/figcaption>\n\t\t\t\t\t\t\t\t\t\t<\/figure>\n\t\t\t\t\t\t\t\t\t<\/div>\n\t\t\t\t<\/div>\n\t\t\t\t<div class=\"elementor-element elementor-element-11c12e6 elementor-widget elementor-widget-text-editor\" data-id=\"11c12e6\" data-element_type=\"widget\" data-e-type=\"widget\" data-widget_type=\"text-editor.default\">\n\t\t\t\t<div class=\"elementor-widget-container\">\n\t\t\t\t\t\t\t\t\t<p style=\"text-align: justify;\">Gr\u00e2ce \u00e0 un m\u00e9c\u00e8ne qui l\u2019a donn\u00e9e en pr\u00eat \u00e0 long terme, la cath\u00e9drale abrite depuis novembre 2015 une \u0153uvre d\u2019art contemporain.\u00a0<em>L\u2019homme qui porte la croix<\/em>\u00a0est une sculpture grandeur nature en bronze poli du c\u00e9l\u00e8bre artiste multidisciplinaire anversois Jan Fabre. Il laisse son empreinte sur l\u2019art contemporain en utilisant un langage imag\u00e9, soit impr\u00e9gn\u00e9 de surr\u00e9alisme dans un univers animiste, soit intens\u00e9ment ma\u00eetris\u00e9, presque onirique, avec L\u2019homme qui mesure les nuages au sommet du toit du Singel. Ici aussi, dans le silence d\u2019une cath\u00e9drale, le visage de l\u2019artiste qui concentre son regard sur la croix et parvient \u00e0 l\u2019\u00e9quilibrer pour l\u2019instant, pour ainsi dire, comme en un instant mystique. Le visiteur sent que dans cette immobilit\u00e9 quelque chose d\u2019intense se d\u00e9roule et est invit\u00e9 \u00e0 se rallier derri\u00e8re l\u2019homme. Dans cet espace sacr\u00e9, en tant que visiteur, vous \u00eates confront\u00e9s \u00e0 la religion, \u00e0 la transcendance. Dans sa vie, tout \u00eatre humain est interpell\u00e9 sur ce qui le d\u00e9passe et la question que pose la statue est : pouvez-vous trouver un \u00e9quilibre dans votre vie pour cela ?<\/p>\n<p style=\"text-align: justify;\">Plut\u00f4t que d\u2019offrir seulement des r\u00e9ponses, l\u2019\u00c9glise veut d\u2019abord cr\u00e9er un espace pour les questions sur la vie humaine. Ce n\u2019est donc peut-\u00eatre pas un hasard si le pieux Thomas More n\u2019a pas initi\u00e9 sa qu\u00eate de l\u2019utopie (1516) \u00e0 la bourse d\u2019Anvers de l\u2019\u00e9poque, mais dans cette \u00e9glise m\u00eame. Bien qu\u2019il soit moins \u00e9vident pour l\u2019homme actuel de chercher cet id\u00e9al lointain dans la foi, l\u2019\u00c9glise veut continuer \u00e0 nourrir la soif de cette aspiration chez tout \u00eatre humain. Le cur\u00e9 Bart Paepen, initiateur de cette installation, dit : \u00ab\u00a0Regardez attentivement cette statue concr\u00e8te : un homme porte une \u00e9norme croix de bois sur sa main droite. Il n\u2019est ni proph\u00e8te, ni ap\u00f4tre, ni martyr, ni saint. C\u2019est quelqu\u2019un qui fait dans la cath\u00e9drale ce \u00e0 quoi nous voulons inviter chaque visiteur, quels que soient ses ant\u00e9c\u00e9dents ou ses convictions. Saisissez donc la croix, signe de l\u2019amour de Dieu pour tous les hommes, signe de l\u2019engagement qu\u2019il demande \u00e0 ses disciples. Soulevez la croix et balancez-la. Il se peut que vous ne puissiez pas la faire tenir droite. C\u2019est peut-\u00eatre trop lourd ou trop difficile. Vous devriez peut-\u00eatre r\u00e9essayer plus tard. Vous n\u2019y trouverez peut-\u00eatre rien, vous pourrez alors la laisser tomber. Qui sait, si \u00e7a marche \u00e7a fait du bien. Il est alors possible que vous ayez trouv\u00e9 une orientation et un sens dans la vie.<\/p>\n<p style=\"text-align: justify;\">Dans cette cath\u00e9drale, le chemin de la foi est d\u00e9sormais aussi visible dans le mobilier liturgique, \u00e0 commencer par la chaire, qui est plut\u00f4t un symbole pour l\u2019\u00e9coute de la parole de Dieu. Toute personne qui accepte la Parole peut r\u00e9pondre \u00e0 cette question en acceptant la foi en face pr\u00e8s des fonts baptismaux, comme le font les adultes lors de la veill\u00e9e pascale. L\u2019autel vous invite alors \u00e0 rencontre le Christ vivant, au centre de chaque c\u00e9l\u00e9bration eucharistique. La randonn\u00e9e, qui d\u00e9buta par une question sur la croix, re\u00e7oit ainsi une r\u00e9ponse dans la croix triomphale qui plane entre l\u2019autel et la coupole. L\u2019homme qui a port\u00e9 la croix jusqu\u2019au bout montre le chemin de la rencontre divine (sugg\u00e9r\u00e9e par l\u2019ascension de Marie tout en haut de la coupole).<\/p>\n<p style=\"text-align: justify;\">Quoi qu\u2019il en soit, en pla\u00e7ant ici la sculpture de Fabre, pour la premi\u00e8re fois depuis bien longtemps, il a \u00e9t\u00e9 possible d\u2019introduire une \u0153uvre d\u2019art contemporain \u00e0 l\u2019int\u00e9rieur. Tout comme les premiers b\u00e2tisseurs de cette \u00e9glise l\u2019avaient pr\u00e9vu, le visiteur qui entre aujourd\u2019hui trouve une \u0153uvre d\u2019art dans laquelle il peut se reconna\u00eetre, se sent accueilli, peut m\u00e9diter, permettant \u00e0 la cath\u00e9drale de poursuivre avec ferveur son r\u00f4le s\u00e9culaire.<\/p>\n\t\t\t\t\t\t\t\t<\/div>\n\t\t\t\t<\/div>\n\t\t\t\t<section class=\"elementor-section elementor-inner-section elementor-element elementor-element-b9547ff elementor-section-boxed elementor-section-height-default elementor-section-height-default\" data-id=\"b9547ff\" data-element_type=\"section\" data-e-type=\"section\">\n\t\t\t\t\t\t<div class=\"elementor-container elementor-column-gap-default\">\n\t\t\t\t\t<div class=\"elementor-column elementor-col-50 elementor-inner-column elementor-element elementor-element-3ef1112\" data-id=\"3ef1112\" data-element_type=\"column\" data-e-type=\"column\">\n\t\t\t<div class=\"elementor-widget-wrap elementor-element-populated\">\n\t\t\t\t\t\t<div class=\"elementor-element elementor-element-02f9242 elementor-align-center elementor-widget elementor-widget-button\" data-id=\"02f9242\" data-element_type=\"widget\" data-e-type=\"widget\" data-widget_type=\"button.default\">\n\t\t\t\t<div class=\"elementor-widget-container\">\n\t\t\t\t\t\t\t\t\t<div class=\"elementor-button-wrapper\">\n\t\t\t\t\t<a class=\"elementor-button elementor-button-link elementor-size-sm\" href=\"https:\/\/topa.be\/fr\/olv-kathedraal\/beschrijving\/orgels\/\">\n\t\t\t\t\t\t<span class=\"elementor-button-content-wrapper\">\n\t\t\t\t\t\t\t\t\t<span class=\"elementor-button-text\">\u00c0 pleins registres: les orgues<\/span>\n\t\t\t\t\t<\/span>\n\t\t\t\t\t<\/a>\n\t\t\t\t<\/div>\n\t\t\t\t\t\t\t\t<\/div>\n\t\t\t\t<\/div>\n\t\t\t\t\t<\/div>\n\t\t<\/div>\n\t\t\t\t<div class=\"elementor-column elementor-col-50 elementor-inner-column elementor-element elementor-element-2c44795\" data-id=\"2c44795\" data-element_type=\"column\" data-e-type=\"column\">\n\t\t\t<div class=\"elementor-widget-wrap elementor-element-populated\">\n\t\t\t\t\t\t<div class=\"elementor-element elementor-element-f31612b elementor-align-center elementor-widget elementor-widget-button\" data-id=\"f31612b\" data-element_type=\"widget\" data-e-type=\"widget\" data-widget_type=\"button.default\">\n\t\t\t\t<div class=\"elementor-widget-container\">\n\t\t\t\t\t\t\t\t\t<div class=\"elementor-button-wrapper\">\n\t\t\t\t\t<a class=\"elementor-button elementor-button-link elementor-size-sm\" href=\"https:\/\/topa.be\/fr\/olv-kathedraal\/beschrijving\/bibliografie\/\">\n\t\t\t\t\t\t<span class=\"elementor-button-content-wrapper\">\n\t\t\t\t\t\t\t\t\t<span class=\"elementor-button-text\">Bibliographie<\/span>\n\t\t\t\t\t<\/span>\n\t\t\t\t\t<\/a>\n\t\t\t\t<\/div>\n\t\t\t\t\t\t\t\t<\/div>\n\t\t\t\t<\/div>\n\t\t\t\t\t<\/div>\n\t\t<\/div>\n\t\t\t\t\t<\/div>\n\t\t<\/section>\n\t\t\t\t\t<\/div>\n\t\t<\/div>\n\t\t\t\t<div class=\"elementor-column elementor-col-33 elementor-top-column elementor-element elementor-element-24fce3c\" data-id=\"24fce3c\" data-element_type=\"column\" data-e-type=\"column\">\n\t\t\t<div class=\"elementor-widget-wrap elementor-element-populated\">\n\t\t\t\t\t\t<div class=\"elementor-element elementor-element-2d95722 elementor-widget elementor-widget-image\" data-id=\"2d95722\" data-element_type=\"widget\" data-e-type=\"widget\" data-widget_type=\"image.default\">\n\t\t\t\t<div class=\"elementor-widget-container\">\n\t\t\t\t\t\t\t\t\t\t\t\t<figure class=\"wp-caption\">\n\t\t\t\t\t\t\t\t\t\t\t<a href=\"http:\/\/topa.be\/wp-content\/uploads\/1-Kerken-OLV-Antwerpen-Bononiensis-2.jpg\" data-elementor-open-lightbox=\"yes\" data-elementor-lightbox-title=\"1-Kerken-OLV-Antwerpen-Bononiensis\" data-elementor-lightbox-description=\"Plan d&#039;Anvers en vue d&#039;oiseau, gravure sur bois par Virgilius Bononiensis, 1565 - d\u00e9tail avec la cath\u00e9drale\" data-e-action-hash=\"#elementor-action%3Aaction%3Dlightbox%26settings%3DeyJpZCI6MTIzNjQsInVybCI6Imh0dHBzOlwvXC90b3BhLmJlXC93cC1jb250ZW50XC91cGxvYWRzXC8xLUtlcmtlbi1PTFYtQW50d2VycGVuLUJvbm9uaWVuc2lzLTIuanBnIn0%3D\">\n\t\t\t\t\t\t\t<img decoding=\"async\" width=\"800\" height=\"800\" src=\"https:\/\/topa.be\/wp-content\/uploads\/1-Kerken-OLV-Antwerpen-Bononiensis-2-1024x1024.jpg\" class=\"attachment-large size-large wp-image-12364\" alt=\"\" srcset=\"https:\/\/topa.be\/wp-content\/uploads\/1-Kerken-OLV-Antwerpen-Bononiensis-2-1024x1024.jpg 1024w, https:\/\/topa.be\/wp-content\/uploads\/1-Kerken-OLV-Antwerpen-Bononiensis-2-300x300.jpg 300w, https:\/\/topa.be\/wp-content\/uploads\/1-Kerken-OLV-Antwerpen-Bononiensis-2-200x200.jpg 200w, https:\/\/topa.be\/wp-content\/uploads\/1-Kerken-OLV-Antwerpen-Bononiensis-2-768x768.jpg 768w, https:\/\/topa.be\/wp-content\/uploads\/1-Kerken-OLV-Antwerpen-Bononiensis-2-1536x1536.jpg 1536w, https:\/\/topa.be\/wp-content\/uploads\/1-Kerken-OLV-Antwerpen-Bononiensis-2.jpg 1689w\" sizes=\"(max-width: 800px) 100vw, 800px\" \/>\t\t\t\t\t\t\t\t<\/a>\n\t\t\t\t\t\t\t\t\t\t\t<figcaption class=\"widget-image-caption wp-caption-text\">Plan d'Anvers en vue d'oiseau, gravure sur bois par Virgilius Bononiensis, 1565 - d\u00e9tail avec la cath\u00e9drale<\/figcaption>\n\t\t\t\t\t\t\t\t\t\t<\/figure>\n\t\t\t\t\t\t\t\t\t<\/div>\n\t\t\t\t<\/div>\n\t\t\t\t<div class=\"elementor-element elementor-element-0714fbb elementor-widget elementor-widget-wp-widget-nav_menu\" data-id=\"0714fbb\" data-element_type=\"widget\" data-e-type=\"widget\" data-widget_type=\"wp-widget-nav_menu.default\">\n\t\t\t\t<div class=\"elementor-widget-container\">\n\t\t\t\t\t<nav class=\"menu-beschrijving-olv-frans-container\" aria-label=\"Menu\"><ul id=\"menu-beschrijving-olv-frans\" class=\"menu\"><li id=\"menu-item-59759\" class=\"menu-item menu-item-type-post_type menu-item-object-page menu-item-59759\"><a href=\"https:\/\/topa.be\/fr\/olv-kathedraal\/\">Cath\u00e9drale Notre-Dame<\/a><\/li>\n<li id=\"menu-item-59760\" class=\"menu-item menu-item-type-post_type menu-item-object-page menu-item-has-children menu-item-59760\"><a href=\"https:\/\/topa.be\/fr\/olv-kathedraal\/beschrijving\/\">Histoire &#038; Description<\/a>\n<ul class=\"sub-menu\">\n\t<li id=\"menu-item-59761\" class=\"menu-item menu-item-type-post_type menu-item-object-page menu-item-59761\"><a href=\"https:\/\/topa.be\/fr\/olv-kathedraal\/beschrijving\/voorwoord\/\">Avant-propos<\/a><\/li>\n\t<li id=\"menu-item-59762\" class=\"menu-item menu-item-type-post_type menu-item-object-page menu-item-59762\"><a href=\"https:\/\/topa.be\/fr\/olv-kathedraal\/beschrijving\/inleiding\/\">Introduction<\/a><\/li>\n\t<li id=\"menu-item-59763\" class=\"menu-item menu-item-type-post_type menu-item-object-page menu-item-59763\"><a href=\"https:\/\/topa.be\/fr\/olv-kathedraal\/beschrijving\/historische-context\/\">Contexte historique<\/a><\/li>\n\t<li id=\"menu-item-59764\" class=\"menu-item menu-item-type-post_type menu-item-object-page menu-item-59764\"><a href=\"https:\/\/topa.be\/fr\/olv-kathedraal\/beschrijving\/bouwgeschiedenis\/\">Construite au fil des si\u00e8cles<\/a><\/li>\n\t<li id=\"menu-item-59765\" class=\"menu-item menu-item-type-post_type menu-item-object-page menu-item-59765\"><a href=\"https:\/\/topa.be\/fr\/olv-kathedraal\/beschrijving\/nooit-alleen\/\">Une cath\u00e9drale n\u2019est jamais seule<\/a><\/li>\n\t<li id=\"menu-item-59766\" class=\"menu-item menu-item-type-post_type menu-item-object-page menu-item-59766\"><a href=\"https:\/\/topa.be\/fr\/olv-kathedraal\/beschrijving\/toren\/\">La tour Notre-Dame<\/a><\/li>\n\t<li id=\"menu-item-59767\" class=\"menu-item menu-item-type-post_type menu-item-object-page menu-item-59767\"><a href=\"https:\/\/topa.be\/fr\/olv-kathedraal\/beschrijving\/hoofdportaal\/\">Le portail principal<\/a><\/li>\n\t<li id=\"menu-item-59768\" class=\"menu-item menu-item-type-post_type menu-item-object-page menu-item-59768\"><a href=\"https:\/\/topa.be\/fr\/olv-kathedraal\/beschrijving\/ruimtewerking\/\">L\u2019effet spatial<\/a><\/li>\n\t<li id=\"menu-item-59769\" class=\"menu-item menu-item-type-post_type menu-item-object-page menu-item-59769\"><a href=\"https:\/\/topa.be\/fr\/olv-kathedraal\/beschrijving\/tenhemelopneming-schut\/\">L\u2019Assomption de Marie (C.Schut)<\/a><\/li>\n\t<li id=\"menu-item-59770\" class=\"menu-item menu-item-type-post_type menu-item-object-page menu-item-59770\"><a href=\"https:\/\/topa.be\/fr\/olv-kathedraal\/beschrijving\/kruisoprichting-rubens\/\">L\u2019\u00c9rection de la Croix (PP.Rubens)<\/a><\/li>\n\t<li id=\"menu-item-59771\" class=\"menu-item menu-item-type-post_type menu-item-object-page menu-item-59771\"><a href=\"https:\/\/topa.be\/fr\/olv-kathedraal\/beschrijving\/kruisafneming-rubens\/\">La Descente de la Croix (PP.Rubens)<\/a><\/li>\n\t<li id=\"menu-item-59772\" class=\"menu-item menu-item-type-post_type menu-item-object-page menu-item-59772\"><a href=\"https:\/\/topa.be\/fr\/olv-kathedraal\/beschrijving\/verrijzenis-rubens\/\">La R\u00e9surrection (PP.Rubens)<\/a><\/li>\n\t<li id=\"menu-item-59773\" class=\"menu-item menu-item-type-post_type menu-item-object-page menu-item-59773\"><a href=\"https:\/\/topa.be\/fr\/olv-kathedraal\/beschrijving\/tenhemelopneming-rubens\/\">L\u2019Assomption de Marie (PP.Rubens)<\/a><\/li>\n\t<li id=\"menu-item-59774\" class=\"menu-item menu-item-type-post_type menu-item-object-page menu-item-59774\"><a href=\"https:\/\/topa.be\/fr\/olv-kathedraal\/beschrijving\/hoofdaltaar\/\">Le ma\u00eetre-autel<\/a><\/li>\n\t<li id=\"menu-item-59775\" class=\"menu-item menu-item-type-post_type menu-item-object-page menu-item-59775\"><a href=\"https:\/\/topa.be\/fr\/olv-kathedraal\/beschrijving\/kapittelkerk\/\">Le ch\u0153ur coll\u00e9gial<\/a><\/li>\n\t<li id=\"menu-item-59776\" class=\"menu-item menu-item-type-post_type menu-item-object-page menu-item-59776\"><a href=\"https:\/\/topa.be\/fr\/olv-kathedraal\/beschrijving\/bisschopskerk\/\">L\u2019\u00e9glise de l\u2019\u00e9v\u00eaque<\/a><\/li>\n\t<li id=\"menu-item-59777\" class=\"menu-item menu-item-type-post_type menu-item-object-page menu-item-59777\"><a href=\"https:\/\/topa.be\/fr\/olv-kathedraal\/beschrijving\/parochiekerk\/\">L\u2019\u00e9glise paroissiale<\/a><\/li>\n\t<li id=\"menu-item-59778\" class=\"menu-item menu-item-type-post_type menu-item-object-page menu-item-59778\"><a href=\"https:\/\/topa.be\/fr\/olv-kathedraal\/beschrijving\/preekstoel\/\">La chaire de v\u00e9rit\u00e9<\/a><\/li>\n\t<li id=\"menu-item-59779\" class=\"menu-item menu-item-type-post_type menu-item-object-page menu-item-59779\"><a href=\"https:\/\/topa.be\/fr\/olv-kathedraal\/beschrijving\/biechtstoelen\/\">Les confessionnaux<\/a><\/li>\n\t<li id=\"menu-item-59780\" class=\"menu-item menu-item-type-post_type menu-item-object-page menu-item-59780\"><a href=\"https:\/\/topa.be\/fr\/olv-kathedraal\/beschrijving\/armenzorg\/\">L\u2019assistance aux pauvres<\/a><\/li>\n\t<li id=\"menu-item-59784\" class=\"menu-item menu-item-type-post_type menu-item-object-page menu-item-59784\"><a href=\"https:\/\/topa.be\/fr\/olv-kathedraal\/beschrijving\/venerabelkapel\/\">La chapelle du Saint Sacrement<\/a><\/li>\n\t<li id=\"menu-item-59785\" class=\"menu-item menu-item-type-post_type menu-item-object-page menu-item-59785\"><a href=\"https:\/\/topa.be\/fr\/olv-kathedraal\/beschrijving\/mariakapel\/\">La chapelle Mariale<\/a><\/li>\n\t<li id=\"menu-item-59786\" class=\"menu-item menu-item-type-post_type menu-item-object-page menu-item-59786\"><a href=\"https:\/\/topa.be\/fr\/olv-kathedraal\/beschrijving\/ambachten-en-gilden\/\">Corporations et Guildes<\/a><\/li>\n\t<li id=\"menu-item-59787\" class=\"menu-item menu-item-type-post_type menu-item-object-page menu-item-59787\"><a href=\"https:\/\/topa.be\/fr\/olv-kathedraal\/beschrijving\/kooromgang\/\">Le d\u00e9ambulatoire<\/a><\/li>\n\t<li id=\"menu-item-59788\" class=\"menu-item menu-item-type-post_type menu-item-object-page menu-item-59788\"><a href=\"https:\/\/topa.be\/fr\/olv-kathedraal\/beschrijving\/grafmonumenten\/\">Les monuments fun\u00e9raires<\/a><\/li>\n\t<li id=\"menu-item-59789\" class=\"menu-item menu-item-type-post_type menu-item-object-page menu-item-59789\"><a href=\"https:\/\/topa.be\/fr\/olv-kathedraal\/beschrijving\/looft-de-heer\/\">Louez le Seigneur !<\/a><\/li>\n\t<li id=\"menu-item-59790\" class=\"menu-item menu-item-type-post_type menu-item-object-page menu-item-59790\"><a href=\"https:\/\/topa.be\/fr\/olv-kathedraal\/beschrijving\/orgels\/\">\u00c0 pleins registres : les orgues<\/a><\/li>\n\t<li id=\"menu-item-59791\" class=\"menu-item menu-item-type-post_type menu-item-object-page menu-item-59791\"><a href=\"https:\/\/topa.be\/fr\/olv-kathedraal\/beschrijving\/kruisdrager-fabre\/\">Le porteur de la Croix (J.Fabre)<\/a><\/li>\n\t<li id=\"menu-item-59792\" class=\"menu-item menu-item-type-post_type menu-item-object-page menu-item-59792\"><a href=\"https:\/\/topa.be\/fr\/olv-kathedraal\/beschrijving\/bibliografie\/\">Bibliographie<\/a><\/li>\n<\/ul>\n<\/li>\n<\/ul><\/nav>\t\t\t\t<\/div>\n\t\t\t\t<\/div>\n\t\t\t\t\t<\/div>\n\t\t<\/div>\n\t\t\t\t\t<\/div>\n\t\t<\/section>\n\t\t\t\t<\/div>\n\t\t","protected":false},"excerpt":{"rendered":"<p>La cath\u00e9drale Notre-Dame d\u2019Anvers, une r\u00e9v\u00e9lation. L\u2019homme qui porte la croix (Jan Fabre) Cath\u00e9drale d\u2019Anvers \u2013 l\u2019Homme qui porte la croix (Jan Fabre) (JV) Gr\u00e2ce \u00e0 un m\u00e9c\u00e8ne qui l\u2019a donn\u00e9e en pr\u00eat \u00e0 long terme, la cath\u00e9drale abrite depuis novembre 2015 une \u0153uvre d\u2019art contemporain.\u00a0L\u2019homme qui porte la croix\u00a0est une sculpture grandeur nature en [&hellip;]<\/p>\n","protected":false},"author":16,"featured_media":0,"parent":37337,"menu_order":280,"comment_status":"closed","ping_status":"closed","template":"","meta":{"footnotes":""},"class_list":["post-38137","page","type-page","status-publish","hentry"],"aioseo_notices":[],"_links":{"self":[{"href":"https:\/\/topa.be\/fr\/wp-json\/wp\/v2\/pages\/38137","targetHints":{"allow":["GET"]}}],"collection":[{"href":"https:\/\/topa.be\/fr\/wp-json\/wp\/v2\/pages"}],"about":[{"href":"https:\/\/topa.be\/fr\/wp-json\/wp\/v2\/types\/page"}],"author":[{"embeddable":true,"href":"https:\/\/topa.be\/fr\/wp-json\/wp\/v2\/users\/16"}],"replies":[{"embeddable":true,"href":"https:\/\/topa.be\/fr\/wp-json\/wp\/v2\/comments?post=38137"}],"version-history":[{"count":3,"href":"https:\/\/topa.be\/fr\/wp-json\/wp\/v2\/pages\/38137\/revisions"}],"predecessor-version":[{"id":52957,"href":"https:\/\/topa.be\/fr\/wp-json\/wp\/v2\/pages\/38137\/revisions\/52957"}],"up":[{"embeddable":true,"href":"https:\/\/topa.be\/fr\/wp-json\/wp\/v2\/pages\/37337"}],"wp:attachment":[{"href":"https:\/\/topa.be\/fr\/wp-json\/wp\/v2\/media?parent=38137"}],"curies":[{"name":"wp","href":"https:\/\/api.w.org\/{rel}","templated":true}]}}