{"id":38117,"date":"2021-05-28T13:51:52","date_gmt":"2021-05-28T11:51:52","guid":{"rendered":"http:\/\/topa.be\/sint-carolus-borromeus\/"},"modified":"2022-03-21T11:16:27","modified_gmt":"2022-03-21T10:16:27","slug":"sint-carolus-borromeus","status":"publish","type":"page","link":"https:\/\/topa.be\/fr\/sint-carolus-borromeus\/","title":{"rendered":"\u00c9glise Saint-Charles-Borrom\u00e9z"},"content":{"rendered":"\t\t<div data-elementor-type=\"wp-page\" data-elementor-id=\"38117\" class=\"elementor elementor-38117 elementor-11769\" data-elementor-post-type=\"page\">\n\t\t\t\t\t\t<section class=\"elementor-section elementor-top-section elementor-element elementor-element-5b5dbd0 elementor-section-boxed elementor-section-height-default elementor-section-height-default\" data-id=\"5b5dbd0\" data-element_type=\"section\" data-e-type=\"section\">\n\t\t\t\t\t\t<div class=\"elementor-container elementor-column-gap-default\">\n\t\t\t\t\t<div class=\"elementor-column elementor-col-100 elementor-top-column elementor-element elementor-element-98227d0\" data-id=\"98227d0\" data-element_type=\"column\" data-e-type=\"column\">\n\t\t\t<div class=\"elementor-widget-wrap elementor-element-populated\">\n\t\t\t\t\t\t<div class=\"elementor-element elementor-element-a9574cd elementor-widget elementor-widget-heading\" data-id=\"a9574cd\" data-element_type=\"widget\" data-e-type=\"widget\" data-widget_type=\"heading.default\">\n\t\t\t\t<div class=\"elementor-widget-container\">\n\t\t\t\t\t<h1 class=\"elementor-heading-title elementor-size-default\">\u00c9glise Saint-Charles-Borrom\u00e9e<\/h1>\t\t\t\t<\/div>\n\t\t\t\t<\/div>\n\t\t\t\t\t<\/div>\n\t\t<\/div>\n\t\t\t\t\t<\/div>\n\t\t<\/section>\n\t\t\t\t<section class=\"elementor-section elementor-top-section elementor-element elementor-element-821171e elementor-section-boxed elementor-section-height-default elementor-section-height-default\" data-id=\"821171e\" data-element_type=\"section\" data-e-type=\"section\">\n\t\t\t\t\t\t<div class=\"elementor-container elementor-column-gap-default\">\n\t\t\t\t\t<div class=\"elementor-column elementor-col-100 elementor-top-column elementor-element elementor-element-7ba06bc\" data-id=\"7ba06bc\" data-element_type=\"column\" data-e-type=\"column\">\n\t\t\t<div class=\"elementor-widget-wrap elementor-element-populated\">\n\t\t\t\t\t\t<section class=\"elementor-section elementor-inner-section elementor-element elementor-element-7afcd10 elementor-section-boxed elementor-section-height-default elementor-section-height-default\" data-id=\"7afcd10\" data-element_type=\"section\" data-e-type=\"section\">\n\t\t\t\t\t\t<div class=\"elementor-container elementor-column-gap-default\">\n\t\t\t\t\t<div class=\"elementor-column elementor-col-50 elementor-inner-column elementor-element elementor-element-6a80fad\" data-id=\"6a80fad\" data-element_type=\"column\" data-e-type=\"column\">\n\t\t\t<div class=\"elementor-widget-wrap elementor-element-populated\">\n\t\t\t\t\t\t<div class=\"elementor-element elementor-element-1d815a4 elementor-widget elementor-widget-image\" data-id=\"1d815a4\" data-element_type=\"widget\" data-e-type=\"widget\" data-widget_type=\"image.default\">\n\t\t\t\t<div class=\"elementor-widget-container\">\n\t\t\t\t\t\t\t\t\t\t\t\t\t\t\t<img fetchpriority=\"high\" decoding=\"async\" width=\"800\" height=\"452\" src=\"https:\/\/topa.be\/wp-content\/uploads\/Antwerpen-Carolus-Borromeuskerk-Buiten.jpg\" class=\"attachment-large size-large wp-image-13168\" alt=\"\" srcset=\"https:\/\/topa.be\/wp-content\/uploads\/Antwerpen-Carolus-Borromeuskerk-Buiten.jpg 1024w, https:\/\/topa.be\/wp-content\/uploads\/Antwerpen-Carolus-Borromeuskerk-Buiten-300x169.jpg 300w, https:\/\/topa.be\/wp-content\/uploads\/Antwerpen-Carolus-Borromeuskerk-Buiten-200x113.jpg 200w, https:\/\/topa.be\/wp-content\/uploads\/Antwerpen-Carolus-Borromeuskerk-Buiten-768x434.jpg 768w\" sizes=\"(max-width: 800px) 100vw, 800px\" \/>\t\t\t\t\t\t\t\t\t\t\t\t\t\t\t<\/div>\n\t\t\t\t<\/div>\n\t\t\t\t\t<\/div>\n\t\t<\/div>\n\t\t\t\t<div class=\"elementor-column elementor-col-50 elementor-inner-column elementor-element elementor-element-54c6368\" data-id=\"54c6368\" data-element_type=\"column\" data-e-type=\"column\">\n\t\t\t<div class=\"elementor-widget-wrap elementor-element-populated\">\n\t\t\t\t\t\t<div class=\"elementor-element elementor-element-28ffde0 elementor-widget elementor-widget-image\" data-id=\"28ffde0\" data-element_type=\"widget\" data-e-type=\"widget\" data-widget_type=\"image.default\">\n\t\t\t\t<div class=\"elementor-widget-container\">\n\t\t\t\t\t\t\t\t\t\t\t\t\t\t\t<img decoding=\"async\" width=\"800\" height=\"452\" src=\"https:\/\/topa.be\/wp-content\/uploads\/Antwerpen-Carolus-Borromeuskerk-Binnen.jpg\" class=\"attachment-large size-large wp-image-13144\" alt=\"\" srcset=\"https:\/\/topa.be\/wp-content\/uploads\/Antwerpen-Carolus-Borromeuskerk-Binnen.jpg 1021w, https:\/\/topa.be\/wp-content\/uploads\/Antwerpen-Carolus-Borromeuskerk-Binnen-300x170.jpg 300w, https:\/\/topa.be\/wp-content\/uploads\/Antwerpen-Carolus-Borromeuskerk-Binnen-200x113.jpg 200w, https:\/\/topa.be\/wp-content\/uploads\/Antwerpen-Carolus-Borromeuskerk-Binnen-768x434.jpg 768w\" sizes=\"(max-width: 800px) 100vw, 800px\" \/>\t\t\t\t\t\t\t\t\t\t\t\t\t\t\t<\/div>\n\t\t\t\t<\/div>\n\t\t\t\t\t<\/div>\n\t\t<\/div>\n\t\t\t\t\t<\/div>\n\t\t<\/section>\n\t\t\t\t\t<\/div>\n\t\t<\/div>\n\t\t\t\t\t<\/div>\n\t\t<\/section>\n\t\t\t\t<section class=\"elementor-section elementor-top-section elementor-element elementor-element-ac47f79 elementor-section-boxed elementor-section-height-default elementor-section-height-default\" data-id=\"ac47f79\" data-element_type=\"section\" data-e-type=\"section\">\n\t\t\t\t\t\t<div class=\"elementor-container elementor-column-gap-default\">\n\t\t\t\t\t<div class=\"elementor-column elementor-col-100 elementor-top-column elementor-element elementor-element-a9e53f1\" data-id=\"a9e53f1\" data-element_type=\"column\" data-e-type=\"column\">\n\t\t\t<div class=\"elementor-widget-wrap elementor-element-populated\">\n\t\t\t\t\t\t<div class=\"elementor-element elementor-element-0ec96ac elementor-widget elementor-widget-text-editor\" data-id=\"0ec96ac\" data-element_type=\"widget\" data-e-type=\"widget\" data-widget_type=\"text-editor.default\">\n\t\t\t\t<div class=\"elementor-widget-container\">\n\t\t\t\t\t\t\t\t\t<p style=\"text-align: justify;\"><strong>\u00ab Le ciel sur terre \u00bb, \u00ab la huiti\u00e8me merveille du monde \u00bb\u2026<\/strong><\/p>\n<p style=\"text-align: justify;\">Au 17e si\u00e8cle on \u00e9tait \u00e0 court de mots pour qualifier cette \u00e9glise que l\u2019on dirait pos\u00e9e sur une piazza Italienne. Elle fut construite de 1615 \u00e0 1621, au plus fort de la Contre-r\u00e9forme, par et pour les J\u00e9suites. Peter Paul Rubens, en sa qualit\u00e9 de peintre-d\u00e9corateur-architecte, a marqu\u00e9 de sa main : la tour, la fa\u00e7ade, le ma\u00eetre-autel, le plafond stuqu\u00e9 et la Chapelle d\u00e9di\u00e9e \u00e0 Marie (Chapelle de la famille Houtappel). C\u2019est, dans les Pays-Bas, l\u2019\u00e9glise baroque et l\u2019\u00e9glise Rubens par excellence. Ce malgr\u00e9 l\u2019incendie qui ravagea les 39 peintures couvrant les vo\u00fbtes.<\/p>\n<p style=\"text-align: justify;\">Derni\u00e8re surprise : l\u2019\u00e9glise abrite en plus un mus\u00e9e de la dentelle particuli\u00e8rement riche.<\/p>\n\t\t\t\t\t\t\t\t<\/div>\n\t\t\t\t<\/div>\n\t\t\t\t\t<\/div>\n\t\t<\/div>\n\t\t\t\t\t<\/div>\n\t\t<\/section>\n\t\t\t\t<section class=\"elementor-section elementor-top-section elementor-element elementor-element-b569c3d elementor-section-boxed elementor-section-height-default elementor-section-height-default\" data-id=\"b569c3d\" data-element_type=\"section\" data-e-type=\"section\">\n\t\t\t\t\t\t<div class=\"elementor-container elementor-column-gap-default\">\n\t\t\t\t\t<div class=\"elementor-column elementor-col-100 elementor-top-column elementor-element elementor-element-d0fd34d\" data-id=\"d0fd34d\" data-element_type=\"column\" data-e-type=\"column\">\n\t\t\t<div class=\"elementor-widget-wrap\">\n\t\t\t\t\t\t\t<\/div>\n\t\t<\/div>\n\t\t\t\t\t<\/div>\n\t\t<\/section>\n\t\t\t\t<section class=\"elementor-section elementor-top-section elementor-element elementor-element-452d6078 elementor-section-boxed elementor-section-height-default elementor-section-height-default\" data-id=\"452d6078\" data-element_type=\"section\" data-e-type=\"section\">\n\t\t\t\t\t\t<div class=\"elementor-container elementor-column-gap-default\">\n\t\t\t\t\t<div class=\"elementor-column elementor-col-100 elementor-top-column elementor-element elementor-element-3deb68ca\" data-id=\"3deb68ca\" data-element_type=\"column\" data-e-type=\"column\">\n\t\t\t<div class=\"elementor-widget-wrap elementor-element-populated\">\n\t\t\t\t\t\t<div class=\"elementor-element elementor-element-319be242 elementor-widget elementor-widget-text-editor\" data-id=\"319be242\" data-element_type=\"widget\" data-e-type=\"widget\" data-widget_type=\"text-editor.default\">\n\t\t\t\t<div class=\"elementor-widget-container\">\n\t\t\t\t\t\t\t\t\t<p style=\"text-align: justify;\">Sur <a href=\"https:\/\/goo.gl\/maps\/TUmUrk7TB8JAUy328\"><strong>CETTE CARTE<\/strong><\/a> vous pouvez d\u00e9terminer un itin\u00e9raire en fonction de votre moyen de transport.<br \/>\nEssayez aussi VELO-Antwerpen\u00a0:\u00a0<strong><a href=\"https:\/\/www.velo-antwerpen.be\/fr\">https:\/\/www.velo-antwerpen.be\/fr<\/a><\/strong><\/p>\n\t\t\t\t\t\t\t\t<\/div>\n\t\t\t\t<\/div>\n\t\t\t\t\t<\/div>\n\t\t<\/div>\n\t\t\t\t\t<\/div>\n\t\t<\/section>\n\t\t\t\t<section class=\"elementor-section elementor-top-section elementor-element elementor-element-b082a91 elementor-section-boxed elementor-section-height-default elementor-section-height-default\" data-id=\"b082a91\" data-element_type=\"section\" data-e-type=\"section\">\n\t\t\t\t\t\t<div class=\"elementor-container elementor-column-gap-default\">\n\t\t\t\t\t<div class=\"elementor-column elementor-col-100 elementor-top-column elementor-element elementor-element-98aeb3f\" data-id=\"98aeb3f\" data-element_type=\"column\" data-e-type=\"column\">\n\t\t\t<div class=\"elementor-widget-wrap elementor-element-populated\">\n\t\t\t\t\t\t<div class=\"elementor-element elementor-element-060a933 elementor-widget elementor-widget-text-editor\" data-id=\"060a933\" data-element_type=\"widget\" data-e-type=\"widget\" data-widget_type=\"text-editor.default\">\n\t\t\t\t<div class=\"elementor-widget-container\">\n\t\t\t\t\t\t\t\t\t<h4 class=\"widgettitle\">Pour d\u00e9couvrir plus :<\/h4>\n\t\t\t\t\t\t\t\t<\/div>\n\t\t\t\t<\/div>\n\t\t\t\t<div class=\"elementor-element elementor-element-af63fd0 elementor-nav-menu--dropdown-tablet elementor-nav-menu__text-align-aside elementor-nav-menu--toggle elementor-nav-menu--burger elementor-widget elementor-widget-nav-menu\" data-id=\"af63fd0\" data-element_type=\"widget\" data-e-type=\"widget\" data-settings=\"{&quot;layout&quot;:&quot;horizontal&quot;,&quot;submenu_icon&quot;:{&quot;value&quot;:&quot;&lt;i class=\\&quot;fas fa-caret-down\\&quot; aria-hidden=\\&quot;true\\&quot;&gt;&lt;\\\/i&gt;&quot;,&quot;library&quot;:&quot;fa-solid&quot;},&quot;toggle&quot;:&quot;burger&quot;}\" data-widget_type=\"nav-menu.default\">\n\t\t\t\t<div class=\"elementor-widget-container\">\n\t\t\t\t\t\t\t\t<nav aria-label=\"Menu\" class=\"elementor-nav-menu--main elementor-nav-menu__container elementor-nav-menu--layout-horizontal e--pointer-framed e--animation-fade\">\n\t\t\t\t<ul id=\"menu-1-af63fd0\" class=\"elementor-nav-menu\"><li class=\"menu-item menu-item-type-post_type menu-item-object-page menu-item-59984\"><a href=\"https:\/\/topa.be\/fr\/sint-carolus-borromeus\/praktisch\/\" class=\"elementor-item\">Informations pratiques<\/a><\/li>\n<li class=\"menu-item menu-item-type-post_type menu-item-object-page menu-item-59985\"><a href=\"https:\/\/topa.be\/fr\/sint-carolus-borromeus\/rondleidingen\/\" class=\"elementor-item\">Visites guid\u00e9es<\/a><\/li>\n<li class=\"menu-item menu-item-type-post_type menu-item-object-page menu-item-59986\"><a href=\"https:\/\/topa.be\/fr\/sint-carolus-borromeus\/kennismaking\/\" class=\"elementor-item\">l\u2019\u00e9glise en bref<\/a><\/li>\n<li class=\"menu-item menu-item-type-post_type menu-item-object-page menu-item-59987\"><a href=\"https:\/\/topa.be\/fr\/sint-carolus-borromeus\/interactief-grondplan\/\" class=\"elementor-item\">Plan interactif<\/a><\/li>\n<li class=\"menu-item menu-item-type-post_type menu-item-object-page menu-item-59988\"><a href=\"https:\/\/topa.be\/fr\/sint-carolus-borromeus\/beschrijving\/\" class=\"elementor-item\">Histoire &#038; Description<\/a><\/li>\n<li class=\"menu-item menu-item-type-post_type menu-item-object-page menu-item-59989\"><a href=\"https:\/\/topa.be\/fr\/sint-carolus-borromeus\/publicaties\/\" class=\"elementor-item\">Publications<\/a><\/li>\n<\/ul>\t\t\t<\/nav>\n\t\t\t\t\t<div class=\"elementor-menu-toggle\" role=\"button\" tabindex=\"0\" aria-label=\"Permuter le menu\" aria-expanded=\"false\">\n\t\t\t<i aria-hidden=\"true\" role=\"presentation\" class=\"elementor-menu-toggle__icon--open eicon-menu-bar\"><\/i><i aria-hidden=\"true\" role=\"presentation\" class=\"elementor-menu-toggle__icon--close eicon-close\"><\/i>\t\t<\/div>\n\t\t\t\t\t<nav class=\"elementor-nav-menu--dropdown elementor-nav-menu__container\" aria-hidden=\"true\">\n\t\t\t\t<ul id=\"menu-2-af63fd0\" class=\"elementor-nav-menu\"><li class=\"menu-item menu-item-type-post_type menu-item-object-page menu-item-59984\"><a href=\"https:\/\/topa.be\/fr\/sint-carolus-borromeus\/praktisch\/\" class=\"elementor-item\" tabindex=\"-1\">Informations pratiques<\/a><\/li>\n<li class=\"menu-item menu-item-type-post_type menu-item-object-page menu-item-59985\"><a href=\"https:\/\/topa.be\/fr\/sint-carolus-borromeus\/rondleidingen\/\" class=\"elementor-item\" tabindex=\"-1\">Visites guid\u00e9es<\/a><\/li>\n<li class=\"menu-item menu-item-type-post_type menu-item-object-page menu-item-59986\"><a href=\"https:\/\/topa.be\/fr\/sint-carolus-borromeus\/kennismaking\/\" class=\"elementor-item\" tabindex=\"-1\">l\u2019\u00e9glise en bref<\/a><\/li>\n<li class=\"menu-item menu-item-type-post_type menu-item-object-page menu-item-59987\"><a href=\"https:\/\/topa.be\/fr\/sint-carolus-borromeus\/interactief-grondplan\/\" class=\"elementor-item\" tabindex=\"-1\">Plan interactif<\/a><\/li>\n<li class=\"menu-item menu-item-type-post_type menu-item-object-page menu-item-59988\"><a href=\"https:\/\/topa.be\/fr\/sint-carolus-borromeus\/beschrijving\/\" class=\"elementor-item\" tabindex=\"-1\">Histoire &#038; Description<\/a><\/li>\n<li class=\"menu-item menu-item-type-post_type menu-item-object-page menu-item-59989\"><a href=\"https:\/\/topa.be\/fr\/sint-carolus-borromeus\/publicaties\/\" class=\"elementor-item\" tabindex=\"-1\">Publications<\/a><\/li>\n<\/ul>\t\t\t<\/nav>\n\t\t\t\t\t\t<\/div>\n\t\t\t\t<\/div>\n\t\t\t\t\t<\/div>\n\t\t<\/div>\n\t\t\t\t\t<\/div>\n\t\t<\/section>\n\t\t\t\t<\/div>\n\t\t","protected":false},"excerpt":{"rendered":"<p>\u00c9glise Saint-Charles-Borrom\u00e9e \u00ab Le ciel sur terre \u00bb, \u00ab la huiti\u00e8me merveille du monde \u00bb\u2026 Au 17e si\u00e8cle on \u00e9tait \u00e0 court de mots pour qualifier cette \u00e9glise que l\u2019on dirait pos\u00e9e sur une piazza Italienne. Elle fut construite de 1615 \u00e0 1621, au plus fort de la Contre-r\u00e9forme, par et pour les J\u00e9suites. Peter [&hellip;]<\/p>\n","protected":false},"author":16,"featured_media":0,"parent":0,"menu_order":120,"comment_status":"closed","ping_status":"closed","template":"","meta":{"footnotes":""},"class_list":["post-38117","page","type-page","status-publish","hentry"],"aioseo_notices":[],"_links":{"self":[{"href":"https:\/\/topa.be\/fr\/wp-json\/wp\/v2\/pages\/38117","targetHints":{"allow":["GET"]}}],"collection":[{"href":"https:\/\/topa.be\/fr\/wp-json\/wp\/v2\/pages"}],"about":[{"href":"https:\/\/topa.be\/fr\/wp-json\/wp\/v2\/types\/page"}],"author":[{"embeddable":true,"href":"https:\/\/topa.be\/fr\/wp-json\/wp\/v2\/users\/16"}],"replies":[{"embeddable":true,"href":"https:\/\/topa.be\/fr\/wp-json\/wp\/v2\/comments?post=38117"}],"version-history":[{"count":3,"href":"https:\/\/topa.be\/fr\/wp-json\/wp\/v2\/pages\/38117\/revisions"}],"predecessor-version":[{"id":64178,"href":"https:\/\/topa.be\/fr\/wp-json\/wp\/v2\/pages\/38117\/revisions\/64178"}],"wp:attachment":[{"href":"https:\/\/topa.be\/fr\/wp-json\/wp\/v2\/media?parent=38117"}],"curies":[{"name":"wp","href":"https:\/\/api.w.org\/{rel}","templated":true}]}}